{"id":216,"date":"2012-02-22T20:24:14","date_gmt":"2012-02-23T01:24:14","guid":{"rendered":"http:\/\/moniquesenechal.wordpress.com\/?page_id=99"},"modified":"2025-10-22T15:55:46","modified_gmt":"2025-10-22T19:55:46","slug":"parents-et-educatrices","status":"publish","type":"page","link":"https:\/\/carleton.ca\/cllr\/franc\/parents-et-educatrices\/","title":{"rendered":"Parents et \u00e9ducatrices"},"content":{"rendered":"\n<section class=\"w-screen px-6 cu-section cu-section--white ml-offset-center md:px-8 lg:px-14\">\n    <div class=\"space-y-6 cu-max-w-child-5xl  md:space-y-10 cu-prose-first-last\">\n\n            <div class=\"cu-textmedia flex flex-col lg:flex-row mx-auto gap-6 md:gap-10 my-6 md:my-12 first:mt-0 max-w-5xl\">\n        <div class=\"justify-start cu-textmedia-content cu-prose-first-last\" style=\"flex: 0 0 100%;\">\n            <header class=\"font-light prose-xl cu-pageheader md:prose-2xl cu-component-updated cu-prose-first-last\">\n                                    <h1 class=\"cu-prose-first-last font-semibold !mt-2 mb-4 md:mb-6 relative after:absolute after:h-px after:bottom-0 after:bg-cu-red after:left-px text-3xl md:text-4xl lg:text-5xl lg:leading-[3.5rem] pb-5 after:w-10 text-cu-black-700 not-prose\">\n                        Parents et \u00e9ducatrices\n                    <\/h1>\n                \n                                \n                            <\/header>\n\n                    <\/div>\n\n            <\/div>\n\n    <\/div>\n<\/section>\n\n<p>Vous trouverez ci-dessous les rapports de recherche pour certaines de nos \u00e9tudes sur le fran\u00e7ais.<\/p>\n\n\n\n<p><a href=\"http:\/\/carleton.ca\/cllr\/franc\/parents-et-educatrices\/apprentissage-vocabulaire\/\">Apprentissage du vocabulaire<\/a><\/p>\n\n\n\n<p><a href=\"http:\/\/carleton.ca\/cllr\/franc\/parents-et-educatrices\/orthographe-et-strategies-morphologiques\/\" target=\"_blank\">Orthographe et strat\u00e9gies morphologiques<\/a><\/p>\n\n\n\n<p><a href=\"http:\/\/carleton.ca\/cllr\/franc\/parents-et-educatrices\/lettres-muettes-et-familles-de-mots\/\">Lettres muettes et familles de mots<\/a><\/p>\n\n\n\n<p><a href=\"http:\/\/carleton.ca\/cllr\/franc\/parents-et-educatrices\/apprentissage-de-la-lecture-maternelle-et-1e-annee\/\">Apprentissage de la lecture &#8211; Maternelle et 1e ann\u00e9e<\/a><\/p>\n\n\n\n<p class=\"banner__heading banner__heading--long\"><a href=\"http:\/\/carleton.ca\/cllr\/franc\/parents-et-educatrices\/lapprentissage-de-la-lecture-en-anglais-et-en-francais\/\">L\u2019apprentissage de la lecture en anglais et en fran\u00e7ais<\/a><\/p>\n\n\n\n<p>&nbsp;<\/p>\n","protected":false},"excerpt":{"rendered":"<p>Vous trouverez ci-dessous les rapports de recherche pour certaines de nos \u00e9tudes sur le fran\u00e7ais. Apprentissage du vocabulaire Orthographe et strat\u00e9gies morphologiques Lettres muettes et familles de mots Apprentissage de la lecture &#8211; Maternelle et 1e ann\u00e9e L\u2019apprentissage de la lecture en anglais et en fran\u00e7ais &nbsp;<\/p>\n","protected":false},"author":2,"featured_media":0,"parent":218,"menu_order":4,"comment_status":"closed","ping_status":"closed","template":"","meta":{"_acf_changed":false,"_cu_dining_location_slug":"","footnotes":"","_links_to":"","_links_to_target":""},"cu_page_type":[],"class_list":["post-216","page","type-page","status-publish","hentry"],"acf":{"cu_post_thumbnail":false},"_links":{"self":[{"href":"https:\/\/carleton.ca\/cllr\/wp-json\/wp\/v2\/pages\/216","targetHints":{"allow":["GET"]}}],"collection":[{"href":"https:\/\/carleton.ca\/cllr\/wp-json\/wp\/v2\/pages"}],"about":[{"href":"https:\/\/carleton.ca\/cllr\/wp-json\/wp\/v2\/types\/page"}],"author":[{"embeddable":true,"href":"https:\/\/carleton.ca\/cllr\/wp-json\/wp\/v2\/users\/2"}],"replies":[{"embeddable":true,"href":"https:\/\/carleton.ca\/cllr\/wp-json\/wp\/v2\/comments?post=216"}],"version-history":[{"count":3,"href":"https:\/\/carleton.ca\/cllr\/wp-json\/wp\/v2\/pages\/216\/revisions"}],"predecessor-version":[{"id":304,"href":"https:\/\/carleton.ca\/cllr\/wp-json\/wp\/v2\/pages\/216\/revisions\/304"}],"up":[{"embeddable":true,"href":"https:\/\/carleton.ca\/cllr\/wp-json\/wp\/v2\/pages\/218"}],"wp:attachment":[{"href":"https:\/\/carleton.ca\/cllr\/wp-json\/wp\/v2\/media?parent=216"}],"wp:term":[{"taxonomy":"cu_page_type","embeddable":true,"href":"https:\/\/carleton.ca\/cllr\/wp-json\/wp\/v2\/cu_page_type?post=216"}],"curies":[{"name":"wp","href":"https:\/\/api.w.org\/{rel}","templated":true}]}}