{"id":54,"date":"2011-08-10T11:50:34","date_gmt":"2011-08-10T15:50:34","guid":{"rendered":"http:\/\/moniquesenechal.wordpress.com\/?page_id=54"},"modified":"2025-10-22T16:09:32","modified_gmt":"2025-10-22T20:09:32","slug":"home-2-2","status":"publish","type":"page","link":"https:\/\/carleton.ca\/cllr\/franc\/home-2-2\/","title":{"rendered":"S\u00e9n\u00e9chal"},"content":{"rendered":"\n<section class=\"w-screen px-6 cu-section cu-section--white ml-offset-center md:px-8 lg:px-14\">\n    <div class=\"space-y-6 cu-max-w-child-5xl  md:space-y-10 cu-prose-first-last\">\n\n            <div class=\"cu-textmedia flex flex-col lg:flex-row mx-auto gap-6 md:gap-10 my-6 md:my-12 first:mt-0 max-w-5xl\">\n        <div class=\"justify-start cu-textmedia-content cu-prose-first-last\" style=\"flex: 0 0 100%;\">\n            <header class=\"font-light prose-xl cu-pageheader md:prose-2xl cu-component-updated cu-prose-first-last\">\n                                    <h1 class=\"cu-prose-first-last font-semibold !mt-2 mb-4 md:mb-6 relative after:absolute after:h-px after:bottom-0 after:bg-cu-red after:left-px text-3xl md:text-4xl lg:text-5xl lg:leading-[3.5rem] pb-5 after:w-10 text-cu-black-700 not-prose\">\n                        S\u00e9n\u00e9chal\n                    <\/h1>\n                \n                                \n                            <\/header>\n\n                    <\/div>\n\n            <\/div>\n\n    <\/div>\n<\/section>\n\n\n\n<p><\/p>\n\n\n\n<p><span style=\"color: #000000;\">Monique S\u00e9n\u00e9chal, Ph.D. Professeure titulaire<\/span><\/p>\n\n\n\n<p><span style=\"color: #000000;\">En tant que chercheur en psychologie du d\u00e9veloppement, je vise \u00e0 mieux comprendre comment les enfants apprennent \u00e0 partir d&#8217;\u00e9v\u00e9nements dans leur quotidien. De plus, je cherche \u00e0 mieux comprendre les processus de base qui sous-tendent l&#8217;apprentissage de la lecture et de l&#8217;\u00e9criture.&nbsp;<\/span><\/p>\n\n\n\n<p>&nbsp;<\/p>\n","protected":false},"excerpt":{"rendered":"<p>Monique S\u00e9n\u00e9chal, Ph.D. Professeure titulaire En tant que chercheur en psychologie du d\u00e9veloppement, je vise \u00e0 mieux comprendre comment les enfants apprennent \u00e0 partir d&#8217;\u00e9v\u00e9nements dans leur quotidien. De plus, je cherche \u00e0 mieux comprendre les processus de base qui sous-tendent l&#8217;apprentissage de la lecture et de l&#8217;\u00e9criture.&nbsp; &nbsp;<\/p>\n","protected":false},"author":2,"featured_media":0,"parent":218,"menu_order":2,"comment_status":"closed","ping_status":"closed","template":"","meta":{"_acf_changed":false,"_cu_dining_location_slug":"","footnotes":"","_links_to":"","_links_to_target":""},"cu_page_type":[],"class_list":["post-54","page","type-page","status-publish","hentry"],"acf":{"cu_post_thumbnail":""},"_links":{"self":[{"href":"https:\/\/carleton.ca\/cllr\/wp-json\/wp\/v2\/pages\/54","targetHints":{"allow":["GET"]}}],"collection":[{"href":"https:\/\/carleton.ca\/cllr\/wp-json\/wp\/v2\/pages"}],"about":[{"href":"https:\/\/carleton.ca\/cllr\/wp-json\/wp\/v2\/types\/page"}],"author":[{"embeddable":true,"href":"https:\/\/carleton.ca\/cllr\/wp-json\/wp\/v2\/users\/2"}],"replies":[{"embeddable":true,"href":"https:\/\/carleton.ca\/cllr\/wp-json\/wp\/v2\/comments?post=54"}],"version-history":[{"count":1,"href":"https:\/\/carleton.ca\/cllr\/wp-json\/wp\/v2\/pages\/54\/revisions"}],"predecessor-version":[{"id":222,"href":"https:\/\/carleton.ca\/cllr\/wp-json\/wp\/v2\/pages\/54\/revisions\/222"}],"up":[{"embeddable":true,"href":"https:\/\/carleton.ca\/cllr\/wp-json\/wp\/v2\/pages\/218"}],"wp:attachment":[{"href":"https:\/\/carleton.ca\/cllr\/wp-json\/wp\/v2\/media?parent=54"}],"wp:term":[{"taxonomy":"cu_page_type","embeddable":true,"href":"https:\/\/carleton.ca\/cllr\/wp-json\/wp\/v2\/cu_page_type?post=54"}],"curies":[{"name":"wp","href":"https:\/\/api.w.org\/{rel}","templated":true}]}}