{"id":85,"date":"2012-02-22T19:01:11","date_gmt":"2012-02-23T00:01:11","guid":{"rendered":"http:\/\/moniquesenechal.wordpress.com\/?page_id=85"},"modified":"2025-10-22T15:55:46","modified_gmt":"2025-10-22T19:55:46","slug":"themes-de-recherche","status":"publish","type":"page","link":"https:\/\/carleton.ca\/cllr\/franc\/themes-de-recherche\/","title":{"rendered":"Th\u00e8mes de recherche"},"content":{"rendered":"\n<section class=\"w-screen px-6 cu-section cu-section--white ml-offset-center md:px-8 lg:px-14\">\n    <div class=\"space-y-6 cu-max-w-child-5xl  md:space-y-10 cu-prose-first-last\">\n\n            <div class=\"cu-textmedia flex flex-col lg:flex-row mx-auto gap-6 md:gap-10 my-6 md:my-12 first:mt-0 max-w-5xl\">\n        <div class=\"justify-start cu-textmedia-content cu-prose-first-last\" style=\"flex: 0 0 100%;\">\n            <header class=\"font-light prose-xl cu-pageheader md:prose-2xl cu-component-updated cu-prose-first-last\">\n                                    <h1 class=\"cu-prose-first-last font-semibold !mt-2 mb-4 md:mb-6 relative after:absolute after:h-px after:bottom-0 after:bg-cu-red after:left-px text-3xl md:text-4xl lg:text-5xl lg:leading-[3.5rem] pb-5 after:w-10 text-cu-black-700 not-prose\">\n                        Th\u00e8mes de recherche\n                    <\/h1>\n                \n                                \n                            <\/header>\n\n                    <\/div>\n\n            <\/div>\n\n    <\/div>\n<\/section>\n\n<p><strong>Apprentissage de la lecture et de l&#8217;\u00e9criture en fran\u00e7ais et d&#8217;autres langues<\/strong><\/p>\n\n\n\n<p>La plupart de ce que nous savons \u00e0 propos de l&#8217;apprentissage de la lecture provient d&#8217;\u00e9tudes men\u00e9s aupr\u00e8s d&#8217;enfants anglophones. Nous connaissons beaucoup moins bien l&#8217;apprentissage dans d&#8217;autres langues. Il est bien possible que les m\u00e9canismes et processus sous-jacents soient les m\u00eames pour toutes les langues. Par contre, il est possible que les particularit\u00e9s d&#8217;une langue influencent l&#8217;apprentissage. Dans mon labo, nous tentons de cerner comment les caract\u00e9ristiques d&#8217;une langue (parl\u00e9e et \u00e9crite) peuvent modifier l&#8217;apprentissage. Nous le faisons avec le fran\u00e7ais et d&#8217;autres langues comme le perse. Dans certaines \u00e9tudes les enfants parlent une langue seulement tandis que dans d&#8217;autres, ils sont bilingues.<\/p>\n\n\n\n<p>S\u00e9n\u00e9chal, M., Basque, M. T., &amp; Leclaire, T. (2006). Morphological knowledge as revealed in children\u2019s spelling accuracy and reports of spelling strategies. <em>Journal of Experimental Child Psychology, 95<\/em>, 231-254. DOI: 10.1016\/j.jecp.2006.05.003<\/p>\n\n\n\n<p>S\u00e9n\u00e9chal, M. (2000). Morphological effects in children\u2019s spelling of French words. <em>Canadian Journal of Experimental Psychology, 54,<\/em> 76-86<\/p>\n\n\n\n<p>Rahbari, N., &amp;&nbsp; S\u00e9n\u00e9chal, M. (2010). Learning to read and spell in Persian: A cross-sectional study from grades 1 to 4. <em>Developmental Psychology,<\/em> <em>46,<\/em> 1514-1527. DOI: 10.1037\/a0020377<\/p>\n\n\n\n<p><strong>Diff\u00e9rences individuelles des processus phonologiques et rep\u00e9sentations orthographiques<br>\n<\/strong><\/p>\n\n\n\n<p>La capacit\u00e9 qu&#8217;ont les jeunes enfants de manipuler les sons \u00e0 l&#8217;int\u00e9rieur des mots (analyse phon\u00e9mique) est l&#8217;un des meilleurs pr\u00e9dicteurs de leur succ\u00e8s \u00e9ventuel en lecture. Dans mon labo, nous essayons de comprendre comment se d\u00e9veloppent les diff\u00e9rences individuelles dans l&#8217;analyse phon\u00e9mique.<\/p>\n\n\n\n<p>Ouellette, G., &amp; S\u00e9n\u00e9chal, M. (2008). Pathways to Literacy: A Study of Invented Spelling and Its Role in Learning to Read. <em>Child Development<\/em>, <em>79<\/em>, 899-913. doi: 10.1111\/j.1467-8624.2008.01166.x<span style=\"color:blue;\"><span style=\"color:blue;\"><span style=\"color:#000000;\"><span style=\"color:blue;\"><span style=\"color:#000000;\"><br>\n<\/span><\/span><\/span><\/span><\/span><\/p>\n\n\n\n<p>S\u00e9n\u00e9chal, M., Ouellette, G., &amp; Young, L. (2004). Testing the concurrent and longitudinal relations among articulation accuracy, speech perception, and phoneme awareness. <em>Journal of Experimental Child Psychology, 89<\/em>, 242-269.<\/p>\n\n\n\n<p>Thomas, E. M., &amp; S\u00e9n\u00e9chal, M. (2004). Long-term effects of articulation on speech perception, phoneme sensitivity, and decoding: A Study from age 3 to age 8. <em>Applied Psycholinguistics<\/em>, 25, 513-541.<\/p>\n\n\n\n<p><strong>Le r\u00f4le de la lecture de livres dans l&#8217;apprentissage de la lecture et du langage<\/strong><\/p>\n\n\n\n<p>Nous avons mesur\u00e9 comment certaines exp\u00e9riences \u00e0 la maison facilitent l&#8217;acquisition du vocabulaire et l\u2019apprentissage de la lecture \u00e0 l&#8217;\u00e9cole. Les donn\u00e9es de trois \u00e9tudes longitudinales ont permis de d\u00e9velopper un mod\u00e8le th\u00e9orique.<\/p>\n\n\n\n<p>S\u00e9n\u00e9chal, M. (2006). Testing the home literacy model: Parent involvement in kindergarten is differentially related to grade 4 reading comprehension, fluency, spelling, and reading for pleasure. <em>Journal for the Scientific Study of Reading, 10<\/em>, 59-87. DOI: 10.1207\/s1532799xssr1001_4<\/p>\n\n\n\n<p>S\u00e9n\u00e9chal, M., &amp; LeFevre, J. (2002).&nbsp; Parental involvement in the development of children&#8217;s reading skill: A 5-year longitudinal study.&nbsp; <em>Child Development<\/em>, <em>73<\/em>, 445-460.<\/p>\n\n\n\n<p>S\u00e9n\u00e9chal, M. (2000). Examen du lien entre la lecture de livres et le d\u00e9veloppement du vocabulaire chez l\u2019enfant pr\u00e9scolaire. <em>Enfance, 52,<\/em> 169-186.<\/p>\n\n\n\n<p><strong>&nbsp;Acquisition du vocabulaire et des habilet\u00e9s narratives<br>\n<\/strong><\/p>\n\n\n\n<p>Dans mon labo, nous cherchons \u00e0 comprendre comment de jeunes enfants apprennent un nouveau vocabulaire lorsqu&#8217;on leur lit des livres pour enfants. Nous avons observ\u00e9 comment les parents modifient leur langage en fonction des capacit\u00e9s linguistiques de leur jeune enfant (\u00e2g\u00e9 entre 9 et 18 mois). Nous avons \u00e9labor\u00e9 de nouveaux outils permettant de mesurer l&#8217;influence de la lecture \u00e0 la maison sur le d\u00e9veloppement langagier des enfants. Nous avons aussi v\u00e9rifi\u00e9 comment diff\u00e9rents styles de lectures menaient \u00e0 de plus ou moins grands apprentissages. Enfin, nous menons des \u00e9tudes dans les garderies afin de d\u00e9terminer comment am\u00e9liorer le vocabulaire d&#8217;enfants ayant des retards langagiers.<\/p>\n\n\n\n<p>Lever, R., &amp; S\u00e9n\u00e9chal, M. (2011). Discussing stories: How a dialogic reading intervention improves kindergarteners\u2019 oral narrative construction. <em>Journal of Experimental Child Psychology, 108<\/em>, 1-24. doi: 10.1016\/j.jecp.2010.07.002<\/p>\n\n\n\n<p>Hargrave, A. C. &amp; S\u00e9n\u00e9chal, M. (2000). Book reading interventions with language-delayed preschool children: The benefits of regular reading and dialogic reading. <em>Early Childhood Research Quarterly, 15, <\/em>75-90<em>.<\/em><\/p>\n","protected":false},"excerpt":{"rendered":"<p>Apprentissage de la lecture et de l&#8217;\u00e9criture en fran\u00e7ais et d&#8217;autres langues La plupart de ce que nous savons \u00e0 propos de l&#8217;apprentissage de la lecture provient d&#8217;\u00e9tudes men\u00e9s aupr\u00e8s d&#8217;enfants anglophones. Nous connaissons beaucoup moins bien l&#8217;apprentissage dans d&#8217;autres langues. Il est bien possible que les m\u00e9canismes et processus sous-jacents soient les m\u00eames pour [&hellip;]<\/p>\n","protected":false},"author":2,"featured_media":0,"parent":218,"menu_order":3,"comment_status":"closed","ping_status":"closed","template":"","meta":{"_acf_changed":false,"_cu_dining_location_slug":"","footnotes":"","_links_to":"","_links_to_target":""},"cu_page_type":[],"class_list":["post-85","page","type-page","status-publish","hentry"],"acf":{"cu_post_thumbnail":false},"_links":{"self":[{"href":"https:\/\/carleton.ca\/cllr\/wp-json\/wp\/v2\/pages\/85","targetHints":{"allow":["GET"]}}],"collection":[{"href":"https:\/\/carleton.ca\/cllr\/wp-json\/wp\/v2\/pages"}],"about":[{"href":"https:\/\/carleton.ca\/cllr\/wp-json\/wp\/v2\/types\/page"}],"author":[{"embeddable":true,"href":"https:\/\/carleton.ca\/cllr\/wp-json\/wp\/v2\/users\/2"}],"replies":[{"embeddable":true,"href":"https:\/\/carleton.ca\/cllr\/wp-json\/wp\/v2\/comments?post=85"}],"version-history":[{"count":1,"href":"https:\/\/carleton.ca\/cllr\/wp-json\/wp\/v2\/pages\/85\/revisions"}],"predecessor-version":[{"id":224,"href":"https:\/\/carleton.ca\/cllr\/wp-json\/wp\/v2\/pages\/85\/revisions\/224"}],"up":[{"embeddable":true,"href":"https:\/\/carleton.ca\/cllr\/wp-json\/wp\/v2\/pages\/218"}],"wp:attachment":[{"href":"https:\/\/carleton.ca\/cllr\/wp-json\/wp\/v2\/media?parent=85"}],"wp:term":[{"taxonomy":"cu_page_type","embeddable":true,"href":"https:\/\/carleton.ca\/cllr\/wp-json\/wp\/v2\/cu_page_type?post=85"}],"curies":[{"name":"wp","href":"https:\/\/api.w.org\/{rel}","templated":true}]}}