{"id":7309,"date":"2018-05-04T12:36:59","date_gmt":"2018-05-04T16:36:59","guid":{"rendered":"https:\/\/carleton.ca\/communityfirst\/?page_id=7309"},"modified":"2018-06-15T12:15:14","modified_gmt":"2018-06-15T16:15:14","slug":"key-ccec-resources","status":"publish","type":"page","link":"https:\/\/carleton.ca\/communityfirst\/cross-sector-work\/aligning-institutions\/key-ccec-resources\/","title":{"rendered":"Key CCEC Resources"},"content":{"rendered":"<p>Below are a few resources for learning more about the Community First: Impacts of Community Engagement (CFICE) project, the Community-Campus Engage Canada (CCEC) working group, and more.<\/p>\n<h2><a id=\"CFICEInfographic\"><\/a>CFICE Infographic: Learn more about the CFICE project!<\/h2>\n<p><a href=\"https:\/\/carleton.ca\/communityfirst\/wp-content\/uploads\/CFICE-INFOGRAPHIC-FINAL-JAN2018.pdf\" target=\"_blank\" rel=\"noopener\"><img decoding=\"async\" loading=\"lazy\" class=\"size-large wp-image-7310 aligncenter\" src=\"https:\/\/carleton.ca\/communityfirst\/wp-content\/uploads\/CFICE-INFOGRAPHIC-FINAL-JAN2018-400x1000.jpg\" alt=\"Image of a CFICE infographic outlining the basics of the CFICE project\" width=\"400\" height=\"1000\" srcset=\"https:\/\/carleton.ca\/communityfirst\/wp-content\/uploads\/CFICE-INFOGRAPHIC-FINAL-JAN2018-400x1000.jpg 400w, https:\/\/carleton.ca\/communityfirst\/wp-content\/uploads\/CFICE-INFOGRAPHIC-FINAL-JAN2018-160x400.jpg 160w, https:\/\/carleton.ca\/communityfirst\/wp-content\/uploads\/CFICE-INFOGRAPHIC-FINAL-JAN2018-240x600.jpg 240w, https:\/\/carleton.ca\/communityfirst\/wp-content\/uploads\/CFICE-INFOGRAPHIC-FINAL-JAN2018-768x1920.jpg 768w, https:\/\/carleton.ca\/communityfirst\/wp-content\/uploads\/CFICE-INFOGRAPHIC-FINAL-JAN2018-360x900.jpg 360w, https:\/\/carleton.ca\/communityfirst\/wp-content\/uploads\/CFICE-INFOGRAPHIC-FINAL-JAN2018.jpg 800w\" sizes=\"(max-width: 400px) 100vw, 400px\" \/><\/a><\/p>\n<h2><a id=\"CFforCCE\"><\/a>Report: Ensuring Community Comes First: Actions for CCE Practitioners<\/h2>\n<p><a href=\"https:\/\/carleton.ca\/communityfirst\/tools-and-resources\/ensuring-community-comes-first-actions-cce-practitioners\/\" target=\"_blank\" rel=\"noopener\"><img decoding=\"async\" loading=\"lazy\" class=\"aligncenter size-large wp-image-6790\" src=\"https:\/\/carleton.ca\/communityfirst\/wp-content\/uploads\/CF-REPORT-e1518391433998-400x482.png\" alt=\"First page of CCE Actions report.\" width=\"400\" height=\"482\" srcset=\"https:\/\/carleton.ca\/communityfirst\/wp-content\/uploads\/CF-REPORT-e1518391433998-400x482.png 400w, https:\/\/carleton.ca\/communityfirst\/wp-content\/uploads\/CF-REPORT-e1518391433998-160x193.png 160w, https:\/\/carleton.ca\/communityfirst\/wp-content\/uploads\/CF-REPORT-e1518391433998-240x289.png 240w, https:\/\/carleton.ca\/communityfirst\/wp-content\/uploads\/CF-REPORT-e1518391433998-360x434.png 360w, https:\/\/carleton.ca\/communityfirst\/wp-content\/uploads\/CF-REPORT-e1518391433998.png 616w\" sizes=\"(max-width: 400px) 100vw, 400px\" \/><\/a><\/p>\n<h2><a id=\"CCECBackgrounder\"><\/a>Backgrounder: CFICE, CCEC, and Roundtables &#8211; with Updates as of June 15, 2018!<\/h2>\n<p><a href=\"https:\/\/carleton.ca\/communityfirst\/wp-content\/uploads\/CCEC-Backgrounder-and-Update-June-15-2018.pdf\" target=\"_blank\" rel=\"noopener\"><img decoding=\"async\" loading=\"lazy\" class=\"aligncenter size-large wp-image-7323\" src=\"https:\/\/carleton.ca\/communityfirst\/wp-content\/uploads\/CCEC-Backgrounder-400x516.png\" alt=\"Screen grab of the CFICE\/CCEC backgrounder front page.\" width=\"400\" height=\"516\" srcset=\"https:\/\/carleton.ca\/communityfirst\/wp-content\/uploads\/CCEC-Backgrounder-400x516.png 400w, https:\/\/carleton.ca\/communityfirst\/wp-content\/uploads\/CCEC-Backgrounder-160x207.png 160w, https:\/\/carleton.ca\/communityfirst\/wp-content\/uploads\/CCEC-Backgrounder-240x310.png 240w, https:\/\/carleton.ca\/communityfirst\/wp-content\/uploads\/CCEC-Backgrounder-360x465.png 360w, https:\/\/carleton.ca\/communityfirst\/wp-content\/uploads\/CCEC-Backgrounder.png 701w\" sizes=\"(max-width: 400px) 100vw, 400px\" \/><\/a><\/p>\n<h2><a id=\"AICINews\"><\/a>Newsletter: Action Planning for Canada&#8217;s National CCE Movement<\/h2>\n<p><a href=\"https:\/\/carleton.ca\/communityfirst\/wp-content\/uploads\/CFICE-Paper-NewsletterMAY2017_11x17LAYOUT_FINAL.pdf\" target=\"_blank\" rel=\"noopener\"><img decoding=\"async\" loading=\"lazy\" class=\"aligncenter size-large wp-image-7313\" src=\"https:\/\/carleton.ca\/communityfirst\/wp-content\/uploads\/Newsletter-Photo-400x524.png\" alt=\"Image of the front cover of the CFICE Connections paper newsletter.\" width=\"400\" height=\"524\" srcset=\"https:\/\/carleton.ca\/communityfirst\/wp-content\/uploads\/Newsletter-Photo-400x524.png 400w, https:\/\/carleton.ca\/communityfirst\/wp-content\/uploads\/Newsletter-Photo-160x210.png 160w, https:\/\/carleton.ca\/communityfirst\/wp-content\/uploads\/Newsletter-Photo-240x314.png 240w, https:\/\/carleton.ca\/communityfirst\/wp-content\/uploads\/Newsletter-Photo-360x471.png 360w, https:\/\/carleton.ca\/communityfirst\/wp-content\/uploads\/Newsletter-Photo.png 433w\" sizes=\"(max-width: 400px) 100vw, 400px\" \/><\/a><\/p>\n<h2><a id=\"CCECNews\"><\/a>Newsletter: Growing Community-Campus Engage Canada<\/h2>\n<p><a href=\"https:\/\/carleton.ca\/communityfirst\/wp-content\/uploads\/CFICE-Paper-NewsletterMAY2018_11x17LAYOUT_FINAL.pdf\" target=\"_blank\" rel=\"noopener\"><img decoding=\"async\" loading=\"lazy\" class=\"aligncenter wp-image-7462 size-large\" src=\"https:\/\/carleton.ca\/communityfirst\/wp-content\/uploads\/May-2018-Newsletter-front-page-400x523.png\" alt=\"First page of the CFICE Connections May 2018 Newsletter featuring a detailed article on progress for Community-Campus Engage Canada.\" width=\"400\" height=\"523\" srcset=\"https:\/\/carleton.ca\/communityfirst\/wp-content\/uploads\/May-2018-Newsletter-front-page-400x523.png 400w, https:\/\/carleton.ca\/communityfirst\/wp-content\/uploads\/May-2018-Newsletter-front-page-160x209.png 160w, https:\/\/carleton.ca\/communityfirst\/wp-content\/uploads\/May-2018-Newsletter-front-page-240x314.png 240w, https:\/\/carleton.ca\/communityfirst\/wp-content\/uploads\/May-2018-Newsletter-front-page-360x471.png 360w, https:\/\/carleton.ca\/communityfirst\/wp-content\/uploads\/May-2018-Newsletter-front-page.png 698w\" sizes=\"(max-width: 400px) 100vw, 400px\" \/><\/a><\/p>\n<h2><a id=\"ENVIROSCAN\"><\/a>Environment Scan:\u00a0Community-Campus Engagement (CCE) Brokering, Partnership Tools and Student Pathways to Engagement<\/h2>\n<p><a href=\"https:\/\/carleton.ca\/communityfirst\/2017\/plain-language-podcast-and-report-community-campus-engagement-cce-brokering-partnership-tools-and-student-pathways-to-engagement-an-environmental-scan\/\" target=\"_blank\" rel=\"noopener\"><img decoding=\"async\" loading=\"lazy\" class=\"aligncenter size-large wp-image-5383\" src=\"https:\/\/carleton.ca\/communityfirst\/wp-content\/uploads\/Holly-Enviro-Scan-Report-400x516.png\" alt=\"Title page of the report titled: Community-Campus Engagement Brokering, Partnership Tools, and Student Pathways to Engagement: An Environment Scan.\" width=\"400\" height=\"516\" srcset=\"https:\/\/carleton.ca\/communityfirst\/wp-content\/uploads\/Holly-Enviro-Scan-Report-400x516.png 400w, https:\/\/carleton.ca\/communityfirst\/wp-content\/uploads\/Holly-Enviro-Scan-Report-160x206.png 160w, https:\/\/carleton.ca\/communityfirst\/wp-content\/uploads\/Holly-Enviro-Scan-Report-240x309.png 240w, https:\/\/carleton.ca\/communityfirst\/wp-content\/uploads\/Holly-Enviro-Scan-Report-360x464.png 360w, https:\/\/carleton.ca\/communityfirst\/wp-content\/uploads\/Holly-Enviro-Scan-Report.png 702w\" sizes=\"(max-width: 400px) 100vw, 400px\" \/><\/a><\/p>\n<h2>Check out more CCEC stories and resources below<\/h2>\n<section class=\"content-wrapper content-wrapper--shortcode\"><div class=\"u-post-reload\"><div class=\"news news--archive u-width-limited\"><a class=\"news__link  news__link--archive\" href=\"https:\/\/carleton.ca\/communityfirst\/2019\/video-affordable-housing-and-community-campus-partnerships-in-canada-webinar-recording\/\"><p class=\"news__date news__date--archive\">Wednesday, July 17, 2019<\/p><h3 class=\"news__heading u-hide-in-toc news__heading--archive\" rel=\"bookmark\">Video: Affordable Housing and Community-Campus Partnerships In Canada Webinar Recording<\/h3><p class=\"news__excerpt news__excerpt--archive\">On June 26, 2019, CFICE and Community Campus Engage Canada (CCEC), in collaboration with New Commons Development, presented Affordable Housing and Community-Campus Partnerships In Canada: Growing the Potential Role (and Response-Ability) of Post Secondary Institutions (PSIs) to Increase Affordable Housing. This webinar explored the affordable... <span class=\"news__more-link\">More<\/span><\/p><\/a><\/div><div class=\"news news--archive u-width-limited\"><a class=\"news__link  news__link--archive\" href=\"https:\/\/carleton.ca\/communityfirst\/2019\/video-enregistrement-du-webinaire-luniversite-au-service-de-la-mobilisation-citoyenne\/\"><p class=\"news__date news__date--archive\">Wednesday, July 17, 2019<\/p><h3 class=\"news__heading u-hide-in-toc news__heading--archive\" rel=\"bookmark\">Vid\u00e9o (Webinaire): L\u2019Universit\u00e9 au service de la mobilisation citoyenne<\/h3><p class=\"news__excerpt news__excerpt--archive\">Le 19 juin, en collaboration avec l\u2019Universit\u00e9 Concordia et le B\u00e2timent 7, Communaut\u00e9s d\u2019abord : impacts de l\u2019engagement communautaire (CAIEC), et Engagement campus-collectivit\u00e9 Canada (ECCC) ont pr\u00e9sent\u00e9 le webinaire intitul\u00e9 L\u2019Universit\u00e9 au service de la mobilisation citoyenne: Collaboration entre l\u2019Universit\u00e9 Concordia et le... <span class=\"news__more-link\">More<\/span><\/p><\/a><\/div><div class=\"news news--archive u-width-limited\"><a class=\"news__link  news__link--archive\" href=\"https:\/\/carleton.ca\/communityfirst\/2019\/video-weaving-indigenous-wellbeing-research-and-ethics-webinar-recording-and-resources\/\"><p class=\"news__date news__date--archive\">Wednesday, May 1, 2019<\/p><h3 class=\"news__heading u-hide-in-toc news__heading--archive\" rel=\"bookmark\">Video: Weaving Indigenous Wellbeing, Research and Ethics Webinar Recording and Resources<\/h3><p class=\"news__excerpt news__excerpt--archive\">On April 25, 2019 from 12:00 PM \u2013 1:00 PM EST, CFICE\u00a0and\u00a0Community-Campus Engage Canada, in collaboration with the National Association of Friendship Centres, the Urban Aboriginal Knowledge Network, and the Centre for the Study of Educational Leadership and Policy (CSELP) presented\u00a0Weaving Indigenous Wellbeing, Research and Ethics: Community... <span class=\"news__more-link\">More<\/span><\/p><\/a><\/div><\/div><div class=\"button button--news button--more\"><a class=\"load-more button__red button__red--outline\"\n\t\t\t\tdata-numposts=\"3\"\n\t\t\t\tdata-offset=\"3\"\n\t\t\t\tdata-selector=\"blog\" data-catid=\"85\"\n\t\t\t\tdata-nonce=\"29b316d945\"\n\t\t\t\tdata-thumbnail=\"false\">Load More &rarr;<\/a><\/div><\/section>\n","protected":false},"excerpt":{"rendered":"<p>Below are a few resources for learning more about the Community First: Impacts of Community Engagement (CFICE) project, the Community-Campus Engage Canada (CCEC) working group, and more. CFICE Infographic: Learn more about the CFICE project! Report: Ensuring Community Comes First: Actions for CCE Practitioners Backgrounder: CFICE, CCEC, and Roundtables &#8211; with Updates as of June [&hellip;]<\/p>\n","protected":false},"author":24,"featured_media":0,"parent":59,"menu_order":4,"comment_status":"closed","ping_status":"closed","template":"","meta":{"_relevanssi_hide_post":"","_relevanssi_hide_content":"","_relevanssi_pin_for_all":"","_relevanssi_pin_keywords":"","_relevanssi_unpin_keywords":"","_relevanssi_related_keywords":"","_relevanssi_related_include_ids":"","_relevanssi_related_exclude_ids":"","_relevanssi_related_no_append":"","_relevanssi_related_not_related":"","_relevanssi_related_posts":"","_relevanssi_noindex_reason":"","_mi_skip_tracking":false,"_exactmetrics_sitenote_active":false,"_exactmetrics_sitenote_note":"","_exactmetrics_sitenote_category":0,"footnotes":"","_links_to":"","_links_to_target":""},"yoast_head":"<!-- This site is optimized with the Yoast SEO plugin v21.2 - https:\/\/yoast.com\/wordpress\/plugins\/seo\/ -->\n<title>Key CCEC Resources - Community First<\/title>\n<meta name=\"description\" content=\"Below are a few resources for learning more about the Community First: Impacts of Community Engagement (CFICE) project, the Community-Campus Engage Canada\" \/>\n<meta name=\"robots\" content=\"index, follow, max-snippet:-1, max-image-preview:large, max-video-preview:-1\" \/>\n<link rel=\"canonical\" href=\"https:\/\/carleton.ca\/communityfirst\/cross-sector-work\/aligning-institutions\/key-ccec-resources\/\" \/>\n<meta name=\"twitter:label1\" content=\"Est. reading time\" \/>\n\t<meta name=\"twitter:data1\" content=\"1 minute\" \/>\n<script type=\"application\/ld+json\" class=\"yoast-schema-graph\">{\"@context\":\"https:\/\/schema.org\",\"@graph\":[{\"@type\":\"WebPage\",\"@id\":\"https:\/\/carleton.ca\/communityfirst\/cross-sector-work\/aligning-institutions\/key-ccec-resources\/\",\"url\":\"https:\/\/carleton.ca\/communityfirst\/cross-sector-work\/aligning-institutions\/key-ccec-resources\/\",\"name\":\"Key CCEC Resources - Community First\",\"isPartOf\":{\"@id\":\"https:\/\/carleton.ca\/communityfirst\/#website\"},\"datePublished\":\"2018-05-04T16:36:59+00:00\",\"dateModified\":\"2018-06-15T16:15:14+00:00\",\"description\":\"Below are a few resources for learning more about the Community First: Impacts of Community Engagement (CFICE) project, the Community-Campus Engage Canada\",\"breadcrumb\":{\"@id\":\"https:\/\/carleton.ca\/communityfirst\/cross-sector-work\/aligning-institutions\/key-ccec-resources\/#breadcrumb\"},\"inLanguage\":\"en-US\",\"potentialAction\":[{\"@type\":\"ReadAction\",\"target\":[\"https:\/\/carleton.ca\/communityfirst\/cross-sector-work\/aligning-institutions\/key-ccec-resources\/\"]}]},{\"@type\":\"BreadcrumbList\",\"@id\":\"https:\/\/carleton.ca\/communityfirst\/cross-sector-work\/aligning-institutions\/key-ccec-resources\/#breadcrumb\",\"itemListElement\":[{\"@type\":\"ListItem\",\"position\":1,\"name\":\"Home\",\"item\":\"https:\/\/carleton.ca\/communityfirst\/\"},{\"@type\":\"ListItem\",\"position\":2,\"name\":\"Phase II\",\"item\":\"https:\/\/carleton.ca\/communityfirst\/cross-sector-work\/\"},{\"@type\":\"ListItem\",\"position\":3,\"name\":\"Community-Campus Engage Canada\",\"item\":\"https:\/\/carleton.ca\/communityfirst\/cross-sector-work\/aligning-institutions\/\"},{\"@type\":\"ListItem\",\"position\":4,\"name\":\"Key CCEC Resources\"}]},{\"@type\":\"WebSite\",\"@id\":\"https:\/\/carleton.ca\/communityfirst\/#website\",\"url\":\"https:\/\/carleton.ca\/communityfirst\/\",\"name\":\"Community First\",\"description\":\"Carleton University\",\"potentialAction\":[{\"@type\":\"SearchAction\",\"target\":{\"@type\":\"EntryPoint\",\"urlTemplate\":\"https:\/\/carleton.ca\/communityfirst\/?s={search_term_string}\"},\"query-input\":\"required name=search_term_string\"}],\"inLanguage\":\"en-US\"}]}<\/script>\n<!-- \/ Yoast SEO plugin. -->","yoast_head_json":{"title":"Key CCEC Resources - Community First","description":"Below are a few resources for learning more about the Community First: Impacts of Community Engagement (CFICE) project, the Community-Campus Engage Canada","robots":{"index":"index","follow":"follow","max-snippet":"max-snippet:-1","max-image-preview":"max-image-preview:large","max-video-preview":"max-video-preview:-1"},"canonical":"https:\/\/carleton.ca\/communityfirst\/cross-sector-work\/aligning-institutions\/key-ccec-resources\/","twitter_misc":{"Est. reading time":"1 minute"},"schema":{"@context":"https:\/\/schema.org","@graph":[{"@type":"WebPage","@id":"https:\/\/carleton.ca\/communityfirst\/cross-sector-work\/aligning-institutions\/key-ccec-resources\/","url":"https:\/\/carleton.ca\/communityfirst\/cross-sector-work\/aligning-institutions\/key-ccec-resources\/","name":"Key CCEC Resources - Community First","isPartOf":{"@id":"https:\/\/carleton.ca\/communityfirst\/#website"},"datePublished":"2018-05-04T16:36:59+00:00","dateModified":"2018-06-15T16:15:14+00:00","description":"Below are a few resources for learning more about the Community First: Impacts of Community Engagement (CFICE) project, the Community-Campus Engage Canada","breadcrumb":{"@id":"https:\/\/carleton.ca\/communityfirst\/cross-sector-work\/aligning-institutions\/key-ccec-resources\/#breadcrumb"},"inLanguage":"en-US","potentialAction":[{"@type":"ReadAction","target":["https:\/\/carleton.ca\/communityfirst\/cross-sector-work\/aligning-institutions\/key-ccec-resources\/"]}]},{"@type":"BreadcrumbList","@id":"https:\/\/carleton.ca\/communityfirst\/cross-sector-work\/aligning-institutions\/key-ccec-resources\/#breadcrumb","itemListElement":[{"@type":"ListItem","position":1,"name":"Home","item":"https:\/\/carleton.ca\/communityfirst\/"},{"@type":"ListItem","position":2,"name":"Phase II","item":"https:\/\/carleton.ca\/communityfirst\/cross-sector-work\/"},{"@type":"ListItem","position":3,"name":"Community-Campus Engage Canada","item":"https:\/\/carleton.ca\/communityfirst\/cross-sector-work\/aligning-institutions\/"},{"@type":"ListItem","position":4,"name":"Key CCEC Resources"}]},{"@type":"WebSite","@id":"https:\/\/carleton.ca\/communityfirst\/#website","url":"https:\/\/carleton.ca\/communityfirst\/","name":"Community First","description":"Carleton University","potentialAction":[{"@type":"SearchAction","target":{"@type":"EntryPoint","urlTemplate":"https:\/\/carleton.ca\/communityfirst\/?s={search_term_string}"},"query-input":"required name=search_term_string"}],"inLanguage":"en-US"}]}},"acf":{"banner_image_type":"upload","banner_uploaded_image":{"ID":3334,"id":3334,"title":"PartnerTools-Upsplash","filename":"PartnerTools-Upsplash.jpg","filesize":595286,"url":"https:\/\/carleton.ca\/communityfirst\/wp-content\/uploads\/PartnerTools-Upsplash.jpg","link":"https:\/\/carleton.ca\/communityfirst\/cross-sector-work\/partnership-tools\/partnertools-upsplash\/","alt":"","author":"24","description":"","caption":"","name":"partnertools-upsplash","status":"inherit","uploaded_to":61,"date":"2016-03-07 17:00:26","modified":"2018-05-04 15:57:00","menu_order":0,"mime_type":"image\/jpeg","type":"image","subtype":"jpeg","icon":"https:\/\/carleton.ca\/communityfirst\/wp\/wp-includes\/images\/media\/default.png","width":1600,"height":700,"sizes":{"thumbnail":"https:\/\/carleton.ca\/communityfirst\/wp-content\/uploads\/PartnerTools-Upsplash-160x70.jpg","thumbnail-width":160,"thumbnail-height":70,"medium":"https:\/\/carleton.ca\/communityfirst\/wp-content\/uploads\/PartnerTools-Upsplash-240x105.jpg","medium-width":240,"medium-height":105,"medium_large":"https:\/\/carleton.ca\/communityfirst\/wp-content\/uploads\/PartnerTools-Upsplash-768x336.jpg","medium_large-width":768,"medium_large-height":336,"large":"https:\/\/carleton.ca\/communityfirst\/wp-content\/uploads\/PartnerTools-Upsplash-400x175.jpg","large-width":400,"large-height":175,"gallery-thumb":"https:\/\/carleton.ca\/communityfirst\/wp-content\/uploads\/PartnerTools-Upsplash.jpg","gallery-thumb-width":300,"gallery-thumb-height":131,"1536x1536":"https:\/\/carleton.ca\/communityfirst\/wp-content\/uploads\/PartnerTools-Upsplash.jpg","1536x1536-width":1536,"1536x1536-height":672,"2048x2048":"https:\/\/carleton.ca\/communityfirst\/wp-content\/uploads\/PartnerTools-Upsplash.jpg","2048x2048-width":1600,"2048x2048-height":700,"banner":"https:\/\/carleton.ca\/communityfirst\/wp-content\/uploads\/PartnerTools-Upsplash.jpg","banner-width":1600,"banner-height":700,"people":"https:\/\/carleton.ca\/communityfirst\/wp-content\/uploads\/PartnerTools-Upsplash-200x200.jpg","people-width":200,"people-height":200,"post-thumb":"https:\/\/carleton.ca\/communityfirst\/wp-content\/uploads\/PartnerTools-Upsplash-300x230.jpg","post-thumb-width":300,"post-thumb-height":230,"rotator-image":"https:\/\/carleton.ca\/communityfirst\/wp-content\/uploads\/PartnerTools-Upsplash.jpg","rotator-image-width":800,"rotator-image-height":350,"video-thumb":"https:\/\/carleton.ca\/communityfirst\/wp-content\/uploads\/PartnerTools-Upsplash-360x158.jpg","video-thumb-width":360,"video-thumb-height":158}},"banner_opacity":"dark"},"_links":{"self":[{"href":"https:\/\/carleton.ca\/communityfirst\/wp-json\/wp\/v2\/pages\/7309"}],"collection":[{"href":"https:\/\/carleton.ca\/communityfirst\/wp-json\/wp\/v2\/pages"}],"about":[{"href":"https:\/\/carleton.ca\/communityfirst\/wp-json\/wp\/v2\/types\/page"}],"author":[{"embeddable":true,"href":"https:\/\/carleton.ca\/communityfirst\/wp-json\/wp\/v2\/users\/24"}],"replies":[{"embeddable":true,"href":"https:\/\/carleton.ca\/communityfirst\/wp-json\/wp\/v2\/comments?post=7309"}],"version-history":[{"count":3,"href":"https:\/\/carleton.ca\/communityfirst\/wp-json\/wp\/v2\/pages\/7309\/revisions"}],"predecessor-version":[{"id":7575,"href":"https:\/\/carleton.ca\/communityfirst\/wp-json\/wp\/v2\/pages\/7309\/revisions\/7575"}],"up":[{"embeddable":true,"href":"https:\/\/carleton.ca\/communityfirst\/wp-json\/wp\/v2\/pages\/59"}],"wp:attachment":[{"href":"https:\/\/carleton.ca\/communityfirst\/wp-json\/wp\/v2\/media?parent=7309"}],"curies":[{"name":"wp","href":"https:\/\/api.w.org\/{rel}","templated":true}]}}