{"id":8004,"date":"2018-11-01T15:21:42","date_gmt":"2018-11-01T19:21:42","guid":{"rendered":"https:\/\/carleton.ca\/communityfirst\/?page_id=8004"},"modified":"2019-02-05T11:58:01","modified_gmt":"2019-02-05T16:58:01","slug":"join-the-ccec-network-2","status":"publish","type":"page","link":"https:\/\/carleton.ca\/communityfirst\/cross-sector-work\/aligning-institutions\/join-the-ccec-network-2\/","title":{"rendered":"Rejoindre le liste d&#8217;envoi d&#8217;ECCC"},"content":{"rendered":"<p style=\"text-align: right;\">(<a href=\"https:\/\/carleton.ca\/communityfirst\/cross-sector-work\/aligning-institutions\/join-the-ccec-network\/\">English version here<\/a>)<\/p>\n<h2><strong>Rejoindre le liste d&#8217;envoi d\u2019Engagement campus-collectivit\u00e9 Canada (ECCC)<\/strong><\/h2>\n<p>Engagement campus-collectivit\u00e9 Canada (ECCC) est un r\u00e9seau national en \u00e9mergence et une communaut\u00e9 de pratique servant \u00e0 renforcer les communaut\u00e9s canadiennes en am\u00e9liorant les comp\u00e9tences, les infrastructures et l\u2019impact des partenariats \u00e9quitables entre les campus et les collectivit\u00e9s de tous types, ce qui inclut l\u2019apprentissage exp\u00e9rientiel des \u00e9tudiants, la recherche engag\u00e9e aupr\u00e8s des collectivit\u00e9s et l\u2019innovation sociale. ECCC est un h\u00e9ritage vivant de l\u2019initiative \u00ab\u00a0Communaut\u00e9s d\u2019abord\u00a0: impacts de l\u2019engagement communautaire\u00a0\u00bb (CAIEC), un projet de recherche de sept ans (2012-2019) subventionn\u00e9 par le Conseil de recherches en sciences humaines du Canada (CRSHC).<\/p>\n<p>Depuis mai 2017, ECCC a convoqu\u00e9 des tables rondes r\u00e9gionales et nationales, avec la participation des partenaires de CAIEC, les communaut\u00e9s, les organismes communautaires et non-gouvernementaux, les r\u00e9seaux, les \u00e9tudiants, les \u00e9tablissements postsecondaires, les d\u00e9cideurs politiques et les bailleurs de fonds pour contribuer au d\u00e9veloppement et au plan d\u2019action \u00e0 long terme d\u2019ECCC.<\/p>\n<p>Nous vous invitons \u00e0 rejoindre notre liste d&#8217;envoi!<\/p>\n<p><\/p>\n<p><!-- Begin Mailchimp Signup Form --><\/p>\n<style type=\"text\/css\">\n\t#mc_embed_signup{background:#fff; clear:center; font:14px Helvetica,Arial,sans-serif; }<br \/><\/style>\n<div id=\"mc_embed_signup\">\n<form id=\"mc-embedded-subscribe-form\" class=\"validate\" action=\"https:\/\/communitycampusengagecanada.us20.list-manage.com\/subscribe\/post?u=f10bf506ffdc8491ce06fa923&amp;id=21d060bafb\" method=\"post\" name=\"mc-embedded-subscribe-form\" novalidate=\"\" target=\"_blank\">\n<div id=\"mc_embed_signup_scroll\">\n<h2>Inscrivez-vous \u00e0 notre liste d&#8217;envoi<\/h2>\n<div><\/div>\n<p><\/p>\n<div class=\"mc-field-group\"><label for=\"mce-EMAIL\"><strong>Courriel<\/strong><span class=\"asterisk\">*<\/span><br \/>\n<\/label><input id=\"mce-EMAIL\" class=\"required email\" name=\"EMAIL\" type=\"email\" value=\"\" \/><\/div>\n<div><\/div>\n<p><\/p>\n<div class=\"mc-field-group\"><label for=\"mce-FNAME\"><strong>Pr\u00e9nom<\/strong><span class=\"asterisk\">*<\/span><br \/>\n<\/label><input id=\"mce-FNAME\" class=\"required\" name=\"FNAME\" type=\"text\" value=\"\" \/><\/div>\n<div><\/div>\n<p><\/p>\n<div class=\"mc-field-group\"><label for=\"mce-LNAME\"><strong>Nom de famille<\/strong><span class=\"asterisk\">*<\/span><br \/>\n<\/label><input id=\"mce-LNAME\" class=\"required\" name=\"LNAME\" type=\"text\" value=\"\" \/><\/div>\n<div id=\"mce-responses\" class=\"clear\">\n<div id=\"mce-error-response\" class=\"response\" style=\"display: none;\"><\/div>\n<div id=\"mce-success-response\" class=\"response\" style=\"display: none;\"><\/div>\n<\/div>\n<p><!-- real people should not fill this in and expect good things - do not remove this or risk form bot signups--><\/p>\n<div style=\"position: absolute; left: -5000px;\" aria-hidden=\"true\"><input tabindex=\"-1\" name=\"b_f10bf506ffdc8491ce06fa923_21d060bafb\" type=\"text\" value=\"\" \/><\/div>\n<div class=\"clear\"><input id=\"mc-embedded-subscribe\" class=\"button\" name=\"subscribe\" type=\"submit\" value=\"Subscribe\" \/><\/div>\n<\/div>\n<\/form>\n<\/div>\n<p><script type='text\/javascript' src='\/\/s3.amazonaws.com\/downloads.mailchimp.com\/js\/mc-validate.js'><\/script><br \/>\n<!--End mc_embed_signup--><\/p>\n","protected":false},"excerpt":{"rendered":"<p>(English version here) Rejoindre le liste d&#8217;envoi d\u2019Engagement campus-collectivit\u00e9 Canada (ECCC) Engagement campus-collectivit\u00e9 Canada (ECCC) est un r\u00e9seau national en \u00e9mergence et une communaut\u00e9 de pratique servant \u00e0 renforcer les communaut\u00e9s canadiennes en am\u00e9liorant les comp\u00e9tences, les infrastructures et l\u2019impact des partenariats \u00e9quitables entre les campus et les collectivit\u00e9s de tous types, ce qui inclut [&hellip;]<\/p>\n","protected":false},"author":24,"featured_media":0,"parent":59,"menu_order":5,"comment_status":"closed","ping_status":"closed","template":"","meta":{"_relevanssi_hide_post":"","_relevanssi_hide_content":"","_relevanssi_pin_for_all":"","_relevanssi_pin_keywords":"","_relevanssi_unpin_keywords":"","_relevanssi_related_keywords":"","_relevanssi_related_include_ids":"","_relevanssi_related_exclude_ids":"","_relevanssi_related_no_append":"","_relevanssi_related_not_related":"","_relevanssi_related_posts":"","_relevanssi_noindex_reason":"","_mi_skip_tracking":false,"_exactmetrics_sitenote_active":false,"_exactmetrics_sitenote_note":"","_exactmetrics_sitenote_category":0,"footnotes":"","_links_to":"","_links_to_target":""},"yoast_head":"<!-- This site is optimized with the Yoast SEO plugin v21.2 - https:\/\/yoast.com\/wordpress\/plugins\/seo\/ -->\n<title>Rejoindre le liste d&#039;envoi d&#039;ECCC - Community First<\/title>\n<meta name=\"description\" content=\"(English version here) Rejoindre le liste d&#039;envoi d\u2019Engagement campus-collectivit\u00e9 Canada (ECCC) Engagement campus-collectivit\u00e9 Canada (ECCC) est un\" \/>\n<meta name=\"robots\" content=\"index, follow, max-snippet:-1, max-image-preview:large, max-video-preview:-1\" \/>\n<link rel=\"canonical\" href=\"https:\/\/carleton.ca\/communityfirst\/cross-sector-work\/aligning-institutions\/join-the-ccec-network-2\/\" \/>\n<meta name=\"twitter:label1\" content=\"Est. reading time\" \/>\n\t<meta name=\"twitter:data1\" content=\"1 minute\" \/>\n<script type=\"application\/ld+json\" class=\"yoast-schema-graph\">{\"@context\":\"https:\/\/schema.org\",\"@graph\":[{\"@type\":\"WebPage\",\"@id\":\"https:\/\/carleton.ca\/communityfirst\/cross-sector-work\/aligning-institutions\/join-the-ccec-network-2\/\",\"url\":\"https:\/\/carleton.ca\/communityfirst\/cross-sector-work\/aligning-institutions\/join-the-ccec-network-2\/\",\"name\":\"Rejoindre le liste d'envoi d'ECCC - Community First\",\"isPartOf\":{\"@id\":\"https:\/\/carleton.ca\/communityfirst\/#website\"},\"datePublished\":\"2018-11-01T19:21:42+00:00\",\"dateModified\":\"2019-02-05T16:58:01+00:00\",\"description\":\"(English version here) Rejoindre le liste d'envoi d\u2019Engagement campus-collectivit\u00e9 Canada (ECCC) Engagement campus-collectivit\u00e9 Canada (ECCC) est un\",\"breadcrumb\":{\"@id\":\"https:\/\/carleton.ca\/communityfirst\/cross-sector-work\/aligning-institutions\/join-the-ccec-network-2\/#breadcrumb\"},\"inLanguage\":\"en-US\",\"potentialAction\":[{\"@type\":\"ReadAction\",\"target\":[\"https:\/\/carleton.ca\/communityfirst\/cross-sector-work\/aligning-institutions\/join-the-ccec-network-2\/\"]}]},{\"@type\":\"BreadcrumbList\",\"@id\":\"https:\/\/carleton.ca\/communityfirst\/cross-sector-work\/aligning-institutions\/join-the-ccec-network-2\/#breadcrumb\",\"itemListElement\":[{\"@type\":\"ListItem\",\"position\":1,\"name\":\"Home\",\"item\":\"https:\/\/carleton.ca\/communityfirst\/\"},{\"@type\":\"ListItem\",\"position\":2,\"name\":\"Phase II\",\"item\":\"https:\/\/carleton.ca\/communityfirst\/cross-sector-work\/\"},{\"@type\":\"ListItem\",\"position\":3,\"name\":\"Community-Campus Engage Canada\",\"item\":\"https:\/\/carleton.ca\/communityfirst\/cross-sector-work\/aligning-institutions\/\"},{\"@type\":\"ListItem\",\"position\":4,\"name\":\"Rejoindre le liste d&#8217;envoi d&#8217;ECCC\"}]},{\"@type\":\"WebSite\",\"@id\":\"https:\/\/carleton.ca\/communityfirst\/#website\",\"url\":\"https:\/\/carleton.ca\/communityfirst\/\",\"name\":\"Community First\",\"description\":\"Carleton University\",\"potentialAction\":[{\"@type\":\"SearchAction\",\"target\":{\"@type\":\"EntryPoint\",\"urlTemplate\":\"https:\/\/carleton.ca\/communityfirst\/?s={search_term_string}\"},\"query-input\":\"required name=search_term_string\"}],\"inLanguage\":\"en-US\"}]}<\/script>\n<!-- \/ Yoast SEO plugin. -->","yoast_head_json":{"title":"Rejoindre le liste d'envoi d'ECCC - Community First","description":"(English version here) Rejoindre le liste d'envoi d\u2019Engagement campus-collectivit\u00e9 Canada (ECCC) Engagement campus-collectivit\u00e9 Canada (ECCC) est un","robots":{"index":"index","follow":"follow","max-snippet":"max-snippet:-1","max-image-preview":"max-image-preview:large","max-video-preview":"max-video-preview:-1"},"canonical":"https:\/\/carleton.ca\/communityfirst\/cross-sector-work\/aligning-institutions\/join-the-ccec-network-2\/","twitter_misc":{"Est. reading time":"1 minute"},"schema":{"@context":"https:\/\/schema.org","@graph":[{"@type":"WebPage","@id":"https:\/\/carleton.ca\/communityfirst\/cross-sector-work\/aligning-institutions\/join-the-ccec-network-2\/","url":"https:\/\/carleton.ca\/communityfirst\/cross-sector-work\/aligning-institutions\/join-the-ccec-network-2\/","name":"Rejoindre le liste d'envoi d'ECCC - Community First","isPartOf":{"@id":"https:\/\/carleton.ca\/communityfirst\/#website"},"datePublished":"2018-11-01T19:21:42+00:00","dateModified":"2019-02-05T16:58:01+00:00","description":"(English version here) Rejoindre le liste d'envoi d\u2019Engagement campus-collectivit\u00e9 Canada (ECCC) Engagement campus-collectivit\u00e9 Canada (ECCC) est un","breadcrumb":{"@id":"https:\/\/carleton.ca\/communityfirst\/cross-sector-work\/aligning-institutions\/join-the-ccec-network-2\/#breadcrumb"},"inLanguage":"en-US","potentialAction":[{"@type":"ReadAction","target":["https:\/\/carleton.ca\/communityfirst\/cross-sector-work\/aligning-institutions\/join-the-ccec-network-2\/"]}]},{"@type":"BreadcrumbList","@id":"https:\/\/carleton.ca\/communityfirst\/cross-sector-work\/aligning-institutions\/join-the-ccec-network-2\/#breadcrumb","itemListElement":[{"@type":"ListItem","position":1,"name":"Home","item":"https:\/\/carleton.ca\/communityfirst\/"},{"@type":"ListItem","position":2,"name":"Phase II","item":"https:\/\/carleton.ca\/communityfirst\/cross-sector-work\/"},{"@type":"ListItem","position":3,"name":"Community-Campus Engage Canada","item":"https:\/\/carleton.ca\/communityfirst\/cross-sector-work\/aligning-institutions\/"},{"@type":"ListItem","position":4,"name":"Rejoindre le liste d&#8217;envoi d&#8217;ECCC"}]},{"@type":"WebSite","@id":"https:\/\/carleton.ca\/communityfirst\/#website","url":"https:\/\/carleton.ca\/communityfirst\/","name":"Community First","description":"Carleton University","potentialAction":[{"@type":"SearchAction","target":{"@type":"EntryPoint","urlTemplate":"https:\/\/carleton.ca\/communityfirst\/?s={search_term_string}"},"query-input":"required name=search_term_string"}],"inLanguage":"en-US"}]}},"acf":{"banner_image_type":"upload","banner_uploaded_image":{"ID":3347,"id":3347,"title":"PARTNERS-network","filename":"PARTNERS-network.jpg","filesize":464296,"url":"https:\/\/carleton.ca\/communityfirst\/wp-content\/uploads\/PARTNERS-network.jpg","link":"https:\/\/carleton.ca\/communityfirst\/about\/partners\/partners-network\/","alt":"","author":"24","description":"","caption":"","name":"partners-network","status":"inherit","uploaded_to":36,"date":"2016-03-07 18:44:43","modified":"2018-05-15 17:37:47","menu_order":0,"mime_type":"image\/jpeg","type":"image","subtype":"jpeg","icon":"https:\/\/carleton.ca\/communityfirst\/wp\/wp-includes\/images\/media\/default.png","width":1600,"height":700,"sizes":{"thumbnail":"https:\/\/carleton.ca\/communityfirst\/wp-content\/uploads\/PARTNERS-network-160x70.jpg","thumbnail-width":160,"thumbnail-height":70,"medium":"https:\/\/carleton.ca\/communityfirst\/wp-content\/uploads\/PARTNERS-network-240x105.jpg","medium-width":240,"medium-height":105,"medium_large":"https:\/\/carleton.ca\/communityfirst\/wp-content\/uploads\/PARTNERS-network-768x336.jpg","medium_large-width":768,"medium_large-height":336,"large":"https:\/\/carleton.ca\/communityfirst\/wp-content\/uploads\/PARTNERS-network-400x175.jpg","large-width":400,"large-height":175,"gallery-thumb":"https:\/\/carleton.ca\/communityfirst\/wp-content\/uploads\/PARTNERS-network.jpg","gallery-thumb-width":300,"gallery-thumb-height":131,"1536x1536":"https:\/\/carleton.ca\/communityfirst\/wp-content\/uploads\/PARTNERS-network.jpg","1536x1536-width":1536,"1536x1536-height":672,"2048x2048":"https:\/\/carleton.ca\/communityfirst\/wp-content\/uploads\/PARTNERS-network.jpg","2048x2048-width":1600,"2048x2048-height":700,"banner":"https:\/\/carleton.ca\/communityfirst\/wp-content\/uploads\/PARTNERS-network.jpg","banner-width":1600,"banner-height":700,"people":"https:\/\/carleton.ca\/communityfirst\/wp-content\/uploads\/PARTNERS-network-200x200.jpg","people-width":200,"people-height":200,"post-thumb":"https:\/\/carleton.ca\/communityfirst\/wp-content\/uploads\/PARTNERS-network-300x230.jpg","post-thumb-width":300,"post-thumb-height":230,"rotator-image":"https:\/\/carleton.ca\/communityfirst\/wp-content\/uploads\/PARTNERS-network.jpg","rotator-image-width":800,"rotator-image-height":350,"video-thumb":"https:\/\/carleton.ca\/communityfirst\/wp-content\/uploads\/PARTNERS-network-360x158.jpg","video-thumb-width":360,"video-thumb-height":158}},"banner_opacity":"dark","banner_button":"no"},"_links":{"self":[{"href":"https:\/\/carleton.ca\/communityfirst\/wp-json\/wp\/v2\/pages\/8004"}],"collection":[{"href":"https:\/\/carleton.ca\/communityfirst\/wp-json\/wp\/v2\/pages"}],"about":[{"href":"https:\/\/carleton.ca\/communityfirst\/wp-json\/wp\/v2\/types\/page"}],"author":[{"embeddable":true,"href":"https:\/\/carleton.ca\/communityfirst\/wp-json\/wp\/v2\/users\/24"}],"replies":[{"embeddable":true,"href":"https:\/\/carleton.ca\/communityfirst\/wp-json\/wp\/v2\/comments?post=8004"}],"version-history":[{"count":3,"href":"https:\/\/carleton.ca\/communityfirst\/wp-json\/wp\/v2\/pages\/8004\/revisions"}],"predecessor-version":[{"id":8192,"href":"https:\/\/carleton.ca\/communityfirst\/wp-json\/wp\/v2\/pages\/8004\/revisions\/8192"}],"up":[{"embeddable":true,"href":"https:\/\/carleton.ca\/communityfirst\/wp-json\/wp\/v2\/pages\/59"}],"wp:attachment":[{"href":"https:\/\/carleton.ca\/communityfirst\/wp-json\/wp\/v2\/media?parent=8004"}],"curies":[{"name":"wp","href":"https:\/\/api.w.org\/{rel}","templated":true}]}}