{"id":133,"date":"2013-12-06T16:12:19","date_gmt":"2013-12-06T21:12:19","guid":{"rendered":"http:\/\/carleton.ca\/cosc\/?page_id=133"},"modified":"2014-05-25T11:51:24","modified_gmt":"2014-05-25T15:51:24","slug":"program","status":"publish","type":"page","link":"https:\/\/carleton.ca\/cosc\/past-meetings\/meeting\/program\/","title":{"rendered":"Program"},"content":{"rendered":"<p><img decoding=\"async\" loading=\"lazy\" class=\" wp-image-135 alignnone\" src=\"http:\/\/carleton.ca\/cosc\/wp-content\/uploads\/COSC-colour-logo.jpg\" alt=\"COSC colour logo\" width=\"272\" height=\"169\" \/><\/p>\n<p>The program of the 8th Meeting of the Canadian Oxidative Stress Consortium.<\/p>\n<h1>Symposia:<\/h1>\n<p>Oxidative Stress and Aging<br \/>\nOxidative Stress and Cardiovascular Disease<br \/>\nOxidative Stress and Neurodegeneration<br \/>\nOxidative Stress, the Environment, and Health and Nutrition<br \/>\nGraduate Trainee Symposium Competition<br \/>\nPostdoctoral Trainee Symposium<\/p>\n<h1>Keynote Speakers:<\/h1>\n<p><strong>Rafael Radi<\/strong> (Departamento de Bioqu\u00edmica. Facultad de Medicina, Universidad de la Rep\u00fablica, Uruguay)<br \/>\n<strong>Siegfried Hekimi<\/strong> (Department of Biology, McGill University, Montreal)<br \/>\n<strong>Richard Schulz<\/strong> (Departments of Pediatrics and Pharmacology,\u00a0University of Alberta, Alberta)<\/p>\n<h1>Confirmed Speakers:<\/h1>\n<p><strong>Richard Austin<\/strong> (Hamilton Centre for Kidney Research, Hamilton)<br \/>\n<strong>Diana Averill-Bates<\/strong> (Universit\u00e9 du Qu\u00e9bec \u00e0 Montr\u00e9al, Montreal)<br \/>\n<strong>Peter O&#8217;Brien<\/strong> (University of Toronto, Toronto)<br \/>\n<strong>Pawan Singal<\/strong> (St-Boniface Hospital Research, Winnipeg)<br \/>\n<strong>Arno Siraki<\/strong> (University of Alberta, Edmonton)<br \/>\n<strong>Brian Bandy<\/strong> (University of Saskatchewan, Saskatoon)<br \/>\n<strong>Volker Blank<\/strong> (McGill University, Montreal)<br \/>\n<strong>Po-Yin Cheung<\/strong> (University of Alberta, Edmonton)<br \/>\n<strong>James Friel<\/strong> (University of Manitoba, Winnipeg)<br \/>\n<strong>Alison Fox-Robichaud<\/strong> (McMaster University, Hamilton)<br \/>\n<strong>Nathalie Grandvaux<\/strong> (Universit\u00e9 de Montr\u00e9al, Montreal)<br \/>\n<strong>Barbara Hales<\/strong> (McGill University, Montreal)<br \/>\n<strong>David Josephy<\/strong> (University of Guelph, Guelph)<br \/>\n<strong>Elissavet Kardami<\/strong> (St-Boniface Hospital Research, Winnipeg)<br \/>\n<strong>Jean-Claude Lavoie<\/strong> (Universit\u00e9 de Montr\u00e9al, Montr\u00e9al)<br \/>\n<strong>Sheldon Magder<\/strong> (McGill University, Montr\u00e9al)<br \/>\n<strong>Kostas Pantopoulos<\/strong> (McGill University, Montr\u00e9al)<br \/>\n<strong>Peter Pennefather<\/strong> (University of Toronto, Toronto)<br \/>\n<strong>Grant Pierce<\/strong> (St-Boniface Hospital Research, Winnipeg)<br \/>\n<strong>Sandeep Raha<\/strong> (McMaster University, Hamilton)<br \/>\n<strong>Christopher Rose<\/strong> (Universit\u00e9 de Montr\u00e9al, Montr\u00e9al)<br \/>\n<strong>Gurmit Singh<\/strong> (McMaster University, Hamilton)<br \/>\n<strong>Kenneth Storey<\/strong> (Carleton University, Ottawa)<br \/>\n<strong>Ram Mishra<\/strong> (McMaster University, Hamilton)<br \/>\n<strong>Peter Wells<\/strong> (University of Toronto, Toronto)<br \/>\n<strong>Louise Winn<\/strong> (Queen\u2019s University, Kingston)<br \/>\n<strong>Jim Uniacke<\/strong> (University of Guelph, Guelph)<br \/>\n<strong>Neelam Khaper<\/strong> (Northern Ontario School of Medicine, Lakehead University, Thunder Bay)<br \/>\n<strong>Ann English<\/strong> (Concordia University, Montreal)<br \/>\n<strong>Charles Ramassamy<\/strong> (INRS-Institut Armand-Frappier, Laval)<br \/>\n<strong>Bulent Mutus<\/strong> (University of Windsor, Windsor)<br \/>\n<strong>Spencer Gibson<\/strong> (University of Manitoba, Winnipeg)<br \/>\n<strong>Robert Tanguay<\/strong> (Universit\u00e9 Laval, Qu\u00e9bec)<br \/>\n<strong>Michel Lebel<\/strong> (Universit\u00e9 Laval, Qu\u00e9bec)<br \/>\n<strong>Steffany Bennett<\/strong> (University of Ottawa, Ottawa)<br \/>\n<strong>Chet Holterman<\/strong> (Ottawa Hospital Research Institute, Ottawa)<br \/>\n<strong>Premkumari Kumarathasan<\/strong> (Health Canada, Ottawa)<br \/>\n<strong>Derek Pratt<\/strong> (University of Ottawa, Ottawa)<br \/>\n<strong>Xiaolei (Dawn) Jin<\/strong> (Health Canada, Ottawa)<br \/>\n<strong>Apollinaire Tsopmo<\/strong> (Carleton University, Ottawa)<br \/>\n<strong>Farah Hosseinian<\/strong> (Carleton University, Ottawa)<\/p>\n<p><span style=\"line-height: 1.5em;\">Please help us to market the meeting by circulating the poster to your colleagues.<\/span><\/p>\n<p><a href=\"http:\/\/carleton.ca\/cosc\/wp-content\/uploads\/COSC-Ad1.pdf\">COSC-Ad<\/a>\u00a0(PDF)<\/p>\n<p><img decoding=\"async\" loading=\"lazy\" class=\"alignnone size-medium wp-image-217\" src=\"http:\/\/carleton.ca\/cosc\/wp-content\/uploads\/COSC-AdWHDec2013V2-240x310.jpg\" alt=\"COSC AdWHDec2013V2\" width=\"240\" height=\"310\" \/><\/p>\n","protected":false},"excerpt":{"rendered":"<p>The program of the 8th Meeting of the Canadian Oxidative Stress Consortium. Symposia: Oxidative Stress and Aging Oxidative Stress and Cardiovascular Disease Oxidative Stress and Neurodegeneration Oxidative Stress, the Environment, and Health and Nutrition Graduate Trainee Symposium Competition Postdoctoral Trainee Symposium Keynote Speakers: Rafael Radi (Departamento de Bioqu\u00edmica. Facultad de Medicina, Universidad de la Rep\u00fablica, [&hellip;]<\/p>\n","protected":false},"author":5,"featured_media":0,"parent":10,"menu_order":0,"comment_status":"open","ping_status":"closed","template":"pg-full.php","meta":{"_relevanssi_hide_post":"","_relevanssi_hide_content":"","_relevanssi_pin_for_all":"","_relevanssi_pin_keywords":"","_relevanssi_unpin_keywords":"","_relevanssi_related_keywords":"","_relevanssi_related_include_ids":"","_relevanssi_related_exclude_ids":"","_relevanssi_related_no_append":"","_relevanssi_related_not_related":"","_relevanssi_related_posts":"","_relevanssi_noindex_reason":"","_mi_skip_tracking":false,"_exactmetrics_sitenote_active":false,"_exactmetrics_sitenote_note":"","_exactmetrics_sitenote_category":0,"footnotes":"","_links_to":"","_links_to_target":""},"yoast_head":"<!-- This site is optimized with the Yoast SEO plugin v21.2 - https:\/\/yoast.com\/wordpress\/plugins\/seo\/ -->\n<title>Program - Canadian Oxidative Stress Consortium<\/title>\n<meta name=\"description\" content=\"The program of the 8th Meeting of the Canadian Oxidative Stress Consortium. Symposia: Oxidative Stress and Aging Oxidative Stress and Cardiovascular\" \/>\n<meta name=\"robots\" content=\"index, follow, max-snippet:-1, max-image-preview:large, max-video-preview:-1\" \/>\n<link rel=\"canonical\" href=\"https:\/\/carleton.ca\/cosc\/past-meetings\/meeting\/program\/\" \/>\n<meta name=\"twitter:label1\" content=\"Est. reading time\" \/>\n\t<meta name=\"twitter:data1\" content=\"2 minutes\" \/>\n<script type=\"application\/ld+json\" class=\"yoast-schema-graph\">{\"@context\":\"https:\/\/schema.org\",\"@graph\":[{\"@type\":\"WebPage\",\"@id\":\"https:\/\/carleton.ca\/cosc\/past-meetings\/meeting\/program\/\",\"url\":\"https:\/\/carleton.ca\/cosc\/past-meetings\/meeting\/program\/\",\"name\":\"Program - Canadian Oxidative Stress Consortium\",\"isPartOf\":{\"@id\":\"https:\/\/carleton.ca\/cosc\/#website\"},\"datePublished\":\"2013-12-06T21:12:19+00:00\",\"dateModified\":\"2014-05-25T15:51:24+00:00\",\"description\":\"The program of the 8th Meeting of the Canadian Oxidative Stress Consortium. Symposia: Oxidative Stress and Aging Oxidative Stress and Cardiovascular\",\"breadcrumb\":{\"@id\":\"https:\/\/carleton.ca\/cosc\/past-meetings\/meeting\/program\/#breadcrumb\"},\"inLanguage\":\"en-US\",\"potentialAction\":[{\"@type\":\"ReadAction\",\"target\":[\"https:\/\/carleton.ca\/cosc\/past-meetings\/meeting\/program\/\"]}]},{\"@type\":\"BreadcrumbList\",\"@id\":\"https:\/\/carleton.ca\/cosc\/past-meetings\/meeting\/program\/#breadcrumb\",\"itemListElement\":[{\"@type\":\"ListItem\",\"position\":1,\"name\":\"Home\",\"item\":\"https:\/\/carleton.ca\/cosc\/\"},{\"@type\":\"ListItem\",\"position\":2,\"name\":\"Past Meetings\",\"item\":\"https:\/\/carleton.ca\/cosc\/past-meetings\/\"},{\"@type\":\"ListItem\",\"position\":3,\"name\":\"8th Meeting\",\"item\":\"https:\/\/carleton.ca\/cosc\/past-meetings\/meeting\/\"},{\"@type\":\"ListItem\",\"position\":4,\"name\":\"Program\"}]},{\"@type\":\"WebSite\",\"@id\":\"https:\/\/carleton.ca\/cosc\/#website\",\"url\":\"https:\/\/carleton.ca\/cosc\/\",\"name\":\"Canadian Oxidative Stress Consortium\",\"description\":\"Carleton University\",\"potentialAction\":[{\"@type\":\"SearchAction\",\"target\":{\"@type\":\"EntryPoint\",\"urlTemplate\":\"https:\/\/carleton.ca\/cosc\/?s={search_term_string}\"},\"query-input\":\"required name=search_term_string\"}],\"inLanguage\":\"en-US\"}]}<\/script>\n<!-- \/ Yoast SEO plugin. -->","yoast_head_json":{"title":"Program - Canadian Oxidative Stress Consortium","description":"The program of the 8th Meeting of the Canadian Oxidative Stress Consortium. Symposia: Oxidative Stress and Aging Oxidative Stress and Cardiovascular","robots":{"index":"index","follow":"follow","max-snippet":"max-snippet:-1","max-image-preview":"max-image-preview:large","max-video-preview":"max-video-preview:-1"},"canonical":"https:\/\/carleton.ca\/cosc\/past-meetings\/meeting\/program\/","twitter_misc":{"Est. reading time":"2 minutes"},"schema":{"@context":"https:\/\/schema.org","@graph":[{"@type":"WebPage","@id":"https:\/\/carleton.ca\/cosc\/past-meetings\/meeting\/program\/","url":"https:\/\/carleton.ca\/cosc\/past-meetings\/meeting\/program\/","name":"Program - Canadian Oxidative Stress Consortium","isPartOf":{"@id":"https:\/\/carleton.ca\/cosc\/#website"},"datePublished":"2013-12-06T21:12:19+00:00","dateModified":"2014-05-25T15:51:24+00:00","description":"The program of the 8th Meeting of the Canadian Oxidative Stress Consortium. Symposia: Oxidative Stress and Aging Oxidative Stress and Cardiovascular","breadcrumb":{"@id":"https:\/\/carleton.ca\/cosc\/past-meetings\/meeting\/program\/#breadcrumb"},"inLanguage":"en-US","potentialAction":[{"@type":"ReadAction","target":["https:\/\/carleton.ca\/cosc\/past-meetings\/meeting\/program\/"]}]},{"@type":"BreadcrumbList","@id":"https:\/\/carleton.ca\/cosc\/past-meetings\/meeting\/program\/#breadcrumb","itemListElement":[{"@type":"ListItem","position":1,"name":"Home","item":"https:\/\/carleton.ca\/cosc\/"},{"@type":"ListItem","position":2,"name":"Past Meetings","item":"https:\/\/carleton.ca\/cosc\/past-meetings\/"},{"@type":"ListItem","position":3,"name":"8th Meeting","item":"https:\/\/carleton.ca\/cosc\/past-meetings\/meeting\/"},{"@type":"ListItem","position":4,"name":"Program"}]},{"@type":"WebSite","@id":"https:\/\/carleton.ca\/cosc\/#website","url":"https:\/\/carleton.ca\/cosc\/","name":"Canadian Oxidative Stress Consortium","description":"Carleton University","potentialAction":[{"@type":"SearchAction","target":{"@type":"EntryPoint","urlTemplate":"https:\/\/carleton.ca\/cosc\/?s={search_term_string}"},"query-input":"required name=search_term_string"}],"inLanguage":"en-US"}]}},"acf":{"banner_image_type":null,"banner_uploaded_image":null,"banner_hosted_image":null,"banner_opacity":null,"banner_button":null,"banner_buttons":null},"_links":{"self":[{"href":"https:\/\/carleton.ca\/cosc\/wp-json\/wp\/v2\/pages\/133"}],"collection":[{"href":"https:\/\/carleton.ca\/cosc\/wp-json\/wp\/v2\/pages"}],"about":[{"href":"https:\/\/carleton.ca\/cosc\/wp-json\/wp\/v2\/types\/page"}],"author":[{"embeddable":true,"href":"https:\/\/carleton.ca\/cosc\/wp-json\/wp\/v2\/users\/5"}],"replies":[{"embeddable":true,"href":"https:\/\/carleton.ca\/cosc\/wp-json\/wp\/v2\/comments?post=133"}],"version-history":[{"count":4,"href":"https:\/\/carleton.ca\/cosc\/wp-json\/wp\/v2\/pages\/133\/revisions"}],"predecessor-version":[{"id":712,"href":"https:\/\/carleton.ca\/cosc\/wp-json\/wp\/v2\/pages\/133\/revisions\/712"}],"up":[{"embeddable":true,"href":"https:\/\/carleton.ca\/cosc\/wp-json\/wp\/v2\/pages\/10"}],"wp:attachment":[{"href":"https:\/\/carleton.ca\/cosc\/wp-json\/wp\/v2\/media?parent=133"}],"curies":[{"name":"wp","href":"https:\/\/api.w.org\/{rel}","templated":true}]}}