{"id":148,"date":"2013-12-14T10:52:47","date_gmt":"2013-12-14T15:52:47","guid":{"rendered":"http:\/\/carleton.ca\/cosc\/?page_id=148"},"modified":"2025-04-17T10:57:13","modified_gmt":"2025-04-17T14:57:13","slug":"past-meetings","status":"publish","type":"page","link":"https:\/\/carleton.ca\/cosc\/past-meetings\/","title":{"rendered":"Past Meetings"},"content":{"rendered":"<p><a href=\"http:\/\/www.fhs.mcmaster.ca\/oxistress\/oxistress_archives.html\">3rd COSC meeting<\/a>, University of Saskatchewan, Saskatoon, Saskatchewan, May 2-5, 2002<\/p>\n<p><a href=\"http:\/\/carleton.ca\/cosc\/wp-content\/uploads\/COSC-meeting-2004.pdf\">4th COSC meeting<\/a>, University of Toronto, Toronto, May 21-23, 2004<\/p>\n<p><a href=\"http:\/\/carleton.ca\/cosc\/wp-content\/uploads\/COSC-meeting-2007.pdf\">5th COSC meeting<\/a>, Universit\u00e9 du Qu\u00e9bec \u00e0 Montr\u00e9al, Montreal, May 2-3, 2007<\/p>\n<p><a href=\"http:\/\/carleton.ca\/cosc\/wp-content\/uploads\/COSC-meeting-2009.pdf\">6th COSC meeting<\/a>, St. Boniface General Hospital Research Centre, University of Manitoba, Winnipeg, May 7-10, 2009<\/p>\n<p><a href=\"http:\/\/carleton.ca\/cosc\/wp-content\/uploads\/COSC-meeting-2012.pdf\">7th COSC meeting<\/a>, Northern Ontario School of Medicine, Lakehead University, Thunder Bay, May 10-12, 2012<\/p>\n<p><a href=\"https:\/\/carleton.ca\/cosc\/past-meetings\/meeting\/\">8th COSC meeting<\/a>, Carleton University, Ottawa, June 11-13, 2014<\/p>\n<p><a href=\"https:\/\/carleton.ca\/cosc\/past-meetings\/9th-meeting\/\">9th COSC meeting<\/a>, University of Guelph, Guelph, June 1-3, 2016<\/p>\n<p><a href=\"https:\/\/carleton.ca\/cosc\/past-meetings\/10th-meeting\/\">10th COSC meeting<\/a>, University of Alberta, Edmonton, May 30-June 1, 2018<\/p>\n<p><a href=\"https:\/\/carleton.ca\/cosc\/past-meetings\/11th-meeting-2\/\">11th COSC meeting<\/a>, Jewish General Hospital, McGill University, May 10 to 12, 2023<\/p>\n","protected":false},"excerpt":{"rendered":"<p>3rd COSC meeting, University of Saskatchewan, Saskatoon, Saskatchewan, May 2-5, 2002 4th COSC meeting, University of Toronto, Toronto, May 21-23, 2004 5th COSC meeting, Universit\u00e9 du Qu\u00e9bec \u00e0 Montr\u00e9al, Montreal, May 2-3, 2007 6th COSC meeting, St. Boniface General Hospital Research Centre, University of Manitoba, Winnipeg, May 7-10, 2009 7th COSC meeting, Northern Ontario School [&hellip;]<\/p>\n","protected":false},"author":5,"featured_media":0,"parent":0,"menu_order":3,"comment_status":"closed","ping_status":"closed","template":"","meta":{"_relevanssi_hide_post":"","_relevanssi_hide_content":"","_relevanssi_pin_for_all":"","_relevanssi_pin_keywords":"","_relevanssi_unpin_keywords":"","_relevanssi_related_keywords":"","_relevanssi_related_include_ids":"","_relevanssi_related_exclude_ids":"","_relevanssi_related_no_append":"","_relevanssi_related_not_related":"","_relevanssi_related_posts":"","_relevanssi_noindex_reason":"","_mi_skip_tracking":false,"_exactmetrics_sitenote_active":false,"_exactmetrics_sitenote_note":"","_exactmetrics_sitenote_category":0,"footnotes":"","_links_to":"","_links_to_target":""},"yoast_head":"<!-- This site is optimized with the Yoast SEO plugin v21.2 - https:\/\/yoast.com\/wordpress\/plugins\/seo\/ -->\n<title>Past Meetings - Canadian Oxidative Stress Consortium<\/title>\n<meta name=\"description\" content=\"3rd COSC meeting, University of Saskatchewan, Saskatoon, Saskatchewan, May 2-5, 2002 4th COSC meeting, University of Toronto, Toronto, May 21-23, 2004 5th\" \/>\n<meta name=\"robots\" content=\"index, follow, max-snippet:-1, max-image-preview:large, max-video-preview:-1\" \/>\n<link rel=\"canonical\" href=\"https:\/\/carleton.ca\/cosc\/past-meetings\/\" \/>\n<meta name=\"twitter:label1\" content=\"Est. reading time\" \/>\n\t<meta name=\"twitter:data1\" content=\"1 minute\" \/>\n<script type=\"application\/ld+json\" class=\"yoast-schema-graph\">{\"@context\":\"https:\/\/schema.org\",\"@graph\":[{\"@type\":\"WebPage\",\"@id\":\"https:\/\/carleton.ca\/cosc\/past-meetings\/\",\"url\":\"https:\/\/carleton.ca\/cosc\/past-meetings\/\",\"name\":\"Past Meetings - Canadian Oxidative Stress Consortium\",\"isPartOf\":{\"@id\":\"https:\/\/carleton.ca\/cosc\/#website\"},\"datePublished\":\"2013-12-14T15:52:47+00:00\",\"dateModified\":\"2025-04-17T14:57:13+00:00\",\"description\":\"3rd COSC meeting, University of Saskatchewan, Saskatoon, Saskatchewan, May 2-5, 2002 4th COSC meeting, University of Toronto, Toronto, May 21-23, 2004 5th\",\"breadcrumb\":{\"@id\":\"https:\/\/carleton.ca\/cosc\/past-meetings\/#breadcrumb\"},\"inLanguage\":\"en-US\",\"potentialAction\":[{\"@type\":\"ReadAction\",\"target\":[\"https:\/\/carleton.ca\/cosc\/past-meetings\/\"]}]},{\"@type\":\"BreadcrumbList\",\"@id\":\"https:\/\/carleton.ca\/cosc\/past-meetings\/#breadcrumb\",\"itemListElement\":[{\"@type\":\"ListItem\",\"position\":1,\"name\":\"Home\",\"item\":\"https:\/\/carleton.ca\/cosc\/\"},{\"@type\":\"ListItem\",\"position\":2,\"name\":\"Past Meetings\"}]},{\"@type\":\"WebSite\",\"@id\":\"https:\/\/carleton.ca\/cosc\/#website\",\"url\":\"https:\/\/carleton.ca\/cosc\/\",\"name\":\"Canadian Oxidative Stress Consortium\",\"description\":\"Carleton University\",\"potentialAction\":[{\"@type\":\"SearchAction\",\"target\":{\"@type\":\"EntryPoint\",\"urlTemplate\":\"https:\/\/carleton.ca\/cosc\/?s={search_term_string}\"},\"query-input\":\"required name=search_term_string\"}],\"inLanguage\":\"en-US\"}]}<\/script>\n<!-- \/ Yoast SEO plugin. -->","yoast_head_json":{"title":"Past Meetings - Canadian Oxidative Stress Consortium","description":"3rd COSC meeting, University of Saskatchewan, Saskatoon, Saskatchewan, May 2-5, 2002 4th COSC meeting, University of Toronto, Toronto, May 21-23, 2004 5th","robots":{"index":"index","follow":"follow","max-snippet":"max-snippet:-1","max-image-preview":"max-image-preview:large","max-video-preview":"max-video-preview:-1"},"canonical":"https:\/\/carleton.ca\/cosc\/past-meetings\/","twitter_misc":{"Est. reading time":"1 minute"},"schema":{"@context":"https:\/\/schema.org","@graph":[{"@type":"WebPage","@id":"https:\/\/carleton.ca\/cosc\/past-meetings\/","url":"https:\/\/carleton.ca\/cosc\/past-meetings\/","name":"Past Meetings - Canadian Oxidative Stress Consortium","isPartOf":{"@id":"https:\/\/carleton.ca\/cosc\/#website"},"datePublished":"2013-12-14T15:52:47+00:00","dateModified":"2025-04-17T14:57:13+00:00","description":"3rd COSC meeting, University of Saskatchewan, Saskatoon, Saskatchewan, May 2-5, 2002 4th COSC meeting, University of Toronto, Toronto, May 21-23, 2004 5th","breadcrumb":{"@id":"https:\/\/carleton.ca\/cosc\/past-meetings\/#breadcrumb"},"inLanguage":"en-US","potentialAction":[{"@type":"ReadAction","target":["https:\/\/carleton.ca\/cosc\/past-meetings\/"]}]},{"@type":"BreadcrumbList","@id":"https:\/\/carleton.ca\/cosc\/past-meetings\/#breadcrumb","itemListElement":[{"@type":"ListItem","position":1,"name":"Home","item":"https:\/\/carleton.ca\/cosc\/"},{"@type":"ListItem","position":2,"name":"Past Meetings"}]},{"@type":"WebSite","@id":"https:\/\/carleton.ca\/cosc\/#website","url":"https:\/\/carleton.ca\/cosc\/","name":"Canadian Oxidative Stress Consortium","description":"Carleton University","potentialAction":[{"@type":"SearchAction","target":{"@type":"EntryPoint","urlTemplate":"https:\/\/carleton.ca\/cosc\/?s={search_term_string}"},"query-input":"required name=search_term_string"}],"inLanguage":"en-US"}]}},"acf":{"banner_image_type":"none","banner_button":"no"},"_links":{"self":[{"href":"https:\/\/carleton.ca\/cosc\/wp-json\/wp\/v2\/pages\/148"}],"collection":[{"href":"https:\/\/carleton.ca\/cosc\/wp-json\/wp\/v2\/pages"}],"about":[{"href":"https:\/\/carleton.ca\/cosc\/wp-json\/wp\/v2\/types\/page"}],"author":[{"embeddable":true,"href":"https:\/\/carleton.ca\/cosc\/wp-json\/wp\/v2\/users\/5"}],"replies":[{"embeddable":true,"href":"https:\/\/carleton.ca\/cosc\/wp-json\/wp\/v2\/comments?post=148"}],"version-history":[{"count":4,"href":"https:\/\/carleton.ca\/cosc\/wp-json\/wp\/v2\/pages\/148\/revisions"}],"predecessor-version":[{"id":2097,"href":"https:\/\/carleton.ca\/cosc\/wp-json\/wp\/v2\/pages\/148\/revisions\/2097"}],"wp:attachment":[{"href":"https:\/\/carleton.ca\/cosc\/wp-json\/wp\/v2\/media?parent=148"}],"curies":[{"name":"wp","href":"https:\/\/api.w.org\/{rel}","templated":true}]}}