{"id":1601,"date":"2018-03-06T22:48:56","date_gmt":"2018-03-07T03:48:56","guid":{"rendered":"https:\/\/carleton.ca\/cosc\/?page_id=1601"},"modified":"2018-05-28T21:21:17","modified_gmt":"2018-05-29T01:21:17","slug":"program","status":"publish","type":"page","link":"https:\/\/carleton.ca\/cosc\/past-meetings\/10th-meeting\/program\/","title":{"rendered":"Final Program"},"content":{"rendered":"<h3 class=\"ecxMsoNormal\" style=\"text-align: center;\"><\/h3>\n<h2 style=\"text-align: center;\"><a href=\"https:\/\/carleton.ca\/cosc\/10th-meeting\/program\/uofa_logo_iii\/\" rel=\"attachment wp-att-1602\"><img decoding=\"async\" loading=\"lazy\" class=\"alignnone size-medium wp-image-1602\" src=\"https:\/\/carleton.ca\/cosc\/wp-content\/uploads\/UofA_Logo_III-240x56.png\" alt=\"\" width=\"240\" height=\"56\" srcset=\"https:\/\/carleton.ca\/cosc\/wp-content\/uploads\/UofA_Logo_III-240x56.png 240w, https:\/\/carleton.ca\/cosc\/wp-content\/uploads\/UofA_Logo_III-160x37.png 160w, https:\/\/carleton.ca\/cosc\/wp-content\/uploads\/UofA_Logo_III-400x94.png 400w, https:\/\/carleton.ca\/cosc\/wp-content\/uploads\/UofA_Logo_III-360x84.png 360w, https:\/\/carleton.ca\/cosc\/wp-content\/uploads\/UofA_Logo_III.png 440w\" sizes=\"(max-width: 240px) 100vw, 240px\" \/> <\/a> <a href=\"https:\/\/carleton.ca\/cosc\/10th-meeting\/program\/cosc_logo_ii\/\" rel=\"attachment wp-att-1603\"><img decoding=\"async\" loading=\"lazy\" class=\"alignnone size-medium wp-image-1603\" src=\"https:\/\/carleton.ca\/cosc\/wp-content\/uploads\/COSC_Logo_II-240x153.jpg\" alt=\"\" width=\"240\" height=\"153\" srcset=\"https:\/\/carleton.ca\/cosc\/wp-content\/uploads\/COSC_Logo_II-240x153.jpg 240w, https:\/\/carleton.ca\/cosc\/wp-content\/uploads\/COSC_Logo_II-160x102.jpg 160w, https:\/\/carleton.ca\/cosc\/wp-content\/uploads\/COSC_Logo_II-400x254.jpg 400w, https:\/\/carleton.ca\/cosc\/wp-content\/uploads\/COSC_Logo_II-360x229.jpg 360w, https:\/\/carleton.ca\/cosc\/wp-content\/uploads\/COSC_Logo_II.jpg 668w\" sizes=\"(max-width: 240px) 100vw, 240px\" \/><\/a><\/h2>\n<h3 style=\"text-align: center;\"><strong>10<sup>th<\/sup> Meeting of the Canadian Oxidative Stress Consortium<\/strong><\/h3>\n<h3 style=\"text-align: center;\"><strong>May 30<sup>th<\/sup> to June 1<sup>st<\/sup>, 2018<\/strong><\/h3>\n<h3 style=\"text-align: center;\"><strong>Katz Group Centre for Pharmacy and Health Research<\/strong><\/h3>\n<h3 style=\"text-align: center;\"><strong>University of Alberta<\/strong><\/h3>\n<h3 style=\"text-align: center;\"><strong>Edmonton, AB<\/strong><\/h3>\n<h3 style=\"text-align: center;\">\u00a0<strong>Chair: Arno G. Siraki<\/strong><\/h3>\n<h3 style=\"text-align: center;\"><strong>Executive Organizing Committee (EOC): Diana Averill-Bates, William Willmore, Christopher Perry, Scott Ryan, Jim Uniacke, Richard Schulz<\/strong><\/h3>\n<h3 style=\"text-align: center;\"><strong>\u00a0<\/strong><strong>Local Organizing Committee (LOC): Dinesh Babu, Bev Berekoff, Ayman El-Kadi, Elaine Leslie, Andrew Morgan, Lynne-Marie Postovit, John Seubert<\/strong><\/h3>\n<h2 style=\"text-align: center;\"><a href=\"https:\/\/carleton.ca\/cosc\/wp-content\/uploads\/Final_Program_10th_COSC_2018.pdf\">COSC Final Program 2018 As A PDF<\/a><\/h2>\n<p>The LOC and EOC for the COSC has put together an outstanding scientific program that brings together today\u2019s leading Canadian researchers in the field of oxidative stress. The University of Alberta COSC 2018 Meeting has ten symposia, including seven Scientific Symposia and three Trainee Presentation Symposia organized from the submitted abstracts. \u00a0Scientific Symposia are held at the <strong>Allard Family Lecture Theatre, Room 1080 Katz Group Centre for Pharmacy and Health Research<\/strong>. Registration, exhibits, poster sessions, lunch and coffee breaks will be at held at the <strong>Katz Atrium<\/strong>.<\/p>\n<hr \/>\n<p><\/p>\n<h2 style=\"text-align: center;\">Final Program Information<\/h2>\n<h3 style=\"text-align: center;\"><strong><u>Wednesday, May 30, 2018<\/u><\/strong><\/h3>\n<p><strong>All events held in Allard Family Lecture Theatre, Room 1080 Katz Group Centre for Pharmacy and Health Research<\/strong><\/p>\n<p><strong>8:00 \u2013 8:30 AM<\/strong><br \/>\n<em>Katz Atrium<br \/>\n<\/em><strong>Registration<\/strong><\/p>\n<hr \/>\n<p><strong>8:40-9:00 AM<\/strong><br \/>\n<strong>Opening Ceremonies and Welcome<\/strong><br \/>\n<em>Arno Siraki (COSC 2018 Meeting Chair), Neal Davies, Ali Declan<\/em><\/p>\n<hr \/>\n<p><strong>9:00-10:00 AM<\/strong><br \/>\n<strong>Session I: Oxidative Stress and Cancer<\/strong><br \/>\n<em>Chairs: Diana Averill-Bates, Andrew Morgan<\/em><\/p>\n<p><strong><br \/>\nGurmit Singh<\/strong>, McMaster University, Hamilton, Ontario<br \/>\n<strong>&#8220;Oxidative stress induced regulation of xCT via STAT3&#8221;<\/strong><\/p>\n<p><strong><br \/>\nVolker Blank<\/strong>, McGill University, Montr\u00e9al, Quebec<br \/>\n<strong>&#8220;Linking bZIP transcription factor function to stress signaling and cancer&#8221;<\/strong><\/p>\n<p><strong><br \/>\nBill Willmore<\/strong>, Carleton University, Ottawa, Ontario<br \/>\n<strong>&#8220;Nuclear factor (erythroid-derived 2)-like-1 (NFE2L1 or Nrf1): at the cross roads of stress responses&#8221;<\/strong><\/p>\n<hr \/>\n<p><strong>10:00-10:15 AM<\/strong><br \/>\n<strong>Coffee\u00a0&amp; Tea Break<\/strong> Refreshments will be served<\/p>\n<hr \/>\n<p><strong>10:15-11:15 PM<\/strong><br \/>\n<strong>Session I: Oxidative Stress and Cancer (continued)<\/strong><br \/>\n<em>Chairs: Diana Averill-Bates, Andrew Morgan<\/em><\/p>\n<p><strong><br \/>\nLynne-Marie Postovit<\/strong>, University of Alberta, Edmonton, Alberta<br \/>\n<strong>&#8220;Oxygen as a regulator of the epigenome&#8221;<\/strong><\/p>\n<p><strong><br \/>\nAlain Nepveu<\/strong>, McGill University, Montr\u00e9al, Quebec<br \/>\n<strong>&#8220;Reactive-oxygen species and repair of oxidative DNA damage in cancer cells&#8221;<\/strong><\/p>\n<p><strong><br \/>\nMichael Weinfeld<\/strong>, University of Alberta\/CCI, Edmonton, Alberta<br \/>\n<strong>&#8220;The role of polynucleotide kinase\/phosphatase in the repair of oxidative DNA damage&#8221;<\/strong><\/p>\n<hr \/>\n<p><strong>11:15-12:00 AM<\/strong><br \/>\n<strong>Session II: Selected Trainee Presentations<\/strong><br \/>\n<em>Chair: David Josephy<\/em><\/p>\n<p><strong>Adrian Young<\/strong>, Memorial University, St. John\u2019s, Newfoundland<br \/>\n<strong>&#8220;Partial loss of matrix thiol oxidoreductase glutaredoxin-2 (GRX2) protects against diet-induced obesity by altering the bioenergetics of muscle mitochondria&#8221;<\/strong><\/p>\n<p><strong>Zaid Almaayah<\/strong>, University of Alberta, Edmonton, Alberta<br \/>\n<strong>&#8220;A novel doxorubicin-vitamin D conjugate suppresses the growth of MG63 cells through an oxidative stress-dependent mechanism&#8221;<\/strong><\/p>\n<p><strong>Rowida Mohamed<\/strong>, Carleton University, Ottawa, Ontario<br \/>\n<strong>&#8220;The role of stressors on the regulation of Wnt expression by Porcupine and Wntless in human colorectal carcinoma cells&#8221;<\/strong><\/p>\n<p><strong>Edouard Charlebois<\/strong>, McGill University, Montr\u00e9al, Quebec<br \/>\n<strong>&#8220;Hepatocellular transferrin receptor 1 controls systemic iron homeostasis by limiting iron-dependent induction of hepcidin&#8221;<\/strong><\/p>\n<p><strong>Ahmed Essa<\/strong>, University of Alberta, Edmonton, Alberta<br \/>\n<strong>&#8220;Preserving mitochondrial function and limiting NLRP3 inflammasome activation as novel cardioprotective effects of n3-PUFAs against ischemia-reperfusion injury&#8221;<\/strong><\/p>\n<hr \/>\n<p><strong>12:00-2:00 PM<\/strong><br \/>\n<strong>Lunch<\/strong> (Katz Atrium), Exhibits, <strong>Poster Session I<\/strong><\/p>\n<hr \/>\n<p><strong>2:00-2:30 AM<\/strong><br \/>\n<strong>Keynote Lecture 1:<\/strong><br \/>\n<strong>Koichiro Tsuchiya<\/strong>, Department of Medical Pharmacology, Institute of Biomedical Sciences, Tokushima University, Japan<br \/>\n<strong>&#8220;Nitrite exerts its physiological effects through NO-dependent and -independent manner&#8221;<\/strong><br \/>\n<em>Chair: Arno Siraki<\/em><\/p>\n<hr \/>\n<p><strong>2:30-3:30 PM<\/strong><br \/>\n<strong>Session III: Pulmonary and Cardiovascular Disease<\/strong><br \/>\n<em>Chairs: Alain Nevpeu, Lindsey Felix<\/em><\/p>\n<p><strong>Paige Lacy<\/strong>, University of Alberta, Edmonton, Alberta.<br \/>\n<strong>&#8220;Regulation of superoxide release from eosinophils&#8221;<\/strong><\/p>\n<p><strong>Stan Kubow<\/strong>, McGill University, Montreal, Quebec<br \/>\n<strong>&#8220;Isoprostane isoforms and isofurans provide differential oxidative stress associations with cardiometabolic risk, environmental contaminant exposure and metabolic disruptions&#8221;<\/strong><\/p>\n<p><strong>Ayman El-Kadi<\/strong>, University of Alberta, Edmonton, Alberta<br \/>\n<strong>&#8220;Redox mechanisms of cellular hypertrophy in cardiomyocytes&#8221;<\/strong><\/p>\n<hr \/>\n<p><strong>3:30-3:40 PM<\/strong><br \/>\n<strong>Break<\/strong><\/p>\n<hr \/>\n<p><strong>3:40-4:20 PM<\/strong><br \/>\n<strong>Session III: Pulmonary and Cardiovascular Disease (continued)<\/strong><br \/>\n<em>Chairs: Alain Nevpeu, Lindsey Felix<\/em><\/p>\n<p><strong>Po-Yin Cheung<\/strong>, University of Alberta, Edmonton, Alberta<br \/>\n<strong>&#8220;Oxidative stress in transition&#8221;<\/strong><\/p>\n<p><strong>Jason Acker<\/strong>, University of Alberta, Edmonton, Alberta<br \/>\n<strong>&#8220;The role that hemoglobin oxidation plays in the storage injury of liquid stored and cryopreserved RBCs and the potential this has in affecting patient outcomes&#8221;<\/strong><\/p>\n<hr \/>\n<p><strong>4:30-6:30 PM<\/strong><br \/>\n<strong>Networking &amp; Hospitality<\/strong> \u2013 Earl\u2019s Kitchen + Bar (8629 112 St NW)<\/p>\n<hr \/>\n<h3 style=\"text-align: center;\"><strong><u>Thursday, May 31, 2018<\/u><\/strong><\/h3>\n<p><strong>All events held in Allard Family Lecture Theatre, Room 1080 Katz Group Centre for Pharmacy and Health Research<\/strong><\/p>\n<p><strong>9:00-10:00 AM<\/strong><br \/>\n<strong>Session IV: Aging and Mitochondria<\/strong><br \/>\n<em>Chairs: Lindsey Suh, Nathalie Grandvaux<\/em><\/p>\n<p><strong>Evangelos Michelakis<\/strong>, University of Alberta, Edmonton, Alberta<br \/>\n<strong>&#8220;Mitochondria as regulators of the epigenome under stress conditions&#8221;<\/strong><\/p>\n<p><strong>Ryan Mailloux<\/strong>, Memorial University, St John\u2019s, Newfoundland<br \/>\n<strong>&#8220;Defining the function of mitochondrial redox switches in the modulation of metabolism and ROS production&#8221;<\/strong><\/p>\n<p><strong>John Seubert<\/strong>, University of Alberta, Edmonton, Alberta<br \/>\n<strong>&#8220;Novel epoxylipids and mitochondria in aged hearts&#8221;<\/strong><\/p>\n<hr \/>\n<p><strong>10:00-10:15 AM<\/strong><br \/>\n<strong>Break<\/strong><\/p>\n<hr \/>\n<p><strong>10:15-11:05 PM<\/strong><br \/>\n<strong>Keynote Lecture 2:<\/strong><br \/>\n<strong>Dr. Marc Fariss<\/strong>, CSO ToxSynergy<br \/>\n<strong>&#8220;Protective role of mitochondrial vitamin E in toxic oxidative stress&#8221;<\/strong><br \/>\n<em>Chair:Arno Siraki<\/em><\/p>\n<hr \/>\n<p><strong>11:05-11:20 AM<\/strong><br \/>\n<strong>Break<\/strong><\/p>\n<hr \/>\n<p><strong>11:20-12:00 AM<\/strong><br \/>\n<strong>Session IV: Aging and Mitochondria (continued)<\/strong><br \/>\n<em>Chairs: Lindsey Suh, Nathalie Grandvaux<\/em><\/p>\n<p><strong>Michel Lebel<\/strong>, Universit\u00e9 Laval, Qu\u00e9bec, Quebec<br \/>\n<strong>&#8220;The impact of vitamin C on a premature aging mouse model of Werner syndrome&#8221;<\/strong><\/p>\n<p><strong>Daniel Figeys<\/strong>, University of Ottawa, Ottawa, Ontario<strong><br \/>\n&#8220;The circadian clock and aging&#8221;<\/strong><\/p>\n<hr \/>\n<p><strong>12:00-1:30 PM<\/strong><br \/>\n<strong>Lunch<\/strong> (Katz Atrium), Exhibits, <strong>Poster Session II<\/strong><\/p>\n<hr \/>\n<p><strong>1:30-2:20 PM<\/strong><br \/>\n<strong>Keynote Lecture 3:<\/strong><br \/>\n<strong>Dr. Christine Winterbourn<\/strong>: Centre for Free Radical Research, University of Otago, Christchurch, New Zealand<br \/>\n<strong>&#8220;Neutrophils, hypochlorous acid, and the battle against bacterial infection\u201d<\/strong><br \/>\n<em>Chair:Arno Siraki<\/em><\/p>\n<hr \/>\n<p><strong>2:20-2:30 AM<\/strong><br \/>\n<strong>Break<\/strong><\/p>\n<hr \/>\n<p><strong>2:30-3:50 PM<\/strong><br \/>\n<strong>Session V: Oxidative Stress and Toxicology dedicated to <a href=\"https:\/\/carleton.ca\/cosc\/10th-meeting\/peter-j-obrien\/\">Peter J. O\u2019Brien<\/a><\/strong><\/p>\n<p><strong>Arno Siraki<\/strong>, University of Alberta, Edmonton, Alberta<br \/>\n<strong>&#8220;Peter J. O\u2019Brien \u2013 impact and contribution to oxidative stress in toxicology&#8221;<\/strong><\/p>\n<p><strong>David Josephy<\/strong>, University of Guelph, Guelph, Ontario.<br \/>\n<strong>&#8220;Aromatic amines, nitroaromatics, nitroanilines, and azo dyes: wandering through the science of toxicology: following Peter J. O&#8217;Brien&#8221;<\/strong><\/p>\n<p><strong>Diana Averill-Bates<\/strong>, Universit\u00e9 du Qu\u00e9bec \u00e0 Montr\u00e9al, Montr\u00e9al, Quebec<br \/>\n<strong>&#8220;Induction of peroxiredoxins by heat shock is mediated by reactive oxygen species&#8221;<\/strong><\/p>\n<p><strong>Shirley X.Y. Wu<\/strong>, University of Toronto, Toronto, Ontario<br \/>\n<strong>&#8220;Turning bad oxidative stress to good one by free radical-manipulating nanotechnology for improving cancer therapies&#8221;<\/strong><\/p>\n<hr \/>\n<p><strong>3:50-4:00 PM<\/strong><br \/>\n<strong>Break<\/strong><\/p>\n<hr \/>\n<p><strong>4:00-5:00 PM<\/strong><br \/>\n<strong>Session VI: Selected Trainee Presentations<\/strong><br \/>\n<em>Chair: William Willmore<\/em><\/p>\n<p><strong>Andrew Morgan<\/strong>, University of Alberta, Edmonton, Alberta<br \/>\n<strong>&#8220;Phenol red in cell-culture media: it does more than indicate pH&#8221;<\/strong><\/p>\n<p><strong>Nagakannan Pandian<\/strong>, University of Manitoba, Winnipeg, Manitoba<br \/>\n<strong>&#8220;A novel executioner role for cathepsin B in Ferroptotic cell death&#8221;<\/strong><\/p>\n<p><strong>Navid Koleini<\/strong>, University of Manitoba, Winnipeg, Manitoba<br \/>\n<strong>&#8220;Non-mitogenic or mitogenic FGF2 protects cardiomyocytes from acute Doxorubicin-induced damage via protein kinase CK2 -independent or -dependent pathways, respectively&#8221;<\/strong><\/p>\n<p><strong>Dinesh Babu<\/strong>, University of Alberta, Edmonton, Alberta<br \/>\n<strong>&#8220;Eosinophil peroxidase as an activator of isoniazid&#8221;<\/strong><\/p>\n<p><strong>Jonathon Lee<\/strong>, University of Calgary, Calgary, Alberta<br \/>\n<strong>&#8220;Failures in fatty acid metabolism as an exponent of mitochondrial dysfunction in aging neurons&#8221;<\/strong><\/p>\n<p><strong>Sherif Shoeib<\/strong>, University of Alberta, Edmonton, Alberta<br \/>\n<strong>&#8220;Resveratrol protects against angiotensin II-induced cellular hypertrophy through inhibition of CYP1B1\/mid-chain hydroxyeicosatetraenoic acid mechanism&#8221;<\/strong><\/p>\n<hr \/>\n<p><strong>7:00-11:00 PM<\/strong><br \/>\n<strong>Banquet and Awards<\/strong>\u00a0Coast Hotel<\/p>\n<hr \/>\n<h3 style=\"text-align: center;\"><strong><u>Friday, June 1, 2018<\/u><\/strong><\/h3>\n<p><strong>All events held in Allard Family Lecture Theatre, Room 1080 Katz Group Centre for Pharmacy and Health Research<\/strong><\/p>\n<p><strong>9:00-10:00 AM<\/strong><br \/>\n<strong>Session VII: Oxidative Stress in Neurology<\/strong><br \/>\n<em>Chairs: Eftekhar Eftekharpour, Dinesh Babu<\/em><\/p>\n<p><strong>Glen Baker<\/strong>, University of Alberta, Edmonton, Alberta.<br \/>\n<strong>&#8220;Effects of the MAO-inhibiting antidepressant and carbonyl scavenger phenelzine on oxidative stress&#8221;<\/strong><\/p>\n<p><strong>Willem Wildering<\/strong>, University of Calgary, Calgary, Alberta.<br \/>\n<strong>&#8220;Lipid peroxidation\/lipotoxicity as the &#8216;perfect storm\u2019 of the neurobiology of aging&#8221;<\/strong><\/p>\n<p><strong>Ed Krol<\/strong>, University of Saskatchewan, Saskatoon, Saskatchewan<br \/>\n<strong>&#8220;Nordihydroguaiaretic acid oxidation and its influence on misfolding of alpha-synuclein&#8221;<\/strong><\/p>\n<hr \/>\n<p><strong>10:00-10:15 AM<\/strong><br \/>\n<strong>Break<\/strong><\/p>\n<hr \/>\n<p><strong>10:15-11:15 AM<\/strong><br \/>\n<strong>Session VII: Oxidative Stress in Neurology (continued)<\/strong><br \/>\n<em>Chairs: Eftekhar Eftekharpour, Dinesh Babu<\/em><\/p>\n<p><strong>Eftekhar Eftekharpour<\/strong>, University of Manitoba, Winnipeg, Manitoba.<br \/>\n<strong>&#8220;The contribution of thioredoxin system to autophagy-apoptosis: interplay in oxidative stress in neural cells&#8221;<\/strong><\/p>\n<p><strong>Nathalie Grandvaux<\/strong>, Universit\u00e9 de Montr\u00e9al, Montr\u00e9al, Quebec.<br \/>\n<strong>&#8220;Regulation of the interferon-mediated antiviral defense by redox modifications of signaling proteins&#8221;<\/strong><\/p>\n<p><strong>Thomas Simmen<\/strong>, University of Alberta, Edmonton, Alberta<br \/>\n<strong>&#8220;ER-mitochondria contacts adapt to metabolic changes in cancer and neurodegeneration&#8221;<\/strong><\/p>\n<hr \/>\n<p><strong>11:15-11:25 AM<\/strong><br \/>\n<strong>Break<\/strong><\/p>\n<hr \/>\n<p><strong>11:25-12:05 PM<\/strong><br \/>\n<strong>Session VIII: Oxidative Stress, Health and Disease<\/strong><br \/>\n<em>Chairs: Zaid Almaayah, Edouard Charlebois<\/em><\/p>\n<p><strong>Siegfried Hekimi<\/strong>, Department of Biology, McGill University, Montr\u00e9al, Quebec<br \/>\n<strong>&#8220;Making ubiquinone bioavailable&#8221;<\/strong><\/p>\n<p><strong>Elaine Leslie<\/strong>, University of Alberta, Edmonton, Alberta<br \/>\n<strong>&#8220;Human cellular export pathways for arsenic&#8221;<\/strong><\/p>\n<hr \/>\n<p><strong>12:05-1:20 PM<\/strong><br \/>\n<strong>Lunch, Exhibits, Poster Take Down, COSC Executive Meeting<\/strong><\/p>\n<hr \/>\n<p><strong>1:20-2:20 PM<\/strong><br \/>\n<strong>Session VIII: Oxidative Stress, Health and Disease (continued)<\/strong><br \/>\n<em>Chairs: Zaid Almaayah, Edouard Charlebois<\/em><\/p>\n<p><strong>Kostas Pantopoulos<\/strong>, McGill University, Montreal, Quebec<br \/>\n<strong>&#8220;Hepcidin-mediated hypoferremia in inflammation requires Bmp6\/Hjv\/Smad signaling and physiological hepatic iron content&#8221;<\/strong><\/p>\n<p><strong>James Friel<\/strong>, University of Manitoba, Winnipeg, Manitoba<br \/>\n<strong>&#8220;Feeding practice influences gut microbiome composition in preterm infants and the association with oxidative stress: A prospective cohort study&#8221;<\/strong><\/p>\n<p><strong>Dajana Vuckovic<\/strong>, Concordia University, Montr\u00e9al, Quebec<br \/>\n<strong>&#8220;Improving accuracy of thiol measurements: Comparison of N-ethyl maleimide and N-(1-phenylethyl) maleimide derivatization in combination with liquid chromatography &#8211; mass spectrometry analysis&#8221;<\/strong><\/p>\n<hr \/>\n<p><strong>2:20-2:30 AM<\/strong><br \/>\n<strong>Break<\/strong><\/p>\n<hr \/>\n<p><strong>2:30-3:30 PM<\/strong><br \/>\n<strong>Session VIII: Oxidative Stress, Health and Disease (continued)<\/strong><br \/>\n<em>Chairs: Amir Tabatabaei, Sherif Shoeib<\/em><\/p>\n<p><strong>Thomas Back<\/strong>, University of Calgary, Calgary, Alberta<br \/>\n<strong>&#8220;Small-molecule organoselenium mimetics of the biological antioxidant glutathione peroxidase&#8221;<\/strong><\/p>\n<p><strong>Stephane Bourque<\/strong>, University of Alberta, Edmonton, Alberta<br \/>\n<strong>&#8220;Fetal iron deficiency causes sex and organ-specific patterns of mitochondrial dysfunction and oxidative stress&#8221;<\/strong><\/p>\n<p><strong>Ann English<\/strong>, Concordia University, Montr\u00e9al, Quebec<br \/>\n<strong>&#8220;Direct monitoring of changes in heme loading of an antioxidant heme protein in live cells induced by hydrogen peroxide&#8221;<\/strong><\/p>\n<hr \/>\n<p><strong>3:30-3:40 PM<\/strong><br \/>\n<strong>Closing Remarks<\/strong><br \/>\nArno Siraki, COSC 2018 Meeting Chair<\/p>\n<hr \/>\n<p><\/p>\n","protected":false},"excerpt":{"rendered":"<p>10th Meeting of the Canadian Oxidative Stress Consortium May 30th to June 1st, 2018 Katz Group Centre for Pharmacy and Health Research University of Alberta Edmonton, AB \u00a0Chair: Arno G. Siraki Executive Organizing Committee (EOC): Diana Averill-Bates, William Willmore, Christopher Perry, Scott Ryan, Jim Uniacke, Richard Schulz \u00a0Local Organizing Committee (LOC): Dinesh Babu, Bev Berekoff, [&hellip;]<\/p>\n","protected":false},"author":5,"featured_media":0,"parent":1468,"menu_order":0,"comment_status":"open","ping_status":"closed","template":"","meta":{"_relevanssi_hide_post":"","_relevanssi_hide_content":"","_relevanssi_pin_for_all":"","_relevanssi_pin_keywords":"","_relevanssi_unpin_keywords":"","_relevanssi_related_keywords":"","_relevanssi_related_include_ids":"","_relevanssi_related_exclude_ids":"","_relevanssi_related_no_append":"","_relevanssi_related_not_related":"","_relevanssi_related_posts":"","_relevanssi_noindex_reason":"","_mi_skip_tracking":false,"_exactmetrics_sitenote_active":false,"_exactmetrics_sitenote_note":"","_exactmetrics_sitenote_category":0,"footnotes":"","_links_to":"","_links_to_target":""},"yoast_head":"<!-- This site is optimized with the Yoast SEO plugin v21.2 - https:\/\/yoast.com\/wordpress\/plugins\/seo\/ -->\n<title>Final Program - Canadian Oxidative Stress Consortium<\/title>\n<meta name=\"description\" content=\"10th Meeting of the Canadian Oxidative Stress Consortium May 30th to June 1st, 2018 Katz Group Centre for Pharmacy and Health Research University of\" \/>\n<meta name=\"robots\" content=\"index, follow, max-snippet:-1, max-image-preview:large, max-video-preview:-1\" \/>\n<link rel=\"canonical\" href=\"https:\/\/carleton.ca\/cosc\/past-meetings\/10th-meeting\/program\/\" \/>\n<meta name=\"twitter:label1\" content=\"Est. reading time\" \/>\n\t<meta name=\"twitter:data1\" content=\"7 minutes\" \/>\n<script type=\"application\/ld+json\" class=\"yoast-schema-graph\">{\"@context\":\"https:\/\/schema.org\",\"@graph\":[{\"@type\":\"WebPage\",\"@id\":\"https:\/\/carleton.ca\/cosc\/past-meetings\/10th-meeting\/program\/\",\"url\":\"https:\/\/carleton.ca\/cosc\/past-meetings\/10th-meeting\/program\/\",\"name\":\"Final Program - Canadian Oxidative Stress Consortium\",\"isPartOf\":{\"@id\":\"https:\/\/carleton.ca\/cosc\/#website\"},\"datePublished\":\"2018-03-07T03:48:56+00:00\",\"dateModified\":\"2018-05-29T01:21:17+00:00\",\"description\":\"10th Meeting of the Canadian Oxidative Stress Consortium May 30th to June 1st, 2018 Katz Group Centre for Pharmacy and Health Research University of\",\"breadcrumb\":{\"@id\":\"https:\/\/carleton.ca\/cosc\/past-meetings\/10th-meeting\/program\/#breadcrumb\"},\"inLanguage\":\"en-US\",\"potentialAction\":[{\"@type\":\"ReadAction\",\"target\":[\"https:\/\/carleton.ca\/cosc\/past-meetings\/10th-meeting\/program\/\"]}]},{\"@type\":\"BreadcrumbList\",\"@id\":\"https:\/\/carleton.ca\/cosc\/past-meetings\/10th-meeting\/program\/#breadcrumb\",\"itemListElement\":[{\"@type\":\"ListItem\",\"position\":1,\"name\":\"Home\",\"item\":\"https:\/\/carleton.ca\/cosc\/\"},{\"@type\":\"ListItem\",\"position\":2,\"name\":\"Past Meetings\",\"item\":\"https:\/\/carleton.ca\/cosc\/past-meetings\/\"},{\"@type\":\"ListItem\",\"position\":3,\"name\":\"10th Meeting\",\"item\":\"https:\/\/carleton.ca\/cosc\/past-meetings\/10th-meeting\/\"},{\"@type\":\"ListItem\",\"position\":4,\"name\":\"Final Program\"}]},{\"@type\":\"WebSite\",\"@id\":\"https:\/\/carleton.ca\/cosc\/#website\",\"url\":\"https:\/\/carleton.ca\/cosc\/\",\"name\":\"Canadian Oxidative Stress Consortium\",\"description\":\"Carleton University\",\"potentialAction\":[{\"@type\":\"SearchAction\",\"target\":{\"@type\":\"EntryPoint\",\"urlTemplate\":\"https:\/\/carleton.ca\/cosc\/?s={search_term_string}\"},\"query-input\":\"required name=search_term_string\"}],\"inLanguage\":\"en-US\"}]}<\/script>\n<!-- \/ Yoast SEO plugin. -->","yoast_head_json":{"title":"Final Program - Canadian Oxidative Stress Consortium","description":"10th Meeting of the Canadian Oxidative Stress Consortium May 30th to June 1st, 2018 Katz Group Centre for Pharmacy and Health Research University of","robots":{"index":"index","follow":"follow","max-snippet":"max-snippet:-1","max-image-preview":"max-image-preview:large","max-video-preview":"max-video-preview:-1"},"canonical":"https:\/\/carleton.ca\/cosc\/past-meetings\/10th-meeting\/program\/","twitter_misc":{"Est. reading time":"7 minutes"},"schema":{"@context":"https:\/\/schema.org","@graph":[{"@type":"WebPage","@id":"https:\/\/carleton.ca\/cosc\/past-meetings\/10th-meeting\/program\/","url":"https:\/\/carleton.ca\/cosc\/past-meetings\/10th-meeting\/program\/","name":"Final Program - Canadian Oxidative Stress Consortium","isPartOf":{"@id":"https:\/\/carleton.ca\/cosc\/#website"},"datePublished":"2018-03-07T03:48:56+00:00","dateModified":"2018-05-29T01:21:17+00:00","description":"10th Meeting of the Canadian Oxidative Stress Consortium May 30th to June 1st, 2018 Katz Group Centre for Pharmacy and Health Research University of","breadcrumb":{"@id":"https:\/\/carleton.ca\/cosc\/past-meetings\/10th-meeting\/program\/#breadcrumb"},"inLanguage":"en-US","potentialAction":[{"@type":"ReadAction","target":["https:\/\/carleton.ca\/cosc\/past-meetings\/10th-meeting\/program\/"]}]},{"@type":"BreadcrumbList","@id":"https:\/\/carleton.ca\/cosc\/past-meetings\/10th-meeting\/program\/#breadcrumb","itemListElement":[{"@type":"ListItem","position":1,"name":"Home","item":"https:\/\/carleton.ca\/cosc\/"},{"@type":"ListItem","position":2,"name":"Past Meetings","item":"https:\/\/carleton.ca\/cosc\/past-meetings\/"},{"@type":"ListItem","position":3,"name":"10th Meeting","item":"https:\/\/carleton.ca\/cosc\/past-meetings\/10th-meeting\/"},{"@type":"ListItem","position":4,"name":"Final Program"}]},{"@type":"WebSite","@id":"https:\/\/carleton.ca\/cosc\/#website","url":"https:\/\/carleton.ca\/cosc\/","name":"Canadian Oxidative Stress Consortium","description":"Carleton University","potentialAction":[{"@type":"SearchAction","target":{"@type":"EntryPoint","urlTemplate":"https:\/\/carleton.ca\/cosc\/?s={search_term_string}"},"query-input":"required name=search_term_string"}],"inLanguage":"en-US"}]}},"acf":{"banner_image_type":"none"},"_links":{"self":[{"href":"https:\/\/carleton.ca\/cosc\/wp-json\/wp\/v2\/pages\/1601"}],"collection":[{"href":"https:\/\/carleton.ca\/cosc\/wp-json\/wp\/v2\/pages"}],"about":[{"href":"https:\/\/carleton.ca\/cosc\/wp-json\/wp\/v2\/types\/page"}],"author":[{"embeddable":true,"href":"https:\/\/carleton.ca\/cosc\/wp-json\/wp\/v2\/users\/5"}],"replies":[{"embeddable":true,"href":"https:\/\/carleton.ca\/cosc\/wp-json\/wp\/v2\/comments?post=1601"}],"version-history":[{"count":3,"href":"https:\/\/carleton.ca\/cosc\/wp-json\/wp\/v2\/pages\/1601\/revisions"}],"predecessor-version":[{"id":1824,"href":"https:\/\/carleton.ca\/cosc\/wp-json\/wp\/v2\/pages\/1601\/revisions\/1824"}],"up":[{"embeddable":true,"href":"https:\/\/carleton.ca\/cosc\/wp-json\/wp\/v2\/pages\/1468"}],"wp:attachment":[{"href":"https:\/\/carleton.ca\/cosc\/wp-json\/wp\/v2\/media?parent=1601"}],"curies":[{"name":"wp","href":"https:\/\/api.w.org\/{rel}","templated":true}]}}