{"id":1939,"date":"2019-10-04T00:15:08","date_gmt":"2019-10-04T04:15:08","guid":{"rendered":"https:\/\/carleton.ca\/cosc\/?page_id=1939"},"modified":"2022-10-22T23:52:21","modified_gmt":"2022-10-23T03:52:21","slug":"sponsor-information","status":"publish","type":"page","link":"https:\/\/carleton.ca\/cosc\/sponsor-information\/","title":{"rendered":"Sponsor Information"},"content":{"rendered":"<table style=\"border-collapse: collapse; width: 100%;\">\n<tbody>\n<tr>\n<td style=\"width: 54.0765%;\"><strong>Dr Diana Averill-Bates, PhD<\/strong><br \/>\nChair, COSC 2023 Organizing Committee<br \/>\nProfessor of Biochemistry<br \/>\nD\u00e9partement des sciences biologiques<br \/>\nFacult\u00e9 des sciences<br \/>\nUniversit\u00e9 du Qu\u00e9bec \u00e0 Montr\u00e9al<br \/>\nTel: (514) 987-3000 x4811<br \/>\nEmail : &#97;&#x76;&#x65;r&#105;&#x6c;&#x6c;&#46;&#100;&#x69;a&#110;&#x61;&#x40;u&#113;&#x61;m&#46;&#x63;&#x61;<\/td>\n<td style=\"width: 45.9235%;\"><strong>Dr Kostas Pantopolous, PhD<\/strong><br \/>\nCo-chair, COSC 2023 Organizing Committee Professor, Department of Medicine<br \/>\nMcGill University<br \/>\nLady Davis Institute for Medical Research Jewish General Hospital<br \/>\nTel: (514) 340-8222 x25293<br \/>\nEmail: &#x6b;&#111;&#x73;&#x74;a&#x73;&#46;p&#x61;&#110;t&#x6f;&#112;&#x6f;&#x75;l&#x6f;&#115;&#64;&#x6d;&#99;g&#x69;&#108;&#x6c;&#x2e;&#99;&#x61;<\/td>\n<\/tr>\n<\/tbody>\n<\/table>\n<h3 style=\"text-align: center;\"><strong>11th Meeting of the Canadian Oxidative Stress Consortium<\/strong><\/h3>\n<h3 style=\"text-align: center;\"><strong>COSC 2023<\/strong><\/h3>\n<h3 style=\"text-align: center;\"><strong>May 10 to 12, 2023<\/strong><\/h3>\n<p style=\"text-align: center;\"><strong>Jewish General Hospital, a McGill University Teaching Hospital<\/strong><\/p>\n<p style=\"text-align: center;\"><strong>Montr\u00e9al, Qu\u00e9bec, Canada<\/strong><\/p>\n<p style=\"text-align: center;\"><a href=\"https:\/\/carleton.ca\/cosc\/11th-meeting\/\">https:\/\/carleton.ca\/cosc\/11th-meeting\/<\/a><\/p>\n<p style=\"text-align: center;\"><a href=\"https:\/\/carleton.ca\/cosc\/wp-content\/uploads\/COSC_2020_Conference_Sponsor_Info.pdf\" target=\"_blank\" rel=\"noopener noreferrer\">SUMMARY OF SPONSORSHIP OPPORTUNITIES<\/a><\/p>\n<p>Outlined below are the various ways in which you can participate in COSC 2023. Please feel free to<br \/>\ncontact <strong>Dr Diana Averill-Bates<\/strong> (<a href=\"ma&#105;&#108;&#116;&#x6f;&#x3a;&#x61;&#x76;er&#105;&#108;&#108;&#x2e;&#x64;&#x69;&#x61;na&#64;&#117;&#113;&#x61;&#x6d;&#x2e;&#x63;a\">a&#118;&#101;&#114;&#x69;&#x6c;&#x6c;&#46;d&#105;&#97;&#x6e;&#x61;&#x40;&#x75;qa&#109;&#46;&#x63;&#x61;<\/a>; 514-987-3000 x 4811), <strong>Dr Kostas Pantopolous<\/strong><br \/>\n(<a href=\"&#109;&#x61;i&#108;&#x74;o&#58;&#x6b;o&#115;&#x74;a&#115;&#x2e;p&#97;&#x6e;t&#111;&#x70;o&#117;&#x6c;o&#115;&#x40;m&#99;&#x67;i&#108;&#x6c;&#46;&#x63;&#x61;\">k&#111;&#115;&#x74;&#x61;s&#46;&#112;&#x61;&#x6e;&#x74;o&#112;&#111;&#x75;&#x6c;os&#64;&#x6d;&#x63;&#x67;i&#108;&#108;&#x2e;&#x63;a<\/a>) with any questions or requests that you may have.<\/p>\n<p><strong>Conference Support Levels (all amounts are in Canadian dollars)<\/strong><\/p>\n<p>Platinum $10,000 or greater Gold $5,000<br \/>\nSilver $2,500<br \/>\nBronze $1,000 Supporter up to $999<\/p>\n<p>Your cumulative support from the list below determines your organization\u2019s sponsorship category as<br \/>\ndefined above.<\/p>\n<p><strong>Benefits of Conference Sponsorship<\/strong><\/p>\n<p>\u2022 A pre-conference delegate list (available from 15 April 2020 to 11 May 2020)<br \/>\n\u2022 A post-conference delegate list (provided on or before 15 June 2020)<br \/>\n\u2022 Recognition in the final downloadable PDF program and meeting website with links to your<br \/>\ncorporate\/institution website<br \/>\n\u2022 Recognition in conference promotional material<br \/>\n\u2022 Recognition on prominent conference event signage (e.g., posters, advertisements)<\/p>\n<p><strong>Plenary Lecture and Symposium Support<\/strong><\/p>\n<p><em><strong>Plenary Lecture Support<\/strong><\/em> ($5,000 each): This level of sponsorship will support one of the two COSC<br \/>\n2020 plenary speakers to travel and deliver a presentation in one of the plenary sessions. Your organization\u2019s sponsorship and logos\/advertisements will be clearly highlighted at the session and will be prominently displayed on the keynote-lecture slide and in sponsors\u2019 pages in the program.<\/p>\n<p><em><strong>Symposium Support<\/strong><\/em> ($5,000): This level of sponsorship will support a COSC 2020 symposium during the conference. Your organization\u2019s sponsorship and logo will be clearly highlighted during the symposium, and in the symposium and sponsors\u2019 pages in the program.<\/p>\n<p><em><strong>Invited Speaker Support<\/strong><\/em> ($2,000): This level of sponsorship will offset travel, accommodation and registration expenses for a COSC 2020 Canadian invited speaker. Your organization\u2019s sponsorship will be clearly highlighted at that session, and your logo will be added to the relevant section(s) in the program. You may identify your speaker of choice.<\/p>\n<p>Support for plenary lectures, symposia and invited speakers presents <strong>exclusive sponsorship opportunities<\/strong>. These include recognition on the COSC 2020 conference website, acknowledgement in all conference materials including the program; acknowledgement on signage displayed during the conference plus verbal acknowledgements and recognitions.<\/p>\n<p><strong>Trainee Award Support<\/strong><\/p>\n<p>Trainee Symposium Awards $1,000<br \/>\nTrainee Poster Awards $1,000 (1st prizes @ $500; 2nd prizes @ $300; 3rd prizes @ $200)<br \/>\nTrainee Travel Awards $4,500<\/p>\n<p style=\"text-align: left; padding-left: 40px;\">5 @ $300 (Medium distance: e.g. Ontario, Qu\u00e9bec, excluding Montr\u00e9al)<\/p>\n<p style=\"text-align: left; padding-left: 40px;\">5 @ $600 (Eastern Canada &#8211; Maritimes, Newfoundland or Western Canada, International)<\/p>\n<p>The Canadian Oxidative Stress Consortium is looking to expand its Trainee Awards Program for COSC<br \/>\n2020. We would gladly work with your company to create new awards that align with your priorities<br \/>\nand with our mission to promote research and education in Canada while recognizing the<br \/>\naccomplishments of junior Canadian and international researchers in the field of oxidative stress.<\/p>\n<p><strong>Benefits of Trainee-Award Sponsorship<\/strong><\/p>\n<p>\u2022 Your company\u2019s name on the award(s) and all award-related materials<br \/>\n\u2022 Recognition on the COSC 2020 conference website<br \/>\n\u2022 Recognition in all conference materials including the program<br \/>\n\u2022 Recognition in the COSC Newsletter following COSC 2020<br \/>\n\u2022 A complementary ticket for the COSC 2020 Banquet (15 May 2020) for your company representative<br \/>\nto present the award you sponsored.<\/p>\n<p><strong>Lunch &amp; Coffee Break Support<\/strong><\/p>\n<p><em><strong>Lunch Support<\/strong><\/em> ($3,000): This will offset expenses related to a specified lunch break during the<br \/>\nconference. Your organization\u2019s sponsorship will be advertised during that lunch break.<\/p>\n<p><em><strong>Coffee Break Support<\/strong><\/em> ($1,200): This will offset expenses related to specified coffee breaks during<br \/>\none day of the conference. Your organization\u2019s sponsorship will be advertised during that coffee<br \/>\nbreak.<\/p>\n<p>Support for lunch or coffee break provides an excellent sponsorship opportunity with the following<br \/>\nbenefits: recognition on the COSC 2020 conference website, acknowledgement in all conference<br \/>\nmaterials including the program; acknowledgement on signage displayed during COSC 2020 plus verbal<br \/>\nacknowledgement and recognition. COSC is happy to accept in-kind support for the lunch and coffee<br \/>\nbreaks.<\/p>\n<p><strong>Marketing<\/strong><\/p>\n<p>Delegate Bag $3,000<br \/>\nDelegate Bag Advertising Inserts $ 500 Final Program Advertising $ 500<br \/>\nExhibition Booth ($1,000 for the first booth) Deadline for reservation is 15 April 2020. You are<br \/>\ninvited to exhibit at COSC 2020. The Exhibition will take place over 2.5 days:<\/p>\n<p>Wednesday 13 May 2020: Morning Setup &amp; Exhibit<br \/>\nThursday 14 May 2020: Exhibit<br \/>\nFriday 15 May 2020: Morning Exhibit and Teardown after PM Coffee Break<\/p>\n<p>A limited number of booths are available. Each booth is 8\u2019 X 10\u2019 and includes a skirted table, 2 chairs, wastebasket, 1 electrical outlet and wireless access.<\/p>\n<p><strong>Special offer<\/strong>: Reserve two booths for $1750 (save $250).<\/p>\n<p><strong>Technical Workshops<\/strong><\/p>\n<p>A limited number of workshop opportunities ($1,500 per workshop) will be available to sponsors. The fee includes a 45-minute time slot scheduled in the program during one of the poster sessions and a room that can accommodate up to 120 people. Your workshop will be included in the program information on the COSC 2020 conference website and in the program.<\/p>\n<p><strong>Special offer<\/strong>: Reserve a technical workshop and a booth for $2,000 (save $500). When completing the Sponsor and Exhibit-Space Registration Form, select the Technical Workshop plus Booth option.<\/p>\n<p>Please refer to the COSC 2020 website (<a href=\"https:\/\/carleton.ca\/cosc\/11th-meeting\/\">https:\/\/carleton.ca\/cosc\/11th-meeting\/<\/a>) for more information and for the <a href=\"https:\/\/carleton.ca\/cosc\/wp-content\/uploads\/ExhtMarketReservFrm2020.pdf\" target=\"_blank\" rel=\"noopener noreferrer\">Sponsor and Exhibit-Space Registration Form<\/a>.<\/p>\n","protected":false},"excerpt":{"rendered":"<p>Dr Diana Averill-Bates, PhD Chair, COSC 2023 Organizing Committee Professor of Biochemistry D\u00e9partement des sciences biologiques Facult\u00e9 des sciences Universit\u00e9 du Qu\u00e9bec \u00e0 Montr\u00e9al Tel: (514) 987-3000 x4811 Email : &#x61;v&#x65;&#114;&#x69;&#108;l&#x2e;d&#x69;&#97;&#x6e;&#97;&#64;&#x75;&#113;&#x61;&#109;&#46;&#x63;a Dr Kostas Pantopolous, PhD Co-chair, COSC 2023 Organizing Committee Professor, Department of Medicine McGill University Lady Davis Institute for Medical Research Jewish General Hospital [&hellip;]<\/p>\n","protected":false},"author":5,"featured_media":0,"parent":0,"menu_order":0,"comment_status":"closed","ping_status":"closed","template":"","meta":{"_relevanssi_hide_post":"","_relevanssi_hide_content":"","_relevanssi_pin_for_all":"","_relevanssi_pin_keywords":"","_relevanssi_unpin_keywords":"","_relevanssi_related_keywords":"","_relevanssi_related_include_ids":"","_relevanssi_related_exclude_ids":"","_relevanssi_related_no_append":"","_relevanssi_related_not_related":"","_relevanssi_related_posts":"","_relevanssi_noindex_reason":"","_mi_skip_tracking":false,"_exactmetrics_sitenote_active":false,"_exactmetrics_sitenote_note":"","_exactmetrics_sitenote_category":0,"footnotes":"","_links_to":"","_links_to_target":""},"yoast_head":"<!-- This site is optimized with the Yoast SEO plugin v21.2 - https:\/\/yoast.com\/wordpress\/plugins\/seo\/ -->\n<title>Sponsor Information - Canadian Oxidative Stress Consortium<\/title>\n<meta name=\"description\" content=\"Dr Diana Averill-Bates, PhD Chair, COSC 2023 Organizing Committee Professor of Biochemistry D\u00e9partement des sciences biologiques Facult\u00e9 des sciences\" \/>\n<meta name=\"robots\" content=\"index, follow, max-snippet:-1, max-image-preview:large, max-video-preview:-1\" \/>\n<link rel=\"canonical\" href=\"https:\/\/carleton.ca\/cosc\/11th-meeting__trashed\/sponsor-information\/\" \/>\n<meta name=\"twitter:label1\" content=\"Est. reading time\" \/>\n\t<meta name=\"twitter:data1\" content=\"4 minutes\" \/>\n<script type=\"application\/ld+json\" class=\"yoast-schema-graph\">{\"@context\":\"https:\/\/schema.org\",\"@graph\":[{\"@type\":\"WebPage\",\"@id\":\"https:\/\/carleton.ca\/cosc\/11th-meeting__trashed\/sponsor-information\/\",\"url\":\"https:\/\/carleton.ca\/cosc\/11th-meeting__trashed\/sponsor-information\/\",\"name\":\"Sponsor Information - Canadian Oxidative Stress Consortium\",\"isPartOf\":{\"@id\":\"https:\/\/carleton.ca\/cosc\/#website\"},\"datePublished\":\"2019-10-04T04:15:08+00:00\",\"dateModified\":\"2022-10-23T03:52:21+00:00\",\"description\":\"Dr Diana Averill-Bates, PhD Chair, COSC 2023 Organizing Committee Professor of Biochemistry D\u00e9partement des sciences biologiques Facult\u00e9 des sciences\",\"breadcrumb\":{\"@id\":\"https:\/\/carleton.ca\/cosc\/11th-meeting__trashed\/sponsor-information\/#breadcrumb\"},\"inLanguage\":\"en-US\",\"potentialAction\":[{\"@type\":\"ReadAction\",\"target\":[\"https:\/\/carleton.ca\/cosc\/11th-meeting__trashed\/sponsor-information\/\"]}]},{\"@type\":\"BreadcrumbList\",\"@id\":\"https:\/\/carleton.ca\/cosc\/11th-meeting__trashed\/sponsor-information\/#breadcrumb\",\"itemListElement\":[{\"@type\":\"ListItem\",\"position\":1,\"name\":\"Home\",\"item\":\"https:\/\/carleton.ca\/cosc\/\"},{\"@type\":\"ListItem\",\"position\":2,\"name\":\"Sponsor Information\"}]},{\"@type\":\"WebSite\",\"@id\":\"https:\/\/carleton.ca\/cosc\/#website\",\"url\":\"https:\/\/carleton.ca\/cosc\/\",\"name\":\"Canadian Oxidative Stress Consortium\",\"description\":\"Carleton University\",\"potentialAction\":[{\"@type\":\"SearchAction\",\"target\":{\"@type\":\"EntryPoint\",\"urlTemplate\":\"https:\/\/carleton.ca\/cosc\/?s={search_term_string}\"},\"query-input\":\"required name=search_term_string\"}],\"inLanguage\":\"en-US\"}]}<\/script>\n<!-- \/ Yoast SEO plugin. -->","yoast_head_json":{"title":"Sponsor Information - Canadian Oxidative Stress Consortium","description":"Dr Diana Averill-Bates, PhD Chair, COSC 2023 Organizing Committee Professor of Biochemistry D\u00e9partement des sciences biologiques Facult\u00e9 des sciences","robots":{"index":"index","follow":"follow","max-snippet":"max-snippet:-1","max-image-preview":"max-image-preview:large","max-video-preview":"max-video-preview:-1"},"canonical":"https:\/\/carleton.ca\/cosc\/11th-meeting__trashed\/sponsor-information\/","twitter_misc":{"Est. reading time":"4 minutes"},"schema":{"@context":"https:\/\/schema.org","@graph":[{"@type":"WebPage","@id":"https:\/\/carleton.ca\/cosc\/11th-meeting__trashed\/sponsor-information\/","url":"https:\/\/carleton.ca\/cosc\/11th-meeting__trashed\/sponsor-information\/","name":"Sponsor Information - Canadian Oxidative Stress Consortium","isPartOf":{"@id":"https:\/\/carleton.ca\/cosc\/#website"},"datePublished":"2019-10-04T04:15:08+00:00","dateModified":"2022-10-23T03:52:21+00:00","description":"Dr Diana Averill-Bates, PhD Chair, COSC 2023 Organizing Committee Professor of Biochemistry D\u00e9partement des sciences biologiques Facult\u00e9 des sciences","breadcrumb":{"@id":"https:\/\/carleton.ca\/cosc\/11th-meeting__trashed\/sponsor-information\/#breadcrumb"},"inLanguage":"en-US","potentialAction":[{"@type":"ReadAction","target":["https:\/\/carleton.ca\/cosc\/11th-meeting__trashed\/sponsor-information\/"]}]},{"@type":"BreadcrumbList","@id":"https:\/\/carleton.ca\/cosc\/11th-meeting__trashed\/sponsor-information\/#breadcrumb","itemListElement":[{"@type":"ListItem","position":1,"name":"Home","item":"https:\/\/carleton.ca\/cosc\/"},{"@type":"ListItem","position":2,"name":"Sponsor Information"}]},{"@type":"WebSite","@id":"https:\/\/carleton.ca\/cosc\/#website","url":"https:\/\/carleton.ca\/cosc\/","name":"Canadian Oxidative Stress Consortium","description":"Carleton University","potentialAction":[{"@type":"SearchAction","target":{"@type":"EntryPoint","urlTemplate":"https:\/\/carleton.ca\/cosc\/?s={search_term_string}"},"query-input":"required name=search_term_string"}],"inLanguage":"en-US"}]}},"acf":{"banner_image_type":"none","banner_button":"no"},"_links":{"self":[{"href":"https:\/\/carleton.ca\/cosc\/wp-json\/wp\/v2\/pages\/1939"}],"collection":[{"href":"https:\/\/carleton.ca\/cosc\/wp-json\/wp\/v2\/pages"}],"about":[{"href":"https:\/\/carleton.ca\/cosc\/wp-json\/wp\/v2\/types\/page"}],"author":[{"embeddable":true,"href":"https:\/\/carleton.ca\/cosc\/wp-json\/wp\/v2\/users\/5"}],"replies":[{"embeddable":true,"href":"https:\/\/carleton.ca\/cosc\/wp-json\/wp\/v2\/comments?post=1939"}],"version-history":[{"count":4,"href":"https:\/\/carleton.ca\/cosc\/wp-json\/wp\/v2\/pages\/1939\/revisions"}],"predecessor-version":[{"id":2078,"href":"https:\/\/carleton.ca\/cosc\/wp-json\/wp\/v2\/pages\/1939\/revisions\/2078"}],"wp:attachment":[{"href":"https:\/\/carleton.ca\/cosc\/wp-json\/wp\/v2\/media?parent=1939"}],"curies":[{"name":"wp","href":"https:\/\/api.w.org\/{rel}","templated":true}]}}