{"id":2101,"date":"2025-04-17T12:57:29","date_gmt":"2025-04-17T16:57:29","guid":{"rendered":"https:\/\/carleton.ca\/cosc\/?page_id=2101"},"modified":"2025-04-23T08:46:57","modified_gmt":"2025-04-23T12:46:57","slug":"12th-meeting","status":"publish","type":"page","link":"https:\/\/carleton.ca\/cosc\/12th-meeting\/","title":{"rendered":"12th Meeting"},"content":{"rendered":"<h3><img decoding=\"async\" loading=\"lazy\" class=\"wp-image-1877 size-large aligncenter\" src=\"https:\/\/carleton.ca\/cosc\/wp-content\/uploads\/COSC_Logo-400x254.jpg\" alt=\"\" width=\"400\" height=\"254\" srcset=\"https:\/\/carleton.ca\/cosc\/wp-content\/uploads\/COSC_Logo-400x254.jpg 400w, https:\/\/carleton.ca\/cosc\/wp-content\/uploads\/COSC_Logo-160x102.jpg 160w, https:\/\/carleton.ca\/cosc\/wp-content\/uploads\/COSC_Logo-240x153.jpg 240w, https:\/\/carleton.ca\/cosc\/wp-content\/uploads\/COSC_Logo-360x229.jpg 360w, https:\/\/carleton.ca\/cosc\/wp-content\/uploads\/COSC_Logo.jpg 668w\" sizes=\"(max-width: 400px) 100vw, 400px\" \/><\/h3>\n<h3><\/h3>\n<h2 style=\"text-align: center;\">12th Meeting of the Canadian Oxidative Stress Consortium (COSC)<\/h2>\n<h2 style=\"text-align: center;\"><strong>June 11 to 13, 2025<\/strong><\/h2>\n<p><\/p>\n<p><\/p>\n<h2 style=\"text-align: center;\"><strong>Welcome from the Chairs of the York University Local Organizing Committee for the 12th Meeting of the Canadian Oxidative Stress Consortium<\/strong><\/h2>\n<h2>Abstract submission and registration at conference website: <a href=\"https:\/\/rame.fluid.events\/2025COSC?pgid=55846\">COSC 2025 Registration and Abstract Submission<\/a><\/h2>\n<h3><strong>York Local Organizing Committee \/ Comit\u00e9 organisateur local:<\/strong><\/h3>\n<p>Dr. Christopher G. R. Perry, Chair, School of Kinesiology and Health Science, York University<br \/>\nDr. Arthur Cheng, School of Kinesiology and Health Science, York University<br \/>\nDr. Ali Abdul-Sater, School of Kinesiology and Health Science, York University<br \/>\nDr. Andrea Josse, School of Kinesiology and Health Science, York University<br \/>\nDr. William Willmore, COSC Chair and Treasurer, Carleton University<\/p>\n<p><strong>National Organizing Committee \/ Comit\u00e9 organisateur national<\/strong><br \/>\nWilliam Willmore, COSC Chair and Treasurer, Carleton University<br \/>\nDiana Averill-Bates, L&#8217;Universit\u00e9 du Qu\u00e9bec \u00e0 Montr\u00e9al (UQAM)<br \/>\nNathalie Grandvaux, CRCHUM\/Universit\u00e9 de Montr\u00e9al<br \/>\nNeelam Khaper, Northern Ontario School of Medicine, Lakehead University<br \/>\nRyan Mailloux, McGill University<br \/>\nScott Ryan, University of Calgary<br \/>\nRichard Schulz, University of Alberta<br \/>\nJim Uniacke, University of Guelph<br \/>\nArno Siraki, University of Alberta<br \/>\nDr. Christopher G. R. Perry, Chair, School of Kinesiology and Health Science, York University<\/p>\n<h3><strong>Conference Goals<\/strong><\/h3>\n<p>COSC aims to advance research and education on the role of oxidative stress in health and disease. The Toronto LOC, with input from several members of the COSC Executive, have put together an outstanding scientific program that brings together leading Canadian and international researchers in the field of oxidative stress.<\/p>\n<div class=\"intro ml-5 mr-5\">\n<ul>\n<li>Adaptive Responses To Redox Stress Signals<\/li>\n<li>Cancer<\/li>\n<li>Toxicology and Immunology<\/li>\n<li>Cardiovascular Disease<\/li>\n<li>Neurophysiology, Aging and Sepsis<\/li>\n<\/ul>\n<\/div>\n<div>\n<h3><strong>Registration Fees<\/strong><\/h3>\n<div class=\"container ml-5 text-left\">\n<div class=\"row\">\n<div class=\"col-sm\">\n<table style=\"border-collapse: collapse; width: 37.6587%;\">\n<tbody>\n<tr>\n<td style=\"width: 19.3691%;\"><\/td>\n<td style=\"width: 22.3998%;\"><strong>Early Bird<\/strong><\/td>\n<td style=\"width: 22.7278%;\"><strong>Regular<\/strong><\/td>\n<\/tr>\n<tr>\n<td style=\"width: 19.3691%;\"><strong>Faculty<\/strong><\/td>\n<td style=\"width: 22.3998%;\">$425.00<\/td>\n<td style=\"width: 22.7278%;\">$475.00<\/td>\n<\/tr>\n<tr>\n<td style=\"width: 19.3691%;\"><strong>Trainee<\/strong><\/td>\n<td style=\"width: 22.3998%;\">$250.00<\/td>\n<td style=\"width: 22.7278%;\">$325.00<\/td>\n<\/tr>\n<\/tbody>\n<\/table>\n<\/div>\n<div class=\"col-sm\"><\/div>\n<p class=\"col-sm\"><strong><em>Thursday Evening Banquet (Optional) Ticket cost &#8211; $90.00<\/em><\/strong><\/p>\n<\/div>\n<\/div>\n<p class=\"col-sm pt-3\"><strong><em>Conference Registration open Now!\u00a0\u00a0<\/em><\/strong><\/p>\n<p><\/p>\n<\/div>\n<h3><span style=\"font-size: 16px;\">We personally look forward to meeting you all at <\/span><strong style=\"font-size: 16px;\">COSC 2025<\/strong><span style=\"font-size: 16px;\">.<\/span><\/h3>\n<p>Sincerely,<\/p>\n<table style=\"width: 560px;\">\n<tbody>\n<tr>\n<td style=\"width: 216px;\"><strong>Christopher G.R. Perry, PhD<\/strong><\/p>\n<p><strong>COSC 2025<\/strong> Chair<\/p>\n<p>York University, Toronto<\/td>\n<td style=\"width: 328px;\"><strong>William Willmore, PhD<\/strong><\/p>\n<p><strong>COSC 2025<\/strong> Co-chair<\/p>\n<p>Carleton University, Ottawa<\/td>\n<\/tr>\n<\/tbody>\n<\/table>\n<h2>Abstract submission and registration at conference website: <a href=\"https:\/\/rame.fluid.events\/2025COSC?pgid=55846\">COSC 2025 Registration and Abstract Submission<\/a><\/h2>\n<h2 style=\"text-align: left;\"><strong>Sponsors<\/strong><\/h2>\n<p><a href=\"https:\/\/carleton.ca\/cosc\/wp-content\/uploads\/health_yu_DIGITAL_hor_RGB.png\"><img decoding=\"async\" loading=\"lazy\" class=\"alignnone wp-image-2121 size-large\" src=\"https:\/\/carleton.ca\/cosc\/wp-content\/uploads\/health_yu_DIGITAL_hor_RGB-400x61.png\" alt=\"\" width=\"400\" height=\"61\" srcset=\"https:\/\/carleton.ca\/cosc\/wp-content\/uploads\/health_yu_DIGITAL_hor_RGB-400x61.png 400w, https:\/\/carleton.ca\/cosc\/wp-content\/uploads\/health_yu_DIGITAL_hor_RGB-240x37.png 240w, https:\/\/carleton.ca\/cosc\/wp-content\/uploads\/health_yu_DIGITAL_hor_RGB-160x25.png 160w, https:\/\/carleton.ca\/cosc\/wp-content\/uploads\/health_yu_DIGITAL_hor_RGB-768x118.png 768w, https:\/\/carleton.ca\/cosc\/wp-content\/uploads\/health_yu_DIGITAL_hor_RGB-1536x236.png 1536w, https:\/\/carleton.ca\/cosc\/wp-content\/uploads\/health_yu_DIGITAL_hor_RGB-2048x315.png 2048w, https:\/\/carleton.ca\/cosc\/wp-content\/uploads\/health_yu_DIGITAL_hor_RGB-360x55.png 360w\" sizes=\"(max-width: 400px) 100vw, 400px\" \/><\/a><a href=\"https:\/\/carleton.ca\/cosc\/wp-content\/uploads\/Carleton-Logo.jpg\"><img decoding=\"async\" loading=\"lazy\" class=\"alignnone wp-image-2120 size-large\" src=\"https:\/\/carleton.ca\/cosc\/wp-content\/uploads\/Carleton-Logo-400x158.jpg\" alt=\"\" width=\"400\" height=\"158\" srcset=\"https:\/\/carleton.ca\/cosc\/wp-content\/uploads\/Carleton-Logo-400x158.jpg 400w, https:\/\/carleton.ca\/cosc\/wp-content\/uploads\/Carleton-Logo-240x95.jpg 240w, https:\/\/carleton.ca\/cosc\/wp-content\/uploads\/Carleton-Logo-160x63.jpg 160w, https:\/\/carleton.ca\/cosc\/wp-content\/uploads\/Carleton-Logo-360x142.jpg 360w, https:\/\/carleton.ca\/cosc\/wp-content\/uploads\/Carleton-Logo.jpg 416w\" sizes=\"(max-width: 400px) 100vw, 400px\" \/><\/a><a href=\"https:\/\/carleton.ca\/cosc\/wp-content\/uploads\/CIHR.jpg\"><img decoding=\"async\" loading=\"lazy\" class=\"alignnone wp-image-2054 size-full\" src=\"https:\/\/carleton.ca\/cosc\/wp-content\/uploads\/CIHR.jpg\" alt=\"\" width=\"443\" height=\"270\" srcset=\"https:\/\/carleton.ca\/cosc\/wp-content\/uploads\/CIHR.jpg 443w, https:\/\/carleton.ca\/cosc\/wp-content\/uploads\/CIHR-240x146.jpg 240w, https:\/\/carleton.ca\/cosc\/wp-content\/uploads\/CIHR-400x244.jpg 400w, https:\/\/carleton.ca\/cosc\/wp-content\/uploads\/CIHR-160x98.jpg 160w, https:\/\/carleton.ca\/cosc\/wp-content\/uploads\/CIHR-360x219.jpg 360w\" sizes=\"(max-width: 443px) 100vw, 443px\" \/><\/a><a href=\"https:\/\/carleton.ca\/cosc\/wp-content\/uploads\/Agilent_Logo_RGB-COLOR.jpg\"><img decoding=\"async\" loading=\"lazy\" class=\"alignnone wp-image-2118 size-large\" src=\"https:\/\/carleton.ca\/cosc\/wp-content\/uploads\/Agilent_Logo_RGB-COLOR-400x161.jpg\" alt=\"\" width=\"400\" height=\"161\" srcset=\"https:\/\/carleton.ca\/cosc\/wp-content\/uploads\/Agilent_Logo_RGB-COLOR-400x161.jpg 400w, https:\/\/carleton.ca\/cosc\/wp-content\/uploads\/Agilent_Logo_RGB-COLOR-240x97.jpg 240w, https:\/\/carleton.ca\/cosc\/wp-content\/uploads\/Agilent_Logo_RGB-COLOR-160x64.jpg 160w, https:\/\/carleton.ca\/cosc\/wp-content\/uploads\/Agilent_Logo_RGB-COLOR-360x145.jpg 360w, https:\/\/carleton.ca\/cosc\/wp-content\/uploads\/Agilent_Logo_RGB-COLOR.jpg 504w\" sizes=\"(max-width: 400px) 100vw, 400px\" \/><\/a><a href=\"https:\/\/carleton.ca\/cosc\/wp-content\/uploads\/BBA-Molecular-Cell-Research_COVER-002.png\"><img decoding=\"async\" loading=\"lazy\" class=\"alignnone wp-image-2119 size-medium\" src=\"https:\/\/carleton.ca\/cosc\/wp-content\/uploads\/BBA-Molecular-Cell-Research_COVER-002-240x207.png\" alt=\"\" width=\"240\" height=\"207\" srcset=\"https:\/\/carleton.ca\/cosc\/wp-content\/uploads\/BBA-Molecular-Cell-Research_COVER-002-240x207.png 240w, https:\/\/carleton.ca\/cosc\/wp-content\/uploads\/BBA-Molecular-Cell-Research_COVER-002-400x345.png 400w, https:\/\/carleton.ca\/cosc\/wp-content\/uploads\/BBA-Molecular-Cell-Research_COVER-002-160x138.png 160w, https:\/\/carleton.ca\/cosc\/wp-content\/uploads\/BBA-Molecular-Cell-Research_COVER-002-768x663.png 768w, https:\/\/carleton.ca\/cosc\/wp-content\/uploads\/BBA-Molecular-Cell-Research_COVER-002-360x311.png 360w, https:\/\/carleton.ca\/cosc\/wp-content\/uploads\/BBA-Molecular-Cell-Research_COVER-002.png 1250w\" sizes=\"(max-width: 240px) 100vw, 240px\" \/><\/a><a href=\"https:\/\/carleton.ca\/cosc\/wp-content\/uploads\/SFRRnew-scaled.jpg\"><img decoding=\"async\" loading=\"lazy\" class=\"alignnone wp-image-2122 size-large\" src=\"https:\/\/carleton.ca\/cosc\/wp-content\/uploads\/SFRRnew-400x238.jpg\" alt=\"\" width=\"400\" height=\"238\" srcset=\"https:\/\/carleton.ca\/cosc\/wp-content\/uploads\/SFRRnew-400x238.jpg 400w, https:\/\/carleton.ca\/cosc\/wp-content\/uploads\/SFRRnew-240x143.jpg 240w, https:\/\/carleton.ca\/cosc\/wp-content\/uploads\/SFRRnew-160x95.jpg 160w, https:\/\/carleton.ca\/cosc\/wp-content\/uploads\/SFRRnew-768x458.jpg 768w, https:\/\/carleton.ca\/cosc\/wp-content\/uploads\/SFRRnew-1536x915.jpg 1536w, https:\/\/carleton.ca\/cosc\/wp-content\/uploads\/SFRRnew-2048x1220.jpg 2048w, https:\/\/carleton.ca\/cosc\/wp-content\/uploads\/SFRRnew-360x214.jpg 360w\" sizes=\"(max-width: 400px) 100vw, 400px\" \/><\/a><\/p>\n<h2 style=\"text-align: center;\"><a href=\"https:\/\/carleton.ca\/cosc\/wp-content\/uploads\/12th_COSC_Meeting_Save-the-Date_2025.pdf\">COSC 2025 Poster<\/a><\/h2>\n<h2 style=\"text-align: center;\"><a href=\"https:\/\/carleton.ca\/cosc\/wp-content\/uploads\/COSC-Newsletter-September-2018-.pdf\" target=\"_blank\" rel=\"noopener noreferrer\">COSC Newsletter 2018<\/a><\/h2>\n","protected":false},"excerpt":{"rendered":"<p>12th Meeting of the Canadian Oxidative Stress Consortium (COSC) June 11 to 13, 2025 Welcome from the Chairs of the York University Local Organizing Committee for the 12th Meeting of the Canadian Oxidative Stress Consortium Abstract submission and registration at conference website: COSC 2025 Registration and Abstract Submission York Local Organizing Committee \/ Comit\u00e9 organisateur [&hellip;]<\/p>\n","protected":false},"author":5,"featured_media":0,"parent":0,"menu_order":0,"comment_status":"closed","ping_status":"closed","template":"","meta":{"_relevanssi_hide_post":"","_relevanssi_hide_content":"","_relevanssi_pin_for_all":"","_relevanssi_pin_keywords":"","_relevanssi_unpin_keywords":"","_relevanssi_related_keywords":"","_relevanssi_related_include_ids":"","_relevanssi_related_exclude_ids":"","_relevanssi_related_no_append":"","_relevanssi_related_not_related":"","_relevanssi_related_posts":"","_relevanssi_noindex_reason":"","_mi_skip_tracking":false,"_exactmetrics_sitenote_active":false,"_exactmetrics_sitenote_note":"","_exactmetrics_sitenote_category":0,"footnotes":"","_links_to":"","_links_to_target":""},"yoast_head":"<!-- This site is optimized with the Yoast SEO plugin v21.2 - https:\/\/yoast.com\/wordpress\/plugins\/seo\/ -->\n<title>12th Meeting - Canadian Oxidative Stress Consortium<\/title>\n<meta name=\"description\" content=\"12th Meeting of the Canadian Oxidative Stress Consortium (COSC) June 11 to 13, 2025 &nbsp; &nbsp; Welcome from the Chairs of the York University Local\" \/>\n<meta name=\"robots\" content=\"index, follow, max-snippet:-1, max-image-preview:large, max-video-preview:-1\" \/>\n<link rel=\"canonical\" href=\"https:\/\/carleton.ca\/cosc\/12th-meeting\/\" \/>\n<meta name=\"twitter:label1\" content=\"Est. reading time\" \/>\n\t<meta name=\"twitter:data1\" content=\"3 minutes\" \/>\n<script type=\"application\/ld+json\" class=\"yoast-schema-graph\">{\"@context\":\"https:\/\/schema.org\",\"@graph\":[{\"@type\":\"WebPage\",\"@id\":\"https:\/\/carleton.ca\/cosc\/12th-meeting\/\",\"url\":\"https:\/\/carleton.ca\/cosc\/12th-meeting\/\",\"name\":\"12th Meeting - Canadian Oxidative Stress Consortium\",\"isPartOf\":{\"@id\":\"https:\/\/carleton.ca\/cosc\/#website\"},\"datePublished\":\"2025-04-17T16:57:29+00:00\",\"dateModified\":\"2025-04-23T12:46:57+00:00\",\"description\":\"12th Meeting of the Canadian Oxidative Stress Consortium (COSC) June 11 to 13, 2025 &nbsp; &nbsp; Welcome from the Chairs of the York University Local\",\"breadcrumb\":{\"@id\":\"https:\/\/carleton.ca\/cosc\/12th-meeting\/#breadcrumb\"},\"inLanguage\":\"en-US\",\"potentialAction\":[{\"@type\":\"ReadAction\",\"target\":[\"https:\/\/carleton.ca\/cosc\/12th-meeting\/\"]}]},{\"@type\":\"BreadcrumbList\",\"@id\":\"https:\/\/carleton.ca\/cosc\/12th-meeting\/#breadcrumb\",\"itemListElement\":[{\"@type\":\"ListItem\",\"position\":1,\"name\":\"Home\",\"item\":\"https:\/\/carleton.ca\/cosc\/\"},{\"@type\":\"ListItem\",\"position\":2,\"name\":\"12th Meeting\"}]},{\"@type\":\"WebSite\",\"@id\":\"https:\/\/carleton.ca\/cosc\/#website\",\"url\":\"https:\/\/carleton.ca\/cosc\/\",\"name\":\"Canadian Oxidative Stress Consortium\",\"description\":\"Carleton University\",\"potentialAction\":[{\"@type\":\"SearchAction\",\"target\":{\"@type\":\"EntryPoint\",\"urlTemplate\":\"https:\/\/carleton.ca\/cosc\/?s={search_term_string}\"},\"query-input\":\"required name=search_term_string\"}],\"inLanguage\":\"en-US\"}]}<\/script>\n<!-- \/ Yoast SEO plugin. -->","yoast_head_json":{"title":"12th Meeting - Canadian Oxidative Stress Consortium","description":"12th Meeting of the Canadian Oxidative Stress Consortium (COSC) June 11 to 13, 2025 &nbsp; &nbsp; Welcome from the Chairs of the York University Local","robots":{"index":"index","follow":"follow","max-snippet":"max-snippet:-1","max-image-preview":"max-image-preview:large","max-video-preview":"max-video-preview:-1"},"canonical":"https:\/\/carleton.ca\/cosc\/12th-meeting\/","twitter_misc":{"Est. reading time":"3 minutes"},"schema":{"@context":"https:\/\/schema.org","@graph":[{"@type":"WebPage","@id":"https:\/\/carleton.ca\/cosc\/12th-meeting\/","url":"https:\/\/carleton.ca\/cosc\/12th-meeting\/","name":"12th Meeting - Canadian Oxidative Stress Consortium","isPartOf":{"@id":"https:\/\/carleton.ca\/cosc\/#website"},"datePublished":"2025-04-17T16:57:29+00:00","dateModified":"2025-04-23T12:46:57+00:00","description":"12th Meeting of the Canadian Oxidative Stress Consortium (COSC) June 11 to 13, 2025 &nbsp; &nbsp; Welcome from the Chairs of the York University Local","breadcrumb":{"@id":"https:\/\/carleton.ca\/cosc\/12th-meeting\/#breadcrumb"},"inLanguage":"en-US","potentialAction":[{"@type":"ReadAction","target":["https:\/\/carleton.ca\/cosc\/12th-meeting\/"]}]},{"@type":"BreadcrumbList","@id":"https:\/\/carleton.ca\/cosc\/12th-meeting\/#breadcrumb","itemListElement":[{"@type":"ListItem","position":1,"name":"Home","item":"https:\/\/carleton.ca\/cosc\/"},{"@type":"ListItem","position":2,"name":"12th Meeting"}]},{"@type":"WebSite","@id":"https:\/\/carleton.ca\/cosc\/#website","url":"https:\/\/carleton.ca\/cosc\/","name":"Canadian Oxidative Stress Consortium","description":"Carleton University","potentialAction":[{"@type":"SearchAction","target":{"@type":"EntryPoint","urlTemplate":"https:\/\/carleton.ca\/cosc\/?s={search_term_string}"},"query-input":"required name=search_term_string"}],"inLanguage":"en-US"}]}},"acf":{"banner_image_type":"none","banner_button":"no"},"_links":{"self":[{"href":"https:\/\/carleton.ca\/cosc\/wp-json\/wp\/v2\/pages\/2101"}],"collection":[{"href":"https:\/\/carleton.ca\/cosc\/wp-json\/wp\/v2\/pages"}],"about":[{"href":"https:\/\/carleton.ca\/cosc\/wp-json\/wp\/v2\/types\/page"}],"author":[{"embeddable":true,"href":"https:\/\/carleton.ca\/cosc\/wp-json\/wp\/v2\/users\/5"}],"replies":[{"embeddable":true,"href":"https:\/\/carleton.ca\/cosc\/wp-json\/wp\/v2\/comments?post=2101"}],"version-history":[{"count":3,"href":"https:\/\/carleton.ca\/cosc\/wp-json\/wp\/v2\/pages\/2101\/revisions"}],"predecessor-version":[{"id":2123,"href":"https:\/\/carleton.ca\/cosc\/wp-json\/wp\/v2\/pages\/2101\/revisions\/2123"}],"wp:attachment":[{"href":"https:\/\/carleton.ca\/cosc\/wp-json\/wp\/v2\/media?parent=2101"}],"curies":[{"name":"wp","href":"https:\/\/api.w.org\/{rel}","templated":true}]}}