{"id":101,"date":"2014-07-09T14:37:24","date_gmt":"2014-07-09T14:37:24","guid":{"rendered":"http:\/\/ccs-cms1a.carleton.ca\/cove\/?page_id=101"},"modified":"2017-07-11T13:40:16","modified_gmt":"2017-07-11T17:40:16","slug":"members","status":"publish","type":"page","link":"https:\/\/carleton.ca\/cove\/members\/","title":{"rendered":"Members"},"content":{"rendered":"<h2>MEMBERS<\/h2>\n<ul>\n<li><a href=\"http:\/\/carleton.ca\/cove\/keith-acheson\/\">Keith Acheson<\/a> &#8211; Economics Department, Carleton University<\/li>\n<li><a href=\"http:\/\/carleton.ca\/cove\/stuart-adam\/\">Stuart Adam<\/a> &#8211; School of Journalism, Carleton University<\/li>\n<li><a href=\"http:\/\/carleton.ca\/cove\/katherine-arnup\/\">Katherine Arnup<\/a> &#8211; School of Canadian Studies, Carleton University<\/li>\n<li><a href=\"http:\/\/carleton.ca\/cove\/denis-beauchamp\/\">Denis Beauchamp<\/a> &#8211; Defence Ethics Programme, Department of National Defence<\/li>\n<li><a href=\"http:\/\/carleton.ca\/cove\/fred-bennett\/\">Fred Bennett<\/a> &#8211; Independent Scholar<\/li>\n<li><a href=\"http:\/\/carleton.ca\/cove\/tariq-bhatti\/\">Tariq Bhatti<\/a> &#8211; Infrastructure Canada<\/li>\n<li><a href=\"http:\/\/carleton.ca\/cove\/manfred-bienefeld\/\">Manfred Bienefeld<\/a> &#8211; School of Public Policy and Administration, Carleton University<\/li>\n<li><a href=\"http:\/\/carleton.ca\/cove\/idil-boran\/\">Idil Boran<\/a> &#8211; Philosophy Department at Universit\u00e9 du Qu\u00e9bec \u00e0 Montr\u00e9al.<\/li>\n<li><a href=\"http:\/\/carleton.ca\/cove\/natalie-brender\/\">Natalie Brender<\/a> &#8211; Freelance Writer<\/li>\n<li><a href=\"http:\/\/carleton.ca\/cove\/andrew-brook\/\">Andrew Brook<\/a> &#8211; Philosophy Department, Carleton University<\/li>\n<li><a href=\"http:\/\/carleton.ca\/cove\/virginia-caputo\/\">Virginia Caputo<\/a> &#8211; Pauline Jewett Institute of Women&#8217;s Studies, Carleton University<\/li>\n<li><a href=\"http:\/\/carleton.ca\/cove\/david-carment\/\">David Carment<\/a> &#8211; Norman Paterson School of International Affairs, Carleton University<\/li>\n<li><a href=\"http:\/\/carleton.ca\/cove\/eros-corazza\/\">Eros Corazza<\/a> &#8211; Philosophy Department, Carleton University<\/li>\n<li><a href=\"http:\/\/carleton.ca\/cove\/simon-dalby\/\">Simon Dalby<\/a> &#8211; Department of Geography and Environmental Studies<\/li>\n<li><a href=\"http:\/\/carleton.ca\/cove\/gordon-davis\/\">Gordon Davis<\/a> &#8211; Philosophy Department, Carleton University<\/li>\n<li><a href=\"http:\/\/carleton.ca\/cove\/steven-davis\/\">Steven Davis<\/a> &#8211; Academics for Higher Education and Development<\/li>\n<li><a href=\"http:\/\/carleton.ca\/cove\/james-dean\/\">James Dean<\/a> &#8211; Economics Department, Simon Fraser University<\/li>\n<li><a href=\"http:\/\/carleton.ca\/cove\/vivek-dehejia\/\">Vivek Dehejia<\/a> &#8211; Economics Department, Carleton University<\/li>\n<li><a href=\"http:\/\/carleton.ca\/cove\/richard-devidi\/\">Richard DeVidi<\/a> &#8211; Industry, Science, and Regional Development, Economic Sector, Treasury Board of Canada<\/li>\n<li><a href=\"http:\/\/carleton.ca\/cove\/wendy-donner\/\">Wendy Donner<\/a> &#8211; Philosophy Department, Carleton University<\/li>\n<li><a href=\"http:\/\/carleton.ca\/cove\/jay-drydyk\/\">Jay Drydyk <\/a>&#8211; Philosophy Department, Carleton University<\/li>\n<li><a href=\"http:\/\/carleton.ca\/cove\/diane-dubrule\/\">Diane Dubrule<\/a> &#8211; Philosophy Department, Carleton University<\/li>\n<li><a href=\"http:\/\/carleton.ca\/cove\/gordon-duval\/\">Gordon DuVal<\/a> &#8211; The Research Ethics Project<\/li>\n<li><a href=\"http:\/\/carleton.ca\/cove\/avigail-eisenberg\/\">Avigail Eisenberg<\/a> &#8211; Political Science, University of Victoria<\/li>\n<li><a href=\"http:\/\/carleton.ca\/cove\/timothy-flaherty\/\">Timothy Flaherty<\/a> &#8211; Senior Policy Analyst, Treasury Board of Canada<\/li>\n<li><a href=\"http:\/\/carleton.ca\/cove\/aviva-freedman\/\">Aviva Freedman<\/a> &#8211; Linguistics Department, Carleton University<\/li>\n<li><a href=\"http:\/\/carleton.ca\/cove\/christina-gabriel\/\">Christina Gabriel<\/a> &#8211; Political Science Department, Carleton University<\/li>\n<li><a href=\"http:\/\/carleton.ca\/cove\/deborah-gorham\/\">Deborah Gorham<\/a> &#8211; History Department, Carleton University<\/li>\n<li><a href=\"http:\/\/carleton.ca\/cove\/katherine-graham\/\">Katherine Graham<\/a> &#8211; Dean, Faculty of Public Affairs and Management<\/li>\n<li><a href=\"http:\/\/carleton.ca\/cove\/nouhad-hammad\/\">Nouhad Hammad<\/a> &#8211; Canadian Nuclear Safety Commission<\/li>\n<li><a href=\"http:\/\/carleton.ca\/cove\/fen-hampson\/\">Fen Hampson<\/a> &#8211; Norman Paterson School of International Affairs, Carleton University<\/li>\n<li><a href=\"http:\/\/carleton.ca\/cove\/joe-heath\/\">Joseph Heath<\/a> &#8211; Philosophy Department, University of Toronto<\/li>\n<li><a href=\"http:\/\/carleton.ca\/cove\/tessa-hebb\/\">Tessa Hebb<\/a> &#8211; Director, Carleton Centre for Community Innovation, Carleton University<\/li>\n<li><a href=\"http:\/\/carleton.ca\/cove\/steve-hick\/\">Steven Hick<\/a> &#8211; School of Social Work, Carleton University<\/li>\n<li><a href=\"http:\/\/carleton.ca\/cove\/michael-hicks\/\">Michael Hicks<\/a> &#8211; School of Public Policy and Administration, Carleton University<\/li>\n<li><a href=\"http:\/\/carleton.ca\/cove\/sherri-irvin\/\">Sherri Irvin<\/a> &#8211; Philosophy Department, Carleton University<\/li>\n<li><a href=\"http:\/\/carleton.ca\/cove\/therese-jennissen\/\">Therese Jennissen<\/a> &#8211; School of Social Work, Carleton<\/li>\n<li><a href=\"http:\/\/carleton.ca\/cove\/flo-kellner\/\">Flo Kellner<\/a> &#8211; Sociology Department, Carleton University<\/li>\n<li><a href=\"http:\/\/carleton.ca\/cove\/ian-kerr\/\">Ian Kerr<\/a> &#8211; School of Law, University of Ottawa<\/li>\n<li><a href=\"http:\/\/carleton.ca\/cove\/christine-m-koggel\/\">Christine M. Koggel<\/a> &#8211; Philosophy Department, Bryn Mawr College<\/li>\n<li><a href=\"http:\/\/carleton.ca\/cove\/judith-kumin\/\">Judith Kumin<\/a> &#8211; Institute of Interdisciplinary Studies, Carleton University<\/li>\n<li><a href=\"http:\/\/carleton.ca\/cove\/edwin-levy\/\">Edwin Levy<\/a> &#8211; Centre for Applied Ethics at the University of British Columbia<\/li>\n<li><a href=\"http:\/\/carleton.ca\/cove\/colleen-lundy\/\">Colleen Lundy<\/a> &#8211; School of Social Work, Carleton University<\/li>\n<li><a href=\"http:\/\/carleton.ca\/cove\/laura-macdonald\/\">Laura Macdonald<\/a>&#8211; Department of Political Science, Carleton University<\/li>\n<li><a href=\"http:\/\/carleton.ca\/cove\/lee-maclean\/\">Lee MacLean<\/a> &#8211; Department of Political Science, Carleton University<\/li>\n<li><a href=\"http:\/\/carleton.ca\/cove\/colin-macleod\/\">Colin M. Macleod<\/a> &#8211; Law School and Philosophy Department, University of Victoria<\/li>\n<li><a href=\"http:\/\/carleton.ca\/cove\/stephen-maguire\/\">Stephen Maguire<\/a> &#8211; Certificate Programme Co-ordinator<\/li>\n<li><a href=\"http:\/\/carleton.ca\/cove\/heidi-maibom\/\">Heidi Maibom<\/a> &#8211; Philosophy Department, Carleton University<\/li>\n<li><a href=\"http:\/\/carleton.ca\/cove\/randal-marlin\/\">Randal Marlin<\/a> &#8211; Philosophy Department, Carleton University<\/li>\n<li><a href=\"http:\/\/carleton.ca\/cove\/alan-maslove\/\">Alan Maslove<\/a> &#8211; School of Public Policy and Administration, Carleton University<\/li>\n<li><a href=\"http:\/\/carleton.ca\/cove\/zubin-master\/\">Zubin Master<\/a> &#8211; Ottawa Hospital Research Institute and Health Canada<\/li>\n<li><a href=\"http:\/\/carleton.ca\/cove\/david-matheson\/\">David Matheson<\/a> &#8211; Philosophy Department, Carleton University<\/li>\n<li><a href=\"http:\/\/carleton.ca\/cove\/craig-mcnaughton\/\">Craig McNaughton<\/a> &#8211; Program Officer, Inter\/Multidisciplinary Committee, SSHRC<\/li>\n<li><a href=\"http:\/\/carleton.ca\/cove\/sarah-jane-meharg\/\">Sarah Meharg<\/a> &#8211; Pearson Peacekeeping Centre and Royal Military College of Canada<\/li>\n<li><a href=\"http:\/\/carleton.ca\/cove\/david-mendeloff\/\">David Mendeloff<\/a> &#8211; Norman Paterson School of International Affairs, Carleton University<\/li>\n<li><a href=\"http:\/\/carleton.ca\/cove\/shereen-benzvy-miller\/\">Shereen Benzvy Miller<\/a> &#8211; Director General, Office of Small and Medium Enterprises, Public Works and Government Services Canada<\/li>\n<li><a href=\"http:\/\/carleton.ca\/cove\/lisa-mills\/\">Lisa Mills<\/a> &#8211; School of Public Policy and Administration, Carleton University<\/li>\n<li><a href=\"http:\/\/carleton.ca\/cove\/rosemary-nagy\/\">Rosemary Nagy<\/a> &#8211; Law Department, Carleton University<\/li>\n<li><a href=\"http:\/\/carleton.ca\/cove\/leslie-pal\/\">Leslie Pal<\/a> &#8211; School of Public Policy and Administration, Carleton University<\/li>\n<li><a href=\"http:\/\/www.carleton.ca\/philosophy\/people\/vida-panitch\/\">Vida Panitch<\/a> &#8211; Philosophy Department, Carleton University<\/li>\n<li><a href=\"http:\/\/carleton.ca\/cove\/richard-pereira\/\">Richard Pereira<\/a> &#8211; Global Ethics Programme, University of Birmingham, England<\/li>\n<li><a href=\"http:\/\/carleton.ca\/cove\/mark-phillips\/\">Mark Phillips<\/a> &#8211; History Department, Carleton University<\/li>\n<li><a href=\"http:\/\/carleton.ca\/cove\/ruth-phillips\/\">Ruth Phillips<\/a> &#8211; School for Studies in Art and Culture, Carleton University<\/li>\n<li><a href=\"http:\/\/carleton.ca\/cove\/susan-d-phillips\/\">Susan D. Phillips<\/a> &#8211; School of Public Policy and Administration, Carleton University<\/li>\n<li><a href=\"http:\/\/carleton.ca\/cove\/bram-ramjiawan\/\">Bram Ramjiawan<\/a> &#8211; National Research Council of Canada\u2019s Institute for Biodiagnostics<\/li>\n<li><a href=\"http:\/\/carleton.ca\/cove\/vardit-ravitsky\/\">Vardit Ravitsky<\/a> &#8211; Universit\u00e9 de Montr\u00e9al<\/li>\n<li><a href=\"http:\/\/carleton.ca\/cove\/john-richards\/\">John Richards<\/a> &#8211; Faculty of Business Administration, Simon Fraser University<\/li>\n<li><a href=\"http:\/\/carleton.ca\/cove\/sophie-rietti\/\">Sophie Rietti<\/a> &#8211; Philosophy Department, University of Ottawa<\/li>\n<li><a href=\"http:\/\/http-server.carleton.ca\/~aritter\/\">Arch Ritter<\/a> &#8211; Economics Department, Carleton University<\/li>\n<li><a href=\"http:\/\/carleton.ca\/cove\/fiona-robinson\/\">Fiona Robinson<\/a> &#8211; Department of Political Science, Carleton University<\/li>\n<li><a href=\"http:\/\/carleton.ca\/cove\/nick-rowe\/\">Nick Rowe<\/a> &#8211; Economics Department, Carleton University<\/li>\n<li><a href=\"http:\/\/carleton.ca\/cove\/marc-saner\/\">Marc Saner<\/a> &#8211; Institute of Science, Society, and Policy, University of Ottawa<\/li>\n<li><a href=\"http:\/\/carleton.ca\/cove\/stephan-schott\/\">Stephan Schott<\/a> &#8211; School of Public Policy and Administration, Carleton University<\/li>\n<li><a href=\"http:\/\/carleton.ca\/cove\/john-shepherd\/\">John Shepherd<\/a> &#8211; Associate Dean of Research, FASS, Carleton University<\/li>\n<li><a href=\"http:\/\/carleton.ca\/cove\/andrew-sneddon\/\">Andrew Sneddon<\/a> &#8211; Philosophy Department, University of Ottawa<\/li>\n<li><a href=\"http:\/\/carleton.ca\/cove\/michael-r-smith\/\">Michael R. Smith<\/a> &#8211; Sociology Department, McGill University<\/li>\n<li><a href=\"http:\/\/carleton.ca\/cove\/mira-sucharov\/\">Mira Sucharov<\/a> &#8211; Political Science Department, Carleton University<\/li>\n<li><a href=\"http:\/\/carleton.ca\/cove\/peter-swan\/\">Peter Swan<\/a> &#8211; Law Department, Carleton University<\/li>\n<li><a href=\"http:\/\/carleton.ca\/cove\/cecilia-taiana\/\">Celicia Taiana<\/a> &#8211; School of Social Work<\/li>\n<li><a href=\"http:\/\/carleton.ca\/cove\/christopher-waddell\/\">Christopher Waddell<\/a> &#8211; School of Journalism, Carleton University<\/li>\n<li><a href=\"http:\/\/carleton.ca\/cove\/stephen-ward\/\">Stephen J. A. Ward<\/a> &#8211; School of Journalism and Mass Communications, University of Wisconsin-Madison<\/li>\n<li><a href=\"http:\/\/carleton.ca\/cove\/stan-winer\/\">Stan Winer<\/a> &#8211; School of Public Policy &amp; Economics Department, Carleton University<\/li>\n<li><a href=\"http:\/\/carleton.ca\/cove\/michael-yeo\/\">Michael Yeo<\/a> &#8211; Philosophy Department, Carleton University.<\/li>\n<\/ul>\n<p>\u00a9 Centre on Values &amp; Ethics 2013<\/p>\n","protected":false},"excerpt":{"rendered":"<p>MEMBERS Keith Acheson &#8211; Economics Department, Carleton University Stuart Adam &#8211; School of Journalism, Carleton University Katherine Arnup &#8211; School of Canadian Studies, Carleton University Denis Beauchamp &#8211; Defence Ethics Programme, Department of National Defence Fred Bennett &#8211; Independent Scholar Tariq Bhatti &#8211; Infrastructure Canada Manfred Bienefeld &#8211; School of Public Policy and Administration, Carleton [&hellip;]<\/p>\n","protected":false},"author":5,"featured_media":0,"parent":0,"menu_order":0,"comment_status":"open","ping_status":"closed","template":"","meta":{"_relevanssi_hide_post":"","_relevanssi_hide_content":"","_relevanssi_pin_for_all":"","_relevanssi_pin_keywords":"","_relevanssi_unpin_keywords":"","_relevanssi_related_keywords":"","_relevanssi_related_include_ids":"","_relevanssi_related_exclude_ids":"","_relevanssi_related_no_append":"","_relevanssi_related_not_related":"","_relevanssi_related_posts":"","_relevanssi_noindex_reason":"","_mi_skip_tracking":false,"_exactmetrics_sitenote_active":false,"_exactmetrics_sitenote_note":"","_exactmetrics_sitenote_category":0,"footnotes":"","_links_to":"","_links_to_target":""},"yoast_head":"<!-- This site is optimized with the Yoast SEO plugin v21.2 - https:\/\/yoast.com\/wordpress\/plugins\/seo\/ -->\n<title>Members - COVE (Centre on Values and Ethics)<\/title>\n<meta name=\"description\" content=\"MEMBERS Keith Acheson - Economics Department, Carleton University Stuart Adam - School of Journalism, Carleton University Katherine Arnup - School of\" \/>\n<meta name=\"robots\" content=\"index, follow, max-snippet:-1, max-image-preview:large, max-video-preview:-1\" \/>\n<link rel=\"canonical\" href=\"https:\/\/carleton.ca\/cove\/members\/\" \/>\n<meta name=\"twitter:label1\" content=\"Est. reading time\" \/>\n\t<meta name=\"twitter:data1\" content=\"4 minutes\" \/>\n<script type=\"application\/ld+json\" class=\"yoast-schema-graph\">{\"@context\":\"https:\/\/schema.org\",\"@graph\":[{\"@type\":\"WebPage\",\"@id\":\"https:\/\/carleton.ca\/cove\/members\/\",\"url\":\"https:\/\/carleton.ca\/cove\/members\/\",\"name\":\"Members - COVE (Centre on Values and Ethics)\",\"isPartOf\":{\"@id\":\"https:\/\/carleton.ca\/cove\/#website\"},\"datePublished\":\"2014-07-09T14:37:24+00:00\",\"dateModified\":\"2017-07-11T17:40:16+00:00\",\"description\":\"MEMBERS Keith Acheson - Economics Department, Carleton University Stuart Adam - School of Journalism, Carleton University Katherine Arnup - School of\",\"breadcrumb\":{\"@id\":\"https:\/\/carleton.ca\/cove\/members\/#breadcrumb\"},\"inLanguage\":\"en-US\",\"potentialAction\":[{\"@type\":\"ReadAction\",\"target\":[\"https:\/\/carleton.ca\/cove\/members\/\"]}]},{\"@type\":\"BreadcrumbList\",\"@id\":\"https:\/\/carleton.ca\/cove\/members\/#breadcrumb\",\"itemListElement\":[{\"@type\":\"ListItem\",\"position\":1,\"name\":\"Home\",\"item\":\"https:\/\/carleton.ca\/cove\/\"},{\"@type\":\"ListItem\",\"position\":2,\"name\":\"Members\"}]},{\"@type\":\"WebSite\",\"@id\":\"https:\/\/carleton.ca\/cove\/#website\",\"url\":\"https:\/\/carleton.ca\/cove\/\",\"name\":\"COVE (Centre on Values and Ethics)\",\"description\":\"Carleton University\",\"potentialAction\":[{\"@type\":\"SearchAction\",\"target\":{\"@type\":\"EntryPoint\",\"urlTemplate\":\"https:\/\/carleton.ca\/cove\/?s={search_term_string}\"},\"query-input\":\"required name=search_term_string\"}],\"inLanguage\":\"en-US\"}]}<\/script>\n<!-- \/ Yoast SEO plugin. -->","yoast_head_json":{"title":"Members - COVE (Centre on Values and Ethics)","description":"MEMBERS Keith Acheson - Economics Department, Carleton University Stuart Adam - School of Journalism, Carleton University Katherine Arnup - School of","robots":{"index":"index","follow":"follow","max-snippet":"max-snippet:-1","max-image-preview":"max-image-preview:large","max-video-preview":"max-video-preview:-1"},"canonical":"https:\/\/carleton.ca\/cove\/members\/","twitter_misc":{"Est. reading time":"4 minutes"},"schema":{"@context":"https:\/\/schema.org","@graph":[{"@type":"WebPage","@id":"https:\/\/carleton.ca\/cove\/members\/","url":"https:\/\/carleton.ca\/cove\/members\/","name":"Members - COVE (Centre on Values and Ethics)","isPartOf":{"@id":"https:\/\/carleton.ca\/cove\/#website"},"datePublished":"2014-07-09T14:37:24+00:00","dateModified":"2017-07-11T17:40:16+00:00","description":"MEMBERS Keith Acheson - Economics Department, Carleton University Stuart Adam - School of Journalism, Carleton University Katherine Arnup - School of","breadcrumb":{"@id":"https:\/\/carleton.ca\/cove\/members\/#breadcrumb"},"inLanguage":"en-US","potentialAction":[{"@type":"ReadAction","target":["https:\/\/carleton.ca\/cove\/members\/"]}]},{"@type":"BreadcrumbList","@id":"https:\/\/carleton.ca\/cove\/members\/#breadcrumb","itemListElement":[{"@type":"ListItem","position":1,"name":"Home","item":"https:\/\/carleton.ca\/cove\/"},{"@type":"ListItem","position":2,"name":"Members"}]},{"@type":"WebSite","@id":"https:\/\/carleton.ca\/cove\/#website","url":"https:\/\/carleton.ca\/cove\/","name":"COVE (Centre on Values and Ethics)","description":"Carleton University","potentialAction":[{"@type":"SearchAction","target":{"@type":"EntryPoint","urlTemplate":"https:\/\/carleton.ca\/cove\/?s={search_term_string}"},"query-input":"required name=search_term_string"}],"inLanguage":"en-US"}]}},"acf":{"banner_image_type":"none"},"_links":{"self":[{"href":"https:\/\/carleton.ca\/cove\/wp-json\/wp\/v2\/pages\/101"}],"collection":[{"href":"https:\/\/carleton.ca\/cove\/wp-json\/wp\/v2\/pages"}],"about":[{"href":"https:\/\/carleton.ca\/cove\/wp-json\/wp\/v2\/types\/page"}],"author":[{"embeddable":true,"href":"https:\/\/carleton.ca\/cove\/wp-json\/wp\/v2\/users\/5"}],"replies":[{"embeddable":true,"href":"https:\/\/carleton.ca\/cove\/wp-json\/wp\/v2\/comments?post=101"}],"version-history":[{"count":4,"href":"https:\/\/carleton.ca\/cove\/wp-json\/wp\/v2\/pages\/101\/revisions"}],"predecessor-version":[{"id":543,"href":"https:\/\/carleton.ca\/cove\/wp-json\/wp\/v2\/pages\/101\/revisions\/543"}],"wp:attachment":[{"href":"https:\/\/carleton.ca\/cove\/wp-json\/wp\/v2\/media?parent=101"}],"curies":[{"name":"wp","href":"https:\/\/api.w.org\/{rel}","templated":true}]}}