{"id":126,"date":"2014-07-09T14:49:09","date_gmt":"2014-07-09T14:49:09","guid":{"rendered":"http:\/\/ccs-cms1a.carleton.ca\/cove\/?page_id=126"},"modified":"2014-07-10T18:11:11","modified_gmt":"2014-07-10T18:11:11","slug":"idil-boran","status":"publish","type":"page","link":"https:\/\/carleton.ca\/cove\/idil-boran\/","title":{"rendered":"Idil Boran"},"content":{"rendered":"<h3>Idil Boran<\/h3>\n<p><a href=\"&#109;a&#x69;l&#x74;&#111;&#x3a;&#98;&#x6f;&#114;a&#x6e;&#46;&#x69;&#100;&#x69;&#108;&#x40;&#117;&#x71;&#97;m&#x2e;c&#x61;\"> &#x62;&#111;&#114;a&#x6e;&#x2e;&#105;d&#x69;&#x6c;&#64;uq&#x61;&#109;&#46;c&#x61;<\/a><\/p>\n<p>Idil Boran is Assistant Professor in the Philosophy Department at Universit\u00e9 du Qu\u00e9bec \u00e0 Montr\u00e9al. In her research and teaching, she is interested in philosophical problems as they relate to policy issues and public affairs. She has done work on liberal theories of justice and language policy issues. She is currently working on problems involving distributive justice and economic ethics, in particular on questions regarding the fair distribution of costs and benefits with regards to externalities in cooperative schemes. She is also interested in higher-order questions of justification in ethics, in particular as they relate to liberal neutrality and the principles by which the state is to secure individual liberties with regards to lifestyle choices and conceptions of the good. Prior to taking up her position at UQAM, she spent a year at the Hoover Chair in Economic and Social Ethics as a Hoover Fellow and two years at McGill University as a SSHRC Postdoctoral Fellow. She has publications in journals such as Critical Review of International Social and Political Philosophy, The Journal of Social Philosophy, Canadian Journal of Philosophy, The Journal of Value Inquiry, Pacific Philosophical Quarterly and others.<\/p>\n<p>\u00a9 Centre on Values &amp; Ethics 2013<\/p>\n","protected":false},"excerpt":{"rendered":"<p>Idil Boran &#98;&#x6f;&#114;&#x61;n&#x2e;i&#100;&#x69;&#108;&#x40;u&#x71;a&#109;&#x2e;&#99;&#x61; Idil Boran is Assistant Professor in the Philosophy Department at Universit\u00e9 du Qu\u00e9bec \u00e0 Montr\u00e9al. In her research and teaching, she is interested in philosophical problems as they relate to policy issues and public affairs. She has done work on liberal theories of justice and language policy issues. She is currently working [&hellip;]<\/p>\n","protected":false},"author":5,"featured_media":0,"parent":0,"menu_order":0,"comment_status":"open","ping_status":"closed","template":"pg-full.php","meta":{"_relevanssi_hide_post":"","_relevanssi_hide_content":"","_relevanssi_pin_for_all":"","_relevanssi_pin_keywords":"","_relevanssi_unpin_keywords":"","_relevanssi_related_keywords":"","_relevanssi_related_include_ids":"","_relevanssi_related_exclude_ids":"","_relevanssi_related_no_append":"","_relevanssi_related_not_related":"","_relevanssi_related_posts":"","_relevanssi_noindex_reason":"","_mi_skip_tracking":false,"_exactmetrics_sitenote_active":false,"_exactmetrics_sitenote_note":"","_exactmetrics_sitenote_category":0,"footnotes":"","_links_to":"","_links_to_target":""},"yoast_head":"<!-- This site is optimized with the Yoast SEO plugin v21.2 - https:\/\/yoast.com\/wordpress\/plugins\/seo\/ -->\n<title>Idil Boran - COVE (Centre on Values and Ethics)<\/title>\n<meta name=\"description\" content=\"Idil Boran boran.idil@uqam.ca Idil Boran is Assistant Professor in the Philosophy Department at Universit\u00e9 du Qu\u00e9bec \u00e0 Montr\u00e9al. In her research and\" \/>\n<meta name=\"robots\" content=\"index, follow, max-snippet:-1, max-image-preview:large, max-video-preview:-1\" \/>\n<link rel=\"canonical\" href=\"https:\/\/carleton.ca\/cove\/idil-boran\/\" \/>\n<meta name=\"twitter:label1\" content=\"Est. reading time\" \/>\n\t<meta name=\"twitter:data1\" content=\"1 minute\" \/>\n<script type=\"application\/ld+json\" class=\"yoast-schema-graph\">{\"@context\":\"https:\/\/schema.org\",\"@graph\":[{\"@type\":\"WebPage\",\"@id\":\"https:\/\/carleton.ca\/cove\/idil-boran\/\",\"url\":\"https:\/\/carleton.ca\/cove\/idil-boran\/\",\"name\":\"Idil Boran - COVE (Centre on Values and Ethics)\",\"isPartOf\":{\"@id\":\"https:\/\/carleton.ca\/cove\/#website\"},\"datePublished\":\"2014-07-09T14:49:09+00:00\",\"dateModified\":\"2014-07-10T18:11:11+00:00\",\"description\":\"Idil Boran boran.idil@uqam.ca Idil Boran is Assistant Professor in the Philosophy Department at Universit\u00e9 du Qu\u00e9bec \u00e0 Montr\u00e9al. In her research and\",\"breadcrumb\":{\"@id\":\"https:\/\/carleton.ca\/cove\/idil-boran\/#breadcrumb\"},\"inLanguage\":\"en-US\",\"potentialAction\":[{\"@type\":\"ReadAction\",\"target\":[\"https:\/\/carleton.ca\/cove\/idil-boran\/\"]}]},{\"@type\":\"BreadcrumbList\",\"@id\":\"https:\/\/carleton.ca\/cove\/idil-boran\/#breadcrumb\",\"itemListElement\":[{\"@type\":\"ListItem\",\"position\":1,\"name\":\"Home\",\"item\":\"https:\/\/carleton.ca\/cove\/\"},{\"@type\":\"ListItem\",\"position\":2,\"name\":\"Idil Boran\"}]},{\"@type\":\"WebSite\",\"@id\":\"https:\/\/carleton.ca\/cove\/#website\",\"url\":\"https:\/\/carleton.ca\/cove\/\",\"name\":\"COVE (Centre on Values and Ethics)\",\"description\":\"Carleton University\",\"potentialAction\":[{\"@type\":\"SearchAction\",\"target\":{\"@type\":\"EntryPoint\",\"urlTemplate\":\"https:\/\/carleton.ca\/cove\/?s={search_term_string}\"},\"query-input\":\"required name=search_term_string\"}],\"inLanguage\":\"en-US\"}]}<\/script>\n<!-- \/ Yoast SEO plugin. -->","yoast_head_json":{"title":"Idil Boran - COVE (Centre on Values and Ethics)","description":"Idil Boran boran.idil@uqam.ca Idil Boran is Assistant Professor in the Philosophy Department at Universit\u00e9 du Qu\u00e9bec \u00e0 Montr\u00e9al. In her research and","robots":{"index":"index","follow":"follow","max-snippet":"max-snippet:-1","max-image-preview":"max-image-preview:large","max-video-preview":"max-video-preview:-1"},"canonical":"https:\/\/carleton.ca\/cove\/idil-boran\/","twitter_misc":{"Est. reading time":"1 minute"},"schema":{"@context":"https:\/\/schema.org","@graph":[{"@type":"WebPage","@id":"https:\/\/carleton.ca\/cove\/idil-boran\/","url":"https:\/\/carleton.ca\/cove\/idil-boran\/","name":"Idil Boran - COVE (Centre on Values and Ethics)","isPartOf":{"@id":"https:\/\/carleton.ca\/cove\/#website"},"datePublished":"2014-07-09T14:49:09+00:00","dateModified":"2014-07-10T18:11:11+00:00","description":"Idil Boran boran.idil@uqam.ca Idil Boran is Assistant Professor in the Philosophy Department at Universit\u00e9 du Qu\u00e9bec \u00e0 Montr\u00e9al. In her research and","breadcrumb":{"@id":"https:\/\/carleton.ca\/cove\/idil-boran\/#breadcrumb"},"inLanguage":"en-US","potentialAction":[{"@type":"ReadAction","target":["https:\/\/carleton.ca\/cove\/idil-boran\/"]}]},{"@type":"BreadcrumbList","@id":"https:\/\/carleton.ca\/cove\/idil-boran\/#breadcrumb","itemListElement":[{"@type":"ListItem","position":1,"name":"Home","item":"https:\/\/carleton.ca\/cove\/"},{"@type":"ListItem","position":2,"name":"Idil Boran"}]},{"@type":"WebSite","@id":"https:\/\/carleton.ca\/cove\/#website","url":"https:\/\/carleton.ca\/cove\/","name":"COVE (Centre on Values and Ethics)","description":"Carleton University","potentialAction":[{"@type":"SearchAction","target":{"@type":"EntryPoint","urlTemplate":"https:\/\/carleton.ca\/cove\/?s={search_term_string}"},"query-input":"required name=search_term_string"}],"inLanguage":"en-US"}]}},"acf":{"banner_image_type":null,"banner_uploaded_image":null,"banner_hosted_image":null,"banner_opacity":null,"banner_button":null,"banner_buttons":null},"_links":{"self":[{"href":"https:\/\/carleton.ca\/cove\/wp-json\/wp\/v2\/pages\/126"}],"collection":[{"href":"https:\/\/carleton.ca\/cove\/wp-json\/wp\/v2\/pages"}],"about":[{"href":"https:\/\/carleton.ca\/cove\/wp-json\/wp\/v2\/types\/page"}],"author":[{"embeddable":true,"href":"https:\/\/carleton.ca\/cove\/wp-json\/wp\/v2\/users\/5"}],"replies":[{"embeddable":true,"href":"https:\/\/carleton.ca\/cove\/wp-json\/wp\/v2\/comments?post=126"}],"version-history":[{"count":1,"href":"https:\/\/carleton.ca\/cove\/wp-json\/wp\/v2\/pages\/126\/revisions"}],"predecessor-version":[{"id":127,"href":"https:\/\/carleton.ca\/cove\/wp-json\/wp\/v2\/pages\/126\/revisions\/127"}],"wp:attachment":[{"href":"https:\/\/carleton.ca\/cove\/wp-json\/wp\/v2\/media?parent=126"}],"curies":[{"name":"wp","href":"https:\/\/api.w.org\/{rel}","templated":true}]}}