{"id":768,"date":"2019-02-09T18:38:29","date_gmt":"2019-02-09T23:38:29","guid":{"rendered":"https:\/\/carleton.ca\/cspsc\/?page_id=768"},"modified":"2025-11-11T10:50:50","modified_gmt":"2025-11-11T15:50:50","slug":"outil-de-recherche-communautaire","status":"publish","type":"page","link":"https:\/\/carleton.ca\/cspsc\/outil-de-recherche-communautaire\/","title":{"rendered":"Outil de Recherche Communautaire"},"content":{"rendered":"\n<section class=\"w-screen px-6 cu-section cu-section--white ml-offset-center md:px-8 lg:px-14\">\n    <div class=\"space-y-6 cu-max-w-child-5xl  md:space-y-10 cu-prose-first-last\">\n\n            <div class=\"cu-textmedia flex flex-col lg:flex-row mx-auto gap-6 md:gap-10 my-6 md:my-12 first:mt-0 max-w-5xl\">\n        <div class=\"justify-start cu-textmedia-content cu-prose-first-last\" style=\"flex: 0 0 100%;\">\n            <header class=\"font-light prose-xl cu-pageheader md:prose-2xl cu-component-updated cu-prose-first-last\">\n                                    <h1 class=\"cu-prose-first-last font-semibold !mt-2 mb-4 md:mb-6 relative after:absolute after:h-px after:bottom-0 after:bg-cu-red after:left-px text-3xl md:text-4xl lg:text-5xl lg:leading-[3.5rem] pb-5 after:w-10 text-cu-black-700 not-prose\">\n                        Outil de Recherche Communautaire\n                    <\/h1>\n                \n                                \n                            <\/header>\n\n                    <\/div>\n\n            <\/div>\n\n    <\/div>\n<\/section>\n\n\n\n<figure class=\"wp-block-image alignright is-resized\"><a href=\"https:\/\/carleton.ca\/cspsc\/research-toolkit\/\" rel=\"noopener noreferrer\"><img loading=\"lazy\" decoding=\"async\" width=\"800\" height=\"400\" src=\"https:\/\/carleton.ca\/cspsc\/wp-content\/uploads\/sites\/174\/english-version-button4.png\" alt=\"\" class=\"wp-image-882\" style=\"width:115px\" srcset=\"https:\/\/carleton.ca\/cspsc\/wp-content\/uploads\/sites\/174\/english-version-button4.png 800w, https:\/\/carleton.ca\/cspsc\/wp-content\/uploads\/sites\/174\/english-version-button4-160x80.png 160w, https:\/\/carleton.ca\/cspsc\/wp-content\/uploads\/sites\/174\/english-version-button4-240x120.png 240w, https:\/\/carleton.ca\/cspsc\/wp-content\/uploads\/sites\/174\/english-version-button4-768x384.png 768w, https:\/\/carleton.ca\/cspsc\/wp-content\/uploads\/sites\/174\/english-version-button4-400x200.png 400w, https:\/\/carleton.ca\/cspsc\/wp-content\/uploads\/sites\/174\/english-version-button4-360x180.png 360w\" sizes=\"auto, (max-width: 800px) 100vw, 800px\" \/><\/a><\/figure>\n\n\n\n<p><\/p>\n\n\n\n<p>&nbsp;<\/p>\n\n\n\n<p>&nbsp;<\/p>\n\n\n\n<h3 id=\"voici-notre-outil-de-recherche-communautaire\" class=\"wp-block-heading\">Voici notre outil de recherche communautaire&#8230;<\/h3>\n\n\n\n<p>&nbsp;<\/p>\n\n\n\n<p>Cette liste de contr\u00f4le de d\u00e9veloppement de projets est destin\u00e9e aux organismes communautaires qui <strong>tentent de d\u00e9cider s\u2019ils veulent effectuer de la recherche<\/strong> et <strong>s\u2019ils devraient engager un partenaire universitaire<\/strong> avec qui l\u2019effectuer. Cette liste (pr\u00e9sente aussi) un guide de <strong>points \u00e0 prendre en compte<\/strong> pour les organismes communautaires qui effectuent un projet de recherche.<\/p>\n\n\n\n<p>&nbsp;<\/p>\n\n\n\n<p>Les partenariats entre les communaut\u00e9s et les universit\u00e9s peuvent augmenter les capacit\u00e9s, la port\u00e9e et les impacts de la recherche communautaire. Cette liste de contr\u00f4le de d\u00e9veloppement de projets a pour but de guider les organismes communautaires (OC) sur la voie de la recherche communautaire et de la collaboration en&nbsp;:<\/p>\n\n\n\n<p>&nbsp;<\/p>\n\n\n\n<ul class=\"wp-block-list\">\n<li>aidant \u00e0 <strong>\u00e9valuer les besoins<\/strong> de l\u2019OC;<\/li>\n\n\n\n<li>fournissant un <strong>r\u00e9sum\u00e9 de points que l\u2019OC doit prendre en compte<\/strong> en abordant la recherche communautaire, qu\u2019il effectue cette recherche en partenariat ou non (sous la forme d\u2019une liste de contr\u00f4le de deux pages avec des questions pour chaque \u00e9tape du projet, pages x-x);<\/li>\n\n\n\n<li>fournissant de <strong>l\u2019information d\u00e9taill\u00e9e sur chaque \u00e9l\u00e9ment<\/strong> d\u2019un projet de recherche communautaire, incluant des liens vers des outils, des mod\u00e8les et d\u2019autres r\u00e9f\u00e9rences (inclus dans l\u2019Annexe qui constitue la majorit\u00e9 de ce document, pages x-x).<\/li>\n<\/ul>\n\n\n\n<p>&nbsp;<\/p>\n\n\n\n<h3 id=\"comment-utiliser-loutil-de-recherche-communautaire\" class=\"wp-block-heading\">Comment utiliser l&#8217;outil de recherche communautaire<\/h3>\n\n\n\n<p>&nbsp;<\/p>\n\n\n\n<p>Cette trousse \u00e0 outils pr\u00e9sente des renseignements utiles sur la mani\u00e8re d\u2019amorcer les projets et \u00e0 quoi s\u2019attendre, en se basant sur les exp\u00e9riences de partenariats de projets d\u2019engagement des campus et des communaut\u00e9s, \u00e9chelonn\u00e9s sur plusieurs ann\u00e9es, dans le cadre de l\u2019initiative \u00ab&nbsp;<strong>Communaut\u00e9s d\u2019abord&nbsp;: les impacts de l\u2019engagement communautaire<\/strong>\u2009\u00bb ou <a href=\"https:\/\/carleton.ca\/communityfirst\/\" target=\"_blank\" rel=\"noopener noreferrer\">CFICE<\/a>.<\/p>\n\n\n\n<p>&nbsp;<\/p>\n\n\n\n<p>Cette liste de contr\u00f4le de d\u00e9veloppement de projets dresse une s\u00e9rie de questions pour chaque \u00e9tape du proc\u00e9d\u00e9 de recherche. Vous pouvez obtenir <strong>de plus amples informations<\/strong> sur chaque sujet, incluant une liste de ressources et un \u00e9chantillon d\u2019outils pour vous aider \u00e0 trouver r\u00e9ponse \u00e0 ces questions, en <strong>cliquant sur l\u2019hyperlien<\/strong> d\u2019un sujet. La liste de ressources dans l\u2019annexe contient des plans, des mod\u00e8les, des cadres, des d\u00e9finitions, etc.<\/p>\n\n\n\n<p>&nbsp;<\/p>\n\n\n\n<p><strong>Il n\u2019y a pas de nombre \u00ab\u2009exact\u2009\u00bb de questions \u00e0 r\u00e9pondre avant de chercher un partenariat de recherche ou d\u2019effectuer une recherche.<\/strong> Cette liste devrait plut\u00f4t servir de guide pour vous aider \u00e0 penser \u00e0 tous les \u00e9l\u00e9ments d\u2019un projet de recherche pour d\u00e9terminer s\u2019il s\u2019agit d\u2019une t\u00e2che que vous voulez et pouvez entreprendre. Beaucoup de Plusieurs de ces questions peuvent \u00eatre mieux r\u00e9pondues en conjonction avec votre \u00e9quipe de recherche une fois le partenariat amorc\u00e9, mais il est utile de les avoir en t\u00eate avant de commencer le proc\u00e9d\u00e9. \u00c0 cette fin, si beaucoup de sujets et de questions dans la section \u00ab&nbsp;Mod\u00e8le de recherche&nbsp;\u00bb vous semblent \u00e9trang\u00e8res, il peut \u00eatre b\u00e9n\u00e9fique de chercher un partenariat de recherche pour vous aider dans ces aspects du projet.<\/p>\n\n\n\n<p>&nbsp;<\/p>\n\n\n\n<h3 id=\"explorer-les-sujets-de-developpement-dun-projet-de-recherche\" class=\"wp-block-heading\">Explorer les sujets de d\u00e9veloppement d&#8217;un projet de recherche<\/h3>\n\n\n\n<p>&nbsp;<\/p>\n\n\n\n<p>&nbsp;<\/p>\n\n\n\n<section class=\"w-screen px-6 cu-section cu-section--white ml-offset-center md:px-8 lg:px-14\">\n    <div class=\"space-y-6 cu-max-w-child-5xl  md:space-y-10 cu-prose-first-last\">\n\n        \n    <div class=\"grid gap-6 mx-auto my-6 cu-column md:gap-10 md:grid-cols-2 md:my-10 first:mt-0\">\n        \n<div class=\"cu-column-content\">\n    \n\n<figure class=\"wp-block-image aligncenter\"><a href=\"https:\/\/carleton.ca\/cspsc\/recherche-autochtone\/\"><img loading=\"lazy\" decoding=\"async\" width=\"400\" height=\"248\" src=\"https:\/\/carleton.ca\/cspsc\/wp-content\/uploads\/sites\/174\/toolkit-banner-purple-button-french-400x248.png\" alt=\"Button - &quot;Recherche Autochtone&quot;\" class=\"wp-image-2090\" srcset=\"https:\/\/carleton.ca\/cspsc\/wp-content\/uploads\/sites\/174\/toolkit-banner-purple-button-french-400x248.png 400w, https:\/\/carleton.ca\/cspsc\/wp-content\/uploads\/sites\/174\/toolkit-banner-purple-button-french-160x99.png 160w, https:\/\/carleton.ca\/cspsc\/wp-content\/uploads\/sites\/174\/toolkit-banner-purple-button-french-240x149.png 240w, https:\/\/carleton.ca\/cspsc\/wp-content\/uploads\/sites\/174\/toolkit-banner-purple-button-french-768x476.png 768w, https:\/\/carleton.ca\/cspsc\/wp-content\/uploads\/sites\/174\/toolkit-banner-purple-button-french-360x223.png 360w, https:\/\/carleton.ca\/cspsc\/wp-content\/uploads\/sites\/174\/toolkit-banner-purple-button-french.png 1086w\" sizes=\"auto, (max-width: 400px) 100vw, 400px\" \/><\/a><\/figure>\n\n\n\n<p><\/p>\n\n\n<\/div>\n\n\n<div class=\"cu-column-content\">\n    \n\n<figure class=\"wp-block-image\"><a href=\"https:\/\/carleton.ca\/cspsc\/partenariats\/\"><img loading=\"lazy\" decoding=\"async\" width=\"400\" height=\"248\" src=\"https:\/\/carleton.ca\/cspsc\/wp-content\/uploads\/sites\/174\/toolkit-banner-gold-button-french-400x248.png\" alt=\"Button - &quot;Partenariats&quot;\" class=\"wp-image-2092\" srcset=\"https:\/\/carleton.ca\/cspsc\/wp-content\/uploads\/sites\/174\/toolkit-banner-gold-button-french-400x248.png 400w, https:\/\/carleton.ca\/cspsc\/wp-content\/uploads\/sites\/174\/toolkit-banner-gold-button-french-160x99.png 160w, https:\/\/carleton.ca\/cspsc\/wp-content\/uploads\/sites\/174\/toolkit-banner-gold-button-french-240x149.png 240w, https:\/\/carleton.ca\/cspsc\/wp-content\/uploads\/sites\/174\/toolkit-banner-gold-button-french-768x476.png 768w, https:\/\/carleton.ca\/cspsc\/wp-content\/uploads\/sites\/174\/toolkit-banner-gold-button-french-360x223.png 360w, https:\/\/carleton.ca\/cspsc\/wp-content\/uploads\/sites\/174\/toolkit-banner-gold-button-french.png 1086w\" sizes=\"auto, (max-width: 400px) 100vw, 400px\" \/><\/a><\/figure>\n\n\n\n<p class=\"has-text-align-center\"><\/p>\n\n\n<\/div>\n\n\n    <\/div>\n\n\n    <\/div>\n<\/section>\n\n\n\n<p>&nbsp;<\/p>\n\n\n\n<section class=\"w-screen px-6 cu-section cu-section--white ml-offset-center md:px-8 lg:px-14\">\n    <div class=\"space-y-6 cu-max-w-child-5xl  md:space-y-10 cu-prose-first-last\">\n\n        \n    <div class=\"grid gap-6 mx-auto my-6 cu-column md:gap-10 md:grid-cols-2 md:my-10 first:mt-0\">\n        \n<div class=\"cu-column-content\">\n    \n\n<figure class=\"wp-block-image\"><a href=\"https:\/\/carleton.ca\/cspsc\/planification-du-projet\/\"><img loading=\"lazy\" decoding=\"async\" width=\"400\" height=\"248\" src=\"https:\/\/carleton.ca\/cspsc\/wp-content\/uploads\/sites\/174\/toolkit-banner-aqua-button-french-1-400x248.png\" alt=\"Button - &quot;Planification du projet&quot;\" class=\"wp-image-2095\" srcset=\"https:\/\/carleton.ca\/cspsc\/wp-content\/uploads\/sites\/174\/toolkit-banner-aqua-button-french-1-400x248.png 400w, https:\/\/carleton.ca\/cspsc\/wp-content\/uploads\/sites\/174\/toolkit-banner-aqua-button-french-1-160x99.png 160w, https:\/\/carleton.ca\/cspsc\/wp-content\/uploads\/sites\/174\/toolkit-banner-aqua-button-french-1-240x149.png 240w, https:\/\/carleton.ca\/cspsc\/wp-content\/uploads\/sites\/174\/toolkit-banner-aqua-button-french-1-768x476.png 768w, https:\/\/carleton.ca\/cspsc\/wp-content\/uploads\/sites\/174\/toolkit-banner-aqua-button-french-1-360x223.png 360w, https:\/\/carleton.ca\/cspsc\/wp-content\/uploads\/sites\/174\/toolkit-banner-aqua-button-french-1.png 1086w\" sizes=\"auto, (max-width: 400px) 100vw, 400px\" \/><\/a><\/figure>\n\n\n\n<p class=\"has-text-align-center\"><\/p>\n\n\n<\/div>\n\n\n<div class=\"cu-column-content\">\n    \n\n<figure class=\"wp-block-image\"><a href=\"https:\/\/carleton.ca\/cspsc\/plan-de-recherche\/\"><img loading=\"lazy\" decoding=\"async\" width=\"400\" height=\"248\" src=\"https:\/\/carleton.ca\/cspsc\/wp-content\/uploads\/sites\/174\/toolkit-banner-terracotta-button-french-400x248.png\" alt=\"Button - &quot;Plan de recherche&quot;\" class=\"wp-image-2097\" srcset=\"https:\/\/carleton.ca\/cspsc\/wp-content\/uploads\/sites\/174\/toolkit-banner-terracotta-button-french-400x248.png 400w, https:\/\/carleton.ca\/cspsc\/wp-content\/uploads\/sites\/174\/toolkit-banner-terracotta-button-french-160x99.png 160w, https:\/\/carleton.ca\/cspsc\/wp-content\/uploads\/sites\/174\/toolkit-banner-terracotta-button-french-240x149.png 240w, https:\/\/carleton.ca\/cspsc\/wp-content\/uploads\/sites\/174\/toolkit-banner-terracotta-button-french-768x476.png 768w, https:\/\/carleton.ca\/cspsc\/wp-content\/uploads\/sites\/174\/toolkit-banner-terracotta-button-french-360x223.png 360w, https:\/\/carleton.ca\/cspsc\/wp-content\/uploads\/sites\/174\/toolkit-banner-terracotta-button-french.png 1086w\" sizes=\"auto, (max-width: 400px) 100vw, 400px\" \/><\/a><\/figure>\n\n\n\n<p class=\"has-text-align-center\"><\/p>\n\n\n<\/div>\n\n\n    <\/div>\n\n\n    <\/div>\n<\/section>\n\n\n\n<p>&nbsp;<\/p>\n\n\n\n<figure class=\"wp-block-image\"><a href=\"https:\/\/carleton.ca\/cspsc\/plan-de-recherche\/\"><img loading=\"lazy\" decoding=\"async\" width=\"400\" height=\"248\" src=\"https:\/\/carleton.ca\/cspsc\/wp-content\/uploads\/sites\/174\/toolkit-banner-green-button-french-400x248.png\" alt=\"Button - &quot;Apres la recherche&quot;\" class=\"wp-image-2098\" srcset=\"https:\/\/carleton.ca\/cspsc\/wp-content\/uploads\/sites\/174\/toolkit-banner-green-button-french-400x248.png 400w, https:\/\/carleton.ca\/cspsc\/wp-content\/uploads\/sites\/174\/toolkit-banner-green-button-french-160x99.png 160w, https:\/\/carleton.ca\/cspsc\/wp-content\/uploads\/sites\/174\/toolkit-banner-green-button-french-240x149.png 240w, https:\/\/carleton.ca\/cspsc\/wp-content\/uploads\/sites\/174\/toolkit-banner-green-button-french-768x476.png 768w, https:\/\/carleton.ca\/cspsc\/wp-content\/uploads\/sites\/174\/toolkit-banner-green-button-french-360x223.png 360w, https:\/\/carleton.ca\/cspsc\/wp-content\/uploads\/sites\/174\/toolkit-banner-green-button-french.png 1086w\" sizes=\"auto, (max-width: 400px) 100vw, 400px\" \/><\/a><\/figure>\n\n\n\n<p class=\"has-text-align-center\"><\/p>\n\n\n\n<p>&nbsp;<\/p>\n\n\n\n<p>&nbsp;<\/p>\n\n\n\n<p>Il y a \u00e9galement des ressources g\u00e9n\u00e9rales disponibles en ligne pour vous aider \u00e0 vous pr\u00e9parer pour un partenariat de recherche et une recherche communautaire. Quelques guides utiles incluent l\u2019<a href=\"http:\/\/accessalliance.ca\/wp-content\/uploads\/2015\/03\/CBR_Toolkit_Jan2012.pdf\"><em>Access Alliance Community-Based Research Toolkit<\/em><\/a> (en anglais seulement) et la <a href=\"http:\/\/ctb.ku.edu\/en\/table-of-contents\"><em>Community Tool Box from the University of Kansas\u2019 Centre for Community Health and Development<\/em><\/a> (en anglais seulement).<\/p>\n\n\n\n<p>&nbsp;<\/p>\n\n\n\n<p>Pour une liste plus d\u00e9taill\u00e9e de trousses \u00e0 outils pour la recherche communautaire, consultez la liste des ressources et de suggestions de m\u00e9thodologie pour aider les OC \u00e0 g\u00e9rer les demandes d\u2019informations de la part de chercheurs (lien&nbsp;: <a href=\"https:\/\/carleton.ca\/communityfirst\/wp-content\/uploads\/KMb-NGO-Guide-Key-Issues-in-Research-Processes-and-Managers.pdf\">List of resources and process suggestions to help NGOs deal with data requests from researchers<\/a><u>)<\/u>&nbsp;de CAIEC. Les ressources et les sujets fournis dans cette liste de contr\u00f4le ne sont pas exhaustifs, mais ils peuvent vous aider \u00e0 d\u00e9marrer.<\/p>\n\n\n\n<p>*\u00c0 noter&nbsp;: quelques liens peuvent devenir inactifs au fil du temps et ils sont mis \u00e0 jour p\u00e9riodiquement.<\/p>\n\n\n\n<p>\u00a0<\/p>\n\n\n\n<p>&nbsp;<\/p>\n\n\n\n<figure class=\"wp-block-image alignleft\"><a href=\"https:\/\/carleton.ca\/cspsc\/wp-content\/uploads\/sites\/174\/19-159-Poverty-Community-based-research-toolkit-french-SEPT-3-2019.pdf\" target=\"_blank\" rel=\"noopener noreferrer\"><img loading=\"lazy\" decoding=\"async\" width=\"160\" height=\"207\" src=\"https:\/\/carleton.ca\/cspsc\/wp-content\/uploads\/sites\/174\/Cover-Outil-de-Recherche-Communautaire-grey-border-160x207.png\" alt=\"Cover for &quot;Outil de Recherche Communautaire&quot;\" class=\"wp-image-1747\" srcset=\"https:\/\/carleton.ca\/cspsc\/wp-content\/uploads\/sites\/174\/Cover-Outil-de-Recherche-Communautaire-grey-border-160x207.png 160w, https:\/\/carleton.ca\/cspsc\/wp-content\/uploads\/sites\/174\/Cover-Outil-de-Recherche-Communautaire-grey-border-240x311.png 240w, https:\/\/carleton.ca\/cspsc\/wp-content\/uploads\/sites\/174\/Cover-Outil-de-Recherche-Communautaire-grey-border-768x994.png 768w, https:\/\/carleton.ca\/cspsc\/wp-content\/uploads\/sites\/174\/Cover-Outil-de-Recherche-Communautaire-grey-border-400x518.png 400w, https:\/\/carleton.ca\/cspsc\/wp-content\/uploads\/sites\/174\/Cover-Outil-de-Recherche-Communautaire-grey-border-1187x1536.png 1187w, https:\/\/carleton.ca\/cspsc\/wp-content\/uploads\/sites\/174\/Cover-Outil-de-Recherche-Communautaire-grey-border-1583x2048.png 1583w, https:\/\/carleton.ca\/cspsc\/wp-content\/uploads\/sites\/174\/Cover-Outil-de-Recherche-Communautaire-grey-border-360x466.png 360w\" sizes=\"auto, (max-width: 160px) 100vw, 160px\" \/><\/a><\/figure>\n\n\n\n<p>&nbsp;<\/p>\n\n\n\n<p>&nbsp;<\/p>\n\n\n\n<p>&nbsp;<\/p>\n\n\n\n<h3 id=\"version-imprimable-de-la-liste-de-controle\" class=\"wp-block-heading\"><a href=\"https:\/\/carleton.ca\/cspsc\/wp-content\/uploads\/sites\/174\/19-159-Poverty-Community-based-research-toolkit-french-SEPT-3-2019.pdf\" target=\"_blank\" rel=\"noopener noreferrer\">Version imprimable de la liste de contr\u00f4le<\/a><\/h3>\n\n\n\n<p>&nbsp;<\/p>\n\n\n\n<p>&nbsp;<\/p>\n\n\n\n<p>&nbsp;<\/p>\n\n\n\n<h2 id=\"\" class=\"wp-block-heading\"><\/h2>\n\n\n\n<p>&nbsp;<\/p>\n\n\n\n<p>&nbsp;<\/p>\n\n\n\n<p>Gr\u00e2ce au CFICE, ce projet \u00e9tait financ\u00e9 par le <a href=\"https:\/\/www.sshrc-crsh.gc.ca\/home-accueil-fra.aspx\" target=\"_blank\" rel=\"noopener noreferrer\">Conseil de recherches en sciences humaines du Canada (CRSH)<\/a>.<\/p>\n\n\n\n<p>&nbsp;<\/p>\n\n\n\n<figure class=\"wp-block-image\"><img loading=\"lazy\" decoding=\"async\" width=\"1507\" height=\"63\" src=\"https:\/\/carleton.ca\/cspsc\/wp-content\/uploads\/sites\/174\/SSHRC-CRSH_FIP-1.jpg\" alt=\"\" class=\"wp-image-740\" srcset=\"https:\/\/carleton.ca\/cspsc\/wp-content\/uploads\/sites\/174\/SSHRC-CRSH_FIP-1.jpg 1507w, https:\/\/carleton.ca\/cspsc\/wp-content\/uploads\/sites\/174\/SSHRC-CRSH_FIP-1-160x7.jpg 160w, https:\/\/carleton.ca\/cspsc\/wp-content\/uploads\/sites\/174\/SSHRC-CRSH_FIP-1-240x10.jpg 240w, https:\/\/carleton.ca\/cspsc\/wp-content\/uploads\/sites\/174\/SSHRC-CRSH_FIP-1-768x32.jpg 768w, https:\/\/carleton.ca\/cspsc\/wp-content\/uploads\/sites\/174\/SSHRC-CRSH_FIP-1-400x17.jpg 400w, https:\/\/carleton.ca\/cspsc\/wp-content\/uploads\/sites\/174\/SSHRC-CRSH_FIP-1-360x15.jpg 360w\" sizes=\"auto, (max-width: 1507px) 100vw, 1507px\" \/><\/figure>\n\n\n\n<p><\/p>\n\n\n\n<p>&nbsp;<\/p>\n\n\n\n<p>&nbsp;<\/p>\n\n\n\n<p>&nbsp;<\/p>\n","protected":false},"excerpt":{"rendered":"<p>&nbsp; &nbsp; Voici notre outil de recherche communautaire&#8230; &nbsp; Cette liste de contr\u00f4le de d\u00e9veloppement de projets est destin\u00e9e aux organismes communautaires qui tentent de d\u00e9cider s\u2019ils veulent effectuer de la recherche et s\u2019ils devraient engager un partenaire universitaire avec qui l\u2019effectuer. Cette liste (pr\u00e9sente aussi) un guide de points \u00e0 prendre en compte pour [&hellip;]<\/p>\n","protected":false},"author":2,"featured_media":0,"parent":0,"menu_order":0,"comment_status":"closed","ping_status":"closed","template":"","meta":{"_acf_changed":false,"_cu_dining_location_slug":"","footnotes":"","_links_to":"","_links_to_target":""},"cu_page_type":[],"class_list":["post-768","page","type-page","status-publish","hentry"],"acf":{"cu_post_thumbnail":""},"_links":{"self":[{"href":"https:\/\/carleton.ca\/cspsc\/wp-json\/wp\/v2\/pages\/768","targetHints":{"allow":["GET"]}}],"collection":[{"href":"https:\/\/carleton.ca\/cspsc\/wp-json\/wp\/v2\/pages"}],"about":[{"href":"https:\/\/carleton.ca\/cspsc\/wp-json\/wp\/v2\/types\/page"}],"author":[{"embeddable":true,"href":"https:\/\/carleton.ca\/cspsc\/wp-json\/wp\/v2\/users\/2"}],"replies":[{"embeddable":true,"href":"https:\/\/carleton.ca\/cspsc\/wp-json\/wp\/v2\/comments?post=768"}],"version-history":[{"count":4,"href":"https:\/\/carleton.ca\/cspsc\/wp-json\/wp\/v2\/pages\/768\/revisions"}],"predecessor-version":[{"id":3067,"href":"https:\/\/carleton.ca\/cspsc\/wp-json\/wp\/v2\/pages\/768\/revisions\/3067"}],"wp:attachment":[{"href":"https:\/\/carleton.ca\/cspsc\/wp-json\/wp\/v2\/media?parent=768"}],"wp:term":[{"taxonomy":"cu_page_type","embeddable":true,"href":"https:\/\/carleton.ca\/cspsc\/wp-json\/wp\/v2\/cu_page_type?post=768"}],"curies":[{"name":"wp","href":"https:\/\/api.w.org\/{rel}","templated":true}]}}