{"id":773,"date":"2019-02-09T20:42:20","date_gmt":"2019-02-10T01:42:20","guid":{"rendered":"https:\/\/carleton.ca\/cspsc\/?page_id=773"},"modified":"2025-11-11T10:49:35","modified_gmt":"2025-11-11T15:49:35","slug":"partenariats","status":"publish","type":"page","link":"https:\/\/carleton.ca\/cspsc\/partenariats\/","title":{"rendered":"Partenariats"},"content":{"rendered":"\n<section class=\"w-screen px-6 cu-section cu-section--white ml-offset-center md:px-8 lg:px-14\">\n    <div class=\"space-y-6 cu-max-w-child-5xl  md:space-y-10 cu-prose-first-last\">\n\n            <div class=\"cu-textmedia flex flex-col lg:flex-row mx-auto gap-6 md:gap-10 my-6 md:my-12 first:mt-0 max-w-5xl\">\n        <div class=\"justify-start cu-textmedia-content cu-prose-first-last\" style=\"flex: 0 0 100%;\">\n            <header class=\"font-light prose-xl cu-pageheader md:prose-2xl cu-component-updated cu-prose-first-last\">\n                                    <h1 class=\"cu-prose-first-last font-semibold !mt-2 mb-4 md:mb-6 relative after:absolute after:h-px after:bottom-0 after:bg-cu-red after:left-px text-3xl md:text-4xl lg:text-5xl lg:leading-[3.5rem] pb-5 after:w-10 text-cu-black-700 not-prose\">\n                        Partenariats\n                    <\/h1>\n                \n                                \n                            <\/header>\n\n                    <\/div>\n\n            <\/div>\n\n    <\/div>\n<\/section>\n\n\n\n<div class=\"wp-block-buttons is-content-justification-right is-layout-flex wp-container-core-buttons-is-layout-765c4724 wp-block-buttons-is-layout-flex\">\n<div class=\"wp-block-button\"><a class=\"wp-block-button__link wp-element-button\" href=\"https:\/\/carleton.ca\/cspsc\/partnerships\/\">English Version<\/a><\/div>\n<\/div>\n\n\n\n<p><\/p>\n\n\n\n<figure class=\"wp-block-image\"><img loading=\"lazy\" decoding=\"async\" width=\"1116\" height=\"10\" src=\"https:\/\/carleton.ca\/cspsc\/wp-content\/uploads\/sites\/174\/header-partnerships.png\" alt=\"Page break - gold\" class=\"wp-image-1952\" srcset=\"https:\/\/carleton.ca\/cspsc\/wp-content\/uploads\/sites\/174\/header-partnerships.png 1116w, https:\/\/carleton.ca\/cspsc\/wp-content\/uploads\/sites\/174\/header-partnerships-160x1.png 160w, https:\/\/carleton.ca\/cspsc\/wp-content\/uploads\/sites\/174\/header-partnerships-240x2.png 240w, https:\/\/carleton.ca\/cspsc\/wp-content\/uploads\/sites\/174\/header-partnerships-768x7.png 768w, https:\/\/carleton.ca\/cspsc\/wp-content\/uploads\/sites\/174\/header-partnerships-400x4.png 400w, https:\/\/carleton.ca\/cspsc\/wp-content\/uploads\/sites\/174\/header-partnerships-360x3.png 360w\" sizes=\"auto, (max-width: 1116px) 100vw, 1116px\" \/><\/figure>\n\n\n\n<p><\/p>\n\n\n\n<h2 id=\"trouver-des-partenariats\" class=\"wp-block-heading\">Trouver des partenariats<\/h2>\n\n\n\n<section class=\"w-screen px-6 cu-section cu-section--white ml-offset-center md:px-8 lg:px-14\">\n    <div class=\"space-y-6 cu-max-w-child-5xl  md:space-y-10 cu-prose-first-last\">\n\n        \n    <div class=\"grid gap-6 mx-auto my-6 cu-column md:gap-10 md:grid-cols-2 md:my-10 first:mt-0\">\n        \n<div class=\"cu-column-content\">\n    \n\n<p><strong class=\"myprefix-text-bold\">Sujet<\/strong><\/p>\n\n\n<\/div>\n\n\n<div class=\"cu-column-content\">\n    \n\n<p><strong class=\"myprefix-text-bold\">Questions de d\u00e9veloppement de projet<\/strong><\/p>\n\n\n<\/div>\n\n\n    <\/div>\n\n\n    <\/div>\n<\/section>\n\n\n\n<section class=\"w-screen px-6 cu-section cu-section--white ml-offset-center md:px-8 lg:px-14\">\n    <div class=\"space-y-6 cu-max-w-child-5xl  md:space-y-10 cu-prose-first-last\">\n\n        \n    <div class=\"grid gap-6 mx-auto my-6 cu-column md:gap-10 md:grid-cols-2 md:my-10 first:mt-0\">\n        \n<div class=\"cu-column-content\">\n    \n\n<p><br><a href=\"https:\/\/carleton.ca\/cspsc\/apres-la-recherche-2\/\"><a href=\"https:\/\/carleton.ca\/cspsc\/trouver-des-partenariats\/\">Fixer des buts de partenariats\u00a0<\/a><\/a><\/p>\n\n\n<\/div>\n\n\n<div class=\"cu-column-content\">\n    \n\n<p>Que voulons-nous accomplir et comment est-ce compatible avec notre mission g\u00e9n\u00e9rale et notre vision?<\/p>\n\n\n<\/div>\n\n\n    <\/div>\n\n\n    <\/div>\n<\/section>\n\n\n\n<section class=\"w-screen px-6 cu-section cu-section--white ml-offset-center md:px-8 lg:px-14\">\n    <div class=\"space-y-6 cu-max-w-child-5xl  md:space-y-10 cu-prose-first-last\">\n\n        \n    <div class=\"grid gap-6 mx-auto my-6 cu-column md:gap-10 md:grid-cols-2 md:my-10 first:mt-0\">\n        \n<div class=\"cu-column-content\">\n    \n\n<p><a href=\"https:\/\/carleton.ca\/cspsc\/apres-la-recherche-2\/\"><a href=\"https:\/\/carleton.ca\/cspsc\/trouver-des-partenariats\/\">Mobiliser les partenaires avec un interm\u00e9diaire<\/a><\/a><\/p>\n\n\n<\/div>\n\n\n<div class=\"cu-column-content\">\n    \n\n<p>Voulons-nous de l\u2019aide pour n\u00e9gocier et discuter avec l\u2019universit\u00e9, et comment saurons-nous qui peut nous aider \u00e0 faire le lien avec des partenaires de recherche?<\/p>\n\n\n<\/div>\n\n\n    <\/div>\n\n\n    <\/div>\n<\/section>\n\n\n\n<section class=\"w-screen px-6 cu-section cu-section--white ml-offset-center md:px-8 lg:px-14\">\n    <div class=\"space-y-6 cu-max-w-child-5xl  md:space-y-10 cu-prose-first-last\">\n\n        \n    <div class=\"grid gap-6 mx-auto my-6 cu-column md:gap-10 md:grid-cols-2 md:my-10 first:mt-0\">\n        \n<div class=\"cu-column-content\">\n    \n\n<p><a href=\"https:\/\/carleton.ca\/cspsc\/apres-la-recherche-2\/\"><br>Trouver des partenaires<\/a><\/p>\n\n\n<\/div>\n\n\n<div class=\"cu-column-content\">\n    \n\n<p>Qui serait compatible avec nos besoins et int\u00e9r\u00eats? Comment travaillerons-nous avec cette personne et comment saurons-nous qu\u2019un partenaire universitaire priorise vraiment la communaut\u00e9?<br><\/p>\n\n\n<\/div>\n\n\n    <\/div>\n\n\n    <\/div>\n<\/section>\n\n\n\n<section class=\"w-screen px-6 cu-section cu-section--white ml-offset-center md:px-8 lg:px-14\">\n    <div class=\"space-y-6 cu-max-w-child-5xl  md:space-y-10 cu-prose-first-last\">\n\n        \n    <div class=\"grid gap-6 mx-auto my-6 cu-column md:gap-10 md:grid-cols-2 md:my-10 first:mt-0\">\n        \n<div class=\"cu-column-content\">\n    \n\n<p><a href=\"https:\/\/carleton.ca\/cspsc\/apres-la-recherche-2\/\"><a href=\"https:\/\/carleton.ca\/cspsc\/trouver-des-partenariats\/\">\u00c9tablir un contact avec les partenaires<\/a><\/a><\/p>\n\n\n<\/div>\n\n\n<div class=\"cu-column-content\">\n    \n\n<p>Comment contacterons-nous un partenaire de recherche et que devons-nous dire au premier contact? Savons-nous \u00e0 quoi nous attendre de nos communications avec des partenaires universitaires?<\/p>\n\n\n<\/div>\n\n\n    <\/div>\n\n\n    <\/div>\n<\/section>\n\n\n\n<div class=\"wp-block-buttons is-content-justification-center is-layout-flex wp-container-core-buttons-is-layout-16018d1d wp-block-buttons-is-layout-flex\">\n<div class=\"wp-block-button\"><a class=\"wp-block-button__link wp-element-button\" href=\"https:\/\/carleton.ca\/cspsc\/trouver-des-partenariats\/\">Trouver des partenariats<\/a><\/div>\n<\/div>\n\n\n\n<h2 id=\"travailler-en-partenariats\" class=\"wp-block-heading\"><strong>Travailler en\u00a0partenariats<\/strong><\/h2>\n\n\n\n<section class=\"w-screen px-6 cu-section cu-section--white ml-offset-center md:px-8 lg:px-14\">\n    <div class=\"space-y-6 cu-max-w-child-5xl  md:space-y-10 cu-prose-first-last\">\n\n        \n    <div class=\"grid gap-6 mx-auto my-6 cu-column md:gap-10 md:grid-cols-2 md:my-10 first:mt-0\">\n        \n<div class=\"cu-column-content\">\n    \n\n<p><strong class=\"myprefix-text-bold\">Sujet<\/strong><\/p>\n\n\n<\/div>\n\n\n<div class=\"cu-column-content\">\n    \n\n<p><strong class=\"myprefix-text-bold\">Questions de d\u00e9veloppement de projet<\/strong><\/p>\n\n\n<\/div>\n\n\n    <\/div>\n\n\n    <\/div>\n<\/section>\n\n\n\n<section class=\"w-screen px-6 cu-section cu-section--white ml-offset-center md:px-8 lg:px-14\">\n    <div class=\"space-y-6 cu-max-w-child-5xl  md:space-y-10 cu-prose-first-last\">\n\n        \n    <div class=\"grid gap-6 mx-auto my-6 cu-column md:gap-10 md:grid-cols-2 md:my-10 first:mt-0\">\n        \n<div class=\"cu-column-content\">\n    \n\n<p><br><a href=\"https:\/\/carleton.ca\/cspsc\/apres-la-recherche-2\/\"><a href=\"https:\/\/carleton.ca\/cspsc\/trouver-des-partenariats\/\"><a href=\"https:\/\/carleton.ca\/cspsc\/travailler-en-partenariats\/\">Maintenir les partenariats<\/a><\/a><\/a><\/p>\n\n\n<\/div>\n\n\n<div class=\"cu-column-content\">\n    \n\n<p>Comment garderons-nous le partenariat fort et durable? Comment \u00e9valuerons-nous un partenariat \u00e0 long terme? Avons-nous une id\u00e9e de ce qui se passera lorsqu\u2019il n\u2019y aura plus de financement?<\/p>\n\n\n<\/div>\n\n\n    <\/div>\n\n\n    <\/div>\n<\/section>\n\n\n\n<section class=\"w-screen px-6 cu-section cu-section--white ml-offset-center md:px-8 lg:px-14\">\n    <div class=\"space-y-6 cu-max-w-child-5xl  md:space-y-10 cu-prose-first-last\">\n\n        \n    <div class=\"grid gap-6 mx-auto my-6 cu-column md:gap-10 md:grid-cols-2 md:my-10 first:mt-0\">\n        \n<div class=\"cu-column-content\">\n    \n\n<p><br><a href=\"https:\/\/carleton.ca\/cspsc\/apres-la-recherche-2\/\"><a href=\"https:\/\/carleton.ca\/cspsc\/trouver-des-partenariats\/\"><a href=\"https:\/\/carleton.ca\/cspsc\/travailler-en-partenariats\/\"><a href=\"https:\/\/carleton.ca\/cspsc\/travailler-en-partenariats\/\">Accords de partenariat<\/a><\/a><\/a><\/a><\/p>\n\n\n<\/div>\n\n\n<div class=\"cu-column-content\">\n    \n\n<p>Comment r\u00e9aliserons-nous un contrat de recherche? Savons-nous quoi faire du point de vue l\u00e9gal et o\u00f9 aller pour obtenir des conseils juridiques?<\/p>\n\n\n<\/div>\n\n\n    <\/div>\n\n\n    <\/div>\n<\/section>\n\n\n\n<section class=\"w-screen px-6 cu-section cu-section--white ml-offset-center md:px-8 lg:px-14\">\n    <div class=\"space-y-6 cu-max-w-child-5xl  md:space-y-10 cu-prose-first-last\">\n\n        \n    <div class=\"grid gap-6 mx-auto my-6 cu-column md:gap-10 md:grid-cols-2 md:my-10 first:mt-0\">\n        \n<div class=\"cu-column-content\">\n    \n\n<p><br><a href=\"https:\/\/carleton.ca\/cspsc\/apres-la-recherche-2\/\"><a href=\"https:\/\/carleton.ca\/cspsc\/trouver-des-partenariats\/\"><a href=\"https:\/\/carleton.ca\/cspsc\/travailler-en-partenariats\/\"><a href=\"https:\/\/carleton.ca\/cspsc\/travailler-en-partenariats\/\">Propri\u00e9t\u00e9 des donn\u00e9es<\/a><\/a><\/a><\/a><\/p>\n\n\n<\/div>\n\n\n<div class=\"cu-column-content\">\n    \n\n<p>Comment d\u00e9ciderons-nous de qui a la propri\u00e9t\u00e9 des donn\u00e9es? Comment les donn\u00e9es seront-elles stock\u00e9es?<\/p>\n\n\n<\/div>\n\n\n    <\/div>\n\n\n    <\/div>\n<\/section>\n\n\n\n<div class=\"wp-block-buttons is-content-justification-center is-layout-flex wp-container-core-buttons-is-layout-16018d1d wp-block-buttons-is-layout-flex\">\n<div class=\"wp-block-button\"><a class=\"wp-block-button__link wp-element-button\" href=\"https:\/\/carleton.ca\/cspsc\/travailler-en-partenariats\/%20\">Travailler en partenariats<\/a><\/div>\n<\/div>\n\n\n\n<p>&nbsp;<\/p>\n\n\n\n<p>&nbsp;<\/p>\n\n\n\n<figure class=\"wp-block-image\"><img loading=\"lazy\" decoding=\"async\" width=\"1116\" height=\"10\" src=\"https:\/\/carleton.ca\/cspsc\/wp-content\/uploads\/sites\/174\/header-partnerships.png\" alt=\"Page break - gold\" class=\"wp-image-1952\" srcset=\"https:\/\/carleton.ca\/cspsc\/wp-content\/uploads\/sites\/174\/header-partnerships.png 1116w, https:\/\/carleton.ca\/cspsc\/wp-content\/uploads\/sites\/174\/header-partnerships-160x1.png 160w, https:\/\/carleton.ca\/cspsc\/wp-content\/uploads\/sites\/174\/header-partnerships-240x2.png 240w, https:\/\/carleton.ca\/cspsc\/wp-content\/uploads\/sites\/174\/header-partnerships-768x7.png 768w, https:\/\/carleton.ca\/cspsc\/wp-content\/uploads\/sites\/174\/header-partnerships-400x4.png 400w, https:\/\/carleton.ca\/cspsc\/wp-content\/uploads\/sites\/174\/header-partnerships-360x3.png 360w\" sizes=\"auto, (max-width: 1116px) 100vw, 1116px\" \/><\/figure>\n\n\n\n<p>&nbsp;<\/p>\n\n\n\n<p>&nbsp;<\/p>\n\n\n\n<figure class=\"wp-block-image\"><a href=\"https:\/\/carleton.ca\/cspsc\/outil-de-recherche-communautaire\/\"><img loading=\"lazy\" decoding=\"async\" width=\"1365\" height=\"455\" src=\"https:\/\/carleton.ca\/cspsc\/wp-content\/uploads\/sites\/174\/navigation-button-smaller-french-partnerhshipsxcf.png\" alt=\"Button - &quot;Retourner a l'index principal&quot;\" class=\"wp-image-2142\" srcset=\"https:\/\/carleton.ca\/cspsc\/wp-content\/uploads\/sites\/174\/navigation-button-smaller-french-partnerhshipsxcf.png 1365w, https:\/\/carleton.ca\/cspsc\/wp-content\/uploads\/sites\/174\/navigation-button-smaller-french-partnerhshipsxcf-160x53.png 160w, https:\/\/carleton.ca\/cspsc\/wp-content\/uploads\/sites\/174\/navigation-button-smaller-french-partnerhshipsxcf-240x80.png 240w, https:\/\/carleton.ca\/cspsc\/wp-content\/uploads\/sites\/174\/navigation-button-smaller-french-partnerhshipsxcf-768x256.png 768w, https:\/\/carleton.ca\/cspsc\/wp-content\/uploads\/sites\/174\/navigation-button-smaller-french-partnerhshipsxcf-400x133.png 400w, https:\/\/carleton.ca\/cspsc\/wp-content\/uploads\/sites\/174\/navigation-button-smaller-french-partnerhshipsxcf-360x120.png 360w\" sizes=\"auto, (max-width: 1365px) 100vw, 1365px\" \/><\/a><\/figure>\n\n\n\n<figure class=\"wp-block-image\"><img loading=\"lazy\" decoding=\"async\" width=\"2036\" height=\"455\" src=\"https:\/\/carleton.ca\/cspsc\/wp-content\/uploads\/sites\/174\/LEAVE-US-FEEDBACK-cropped-french.png\" alt=\"Button - &quot;Laissez-nous des commentaires&quot;\" class=\"wp-image-2118\" srcset=\"https:\/\/carleton.ca\/cspsc\/wp-content\/uploads\/sites\/174\/LEAVE-US-FEEDBACK-cropped-french.png 2036w, https:\/\/carleton.ca\/cspsc\/wp-content\/uploads\/sites\/174\/LEAVE-US-FEEDBACK-cropped-french-160x36.png 160w, https:\/\/carleton.ca\/cspsc\/wp-content\/uploads\/sites\/174\/LEAVE-US-FEEDBACK-cropped-french-240x54.png 240w, https:\/\/carleton.ca\/cspsc\/wp-content\/uploads\/sites\/174\/LEAVE-US-FEEDBACK-cropped-french-768x172.png 768w, https:\/\/carleton.ca\/cspsc\/wp-content\/uploads\/sites\/174\/LEAVE-US-FEEDBACK-cropped-french-400x89.png 400w, https:\/\/carleton.ca\/cspsc\/wp-content\/uploads\/sites\/174\/LEAVE-US-FEEDBACK-cropped-french-1536x343.png 1536w, https:\/\/carleton.ca\/cspsc\/wp-content\/uploads\/sites\/174\/LEAVE-US-FEEDBACK-cropped-french-360x80.png 360w\" sizes=\"auto, (max-width: 2036px) 100vw, 2036px\" \/><\/figure>\n\n\n\n<figure class=\"wp-block-image\"><a href=\"https:\/\/carleton.ca\/cspsc\/planification-du-projet\/\"><img loading=\"lazy\" decoding=\"async\" width=\"1116\" height=\"455\" src=\"https:\/\/carleton.ca\/cspsc\/wp-content\/uploads\/sites\/174\/next-section-reseearch-planning-french.png\" alt=\"Button - &quot;Planification du recherche&quot;\" class=\"wp-image-2145\" srcset=\"https:\/\/carleton.ca\/cspsc\/wp-content\/uploads\/sites\/174\/next-section-reseearch-planning-french.png 1116w, https:\/\/carleton.ca\/cspsc\/wp-content\/uploads\/sites\/174\/next-section-reseearch-planning-french-160x65.png 160w, https:\/\/carleton.ca\/cspsc\/wp-content\/uploads\/sites\/174\/next-section-reseearch-planning-french-240x98.png 240w, https:\/\/carleton.ca\/cspsc\/wp-content\/uploads\/sites\/174\/next-section-reseearch-planning-french-768x313.png 768w, https:\/\/carleton.ca\/cspsc\/wp-content\/uploads\/sites\/174\/next-section-reseearch-planning-french-400x163.png 400w, https:\/\/carleton.ca\/cspsc\/wp-content\/uploads\/sites\/174\/next-section-reseearch-planning-french-360x147.png 360w\" sizes=\"auto, (max-width: 1116px) 100vw, 1116px\" \/><\/a><\/figure>\n\n\n\n<p>&nbsp; &nbsp; &nbsp; <\/p>\n\n\n\n<p>&nbsp;<\/p>\n\n\n\n<p>&nbsp;<\/p>\n\n\n\n<p>&nbsp;<\/p>\n","protected":false},"excerpt":{"rendered":"<p>Trouver des partenariats Travailler en\u00a0partenariats &nbsp; &nbsp; &nbsp; &nbsp; &nbsp; &nbsp; &nbsp; &nbsp; &nbsp; &nbsp;<\/p>\n","protected":false},"author":2,"featured_media":0,"parent":0,"menu_order":0,"comment_status":"closed","ping_status":"closed","template":"","meta":{"_acf_changed":false,"_cu_dining_location_slug":"","footnotes":"","_links_to":"","_links_to_target":""},"cu_page_type":[],"class_list":["post-773","page","type-page","status-publish","hentry"],"acf":{"cu_post_thumbnail":""},"_links":{"self":[{"href":"https:\/\/carleton.ca\/cspsc\/wp-json\/wp\/v2\/pages\/773","targetHints":{"allow":["GET"]}}],"collection":[{"href":"https:\/\/carleton.ca\/cspsc\/wp-json\/wp\/v2\/pages"}],"about":[{"href":"https:\/\/carleton.ca\/cspsc\/wp-json\/wp\/v2\/types\/page"}],"author":[{"embeddable":true,"href":"https:\/\/carleton.ca\/cspsc\/wp-json\/wp\/v2\/users\/2"}],"replies":[{"embeddable":true,"href":"https:\/\/carleton.ca\/cspsc\/wp-json\/wp\/v2\/comments?post=773"}],"version-history":[{"count":4,"href":"https:\/\/carleton.ca\/cspsc\/wp-json\/wp\/v2\/pages\/773\/revisions"}],"predecessor-version":[{"id":3066,"href":"https:\/\/carleton.ca\/cspsc\/wp-json\/wp\/v2\/pages\/773\/revisions\/3066"}],"wp:attachment":[{"href":"https:\/\/carleton.ca\/cspsc\/wp-json\/wp\/v2\/media?parent=773"}],"wp:term":[{"taxonomy":"cu_page_type","embeddable":true,"href":"https:\/\/carleton.ca\/cspsc\/wp-json\/wp\/v2\/cu_page_type?post=773"}],"curies":[{"name":"wp","href":"https:\/\/api.w.org\/{rel}","templated":true}]}}