{"id":776,"date":"2019-02-09T23:48:41","date_gmt":"2019-02-10T04:48:41","guid":{"rendered":"https:\/\/carleton.ca\/cspsc\/?page_id=776"},"modified":"2025-11-11T09:09:06","modified_gmt":"2025-11-11T14:09:06","slug":"trouver-des-partenariats","status":"publish","type":"page","link":"https:\/\/carleton.ca\/cspsc\/trouver-des-partenariats\/","title":{"rendered":"Trouver des partenariats"},"content":{"rendered":"\n<section class=\"w-screen px-6 cu-section cu-section--white ml-offset-center md:px-8 lg:px-14\">\n    <div class=\"space-y-6 cu-max-w-child-5xl  md:space-y-10 cu-prose-first-last\">\n\n            <div class=\"cu-textmedia flex flex-col lg:flex-row mx-auto gap-6 md:gap-10 my-6 md:my-12 first:mt-0 max-w-5xl\">\n        <div class=\"justify-start cu-textmedia-content cu-prose-first-last\" style=\"flex: 0 0 100%;\">\n            <header class=\"font-light prose-xl cu-pageheader md:prose-2xl cu-component-updated cu-prose-first-last\">\n                                    <h1 class=\"cu-prose-first-last font-semibold !mt-2 mb-4 md:mb-6 relative after:absolute after:h-px after:bottom-0 after:bg-cu-red after:left-px text-3xl md:text-4xl lg:text-5xl lg:leading-[3.5rem] pb-5 after:w-10 text-cu-black-700 not-prose\">\n                        Trouver des partenariats\n                    <\/h1>\n                \n                                \n                            <\/header>\n\n                    <\/div>\n\n            <\/div>\n\n    <\/div>\n<\/section>\n\n\n\n\n<div class=\"w-full max-w-xl mx-auto overflow-hidden bg-white rounded-lg shadow-lg cu-stackedlist cu-component not-contained not-prose\">\n    <h2 class=\"px-6 py-4 text-base font-semibold border-b rounded-t-lg md:text-xl bg-gray-50 text-cu-black-800\">\n        Table of Contents\n    <\/h2>\n    <div class=\"grid cu-scrollto cu-stackedlist--toc cu-stackedlist--1 md:grid-cols-1\">\n            <div class=\"space-y-1\">\n                    \n            <div class=\"pl-4 text-cu-red-700\">\n                <div class=\"flex gap-2 pb-3 text-base md:text-lg\">\n                    <span class=\"font-light text-cu-black-700\">\n                        1.\n                    <\/span>\n\n                    <a href=\"#fixer-des-buts-de-partenariats\" class=\"font-medium hover:underline\">\n                        Fixer des buts de partenariats\n                    <\/a>\n                <\/div>\n\n                                        <div class=\"space-y-1\">\n                    \n            <div class=\"pl-10 text-cu-red-700\">\n                <div class=\"flex gap-2 pb-3 text-base md:text-lg\">\n                    <span class=\"font-light text-cu-black-700\">\n                        1.1\n                    <\/span>\n\n                    <a href=\"#que-voulons-nous-accomplir-et-comment-est-ce-compatible-avec-notre-mission-generale-et-notre-vision\" class=\"font-medium hover:underline\">\n                        Que voulons-nous accomplir et comment est-ce compatible avec notre mission g\u00e9n\u00e9rale et notre vision?\n                    <\/a>\n                <\/div>\n\n                            <\/div>\n            <\/div>\n\n                            <\/div>\n                    \n            <div class=\"pl-4 text-cu-red-700\">\n                <div class=\"flex gap-2 pb-3 text-base md:text-lg\">\n                    <span class=\"font-light text-cu-black-700\">\n                        2.\n                    <\/span>\n\n                    <a href=\"#mobiliser-les-partenaires-avec-un-intermediaire\" class=\"font-medium hover:underline\">\n                        Mobiliser les partenaires avec un interm\u00e9diaire\n                    <\/a>\n                <\/div>\n\n                                        <div class=\"space-y-1\">\n                    \n            <div class=\"pl-10 text-cu-red-700\">\n                <div class=\"flex gap-2 pb-3 text-base md:text-lg\">\n                    <span class=\"font-light text-cu-black-700\">\n                        2.1\n                    <\/span>\n\n                    <a href=\"#voulons-nous-de-laide-pour-negocier-et-discuter-avec-luniversite-et-comment-saurons-nous-qui-peut-nous-aider-a-faire-le-lien-avec-des-partenaires-de-recherche\" class=\"font-medium hover:underline\">\n                        Voulons-nous de l\u2019aide pour n\u00e9gocier et discuter avec l\u2019universit\u00e9, et comment saurons-nous qui peut nous aider \u00e0 faire le lien avec des partenaires de recherche?\n                    <\/a>\n                <\/div>\n\n                            <\/div>\n            <\/div>\n\n                            <\/div>\n                    \n            <div class=\"pl-4 text-cu-red-700\">\n                <div class=\"flex gap-2 pb-3 text-base md:text-lg\">\n                    <span class=\"font-light text-cu-black-700\">\n                        3.\n                    <\/span>\n\n                    <a href=\"#trouver-des-partenaires\" class=\"font-medium hover:underline\">\n                        Trouver des partenaires\n                    <\/a>\n                <\/div>\n\n                                        <div class=\"space-y-1\">\n                    \n            <div class=\"pl-10 text-cu-red-700\">\n                <div class=\"flex gap-2 pb-3 text-base md:text-lg\">\n                    <span class=\"font-light text-cu-black-700\">\n                        3.1\n                    <\/span>\n\n                    <a href=\"#qui-serait-compatible-avec-nos-besoins-et-interets-comment-travaillerons-nous-avec-cette-personne-et-comment-saurons-nous-quun-partenaire-universitaire-priorise-vraiment-la-communaute\" class=\"font-medium hover:underline\">\n                        Qui serait compatible avec nos besoins et int\u00e9r\u00eats? Comment travaillerons-nous avec cette personne et comment saurons-nous qu\u2019un partenaire universitaire priorise vraiment la communaut\u00e9?\n                    <\/a>\n                <\/div>\n\n                            <\/div>\n            <\/div>\n\n                            <\/div>\n                    \n            <div class=\"pl-4 text-cu-red-700\">\n                <div class=\"flex gap-2 pb-3 text-base md:text-lg\">\n                    <span class=\"font-light text-cu-black-700\">\n                        4.\n                    <\/span>\n\n                    <a href=\"#etablir-un-contact-avec-les-partenaires\" class=\"font-medium hover:underline\">\n                        \u00c9tablir un contact avec les partenaires\n                    <\/a>\n                <\/div>\n\n                                        <div class=\"space-y-1\">\n                    \n            <div class=\"pl-10 text-cu-red-700\">\n                <div class=\"flex gap-2 pb-3 text-base md:text-lg\">\n                    <span class=\"font-light text-cu-black-700\">\n                        4.1\n                    <\/span>\n\n                    <a href=\"#comment-contacterons-nous-un-partenaire-de-recherche-et-que-devons-nous-dire-au-premier-contact-savons-nous-a-quoi-nous-attendre-de-nos-communications-avec-des-partenaires-universitaires\" class=\"font-medium hover:underline\">\n                        Comment contacterons-nous un partenaire de recherche et que devons-nous dire au premier contact? Savons-nous \u00e0 quoi nous attendre de nos communications avec des partenaires universitaires?\n                    <\/a>\n                <\/div>\n\n                            <\/div>\n            <\/div>\n\n                            <\/div>\n            <\/div>\n\n    <\/div>\n<\/div>\n\n\n\n<p>&nbsp;<\/p>\n\n\n\n<h2 id=\"fixer-des-buts-de-partenariats\" class=\"wp-block-heading\"><a id=\"PEstablishing\"><\/a>Fixer des buts de partenariats<\/h2>\n\n\n\n<h3 id=\"que-voulons-nous-accomplir-et-comment-est-ce-compatible-avec-notre-mission-generale-et-notre-vision\" class=\"wp-block-heading\">Que voulons-nous accomplir et comment est-ce compatible avec notre mission g\u00e9n\u00e9rale et notre vision?<\/h3>\n\n\n\n<p>&nbsp;<\/p>\n\n\n\n<p>Proc\u00e9dez \u00e0 une \u00e9valuation des besoins ou \u00e0 une cartographie des actifs pour d\u00e9terminer quelles lacunes vous voulez combler avant de d\u00e9cider si un partenariat vous convient. Rencontrez un conseiller pour r\u00e9fl\u00e9chir ensemble et voir si vos besoins s\u2019accordent bien avec un partenariat de recherche.<\/p>\n\n\n\n<p>&nbsp;<\/p>\n\n\n\n<h4 id=\"ressources\" class=\"wp-block-heading\">Ressources:<\/h4>\n\n\n\n<p>&nbsp;<\/p>\n\n\n\n<p><a href=\"http:\/\/www.strengtheningnonprofits.org\/resources\/e-learning\/online\/partnerships\/Print.aspx\">Qu\u2019est-ce qu\u2019un partenariat? (en anglais)<\/a><\/p>\n\n\n\n<p><a href=\"https:\/\/www.template.net\/business\/assessment\/needs-assessment-sample\/\">Mod\u00e8les d\u2019\u00e9valuation des besoins (en anglais)<\/a><\/p>\n\n\n\n<p><a href=\"https:\/\/hc-v6-static.s3.amazonaws.com\/media\/resources\/tmp\/Participatory_Asset_Mapping.pdf\">Cartographie des ressources participatives (en anglais)<\/a><\/p>\n\n\n\n<p>&nbsp;<\/p>\n\n\n\n<p>&nbsp;<\/p>\n\n\n\n<p>&nbsp;<\/p>\n\n\n\n<h2 id=\"mobiliser-les-partenaires-avec-un-intermediaire\" class=\"wp-block-heading\"><a id=\"PEngaging\"><\/a>Mobiliser les partenaires avec un interm\u00e9diaire<\/h2>\n\n\n\n<h3 id=\"voulons-nous-de-laide-pour-negocier-et-discuter-avec-luniversite-et-comment-saurons-nous-qui-peut-nous-aider-a-faire-le-lien-avec-des-partenaires-de-recherche\" class=\"wp-block-heading\">Voulons-nous de l\u2019aide pour n\u00e9gocier et discuter avec l\u2019universit\u00e9, et comment saurons-nous qui peut nous aider \u00e0 faire le lien avec des partenaires de recherche?<\/h3>\n\n\n\n<p>&nbsp;<\/p>\n\n\n\n<p>Si vous n\u2019avez pas de relation de travail avec un membre d\u2019un corps professoral universitaire, un interm\u00e9diaire peut vous assister. Un interm\u00e9diaire est un peu comme un traducteur et peut vous aider \u00e0 mieux comprendre le point de vue du corps professoral et des autres partenaires de recherche pour vous assurer d\u2019\u00eatre sur la m\u00eame longueur d\u2019onde.<\/p>\n\n\n\n<p>&nbsp;<\/p>\n\n\n\n<p>Il existe des agences d\u2019interm\u00e9diation, des interm\u00e9diaires individuels ainsi que des outils d\u2019interm\u00e9diation en ligne. Les interm\u00e9diaires encouragent l\u2019\u00e9quit\u00e9 en aidant les partenaires \u00e0 partager des ressources et \u00e0 r\u00e9soudre les conflits.<\/p>\n\n\n\n<p>&nbsp;<\/p>\n\n\n\n<p>Certains interm\u00e9diaires travaillent dans la communaut\u00e9 alors que d\u2019autres travaillent avec une universit\u00e9 sp\u00e9cifique. Les agences d\u2019interm\u00e9diation au sein des institutions peuvent avoir des membres de la communaut\u00e9 qui peuvent vous mettre en contact avec des ressources \u00e0 l\u2019ext\u00e9rieur de l\u2019universit\u00e9. Cependant, ces derniers ont tendance \u00e0 mieux comprendre les opportunit\u00e9s de partenariats de leur institut sp\u00e9cifique alors que les personnes ressources de la communaut\u00e9 ont une connaissance \u00e9tendue des partenariats entre multiples institutions.<\/p>\n\n\n\n<p>&nbsp;<\/p>\n\n\n\n<h4 id=\"ressources\" class=\"wp-block-heading\">Ressources:<\/h4>\n\n\n\n<p>&nbsp;<\/p>\n\n\n\n<p><a href=\"https:\/\/carleton.ca\/communityfirst\/wp-content\/uploads\/CCE-Brokering_Tools_Pathways_EnviroScan_FINAL-BRANDED_Oct-312016_DOI.pdf\">Rapport sur les partenariats avec une liste d\u2019interm\u00e9diaires et d\u2019outils, dont des sites et des contacts (en anglais)<\/a><\/p>\n\n\n\n<p><a href=\"https:\/\/carleton.ca\/communityfirst\/2017\/plain-language-podcast-and-report-community-campus-engagement-cce-brokering-partnership-tools-and-student-pathways-to-engagement-an-environmental-scan\/\">Sites webs en baladodiffusion en langage courant du rapport des interm\u00e9diations (en anglais)<\/a><\/p>\n\n\n\n<p>&nbsp;<\/p>\n\n\n\n<p>&nbsp;<\/p>\n\n\n\n<p>&nbsp;<\/p>\n\n\n\n<h2 id=\"trouver-des-partenaires\" class=\"wp-block-heading\"><a id=\"PIdentifying\"><\/a>Trouver des partenaires<\/h2>\n\n\n\n<h3 id=\"qui-serait-compatible-avec-nos-besoins-et-interets-comment-travaillerons-nous-avec-cette-personne-et-comment-saurons-nous-quun-partenaire-universitaire-priorise-vraiment-la-communaute\" class=\"wp-block-heading\">Qui serait compatible avec nos besoins et int\u00e9r\u00eats? Comment travaillerons-nous avec cette personne et comment saurons-nous qu\u2019un partenaire universitaire priorise vraiment la communaut\u00e9?<\/h3>\n\n\n\n<p>&nbsp;<\/p>\n\n\n\n<p>Servez-vous de votre r\u00e9seau, d\u2019un interm\u00e9diaire ou de recherches internet pour trouver un partenaire universitaire ou une institution qui priorise la communaut\u00e9. Les partenaires universitaires \u00e0 cibler peuvent \u00eatre ceux qui ont publi\u00e9, pr\u00e9sent\u00e9 ou enseign\u00e9 des cours conform\u00e9ment \u00e0 une approche centr\u00e9e sur la communaut\u00e9, ceux qui sont associ\u00e9s avec des organismes communautaires ou ceux qui ont d\u00e9j\u00e0 travaill\u00e9 dans la communaut\u00e9 ou fait de la recherche communautaire.<\/p>\n\n\n\n<p>&nbsp;<\/p>\n\n\n\n<p>Les universit\u00e9s \u00e0 cibler sont celles qui ont des bureaux de recherche se concentrant sur la communaut\u00e9 ou qui la soutiennent, celles qui ont un volet d\u2019apprentissage important en service communautaire ou celles qui organisent des conf\u00e9rences sur les communaut\u00e9s.<\/p>\n\n\n\n<p>&nbsp;<\/p>\n\n\n\n<h4 id=\"ressources\" class=\"wp-block-heading\">Ressources:<\/h4>\n\n\n\n<p>&nbsp;<\/p>\n\n\n\n<p>S\u2019assurer que la communaut\u00e9 vient d\u2019abord&nbsp;: mesures pour les praticiens d\u2019Engagement des campus-collectivit\u00e9s<\/p>\n\n\n\n<p><a href=\"https:\/\/ctb.ku.edu\/en\/table-of-contents\/participation\/encouraging-involvement\/key-influentials\/main\">Engager les acteurs-cl\u00e9s dans votre initiative (en anglais)<\/a><\/p>\n\n\n\n<p><a href=\"https:\/\/carleton.ca\/communityfirst\/tools-and-resources\/ensuring-community-comes-first-actions-cce-practitioners\/\">Assurer que la communaut\u00e9 vienne d\u2019abord: Les actions pour les intervenants impliqu\u00e9s dans l\u2019engagement des campus et communaut\u00e9s (en anglais)<\/a><\/p>\n\n\n\n<p>&nbsp;<\/p>\n\n\n\n<p>&nbsp;<\/p>\n\n\n\n<p>&nbsp;<\/p>\n\n\n\n<h2 id=\"etablir-un-contact-avec-les-partenaires\" class=\"wp-block-heading\"><a id=\"PApproaching\"><\/a>\u00c9tablir un contact avec les partenaires<\/h2>\n\n\n\n<h3 id=\"comment-contacterons-nous-un-partenaire-de-recherche-et-que-devons-nous-dire-au-premier-contact-savons-nous-a-quoi-nous-attendre-de-nos-communications-avec-des-partenaires-universitaires\" class=\"wp-block-heading\">Comment contacterons-nous un partenaire de recherche et que devons-nous dire au premier contact? Savons-nous \u00e0 quoi nous attendre de nos communications avec des partenaires universitaires?<\/h3>\n\n\n\n<p>&nbsp;<\/p>\n\n\n\n<p>Tout d\u00e9pendant du partenaire universitaire, de votre relation avec ce dernier et de votre r\u00e9seau, vous pouvez utiliser diverses approches pour les contacter. Par exemple, vous pourriez envoyer un courriel, l\u2019approcher lors d\u2019un \u00e9v\u00e9nement, lui envoyer un message sur les r\u00e9seaux sociaux ou demander \u00e0 une connaissance mutuelle de vous pr\u00e9senter.<\/p>\n\n\n\n<p>&nbsp;<\/p>\n\n\n\n<p>La mani\u00e8re d\u2019entrer en contact avec votre partenaire d\u00e9pendra du contexte et du travail que vous effectuez, mais les m\u00e9thodes d\u2019approches efficaces d\u00e9pendront aussi de qui il s\u2019agit et de si vous savez comment l\u2019approcher de mani\u00e8re persuasive.<\/p>\n\n\n\n<p>&nbsp;<\/p>\n\n\n\n<p>&nbsp;<\/p>\n\n\n\n<p>&nbsp;<\/p>\n\n\n\n<h4 id=\"ressources\" class=\"wp-block-heading\">Ressources:<\/h4>\n\n\n\n<p>&nbsp;<\/p>\n\n\n\n<p><a href=\"http:\/\/cbrnet.pbworks.com\/w\/page\/6418798\/Principles%20or%20Ingredients%20of%20Successful%20Campus-Community%20CBR%20Partnerships\">Les meilleurs conseils pour approcher un partenariat d\u2019engagement des campus et communaut\u00e9s (en anglais)<\/a><\/p>\n\n\n\n<p><a href=\"http:\/\/vibrantcanada.ca\/files\/dynamic_community_engagement_matrix.pdf\">Matrice\u2013 initier un effort multisectoriel pour realizer une vision audacieuse pour la communaut\u00e9 (en anglais)<\/a><\/p>\n\n\n\n<p><a href=\"https:\/\/www.campusforcommunities.com\/resources\/facilitative-tools\/item\/kitchen-table-conversations-2\">Exemple d\u2019un manuel d\u2019animation pour les discussions informels (en anglais) <\/a><\/p>\n\n\n\n<p><a href=\"https:\/\/www.catie.ca\/fr\/pdm\/printemps-2013\/quelles-questions-poser-aux-chercheurs-lorsque-ces-derniers-viennent-cogner-votre-por\">Que demander aux chercheurs lorsque ces derniers viennent cogner \u00e0 votre porte? (en anglais)<\/a><\/p>\n\n\n\n<p>&nbsp;<\/p>\n\n\n\n<p>&nbsp;<\/p>\n\n\n\n<p>&nbsp;<\/p>\n\n\n\n<figure class=\"wp-block-image\"><a href=\"https:\/\/carleton.ca\/cspsc\/partenariats\/\"><img loading=\"lazy\" decoding=\"async\" width=\"1741\" height=\"455\" src=\"https:\/\/carleton.ca\/cspsc\/wp-content\/uploads\/sites\/174\/navigation-button-partnerships-french.png\" alt=\"Button - &quot;Retourner aux sujets de partenariats&quot;\" class=\"wp-image-2200\" srcset=\"https:\/\/carleton.ca\/cspsc\/wp-content\/uploads\/sites\/174\/navigation-button-partnerships-french.png 1741w, https:\/\/carleton.ca\/cspsc\/wp-content\/uploads\/sites\/174\/navigation-button-partnerships-french-160x42.png 160w, https:\/\/carleton.ca\/cspsc\/wp-content\/uploads\/sites\/174\/navigation-button-partnerships-french-240x63.png 240w, https:\/\/carleton.ca\/cspsc\/wp-content\/uploads\/sites\/174\/navigation-button-partnerships-french-768x201.png 768w, https:\/\/carleton.ca\/cspsc\/wp-content\/uploads\/sites\/174\/navigation-button-partnerships-french-400x105.png 400w, https:\/\/carleton.ca\/cspsc\/wp-content\/uploads\/sites\/174\/navigation-button-partnerships-french-1536x401.png 1536w, https:\/\/carleton.ca\/cspsc\/wp-content\/uploads\/sites\/174\/navigation-button-partnerships-french-360x94.png 360w\" sizes=\"auto, (max-width: 1741px) 100vw, 1741px\" \/><\/a><\/figure>\n\n\n\n<figure class=\"wp-block-image\"><img loading=\"lazy\" decoding=\"async\" width=\"2036\" height=\"455\" src=\"https:\/\/carleton.ca\/cspsc\/wp-content\/uploads\/sites\/174\/LEAVE-US-FEEDBACK-cropped-french.png\" alt=\"Button - &quot;Laissez-nous des commentaires&quot;\" class=\"wp-image-2118\" srcset=\"https:\/\/carleton.ca\/cspsc\/wp-content\/uploads\/sites\/174\/LEAVE-US-FEEDBACK-cropped-french.png 2036w, https:\/\/carleton.ca\/cspsc\/wp-content\/uploads\/sites\/174\/LEAVE-US-FEEDBACK-cropped-french-160x36.png 160w, https:\/\/carleton.ca\/cspsc\/wp-content\/uploads\/sites\/174\/LEAVE-US-FEEDBACK-cropped-french-240x54.png 240w, https:\/\/carleton.ca\/cspsc\/wp-content\/uploads\/sites\/174\/LEAVE-US-FEEDBACK-cropped-french-768x172.png 768w, https:\/\/carleton.ca\/cspsc\/wp-content\/uploads\/sites\/174\/LEAVE-US-FEEDBACK-cropped-french-400x89.png 400w, https:\/\/carleton.ca\/cspsc\/wp-content\/uploads\/sites\/174\/LEAVE-US-FEEDBACK-cropped-french-1536x343.png 1536w, https:\/\/carleton.ca\/cspsc\/wp-content\/uploads\/sites\/174\/LEAVE-US-FEEDBACK-cropped-french-360x80.png 360w\" sizes=\"auto, (max-width: 2036px) 100vw, 2036px\" \/><\/figure>\n\n\n\n<p><\/p>\n\n\n\n<p>&nbsp;<\/p>\n","protected":false},"excerpt":{"rendered":"<p>&nbsp; Fixer des buts de partenariats Que voulons-nous accomplir et comment est-ce compatible avec notre mission g\u00e9n\u00e9rale et notre vision? &nbsp; Proc\u00e9dez \u00e0 une \u00e9valuation des besoins ou \u00e0 une cartographie des actifs pour d\u00e9terminer quelles lacunes vous voulez combler avant de d\u00e9cider si un partenariat vous convient. Rencontrez un conseiller pour r\u00e9fl\u00e9chir ensemble et [&hellip;]<\/p>\n","protected":false},"author":2,"featured_media":0,"parent":0,"menu_order":0,"comment_status":"closed","ping_status":"closed","template":"","meta":{"_acf_changed":false,"_cu_dining_location_slug":"","footnotes":"","_links_to":"","_links_to_target":""},"cu_page_type":[],"class_list":["post-776","page","type-page","status-publish","hentry"],"acf":{"cu_post_thumbnail":""},"_links":{"self":[{"href":"https:\/\/carleton.ca\/cspsc\/wp-json\/wp\/v2\/pages\/776","targetHints":{"allow":["GET"]}}],"collection":[{"href":"https:\/\/carleton.ca\/cspsc\/wp-json\/wp\/v2\/pages"}],"about":[{"href":"https:\/\/carleton.ca\/cspsc\/wp-json\/wp\/v2\/types\/page"}],"author":[{"embeddable":true,"href":"https:\/\/carleton.ca\/cspsc\/wp-json\/wp\/v2\/users\/2"}],"replies":[{"embeddable":true,"href":"https:\/\/carleton.ca\/cspsc\/wp-json\/wp\/v2\/comments?post=776"}],"version-history":[{"count":3,"href":"https:\/\/carleton.ca\/cspsc\/wp-json\/wp\/v2\/pages\/776\/revisions"}],"predecessor-version":[{"id":3055,"href":"https:\/\/carleton.ca\/cspsc\/wp-json\/wp\/v2\/pages\/776\/revisions\/3055"}],"wp:attachment":[{"href":"https:\/\/carleton.ca\/cspsc\/wp-json\/wp\/v2\/media?parent=776"}],"wp:term":[{"taxonomy":"cu_page_type","embeddable":true,"href":"https:\/\/carleton.ca\/cspsc\/wp-json\/wp\/v2\/cu_page_type?post=776"}],"curies":[{"name":"wp","href":"https:\/\/api.w.org\/{rel}","templated":true}]}}