{"id":784,"date":"2019-02-09T21:06:41","date_gmt":"2019-02-10T02:06:41","guid":{"rendered":"https:\/\/carleton.ca\/cspsc\/?page_id=784"},"modified":"2025-11-11T10:08:45","modified_gmt":"2025-11-11T15:08:45","slug":"planification-du-projet","status":"publish","type":"page","link":"https:\/\/carleton.ca\/cspsc\/planification-du-projet\/","title":{"rendered":"Planification du projet"},"content":{"rendered":"\n<section class=\"w-screen px-6 cu-section cu-section--white ml-offset-center md:px-8 lg:px-14\">\n    <div class=\"space-y-6 cu-max-w-child-5xl  md:space-y-10 cu-prose-first-last\">\n\n            <div class=\"cu-textmedia flex flex-col lg:flex-row mx-auto gap-6 md:gap-10 my-6 md:my-12 first:mt-0 max-w-5xl\">\n        <div class=\"justify-start cu-textmedia-content cu-prose-first-last\" style=\"flex: 0 0 100%;\">\n            <header class=\"font-light prose-xl cu-pageheader md:prose-2xl cu-component-updated cu-prose-first-last\">\n                                    <h1 class=\"cu-prose-first-last font-semibold !mt-2 mb-4 md:mb-6 relative after:absolute after:h-px after:bottom-0 after:bg-cu-red after:left-px text-3xl md:text-4xl lg:text-5xl lg:leading-[3.5rem] pb-5 after:w-10 text-cu-black-700 not-prose\">\n                        Planification du projet\n                    <\/h1>\n                \n                                \n                            <\/header>\n\n                    <\/div>\n\n            <\/div>\n\n    <\/div>\n<\/section>\n\n\n\n<div class=\"wp-block-buttons is-content-justification-right is-layout-flex wp-container-core-buttons-is-layout-765c4724 wp-block-buttons-is-layout-flex\">\n<div class=\"wp-block-button\"><a class=\"wp-block-button__link wp-element-button\" href=\"https:\/\/carleton.ca\/cspsc\/project-planning\/\">English Version<\/a><\/div>\n<\/div>\n\n\n\n<p>&nbsp;<\/p>\n\n\n\n<figure class=\"wp-block-image\"><img loading=\"lazy\" decoding=\"async\" width=\"1116\" height=\"10\" src=\"https:\/\/carleton.ca\/cspsc\/wp-content\/uploads\/sites\/174\/header-research-design.png\" alt=\"Page break - maroon\" class=\"wp-image-1948\" srcset=\"https:\/\/carleton.ca\/cspsc\/wp-content\/uploads\/sites\/174\/header-research-design.png 1116w, https:\/\/carleton.ca\/cspsc\/wp-content\/uploads\/sites\/174\/header-research-design-160x1.png 160w, https:\/\/carleton.ca\/cspsc\/wp-content\/uploads\/sites\/174\/header-research-design-240x2.png 240w, https:\/\/carleton.ca\/cspsc\/wp-content\/uploads\/sites\/174\/header-research-design-768x7.png 768w, https:\/\/carleton.ca\/cspsc\/wp-content\/uploads\/sites\/174\/header-research-design-400x4.png 400w, https:\/\/carleton.ca\/cspsc\/wp-content\/uploads\/sites\/174\/header-research-design-360x3.png 360w\" sizes=\"auto, (max-width: 1116px) 100vw, 1116px\" \/><\/figure>\n\n\n\n<h2 id=\"approche-de-projet-et-ses-objectives\" class=\"wp-block-heading\"><strong>Approche de projet et ses objectives\u00a0<\/strong><\/h2>\n\n\n\n<section class=\"w-screen px-6 cu-section cu-section--white ml-offset-center md:px-8 lg:px-14\">\n    <div class=\"space-y-6 cu-max-w-child-5xl  md:space-y-10 cu-prose-first-last\">\n\n        \n    <div class=\"grid gap-6 mx-auto my-6 cu-column md:gap-10 md:grid-cols-2 md:my-10 first:mt-0\">\n        \n<div class=\"cu-column-content\">\n    \n\n<p><strong class=\"myprefix-text-bold\">Sujet<\/strong><\/p>\n\n\n<\/div>\n\n\n<div class=\"cu-column-content\">\n    \n\n<p><strong class=\"myprefix-text-bold\">Questions de d\u00e9veloppement de projet<\/strong><\/p>\n\n\n<\/div>\n\n\n    <\/div>\n\n\n    <\/div>\n<\/section>\n\n\n\n<section class=\"w-screen px-6 cu-section cu-section--white ml-offset-center md:px-8 lg:px-14\">\n    <div class=\"space-y-6 cu-max-w-child-5xl  md:space-y-10 cu-prose-first-last\">\n\n        \n    <div class=\"grid gap-6 mx-auto my-6 cu-column md:gap-10 md:grid-cols-2 md:my-10 first:mt-0\">\n        \n<div class=\"cu-column-content\">\n    \n\n<p><strong class=\"myprefix-text-bold\"><a href=\"http:\/\/conception-initiale-de-la-recherche\/\"><a href=\"https:\/\/carleton.ca\/cspsc\/approche-de-projet\/\">Approche participative<\/a><\/a><\/strong><\/p>\n\n\n<\/div>\n\n\n<div class=\"cu-column-content\">\n    \n\n<p>Comment impliquerons-nous les gens affect\u00e9s par la situation dans la planification de notre projet et dans le processus de recherche?<\/p>\n\n\n<\/div>\n\n\n    <\/div>\n\n\n    <\/div>\n<\/section>\n\n\n\n<section class=\"w-screen px-6 cu-section cu-section--white ml-offset-center md:px-8 lg:px-14\">\n    <div class=\"space-y-6 cu-max-w-child-5xl  md:space-y-10 cu-prose-first-last\">\n\n        \n    <div class=\"grid gap-6 mx-auto my-6 cu-column md:gap-10 md:grid-cols-2 md:my-10 first:mt-0\">\n        \n<div class=\"cu-column-content\">\n    \n\n<p><strong class=\"myprefix-text-bold\"><a href=\"http:\/\/conception-initiale-de-la-recherche\/\"><a href=\"https:\/\/carleton.ca\/cspsc\/?page_id=594&amp;preview=true#PPCommunications\">Communications<\/a><\/a><\/strong><\/p>\n\n\n<\/div>\n\n\n<div class=\"cu-column-content\">\n    \n\n<p>Comment transmettrons-nous nos motivations, notre vision, nos comp\u00e9tences, nos \u00e9ch\u00e9ances, etc., et travaillerons-nous \u00e0 fixer un but commun avec des indicateurs communs?<\/p>\n\n\n<\/div>\n\n\n    <\/div>\n\n\n    <\/div>\n<\/section>\n\n\n\n<section class=\"w-screen px-6 cu-section cu-section--white ml-offset-center md:px-8 lg:px-14\">\n    <div class=\"space-y-6 cu-max-w-child-5xl  md:space-y-10 cu-prose-first-last\">\n\n        \n    <div class=\"grid gap-6 mx-auto my-6 cu-column md:gap-10 md:grid-cols-2 md:my-10 first:mt-0\">\n        \n<div class=\"cu-column-content\">\n    \n\n<p><strong class=\"myprefix-text-bold\"><a href=\"http:\/\/conception-initiale-de-la-recherche\/\"><a href=\"https:\/\/carleton.ca\/cspsc\/approche-de-projet\/\">Buts\/Objectifs<\/a><\/a><\/strong><\/p>\n\n\n<\/div>\n\n\n<div class=\"cu-column-content\">\n    \n\n<p>Comment obtiendrons-nous les connaissances n\u00e9cessaires pour bien nous pr\u00e9parer au projet de recherche?<\/p>\n\n\n<\/div>\n\n\n    <\/div>\n\n\n    <\/div>\n<\/section>\n\n\n\n<div class=\"wp-block-buttons is-content-justification-center is-layout-flex wp-container-core-buttons-is-layout-16018d1d wp-block-buttons-is-layout-flex\">\n<div class=\"wp-block-button\"><a class=\"wp-block-button__link wp-element-button\" href=\"https:\/\/carleton.ca\/cspsc\/approche-de-projet\/\">Approche de projet et ses objectifs<\/a><\/div>\n<\/div>\n\n\n\n<h2 id=\"logistique-de-projet\" class=\"wp-block-heading\"><strong>Logistique de projet<\/strong><\/h2>\n\n\n\n<section class=\"w-screen px-6 cu-section cu-section--white ml-offset-center md:px-8 lg:px-14\">\n    <div class=\"space-y-6 cu-max-w-child-5xl  md:space-y-10 cu-prose-first-last\">\n\n        \n    <div class=\"grid gap-6 mx-auto my-6 cu-column md:gap-10 md:grid-cols-2 md:my-10 first:mt-0\">\n        \n<div class=\"cu-column-content\">\n    \n\n<p><strong class=\"myprefix-text-bold\">Sujet<\/strong><\/p>\n\n\n<\/div>\n\n\n<div class=\"cu-column-content\">\n    \n\n<p><strong class=\"myprefix-text-bold\">Questions de d\u00e9veloppement de projet<\/strong><\/p>\n\n\n<\/div>\n\n\n    <\/div>\n\n\n    <\/div>\n<\/section>\n\n\n\n<section class=\"w-screen px-6 cu-section cu-section--white ml-offset-center md:px-8 lg:px-14\">\n    <div class=\"space-y-6 cu-max-w-child-5xl  md:space-y-10 cu-prose-first-last\">\n\n        \n    <div class=\"grid gap-6 mx-auto my-6 cu-column md:gap-10 md:grid-cols-2 md:my-10 first:mt-0\">\n        \n<div class=\"cu-column-content\">\n    \n\n<p><strong class=\"myprefix-text-bold\"><a href=\"http:\/\/conception-initiale-de-la-recherche\/\"><\/a><a href=\"https:\/\/carleton.ca\/cspsc\/processus-et-donnees\/\"><a href=\"https:\/\/carleton.ca\/cspsc\/logistique-de-projet\/\">Strat\u00e9gie<\/a><\/a><\/strong><\/p>\n\n\n<\/div>\n\n\n<div class=\"cu-column-content\">\n    \n\n<p>Savons-nous comment nous ferons une planification de haute qualit\u00e9 ensemble? Comment tiendrons-nous des r\u00e9unions de collaboration?<\/p>\n\n\n<\/div>\n\n\n    <\/div>\n\n\n    <\/div>\n<\/section>\n\n\n\n<section class=\"w-screen px-6 cu-section cu-section--white ml-offset-center md:px-8 lg:px-14\">\n    <div class=\"space-y-6 cu-max-w-child-5xl  md:space-y-10 cu-prose-first-last\">\n\n        \n    <div class=\"grid gap-6 mx-auto my-6 cu-column md:gap-10 md:grid-cols-2 md:my-10 first:mt-0\">\n        \n<div class=\"cu-column-content\">\n    \n\n<p><strong class=\"myprefix-text-bold\"><a href=\"http:\/\/conception-initiale-de-la-recherche\/\"><br><a href=\"https:\/\/carleton.ca\/cspsc\/logistique-de-projet\/\">Logistique<\/a><br><br><\/a><\/strong><\/p>\n\n\n<\/div>\n\n\n<div class=\"cu-column-content\">\n    \n\n<p><br>Comment coordonnerons-nous le projet de recherche?<\/p>\n\n\n<\/div>\n\n\n    <\/div>\n\n\n    <\/div>\n<\/section>\n\n\n\n<section class=\"w-screen px-6 cu-section cu-section--white ml-offset-center md:px-8 lg:px-14\">\n    <div class=\"space-y-6 cu-max-w-child-5xl  md:space-y-10 cu-prose-first-last\">\n\n        \n    <div class=\"grid gap-6 mx-auto my-6 cu-column md:gap-10 md:grid-cols-2 md:my-10 first:mt-0\">\n        \n<div class=\"cu-column-content\">\n    \n\n<p><strong class=\"myprefix-text-bold\"><a href=\"http:\/\/conception-initiale-de-la-recherche\/\"><\/a><a href=\"https:\/\/carleton.ca\/cspsc\/processus-et-donnees\/\"><a href=\"https:\/\/carleton.ca\/cspsc\/logistique-de-projet\/\">\u00c9ch\u00e9ancier<\/a><\/a><\/strong><\/p>\n\n\n<\/div>\n\n\n<div class=\"cu-column-content\">\n    \n\n<p>Comment nous assurerons-nous que le projet est bien organis\u00e9? Savons-nous comment nous ajuster aux \u00e9ch\u00e9anciers des organismes communautaires et des universit\u00e9s?<\/p>\n\n\n<\/div>\n\n\n    <\/div>\n\n\n    <\/div>\n<\/section>\n\n\n\n<div class=\"wp-block-buttons is-content-justification-center is-layout-flex wp-container-core-buttons-is-layout-16018d1d wp-block-buttons-is-layout-flex\">\n<div class=\"wp-block-button\"><a class=\"wp-block-button__link wp-element-button\" href=\"https:\/\/carleton.ca\/cspsc\/processus-et-donnees\/\">Processus et donn\u00e9es<\/a><\/div>\n<\/div>\n\n\n\n<h2 id=\"roles-des-participants-du-projet\" class=\"wp-block-heading\"><br>R\u00f4les des participants du projet<\/h2>\n\n\n\n<section class=\"w-screen px-6 cu-section cu-section--white ml-offset-center md:px-8 lg:px-14\">\n    <div class=\"space-y-6 cu-max-w-child-5xl  md:space-y-10 cu-prose-first-last\">\n\n        \n    <div class=\"grid gap-6 mx-auto my-6 cu-column md:gap-10 md:grid-cols-2 md:my-10 first:mt-0\">\n        \n<div class=\"cu-column-content\">\n    \n\n<p><strong class=\"myprefix-text-bold\">Sujet<\/strong><\/p>\n\n\n<\/div>\n\n\n<div class=\"cu-column-content\">\n    \n\n<p><strong class=\"myprefix-text-bold\">Questions de d\u00e9veloppement de projet<\/strong><\/p>\n\n\n<\/div>\n\n\n    <\/div>\n\n\n    <\/div>\n<\/section>\n\n\n\n<section class=\"w-screen px-6 cu-section cu-section--white ml-offset-center md:px-8 lg:px-14\">\n    <div class=\"space-y-6 cu-max-w-child-5xl  md:space-y-10 cu-prose-first-last\">\n\n        \n    <div class=\"grid gap-6 mx-auto my-6 cu-column md:gap-10 md:grid-cols-2 md:my-10 first:mt-0\">\n        \n<div class=\"cu-column-content\">\n    \n\n<p><strong class=\"myprefix-text-bold\"><a href=\"http:\/\/conception-initiale-de-la-recherche\/\"><\/a><a href=\"https:\/\/carleton.ca\/cspsc\/resultats-de-recherches\/\"><a href=\"https:\/\/carleton.ca\/cspsc\/roles-des-participant-du-projet\/\">Structure<\/a><\/a><\/strong><\/p>\n\n\n<\/div>\n\n\n<div class=\"cu-column-content\">\n    \n\n<p>Comment d\u00e9ciderons-nous de l\u2019attribution des t\u00e2ches et de qui dirigera?<\/p>\n\n\n<\/div>\n\n\n    <\/div>\n\n\n    <\/div>\n<\/section>\n\n\n\n<section class=\"w-screen px-6 cu-section cu-section--white ml-offset-center md:px-8 lg:px-14\">\n    <div class=\"space-y-6 cu-max-w-child-5xl  md:space-y-10 cu-prose-first-last\">\n\n        \n    <div class=\"grid gap-6 mx-auto my-6 cu-column md:gap-10 md:grid-cols-2 md:my-10 first:mt-0\">\n        \n<div class=\"cu-column-content\">\n    \n\n<p><strong class=\"myprefix-text-bold\"><a href=\"http:\/\/conception-initiale-de-la-recherche\/\"><\/a><a href=\"https:\/\/carleton.ca\/cspsc\/resultats-de-recherches\/\"><a href=\"https:\/\/carleton.ca\/cspsc\/roles-des-participant-du-projet\/\">\u00c9quipe de recherche<\/a><\/a><\/strong><\/p>\n\n\n<\/div>\n\n\n<div class=\"cu-column-content\">\n    \n\n<p><br>Quels sont les r\u00f4les n\u00e9cessaires au projet de recherche? Comment d\u00e9terminerons-nous la port\u00e9e de ces r\u00f4les et comment seront-ils remplis?<\/p>\n\n\n<\/div>\n\n\n    <\/div>\n\n\n    <\/div>\n<\/section>\n\n\n\n<section class=\"w-screen px-6 cu-section cu-section--white ml-offset-center md:px-8 lg:px-14\">\n    <div class=\"space-y-6 cu-max-w-child-5xl  md:space-y-10 cu-prose-first-last\">\n\n        \n    <div class=\"grid gap-6 mx-auto my-6 cu-column md:gap-10 md:grid-cols-2 md:my-10 first:mt-0\">\n        \n<div class=\"cu-column-content\">\n    \n\n<p><strong class=\"myprefix-text-bold\"><a href=\"http:\/\/conception-initiale-de-la-recherche\/\"><br>\u00c9tudiants<\/a><\/strong><\/p>\n\n\n<\/div>\n\n\n<div class=\"cu-column-content\">\n    \n\n<p><br>Si des \u00e9tudiants sont impliqu\u00e9s, comment nous assurerons-nous qu\u2019ils sont pr\u00e9par\u00e9s \u00e0 collaborer avec des organismes communautaires?<\/p>\n\n\n<\/div>\n\n\n    <\/div>\n\n\n    <\/div>\n<\/section>\n\n\n\n<div class=\"wp-block-buttons is-content-justification-center is-layout-flex wp-container-core-buttons-is-layout-16018d1d wp-block-buttons-is-layout-flex\">\n<div class=\"wp-block-button\"><a class=\"wp-block-button__link wp-element-button\" href=\"https:\/\/carleton.ca\/cspsc\/roles-des-participant-du-projet\/\">R\u00f4les des participants du projet<\/a><\/div>\n<\/div>\n\n\n\n<h2 id=\"finances-du-projet\" class=\"wp-block-heading\"><strong>Finances du projet<\/strong><\/h2>\n\n\n\n<section class=\"w-screen px-6 cu-section cu-section--white ml-offset-center md:px-8 lg:px-14\">\n    <div class=\"space-y-6 cu-max-w-child-5xl  md:space-y-10 cu-prose-first-last\">\n\n        \n    <div class=\"grid gap-6 mx-auto my-6 cu-column md:gap-10 md:grid-cols-2 md:my-10 first:mt-0\">\n        \n<div class=\"cu-column-content\">\n    \n\n<p><strong class=\"myprefix-text-bold\">Sujet<\/strong><\/p>\n\n\n<\/div>\n\n\n<div class=\"cu-column-content\">\n    \n\n<p><strong class=\"myprefix-text-bold\">Questions de d\u00e9veloppement de projet<\/strong><\/p>\n\n\n<\/div>\n\n\n    <\/div>\n\n\n    <\/div>\n<\/section>\n\n\n\n<section class=\"w-screen px-6 cu-section cu-section--white ml-offset-center md:px-8 lg:px-14\">\n    <div class=\"space-y-6 cu-max-w-child-5xl  md:space-y-10 cu-prose-first-last\">\n\n        \n    <div class=\"grid gap-6 mx-auto my-6 cu-column md:gap-10 md:grid-cols-2 md:my-10 first:mt-0\">\n        \n<div class=\"cu-column-content\">\n    \n\n<p><strong class=\"myprefix-text-bold\"><a href=\"http:\/\/conception-initiale-de-la-recherche\/\"><\/a><a href=\"https:\/\/carleton.ca\/cspsc\/resultats-de-recherches\/\"><a href=\"https:\/\/carleton.ca\/cspsc\/roles-des-participant-du-projet\/\"><br>Budget<\/a><\/a><\/strong><\/p>\n\n\n<\/div>\n\n\n<div class=\"cu-column-content\">\n    \n\n<p>Comment nous assurerons-nous que le projet a les ressources n\u00e9cessaires pour atteindre ses buts?<br><\/p>\n\n\n<\/div>\n\n\n    <\/div>\n\n\n    <\/div>\n<\/section>\n\n\n\n<section class=\"w-screen px-6 cu-section cu-section--white ml-offset-center md:px-8 lg:px-14\">\n    <div class=\"space-y-6 cu-max-w-child-5xl  md:space-y-10 cu-prose-first-last\">\n\n        \n    <div class=\"grid gap-6 mx-auto my-6 cu-column md:gap-10 md:grid-cols-2 md:my-10 first:mt-0\">\n        \n<div class=\"cu-column-content\">\n    \n\n<p><strong class=\"myprefix-text-bold\"><a href=\"http:\/\/conception-initiale-de-la-recherche\/\"><\/a><a href=\"https:\/\/carleton.ca\/cspsc\/resultats-de-recherches\/\"><a href=\"https:\/\/carleton.ca\/cspsc\/roles-des-participant-du-projet\/\"><a href=\"https:\/\/carleton.ca\/cspsc\/finances-de-projet\/\">Financement<\/a><\/a><\/a><\/strong><\/p>\n\n\n<\/div>\n\n\n<div class=\"cu-column-content\">\n    \n\n<p>Savons-nous o\u00f9 et comment faire une demande de financement?<\/p>\n\n\n<\/div>\n\n\n    <\/div>\n\n\n    <\/div>\n<\/section>\n\n\n\n<section class=\"w-screen px-6 cu-section cu-section--white ml-offset-center md:px-8 lg:px-14\">\n    <div class=\"space-y-6 cu-max-w-child-5xl  md:space-y-10 cu-prose-first-last\">\n\n        \n    <div class=\"grid gap-6 mx-auto my-6 cu-column md:gap-10 md:grid-cols-2 md:my-10 first:mt-0\">\n        \n<div class=\"cu-column-content\">\n    \n\n<p><strong class=\"myprefix-text-bold\"><a href=\"http:\/\/conception-initiale-de-la-recherche\/\"><\/a><a href=\"https:\/\/carleton.ca\/cspsc\/resultats-de-recherches\/\"><a href=\"https:\/\/carleton.ca\/cspsc\/roles-des-participant-du-projet\/\"><br>Demandes<\/a><\/a><\/strong><\/p>\n\n\n<\/div>\n\n\n<div class=\"cu-column-content\">\n    \n\n<p><br>Savons-nous comment obtenir des ressources? Comment r\u00e9diger une recherche et des demandes de financement?<\/p>\n\n\n<\/div>\n\n\n    <\/div>\n\n\n    <\/div>\n<\/section>\n\n\n\n<section class=\"w-screen px-6 cu-section cu-section--white ml-offset-center md:px-8 lg:px-14\">\n    <div class=\"space-y-6 cu-max-w-child-5xl  md:space-y-10 cu-prose-first-last\">\n\n        \n    <div class=\"grid gap-6 mx-auto my-6 cu-column md:gap-10 md:grid-cols-2 md:my-10 first:mt-0\">\n        \n<div class=\"cu-column-content\">\n    \n\n<p><strong class=\"myprefix-text-bold\"><a href=\"http:\/\/conception-initiale-de-la-recherche\/\"><\/a><a href=\"https:\/\/carleton.ca\/cspsc\/resultats-de-recherches\/\"><a href=\"https:\/\/carleton.ca\/cspsc\/roles-des-participant-du-projet\/\"><a href=\"https:\/\/carleton.ca\/cspsc\/finances-de-projet\/\"><br>Moyens<\/a><br><\/a><\/a><\/strong><\/p>\n\n\n<\/div>\n\n\n<div class=\"cu-column-content\">\n    \n\n<p><br>Comment d\u00e9terminerons-nous quelles ressources sont n\u00e9cessaires pour effectuer le projet de recherche? Sommes-nous confiants en notre habilit\u00e9 \u00e0 ex\u00e9cuter le projet?<br><\/p>\n\n\n<\/div>\n\n\n    <\/div>\n\n\n    <\/div>\n<\/section>\n\n\n\n<div class=\"wp-block-buttons is-content-justification-center is-layout-flex wp-container-core-buttons-is-layout-16018d1d wp-block-buttons-is-layout-flex\">\n<div class=\"wp-block-button\"><a class=\"wp-block-button__link wp-element-button\" href=\"https:\/\/carleton.ca\/cspsc\/finances-de-projet\/\">Finances du projet<\/a><\/div>\n<\/div>\n\n\n\n<p>&nbsp;<\/p>\n\n\n\n<figure class=\"wp-block-image\"><img loading=\"lazy\" decoding=\"async\" width=\"1116\" height=\"10\" src=\"https:\/\/carleton.ca\/cspsc\/wp-content\/uploads\/sites\/174\/header-research-design.png\" alt=\"Page break - maroon\" class=\"wp-image-1948\" srcset=\"https:\/\/carleton.ca\/cspsc\/wp-content\/uploads\/sites\/174\/header-research-design.png 1116w, https:\/\/carleton.ca\/cspsc\/wp-content\/uploads\/sites\/174\/header-research-design-160x1.png 160w, https:\/\/carleton.ca\/cspsc\/wp-content\/uploads\/sites\/174\/header-research-design-240x2.png 240w, https:\/\/carleton.ca\/cspsc\/wp-content\/uploads\/sites\/174\/header-research-design-768x7.png 768w, https:\/\/carleton.ca\/cspsc\/wp-content\/uploads\/sites\/174\/header-research-design-400x4.png 400w, https:\/\/carleton.ca\/cspsc\/wp-content\/uploads\/sites\/174\/header-research-design-360x3.png 360w\" sizes=\"auto, (max-width: 1116px) 100vw, 1116px\" \/><\/figure>\n\n\n\n<p>&nbsp;<\/p>\n\n\n\n<section class=\"w-screen px-6 cu-section cu-section--white ml-offset-center md:px-8 lg:px-14\">\n    <div class=\"space-y-6 cu-max-w-child-7xl  md:space-y-10 cu-prose-first-last\">\n\n        \n    <div class=\"grid gap-6 mx-auto my-6 cu-column md:gap-10 lg:grid-cols-3 md:my-10 first:mt-0\">\n        \n<div class=\"cu-column-content\">\n    \n\n<figure class=\"wp-block-image size-large\"><img loading=\"lazy\" decoding=\"async\" width=\"400\" height=\"133\" src=\"https:\/\/carleton.ca\/cspsc\/wp-content\/uploads\/sites\/174\/navigation-button-smaller-french-projectplanning-400x133.png\" alt=\"Button - &quot;Retourner a l'index principal&quot;\" class=\"wp-image-2164\" srcset=\"https:\/\/carleton.ca\/cspsc\/wp-content\/uploads\/sites\/174\/navigation-button-smaller-french-projectplanning-400x133.png 400w, https:\/\/carleton.ca\/cspsc\/wp-content\/uploads\/sites\/174\/navigation-button-smaller-french-projectplanning-160x53.png 160w, https:\/\/carleton.ca\/cspsc\/wp-content\/uploads\/sites\/174\/navigation-button-smaller-french-projectplanning-240x80.png 240w, https:\/\/carleton.ca\/cspsc\/wp-content\/uploads\/sites\/174\/navigation-button-smaller-french-projectplanning-768x256.png 768w, https:\/\/carleton.ca\/cspsc\/wp-content\/uploads\/sites\/174\/navigation-button-smaller-french-projectplanning-360x120.png 360w, https:\/\/carleton.ca\/cspsc\/wp-content\/uploads\/sites\/174\/navigation-button-smaller-french-projectplanning.png 1365w\" sizes=\"auto, (max-width: 400px) 100vw, 400px\" \/><\/figure>\n\n\n<\/div>\n\n\n<div class=\"cu-column-content\">\n    \n\n<figure class=\"wp-block-image size-large\"><img loading=\"lazy\" decoding=\"async\" width=\"400\" height=\"89\" src=\"https:\/\/carleton.ca\/cspsc\/wp-content\/uploads\/sites\/174\/LEAVE-US-FEEDBACK-cropped-french-400x89.png\" alt=\"Button - &quot;Laissez-nous des commentaires&quot;\" class=\"wp-image-2118\" srcset=\"https:\/\/carleton.ca\/cspsc\/wp-content\/uploads\/sites\/174\/LEAVE-US-FEEDBACK-cropped-french-400x89.png 400w, https:\/\/carleton.ca\/cspsc\/wp-content\/uploads\/sites\/174\/LEAVE-US-FEEDBACK-cropped-french-160x36.png 160w, https:\/\/carleton.ca\/cspsc\/wp-content\/uploads\/sites\/174\/LEAVE-US-FEEDBACK-cropped-french-240x54.png 240w, https:\/\/carleton.ca\/cspsc\/wp-content\/uploads\/sites\/174\/LEAVE-US-FEEDBACK-cropped-french-768x172.png 768w, https:\/\/carleton.ca\/cspsc\/wp-content\/uploads\/sites\/174\/LEAVE-US-FEEDBACK-cropped-french-1536x343.png 1536w, https:\/\/carleton.ca\/cspsc\/wp-content\/uploads\/sites\/174\/LEAVE-US-FEEDBACK-cropped-french-360x80.png 360w, https:\/\/carleton.ca\/cspsc\/wp-content\/uploads\/sites\/174\/LEAVE-US-FEEDBACK-cropped-french.png 2036w\" sizes=\"auto, (max-width: 400px) 100vw, 400px\" \/><\/figure>\n\n\n\n<figure class=\"wp-block-image size-large\"><img loading=\"lazy\" decoding=\"async\" width=\"400\" height=\"163\" src=\"https:\/\/carleton.ca\/cspsc\/wp-content\/uploads\/sites\/174\/next-section-planification-french-400x163.png\" alt=\"Button - &quot;Prochaine Section: Plan de Recherche&quot;\" class=\"wp-image-2165\" srcset=\"https:\/\/carleton.ca\/cspsc\/wp-content\/uploads\/sites\/174\/next-section-planification-french-400x163.png 400w, https:\/\/carleton.ca\/cspsc\/wp-content\/uploads\/sites\/174\/next-section-planification-french-160x65.png 160w, https:\/\/carleton.ca\/cspsc\/wp-content\/uploads\/sites\/174\/next-section-planification-french-240x98.png 240w, https:\/\/carleton.ca\/cspsc\/wp-content\/uploads\/sites\/174\/next-section-planification-french-768x313.png 768w, https:\/\/carleton.ca\/cspsc\/wp-content\/uploads\/sites\/174\/next-section-planification-french-360x147.png 360w, https:\/\/carleton.ca\/cspsc\/wp-content\/uploads\/sites\/174\/next-section-planification-french.png 1116w\" sizes=\"auto, (max-width: 400px) 100vw, 400px\" \/><\/figure>\n\n\n<\/div>\n\n\n    <\/div>\n\n\n    <\/div>\n<\/section>\n\n\n\n<p>&nbsp;&nbsp; &nbsp; <\/p>\n\n\n\n<p>&nbsp;<\/p>\n\n\n\n<p>&nbsp;<\/p>\n\n\n\n<p>&nbsp;<\/p>\n\n\n\n<p>&nbsp;<\/p>\n","protected":false},"excerpt":{"rendered":"<p>&nbsp; Approche de projet et ses objectives\u00a0 Logistique de projet R\u00f4les des participants du projet Finances du projet &nbsp; &nbsp; &nbsp;&nbsp; &nbsp; &nbsp; &nbsp; &nbsp; &nbsp;<\/p>\n","protected":false},"author":2,"featured_media":0,"parent":0,"menu_order":0,"comment_status":"closed","ping_status":"closed","template":"","meta":{"_acf_changed":false,"_cu_dining_location_slug":"","footnotes":"","_links_to":"","_links_to_target":""},"cu_page_type":[],"class_list":["post-784","page","type-page","status-publish","hentry"],"acf":{"cu_post_thumbnail":""},"_links":{"self":[{"href":"https:\/\/carleton.ca\/cspsc\/wp-json\/wp\/v2\/pages\/784","targetHints":{"allow":["GET"]}}],"collection":[{"href":"https:\/\/carleton.ca\/cspsc\/wp-json\/wp\/v2\/pages"}],"about":[{"href":"https:\/\/carleton.ca\/cspsc\/wp-json\/wp\/v2\/types\/page"}],"author":[{"embeddable":true,"href":"https:\/\/carleton.ca\/cspsc\/wp-json\/wp\/v2\/users\/2"}],"replies":[{"embeddable":true,"href":"https:\/\/carleton.ca\/cspsc\/wp-json\/wp\/v2\/comments?post=784"}],"version-history":[{"count":3,"href":"https:\/\/carleton.ca\/cspsc\/wp-json\/wp\/v2\/pages\/784\/revisions"}],"predecessor-version":[{"id":3062,"href":"https:\/\/carleton.ca\/cspsc\/wp-json\/wp\/v2\/pages\/784\/revisions\/3062"}],"wp:attachment":[{"href":"https:\/\/carleton.ca\/cspsc\/wp-json\/wp\/v2\/media?parent=784"}],"wp:term":[{"taxonomy":"cu_page_type","embeddable":true,"href":"https:\/\/carleton.ca\/cspsc\/wp-json\/wp\/v2\/cu_page_type?post=784"}],"curies":[{"name":"wp","href":"https:\/\/api.w.org\/{rel}","templated":true}]}}