{"id":795,"date":"2019-02-09T23:53:51","date_gmt":"2019-02-10T04:53:51","guid":{"rendered":"https:\/\/carleton.ca\/cspsc\/?page_id=795"},"modified":"2025-11-10T14:29:10","modified_gmt":"2025-11-10T19:29:10","slug":"finances-de-projet","status":"publish","type":"page","link":"https:\/\/carleton.ca\/cspsc\/finances-de-projet\/","title":{"rendered":"Finances de projet"},"content":{"rendered":"\n<section class=\"w-screen px-6 cu-section cu-section--white ml-offset-center md:px-8 lg:px-14\">\n    <div class=\"space-y-6 cu-max-w-child-5xl  md:space-y-10 cu-prose-first-last\">\n\n            <div class=\"cu-textmedia flex flex-col lg:flex-row mx-auto gap-6 md:gap-10 my-6 md:my-12 first:mt-0 max-w-5xl\">\n        <div class=\"justify-start cu-textmedia-content cu-prose-first-last\" style=\"flex: 0 0 100%;\">\n            <header class=\"font-light prose-xl cu-pageheader md:prose-2xl cu-component-updated cu-prose-first-last\">\n                                    <h1 class=\"cu-prose-first-last font-semibold !mt-2 mb-4 md:mb-6 relative after:absolute after:h-px after:bottom-0 after:bg-cu-red after:left-px text-3xl md:text-4xl lg:text-5xl lg:leading-[3.5rem] pb-5 after:w-10 text-cu-black-700 not-prose\">\n                        Finances de projet\n                    <\/h1>\n                \n                                \n                            <\/header>\n\n                    <\/div>\n\n            <\/div>\n\n    <\/div>\n<\/section>\n\n\n\n\n<div class=\"w-full max-w-xl mx-auto overflow-hidden bg-white rounded-lg shadow-lg cu-stackedlist cu-component not-contained not-prose\">\n    <h2 class=\"px-6 py-4 text-base font-semibold border-b rounded-t-lg md:text-xl bg-gray-50 text-cu-black-800\">\n        Table of Contents\n    <\/h2>\n    <div class=\"grid cu-scrollto cu-stackedlist--toc cu-stackedlist--1 md:grid-cols-1\">\n            <div class=\"space-y-1\">\n                    \n            <div class=\"pl-4 text-cu-red-700\">\n                <div class=\"flex gap-2 pb-3 text-base md:text-lg\">\n                    <span class=\"font-light text-cu-black-700\">\n                        1.\n                    <\/span>\n\n                    <a href=\"#budget\" class=\"font-medium hover:underline\">\n                        Budget\n                    <\/a>\n                <\/div>\n\n                                        <div class=\"space-y-1\">\n                    \n            <div class=\"pl-10 text-cu-red-700\">\n                <div class=\"flex gap-2 pb-3 text-base md:text-lg\">\n                    <span class=\"font-light text-cu-black-700\">\n                        1.1\n                    <\/span>\n\n                    <a href=\"#comment-nous-assurerons-nous-que-le-projet-a-les-ressources-necessaires-pour-atteindre-ses-buts\" class=\"font-medium hover:underline\">\n                        Comment nous assurerons-nous que le projet a les ressources n\u00e9cessaires pour atteindre ses buts?\n                    <\/a>\n                <\/div>\n\n                            <\/div>\n            <\/div>\n\n                            <\/div>\n                    \n            <div class=\"pl-4 text-cu-red-700\">\n                <div class=\"flex gap-2 pb-3 text-base md:text-lg\">\n                    <span class=\"font-light text-cu-black-700\">\n                        2.\n                    <\/span>\n\n                    <a href=\"#financement\" class=\"font-medium hover:underline\">\n                        Financement\n                    <\/a>\n                <\/div>\n\n                                        <div class=\"space-y-1\">\n                    \n            <div class=\"pl-10 text-cu-red-700\">\n                <div class=\"flex gap-2 pb-3 text-base md:text-lg\">\n                    <span class=\"font-light text-cu-black-700\">\n                        2.1\n                    <\/span>\n\n                    <a href=\"#savons-nous-ou-et-comment-faire-une-demande-de-financement\" class=\"font-medium hover:underline\">\n                        Savons-nous o\u00f9 et comment faire une demande de financement?\n                    <\/a>\n                <\/div>\n\n                            <\/div>\n            <\/div>\n\n                            <\/div>\n                    \n            <div class=\"pl-4 text-cu-red-700\">\n                <div class=\"flex gap-2 pb-3 text-base md:text-lg\">\n                    <span class=\"font-light text-cu-black-700\">\n                        3.\n                    <\/span>\n\n                    <a href=\"#demandes\" class=\"font-medium hover:underline\">\n                        Demandes\n                    <\/a>\n                <\/div>\n\n                                        <div class=\"space-y-1\">\n                    \n            <div class=\"pl-10 text-cu-red-700\">\n                <div class=\"flex gap-2 pb-3 text-base md:text-lg\">\n                    <span class=\"font-light text-cu-black-700\">\n                        3.1\n                    <\/span>\n\n                    <a href=\"#savons-nous-comment-obtenir-des-ressources-comment-rediger-une-recherche-et-des-demandes-de-financement\" class=\"font-medium hover:underline\">\n                        Savons-nous comment obtenir des ressources? Comment r\u00e9diger une recherche et des demandes de financement?\n                    <\/a>\n                <\/div>\n\n                            <\/div>\n            <\/div>\n\n                            <\/div>\n                    \n            <div class=\"pl-4 text-cu-red-700\">\n                <div class=\"flex gap-2 pb-3 text-base md:text-lg\">\n                    <span class=\"font-light text-cu-black-700\">\n                        4.\n                    <\/span>\n\n                    <a href=\"#moyens-et-ressources\" class=\"font-medium hover:underline\">\n                        Moyens et ressources\n                    <\/a>\n                <\/div>\n\n                                        <div class=\"space-y-1\">\n                    \n            <div class=\"pl-10 text-cu-red-700\">\n                <div class=\"flex gap-2 pb-3 text-base md:text-lg\">\n                    <span class=\"font-light text-cu-black-700\">\n                        4.1\n                    <\/span>\n\n                    <a href=\"#comment-determinerons-nous-quelles-ressources-sont-necessaires-pour-effectuer-le-projet-de-recherche-sommes-nous-confiants-en-notre-habilite-a-executer-le-projet\" class=\"font-medium hover:underline\">\n                        Comment d\u00e9terminerons-nous quelles ressources sont n\u00e9cessaires pour effectuer le projet de recherche? Sommes-nous confiants en notre habilit\u00e9 \u00e0 ex\u00e9cuter le projet?\n                    <\/a>\n                <\/div>\n\n                            <\/div>\n            <\/div>\n\n                            <\/div>\n            <\/div>\n\n    <\/div>\n<\/div>\n\n\n\n<p>&nbsp;<\/p>\n\n\n\n<h2 id=\"budget\" class=\"wp-block-heading\"><a id=\"PPBudget\"><\/a>Budget<\/h2>\n\n\n\n<h3 id=\"comment-nous-assurerons-nous-que-le-projet-a-les-ressources-necessaires-pour-atteindre-ses-buts\" class=\"wp-block-heading\">Comment nous assurerons-nous que le projet a les ressources n\u00e9cessaires pour atteindre ses buts?<\/h3>\n\n\n\n<p>&nbsp;<\/p>\n\n\n\n<p>D\u00e9terminez les sources de financement externes et internes qui sont \u00e0 votre disposition. D\u00e9terminez combien de dons en nature les organismes partenaires peuvent effectuer. D\u00e9terminez le co\u00fbt du projet en mati\u00e8re de mat\u00e9riel et \u00ab&nbsp;d\u2019heures-personnes&nbsp;\u00bb, incluant l\u2019allocation des \u00e9tudiants. Laissez une marge de man\u0153uvre dans le budget.<\/p>\n\n\n\n<p>&nbsp;<\/p>\n\n\n\n<h4 id=\"ressources\" class=\"wp-block-heading\">Ressources:<\/h4>\n\n\n\n<p><a href=\"https:\/\/www.tamarackcommunity.ca\/hubfs\/Collective%20Impact\/Tools\/Tool%20Collective%20Impact%20Initiative%20Budget%20Tool%20May%202017.pdf?hsCtaTracking=7373def5-62ee-432f-8c27-0785fcc5f114%7Cd4aa35f1-e4ed-4c09-b85f-4f1c7dda3351\">Soutien de base (en anglais)<\/a><\/p>\n\n\n\n<p><a href=\"https:\/\/www.projectsmart.co.uk\/creating-a-project-budget-what-you-need-to-know.php\">Choses \u00e0 consid\u00e9rer lorsqu\u2019on \u00e9tablit un budget (en anglais)<\/a><\/p>\n\n\n\n<p><a href=\"https:\/\/www.template.net\/business\/budget-templates\/sample-project-budget\/\">Mod\u00e8le de budget (en anglais)<\/a><\/p>\n\n\n\n<h2 id=\"financement\" class=\"wp-block-heading\"><a id=\"PPFunding\"><\/a>Financement<\/h2>\n\n\n\n<h3 id=\"savons-nous-ou-et-comment-faire-une-demande-de-financement\" class=\"wp-block-heading\">Savons-nous o\u00f9 et comment faire une demande de financement?<\/h3>\n\n\n\n<p>Calculez le financement s\u00fbr, le financement potentiel et le co\u00fbt du projet. D\u00e9terminez ce qui peut \u00eatre ajout\u00e9 ou enlev\u00e9 en fonction du succ\u00e8s des demandes de financement. Trouvez une liste de subventions pertinentes. D\u00e9cidez \u00e0 quelles subventions vous devriez d\u00e9poser une demande (ex.&nbsp;: compatibilit\u00e9, date limite, nombre d\u2019applications) et informez-vous de leurs attentes. Examinez toutes les diverses parties du projet que vous pourriez financer gr\u00e2ce \u00e0 des subventions (ex.&nbsp;: le salaire des \u00e9tudiants).<\/p>\n\n\n\n<h4 id=\"ressources\" class=\"wp-block-heading\">Ressources:<\/h4>\n\n\n\n<p><a href=\"http:\/\/www.sshrc-crsh.gc.ca\/funding-financement\/umbrella_programs-programme_cadre\/insight-savoir-fra.aspx\">Financement du CRSH<\/a><\/p>\n\n\n\n<p><a href=\"http:\/\/www.cihr-irsc.gc.ca\/f\/37788.html\">Financement de l\u2019IRSC<\/a><\/p>\n\n\n\n<p><a href=\"https:\/\/charityvillage.com\/cms\/knowledge-centre\/fundraising\/funder-directory\/canadian-foundations\">Liste des fondations au Canada (en anglais)<\/a><\/p>\n\n\n\n<p><a href=\"https:\/\/theresearchwhisperer.wordpress.com\/2014\/10\/07\/simple-research-budget\/\">Guide pour un budget de recherche simple (en anglais)<\/a><\/p>\n\n\n\n<h2 id=\"demandes\" class=\"wp-block-heading\"><a id=\"PPProposals\"><\/a>Demandes<\/h2>\n\n\n\n<h3 id=\"savons-nous-comment-obtenir-des-ressources-comment-rediger-une-recherche-et-des-demandes-de-financement\" class=\"wp-block-heading\">Savons-nous comment obtenir des ressources? Comment r\u00e9diger une recherche et des demandes de financement?<\/h3>\n\n\n\n<p>Une r\u00e9daction efficace des demandes augmentera de beaucoup vos chances d\u2019obtenir du financement. Les projets ont besoin de financement, alors il est essentiel d\u2019y allouer un temps suffisant. Les demandes aident aussi \u00e0 raffiner le contenu du projet afin de pr\u00e9ciser ce qu\u2019il tente d\u2019accomplir et comment.<\/p>\n\n\n\n<h4 id=\"ressources\" class=\"wp-block-heading\">Ressources:<\/h4>\n\n\n\n<p><a href=\"https:\/\/ctb.ku.edu\/en\/table-of-contents\/finances\/grants-and-financial-resources\/writing-a-grant\/main\">R\u00e9diger des demandes de financement et pr\u00e9senter vos arguments (en anglais)<\/a><\/p>\n\n\n\n<h2 id=\"moyens-et-ressources\" class=\"wp-block-heading\"><a id=\"PPCapacity\"><\/a>Moyens et ressources<\/h2>\n\n\n\n<h3 id=\"comment-determinerons-nous-quelles-ressources-sont-necessaires-pour-effectuer-le-projet-de-recherche-sommes-nous-confiants-en-notre-habilite-a-executer-le-projet\" class=\"wp-block-heading\"><strong>Comment d\u00e9terminerons-nous quelles ressources sont n\u00e9cessaires pour effectuer le projet de recherche? Sommes-nous confiants en notre habilit\u00e9 \u00e0 ex\u00e9cuter le projet?<\/strong><\/h3>\n\n\n\n<p>Discuter d\u2019attentes r\u00e9alistes et de limites peut clarifier le processus de recherche et aider \u00e0 pr\u00e9venir des probl\u00e8mes \u00e9ventuels (horaires surcharg\u00e9s, d\u00e9saccords, etc.). Entreprendre efficacement un projet de recherche est une lourde charge de travail, alors s\u2019assurer d\u2019avoir la capacit\u00e9 de l\u2019accomplir est important pour \u00e9viter de r\u00e9aliser \u00e0 mi-chemin que vous n\u2019avez pas le temps.<\/p>\n\n\n\n<p><strong>Ressources:<\/strong><\/p>\n\n\n\n<p><a href=\"https:\/\/ctb.ku.edu\/en\/table-of-contents\/assessment\/assessing-community-needs-and-resources\/identify-community-assets\/main\">Recenser les ressources communautaires (en anglais)<\/a><\/p>\n\n\n\n<p><a href=\"http:\/\/www.tamarackcommunity.ca\/library\/a-guide-to-community-asset-mapping\">Outil pour recenser les ressources communautaires (en anglais)<\/a><\/p>\n\n\n\n<p><a href=\"https:\/\/ctb.ku.edu\/en\/table-of-contents\/assessment\/assessing-community-needs-and-resources\/develop-a-plan\/main\">\u00c9valuer les ressources et les besoins locaux (en anglais)<\/a><\/p>\n\n\n\n<p><a href=\"https:\/\/www.mckinsey.com\/industries\/social-sector\/how-we-help-clients\/organizational-capacity-assessment-tool\">\u00c9valuer la capacit\u00e9 d\u2019organisation (en anglais)<\/a><\/p>\n\n\n\n<p>&nbsp;<\/p>\n\n\n\n<section class=\"w-screen px-6 cu-section cu-section--white ml-offset-center md:px-8 lg:px-14\">\n    <div class=\"space-y-6 cu-max-w-child-5xl  md:space-y-10 cu-prose-first-last\">\n\n        \n    <div class=\"grid gap-6 mx-auto my-6 cu-column md:gap-10 md:grid-cols-2 md:my-10 first:mt-0\">\n        \n<div class=\"cu-column-content\">\n    \n\n<figure class=\"wp-block-image size-large\"><img loading=\"lazy\" decoding=\"async\" width=\"400\" height=\"105\" src=\"https:\/\/carleton.ca\/cspsc\/wp-content\/uploads\/sites\/174\/navigation-button-partnership-topics-french-400x105.png\" alt=\"Button - &quot;Retourner aux sujets de planification&quot;\" class=\"wp-image-2214\" srcset=\"https:\/\/carleton.ca\/cspsc\/wp-content\/uploads\/sites\/174\/navigation-button-partnership-topics-french-400x105.png 400w, https:\/\/carleton.ca\/cspsc\/wp-content\/uploads\/sites\/174\/navigation-button-partnership-topics-french-160x42.png 160w, https:\/\/carleton.ca\/cspsc\/wp-content\/uploads\/sites\/174\/navigation-button-partnership-topics-french-240x63.png 240w, https:\/\/carleton.ca\/cspsc\/wp-content\/uploads\/sites\/174\/navigation-button-partnership-topics-french-768x201.png 768w, https:\/\/carleton.ca\/cspsc\/wp-content\/uploads\/sites\/174\/navigation-button-partnership-topics-french-1536x401.png 1536w, https:\/\/carleton.ca\/cspsc\/wp-content\/uploads\/sites\/174\/navigation-button-partnership-topics-french-360x94.png 360w, https:\/\/carleton.ca\/cspsc\/wp-content\/uploads\/sites\/174\/navigation-button-partnership-topics-french.png 1741w\" sizes=\"auto, (max-width: 400px) 100vw, 400px\" \/><\/figure>\n\n\n<\/div>\n\n\n<div class=\"cu-column-content\">\n    \n\n<figure class=\"wp-block-image size-large\"><img loading=\"lazy\" decoding=\"async\" width=\"400\" height=\"89\" src=\"https:\/\/carleton.ca\/cspsc\/wp-content\/uploads\/sites\/174\/LEAVE-US-FEEDBACK-cropped-french-400x89.png\" alt=\"Button - &quot;Laissez-nous des commentaires&quot;\" class=\"wp-image-2118\" srcset=\"https:\/\/carleton.ca\/cspsc\/wp-content\/uploads\/sites\/174\/LEAVE-US-FEEDBACK-cropped-french-400x89.png 400w, https:\/\/carleton.ca\/cspsc\/wp-content\/uploads\/sites\/174\/LEAVE-US-FEEDBACK-cropped-french-160x36.png 160w, https:\/\/carleton.ca\/cspsc\/wp-content\/uploads\/sites\/174\/LEAVE-US-FEEDBACK-cropped-french-240x54.png 240w, https:\/\/carleton.ca\/cspsc\/wp-content\/uploads\/sites\/174\/LEAVE-US-FEEDBACK-cropped-french-768x172.png 768w, https:\/\/carleton.ca\/cspsc\/wp-content\/uploads\/sites\/174\/LEAVE-US-FEEDBACK-cropped-french-1536x343.png 1536w, https:\/\/carleton.ca\/cspsc\/wp-content\/uploads\/sites\/174\/LEAVE-US-FEEDBACK-cropped-french-360x80.png 360w, https:\/\/carleton.ca\/cspsc\/wp-content\/uploads\/sites\/174\/LEAVE-US-FEEDBACK-cropped-french.png 2036w\" sizes=\"auto, (max-width: 400px) 100vw, 400px\" \/><\/figure>\n\n\n<\/div>\n\n\n    <\/div>\n\n\n    <\/div>\n<\/section>\n\n\n\n<p>&nbsp;<\/p>\n","protected":false},"excerpt":{"rendered":"<p>&nbsp; Budget Comment nous assurerons-nous que le projet a les ressources n\u00e9cessaires pour atteindre ses buts? &nbsp; D\u00e9terminez les sources de financement externes et internes qui sont \u00e0 votre disposition. D\u00e9terminez combien de dons en nature les organismes partenaires peuvent effectuer. D\u00e9terminez le co\u00fbt du projet en mati\u00e8re de mat\u00e9riel et \u00ab&nbsp;d\u2019heures-personnes&nbsp;\u00bb, incluant l\u2019allocation des [&hellip;]<\/p>\n","protected":false},"author":2,"featured_media":0,"parent":0,"menu_order":0,"comment_status":"closed","ping_status":"closed","template":"","meta":{"_acf_changed":false,"_cu_dining_location_slug":"","footnotes":"","_links_to":"","_links_to_target":""},"cu_page_type":[],"class_list":["post-795","page","type-page","status-publish","hentry"],"acf":{"cu_post_thumbnail":""},"_links":{"self":[{"href":"https:\/\/carleton.ca\/cspsc\/wp-json\/wp\/v2\/pages\/795","targetHints":{"allow":["GET"]}}],"collection":[{"href":"https:\/\/carleton.ca\/cspsc\/wp-json\/wp\/v2\/pages"}],"about":[{"href":"https:\/\/carleton.ca\/cspsc\/wp-json\/wp\/v2\/types\/page"}],"author":[{"embeddable":true,"href":"https:\/\/carleton.ca\/cspsc\/wp-json\/wp\/v2\/users\/2"}],"replies":[{"embeddable":true,"href":"https:\/\/carleton.ca\/cspsc\/wp-json\/wp\/v2\/comments?post=795"}],"version-history":[{"count":4,"href":"https:\/\/carleton.ca\/cspsc\/wp-json\/wp\/v2\/pages\/795\/revisions"}],"predecessor-version":[{"id":3014,"href":"https:\/\/carleton.ca\/cspsc\/wp-json\/wp\/v2\/pages\/795\/revisions\/3014"}],"wp:attachment":[{"href":"https:\/\/carleton.ca\/cspsc\/wp-json\/wp\/v2\/media?parent=795"}],"wp:term":[{"taxonomy":"cu_page_type","embeddable":true,"href":"https:\/\/carleton.ca\/cspsc\/wp-json\/wp\/v2\/cu_page_type?post=795"}],"curies":[{"name":"wp","href":"https:\/\/api.w.org\/{rel}","templated":true}]}}