{"id":799,"date":"2019-02-09T21:12:10","date_gmt":"2019-02-10T02:12:10","guid":{"rendered":"https:\/\/carleton.ca\/cspsc\/?page_id=799"},"modified":"2025-11-11T09:46:56","modified_gmt":"2025-11-11T14:46:56","slug":"plan-de-recherche","status":"publish","type":"page","link":"https:\/\/carleton.ca\/cspsc\/plan-de-recherche\/","title":{"rendered":"Plan de recherche"},"content":{"rendered":"\n<section class=\"w-screen px-6 cu-section cu-section--white ml-offset-center md:px-8 lg:px-14\">\n    <div class=\"space-y-6 cu-max-w-child-5xl  md:space-y-10 cu-prose-first-last\">\n\n            <div class=\"cu-textmedia flex flex-col lg:flex-row mx-auto gap-6 md:gap-10 my-6 md:my-12 first:mt-0 max-w-5xl\">\n        <div class=\"justify-start cu-textmedia-content cu-prose-first-last\" style=\"flex: 0 0 100%;\">\n            <header class=\"font-light prose-xl cu-pageheader md:prose-2xl cu-component-updated cu-prose-first-last\">\n                                    <h1 class=\"cu-prose-first-last font-semibold !mt-2 mb-4 md:mb-6 relative after:absolute after:h-px after:bottom-0 after:bg-cu-red after:left-px text-3xl md:text-4xl lg:text-5xl lg:leading-[3.5rem] pb-5 after:w-10 text-cu-black-700 not-prose\">\n                        Plan de recherche\n                    <\/h1>\n                \n                                \n                            <\/header>\n\n                    <\/div>\n\n            <\/div>\n\n    <\/div>\n<\/section>\n\n\n\n<div class=\"wp-block-buttons is-content-justification-right is-layout-flex wp-container-core-buttons-is-layout-765c4724 wp-block-buttons-is-layout-flex\">\n<div class=\"wp-block-button\"><a class=\"wp-block-button__link wp-element-button\" href=\"https:\/\/carleton.ca\/cspsc\/research-design\/\">English Version<\/a><\/div>\n<\/div>\n\n\n\n<p>&nbsp;<\/p>\n\n\n\n<figure class=\"wp-block-image\"><img loading=\"lazy\" decoding=\"async\" width=\"1116\" height=\"10\" src=\"https:\/\/carleton.ca\/cspsc\/wp-content\/uploads\/sites\/174\/header-research-design.png\" alt=\"Page break - maroon\" class=\"wp-image-1948\" srcset=\"https:\/\/carleton.ca\/cspsc\/wp-content\/uploads\/sites\/174\/header-research-design.png 1116w, https:\/\/carleton.ca\/cspsc\/wp-content\/uploads\/sites\/174\/header-research-design-160x1.png 160w, https:\/\/carleton.ca\/cspsc\/wp-content\/uploads\/sites\/174\/header-research-design-240x2.png 240w, https:\/\/carleton.ca\/cspsc\/wp-content\/uploads\/sites\/174\/header-research-design-768x7.png 768w, https:\/\/carleton.ca\/cspsc\/wp-content\/uploads\/sites\/174\/header-research-design-400x4.png 400w, https:\/\/carleton.ca\/cspsc\/wp-content\/uploads\/sites\/174\/header-research-design-360x3.png 360w\" sizes=\"auto, (max-width: 1116px) 100vw, 1116px\" \/><\/figure>\n\n\n\n<h2 id=\"conception-initiale-de-la-recherche\" class=\"wp-block-heading\">Conception initiale de la recherche<\/h2>\n\n\n\n<section class=\"w-screen px-6 cu-section cu-section--white ml-offset-center md:px-8 lg:px-14\">\n    <div class=\"space-y-6 cu-max-w-child-5xl  md:space-y-10 cu-prose-first-last\">\n\n        \n    <div class=\"grid gap-6 mx-auto my-6 cu-column md:gap-10 md:grid-cols-2 md:my-10 first:mt-0\">\n        \n<div class=\"cu-column-content\">\n    \n\n<p><strong class=\"myprefix-text-bold\">Sujet<\/strong><\/p>\n\n\n<\/div>\n\n\n<div class=\"cu-column-content\">\n    \n\n<p><strong class=\"myprefix-text-bold\">Questions de d\u00e9veloppement de projet<\/strong><\/p>\n\n\n<\/div>\n\n\n    <\/div>\n\n\n    <\/div>\n<\/section>\n\n\n\n<section class=\"w-screen px-6 cu-section cu-section--white ml-offset-center md:px-8 lg:px-14\">\n    <div class=\"space-y-6 cu-max-w-child-5xl  md:space-y-10 cu-prose-first-last\">\n\n        \n    <div class=\"grid gap-6 mx-auto my-6 cu-column md:gap-10 md:grid-cols-2 md:my-10 first:mt-0\">\n        \n<div class=\"cu-column-content\">\n    \n\n<p><strong class=\"myprefix-text-bold\"><a href=\"http:\/\/conception-initiale-de-la-recherche\/\">Public cible<\/a><\/strong><\/p>\n\n\n<\/div>\n\n\n<div class=\"cu-column-content\">\n    \n\n<p>Comment ferons nous conna\u00eetre la recherche de fa\u00e7on utile pour notre public cible? Le projet inclura-t-il des intervenants communautaires tout au long de la recherche? La m\u00e9thodologie que nous utilisons est-elle appropri\u00e9e pour le public cible de notre recherche?<\/p>\n\n\n<\/div>\n\n\n    <\/div>\n\n\n    <\/div>\n<\/section>\n\n\n\n<section class=\"w-screen px-6 cu-section cu-section--white ml-offset-center md:px-8 lg:px-14\">\n    <div class=\"space-y-6 cu-max-w-child-5xl  md:space-y-10 cu-prose-first-last\">\n\n        \n    <div class=\"grid gap-6 mx-auto my-6 cu-column md:gap-10 md:grid-cols-2 md:my-10 first:mt-0\">\n        \n<div class=\"cu-column-content\">\n    \n\n<p><strong class=\"myprefix-text-bold\"><a href=\"http:\/\/conception-initiale-de-la-recherche\/\">\u00c9valuation des besoins<\/a><\/strong><\/p>\n\n\n<\/div>\n\n\n<div class=\"cu-column-content\">\n    \n\n<p>Notre projet de recherche comble-t-il une lacune? Comment identifierons-nous cette lacune?<\/p>\n\n\n<\/div>\n\n\n    <\/div>\n\n\n    <\/div>\n<\/section>\n\n\n\n<section class=\"w-screen px-6 cu-section cu-section--white ml-offset-center md:px-8 lg:px-14\">\n    <div class=\"space-y-6 cu-max-w-child-5xl  md:space-y-10 cu-prose-first-last\">\n\n        \n    <div class=\"grid gap-6 mx-auto my-6 cu-column md:gap-10 md:grid-cols-2 md:my-10 first:mt-0\">\n        \n<div class=\"cu-column-content\">\n    \n\n<p><strong class=\"myprefix-text-bold\"><a href=\"http:\/\/conception-initiale-de-la-recherche\/\">Revue de la litt\u00e9rature<\/a><\/strong><\/p>\n\n\n<\/div>\n\n\n<div class=\"cu-column-content\">\n    \n\n<p>Comment obtiendrons-nous les connaissances n\u00e9cessaires pour bien nous pr\u00e9parer au projet de recherche?<\/p>\n\n\n<\/div>\n\n\n    <\/div>\n\n\n    <\/div>\n<\/section>\n\n\n\n<section class=\"w-screen px-6 cu-section cu-section--white ml-offset-center md:px-8 lg:px-14\">\n    <div class=\"space-y-6 cu-max-w-child-5xl  md:space-y-10 cu-prose-first-last\">\n\n        \n    <div class=\"grid gap-6 mx-auto my-6 cu-column md:gap-10 md:grid-cols-2 md:my-10 first:mt-0\">\n        \n<div class=\"cu-column-content\">\n    \n\n<p><strong class=\"myprefix-text-bold\"><a href=\"http:\/\/conception-initiale-de-la-recherche\/\">Cerner le probl\u00e8me<\/a><\/strong><\/p>\n\n\n<\/div>\n\n\n<div class=\"cu-column-content\">\n    \n\n<p>Comment nous concentrerons-nous sur un probl\u00e8me et comment \u00e9tablirons-nous des lignes directrices qui nous aideront \u00e0 maintenir le cap?<\/p>\n\n\n<\/div>\n\n\n    <\/div>\n\n\n    <\/div>\n<\/section>\n\n\n\n<section class=\"w-screen px-6 cu-section cu-section--white ml-offset-center md:px-8 lg:px-14\">\n    <div class=\"space-y-6 cu-max-w-child-5xl  md:space-y-10 cu-prose-first-last\">\n\n        \n    <div class=\"grid gap-6 mx-auto my-6 cu-column md:gap-10 md:grid-cols-2 md:my-10 first:mt-0\">\n        \n<div class=\"cu-column-content\">\n    \n\n<p><strong class=\"myprefix-text-bold\"><a href=\"http:\/\/conception-initiale-de-la-recherche\/\">La question de recherche<\/a><\/strong><\/p>\n\n\n<\/div>\n\n\n<div class=\"cu-column-content\">\n    \n\n<p>Comment raffinerons-nous la question de recherche? Qui consulterons-nous?<\/p>\n\n\n<\/div>\n\n\n    <\/div>\n\n\n    <\/div>\n<\/section>\n\n\n\n<div class=\"wp-block-buttons is-content-justification-center is-layout-flex wp-container-core-buttons-is-layout-16018d1d wp-block-buttons-is-layout-flex\">\n<div class=\"wp-block-button\"><a class=\"wp-block-button__link wp-element-button\" href=\"https:\/\/carleton.ca\/cspsc\/conception-initiale-de-la-recherche\/\">Conception initiale de la recherche<\/a><\/div>\n<\/div>\n\n\n\n<h2 id=\"processus-et-donnees\" class=\"wp-block-heading\">Processus et donn\u00e9es<\/h2>\n\n\n\n<section class=\"w-screen px-6 cu-section cu-section--white ml-offset-center md:px-8 lg:px-14\">\n    <div class=\"space-y-6 cu-max-w-child-5xl  md:space-y-10 cu-prose-first-last\">\n\n        \n    <div class=\"grid gap-6 mx-auto my-6 cu-column md:gap-10 md:grid-cols-2 md:my-10 first:mt-0\">\n        \n<div class=\"cu-column-content\">\n    \n\n<p><strong class=\"myprefix-text-bold\">Sujet<\/strong><\/p>\n\n\n<\/div>\n\n\n<div class=\"cu-column-content\">\n    \n\n<p><strong class=\"myprefix-text-bold\">Questions de d\u00e9veloppement de projet<\/strong><\/p>\n\n\n<\/div>\n\n\n    <\/div>\n\n\n    <\/div>\n<\/section>\n\n\n\n<section class=\"w-screen px-6 cu-section cu-section--white ml-offset-center md:px-8 lg:px-14\">\n    <div class=\"space-y-6 cu-max-w-child-5xl  md:space-y-10 cu-prose-first-last\">\n\n        \n    <div class=\"grid gap-6 mx-auto my-6 cu-column md:gap-10 md:grid-cols-2 md:my-10 first:mt-0\">\n        \n<div class=\"cu-column-content\">\n    \n\n<p><strong class=\"myprefix-text-bold\"><a href=\"http:\/\/conception-initiale-de-la-recherche\/\"><a href=\"https:\/\/carleton.ca\/cspsc\/processus-et-donnees\/\">M\u00e9thodes de recherche<\/a><\/a><\/strong><\/p>\n\n\n<\/div>\n\n\n<div class=\"cu-column-content\">\n    \n\n<p><br>Comment obtiendrons-nous les donn\u00e9es? Qui sera impliqu\u00e9 dans la collecte de donn\u00e9es?<\/p>\n\n\n<\/div>\n\n\n    <\/div>\n\n\n    <\/div>\n<\/section>\n\n\n\n<section class=\"w-screen px-6 cu-section cu-section--white ml-offset-center md:px-8 lg:px-14\">\n    <div class=\"space-y-6 cu-max-w-child-5xl  md:space-y-10 cu-prose-first-last\">\n\n        \n    <div class=\"grid gap-6 mx-auto my-6 cu-column md:gap-10 md:grid-cols-2 md:my-10 first:mt-0\">\n        \n<div class=\"cu-column-content\">\n    \n\n<p><strong class=\"myprefix-text-bold\"><a href=\"http:\/\/conception-initiale-de-la-recherche\/\"><br>Processus de recherche<\/a><\/strong><\/p>\n\n\n<\/div>\n\n\n<div class=\"cu-column-content\">\n    \n\n<p><br>Comment planifierons-nous et effectuerons-nous la recherche?<\/p>\n\n\n<\/div>\n\n\n    <\/div>\n\n\n    <\/div>\n<\/section>\n\n\n\n<section class=\"w-screen px-6 cu-section cu-section--white ml-offset-center md:px-8 lg:px-14\">\n    <div class=\"space-y-6 cu-max-w-child-5xl  md:space-y-10 cu-prose-first-last\">\n\n        \n    <div class=\"grid gap-6 mx-auto my-6 cu-column md:gap-10 md:grid-cols-2 md:my-10 first:mt-0\">\n        \n<div class=\"cu-column-content\">\n    \n\n<p><strong class=\"myprefix-text-bold\"><a href=\"http:\/\/conception-initiale-de-la-recherche\/\"><a href=\"https:\/\/carleton.ca\/cspsc\/processus-et-donnees\/\">Mod\u00e8le logique\/Th\u00e9orie du changement<\/a><\/a><\/strong><\/p>\n\n\n<\/div>\n\n\n<div class=\"cu-column-content\">\n    \n\n<p>Savons-nous comment nos activit\u00e9s, nos actions et nos r\u00e9sultats m\u00e8neront au changement voulu? Comment concevrons-nous le projet de mani\u00e8re \u00e0 augmenter l\u2019impact collectif?<\/p>\n\n\n<\/div>\n\n\n    <\/div>\n\n\n    <\/div>\n<\/section>\n\n\n\n<section class=\"w-screen px-6 cu-section cu-section--white ml-offset-center md:px-8 lg:px-14\">\n    <div class=\"space-y-6 cu-max-w-child-5xl  md:space-y-10 cu-prose-first-last\">\n\n        \n    <div class=\"grid gap-6 mx-auto my-6 cu-column md:gap-10 md:grid-cols-2 md:my-10 first:mt-0\">\n        \n<div class=\"cu-column-content\">\n    \n\n<p><strong class=\"myprefix-text-bold\"><a href=\"http:\/\/conception-initiale-de-la-recherche\/\"><a href=\"https:\/\/carleton.ca\/cspsc\/processus-et-donnees\/\">\u00c9thique<\/a><\/a><\/strong><\/p>\n\n\n<\/div>\n\n\n<div class=\"cu-column-content\">\n    \n\n<p>Comment assurerons-nous la responsabilit\u00e9, la transparence et la s\u00e9curit\u00e9 de tous les participants \u00e0 la recherche? Savons-nous comment affronter la bureaucratie et qui pourra nous aider \u00e0 le faire?<\/p>\n\n\n<\/div>\n\n\n    <\/div>\n\n\n    <\/div>\n<\/section>\n\n\n\n<section class=\"w-screen px-6 cu-section cu-section--white ml-offset-center md:px-8 lg:px-14\">\n    <div class=\"space-y-6 cu-max-w-child-5xl  md:space-y-10 cu-prose-first-last\">\n\n        \n    <div class=\"grid gap-6 mx-auto my-6 cu-column md:gap-10 md:grid-cols-2 md:my-10 first:mt-0\">\n        \n<div class=\"cu-column-content\">\n    \n\n<p><strong class=\"myprefix-text-bold\"><a href=\"http:\/\/conception-initiale-de-la-recherche\/\"><br>Organisation des donn\u00e9es<\/a><\/strong><\/p>\n\n\n<\/div>\n\n\n<div class=\"cu-column-content\">\n    \n\n<p>Comment organiserons-nous la collecte de donn\u00e9es pour nous assurer que les r\u00e9sultats sont logiques et de haute qualit\u00e9?<br><\/p>\n\n\n<\/div>\n\n\n    <\/div>\n\n\n    <\/div>\n<\/section>\n\n\n\n<section class=\"w-screen px-6 cu-section cu-section--white ml-offset-center md:px-8 lg:px-14\">\n    <div class=\"space-y-6 cu-max-w-child-5xl  md:space-y-10 cu-prose-first-last\">\n\n        \n    <div class=\"grid gap-6 mx-auto my-6 cu-column md:gap-10 md:grid-cols-2 md:my-10 first:mt-0\">\n        \n<div class=\"cu-column-content\">\n    \n\n<p><strong class=\"myprefix-text-bold\"><a href=\"http:\/\/conception-initiale-de-la-recherche\/\"><br><br>Analyse des donn\u00e9es<\/a><\/strong><\/p>\n\n\n<\/div>\n\n\n<div class=\"cu-column-content\">\n    \n\n<p><br>Comment nous assurer que les conclusions ont un sens?<br><\/p>\n\n\n<\/div>\n\n\n    <\/div>\n\n\n    <\/div>\n<\/section>\n\n\n\n<div class=\"wp-block-buttons is-content-justification-center is-layout-flex wp-container-core-buttons-is-layout-16018d1d wp-block-buttons-is-layout-flex\">\n<div class=\"wp-block-button\"><a class=\"wp-block-button__link wp-element-button\" href=\"https:\/\/carleton.ca\/cspsc\/processus-et-donnees\/\">Processus et donn\u00e9es<\/a><\/div>\n<\/div>\n\n\n\n<h2 id=\"resultats-de-recherche\" class=\"wp-block-heading\">R\u00e9sultats de recherche<\/h2>\n\n\n\n<section class=\"w-screen px-6 cu-section cu-section--white ml-offset-center md:px-8 lg:px-14\">\n    <div class=\"space-y-6 cu-max-w-child-5xl  md:space-y-10 cu-prose-first-last\">\n\n        \n    <div class=\"grid gap-6 mx-auto my-6 cu-column md:gap-10 md:grid-cols-2 md:my-10 first:mt-0\">\n        \n<div class=\"cu-column-content\">\n    \n\n<p><strong class=\"myprefix-text-bold\">Sujet<\/strong><\/p>\n\n\n<\/div>\n\n\n<div class=\"cu-column-content\">\n    \n\n<p><strong class=\"myprefix-text-bold\">Questions de d\u00e9veloppement de projet<\/strong><\/p>\n\n\n<\/div>\n\n\n    <\/div>\n\n\n    <\/div>\n<\/section>\n\n\n\n<section class=\"w-screen px-6 cu-section cu-section--white ml-offset-center md:px-8 lg:px-14\">\n    <div class=\"space-y-6 cu-max-w-child-5xl  md:space-y-10 cu-prose-first-last\">\n\n        \n    <div class=\"grid gap-6 mx-auto my-6 cu-column md:gap-10 md:grid-cols-2 md:my-10 first:mt-0\">\n        \n<div class=\"cu-column-content\">\n    \n\n<p><strong class=\"myprefix-text-bold\"><a href=\"http:\/\/conception-initiale-de-la-recherche\/\"><a href=\"https:\/\/carleton.ca\/cspsc\/resultats-de-recherches\/\">Produits<\/a><\/a><\/strong><\/p>\n\n\n<\/div>\n\n\n<div class=\"cu-column-content\">\n    \n\n<p>Savons-nous ce que nous allons produire? Comment nous assurerons-nous que les r\u00e9sultats de notre recherche sont accessibles \u00e0 notre public cible?<\/p>\n\n\n<\/div>\n\n\n    <\/div>\n\n\n    <\/div>\n<\/section>\n\n\n\n<section class=\"w-screen px-6 cu-section cu-section--white ml-offset-center md:px-8 lg:px-14\">\n    <div class=\"space-y-6 cu-max-w-child-5xl  md:space-y-10 cu-prose-first-last\">\n\n        \n    <div class=\"grid gap-6 mx-auto my-6 cu-column md:gap-10 md:grid-cols-2 md:my-10 first:mt-0\">\n        \n<div class=\"cu-column-content\">\n    \n\n<p><strong class=\"myprefix-text-bold\"><a href=\"http:\/\/conception-initiale-de-la-recherche\/\"><a href=\"https:\/\/carleton.ca\/cspsc\/resultats-de-recherches\/\">R\u00e9sultats<\/a><\/a><\/strong><\/p>\n\n\n<\/div>\n\n\n<div class=\"cu-column-content\">\n    \n\n<p><br>Comment saurons-nous ce que nous voulons accomplir?<\/p>\n\n\n<\/div>\n\n\n    <\/div>\n\n\n    <\/div>\n<\/section>\n\n\n\n<section class=\"w-screen px-6 cu-section cu-section--white ml-offset-center md:px-8 lg:px-14\">\n    <div class=\"space-y-6 cu-max-w-child-5xl  md:space-y-10 cu-prose-first-last\">\n\n        \n    <div class=\"grid gap-6 mx-auto my-6 cu-column md:gap-10 md:grid-cols-2 md:my-10 first:mt-0\">\n        \n<div class=\"cu-column-content\">\n    \n\n<p><strong class=\"myprefix-text-bold\"><a href=\"http:\/\/conception-initiale-de-la-recherche\/\">Revue de la litt\u00e9rature<\/a><\/strong><\/p>\n\n\n<\/div>\n\n\n<div class=\"cu-column-content\">\n    \n\n<p>Comment d\u00e9finir le \u00ab succ\u00e8s \u00bb et comment saurons-nous que nous l\u2019avons atteint? Quels indicateurs utiliserons-nous et pourquoi?<\/p>\n\n\n<\/div>\n\n\n    <\/div>\n\n\n    <\/div>\n<\/section>\n\n\n\n<div class=\"wp-block-buttons is-content-justification-center is-layout-flex wp-container-core-buttons-is-layout-16018d1d wp-block-buttons-is-layout-flex\">\n<div class=\"wp-block-button\"><a class=\"wp-block-button__link wp-element-button\" href=\"https:\/\/carleton.ca\/cspsc\/resultats-de-recherches\/\">R\u00e9sultats de recherche<\/a><\/div>\n<\/div>\n\n\n\n<p>&nbsp;<\/p>\n\n\n\n<figure class=\"wp-block-image\"><img loading=\"lazy\" decoding=\"async\" width=\"1116\" height=\"10\" src=\"https:\/\/carleton.ca\/cspsc\/wp-content\/uploads\/sites\/174\/header-research-design.png\" alt=\"Page break - maroon\" class=\"wp-image-1948\" srcset=\"https:\/\/carleton.ca\/cspsc\/wp-content\/uploads\/sites\/174\/header-research-design.png 1116w, https:\/\/carleton.ca\/cspsc\/wp-content\/uploads\/sites\/174\/header-research-design-160x1.png 160w, https:\/\/carleton.ca\/cspsc\/wp-content\/uploads\/sites\/174\/header-research-design-240x2.png 240w, https:\/\/carleton.ca\/cspsc\/wp-content\/uploads\/sites\/174\/header-research-design-768x7.png 768w, https:\/\/carleton.ca\/cspsc\/wp-content\/uploads\/sites\/174\/header-research-design-400x4.png 400w, https:\/\/carleton.ca\/cspsc\/wp-content\/uploads\/sites\/174\/header-research-design-360x3.png 360w\" sizes=\"auto, (max-width: 1116px) 100vw, 1116px\" \/><\/figure>\n\n\n\n<p>&nbsp;<\/p>\n\n\n\n<p>&nbsp;<\/p>\n\n\n\n<figure class=\"wp-block-image\"><a href=\"https:\/\/carleton.ca\/cspsc\/outil-de-recherche-communautaire\/\"><img loading=\"lazy\" decoding=\"async\" width=\"1365\" height=\"455\" src=\"https:\/\/carleton.ca\/cspsc\/wp-content\/uploads\/sites\/174\/navigation-button-smaller-french-researchdesign2.png\" alt=\"Button - &quot;Retourner a l'index principal&quot;\" class=\"wp-image-2185\" srcset=\"https:\/\/carleton.ca\/cspsc\/wp-content\/uploads\/sites\/174\/navigation-button-smaller-french-researchdesign2.png 1365w, https:\/\/carleton.ca\/cspsc\/wp-content\/uploads\/sites\/174\/navigation-button-smaller-french-researchdesign2-160x53.png 160w, https:\/\/carleton.ca\/cspsc\/wp-content\/uploads\/sites\/174\/navigation-button-smaller-french-researchdesign2-240x80.png 240w, https:\/\/carleton.ca\/cspsc\/wp-content\/uploads\/sites\/174\/navigation-button-smaller-french-researchdesign2-768x256.png 768w, https:\/\/carleton.ca\/cspsc\/wp-content\/uploads\/sites\/174\/navigation-button-smaller-french-researchdesign2-400x133.png 400w, https:\/\/carleton.ca\/cspsc\/wp-content\/uploads\/sites\/174\/navigation-button-smaller-french-researchdesign2-360x120.png 360w\" sizes=\"auto, (max-width: 1365px) 100vw, 1365px\" \/><\/a><\/figure>\n\n\n\n<figure class=\"wp-block-image\"><img loading=\"lazy\" decoding=\"async\" width=\"2036\" height=\"455\" src=\"https:\/\/carleton.ca\/cspsc\/wp-content\/uploads\/sites\/174\/LEAVE-US-FEEDBACK-cropped-french.png\" alt=\"Button - &quot;Laissez-nous des commentaires&quot;\" class=\"wp-image-2118\" srcset=\"https:\/\/carleton.ca\/cspsc\/wp-content\/uploads\/sites\/174\/LEAVE-US-FEEDBACK-cropped-french.png 2036w, https:\/\/carleton.ca\/cspsc\/wp-content\/uploads\/sites\/174\/LEAVE-US-FEEDBACK-cropped-french-160x36.png 160w, https:\/\/carleton.ca\/cspsc\/wp-content\/uploads\/sites\/174\/LEAVE-US-FEEDBACK-cropped-french-240x54.png 240w, https:\/\/carleton.ca\/cspsc\/wp-content\/uploads\/sites\/174\/LEAVE-US-FEEDBACK-cropped-french-768x172.png 768w, https:\/\/carleton.ca\/cspsc\/wp-content\/uploads\/sites\/174\/LEAVE-US-FEEDBACK-cropped-french-400x89.png 400w, https:\/\/carleton.ca\/cspsc\/wp-content\/uploads\/sites\/174\/LEAVE-US-FEEDBACK-cropped-french-1536x343.png 1536w, https:\/\/carleton.ca\/cspsc\/wp-content\/uploads\/sites\/174\/LEAVE-US-FEEDBACK-cropped-french-360x80.png 360w\" sizes=\"auto, (max-width: 2036px) 100vw, 2036px\" \/><\/figure>\n\n\n\n<figure class=\"wp-block-image\"><a href=\"https:\/\/carleton.ca\/cspsc\/apres-la-recherche\/\"><img loading=\"lazy\" decoding=\"async\" width=\"1116\" height=\"455\" src=\"https:\/\/carleton.ca\/cspsc\/wp-content\/uploads\/sites\/174\/next-section-planification-french-1.png\" alt=\"Button - &quot;Prochaine Section: Apres la recherche&quot;\" class=\"wp-image-2187\" srcset=\"https:\/\/carleton.ca\/cspsc\/wp-content\/uploads\/sites\/174\/next-section-planification-french-1.png 1116w, https:\/\/carleton.ca\/cspsc\/wp-content\/uploads\/sites\/174\/next-section-planification-french-1-160x65.png 160w, https:\/\/carleton.ca\/cspsc\/wp-content\/uploads\/sites\/174\/next-section-planification-french-1-240x98.png 240w, https:\/\/carleton.ca\/cspsc\/wp-content\/uploads\/sites\/174\/next-section-planification-french-1-768x313.png 768w, https:\/\/carleton.ca\/cspsc\/wp-content\/uploads\/sites\/174\/next-section-planification-french-1-400x163.png 400w, https:\/\/carleton.ca\/cspsc\/wp-content\/uploads\/sites\/174\/next-section-planification-french-1-360x147.png 360w\" sizes=\"auto, (max-width: 1116px) 100vw, 1116px\" \/><\/a><\/figure>\n\n\n\n<p>&nbsp;&nbsp; &nbsp; <\/p>\n\n\n\n<p>&nbsp;<\/p>\n\n\n\n<p>&nbsp;<\/p>\n\n\n\n<p>&nbsp;<\/p>\n\n\n\n<p>&nbsp;<\/p>\n","protected":false},"excerpt":{"rendered":"<p>&nbsp; Conception initiale de la recherche Processus et donn\u00e9es R\u00e9sultats de recherche &nbsp; &nbsp; &nbsp; &nbsp;&nbsp; &nbsp; &nbsp; &nbsp; &nbsp; &nbsp;<\/p>\n","protected":false},"author":2,"featured_media":0,"parent":0,"menu_order":0,"comment_status":"closed","ping_status":"closed","template":"","meta":{"_acf_changed":false,"_cu_dining_location_slug":"","footnotes":"","_links_to":"","_links_to_target":""},"cu_page_type":[],"class_list":["post-799","page","type-page","status-publish","hentry"],"acf":{"cu_post_thumbnail":""},"_links":{"self":[{"href":"https:\/\/carleton.ca\/cspsc\/wp-json\/wp\/v2\/pages\/799","targetHints":{"allow":["GET"]}}],"collection":[{"href":"https:\/\/carleton.ca\/cspsc\/wp-json\/wp\/v2\/pages"}],"about":[{"href":"https:\/\/carleton.ca\/cspsc\/wp-json\/wp\/v2\/types\/page"}],"author":[{"embeddable":true,"href":"https:\/\/carleton.ca\/cspsc\/wp-json\/wp\/v2\/users\/2"}],"replies":[{"embeddable":true,"href":"https:\/\/carleton.ca\/cspsc\/wp-json\/wp\/v2\/comments?post=799"}],"version-history":[{"count":4,"href":"https:\/\/carleton.ca\/cspsc\/wp-json\/wp\/v2\/pages\/799\/revisions"}],"predecessor-version":[{"id":3060,"href":"https:\/\/carleton.ca\/cspsc\/wp-json\/wp\/v2\/pages\/799\/revisions\/3060"}],"wp:attachment":[{"href":"https:\/\/carleton.ca\/cspsc\/wp-json\/wp\/v2\/media?parent=799"}],"wp:term":[{"taxonomy":"cu_page_type","embeddable":true,"href":"https:\/\/carleton.ca\/cspsc\/wp-json\/wp\/v2\/cu_page_type?post=799"}],"curies":[{"name":"wp","href":"https:\/\/api.w.org\/{rel}","templated":true}]}}