{"id":63,"date":"2011-01-18T10:54:29","date_gmt":"2011-01-18T14:54:29","guid":{"rendered":"http:\/\/carleton.ca\/ctca\/"},"modified":"2019-04-22T12:22:22","modified_gmt":"2019-04-22T16:22:22","slug":"version-francaise","status":"publish","type":"page","link":"https:\/\/carleton.ca\/ctca\/version-francaise\/","title":{"rendered":"Version fran\u00e7aise OLD"},"content":{"rendered":"<h3>Introduction<\/h3>\n<p>Malgr\u00e9 la forme de plus en plus transnationale de l&#8217;interaction, de la transmission et de la formation culturelles, ainsi que notre sensibilisation accrue \u00e0 l&#8217;interconnectivit\u00e9 historique des cultures, il reste un mod\u00e8le national d&#8217;analyse culturelle que l&#8217;on ne peut d\u00e9loger des sciences humaines. La recherche et l&#8217;enseignement des sciences humaines sont tous les deux fa\u00e7onn\u00e9s par des divisions institutionnelles fond\u00e9es sur des rep\u00e8res nationaux. Le but du Centre est de cr\u00e9er un cadre institutionnel qui encourage un mode d&#8217;enseignement et de recherche qui d\u00e9passe ce genre de fronti\u00e8re.<\/p>\n<p>Les ph\u00e9nom\u00e8nes transnationaux tels que la migration, l&#8217;exil, la traduction, le nationalisme ethnique, les voyages et les routes de commerce attirent depuis quelque temps les chercheurs en sciences humaines. Ces mod\u00e8les d&#8217;interaction sociale influent sur la production culturelle dans plusieurs domaines (litt\u00e9rature, cin\u00e9ma, arts et th\u00e9\u00e2tre). Afin d&#8217;\u00e9tudier cette production, il faut cr\u00e9er de nouveaux contextes institutionnels qui refl\u00e9teront les caract\u00e9ristiques transnationales de ces objets culturels.<\/p>\n<p>\u00c0 l&#8217;heure actuelle, la pr\u00e9dominance de termes comme &#8221; cosmopolitisme &#8220;, &#8221; transculturalisme &#8220;, &#8221; postcolonialisme &#8220;, &#8221; diaspora &#8221; et &#8221; mondialisation &#8221; indique une tentative d&#8217;aborder ce ph\u00e9nom\u00e8ne qui diverge du mod\u00e8le national. Les recherches dans ce domaine donnent un aper\u00e7u th\u00e9orique de la culture, non pas comme objet limit\u00e9, mais plut\u00f4t comme processus d&#8217;interaction continu et dynamique qui ne respecte pas n\u00e9cessairement les fronti\u00e8res nationales. En se fondant sur ce travail, le Centre consolidera les r\u00e9sultats de ces recherches tout en constituant un forum permettant d&#8217;exposer de nouveaux mod\u00e8les d&#8217;analyses culturelles transnationales.<\/p>\n<p>Le Centre fera valoir et explorera les fa\u00e7ons dont les caract\u00e9ristiques multiculturelles et multilingues du mode de vie au Canada stimulent l&#8217;\u00e9laboration de points de vue canadiens sur ces enjeux de pertinence mondiale. \u00c0 cet \u00e9gard, l&#8217;Universit\u00e9 Carleton fournira un contexte important au Centre. Ottawa est embl\u00e9matique de l&#8217;appui du gouvernement f\u00e9d\u00e9ral pour un discours multiculturel qui fa\u00e7onne les travaux transnationalux au Canada, ce qui en fait l&#8217;endroit par excellence pour ce Centre. De plus, comme le D\u00e9partement d&#8217;\u00e9tudes canadiennes et l&#8217;Institut des \u00e9tudes comparatives en art, en litt\u00e9rature et en culture sont d\u00e9j\u00e0 en place, Carleton d\u00e9montre son engagement envers les recherches interdisciplinaires. Le Centre s&#8217;appuiera sur ces forces tout en \u00e9largissant le profil de recherches de Carleton tant au Canada qu&#8217;\u00e0 l&#8217;\u00e9tranger.<\/p>\n<p>Le CACT est subventionn\u00e9 par le Bureau du doyen, Facult\u00e9 des arts et des sciences sociales, Universit\u00e9 Carleton.<\/p>\n<p>Centre d&#8217;analyse culturelle transnationale<br \/>\nCourriel : <a href=\"mail&#116;&#111;&#58;&#99;&#116;&#99;&#97;&#x40;&#x63;&#x61;&#x72;&#x6c;&#x65;&#x74;&#x6f;&#x6e;&#46;ca\">&#x63;&#116;c&#x61;&#64;c&#x61;&#114;l&#x65;&#116;o&#x6e;&#46;c&#x61;<\/a><\/p>\n","protected":false},"excerpt":{"rendered":"<p>Introduction Malgr\u00e9 la forme de plus en plus transnationale de l&#8217;interaction, de la transmission et de la formation culturelles, ainsi que notre sensibilisation accrue \u00e0 l&#8217;interconnectivit\u00e9 historique des cultures, il reste un mod\u00e8le national d&#8217;analyse culturelle que l&#8217;on ne peut d\u00e9loger des sciences humaines. La recherche et l&#8217;enseignement des sciences humaines sont tous les deux [&hellip;]<\/p>\n","protected":false},"author":3,"featured_media":0,"parent":0,"menu_order":0,"comment_status":"open","ping_status":"open","template":"","meta":{"_relevanssi_hide_post":"","_relevanssi_hide_content":"","_relevanssi_pin_for_all":"","_relevanssi_pin_keywords":"","_relevanssi_unpin_keywords":"","_relevanssi_related_keywords":"","_relevanssi_related_include_ids":"","_relevanssi_related_exclude_ids":"","_relevanssi_related_no_append":"","_relevanssi_related_not_related":"","_relevanssi_related_posts":"","_relevanssi_noindex_reason":"","_mi_skip_tracking":false,"_exactmetrics_sitenote_active":false,"_exactmetrics_sitenote_note":"","_exactmetrics_sitenote_category":0,"footnotes":"","_links_to":"","_links_to_target":""},"yoast_head":"<!-- This site is optimized with the Yoast SEO plugin v21.2 - https:\/\/yoast.com\/wordpress\/plugins\/seo\/ -->\n<title>Version fran\u00e7aise OLD - Centre for Transnational Cultural Analysis (CTCA)<\/title>\n<meta name=\"description\" content=\"Introduction Malgr\u00e9 la forme de plus en plus transnationale de l&#039;interaction, de la transmission et de la formation culturelles, ainsi que notre\" \/>\n<meta name=\"robots\" content=\"index, follow, max-snippet:-1, max-image-preview:large, max-video-preview:-1\" \/>\n<link rel=\"canonical\" href=\"https:\/\/carleton.ca\/ctca\/version-francaise\/\" \/>\n<meta name=\"twitter:label1\" content=\"Est. reading time\" \/>\n\t<meta name=\"twitter:data1\" content=\"2 minutes\" \/>\n<script type=\"application\/ld+json\" class=\"yoast-schema-graph\">{\"@context\":\"https:\/\/schema.org\",\"@graph\":[{\"@type\":\"WebPage\",\"@id\":\"https:\/\/carleton.ca\/ctca\/version-francaise\/\",\"url\":\"https:\/\/carleton.ca\/ctca\/version-francaise\/\",\"name\":\"Version fran\u00e7aise OLD - Centre for Transnational Cultural Analysis (CTCA)\",\"isPartOf\":{\"@id\":\"https:\/\/carleton.ca\/ctca\/#website\"},\"datePublished\":\"2011-01-18T14:54:29+00:00\",\"dateModified\":\"2019-04-22T16:22:22+00:00\",\"description\":\"Introduction Malgr\u00e9 la forme de plus en plus transnationale de l'interaction, de la transmission et de la formation culturelles, ainsi que notre\",\"breadcrumb\":{\"@id\":\"https:\/\/carleton.ca\/ctca\/version-francaise\/#breadcrumb\"},\"inLanguage\":\"en-US\",\"potentialAction\":[{\"@type\":\"ReadAction\",\"target\":[\"https:\/\/carleton.ca\/ctca\/version-francaise\/\"]}]},{\"@type\":\"BreadcrumbList\",\"@id\":\"https:\/\/carleton.ca\/ctca\/version-francaise\/#breadcrumb\",\"itemListElement\":[{\"@type\":\"ListItem\",\"position\":1,\"name\":\"Home\",\"item\":\"https:\/\/carleton.ca\/ctca\/\"},{\"@type\":\"ListItem\",\"position\":2,\"name\":\"Version fran\u00e7aise OLD\"}]},{\"@type\":\"WebSite\",\"@id\":\"https:\/\/carleton.ca\/ctca\/#website\",\"url\":\"https:\/\/carleton.ca\/ctca\/\",\"name\":\"Centre for Transnational Cultural Analysis (CTCA)\",\"description\":\"Carleton University\",\"potentialAction\":[{\"@type\":\"SearchAction\",\"target\":{\"@type\":\"EntryPoint\",\"urlTemplate\":\"https:\/\/carleton.ca\/ctca\/?s={search_term_string}\"},\"query-input\":\"required name=search_term_string\"}],\"inLanguage\":\"en-US\"}]}<\/script>\n<!-- \/ Yoast SEO plugin. -->","yoast_head_json":{"title":"Version fran\u00e7aise OLD - Centre for Transnational Cultural Analysis (CTCA)","description":"Introduction Malgr\u00e9 la forme de plus en plus transnationale de l'interaction, de la transmission et de la formation culturelles, ainsi que notre","robots":{"index":"index","follow":"follow","max-snippet":"max-snippet:-1","max-image-preview":"max-image-preview:large","max-video-preview":"max-video-preview:-1"},"canonical":"https:\/\/carleton.ca\/ctca\/version-francaise\/","twitter_misc":{"Est. reading time":"2 minutes"},"schema":{"@context":"https:\/\/schema.org","@graph":[{"@type":"WebPage","@id":"https:\/\/carleton.ca\/ctca\/version-francaise\/","url":"https:\/\/carleton.ca\/ctca\/version-francaise\/","name":"Version fran\u00e7aise OLD - Centre for Transnational Cultural Analysis (CTCA)","isPartOf":{"@id":"https:\/\/carleton.ca\/ctca\/#website"},"datePublished":"2011-01-18T14:54:29+00:00","dateModified":"2019-04-22T16:22:22+00:00","description":"Introduction Malgr\u00e9 la forme de plus en plus transnationale de l'interaction, de la transmission et de la formation culturelles, ainsi que notre","breadcrumb":{"@id":"https:\/\/carleton.ca\/ctca\/version-francaise\/#breadcrumb"},"inLanguage":"en-US","potentialAction":[{"@type":"ReadAction","target":["https:\/\/carleton.ca\/ctca\/version-francaise\/"]}]},{"@type":"BreadcrumbList","@id":"https:\/\/carleton.ca\/ctca\/version-francaise\/#breadcrumb","itemListElement":[{"@type":"ListItem","position":1,"name":"Home","item":"https:\/\/carleton.ca\/ctca\/"},{"@type":"ListItem","position":2,"name":"Version fran\u00e7aise OLD"}]},{"@type":"WebSite","@id":"https:\/\/carleton.ca\/ctca\/#website","url":"https:\/\/carleton.ca\/ctca\/","name":"Centre for Transnational Cultural Analysis (CTCA)","description":"Carleton University","potentialAction":[{"@type":"SearchAction","target":{"@type":"EntryPoint","urlTemplate":"https:\/\/carleton.ca\/ctca\/?s={search_term_string}"},"query-input":"required name=search_term_string"}],"inLanguage":"en-US"}]}},"acf":{"banner_image_type":"none","banner_button":"no"},"_links":{"self":[{"href":"https:\/\/carleton.ca\/ctca\/wp-json\/wp\/v2\/pages\/63"}],"collection":[{"href":"https:\/\/carleton.ca\/ctca\/wp-json\/wp\/v2\/pages"}],"about":[{"href":"https:\/\/carleton.ca\/ctca\/wp-json\/wp\/v2\/types\/page"}],"author":[{"embeddable":true,"href":"https:\/\/carleton.ca\/ctca\/wp-json\/wp\/v2\/users\/3"}],"replies":[{"embeddable":true,"href":"https:\/\/carleton.ca\/ctca\/wp-json\/wp\/v2\/comments?post=63"}],"version-history":[{"count":2,"href":"https:\/\/carleton.ca\/ctca\/wp-json\/wp\/v2\/pages\/63\/revisions"}],"predecessor-version":[{"id":1122,"href":"https:\/\/carleton.ca\/ctca\/wp-json\/wp\/v2\/pages\/63\/revisions\/1122"}],"wp:attachment":[{"href":"https:\/\/carleton.ca\/ctca\/wp-json\/wp\/v2\/media?parent=63"}],"curies":[{"name":"wp","href":"https:\/\/api.w.org\/{rel}","templated":true}]}}