{"id":69,"date":"2011-01-18T10:56:54","date_gmt":"2011-01-18T14:56:54","guid":{"rendered":"http:\/\/carleton.ca\/ctca\/"},"modified":"2019-04-22T12:23:45","modified_gmt":"2019-04-22T16:23:45","slug":"conseil-consultatif","status":"publish","type":"page","link":"https:\/\/carleton.ca\/ctca\/version-francaise\/conseil-consultatif\/","title":{"rendered":"Conseil consultatif OLD"},"content":{"rendered":"<p><strong>Comit\u00e9 consultatif:<\/strong><\/p>\n<ul>\n<li>Chris Faulkner (\u00c9tudes cin\u00e9matographiques\/M\u00e9diations culturelles)<\/li>\n<li>Ruth Phillips (Histoire de l&#8217;art\/MC\/CRC)<\/li>\n<li>Lise Pacquet, Doyenne associ\u00e9e \u00e0 la recherche, Facult\u00e9 des arts et sciences sociales<\/li>\n<li>Melinda Mollineaux, agente de programme, Section des arts visuels, Conseil du Canada<\/li>\n<li>Sukeshi Kamra (Anglais)<\/li>\n<li>Alvina Ruprecht (Fran\u00e7ais)<\/li>\n<li>Winfried Siemerling (English Language &amp; Literature, University of Waterloo)<\/li>\n<li>et membres fondateurs (Ming Tiampo, Catherine Khordoc et Sarah Casteel)<\/li>\n<\/ul>\n<p><strong>Chercheurs associ\u00e9s:<\/strong><\/p>\n<ul>\n<li>Pius Adesamni (English)<\/li>\n<li>Siobhain Bly Calkin (English)<\/li>\n<li>Marie Carri\u00e8re (French, University of Alberta, Center for Canadian Literature, Director )<\/li>\n<li>Gordon Davis (Philosophy)<\/li>\n<li>Jeanine Debann\u00e9 (Architecture)<\/li>\n<li>Charles Doutrelepont (French)<\/li>\n<li>Jay Drydyk (Philosophy)<\/li>\n<li>Christine Duff (French)<\/li>\n<li>Daniel Castillo Durante (Lettres Fran\u00e7aises, University of Ottawa)<\/li>\n<li>Pascal Gin (French)<\/li>\n<li>Patrick Imbert (French, University of Ottawa)<\/li>\n<li>Celina Jeffrey (Fine Arts, University of Ottawa)<\/li>\n<li>Alice Jim (Art History, Concordia)<\/li>\n<li>Brian Johnson (English)<\/li>\n<li>Marie-Odile Junker (French \/ Cognitive Science \/ SLALS)<\/li>\n<li>Karim Karim (Journalism)<\/li>\n<li>Eva Mackey (Canadian Studies)<\/li>\n<li>Charmaine Nelson (Art History and Communication Studies, McGill)<\/li>\n<li>Donna Patrick (Canadian Studies\/Anthropology)<\/li>\n<li>Zuzana Pick (Film Studies)<\/li>\n<li>Claire Roberge (Communications, McGill Universtiy)<\/li>\n<li>Daniel Rosenblatt (Anthropology)<\/li>\n<li>Allan Ryan (Canadian Studies\/New Sun Chair)<\/li>\n<li>Pat Smart (French)<\/li>\n<li>Paul Th\u00e9berge (Music)<\/li>\n<li>Jean-Jacques Van Vlasselaer (French)<\/li>\n<li>Brenda Carr Vellino (English)<\/li>\n<li>Mitsuyo Wada-Marciano (Film Studies)<\/li>\n<\/ul>\n<p>*Unless otherwise indicated, members are faculty at Carleton University.<\/p>\n<p>Centre d&#8217;analyse culturelle transnationale<br \/>\nCourriel : <a href=\"&#109;&#x61;&#x69;l&#116;&#x6f;&#x3a;c&#116;&#x63;a&#64;&#x63;&#x61;r&#108;&#x65;t&#111;&#x6e;&#x2e;c&#97;\">c&#116;&#x63;&#x61;&#x40;c&#97;&#114;&#x6c;&#x65;t&#111;&#110;&#x2e;&#x63;a<\/a><\/p>\n","protected":false},"excerpt":{"rendered":"<p>Comit\u00e9 consultatif: Chris Faulkner (\u00c9tudes cin\u00e9matographiques\/M\u00e9diations culturelles) Ruth Phillips (Histoire de l&#8217;art\/MC\/CRC) Lise Pacquet, Doyenne associ\u00e9e \u00e0 la recherche, Facult\u00e9 des arts et sciences sociales Melinda Mollineaux, agente de programme, Section des arts visuels, Conseil du Canada Sukeshi Kamra (Anglais) Alvina Ruprecht (Fran\u00e7ais) Winfried Siemerling (English Language &amp; Literature, University of Waterloo) et membres fondateurs [&hellip;]<\/p>\n","protected":false},"author":3,"featured_media":0,"parent":63,"menu_order":0,"comment_status":"open","ping_status":"open","template":"","meta":{"_relevanssi_hide_post":"","_relevanssi_hide_content":"","_relevanssi_pin_for_all":"","_relevanssi_pin_keywords":"","_relevanssi_unpin_keywords":"","_relevanssi_related_keywords":"","_relevanssi_related_include_ids":"","_relevanssi_related_exclude_ids":"","_relevanssi_related_no_append":"","_relevanssi_related_not_related":"","_relevanssi_related_posts":"","_relevanssi_noindex_reason":"","_mi_skip_tracking":false,"_exactmetrics_sitenote_active":false,"_exactmetrics_sitenote_note":"","_exactmetrics_sitenote_category":0,"footnotes":"","_links_to":"","_links_to_target":""},"yoast_head":"<!-- This site is optimized with the Yoast SEO plugin v21.2 - https:\/\/yoast.com\/wordpress\/plugins\/seo\/ -->\n<title>Conseil consultatif OLD - Centre for Transnational Cultural Analysis (CTCA)<\/title>\n<meta name=\"description\" content=\"Comit\u00e9 consultatif: Chris Faulkner (\u00c9tudes cin\u00e9matographiques\/M\u00e9diations culturelles) Ruth Phillips (Histoire de l&#039;art\/MC\/CRC) Lise Pacquet, Doyenne\" \/>\n<meta name=\"robots\" content=\"index, follow, max-snippet:-1, max-image-preview:large, max-video-preview:-1\" \/>\n<link rel=\"canonical\" href=\"https:\/\/carleton.ca\/ctca\/version-francaise\/conseil-consultatif\/\" \/>\n<meta name=\"twitter:label1\" content=\"Est. reading time\" \/>\n\t<meta name=\"twitter:data1\" content=\"1 minute\" \/>\n<script type=\"application\/ld+json\" class=\"yoast-schema-graph\">{\"@context\":\"https:\/\/schema.org\",\"@graph\":[{\"@type\":\"WebPage\",\"@id\":\"https:\/\/carleton.ca\/ctca\/version-francaise\/conseil-consultatif\/\",\"url\":\"https:\/\/carleton.ca\/ctca\/version-francaise\/conseil-consultatif\/\",\"name\":\"Conseil consultatif OLD - Centre for Transnational Cultural Analysis (CTCA)\",\"isPartOf\":{\"@id\":\"https:\/\/carleton.ca\/ctca\/#website\"},\"datePublished\":\"2011-01-18T14:56:54+00:00\",\"dateModified\":\"2019-04-22T16:23:45+00:00\",\"description\":\"Comit\u00e9 consultatif: Chris Faulkner (\u00c9tudes cin\u00e9matographiques\/M\u00e9diations culturelles) Ruth Phillips (Histoire de l'art\/MC\/CRC) Lise Pacquet, Doyenne\",\"breadcrumb\":{\"@id\":\"https:\/\/carleton.ca\/ctca\/version-francaise\/conseil-consultatif\/#breadcrumb\"},\"inLanguage\":\"en-US\",\"potentialAction\":[{\"@type\":\"ReadAction\",\"target\":[\"https:\/\/carleton.ca\/ctca\/version-francaise\/conseil-consultatif\/\"]}]},{\"@type\":\"BreadcrumbList\",\"@id\":\"https:\/\/carleton.ca\/ctca\/version-francaise\/conseil-consultatif\/#breadcrumb\",\"itemListElement\":[{\"@type\":\"ListItem\",\"position\":1,\"name\":\"Home\",\"item\":\"https:\/\/carleton.ca\/ctca\/\"},{\"@type\":\"ListItem\",\"position\":2,\"name\":\"Version fran\u00e7aise OLD\",\"item\":\"https:\/\/carleton.ca\/ctca\/version-francaise\/\"},{\"@type\":\"ListItem\",\"position\":3,\"name\":\"Conseil consultatif OLD\"}]},{\"@type\":\"WebSite\",\"@id\":\"https:\/\/carleton.ca\/ctca\/#website\",\"url\":\"https:\/\/carleton.ca\/ctca\/\",\"name\":\"Centre for Transnational Cultural Analysis (CTCA)\",\"description\":\"Carleton University\",\"potentialAction\":[{\"@type\":\"SearchAction\",\"target\":{\"@type\":\"EntryPoint\",\"urlTemplate\":\"https:\/\/carleton.ca\/ctca\/?s={search_term_string}\"},\"query-input\":\"required name=search_term_string\"}],\"inLanguage\":\"en-US\"}]}<\/script>\n<!-- \/ Yoast SEO plugin. -->","yoast_head_json":{"title":"Conseil consultatif OLD - Centre for Transnational Cultural Analysis (CTCA)","description":"Comit\u00e9 consultatif: Chris Faulkner (\u00c9tudes cin\u00e9matographiques\/M\u00e9diations culturelles) Ruth Phillips (Histoire de l'art\/MC\/CRC) Lise Pacquet, Doyenne","robots":{"index":"index","follow":"follow","max-snippet":"max-snippet:-1","max-image-preview":"max-image-preview:large","max-video-preview":"max-video-preview:-1"},"canonical":"https:\/\/carleton.ca\/ctca\/version-francaise\/conseil-consultatif\/","twitter_misc":{"Est. reading time":"1 minute"},"schema":{"@context":"https:\/\/schema.org","@graph":[{"@type":"WebPage","@id":"https:\/\/carleton.ca\/ctca\/version-francaise\/conseil-consultatif\/","url":"https:\/\/carleton.ca\/ctca\/version-francaise\/conseil-consultatif\/","name":"Conseil consultatif OLD - Centre for Transnational Cultural Analysis (CTCA)","isPartOf":{"@id":"https:\/\/carleton.ca\/ctca\/#website"},"datePublished":"2011-01-18T14:56:54+00:00","dateModified":"2019-04-22T16:23:45+00:00","description":"Comit\u00e9 consultatif: Chris Faulkner (\u00c9tudes cin\u00e9matographiques\/M\u00e9diations culturelles) Ruth Phillips (Histoire de l'art\/MC\/CRC) Lise Pacquet, Doyenne","breadcrumb":{"@id":"https:\/\/carleton.ca\/ctca\/version-francaise\/conseil-consultatif\/#breadcrumb"},"inLanguage":"en-US","potentialAction":[{"@type":"ReadAction","target":["https:\/\/carleton.ca\/ctca\/version-francaise\/conseil-consultatif\/"]}]},{"@type":"BreadcrumbList","@id":"https:\/\/carleton.ca\/ctca\/version-francaise\/conseil-consultatif\/#breadcrumb","itemListElement":[{"@type":"ListItem","position":1,"name":"Home","item":"https:\/\/carleton.ca\/ctca\/"},{"@type":"ListItem","position":2,"name":"Version fran\u00e7aise OLD","item":"https:\/\/carleton.ca\/ctca\/version-francaise\/"},{"@type":"ListItem","position":3,"name":"Conseil consultatif OLD"}]},{"@type":"WebSite","@id":"https:\/\/carleton.ca\/ctca\/#website","url":"https:\/\/carleton.ca\/ctca\/","name":"Centre for Transnational Cultural Analysis (CTCA)","description":"Carleton University","potentialAction":[{"@type":"SearchAction","target":{"@type":"EntryPoint","urlTemplate":"https:\/\/carleton.ca\/ctca\/?s={search_term_string}"},"query-input":"required name=search_term_string"}],"inLanguage":"en-US"}]}},"acf":{"banner_image_type":"none","banner_button":"no"},"_links":{"self":[{"href":"https:\/\/carleton.ca\/ctca\/wp-json\/wp\/v2\/pages\/69"}],"collection":[{"href":"https:\/\/carleton.ca\/ctca\/wp-json\/wp\/v2\/pages"}],"about":[{"href":"https:\/\/carleton.ca\/ctca\/wp-json\/wp\/v2\/types\/page"}],"author":[{"embeddable":true,"href":"https:\/\/carleton.ca\/ctca\/wp-json\/wp\/v2\/users\/3"}],"replies":[{"embeddable":true,"href":"https:\/\/carleton.ca\/ctca\/wp-json\/wp\/v2\/comments?post=69"}],"version-history":[{"count":4,"href":"https:\/\/carleton.ca\/ctca\/wp-json\/wp\/v2\/pages\/69\/revisions"}],"predecessor-version":[{"id":1124,"href":"https:\/\/carleton.ca\/ctca\/wp-json\/wp\/v2\/pages\/69\/revisions\/1124"}],"up":[{"embeddable":true,"href":"https:\/\/carleton.ca\/ctca\/wp-json\/wp\/v2\/pages\/63"}],"wp:attachment":[{"href":"https:\/\/carleton.ca\/ctca\/wp-json\/wp\/v2\/media?parent=69"}],"curies":[{"name":"wp","href":"https:\/\/api.w.org\/{rel}","templated":true}]}}