{"id":150,"date":"2010-02-22T11:37:28","date_gmt":"2010-02-22T15:37:28","guid":{"rendered":"http:\/\/carleton.ca\/icslac\/?page_id=150"},"modified":"2025-08-14T16:38:14","modified_gmt":"2025-08-14T20:38:14","slug":"faculty","status":"publish","type":"page","link":"https:\/\/carleton.ca\/culturalmediations\/faculty\/","title":{"rendered":"Faculty"},"content":{"rendered":"<p>In addition to an\u00a0intellectual background in at least one established discipline, faculty members for the program in Cultural Mediations carry on work that reaches beyond\u00a0traditional boundaries, through research, publications and teaching. All are cross-appointed with ICSLAC. The links below point to their individual profile in their respective home department.<\/p>\n<table class=\"cutable copy\" style=\"width: 100%; height: 1150px;\">\n<tbody>\n<tr style=\"height: 24px;\">\n<td style=\"width: 99.3692%; height: 24px;\" colspan=\"2\"><strong>Professors<\/strong><\/td>\n<\/tr>\n<tr style=\"height: 24px;\">\n<td style=\"width: 48.6597%; height: 24px;\"><a href=\"https:\/\/carleton.ca\/english\/people\/casteel-sarah\/\">Sarah Casteel<\/a> (ICSLAC\/English\/African Studies)<\/td>\n<td style=\"width: 50.7095%; height: 24px;\"><a href=\"http:\/\/carleton.ca\/english\/faculty\/leckie-barbara\/\" target=\"_blank\" rel=\"noopener noreferrer\">Barbara Leckie<\/a> (ICSLAC\/English)<\/td>\n<\/tr>\n<tr style=\"height: 24px;\">\n<td style=\"width: 48.6597%; height: 24px;\"><a href=\"https:\/\/carleton.ca\/french\/people\/sebastien-cote\/\" target=\"_blank\" rel=\"noopener noreferrer\">S\u00e9bastien C\u00f4t\u00e9<\/a> (ICSLAC\/French)<\/td>\n<td style=\"width: 50.7095%; height: 24px;\"><a href=\"http:\/\/carleton.ca\/english\/faculty\/medd-jodie\/\" target=\"_blank\" rel=\"noopener noreferrer\">Jodie Medd<\/a> (ICSLAC\/English\/Feminist Institute of Social Transformation)<\/td>\n<\/tr>\n<tr style=\"height: 24px;\">\n<td style=\"width: 48.6597%; height: 24px;\"><\/td>\n<td style=\"width: 50.7095%; height: 24px;\"><a href=\"https:\/\/carleton.ca\/english\/people\/stuart-murray\/\">Stuart Murray<\/a> (ICSLAC\/English\/Health Sciences)<\/td>\n<\/tr>\n<tr style=\"height: 23px;\">\n<td style=\"width: 48.6597%; height: 23px;\"><a href=\"http:\/\/carleton.ca\/music\/faculty-listing\/echard-william\/\" target=\"_blank\" rel=\"noopener noreferrer\">William Echard<\/a> (ICSLAC\/Music)<\/td>\n<td style=\"width: 50.7095%; height: 23px;\"><a href=\"http:\/\/carleton.ca\/english\/faculty\/nudelman-franny\/\" target=\"_blank\" rel=\"noopener noreferrer\">Franny Nudelman<\/a> (ICSLAC\/English)<\/td>\n<\/tr>\n<tr style=\"height: 24px;\">\n<td style=\"width: 48.6597%; height: 24px;\"><a href=\"https:\/\/carleton.ca\/architecture\/people-archives\/stephen-fai\/\" target=\"_blank\" rel=\"noopener noreferrer\">Stephen Fai <\/a>(ICSLAC\/Architecture)<\/td>\n<td style=\"width: 50.7095%; height: 24px;\"><a href=\"https:\/\/carleton.ca\/arthistory\/people\/payne-carol\/\" target=\"_blank\" rel=\"noopener noreferrer\">Carol Payne<\/a> (ICSLAC\/Art History)<\/td>\n<\/tr>\n<tr style=\"height: 24px;\">\n<td style=\"width: 48.6597%; height: 24px;\"><a href=\"https:\/\/carleton.ca\/aah\/people\/mitchell-frank\/\" target=\"_blank\" rel=\"noopener noreferrer\">Mitchell Frank<\/a> (ICSLAC\/Art History)<\/td>\n<td style=\"width: 50.7095%; height: 24px;\"><a href=\"https:\/\/carleton.ca\/arthistory\/people\/carmen-robertson\/\" target=\"_blank\" rel=\"noopener noreferrer\">Carmen Robertson\u00a0<\/a>(ICSLAC\/Art History\/Can Studies)<\/td>\n<\/tr>\n<tr style=\"height: 24px;\">\n<td style=\"width: 48.6597%; height: 24px;\"><a href=\"http:\/\/carleton.ca\/filmstudies\/full-time-faculty\/furstenau-marc\/\">Marc Furstenau<\/a> (ICSLAC\/Film Studies)<\/td>\n<td style=\"width: 50.7095%; height: 24px;\"><a href=\"https:\/\/carleton.ca\/slals\/people\/sheyholislami-jaffer\/\" target=\"_blank\" rel=\"noopener noreferrer\">Jaffer Sheyholislami<\/a> (ICSLAC\/ALDS)<\/td>\n<\/tr>\n<tr style=\"height: 24px;\">\n<td style=\"width: 48.6597%; height: 24px;\"><a href=\"https:\/\/carleton.ca\/filmstudies\/people\/laura-horak\/\" target=\"_blank\" rel=\"noopener noreferrer\">Laura Horak<\/a> (ICSLAC\/Film Studies\/PJWGS\/SJC)<\/td>\n<td style=\"width: 50.7095%; height: 24px;\"><a href=\"http:\/\/carleton.ca\/music\/faculty-listing\/stewart-jesse\/\" target=\"_blank\" rel=\"noopener noreferrer\">Jesse Stewart<\/a> (ICSLAC\/Music)<\/td>\n<\/tr>\n<tr style=\"height: 24px;\">\n<td style=\"width: 48.6597%; height: 26px;\"><a href=\"https:\/\/carleton.ca\/filmstudies\/people\/gunnar-iversen\/\" target=\"_blank\" rel=\"noopener noreferrer\">Gunnar Iversen<\/a> (ICSLAC\/Film Studies)<\/td>\n<td style=\"width: 50.7095%; height: 26px;\"><a href=\"http:\/\/carleton.ca\/music\/faculty-listing\/theberge-paul\/\" target=\"_blank\" rel=\"noopener noreferrer\">Paul Th\u00e9berge<\/a> (ICSLAC\/Music)<\/td>\n<\/tr>\n<tr style=\"height: 24px;\">\n<td style=\"width: 48.6597%; height: 24px;\"><a href=\"http:\/\/carleton.ca\/english\/faculty\/keen-paul\/\" target=\"_blank\" rel=\"noopener noreferrer\">Paul Keen<\/a> (ICSLAC\/English)<\/td>\n<td style=\"width: 50.7095%; height: 24px;\"><a href=\"http:\/\/carleton.ca\/arthistory\/people\/tiampo-ming\" target=\"_blank\" rel=\"noopener noreferrer\">Ming Tiampo<\/a> (ICSLAC\/Art History)<\/td>\n<\/tr>\n<tr style=\"height: 24px;\">\n<td style=\"width: 48.6597%; height: 24px;\"><a href=\"http:\/\/carleton.ca\/french\/people\/catherine-khordoc\/\" target=\"_blank\" rel=\"noopener noreferrer\">Catherine Khordoc<\/a> (ICSLAC\/French\/SICS)<\/td>\n<td style=\"width: 50.7095%; height: 24px;\"><a href=\"https:\/\/carleton.ca\/music\/people\/ellen-waterman\/\">Ellen Waterman<\/a> (ICSLAC\/Music)<\/td>\n<\/tr>\n<tr style=\"height: 24px;\">\n<td style=\"width: 48.6597%; height: 24px;\"><\/td>\n<td style=\"width: 50.7095%; height: 24px;\"><\/td>\n<\/tr>\n<tr style=\"height: 23px;\">\n<td style=\"width: 48.6597%; height: 23px;\"><\/td>\n<td style=\"width: 50.7095%; height: 23px;\"><\/td>\n<\/tr>\n<tr style=\"height: 23px;\">\n<td style=\"width: 99.3692%; height: 23px;\" colspan=\"2\"><strong>\u00a0<\/strong><\/td>\n<\/tr>\n<tr style=\"height: 24px;\">\n<td style=\"height: 24px; width: 99.3692%;\" colspan=\"2\"><strong>Associate Professors<\/strong><\/td>\n<\/tr>\n<tr style=\"height: 23px;\">\n<td style=\"width: 48.6597%; height: 23px;\"><a href=\"https:\/\/carleton.ca\/filmstudies\/people\/aubrey-anable\/\" target=\"_blank\" rel=\"noopener noreferrer\">Aubrey Anable<\/a>\u00a0(ICSLAC\/Film Studies)<\/td>\n<td style=\"width: 50.7095%; height: 23px;\"><a href=\"https:\/\/carleton.ca\/law\/people\/kaisary-philip\/\" target=\"_blank\" rel=\"noopener noreferrer\">Philip Kaisary<\/a>\u00a0(ICSLAC\/Law\/English)<\/td>\n<\/tr>\n<tr style=\"height: 23px;\">\n<td style=\"width: 48.6597%; height: 27px;\"><a href=\"https:\/\/carleton.ca\/arthistory\/people\/carrick-jill\/\">Jill Carrick<\/a> (ICSLAC\/Art History)<\/td>\n<td style=\"width: 50.7095%; height: 27px;\"><a href=\"https:\/\/carleton.ca\/iis\/people\/monica-patterson\/\" target=\"_blank\" rel=\"noopener noreferrer\">Monica Patterson<\/a> (ICSLAC\/IIS\/Anthropology\/History\/African Studies)<\/td>\n<\/tr>\n<tr style=\"height: 24px;\">\n<td style=\"width: 48.6597%; height: 24px;\"><a href=\"https:\/\/carleton.ca\/french\/people\/christine-duff\/\" target=\"_blank\" rel=\"noopener noreferrer\">Christine Duff<\/a> (ICSLAC\/French)<\/td>\n<td style=\"width: 50.7095%; height: 24px;\"><a href=\"https:\/\/carleton.ca\/music\/people\/carolyn-ramzy\/\" target=\"_blank\" rel=\"noopener noreferrer\">Carolyn Ramzy<\/a> (ICSLAC\/Music\/African Studies)<\/td>\n<\/tr>\n<tr style=\"height: 24px;\">\n<td style=\"width: 48.6597%; height: 24px;\"><a href=\"http:\/\/carleton.ca\/canadianstudies\/people\/jerzy-jurek-elzanowski\/\" target=\"_blank\" rel=\"noopener noreferrer\">Jerzy Elzanowski<\/a>\u00a0(ICSLAC\/SICS)<\/td>\n<td style=\"width: 50.7095%; height: 24px;\"><a href=\"https:\/\/carleton.ca\/filmstudies\/people\/sanogo-aboubakar\/\">Aboubakar Sanogo<\/a> (ICSLAC\/Film Studies\/African Studies)<\/td>\n<\/tr>\n<tr style=\"height: 24px;\">\n<td style=\"width: 48.6597%; height: 24px;\"><a href=\"https:\/\/carleton.ca\/french\/people\/pascal-gin\/\" target=\"_blank\" rel=\"noopener noreferrer\">Pascal Gin<\/a> (ICSLAC\/French)<\/td>\n<td style=\"width: 50.7095%; height: 24px;\"><a href=\"https:\/\/carleton.ca\/iis\/people\/rebecca-schein\/\" target=\"_blank\" rel=\"noopener noreferrer\">Rebecca Schein<\/a> (ICSLAC\/IIS\/Sociology &amp; Anthropology)<\/td>\n<\/tr>\n<tr style=\"height: 24px;\">\n<td style=\"width: 48.6597%; height: 24px;\"><a href=\"http:\/\/carleton.ca\/english\/faculty\/greenspan-brian\/\" target=\"_blank\" rel=\"noopener noreferrer\">Brian Greenspan <\/a>(ICSLAC\/English)<\/td>\n<td style=\"width: 50.7095%; height: 24px;\"><a href=\"https:\/\/carleton.ca\/bgins\/people\/candace-sobers\/\" target=\"_blank\" rel=\"noopener noreferrer\">Candace Sobers<\/a> (ICSLAC\/BGINS\/History\/African Studies)<\/td>\n<\/tr>\n<tr style=\"height: 24px;\">\n<td style=\"width: 48.6597%; height: 24px;\"><a href=\"https:\/\/carleton.ca\/filmstudies\/people\/malini-guha\/\" target=\"_blank\" rel=\"noopener noreferrer\">Malini Guha<\/a>\u00a0(ICSLAC\/Film Studies)<\/td>\n<td style=\"width: 50.7095%; height: 24px;\"><a href=\"http:\/\/carleton.ca\/communication\/people\/wagman-ira\" target=\"_blank\" rel=\"noopener noreferrer\">Ira Wagman<\/a> (ICSLAC\/Communication Studies)<\/td>\n<\/tr>\n<tr style=\"height: 24px;\">\n<td style=\"width: 48.6597%; height: 24px;\"><a href=\"http:\/\/carleton.ca\/canadianstudies\/facultystaff-listing\/faculty\/hodgins-peter\/\" target=\"_blank\" rel=\"noopener noreferrer\">Peter Hodgins<\/a> (ICSLAC\/SICS)<\/td>\n<td style=\"width: 50.7095%; height: 24px;\"><a href=\"https:\/\/carleton.ca\/arthistory\/people\/michael-windover\/\" target=\"_blank\" rel=\"noopener noreferrer\">Michael Windover<\/a> (ICSLAC\/Art History)<\/td>\n<\/tr>\n<tr style=\"height: 24px;\">\n<td style=\"width: 48.6597%; height: 24px;\"><a href=\"https:\/\/carleton.ca\/arthistory\/people\/birgit-hopfener\/\" target=\"_blank\" rel=\"noopener noreferrer\">Birgit Hopfener<\/a> (ICSLAC\/Art History)<\/td>\n<td style=\"width: 50.7095%; height: 24px;\"><\/td>\n<\/tr>\n<tr style=\"height: 24px;\">\n<td style=\"width: 48.6597%; height: 24px;\"><\/td>\n<td style=\"width: 50.7095%; height: 24px;\"><\/td>\n<\/tr>\n<tr style=\"height: 24px;\">\n<td style=\"width: 48.6597%; height: 24px;\"><\/td>\n<td style=\"width: 50.7095%; height: 24px;\"><\/td>\n<\/tr>\n<tr style=\"height: 24px;\">\n<td style=\"height: 24px; width: 99.3692%;\" colspan=\"2\"><strong>Assistant Professors<\/strong><\/td>\n<\/tr>\n<tr style=\"height: 24px;\">\n<td style=\"width: 48.6597%; height: 24px;\"><a href=\"https:\/\/carleton.ca\/arthistory\/people\/roy-stephane\/\">St\u00e9phane Roy<\/a> (ICSLAC\/Art History)<\/td>\n<td style=\"width: 50.7095%; height: 24px;\"><\/td>\n<\/tr>\n<tr style=\"height: 24px;\">\n<td style=\"width: 48.6597%; height: 24px;\"><\/td>\n<td style=\"width: 50.7095%; height: 24px;\"><\/td>\n<\/tr>\n<tr style=\"height: 24px;\">\n<td style=\"height: 24px; width: 48.6597%;\"><strong>Adjunct Professors<\/strong><\/td>\n<td style=\"width: 50.7095%; height: 24px;\"><\/td>\n<\/tr>\n<tr style=\"height: 24px;\">\n<td style=\"width: 48.6597%; height: 24px;\"><a href=\"&#x6d;&#x61;&#x69;&#x6c;&#x74;&#x6f;&#x3a;&#x54;&#111;&#109;&#46;&#69;&#118;&#101;&#114;rett&#x40;&#x43;&#x61;&#x72;&#x6c;&#x65;&#x74;&#x6f;&#x6e;&#46;&#99;&#97;\">Thomas Everrett<\/a>, Canada Science &amp; Technology Museum<\/td>\n<td style=\"width: 50.7095%; height: 24px;\"><a href=\"&#x6d;&#x61;&#x69;&#x6c;&#x74;&#x6f;&#x3a;&#x53;&#104;&#101;&#105;&#108;&#97;&#46;&#71;rune&#x72;&#x40;&#x43;&#x61;&#x72;&#x6c;&#x65;&#x74;&#x6f;&#110;&#46;&#99;&#97;\">Sheila Gruner<\/a>, Algoma University<\/td>\n<\/tr>\n<tr style=\"height: 24px;\">\n<td style=\"width: 48.6597%; height: 24px;\"><\/td>\n<td style=\"width: 50.7095%; height: 24px;\"><\/td>\n<\/tr>\n<tr style=\"height: 23px;\">\n<td style=\"width: 48.6597%; height: 23px;\"><\/td>\n<td style=\"width: 50.7095%; height: 23px;\"><\/td>\n<\/tr>\n<tr style=\"height: 24px;\">\n<td style=\"width: 48.6597%; height: 24px;\"><strong>Distinguished Research Professor<\/strong><\/td>\n<td style=\"width: 50.7095%; height: 24px;\"><strong>Adjunct Research Professor<\/strong><\/td>\n<\/tr>\n<tr style=\"height: 24px;\">\n<td style=\"width: 48.6597%; height: 24px;\">Christopher Faulkner (ICSLAC\/Film Studies)<\/td>\n<td style=\"width: 50.7095%; height: 24px;\"><a href=\"https:\/\/carleton.ca\/arthistory\/people\/stepheninglis\/\">Stephen Inglis<\/a> (ICSLAC\/Art History)<\/td>\n<\/tr>\n<tr style=\"height: 24px;\">\n<td style=\"width: 48.6597%; height: 24px;\"><\/td>\n<td style=\"width: 50.7095%; height: 24px;\"><\/td>\n<\/tr>\n<tr style=\"height: 24px;\">\n<td style=\"height: 24px; width: 48.6597%;\"><strong>Chancellor&#8217;s Professor Emeritus<\/strong><\/td>\n<td style=\"width: 50.7095%; height: 24px;\"><strong>Chancellor&#8217;s Professor<br \/>\n<\/strong><\/td>\n<\/tr>\n<tr style=\"height: 24px;\">\n<td style=\"height: 24px; width: 48.6597%;\" align=\"left\" valign=\"top\"><!-- InstanceBeginEditable name=\"prof1\" --> <a href=\"http:\/\/carleton.ca\/music\/faculty-listing\/shepherd-john-2\/\" target=\"_blank\" rel=\"noopener noreferrer\">John Shepherd<\/a> (ICSLAC\/Music and Sociology)<\/td>\n<td style=\"width: 50.7095%; height: 24px;\"><a href=\"http:\/\/carleton.ca\/arthistory\/people\/foss-brian\/\" target=\"_blank\" rel=\"noopener noreferrer\">Brian Foss<\/a> (ICSLAC\/Art History)<\/td>\n<\/tr>\n<tr style=\"height: 24px;\">\n<td style=\"width: 48.6597%; height: 24px;\"><strong>\u00a0<\/strong><\/td>\n<td style=\"width: 50.7095%; height: 24px;\"><a href=\"https:\/\/carleton.ca\/sjc\/profile\/karim-karim-h\/\" target=\"_blank\" rel=\"noopener noreferrer\">Karim Karim<\/a>\u00a0(ICSLAC\/Communication\/Journalism)<\/td>\n<\/tr>\n<tr style=\"height: 23px;\">\n<td style=\"height: 23px; width: 99.3692%;\" colspan=\"2\"><strong>\u00a0<\/strong><\/td>\n<\/tr>\n<tr style=\"height: 24px;\">\n<td style=\"height: 24px; width: 99.3692%;\" colspan=\"2\"><strong>Emeriti<\/strong><\/td>\n<\/tr>\n<tr style=\"height: 24px;\">\n<td style=\"width: 48.6597%; height: 24px;\"><a href=\"https:\/\/carleton.ca\/history\/cu-people\/david-dean\/\">David Dean<\/a> (ICSLAC\/History)<\/td>\n<td style=\"width: 50.7095%; height: 24px;\"><a href=\"http:\/\/carleton.ca\/arthistory\/stafffaculty-listing\/phillips-ruth\/\" target=\"_blank\" rel=\"noopener noreferrer\">Ruth Phillips <\/a>(ICSLAC\/Art History)<\/td>\n<\/tr>\n<tr style=\"height: 24px;\">\n<td style=\"width: 48.6597%; height: 24px;\">M.A. Giella<\/td>\n<td style=\"width: 50.7095%; height: 24px;\"><a href=\"http:\/\/carleton.ca\/filmstudies\/full-time-faculty\/pick-zuzana\/\" target=\"_blank\" rel=\"noopener noreferrer\">Zuzana Pick<\/a> (ICSLAC\/Film Studies)<\/td>\n<\/tr>\n<tr style=\"height: 24px;\">\n<td style=\"width: 48.6597%; height: 24px;\">R.L Jackson<\/td>\n<td style=\"width: 50.7095%; height: 24px;\">R. Polzin<\/td>\n<\/tr>\n<tr style=\"height: 24px;\">\n<td style=\"width: 48.6597%; height: 24px;\">Jos\u00e9 Jurado<\/td>\n<td style=\"width: 50.7095%; height: 24px;\">P. Roster<\/td>\n<\/tr>\n<tr style=\"height: 24px;\">\n<td style=\"width: 48.6597%; height: 24px;\">Mark Salber Phillips (ICLSAC\/History)<\/td>\n<td style=\"width: 50.7095%; height: 24px;\">A.T Tolley<\/td>\n<\/tr>\n<tr style=\"height: 23px;\">\n<td style=\"width: 48.6597%; height: 23px;\"><\/td>\n<td style=\"width: 50.7095%; height: 23px;\"><\/td>\n<\/tr>\n<\/tbody>\n<\/table>\n<p><\/p>\n","protected":false},"excerpt":{"rendered":"<p>In addition to an\u00a0intellectual background in at least one established discipline, faculty members for the program in Cultural Mediations carry on work that reaches beyond\u00a0traditional boundaries, through research, publications and teaching. All are cross-appointed with ICSLAC. The links below point to their individual profile in their respective home department. Professors Sarah Casteel (ICSLAC\/English\/African Studies) Barbara [&hellip;]<\/p>\n","protected":false},"author":3,"featured_media":0,"parent":0,"menu_order":5,"comment_status":"closed","ping_status":"closed","template":"","meta":{"_relevanssi_hide_post":"","_relevanssi_hide_content":"","_relevanssi_pin_for_all":"","_relevanssi_pin_keywords":"","_relevanssi_unpin_keywords":"","_relevanssi_related_keywords":"","_relevanssi_related_include_ids":"","_relevanssi_related_exclude_ids":"","_relevanssi_related_no_append":"","_relevanssi_related_not_related":"","_relevanssi_related_posts":"","_relevanssi_noindex_reason":"","_mi_skip_tracking":false,"_exactmetrics_sitenote_active":false,"_exactmetrics_sitenote_note":"","_exactmetrics_sitenote_category":0,"footnotes":"","_links_to":"","_links_to_target":""},"yoast_head":"<!-- This site is optimized with the Yoast SEO plugin v21.2 - https:\/\/yoast.com\/wordpress\/plugins\/seo\/ -->\n<title>Faculty - Cultural Mediations<\/title>\n<meta name=\"description\" content=\"Faculty - Cultural Mediations, Carleton University,ICSLAC,professor,teaching\" \/>\n<meta name=\"robots\" content=\"index, follow, max-snippet:-1, max-image-preview:large, max-video-preview:-1\" \/>\n<link rel=\"canonical\" href=\"https:\/\/carleton.ca\/culturalmediations\/faculty\/\" \/>\n<meta name=\"twitter:label1\" content=\"Est. reading time\" \/>\n\t<meta name=\"twitter:data1\" content=\"2 minutes\" \/>\n<script type=\"application\/ld+json\" class=\"yoast-schema-graph\">{\"@context\":\"https:\/\/schema.org\",\"@graph\":[{\"@type\":\"WebPage\",\"@id\":\"https:\/\/carleton.ca\/culturalmediations\/faculty\/\",\"url\":\"https:\/\/carleton.ca\/culturalmediations\/faculty\/\",\"name\":\"Faculty - Cultural Mediations\",\"isPartOf\":{\"@id\":\"https:\/\/carleton.ca\/culturalmediations\/#website\"},\"datePublished\":\"2010-02-22T15:37:28+00:00\",\"dateModified\":\"2025-08-14T20:38:14+00:00\",\"description\":\"Faculty - Cultural Mediations, Carleton University,ICSLAC,professor,teaching\",\"breadcrumb\":{\"@id\":\"https:\/\/carleton.ca\/culturalmediations\/faculty\/#breadcrumb\"},\"inLanguage\":\"en-US\",\"potentialAction\":[{\"@type\":\"ReadAction\",\"target\":[\"https:\/\/carleton.ca\/culturalmediations\/faculty\/\"]}]},{\"@type\":\"BreadcrumbList\",\"@id\":\"https:\/\/carleton.ca\/culturalmediations\/faculty\/#breadcrumb\",\"itemListElement\":[{\"@type\":\"ListItem\",\"position\":1,\"name\":\"Home\",\"item\":\"https:\/\/carleton.ca\/culturalmediations\/\"},{\"@type\":\"ListItem\",\"position\":2,\"name\":\"Faculty\"}]},{\"@type\":\"WebSite\",\"@id\":\"https:\/\/carleton.ca\/culturalmediations\/#website\",\"url\":\"https:\/\/carleton.ca\/culturalmediations\/\",\"name\":\"Cultural Mediations\",\"description\":\"Carleton University\",\"potentialAction\":[{\"@type\":\"SearchAction\",\"target\":{\"@type\":\"EntryPoint\",\"urlTemplate\":\"https:\/\/carleton.ca\/culturalmediations\/?s={search_term_string}\"},\"query-input\":\"required name=search_term_string\"}],\"inLanguage\":\"en-US\"}]}<\/script>\n<!-- \/ Yoast SEO plugin. -->","yoast_head_json":{"title":"Faculty - Cultural Mediations","description":"Faculty - Cultural Mediations, Carleton University,ICSLAC,professor,teaching","robots":{"index":"index","follow":"follow","max-snippet":"max-snippet:-1","max-image-preview":"max-image-preview:large","max-video-preview":"max-video-preview:-1"},"canonical":"https:\/\/carleton.ca\/culturalmediations\/faculty\/","twitter_misc":{"Est. reading time":"2 minutes"},"schema":{"@context":"https:\/\/schema.org","@graph":[{"@type":"WebPage","@id":"https:\/\/carleton.ca\/culturalmediations\/faculty\/","url":"https:\/\/carleton.ca\/culturalmediations\/faculty\/","name":"Faculty - Cultural Mediations","isPartOf":{"@id":"https:\/\/carleton.ca\/culturalmediations\/#website"},"datePublished":"2010-02-22T15:37:28+00:00","dateModified":"2025-08-14T20:38:14+00:00","description":"Faculty - Cultural Mediations, Carleton University,ICSLAC,professor,teaching","breadcrumb":{"@id":"https:\/\/carleton.ca\/culturalmediations\/faculty\/#breadcrumb"},"inLanguage":"en-US","potentialAction":[{"@type":"ReadAction","target":["https:\/\/carleton.ca\/culturalmediations\/faculty\/"]}]},{"@type":"BreadcrumbList","@id":"https:\/\/carleton.ca\/culturalmediations\/faculty\/#breadcrumb","itemListElement":[{"@type":"ListItem","position":1,"name":"Home","item":"https:\/\/carleton.ca\/culturalmediations\/"},{"@type":"ListItem","position":2,"name":"Faculty"}]},{"@type":"WebSite","@id":"https:\/\/carleton.ca\/culturalmediations\/#website","url":"https:\/\/carleton.ca\/culturalmediations\/","name":"Cultural Mediations","description":"Carleton University","potentialAction":[{"@type":"SearchAction","target":{"@type":"EntryPoint","urlTemplate":"https:\/\/carleton.ca\/culturalmediations\/?s={search_term_string}"},"query-input":"required name=search_term_string"}],"inLanguage":"en-US"}]}},"acf":{"banner_image_type":"none","banner_button":"no"},"_links":{"self":[{"href":"https:\/\/carleton.ca\/culturalmediations\/wp-json\/wp\/v2\/pages\/150"}],"collection":[{"href":"https:\/\/carleton.ca\/culturalmediations\/wp-json\/wp\/v2\/pages"}],"about":[{"href":"https:\/\/carleton.ca\/culturalmediations\/wp-json\/wp\/v2\/types\/page"}],"author":[{"embeddable":true,"href":"https:\/\/carleton.ca\/culturalmediations\/wp-json\/wp\/v2\/users\/3"}],"replies":[{"embeddable":true,"href":"https:\/\/carleton.ca\/culturalmediations\/wp-json\/wp\/v2\/comments?post=150"}],"version-history":[{"count":7,"href":"https:\/\/carleton.ca\/culturalmediations\/wp-json\/wp\/v2\/pages\/150\/revisions"}],"predecessor-version":[{"id":7025,"href":"https:\/\/carleton.ca\/culturalmediations\/wp-json\/wp\/v2\/pages\/150\/revisions\/7025"}],"wp:attachment":[{"href":"https:\/\/carleton.ca\/culturalmediations\/wp-json\/wp\/v2\/media?parent=150"}],"curies":[{"name":"wp","href":"https:\/\/api.w.org\/{rel}","templated":true}]}}