{"id":3302,"date":"2019-01-01T14:14:01","date_gmt":"2019-01-01T19:14:01","guid":{"rendered":"https:\/\/carleton.ca\/culturalmediations\/?page_id=3302"},"modified":"2020-06-03T11:12:23","modified_gmt":"2020-06-03T15:12:23","slug":"2019-2020-courses","status":"publish","type":"page","link":"https:\/\/carleton.ca\/culturalmediations\/current-students\/courses\/2019-2020-courses\/","title":{"rendered":"Courses 2019-2020"},"content":{"rendered":"<p><strong>Course Listings for the Academic Year 2019-2020<\/strong><\/p>\n<p><em>Please note: students are responsible for ensuring\u00a0that your selected courses meet the program requirements stated in the Calendar. If, however, you feel that you need additional information or guidance please contact us.<\/em><\/p>\n<h3>Fall Courses<\/h3>\n<p><strong>\u00a0<\/strong><strong>CLMD 6101T: Perspectives on Interdisciplinarity in Cultural Theory<\/strong><br \/>\n<strong>Instructor:\u00a0<\/strong><u><a href=\"https:\/\/carleton.ca\/french\/people\/pascal-gin\/\" target=\"_blank\" rel=\"noopener noreferrer\">Pascal Gin<\/a><\/u><\/p>\n<p>This course will address the theory and practice of interdisciplinary studies of culture. Attention will be paid to those themes and issues in cultural theory of the twentieth and twenty-first centuries that inform contemporary interdisciplinary work in literature, film, music, art and new media. This course is continued in the second semester.<\/p>\n<p><strong>CLMD 6102F\/CDNS 5003: Transnationalism and Transculturation<\/strong><br \/>\n<strong>Instructor:\u00a0<\/strong>\u00a0<a href=\"https:\/\/carleton.ca\/french\/people\/catherine-khordoc\/\" target=\"_blank\" rel=\"noopener noreferrer\">Catherine Khordoc <\/a><\/p>\n<p>Transnationalism and transculturation are terms that are often used in cultural and literary studies. Are they interchangeable? How are they different? Through a variety of readings, and case studies (mostly literary, but also cinematographic), we\u2019ll consider how these terms may be used productively to discuss and analyse contemporary cultural\/literary works. We will also take into account how related concepts and movements such as World Literature, postcolonialism, creolization, and translation studies intersect with transnationalism and transculturation.\u00a0 Students will be encouraged to relate these terms and concepts to their own research interests.We will be reading a selection of Canadian and Qu\u00e9b\u00e9cois works of literature. Qu\u00e9b\u00e9cois texts will be available in translation.<\/p>\n<p><strong>CLMD 6105F\/CDNS 5301A\/DIGH5902G: Issues in the Technologies of Culture- <em>Technology and Empire<\/em><\/strong><br \/>\n<strong>Instructor:\u00a0<\/strong><u><a href=\"https:\/\/carleton.ca\/sics\/people\/hodgins-peter\/\" target=\"_blank\" rel=\"noopener noreferrer\">Peter Hodgins<\/a><\/u><\/p>\n<p>Questions of technology and empire were central to the first three decades of the Canadian Studies research agenda (1965-95). The bulk of that research circled around the centrality of communications and transportations technologies in (a) the history of the spread of settler colonialism from the St. Lawrence basin to the western and northern fringes of what came to be known as \u201cCanada\u201d and in (b) the process by which those same technologies have ironically also led to the purported \u201cAmericanization\u201d of Canada. Over the last two decades, however, the rise of identity politics\/the politics of recognition have shifted scholarly focus to questions of representation such that even the newer work on settler colonialism tends to ignore the technological factors in the expansion of empire. At the same time as this shift towards representation occurred in cultural and postcolonial studies, new, far more sophisticated models of technology and power inspired by the work of thinkers like Michel Foucault, Donna Haraway and Bruno Latour have emerged.\u00a0 At the same time, a new generation of artists, coders and scholars have been exploring the ways in which technology can potentially undo empire.\u00a0 In this course, we will read the \u201cclassic\u201d Canadian theories of technology and empire and critically assess their ongoing relevance in light of these new theories and new technological and artistic practices.<\/p>\n<p><strong>CLMD 6106F\/CDNS 5401: Issues in History and Culture-\u00a0<em>The Heritage of Heritage Concepts<\/em><\/strong><br \/>\n<strong>Instructor: <a href=\"https:\/\/carleton.ca\/sics\/people\/jerzy-jurek-elzanowski\/\">Jerzy (Jurek) Elzanowski<\/a><\/strong><\/p>\n<p>While heritage conservation is a highly specialized field, formalized around local, national, and transnational legal and social frameworks (enacted by governments, professional advisory groups, interest groups, and non-profits), there is little agreement across disciplines as to the meanings and implications of the two constitutive terms.\u00a0 \u2018Heritage\u2019 and \u2018conservation\u2019 prove ambiguous when considered from the vantage point of different disciplines, languages, and knowledge systems.\u00a0 This seminar focuses on the polysemic interpretations and uses of key concepts related to heritage\u2014the heritage of heritage terminology\u2014looking closely at how different concepts have been embedded in the field, and how they have changed meaning over time in response to political, ideological, and disciplinary expectations.\u00a0 Through a collaborative study of the past and present lives of terms such as memory, value, authenticity, and significance, the seminar aims to (re)position normative notions in heritage and conservation, concurrently developing the tools to research and practice ethically, collaboratively, and experimentally across disciplines.<\/p>\n<p><\/p>\n<p><strong>CLMD 6902F\/ARTH 5112F\/ANTH 5807A Special Topics: <em>Multiple Modernisms: 20<sup>th<\/sup>\u00a0Century Arts in Global Perspective\u00a0<\/em><\/strong><br \/>\n<strong>Instructor:\u00a0<\/strong>\u00a0<a href=\"https:\/\/carleton.ca\/arthistory\/people\/phillips-ruth\/\" target=\"_blank\" rel=\"noopener noreferrer\">Ruth Phillips<\/a><\/p>\n<p>This seminar explores the global engagements with artistic modernism pursued by artists outside the West during the twentieth century. Its comparative structure is intended to reveal both common patterns that inform world modernisms and unique features that reflect local experiences and negotiations of modernity.\u00a0 By adopting a global framework we will expand the times and places of modernist artistic production and problematize art historical narratives which define it as an exclusively European invention of the first half of the twentieth century.\u00a0 Readings will centre on the visual arts of colonized and Indigenous societies in North America, Africa, India and the Pacific.<\/p>\n<p><\/p>\n<p><strong>CLMD 6903F\/MUSI 5200F Special Topics: <em>Ecologies of Music and Sound in Canada<\/em> <\/strong><br \/>\n<strong>Instructor:\u00a0<\/strong>\u00a0<a href=\"https:\/\/carleton.ca\/music\/people\/ellen-waterman\/\">Ellen Waterman<\/a><\/p>\n<p>This course offers a situated look at the complexities of ecologies of music and sound\u2014Canadian artists, scenes, and institutions\u2014in terms of the entanglement of people, processes, more-than-human entities and things. It provides an introduction to a variety of approaches to theorizing ecology, music and sound with particular attention to scholarship in acoustic ecology, acoustemology, and ecomusicology. Work by Canadian scholars and practitioners is well represented. We will examine theories of ecology, agency, and subjectivity drawn from new materialism, science and technology studies, and anthropology including intersectional and indigenous approaches. We will articulate these diverse theories with case studies in Canadian music and sound including artistic works and practices, institutions, and spaces\/places.<\/p>\n<p><strong>CLMD 6900T: Research and Professional Development-\u00a0<em>\u201cInterdisciplinary Research Methods\u201d<\/em><\/strong><br \/>\n<strong>Instructor:\u00a0<\/strong><a href=\"https:\/\/carleton.ca\/music\/people\/theberge-paul\/\" target=\"_blank\" rel=\"noopener noreferrer\">Paul Th\u00e9berge<\/a><\/p>\n<p>Students prepare for their second comprehensive examination and to write and defend the doctoral dissertation successfully. Practices of academic publishing, conference presentations and academic articles; grant writing, ethical conduct in research and private and public sector employment opportunities.<\/p>\n<hr \/>\n<h3>Winter Courses<\/h3>\n<p><strong>CLMD 6101T: Perspectives on Interdisciplinarity in Cultural Theory<\/strong><br \/>\n<strong>Instructor:\u00a0<\/strong><u><a href=\"https:\/\/carleton.ca\/arthistory\/people\/birgit-hopfener\/\" target=\"_blank\" rel=\"noopener noreferrer\">Birgit Hopfener<\/a><\/u><\/p>\n<p>This course is a continuation of CLMD 6101 in the first semester.<\/p>\n<p>It addresses key theories and practices who have challenged or questioned the canon or Euro-American cultural theory. Attention will be paid to those themes and issues in cultural theory of the twentieth and twenty-first centuries that inform contemporary interdisciplinary work in visual art and other artistic genres. The material we address is organized thematically. Among others attention will be paid to discourses and practices of publics and publicness, critical contemporaneity, critical historiography, post-colonial theory, transnational\/transcultural subjectivity, media critique, gender and queerness, \u201ctraveling concepts\u201d and contextual comparison, the relationship between aesthetics and politics.<\/p>\n<p><\/p>\n<p><strong>CLMD 6103W\/ARTH 5112W\/CDNS 5003A: Issues of Cultural Mediation and Representation- <\/strong><em><strong>Defining Beauty: Towards Indigenous Aesthetics<\/strong><\/em><br \/>\n<strong>Instructor: <\/strong><a href=\"https:\/\/carleton.ca\/arthistory\/people\/carmen-robertson\/\" target=\"_blank\" rel=\"noopener noreferrer\">Carmen Robertson<\/a><\/p>\n<p>Indigenous aesthetics emerge from deep considerations of cultural epistemologies and ontologies with regard to contemporary Indigenous arts. Abstract theoretical concepts interact with particular Indigenous communities, languages, and cultural practices. In this course we will together develop new understandings of how to consider aesthetics through Indigenous perspectives. Through a series of interdisciplinary readings, observations, and oral narratives, notions of Indigenous aesthetics in relation to contemporary and traditional art expressions will be addressed. The outcomes of research in this course will be a combination of oral and written assignments that focus on building concepts related to Indigenous aesthetics.<\/p>\n<p><\/p>\n<p><strong>CLMD 6104W\/ENGL 5610W: \u00a0Issues in Cultural Politics: <\/strong><em><strong>U.S. Documentary after 1945<\/strong><\/em><br \/>\n<strong>Instructor:\u00a0<\/strong><a href=\"https:\/\/carleton.ca\/english\/people\/nudelman-franny\/\" target=\"_blank\" rel=\"noopener noreferrer\">Franny Nudelman<\/a><\/p>\n<p>In the aftermath of the Second World War, filmmakers, photographers, writers, and performers grappled with violence that was unprecedented in scale; in the decades that followed, documentarians continued to respond to the unanticipated and often incomprehensible crises of their age, and, in the process, created new forms of documentary expression. In this course, we will examine innovations in the field of documentary culture after 1945, including a commitment to activist intervention, immersive technique, and the spoken word. We will take an expansive view of the field, considering a range of documentary texts in relation to documentary practices (interviews, testimony, investigative travel) that produced them. How were the methods and aims of documentarians transformed by changing social conditions, new technologies, and alternative forms of collectivity? Throughout, we will explore the power of documentary to respond to catastrophic events and uncharted social conditions as they unfold.<\/p>\n<p><\/p>\n<p><strong>CLMD 6104Y\/ENGL5900Z\/LAWS5903W: \u00a0Issues in Cultural Politics: <\/strong><em><strong>Law, Modernity and its Discontents<\/strong><\/em><br \/>\n<strong>Instructor:\u00a0<\/strong><a href=\"https:\/\/carleton.ca\/law\/people\/kaisary-philip\/\">Philip Kaisary<\/a><\/p>\n<p>This course considers theorizations and aesthetic reconfigurations of repression and individual fulfillment under modernity. Vectors of repression to be considered may include institutions, race, gender, technology, and industrial and post-industrial capitalism. Art and aesthetics, the discipline of the body, and subcultures will be considered in response as modes of subjectivization or self-actualization. Drawing on a diverse corpus of materials, including film, literature, and critical theory (Frankfurt School), our methodological approach will be comparative, contextual, and interdisciplinary.<\/p>\n<p><\/p>\n<p><strong>CLMD 6105W\/DIGH5902W\/MUSI5008W: Issues in the Technologies of Culture: <em>Technologies of Image, Sound and Music<\/em><\/strong><br \/>\n<strong>Instructor:\u00a0<\/strong><a href=\"https:\/\/research.carleton.ca\/profile\/paul-theberge\/\" target=\"_blank\" rel=\"noopener noreferrer\">Paul Th\u00e9berge<\/a><\/p>\n<p>The course is initially framed by a broad understanding of technology as cultural and social practice; issues discussed include technology and its relationship to science, philosophy, objective\/subjective knowledge, economy and ideology.\u00a0 The course then turns to a consideration of the inter-related histories of cinema and sound, music and sound carriers, and computers.\u00a0 Issues of innovation, representation, textuality, gender, and social networks are discussed in relation to music, sound, image, and digital technologies.\u00a0 Urban and virtual worlds as visual and aural spaces and spaces of consumption, the construction time and space, and the technologization of the body are also considered.<\/p>\n<p><\/p>\n<p><strong>CLMD 6904W\/ENGL 5002W: Special Topics: <em>How to Do Things with Words<\/em><\/strong><br \/>\n<strong>Instructor: <\/strong><a href=\"https:\/\/carleton.ca\/english\/people\/stuart-murray\/\">Stuart Murray<\/a><\/p>\n<p>The title of this course derives from J. L. Austin\u2019s little book,\u00a0<em>How To Do Things With Words<\/em>, which will be required reading. Reading critical speech act theory since Austin (Butler, Blanchot, Derrida, Foucault), we will also address phenomenological texts on bodies and expressive speech (MacKinnon, Merleau-Ponty, Nietzsche, and others), which take up the question of how our speech\u00a0<em>acts\u00a0<\/em>performatively, how it does what it says, and implicates us\u2014and our bodies\u2014in the saying. Thematic content will draw on contemporary debates surrounding free speech and (digital) hate speech\u2014including identity politics, race, gender performativity, pornography, and words that \u201cwound\u201d\u2014from the culture wars and #MeToo to the alt-right and alt-truth. If we can never quite see as another sees\u2014perceive what she perceives\u2014we nevertheless bear witness to the other\u2019s words, gestures, and rhetorical postures. What are the discursive practices of power, and how is some speech policed while other speech is sanctioned or demanded of us?<\/p>\n<p>Interdisciplinary and transcultural in scope, course readings will include select literary texts (novels TBA), digital texts, high and \u201clow\u201d culture, and much in between. Interdisciplinarity and experimentation will be encouraged: students are welcome to develop argumentative literacy in digital or more traditional literary or creative projects, including fine art, photography, theatre, poetry, etc. The strength of this course will be in the diversity of students\u2019 interests across genres, methods, and historical foci.<\/p>\n<p><\/p>\n<p><strong>CLMD 6900T: Research and Professional Development-\u00a0<em>\u201cInterdisciplinary Research Methods\u201d<\/em><\/strong><br \/>\n<strong>Instructor:\u00a0<\/strong><a href=\"https:\/\/carleton.ca\/music\/people\/theberge-paul\/\" target=\"_blank\" rel=\"noopener noreferrer\">Paul Th\u00e9berge<\/a><\/p>\n<p>Students prepare for their second comprehensive examination and to write and defend the doctoral dissertation successfully. Practices of academic publishing, conference presentations and academic articles; grant writing, ethical conduct in research and private and public sector employment opportunities.<\/p>\n","protected":false},"excerpt":{"rendered":"<p>Course Listings for the Academic Year 2019-2020 Please note: students are responsible for ensuring\u00a0that your selected courses meet the program requirements stated in the Calendar. If, however, you feel that you need additional information or guidance please contact us. Fall Courses \u00a0CLMD 6101T: Perspectives on Interdisciplinarity in Cultural Theory Instructor:\u00a0Pascal Gin This course will address [&hellip;]<\/p>\n","protected":false},"author":15,"featured_media":0,"parent":83,"menu_order":0,"comment_status":"closed","ping_status":"closed","template":"","meta":{"_relevanssi_hide_post":"","_relevanssi_hide_content":"","_relevanssi_pin_for_all":"","_relevanssi_pin_keywords":"","_relevanssi_unpin_keywords":"","_relevanssi_related_keywords":"","_relevanssi_related_include_ids":"","_relevanssi_related_exclude_ids":"","_relevanssi_related_no_append":"","_relevanssi_related_not_related":"","_relevanssi_related_posts":"","_relevanssi_noindex_reason":"","_mi_skip_tracking":false,"_exactmetrics_sitenote_active":false,"_exactmetrics_sitenote_note":"","_exactmetrics_sitenote_category":0,"footnotes":"","_links_to":"","_links_to_target":""},"yoast_head":"<!-- This site is optimized with the Yoast SEO plugin v21.2 - https:\/\/yoast.com\/wordpress\/plugins\/seo\/ -->\n<title>Courses 2019-2020 - Cultural Mediations<\/title>\n<meta name=\"description\" content=\"Course Listings for the Academic Year 2019-2020 Please note: students are responsible for ensuring\u00a0that your selected courses meet the program\" \/>\n<meta name=\"robots\" content=\"index, follow, max-snippet:-1, max-image-preview:large, max-video-preview:-1\" \/>\n<link rel=\"canonical\" href=\"https:\/\/carleton.ca\/culturalmediations\/current-students\/courses\/2019-2020-courses\/\" \/>\n<meta name=\"twitter:label1\" content=\"Est. reading time\" \/>\n\t<meta name=\"twitter:data1\" content=\"9 minutes\" \/>\n<script type=\"application\/ld+json\" class=\"yoast-schema-graph\">{\"@context\":\"https:\/\/schema.org\",\"@graph\":[{\"@type\":\"WebPage\",\"@id\":\"https:\/\/carleton.ca\/culturalmediations\/current-students\/courses\/2019-2020-courses\/\",\"url\":\"https:\/\/carleton.ca\/culturalmediations\/current-students\/courses\/2019-2020-courses\/\",\"name\":\"Courses 2019-2020 - Cultural Mediations\",\"isPartOf\":{\"@id\":\"https:\/\/carleton.ca\/culturalmediations\/#website\"},\"datePublished\":\"2019-01-01T19:14:01+00:00\",\"dateModified\":\"2020-06-03T15:12:23+00:00\",\"description\":\"Course Listings for the Academic Year 2019-2020 Please note: students are responsible for ensuring\u00a0that your selected courses meet the program\",\"breadcrumb\":{\"@id\":\"https:\/\/carleton.ca\/culturalmediations\/current-students\/courses\/2019-2020-courses\/#breadcrumb\"},\"inLanguage\":\"en-US\",\"potentialAction\":[{\"@type\":\"ReadAction\",\"target\":[\"https:\/\/carleton.ca\/culturalmediations\/current-students\/courses\/2019-2020-courses\/\"]}]},{\"@type\":\"BreadcrumbList\",\"@id\":\"https:\/\/carleton.ca\/culturalmediations\/current-students\/courses\/2019-2020-courses\/#breadcrumb\",\"itemListElement\":[{\"@type\":\"ListItem\",\"position\":1,\"name\":\"Home\",\"item\":\"https:\/\/carleton.ca\/culturalmediations\/\"},{\"@type\":\"ListItem\",\"position\":2,\"name\":\"Current Students\",\"item\":\"https:\/\/carleton.ca\/culturalmediations\/current-students\/\"},{\"@type\":\"ListItem\",\"position\":3,\"name\":\"Courses\",\"item\":\"https:\/\/carleton.ca\/culturalmediations\/current-students\/courses\/\"},{\"@type\":\"ListItem\",\"position\":4,\"name\":\"Courses 2019-2020\"}]},{\"@type\":\"WebSite\",\"@id\":\"https:\/\/carleton.ca\/culturalmediations\/#website\",\"url\":\"https:\/\/carleton.ca\/culturalmediations\/\",\"name\":\"Cultural Mediations\",\"description\":\"Carleton University\",\"potentialAction\":[{\"@type\":\"SearchAction\",\"target\":{\"@type\":\"EntryPoint\",\"urlTemplate\":\"https:\/\/carleton.ca\/culturalmediations\/?s={search_term_string}\"},\"query-input\":\"required name=search_term_string\"}],\"inLanguage\":\"en-US\"}]}<\/script>\n<!-- \/ Yoast SEO plugin. -->","yoast_head_json":{"title":"Courses 2019-2020 - Cultural Mediations","description":"Course Listings for the Academic Year 2019-2020 Please note: students are responsible for ensuring\u00a0that your selected courses meet the program","robots":{"index":"index","follow":"follow","max-snippet":"max-snippet:-1","max-image-preview":"max-image-preview:large","max-video-preview":"max-video-preview:-1"},"canonical":"https:\/\/carleton.ca\/culturalmediations\/current-students\/courses\/2019-2020-courses\/","twitter_misc":{"Est. reading time":"9 minutes"},"schema":{"@context":"https:\/\/schema.org","@graph":[{"@type":"WebPage","@id":"https:\/\/carleton.ca\/culturalmediations\/current-students\/courses\/2019-2020-courses\/","url":"https:\/\/carleton.ca\/culturalmediations\/current-students\/courses\/2019-2020-courses\/","name":"Courses 2019-2020 - Cultural Mediations","isPartOf":{"@id":"https:\/\/carleton.ca\/culturalmediations\/#website"},"datePublished":"2019-01-01T19:14:01+00:00","dateModified":"2020-06-03T15:12:23+00:00","description":"Course Listings for the Academic Year 2019-2020 Please note: students are responsible for ensuring\u00a0that your selected courses meet the program","breadcrumb":{"@id":"https:\/\/carleton.ca\/culturalmediations\/current-students\/courses\/2019-2020-courses\/#breadcrumb"},"inLanguage":"en-US","potentialAction":[{"@type":"ReadAction","target":["https:\/\/carleton.ca\/culturalmediations\/current-students\/courses\/2019-2020-courses\/"]}]},{"@type":"BreadcrumbList","@id":"https:\/\/carleton.ca\/culturalmediations\/current-students\/courses\/2019-2020-courses\/#breadcrumb","itemListElement":[{"@type":"ListItem","position":1,"name":"Home","item":"https:\/\/carleton.ca\/culturalmediations\/"},{"@type":"ListItem","position":2,"name":"Current Students","item":"https:\/\/carleton.ca\/culturalmediations\/current-students\/"},{"@type":"ListItem","position":3,"name":"Courses","item":"https:\/\/carleton.ca\/culturalmediations\/current-students\/courses\/"},{"@type":"ListItem","position":4,"name":"Courses 2019-2020"}]},{"@type":"WebSite","@id":"https:\/\/carleton.ca\/culturalmediations\/#website","url":"https:\/\/carleton.ca\/culturalmediations\/","name":"Cultural Mediations","description":"Carleton University","potentialAction":[{"@type":"SearchAction","target":{"@type":"EntryPoint","urlTemplate":"https:\/\/carleton.ca\/culturalmediations\/?s={search_term_string}"},"query-input":"required name=search_term_string"}],"inLanguage":"en-US"}]}},"acf":{"banner_image_type":"hosted","banner_button":"no","banner_hosted_image":"lecture","banner_opacity":"default"},"_links":{"self":[{"href":"https:\/\/carleton.ca\/culturalmediations\/wp-json\/wp\/v2\/pages\/3302"}],"collection":[{"href":"https:\/\/carleton.ca\/culturalmediations\/wp-json\/wp\/v2\/pages"}],"about":[{"href":"https:\/\/carleton.ca\/culturalmediations\/wp-json\/wp\/v2\/types\/page"}],"author":[{"embeddable":true,"href":"https:\/\/carleton.ca\/culturalmediations\/wp-json\/wp\/v2\/users\/15"}],"replies":[{"embeddable":true,"href":"https:\/\/carleton.ca\/culturalmediations\/wp-json\/wp\/v2\/comments?post=3302"}],"version-history":[{"count":4,"href":"https:\/\/carleton.ca\/culturalmediations\/wp-json\/wp\/v2\/pages\/3302\/revisions"}],"predecessor-version":[{"id":3593,"href":"https:\/\/carleton.ca\/culturalmediations\/wp-json\/wp\/v2\/pages\/3302\/revisions\/3593"}],"up":[{"embeddable":true,"href":"https:\/\/carleton.ca\/culturalmediations\/wp-json\/wp\/v2\/pages\/83"}],"wp:attachment":[{"href":"https:\/\/carleton.ca\/culturalmediations\/wp-json\/wp\/v2\/media?parent=3302"}],"curies":[{"name":"wp","href":"https:\/\/api.w.org\/{rel}","templated":true}]}}