{"id":5055,"date":"2022-04-20T15:32:10","date_gmt":"2022-04-20T19:32:10","guid":{"rendered":"https:\/\/carleton.ca\/culturalmediations\/?page_id=5055"},"modified":"2023-11-08T09:57:50","modified_gmt":"2023-11-08T14:57:50","slug":"bookshelf-exhibitions-catelogues-2","status":"publish","type":"page","link":"https:\/\/carleton.ca\/culturalmediations\/bookshelf-exhibitions-catelogues-2\/","title":{"rendered":"Bookshelf:  Exhibitions and Catalogues"},"content":{"rendered":"<p style=\"text-align: center;\"><a id=\"backtotop\"><\/a>Find out about\u00a0exhibitions curated by or involving Cultural Mediations and Curatorial Studies students as well as exhibition catalogues with contributions by ICSLAC students. Exhibitions or catalogues contributions without a link are listed below by curators.<\/p>\n<table style=\"border-collapse: collapse; width: 100%; height: 422px;\">\n<tbody>\n<tr style=\"height: 76px;\">\n<td style=\"width: 100%; height: 76px; text-align: center;\" colspan=\"4\">\n<h2>EXHIBITIONS AND CATALOGUE CONTRIBUTIONS<\/h2>\n<\/td>\n<\/tr>\n<tr style=\"height: 93px;\">\n<td style=\"width: 25%; text-align: center; height: 27px;\"><strong><span style=\"font-family: inherit; font-size: inherit;\">Krista Ulujuk Zawadski<br \/>\n<\/span><\/strong><span style=\"font-family: inherit; font-size: inherit;\"><span style=\"font-family: inherit; font-size: inherit;\"><span style=\"font-family: inherit; font-size: inherit;\">2021-2022<\/span><\/span><\/span><\/p>\n<p><div id=\"attachment_5902\" class=\"wp-caption aligncenter\" style=\"width: 160px\"><img decoding=\"async\" loading=\"lazy\" class=\"wp-image-5902 size-thumbnail\" src=\"https:\/\/carleton.ca\/culturalmediations\/wp-content\/uploads\/Exhib_3-160x122.png\" alt=\"\" width=\"160\" height=\"122\" srcset=\"https:\/\/carleton.ca\/culturalmediations\/wp-content\/uploads\/Exhib_3-160x122.png 160w, https:\/\/carleton.ca\/culturalmediations\/wp-content\/uploads\/Exhib_3-240x183.png 240w, https:\/\/carleton.ca\/culturalmediations\/wp-content\/uploads\/Exhib_3-400x304.png 400w, https:\/\/carleton.ca\/culturalmediations\/wp-content\/uploads\/Exhib_3-300x230.png 300w, https:\/\/carleton.ca\/culturalmediations\/wp-content\/uploads\/Exhib_3-360x274.png 360w, https:\/\/carleton.ca\/culturalmediations\/wp-content\/uploads\/Exhib_3.png 552w\" sizes=\"(max-width: 160px) 100vw, 160px\" \/><p class=\"wp-caption-text\"><em><a href=\"https:\/\/www.wag.ca\/event\/inua\/\">INUA<\/a><\/em>, Winnipeg Art Gallery-Qaumajuq<\/p><\/div><\/td>\n<td style=\"width: 25%; text-align: center; height: 27px;\"><strong>Krista Ulujuk Zawadski<br \/>\n<\/strong>2021<\/p>\n<p><div id=\"attachment_5904\" class=\"wp-caption aligncenter\" style=\"width: 160px\"><img decoding=\"async\" loading=\"lazy\" class=\"wp-image-5904 size-thumbnail\" src=\"https:\/\/carleton.ca\/culturalmediations\/wp-content\/uploads\/Exhib_1-160x122.png\" alt=\"\" width=\"160\" height=\"122\" srcset=\"https:\/\/carleton.ca\/culturalmediations\/wp-content\/uploads\/Exhib_1-160x122.png 160w, https:\/\/carleton.ca\/culturalmediations\/wp-content\/uploads\/Exhib_1-240x183.png 240w, https:\/\/carleton.ca\/culturalmediations\/wp-content\/uploads\/Exhib_1-400x304.png 400w, https:\/\/carleton.ca\/culturalmediations\/wp-content\/uploads\/Exhib_1-300x230.png 300w, https:\/\/carleton.ca\/culturalmediations\/wp-content\/uploads\/Exhib_1-360x274.png 360w, https:\/\/carleton.ca\/culturalmediations\/wp-content\/uploads\/Exhib_1.png 552w\" sizes=\"(max-width: 160px) 100vw, 160px\" \/><p class=\"wp-caption-text\"><em><a href=\"https:\/\/cuag.ca\/exhibition\/nuvisi-threading-our-beads\/\">Nuvisi: Threading Our Beads Together<\/a><\/em>, CUAG<\/p><\/div><\/td>\n<td style=\"width: 24.684543%; text-align: center; height: 27px;\"><strong><span style=\"font-family: inherit; font-size: inherit;\">Patricia B\u00e9rub\u00e9<br \/>\n<\/span><\/strong><span style=\"font-family: inherit; font-size: inherit;\"><span style=\"font-family: inherit; font-size: inherit;\"><span style=\"font-family: inherit; font-size: inherit;\"><span style=\"font-family: inherit; font-size: inherit;\">2021<\/span><\/span><\/span><\/span><\/p>\n<p><div id=\"attachment_5902\" class=\"wp-caption aligncenter\" style=\"width: 160px\"><img decoding=\"async\" loading=\"lazy\" class=\"wp-image-5902 size-thumbnail\" src=\"https:\/\/carleton.ca\/culturalmediations\/wp-content\/uploads\/Exhib_3-160x122.png\" alt=\"\" width=\"160\" height=\"122\" srcset=\"https:\/\/carleton.ca\/culturalmediations\/wp-content\/uploads\/Exhib_3-160x122.png 160w, https:\/\/carleton.ca\/culturalmediations\/wp-content\/uploads\/Exhib_3-240x183.png 240w, https:\/\/carleton.ca\/culturalmediations\/wp-content\/uploads\/Exhib_3-400x304.png 400w, https:\/\/carleton.ca\/culturalmediations\/wp-content\/uploads\/Exhib_3-300x230.png 300w, https:\/\/carleton.ca\/culturalmediations\/wp-content\/uploads\/Exhib_3-360x274.png 360w, https:\/\/carleton.ca\/culturalmediations\/wp-content\/uploads\/Exhib_3.png 552w\" sizes=\"(max-width: 160px) 100vw, 160px\" \/><p class=\"wp-caption-text\"><em><a href=\"https:\/\/cuag.ca\/exhibition\/family-matters\/,\">Family Matters<\/a><\/em>, CUAG<\/p><\/div><\/td>\n<td style=\"width: 25.315457%; text-align: center; height: 27px;\"><strong>Ania Paluch<br \/>\n<\/strong>2020<\/p>\n<p><div id=\"attachment_5904\" class=\"wp-caption aligncenter\" style=\"width: 160px\"><img decoding=\"async\" loading=\"lazy\" class=\"wp-image-5904 size-thumbnail\" src=\"https:\/\/carleton.ca\/culturalmediations\/wp-content\/uploads\/Exhib_1-160x122.png\" alt=\"\" width=\"160\" height=\"122\" srcset=\"https:\/\/carleton.ca\/culturalmediations\/wp-content\/uploads\/Exhib_1-160x122.png 160w, https:\/\/carleton.ca\/culturalmediations\/wp-content\/uploads\/Exhib_1-240x183.png 240w, https:\/\/carleton.ca\/culturalmediations\/wp-content\/uploads\/Exhib_1-400x304.png 400w, https:\/\/carleton.ca\/culturalmediations\/wp-content\/uploads\/Exhib_1-300x230.png 300w, https:\/\/carleton.ca\/culturalmediations\/wp-content\/uploads\/Exhib_1-360x274.png 360w, https:\/\/carleton.ca\/culturalmediations\/wp-content\/uploads\/Exhib_1.png 552w\" sizes=\"(max-width: 160px) 100vw, 160px\" \/><p class=\"wp-caption-text\"><em>&#8220;<a href=\"https:\/\/g101.ca\/sites\/default\/files\/Unveiling%20the%20Goddess_EssayPrint_0.pdf\">Unveiling the Goddess.<\/a>&#8220;<\/em> (exhibition essay), Gallery 101<\/p><\/div><\/td>\n<\/tr>\n<tr style=\"height: 102px;\">\n<td style=\"width: 25%; height: 102px; text-align: center;\"><strong>Patricia B\u00e9rub\u00e9<br \/>\n<\/strong>2018-2019<strong><br \/>\n<\/strong><\/p>\n<div id=\"attachment_5902\" class=\"wp-caption aligncenter\" style=\"width: 160px\"><img decoding=\"async\" loading=\"lazy\" class=\"wp-image-5902 size-thumbnail\" src=\"https:\/\/carleton.ca\/culturalmediations\/wp-content\/uploads\/Exhib_3-160x122.png\" alt=\"\" width=\"160\" height=\"122\" srcset=\"https:\/\/carleton.ca\/culturalmediations\/wp-content\/uploads\/Exhib_3-160x122.png 160w, https:\/\/carleton.ca\/culturalmediations\/wp-content\/uploads\/Exhib_3-240x183.png 240w, https:\/\/carleton.ca\/culturalmediations\/wp-content\/uploads\/Exhib_3-400x304.png 400w, https:\/\/carleton.ca\/culturalmediations\/wp-content\/uploads\/Exhib_3-300x230.png 300w, https:\/\/carleton.ca\/culturalmediations\/wp-content\/uploads\/Exhib_3-360x274.png 360w, https:\/\/carleton.ca\/culturalmediations\/wp-content\/uploads\/Exhib_3.png 552w\" sizes=\"(max-width: 160px) 100vw, 160px\" \/><p class=\"wp-caption-text\"><em><a href=\"https:\/\/www.mbam.qc.ca\/wp-content\/uploads\/2018\/07\/MMFA-Press-Release-Tactile-Prototypes_final-1.pdf\">Tactile Prototypes<\/a><\/em>, Permanent Exhibition Montreal Museum of Fine Arts<\/p><\/div>\n<p><strong><em>\u00a0<\/em><\/strong><\/td>\n<td style=\"width: 25%; height: 102px; text-align: center;\"><span style=\"font-family: inherit; font-size: inherit;\"><span style=\"font-family: inherit; font-size: inherit;\"><strong>Cara Tierney<\/strong><br \/>\n2016-2017<br \/>\n<\/span><\/span><\/p>\n<div id=\"attachment_5904\" class=\"wp-caption aligncenter\" style=\"width: 160px\"><img decoding=\"async\" loading=\"lazy\" class=\"wp-image-5904 size-thumbnail\" src=\"https:\/\/carleton.ca\/culturalmediations\/wp-content\/uploads\/Exhib_1-160x122.png\" alt=\"\" width=\"160\" height=\"122\" srcset=\"https:\/\/carleton.ca\/culturalmediations\/wp-content\/uploads\/Exhib_1-160x122.png 160w, https:\/\/carleton.ca\/culturalmediations\/wp-content\/uploads\/Exhib_1-240x183.png 240w, https:\/\/carleton.ca\/culturalmediations\/wp-content\/uploads\/Exhib_1-400x304.png 400w, https:\/\/carleton.ca\/culturalmediations\/wp-content\/uploads\/Exhib_1-300x230.png 300w, https:\/\/carleton.ca\/culturalmediations\/wp-content\/uploads\/Exhib_1-360x274.png 360w, https:\/\/carleton.ca\/culturalmediations\/wp-content\/uploads\/Exhib_1.png 552w\" sizes=\"(max-width: 160px) 100vw, 160px\" \/><p class=\"wp-caption-text\"><a href=\"https:\/\/cuag.ca\/exhibition\/transactions\/\"><em>Transactions<\/em><\/a>, CUAG<\/p><\/div>\n<p><strong>\u00a0<\/strong><\/td>\n<td style=\"width: 24.684543%; height: 102px; text-align: center;\"><strong>\u00a0<\/strong><\/td>\n<td style=\"width: 25.315457%; height: 102px; text-align: center;\"><\/td>\n<\/tr>\n<\/tbody>\n<\/table>\n<p><\/p>\n<table style=\"border-collapse: collapse; width: 100%; height: 71px;\">\n<tbody>\n<tr style=\"height: 23px;\">\n<td style=\"width: 99.99998%; height: 23px; text-align: center;\" colspan=\"13\">\n<h2>Search by Curator&#8217;s Name<\/h2>\n<\/td>\n<\/tr>\n<tr style=\"height: 24px;\">\n<td style=\"width: 6.87075%; height: 24px;\">A<\/td>\n<td style=\"width: 7.592875%; height: 24px;\"><a href=\"#b\">B<\/a><\/td>\n<td style=\"width: 7.066985%; height: 24px;\">C<\/td>\n<td style=\"width: 8.04878%; height: 24px;\">D<\/td>\n<td style=\"width: 6.404974%; height: 24px;\">E<\/td>\n<td style=\"width: 9.763986%; height: 24px;\">F<\/td>\n<td style=\"width: 7.106141%; height: 24px;\">G<\/td>\n<td style=\"width: 8.812179%; height: 24px;\">H<\/td>\n<td style=\"width: 8.23124%; height: 24px;\">I<\/td>\n<td style=\"width: 8.06124%; height: 24px;\">J<\/td>\n<td style=\"width: 7.61904%; height: 24px;\">K<\/td>\n<td style=\"width: 7.72111%; height: 24px;\">L<\/td>\n<td style=\"width: 6.70068%; height: 24px;\">M<\/td>\n<\/tr>\n<tr style=\"height: 24px;\">\n<td style=\"width: 6.87075%; height: 24px;\">N<\/td>\n<td style=\"width: 7.592875%; height: 24px;\">O<\/td>\n<td style=\"width: 7.066985%; height: 24px;\"><a href=\"#p\">P<\/a><\/td>\n<td style=\"width: 8.04878%; height: 24px;\">Q<\/td>\n<td style=\"width: 6.404974%; height: 24px;\">R<\/td>\n<td style=\"width: 9.763986%; height: 24px;\">S<\/td>\n<td style=\"width: 7.106141%; height: 24px;\"><a href=\"#t\">T<\/a><\/td>\n<td style=\"width: 8.812179%; height: 24px;\">U<\/td>\n<td style=\"width: 8.23124%; height: 24px;\">V<\/td>\n<td style=\"width: 8.06124%; height: 24px;\">W<\/td>\n<td style=\"width: 7.61904%; height: 24px;\">Q<\/td>\n<td style=\"width: 7.72111%; height: 24px;\">Y<\/td>\n<td style=\"width: 6.70068%; height: 24px;\"><a href=\"#z\">Z<\/a><\/td>\n<\/tr>\n<tr>\n<td style=\"width: 99.99998%;\" colspan=\"13\">\n<h2>B<a id=\"b\"><\/a><\/h2>\n<p><span class=\"fn author-name\"><strong><a href=\"https:\/\/carleton.ca\/culturalmediations\/people\/patricia-berube\/\">B\u00e9rub\u00e9, Patricia<\/a><\/strong><\/span><\/p>\n<ul>\n<li>Co-Curator.\u00a0<em>Family Matters<\/em>.\u00a0 Feb. 24 \u2013 May 15, 2021, Carleton University Art Gallery (CUAG), Ottawa, ON.\u00a0<a href=\"https:\/\/cuag.ca\/exhibition\/family-matters\/\">https:\/\/cuag.ca\/exhibition\/family-matters\/<\/a><\/li>\n<li>Temporary exhibition. 2019, Tactile prototypes (MA project) exhibited in\u00a0<em>Exploration de l\u2019Impression 3D,\u00a0<\/em>QC.<\/li>\n<li>Permanent exhibition. 2018-2019, Tactile prototypes (MA project) exhibited at the Montreal Museum of Fine Arts. 2018-2019. Montrehttps:\/\/cuag.ca\/exhibition\/family-matters\/al, QC.\u00a0<a href=\"https:\/\/www.mbam.qc.ca\/wp-content\/uploads\/2018\/07\/MMFA-Press-Release-Tactile-Prototypes_final-1.pdf\">https:\/\/www.mbam.qc.ca\/wp-content\/uploads\/2018\/07\/MMFA-Press-Release-Tactile-Prototypes_final-1.pdf<\/a><\/li>\n<li>Co-curator.\u00a0<em>Perspectives sur l\u2019art au Qu\u00e9bec. De Brymner \u00e0 Lemonde.<\/em>\u00a0 2017-2018, Travelling exhibition, Montreal, QC.<\/li>\n<li>&#8220;Rita Letendre, peintre de lumi\u00e8re.&#8221; <em>Perspectives sur l\u2019art au Qu\u00e9bec,\u00a0<\/em>Fall 2017, pp. 70-74.<\/li>\n<li>Curator.\u00a0<em>Fant\u00f4me 3.<\/em>\u00a0Sep. 2016, Artist Eric Dufour, venue Art Cyniq, Montreal, QC.<\/li>\n<\/ul>\n<\/td>\n<\/tr>\n<tr>\n<td style=\"width: 99.99998%;\" colspan=\"13\">\n<h2>P<a id=\"p\"><\/a><\/h2>\n<p><strong><a href=\"https:\/\/carleton.ca\/culturalmediations\/people\/anna-ania-paluch\/\">Paluch, Anna (Ania)<\/a><\/strong><\/p>\n<ul>\n<li>&#8220;Unveiling the Goddess.&#8221; Exhibition Essay for &#8220;Unveiling The Goddess: Svetlana Swinimer&#8221;, October 9, 2020 &#8211; November 7, 2020, Gallery 101, 2021, Online. <a href=\"https:\/\/g101.ca\/sites\/default\/files\/Unveiling%20the%20Goddess_EssayPrint_0.pdf\">https:\/\/g101.ca\/sites\/default\/files\/Unveiling%20the%20Goddess_EssayPrint_0.pdf<\/a><\/li>\n<\/ul>\n<\/td>\n<\/tr>\n<tr>\n<td style=\"width: 99.99998%;\" colspan=\"13\">\n<h2>T<a id=\"t\"><\/a><\/h2>\n<p><strong><a href=\"https:\/\/carleton.ca\/culturalmediations\/people\/cara-tierney\/\">Tierney, Cara<\/a><\/strong><\/p>\n<ul>\n<li><em>Transactions, <\/em>Sept. 12, 2016 &#8211; Feb. 12, 2017. Carleton University Art Gallery, Ottawa, ON. <a href=\"https:\/\/cuag.ca\/exhibition\/transactions\/\">https:\/\/cuag.ca\/exhibition\/transactions\/<\/a><\/li>\n<\/ul>\n<\/td>\n<\/tr>\n<tr>\n<td style=\"width: 99.99998%;\" colspan=\"13\"><\/p>\n<h2><a id=\"z\"><\/a>Z<\/h2>\n<p><strong><a href=\"https:\/\/carleton.ca\/culturalmediations\/people\/krista-ulujuk-zawadski\/\">Zawadski, Krista Ulujuk<\/a>\u00a0<\/strong><\/p>\n<ul>\n<li>Igloliorte, Heather, Kablusiak, asinnajaq and Krista Ulujuk Zawadski. INUA (Catalogue for exhibition), 2022, Winnipeg Art Gallery.<\/li>\n<li><em>INUA. <\/em>Mar. 2021-Feb. 2023, Winnipeg Art Gallery-Qaumajuq, Winnipeg, MB. <a href=\"https:\/\/www.wag.ca\/event\/inua\/\">https:\/\/www.wag.ca\/event\/inua\/<\/a><\/li>\n<li><em>Nuvisi: Threading Our Beads Together. <\/em>Sept. 28 &#8211; Dec. 12, 2021. Carleton University Art Gallery, Ottawa, ON. <a href=\"https:\/\/cuag.ca\/exhibition\/nuvisi-threading-our-beads\/\">https:\/\/cuag.ca\/exhibition\/nuvisi-threading-our-beads\/<\/a><\/li>\n<li>\u201cRiopelle and Inuit String Games.\u201d <em>Riopelle. The Call of Northern Landscapes and Indigenous Cultures<\/em>, 2020, Montreal Museum of Fine Arts exhibition catalogue.<\/li>\n<\/ul>\n<\/td>\n<\/tr>\n<\/tbody>\n<\/table>\n<p style=\"text-align: center;\"><a href=\"#backtotop\"><strong>Back to Top<\/strong><\/a><\/p>\n","protected":false},"excerpt":{"rendered":"<p>Find out about\u00a0exhibitions curated by or involving Cultural Mediations and Curatorial Studies students as well as exhibition catalogues with contributions by ICSLAC students. Exhibitions or catalogues contributions without a link are listed below by curators. EXHIBITIONS AND CATALOGUE CONTRIBUTIONS Krista Ulujuk Zawadski 2021-2022 Krista Ulujuk Zawadski 2021 Patricia B\u00e9rub\u00e9 2021 Ania Paluch 2020 Patricia B\u00e9rub\u00e9 [&hellip;]<\/p>\n","protected":false},"author":29,"featured_media":0,"parent":0,"menu_order":0,"comment_status":"closed","ping_status":"closed","template":"","meta":{"_relevanssi_hide_post":"","_relevanssi_hide_content":"","_relevanssi_pin_for_all":"","_relevanssi_pin_keywords":"","_relevanssi_unpin_keywords":"","_relevanssi_related_keywords":"","_relevanssi_related_include_ids":"","_relevanssi_related_exclude_ids":"","_relevanssi_related_no_append":"","_relevanssi_related_not_related":"","_relevanssi_related_posts":"","_relevanssi_noindex_reason":"","_mi_skip_tracking":false,"_exactmetrics_sitenote_active":false,"_exactmetrics_sitenote_note":"","_exactmetrics_sitenote_category":0,"footnotes":"","_links_to":"","_links_to_target":""},"yoast_head":"<!-- This site is optimized with the Yoast SEO plugin v21.2 - https:\/\/yoast.com\/wordpress\/plugins\/seo\/ -->\n<title>Bookshelf: Exhibitions and Catalogues - Cultural Mediations<\/title>\n<meta name=\"description\" content=\"Find out about\u00a0exhibitions curated by or involving Cultural Mediations and Curatorial Studies students as well as exhibition catalogues with contributions\" \/>\n<meta name=\"robots\" content=\"index, follow, max-snippet:-1, max-image-preview:large, max-video-preview:-1\" \/>\n<link rel=\"canonical\" href=\"https:\/\/carleton.ca\/culturalmediations\/bookshelf-exhibitions-catelogues-2\/\" \/>\n<meta name=\"twitter:label1\" content=\"Est. reading time\" \/>\n\t<meta name=\"twitter:data1\" content=\"2 minutes\" \/>\n<script type=\"application\/ld+json\" class=\"yoast-schema-graph\">{\"@context\":\"https:\/\/schema.org\",\"@graph\":[{\"@type\":\"WebPage\",\"@id\":\"https:\/\/carleton.ca\/culturalmediations\/bookshelf-exhibitions-catelogues-2\/\",\"url\":\"https:\/\/carleton.ca\/culturalmediations\/bookshelf-exhibitions-catelogues-2\/\",\"name\":\"Bookshelf: Exhibitions and Catalogues - Cultural Mediations\",\"isPartOf\":{\"@id\":\"https:\/\/carleton.ca\/culturalmediations\/#website\"},\"datePublished\":\"2022-04-20T19:32:10+00:00\",\"dateModified\":\"2023-11-08T14:57:50+00:00\",\"description\":\"Find out about\u00a0exhibitions curated by or involving Cultural Mediations and Curatorial Studies students as well as exhibition catalogues with contributions\",\"breadcrumb\":{\"@id\":\"https:\/\/carleton.ca\/culturalmediations\/bookshelf-exhibitions-catelogues-2\/#breadcrumb\"},\"inLanguage\":\"en-US\",\"potentialAction\":[{\"@type\":\"ReadAction\",\"target\":[\"https:\/\/carleton.ca\/culturalmediations\/bookshelf-exhibitions-catelogues-2\/\"]}]},{\"@type\":\"BreadcrumbList\",\"@id\":\"https:\/\/carleton.ca\/culturalmediations\/bookshelf-exhibitions-catelogues-2\/#breadcrumb\",\"itemListElement\":[{\"@type\":\"ListItem\",\"position\":1,\"name\":\"Home\",\"item\":\"https:\/\/carleton.ca\/culturalmediations\/\"},{\"@type\":\"ListItem\",\"position\":2,\"name\":\"Bookshelf: Exhibitions and Catalogues\"}]},{\"@type\":\"WebSite\",\"@id\":\"https:\/\/carleton.ca\/culturalmediations\/#website\",\"url\":\"https:\/\/carleton.ca\/culturalmediations\/\",\"name\":\"Cultural Mediations\",\"description\":\"Carleton University\",\"potentialAction\":[{\"@type\":\"SearchAction\",\"target\":{\"@type\":\"EntryPoint\",\"urlTemplate\":\"https:\/\/carleton.ca\/culturalmediations\/?s={search_term_string}\"},\"query-input\":\"required name=search_term_string\"}],\"inLanguage\":\"en-US\"}]}<\/script>\n<!-- \/ Yoast SEO plugin. -->","yoast_head_json":{"title":"Bookshelf: Exhibitions and Catalogues - Cultural Mediations","description":"Find out about\u00a0exhibitions curated by or involving Cultural Mediations and Curatorial Studies students as well as exhibition catalogues with contributions","robots":{"index":"index","follow":"follow","max-snippet":"max-snippet:-1","max-image-preview":"max-image-preview:large","max-video-preview":"max-video-preview:-1"},"canonical":"https:\/\/carleton.ca\/culturalmediations\/bookshelf-exhibitions-catelogues-2\/","twitter_misc":{"Est. reading time":"2 minutes"},"schema":{"@context":"https:\/\/schema.org","@graph":[{"@type":"WebPage","@id":"https:\/\/carleton.ca\/culturalmediations\/bookshelf-exhibitions-catelogues-2\/","url":"https:\/\/carleton.ca\/culturalmediations\/bookshelf-exhibitions-catelogues-2\/","name":"Bookshelf: Exhibitions and Catalogues - Cultural Mediations","isPartOf":{"@id":"https:\/\/carleton.ca\/culturalmediations\/#website"},"datePublished":"2022-04-20T19:32:10+00:00","dateModified":"2023-11-08T14:57:50+00:00","description":"Find out about\u00a0exhibitions curated by or involving Cultural Mediations and Curatorial Studies students as well as exhibition catalogues with contributions","breadcrumb":{"@id":"https:\/\/carleton.ca\/culturalmediations\/bookshelf-exhibitions-catelogues-2\/#breadcrumb"},"inLanguage":"en-US","potentialAction":[{"@type":"ReadAction","target":["https:\/\/carleton.ca\/culturalmediations\/bookshelf-exhibitions-catelogues-2\/"]}]},{"@type":"BreadcrumbList","@id":"https:\/\/carleton.ca\/culturalmediations\/bookshelf-exhibitions-catelogues-2\/#breadcrumb","itemListElement":[{"@type":"ListItem","position":1,"name":"Home","item":"https:\/\/carleton.ca\/culturalmediations\/"},{"@type":"ListItem","position":2,"name":"Bookshelf: Exhibitions and Catalogues"}]},{"@type":"WebSite","@id":"https:\/\/carleton.ca\/culturalmediations\/#website","url":"https:\/\/carleton.ca\/culturalmediations\/","name":"Cultural Mediations","description":"Carleton University","potentialAction":[{"@type":"SearchAction","target":{"@type":"EntryPoint","urlTemplate":"https:\/\/carleton.ca\/culturalmediations\/?s={search_term_string}"},"query-input":"required name=search_term_string"}],"inLanguage":"en-US"}]}},"acf":{"banner_image_type":"hosted","banner_button":"no","banner_hosted_image":"butterfly","banner_opacity":"darker"},"_links":{"self":[{"href":"https:\/\/carleton.ca\/culturalmediations\/wp-json\/wp\/v2\/pages\/5055"}],"collection":[{"href":"https:\/\/carleton.ca\/culturalmediations\/wp-json\/wp\/v2\/pages"}],"about":[{"href":"https:\/\/carleton.ca\/culturalmediations\/wp-json\/wp\/v2\/types\/page"}],"author":[{"embeddable":true,"href":"https:\/\/carleton.ca\/culturalmediations\/wp-json\/wp\/v2\/users\/29"}],"replies":[{"embeddable":true,"href":"https:\/\/carleton.ca\/culturalmediations\/wp-json\/wp\/v2\/comments?post=5055"}],"version-history":[{"count":6,"href":"https:\/\/carleton.ca\/culturalmediations\/wp-json\/wp\/v2\/pages\/5055\/revisions"}],"predecessor-version":[{"id":6542,"href":"https:\/\/carleton.ca\/culturalmediations\/wp-json\/wp\/v2\/pages\/5055\/revisions\/6542"}],"wp:attachment":[{"href":"https:\/\/carleton.ca\/culturalmediations\/wp-json\/wp\/v2\/media?parent=5055"}],"curies":[{"name":"wp","href":"https:\/\/api.w.org\/{rel}","templated":true}]}}