{"id":636,"date":"2021-01-07T14:42:44","date_gmt":"2021-01-07T19:42:44","guid":{"rendered":"http:\/\/carleton.ca\/icslac\/?page_id=636"},"modified":"2024-01-11T15:54:26","modified_gmt":"2024-01-11T20:54:26","slug":"icslac-student-colloquium-interface-2023","status":"publish","type":"page","link":"https:\/\/carleton.ca\/culturalmediations\/news-events\/icslac-student-colloquium-interface-2023\/","title":{"rendered":"Interface 2023"},"content":{"rendered":"<p><\/p>\n<h2 class=\"s3\" style=\"text-align: center;\"><span class=\"s2\">Interface<\/span><span class=\"s2\"> 202<\/span><span class=\"s2\">3<\/span><\/h2>\n<h2 class=\"s3\" style=\"text-align: center;\"><span class=\"s4\">The Cultural Inbetween:<\/span><\/h2>\n<h2 class=\"s3\" style=\"text-align: center;\"><span class=\"s4\">Exploring <\/span><span class=\"s4\">Distinctions Within <\/span><span class=\"s4\">Popular Culture<\/span><\/h2>\n<h4 class=\"s5\" style=\"text-align: center;\"><span class=\"s6\">Virtual Conference<\/span><\/h4>\n<h4 class=\"s5\" style=\"text-align: center;\"><span class=\"s6\">Date: Thursday, April 27<\/span><span class=\"s7\">th<\/span><span class=\"s6\">, 2023<\/span><\/h4>\n<p class=\"s8\" style=\"text-align: center;\"><span class=\"s6\">This <\/span><span class=\"s4\">virtual one-day conference<\/span><span class=\"s6\"> seeks to draw together interdisciplinary presentations to create a generative and multidisciplinary understanding of popular culture. Presentations of 15 minutes will be organized in round tables followed by a Q&amp;A and discussion to encourage collaborative and cross-disciplinary thinking.<\/span><\/p>\n<p><\/p>\n<h2>Panel 1:\u00a0Cultural Forms of Representation<\/h2>\n<ul>\n<li>\n<h2>8:45 AM \u201410:15 AM EST Moderator: Maki Salmon<\/h2>\n<\/li>\n<\/ul>\n<h3><span style=\"text-decoration: underline;\">Elloit Cardozo<span class=\"Apple-converted-space\">\u00a0<\/span>(Jadavpur University)\u00a0&amp; Pradnya Waghule St. Joseph\u2019s University)<\/span><\/h3>\n<h3>\u201cTrend bana yaha pe MC Stan ko hate karte\u2019: Reading online discourses of gatekeeping popular culture in India\u201d<\/h3>\n<blockquote>\n<p style=\"font-weight: 400;\"><strong>Elloit Cardozo <\/strong>is an MPhil research scholar at the Department of English, Jadavpur University\u00a0 and a fellow at the Maulana Abul Kalam Azad Institute of Asian Studies in Kolkata, India. He\u00a0 also teaches the module on hip hop and research for the University of Mumbai\u2019s certificate\u00a0 course on hip hop.<\/p>\n<p style=\"font-weight: 400;\"><strong>Pradnya Waghule <\/strong>is currently pursuing a PhD at St. Joseph\u2019s University, Bengaluru, India.\u00a0 She is interested in areas of cultural representation. Her work on cultural texts has been\u00a0 published in online and print publications.<\/p>\n<\/blockquote>\n<h3><u>Catherine Wild<span class=\"Apple-converted-space\">\u00a0 <\/span>(University of Winchester)<\/u><\/h3>\n<h3>\u201c<em>Misty<\/em> as a reflection of 1970s Zeitgeist\u201d<span class=\"Apple-converted-space\">\u00a0 <\/span><span class=\"Apple-converted-space\">\u00a0 \u00a0<\/span><\/h3>\n<blockquote><p>Dr. Catherine Wild completed her PhD in 2019 at the University of Winchester with her thesis focusing on the girls\u2019 comic <em>Misty<\/em> (1978-1980). Catherine writes about the darker side of life, her areas of expertise including: the Carnivalesque; the Uncanny; the Gothic; horror; terror; elements of Hauntology; social history; comics structure, function and creation; threshold concepts; and textual intervention. She creates comics scripts and fictional texts, often using a format generated through collaboration with <i>2000AD<\/i> creator Pat Mills. Catherine takes inspiration from her experiences and perceptions of her own life, as well as the style of Mills\u2019 <i>Misty <\/i>comic and the content of the many British girls\u2019 annuals that she has collected over the years<i>. <\/i>She has worked as a lecturer in Creative Writing and English Literature at the Universities of Winchester and Bournemouth for ten years and teaches English and Literacy to people seeking asylum on a voluntary basis.<\/p><\/blockquote>\n<h3><span style=\"text-decoration: underline;\">Aydin Karasapan<span class=\"Apple-converted-space\">\u00a0<\/span>(Carleton University)<\/span><\/h3>\n<h3>\u201cWhere do video games as an art form fit?\u201d<\/h3>\n<blockquote>\n<p style=\"font-weight: 400;\">Aydin Karasapan is a student pursuing his MA in Philosophy with a specialization in the\u00a0Digital Humanities at Carleton University, where he works as a teaching assistant. His research\u00a0focuses on the capacity of interactive digital technology to disrupt, augment, or displace\u00a0conventional means of producing and communicating information. His current research project\u00a0focuses on the prospects for improving the educational value of student textual engagement\u00a0through digital innovation of the written text as a medium. His project involves in depth\u00a0examination of digital educational applications, social media platforms and video games to better understand the way that differences in the designs and implementation of interactive digital technologies affects the quality and outcomes of people\u2019s engagement with those technologies. His research interests span the domains of social epistemology, cultural informatics, aesthetics, and game and user experience design theory.<\/p>\n<\/blockquote>\n<h2>Panel 2: Narrative and Artistic (Re)Imaginings<\/h2>\n<ul>\n<li>\n<h2>10:30 AM \u201412:00 PM EST Moderator:<span class=\"Apple-converted-space\">\u00a0<\/span>Victoria Hawco<\/h2>\n<\/li>\n<\/ul>\n<h3><span style=\"text-decoration: underline;\">Onur Karak\u00f6se<span class=\"Apple-converted-space\">\u00a0<\/span>(Hacettepe \u00dcniversitesi)<\/span> <span class=\"Apple-converted-space\">\u00a0 \u00a0 \u00a0 \u00a0 \u00a0 \u00a0 \u00a0 \u00a0 \u00a0 \u00a0 \u00a0 \u00a0 \u00a0 \u00a0 \u00a0 \u00a0 \u00a0\u00a0<\/span><\/h3>\n<h3>\u201cMorphing Hopepunk into Queer Futurism as Multiplicative Speculation in Becky Chambers\u2019 A Psalm For The Wild-Built\u201d<\/h3>\n<blockquote>\n<p style=\"font-weight: 400;\">Onur Karak\u00f6se currently works as a Research Assistant in the Department of\u00a0American Culture and Literature at Hacettepe University. He obtained his BA in Political\u00a0Science and International Relations in 2013 from Yeditepe University with a double major in\u00a0English Language and Literature in 2015. He finished his M.A. in English Language and\u00a0Literature at Ankara University with a thesis on Post-1990s Contemporary British Drama. His\u00a0<span style=\"font-weight: 400;\">research interests are American Drama, Life Writing, Fantasy and Science Fiction.<\/span><\/p>\n<\/blockquote>\n<h3><span style=\"text-decoration: underline;\">Valeria Giudici (Sorbonne Universit\u00e9)<\/span> <span class=\"Apple-converted-space\">\u00a0 \u00a0 \u00a0 \u00a0 \u00a0 \u00a0 \u00a0 \u00a0 \u00a0 \u00a0 \u00a0 \u00a0 \u00a0 \u00a0 \u00a0 \u00a0 \u00a0 \u00a0 \u00a0 \u00a0 \u00a0 \u00a0 \u00a0 \u00a0<\/span><\/h3>\n<h3>\u201cThe (in)formal in art. Breaking the wall of institution with JR&#8217;s works\u201d<\/h3>\n<blockquote><p><span lang=\"EN-US\">Valeria Giudici is a PhD student in Cultural Geography at the Sorbonne Universit\u00e9 of Paris with a thesis entitled \u201cContemporary art at the service of disused industrial urban fabric\u201d (Prof. Edith Fagnoni). She is well acquainted with urban cultural projects, as she has a Master degree in Cultural design (Milan, 2022), with deepening towards urban regeneration through culture. She also has a Master in Comparative Modern Cultures (Turin, 2021), with a thesis on identity in the philosopher Albert Memmi (\u201cThe border between belonging and alienation in Albert Memmi&#8217;s La Statue de Sel\u201d, rated with honour and dignity to be published). She has attended international curatorial and art exhibition courses. She has published internationally and holds lectures in Italian, English and French\u00a0<a href=\"https:\/\/laboratoire- mediations.sorbonneuniversite.fr\/valeria-giudici\/\">https:\/\/laboratoire- mediations.sorbonneuniversite.fr\/valeria-giudici\/<\/a><\/span><\/p><\/blockquote>\n<h3><span style=\"text-decoration: underline;\">Rachael Beaty (Loyola Marymount University)<\/span><\/h3>\n<h3>\u201cDada, Neo-Dada, Situationist, and Fluxus movements\u201d<\/h3>\n<blockquote><p>Rachael Beaty is recent graduate from Loyola Marymount University, CA with \u00a0a Master of Arts in English Literature. She also attended the University of California in Los Angeles and obtained a Bachelor of Arts degree in American Literature and Culture.<\/p><\/blockquote>\n<h2>Panel 3: At the Intersections of History and Pop Culture<\/h2>\n<ul>\n<li>\n<h2>12:15 PM \u20141:45\u00a0<span style=\"font-size: 16px;\">PM EST Moderator: Ay\u015feg\u00fcl O\u011fur Rigato<\/span><\/h2>\n<\/li>\n<\/ul>\n<h3><span style=\"text-decoration: underline;\">Jason Croizer<span class=\"Apple-converted-space\">\u00a0<\/span>(University of New Brunswick)<\/span> <span class=\"Apple-converted-space\">\u00a0 \u00a0 \u00a0 \u00a0 \u00a0 \u00a0 \u00a0 \u00a0 \u00a0 \u00a0 \u00a0 \u00a0 \u00a0 \u00a0 \u00a0\u00a0<\/span><\/h3>\n<h3>\u201cThese Nigiri are Great! Jelly-Filled are my Favourite: Unpacking Anime\u2019s Position Within 1990s American Culture\u201d<\/h3>\n<blockquote><p>Jason Crozier is a PhD student in the Cultural Studies program at Queen\u2019s University. His research on the importation and localization of Japanese anime in North America focuses on questions of orientalism, commodified and common sense racism, and the reframing of the Japanese-American relationship post-WWII. He looks at authority within anime fan communities and the prioritization of white voices within fan spaces and sites of anime production globally. Jason\u2019s previous work focused on the racialization and commodification of Black professional wrestlers, arguing for a renewed focus on wrestling as a significant site of cultural expression and scholarly negotiation.<\/p><\/blockquote>\n<h3><span style=\"text-decoration: underline;\">Victoria Pelky<span class=\"Apple-converted-space\">\u00a0<\/span>(Carleton University)<\/span><span class=\"Apple-converted-space\">\u00a0 \u00a0 \u00a0 \u00a0 \u00a0 \u00a0 \u00a0 \u00a0 \u00a0 \u00a0 \u00a0 \u00a0 \u00a0 \u00a0 \u00a0 \u00a0 \u00a0 \u00a0 \u00a0 \u00a0 \u00a0 \u00a0 \u00a0 \u00a0 \u00a0\u00a0<\/span><\/h3>\n<h3>\u201cDark Side of Nature: Societies Fascination with Dark History, Serial Killers and Other Dark Elements\u201d<\/h3>\n<blockquote>\n<p style=\"font-weight: 400;\">Victoria Pelky is a second-year Ph.D. student in the school of Indigenous and Canadian Studies here at Carleton University. After concluding her undergraduate degree in History and French at Trent, her master\u2019s research focused on the place of Francophone minorities in Canada and the role of language in politics and in fostering community identities. Now, as Ph.D. student, she is looking at the representation of Indigenous peoples in Canadian Museums and the larger impact of institutions on the creation and perpetuation of Canada\u2019s colonial national identity. With her interest in public and self-understanding and her interest in dark history stemming from watching the many documentaries on various streaming platforms, she looks to understand why we watch and do what we do and how does that affect us.<\/p>\n<\/blockquote>\n<h3><span style=\"text-decoration: underline;\"><strong>Liza Wemakor (UC Riverside)<\/strong><\/span><span class=\"Apple-converted-space\">\u00a0 \u00a0 \u00a0 \u00a0 \u00a0 \u00a0 \u00a0 \u00a0 \u00a0 \u00a0 \u00a0 \u00a0 \u00a0 \u00a0 \u00a0 \u00a0 \u00a0 \u00a0 \u00a0 \u00a0 \u00a0 \u00a0 \u00a0 \u00a0\u00a0<\/span><\/h3>\n<h3>\u201cElectric Relaxation: Black Women\u2019s Love, Black Men\u2019s Perspectives\u201d<\/h3>\n<blockquote>\n<p style=\"font-weight: 400;\">Liza Wemakor is a second-year English Ph.D. student at UC Riverside, where she studies black feminist fictions, with a focus on speculative fiction and &#8220;black naturalism&#8221; in twentieth and twenty-first century American media. Wemakor also writes speculative fiction; her debut novella (\u2018Loving Safoa\u2019) will be published by Neon Hemlock Press in 2023.https:\/\/carleton-ca.zoom.us\/j\/93933794135?pwd=RXhoY1BBcjBYTEFWSWJpaGliRkVYUT09<\/p>\n<\/blockquote>\n","protected":false},"excerpt":{"rendered":"<p>Interface 2023 The Cultural Inbetween: Exploring Distinctions Within Popular Culture Virtual Conference Date: Thursday, April 27th, 2023 This virtual one-day conference seeks to draw together interdisciplinary presentations to create a generative and multidisciplinary understanding of popular culture. Presentations of 15 minutes will be organized in round tables followed by a Q&amp;A and discussion to encourage [&hellip;]<\/p>\n","protected":false},"author":3,"featured_media":0,"parent":457,"menu_order":3,"comment_status":"closed","ping_status":"closed","template":"","meta":{"_relevanssi_hide_post":"","_relevanssi_hide_content":"","_relevanssi_pin_for_all":"","_relevanssi_pin_keywords":"","_relevanssi_unpin_keywords":"","_relevanssi_related_keywords":"","_relevanssi_related_include_ids":"","_relevanssi_related_exclude_ids":"","_relevanssi_related_no_append":"","_relevanssi_related_not_related":"","_relevanssi_related_posts":"","_relevanssi_noindex_reason":"","_mi_skip_tracking":false,"_exactmetrics_sitenote_active":false,"_exactmetrics_sitenote_note":"","_exactmetrics_sitenote_category":0,"footnotes":"","_links_to":"","_links_to_target":""},"yoast_head":"<!-- This site is optimized with the Yoast SEO plugin v21.2 - https:\/\/yoast.com\/wordpress\/plugins\/seo\/ -->\n<title>Interface 2023 - Cultural Mediations<\/title>\n<meta name=\"description\" content=\"&nbsp; Interface 2023 The Cultural Inbetween: Exploring Distinctions Within Popular Culture Virtual Conference Date: Thursday, April 27th, 2023 This\" \/>\n<meta name=\"robots\" content=\"index, follow, max-snippet:-1, max-image-preview:large, max-video-preview:-1\" \/>\n<link rel=\"canonical\" href=\"https:\/\/carleton.ca\/culturalmediations\/news-events\/icslac-student-colloquium-interface-2023\/\" \/>\n<meta name=\"twitter:label1\" content=\"Est. reading time\" \/>\n\t<meta name=\"twitter:data1\" content=\"6 minutes\" \/>\n<script type=\"application\/ld+json\" class=\"yoast-schema-graph\">{\"@context\":\"https:\/\/schema.org\",\"@graph\":[{\"@type\":\"WebPage\",\"@id\":\"https:\/\/carleton.ca\/culturalmediations\/news-events\/icslac-student-colloquium-interface-2023\/\",\"url\":\"https:\/\/carleton.ca\/culturalmediations\/news-events\/icslac-student-colloquium-interface-2023\/\",\"name\":\"Interface 2023 - Cultural Mediations\",\"isPartOf\":{\"@id\":\"https:\/\/carleton.ca\/culturalmediations\/#website\"},\"datePublished\":\"2021-01-07T19:42:44+00:00\",\"dateModified\":\"2024-01-11T20:54:26+00:00\",\"description\":\"&nbsp; Interface 2023 The Cultural Inbetween: Exploring Distinctions Within Popular Culture Virtual Conference Date: Thursday, April 27th, 2023 This\",\"breadcrumb\":{\"@id\":\"https:\/\/carleton.ca\/culturalmediations\/news-events\/icslac-student-colloquium-interface-2023\/#breadcrumb\"},\"inLanguage\":\"en-US\",\"potentialAction\":[{\"@type\":\"ReadAction\",\"target\":[\"https:\/\/carleton.ca\/culturalmediations\/news-events\/icslac-student-colloquium-interface-2023\/\"]}]},{\"@type\":\"BreadcrumbList\",\"@id\":\"https:\/\/carleton.ca\/culturalmediations\/news-events\/icslac-student-colloquium-interface-2023\/#breadcrumb\",\"itemListElement\":[{\"@type\":\"ListItem\",\"position\":1,\"name\":\"Home\",\"item\":\"https:\/\/carleton.ca\/culturalmediations\/\"},{\"@type\":\"ListItem\",\"position\":2,\"name\":\"News &#038; Events\",\"item\":\"http:\/\/carleton.ca\/culturalmediations\/\"},{\"@type\":\"ListItem\",\"position\":3,\"name\":\"Interface 2023\"}]},{\"@type\":\"WebSite\",\"@id\":\"https:\/\/carleton.ca\/culturalmediations\/#website\",\"url\":\"https:\/\/carleton.ca\/culturalmediations\/\",\"name\":\"Cultural Mediations\",\"description\":\"Carleton University\",\"potentialAction\":[{\"@type\":\"SearchAction\",\"target\":{\"@type\":\"EntryPoint\",\"urlTemplate\":\"https:\/\/carleton.ca\/culturalmediations\/?s={search_term_string}\"},\"query-input\":\"required name=search_term_string\"}],\"inLanguage\":\"en-US\"}]}<\/script>\n<!-- \/ Yoast SEO plugin. -->","yoast_head_json":{"title":"Interface 2023 - Cultural Mediations","description":"&nbsp; Interface 2023 The Cultural Inbetween: Exploring Distinctions Within Popular Culture Virtual Conference Date: Thursday, April 27th, 2023 This","robots":{"index":"index","follow":"follow","max-snippet":"max-snippet:-1","max-image-preview":"max-image-preview:large","max-video-preview":"max-video-preview:-1"},"canonical":"https:\/\/carleton.ca\/culturalmediations\/news-events\/icslac-student-colloquium-interface-2023\/","twitter_misc":{"Est. reading time":"6 minutes"},"schema":{"@context":"https:\/\/schema.org","@graph":[{"@type":"WebPage","@id":"https:\/\/carleton.ca\/culturalmediations\/news-events\/icslac-student-colloquium-interface-2023\/","url":"https:\/\/carleton.ca\/culturalmediations\/news-events\/icslac-student-colloquium-interface-2023\/","name":"Interface 2023 - Cultural Mediations","isPartOf":{"@id":"https:\/\/carleton.ca\/culturalmediations\/#website"},"datePublished":"2021-01-07T19:42:44+00:00","dateModified":"2024-01-11T20:54:26+00:00","description":"&nbsp; Interface 2023 The Cultural Inbetween: Exploring Distinctions Within Popular Culture Virtual Conference Date: Thursday, April 27th, 2023 This","breadcrumb":{"@id":"https:\/\/carleton.ca\/culturalmediations\/news-events\/icslac-student-colloquium-interface-2023\/#breadcrumb"},"inLanguage":"en-US","potentialAction":[{"@type":"ReadAction","target":["https:\/\/carleton.ca\/culturalmediations\/news-events\/icslac-student-colloquium-interface-2023\/"]}]},{"@type":"BreadcrumbList","@id":"https:\/\/carleton.ca\/culturalmediations\/news-events\/icslac-student-colloquium-interface-2023\/#breadcrumb","itemListElement":[{"@type":"ListItem","position":1,"name":"Home","item":"https:\/\/carleton.ca\/culturalmediations\/"},{"@type":"ListItem","position":2,"name":"News &#038; Events","item":"http:\/\/carleton.ca\/culturalmediations\/"},{"@type":"ListItem","position":3,"name":"Interface 2023"}]},{"@type":"WebSite","@id":"https:\/\/carleton.ca\/culturalmediations\/#website","url":"https:\/\/carleton.ca\/culturalmediations\/","name":"Cultural Mediations","description":"Carleton University","potentialAction":[{"@type":"SearchAction","target":{"@type":"EntryPoint","urlTemplate":"https:\/\/carleton.ca\/culturalmediations\/?s={search_term_string}"},"query-input":"required name=search_term_string"}],"inLanguage":"en-US"}]}},"acf":{"banner_image_type":"upload","banner_button":"no","banner_uploaded_image":{"ID":5970,"id":5970,"title":"Interface 2023 Banner Image","filename":"851FF94B-4479-4368-8FEE-0614B58187A0.jpeg","filesize":544396,"url":"https:\/\/carleton.ca\/culturalmediations\/wp-content\/uploads\/851FF94B-4479-4368-8FEE-0614B58187A0.jpeg","link":"https:\/\/carleton.ca\/culturalmediations\/news-events\/icslac-student-colloquium-interface-2023\/851ff94b-4479-4368-8fee-0614b58187a0\/","alt":"","author":"27","description":"","caption":"","name":"851ff94b-4479-4368-8fee-0614b58187a0","status":"inherit","uploaded_to":636,"date":"2022-12-05 16:19:39","modified":"2022-12-05 16:19:50","menu_order":0,"mime_type":"image\/jpeg","type":"image","subtype":"jpeg","icon":"https:\/\/carleton.ca\/culturalmediations\/wp\/wp-includes\/images\/media\/default.png","width":1600,"height":700,"sizes":{"thumbnail":"https:\/\/carleton.ca\/culturalmediations\/wp-content\/uploads\/851FF94B-4479-4368-8FEE-0614B58187A0-160x70.jpeg","thumbnail-width":160,"thumbnail-height":70,"medium":"https:\/\/carleton.ca\/culturalmediations\/wp-content\/uploads\/851FF94B-4479-4368-8FEE-0614B58187A0-240x105.jpeg","medium-width":240,"medium-height":105,"medium_large":"https:\/\/carleton.ca\/culturalmediations\/wp-content\/uploads\/851FF94B-4479-4368-8FEE-0614B58187A0-768x336.jpeg","medium_large-width":768,"medium_large-height":336,"large":"https:\/\/carleton.ca\/culturalmediations\/wp-content\/uploads\/851FF94B-4479-4368-8FEE-0614B58187A0-400x175.jpeg","large-width":400,"large-height":175,"gallery-thumb":"https:\/\/carleton.ca\/culturalmediations\/wp-content\/uploads\/851FF94B-4479-4368-8FEE-0614B58187A0-300x230.jpeg","gallery-thumb-width":300,"gallery-thumb-height":230,"1536x1536":"https:\/\/carleton.ca\/culturalmediations\/wp-content\/uploads\/851FF94B-4479-4368-8FEE-0614B58187A0-1536x672.jpeg","1536x1536-width":1536,"1536x1536-height":672,"2048x2048":"https:\/\/carleton.ca\/culturalmediations\/wp-content\/uploads\/851FF94B-4479-4368-8FEE-0614B58187A0.jpeg","2048x2048-width":1600,"2048x2048-height":700,"banner":"https:\/\/carleton.ca\/culturalmediations\/wp-content\/uploads\/851FF94B-4479-4368-8FEE-0614B58187A0.jpeg","banner-width":1600,"banner-height":700,"people":"https:\/\/carleton.ca\/culturalmediations\/wp-content\/uploads\/851FF94B-4479-4368-8FEE-0614B58187A0-200x200.jpeg","people-width":200,"people-height":200,"post-thumb":"https:\/\/carleton.ca\/culturalmediations\/wp-content\/uploads\/851FF94B-4479-4368-8FEE-0614B58187A0-300x230.jpeg","post-thumb-width":300,"post-thumb-height":230,"rotator-image":"https:\/\/carleton.ca\/culturalmediations\/wp-content\/uploads\/851FF94B-4479-4368-8FEE-0614B58187A0-800x600.jpeg","rotator-image-width":800,"rotator-image-height":600,"video-thumb":"https:\/\/carleton.ca\/culturalmediations\/wp-content\/uploads\/851FF94B-4479-4368-8FEE-0614B58187A0-360x158.jpeg","video-thumb-width":360,"video-thumb-height":158}},"banner_opacity":"default"},"_links":{"self":[{"href":"https:\/\/carleton.ca\/culturalmediations\/wp-json\/wp\/v2\/pages\/636"}],"collection":[{"href":"https:\/\/carleton.ca\/culturalmediations\/wp-json\/wp\/v2\/pages"}],"about":[{"href":"https:\/\/carleton.ca\/culturalmediations\/wp-json\/wp\/v2\/types\/page"}],"author":[{"embeddable":true,"href":"https:\/\/carleton.ca\/culturalmediations\/wp-json\/wp\/v2\/users\/3"}],"replies":[{"embeddable":true,"href":"https:\/\/carleton.ca\/culturalmediations\/wp-json\/wp\/v2\/comments?post=636"}],"version-history":[{"count":4,"href":"https:\/\/carleton.ca\/culturalmediations\/wp-json\/wp\/v2\/pages\/636\/revisions"}],"predecessor-version":[{"id":6574,"href":"https:\/\/carleton.ca\/culturalmediations\/wp-json\/wp\/v2\/pages\/636\/revisions\/6574"}],"up":[{"embeddable":true,"href":"https:\/\/carleton.ca\/culturalmediations\/wp-json\/wp\/v2\/pages\/457"}],"wp:attachment":[{"href":"https:\/\/carleton.ca\/culturalmediations\/wp-json\/wp\/v2\/media?parent=636"}],"curies":[{"name":"wp","href":"https:\/\/api.w.org\/{rel}","templated":true}]}}