{"id":716,"date":"2012-03-08T14:26:16","date_gmt":"2012-03-08T19:26:16","guid":{"rendered":"http:\/\/carleton.ca\/icslac\/?page_id=716"},"modified":"2013-10-09T11:15:19","modified_gmt":"2013-10-09T15:15:19","slug":"mappingmodernisms","status":"publish","type":"page","link":"https:\/\/carleton.ca\/culturalmediations\/mappingmodernisms\/","title":{"rendered":"Mapping Modernisms Symposium"},"content":{"rendered":"<p style=\"text-align: center;\" align=\"center\">We invite you to join us in Ottawa for a Public Symposium:<\/p>\n<p style=\"text-align: center;\" align=\"center\"><em>{La version fran\u00e7aise appara\u00eet ci-dessous}<\/em><\/p>\n<p style=\"text-align: center;\" align=\"center\"><a href=\"http:\/\/carleton.ca\/icslac\/?attachment_id=821\"><img decoding=\"async\" loading=\"lazy\" class=\"aligncenter size-large wp-image-821\" title=\"MappingModernisms_HeaderMedium\" alt=\"Image of Mapping Modernisms Poster\" src=\"http:\/\/carleton.ca\/culturalmediations\/wp-content\/uploads\/MMHeaderMedium-400x140.jpg\" width=\"400\" height=\"140\" \/><\/a><\/p>\n<p style=\"text-align: center;\"><strong>Thursday May 10, 2012: 9am to 5pm<\/strong><\/p>\n<p style=\"text-align: center;\"><strong>National Gallery of Canada, 380 Sussex Drive, Ottawa<\/strong><\/p>\n<p>The <em>Mapping Modernisms:\u00a0Transcultural Exchanges in Twentieth-Century Global Art<\/em><span class=\"Apple-style-span\" style=\"font-size: 13px; font-weight: normal;\">\u00a0symposium is the first of a <a href=\"http:\/\/carleton.ca\/icslac\/mappingmodernisms\/multiple-modernisms-project\">series of international meetings<\/a> that will be held over the next four years to explore the global emergence of multiple forms of artistic modernism during the 20<sup>th<\/sup> century. In this launch symposium leading scholars from Africa, North America, Europe, New Zealand and Australia will present pioneering research on Australian Aboriginal, South African, West African, African-American, Canadian Aboriginal, Pacific Islands and Papua New Guinea modern arts. Their talks will map the ways in which the global patterns of travel and circulation of artists, mentors and ideas resulted in unique extensions, enrichments, and reinventions of the modern in art. The symposium is being convened by Ruth Phillips and Elizabeth Harney.<\/span><\/p>\n<p align=\"center\"><strong>SPEAKERS:<\/strong><strong><\/strong><\/p>\n<p align=\"center\"><strong>Bill Anthes <\/strong>(Pitzer College, Los Angeles)<\/p>\n<p align=\"center\"><strong>Peter Brunt <\/strong>(Victoria University, New Zealand)<\/p>\n<p align=\"center\"><strong>Elizabeth Harney<\/strong> (University of Toronto)<strong><\/strong><\/p>\n<p align=\"center\"><strong>Sandra Klopper <\/strong>(University of Cape Town, South Africa)<\/p>\n<p align=\"center\"><strong>Ian McLean <\/strong>(University of Wollongong, Australia)<\/p>\n<p align=\"center\"><strong>Anitra Nettleton <\/strong>(University of Witwatersrand, South Africa)<\/p>\n<p align=\"center\"><strong>Ruth Phillips<\/strong> (Carleton University)<strong><\/strong><\/p>\n<p align=\"center\"><strong>W. Jackson Rushing III <\/strong>(University of Oklahoma)<\/p>\n<p align=\"center\"><strong>Nicholas Thomas <\/strong>(University of Cambridge)<\/p>\n<p align=\"center\"><strong>Susan Vogel <\/strong>(Independent Scholar)<\/p>\n<p align=\"center\"><strong>Norman Vorano <\/strong>(Canadian Museum of Civilization)<\/p>\n<p><\/p>\n<p><strong>EVENING RECEPTION AND CANADIAN ABORIGINAL ART ROUNDTABLE:<\/strong><\/p>\n<p>An evening reception hosted by the\u00a0<a href=\"http:\/\/www.civilization.ca\/home\" target=\"_blank\">Canadian Museum of Civilization<\/a>\u00a0will follow the symposium. It will feature a roundtable discussion in which members of the\u00a0<a href=\"http:\/\/www.aboriginalcuratorialcollective.org\/mainpage.html\" target=\"_blank\">Aboriginal Curatorial Collective<\/a>\u00a0will respond to the day&#8217;s presentations from the perspective of Canadian Aboriginal modernisms. This evening event will enable attendees to meet the symposium speakers and continue discussion informally over a light supper. It is designed to encourage the formation of a network of scholars, curators, artists, cultural officers and teachers with shared interests in multiple modernisms who can generate and participate in future projects and symposia. As places for the evening event are limited, please email us at <a href=\"ma&#105;&#108;&#x74;&#x6f;&#x3a;&#x6d;ap&#112;&#105;&#x6e;&#x67;&#x6d;&#x6f;de&#114;&#110;&#105;&#x73;&#x6d;&#x73;&#x40;ca&#114;&#108;&#x65;&#x74;&#x6f;&#x6e;&#46;c&#97;\">&#109;&#x61;&#x70;p&#105;&#x6e;g&#109;&#x6f;&#x64;&#101;&#x72;&#x6e;i&#115;&#x6d;s&#64;&#x63;&#x61;&#114;&#x6c;&#x65;t&#111;&#x6e;&#46;&#99;&#x61;<\/a> by April 10<sup>th<\/sup> stating your desire to attend and outlining your interest in multiple modernisms.<\/p>\n<p><\/p>\n<p align=\"center\"><strong>Registration Fees: <\/strong>$25 fully-employed; $10 students or under-employed;\u00a0Free for staff of the NGC and CMC.<\/p>\n<p align=\"center\">Please register in advance by filling out our <a href=\"http:\/\/carleton.ca\/icslac\/mappingmodernisms\/registrationmm\">online registration form here.<\/a><\/p>\n<p align=\"center\">Registration will also be available on-site on May 10th.<\/p>\n<p align=\"center\"><strong><br \/>\n<\/strong><\/p>\n<p align=\"center\"><strong>Email: <\/strong><a href=\"&#109;&#x61;&#105;&#x6c;t&#x6f;:&#109;&#x61;&#112;&#x70;i&#x6e;g&#109;&#x6f;&#100;&#x65;r&#x6e;i&#115;&#x6d;&#115;&#x40;c&#x61;r&#108;&#x65;&#116;&#x6f;n&#x2e;c&#97;\">&#x6d;&#97;&#x70;&#x70;&#105;&#x6e;&#103;m&#x6f;&#100;e&#x72;&#110;i&#x73;&#109;s&#x40;&#99;&#x61;&#x72;&#108;&#x65;&#x74;&#111;&#x6e;&#46;c&#x61;<\/a><\/p>\n<p style=\"text-align: center;\">\u00a0<em>* Image: Daphne Odjig, &#8220;Escape&#8221;<\/em><\/p>\n<p align=\"center\"><strong>THANKS TO OUR PARTNERS:<\/strong><\/p>\n<p align=\"center\">Ontario\u2019s Ministry of Economic Development &amp; Innovation<\/p>\n<p align=\"center\">The National Gallery of Canada<\/p>\n<p align=\"center\">The Canadian Museum of Civilization<\/p>\n<p align=\"center\">Carleton University<\/p>\n<p align=\"center\">University of Toronto<\/p>\n<p align=\"center\"><a href=\"http:\/\/carleton.ca\/icslac\/?attachment_id=822\"><img decoding=\"async\" loading=\"lazy\" class=\"aligncenter size-large wp-image-822\" title=\"MappingModernisms_Logos2\" alt=\"\" src=\"http:\/\/carleton.ca\/culturalmediations\/wp-content\/uploads\/MMLogos2-400x36.jpg\" width=\"400\" height=\"36\" \/><\/a><\/p>\n<p align=\"center\"><em>****<\/em><\/p>\n<p align=\"center\">Nous vous invitons \u00e0 nous rejoindre pour un symposium public<\/p>\n<p align=\"center\"><strong>\u00a0<\/strong><\/p>\n<p align=\"center\"><strong>Cartographier le modernisme<\/strong><\/p>\n<p align=\"center\"><strong><\/strong><strong>\u00c9changes transculturels dans l\u2019art mondial au 20e si\u00e8cle<\/strong><\/p>\n<p align=\"center\"><strong><a href=\"http:\/\/carleton.ca\/icslac\/?attachment_id=936\"><img decoding=\"async\" loading=\"lazy\" class=\"aligncenter size-large wp-image-936\" title=\"MM_FrenchBanner\" alt=\"\" src=\"http:\/\/carleton.ca\/culturalmediations\/wp-content\/uploads\/MM_FrenchBanner-400x62.jpg\" width=\"400\" height=\"62\" \/><\/a><\/strong><\/p>\n<p align=\"center\"><strong>Le jeudi 10 mai 2012 &#8211; De 9 h \u00e0 17 h<\/strong><\/p>\n<p align=\"center\"><strong>\u00a0Mus\u00e9e des beaux-arts du Canada, Ottawa<\/strong><\/p>\n<p align=\"center\"><strong>\u00a0<\/strong><\/p>\n<p>Le symposium Mapping Modernisms (Cartographier le modernisme) est la premi\u00e8re d\u2019une s\u00e9rie de rencontres internationales qui se tiendront au cours des quatre prochaines ann\u00e9es pour explorer l\u2019\u00e9mergence mondiale de multiples formes du modernisme artistique au cours du 20e si\u00e8cle. Lors de ce symposium inaugural, des chercheurs \u00e9minents d\u2019Afrique, d\u2019Am\u00e9rique du Nord, d\u2019Europe, de Nouvelle-Z\u00e9lande et d\u2019Australie pr\u00e9senteront leurs recherches de pointe sur les arts modernes des Aborig\u00e8nes de l\u2019Australie, de l\u2019Afrique du Sud, de l\u2019Afrique de l\u2019Ouest, des Afro-Am\u00e9ricains, des autochtones canadiens, des \u00eeles du Pacifique et de Papouasie-Nouvelle-Guin\u00e9e. Leurs expos\u00e9s permettront de cartographier les fa\u00e7ons dont les tendances mondiales de d\u00e9placement et de circulation des artistes, des mentors et des id\u00e9es ont engendr\u00e9 des d\u00e9ploiements, des enrichissements et des relectures exceptionnels de la modernit\u00e9 dans l\u2019art. Le symposium est organis\u00e9 par Ruth Phillips et Elizabeth Harney. Pour avoir plus de renseignements sur le programme, veuillez consulter le site Web de la conf\u00e9rence\u00a0\u00e0 l\u2019adresse suivante\u00a0: <a href=\"http:\/\/carleton.ca\/icslac\/mappingmodernisms\/\">http:\/\/carleton.ca\/icslac\/mappingmodernisms\/<\/a>.<\/p>\n<p><\/p>\n<p align=\"center\"><strong>Conf\u00e9renciers :<\/strong><\/p>\n<p align=\"center\">\u00a0<strong>Bill Anthes <\/strong>(Universit\u00e9 Pitzer, Los Angeles, \u00c9tats-Unis)<\/p>\n<p align=\"center\">\u00a0<strong>Peter Brunt <\/strong>(Universit\u00e9 Victoria, Nouvelle-Z\u00e9lande)<\/p>\n<p align=\"center\">\u00a0<strong>Elizabeth Harney<\/strong> (Universit\u00e9 de Toronto, Canada)<\/p>\n<p align=\"center\">\u00a0<strong>Sandra Klopper <\/strong>(Universit\u00e9 du Cap, Afrique du Sud)<\/p>\n<p align=\"center\">\u00a0<strong>Ian McLean <\/strong>(Universit\u00e9 de Wollongong, Australie)<\/p>\n<p align=\"center\">\u00a0<strong>Anitra Nettleton <\/strong>(Universit\u00e9 de Witwatersrand, Afrique du Sud)<\/p>\n<p align=\"center\">\u00a0<strong>Ruth Phillips<\/strong> (Universit\u00e9 Carleton, Canada)<\/p>\n<p align=\"center\">\u00a0<strong>W. Jackson Rushing III <\/strong>(Universit\u00e9 d\u2019Oklahoma, \u00c9tats-Unis)<\/p>\n<p align=\"center\">\u00a0<strong>Nicholas Thomas <\/strong>(Universit\u00e9 de Cambridge, Royaume-Uni)<\/p>\n<p align=\"center\">\u00a0<strong>Susan Vogel <\/strong>(Chercheure ind\u00e9pendante)<\/p>\n<p align=\"center\">\u00a0<strong>Norman Vorano <\/strong>(Mus\u00e9e canadien des civilisations)<\/p>\n<p><\/p>\n<p><strong>\u00a0<\/strong><\/p>\n<p align=\"center\"><strong>Frais d\u2019inscription : <\/strong>25 $ pour les employ\u00e9(e)s \u00e0 temps plein ; 10 $ pour les \u00e9tudiant(e)s ou sous-employ\u00e9(e)s ;<br \/>\ngratuit pour les employ\u00e9(e)s du Mus\u00e9e des beaux-arts du Canada et du Mapping Modernisms Symposium<\/p>\n<p align=\"center\">\u00a0Pr\u00e9-inscription au <a href=\"http:\/\/carleton.ca\/icslac\/mappingmodernisms\/\">http:\/\/carleton.ca\/icslac\/mappingmodernisms\/<\/a><strong><\/strong><\/p>\n<p align=\"center\"><strong>\u00a0Par courriel<\/strong><strong> : <\/strong><a href=\"file:&#47;&#x2f;l&#x6f;&#x63;&#97;&#x6c;h&#x6f;&#x73;&#116;&#x2f;C&#x2f;&#x44;&#111;&#x63;u&#x6d;&#x65;&#110;&#x74;s&#x25;&#x32;&#48;&#x61;n&#x64;&#x25;&#50;&#x30;S&#x65;&#x74;&#116;&#x69;n&#x67;&#x73;&#47;&#x42;M&#x61;&#x6c;&#108;&#x65;t&#x2f;&#x4c;&#111;&#x63;a&#x6c;&#x25;&#50;&#x30;S&#x65;&#x74;&#116;&#x69;n&#x67;&#x73;&#47;&#x54;e&#x6d;&#x70;&#111;&#x72;a&#x72;&#x79;&#37;&#x32;0&#x49;&#x6e;&#116;&#x65;r&#x6e;&#x65;&#116;&#x25;2&#x30;&#x46;&#105;&#x6c;e&#x73;&#x2f;&#79;&#x4c;K&#x31;&#x45;&#68;&#x2f;m&#x61;&#x70;&#112;&#x69;n&#x67;&#x6d;&#111;&#x64;e&#x72;&#x6e;&#105;&#x73;m&#x73;&#x40;&#99;&#x61;r&#x6c;&#x65;&#116;&#x6f;n&#x2e;&#x63;&#97;\">&#x6d;&#x61;&#x70;&#x70;&#x69;&#x6e;&#x67;&#x6d;&#x6f;&#x64;&#x65;&#x72;&#x6e;&#x69;&#x73;&#x6d;&#x73;&#x40;&#x63;&#x61;&#x72;&#x6c;&#x65;&#x74;&#x6f;&#x6e;&#x2e;&#x63;&#x61;<\/a><strong><\/strong><\/p>\n<p><strong>\u00a0<\/strong><\/p>\n<p align=\"center\"><strong>\u00a0<\/strong><strong>Merci de bien vouloir faire circuler cette annonce aux personnes int\u00e9ress\u00e9es.<\/strong><\/p>\n<p align=\"center\"><strong>\u00a0<\/strong><\/p>\n<p align=\"center\"><strong>\u00a0<\/strong><strong>MERCI \u00c0 NOS PARTENAIRES :<\/strong><\/p>\n<p align=\"center\"><strong><br \/>\n<\/strong><\/p>\n<p align=\"center\">\u00a0<a href=\"http:\/\/carleton.ca\/icslac\/?attachment_id=822\"><img decoding=\"async\" loading=\"lazy\" title=\"MappingModernisms_Logos2\" alt=\"\" src=\"http:\/\/carleton.ca\/culturalmediations\/wp-content\/uploads\/MMLogos2-400x36.jpg\" width=\"400\" height=\"36\" \/><\/a><\/p>\n","protected":false},"excerpt":{"rendered":"<p>We invite you to join us in Ottawa for a Public Symposium: {La version fran\u00e7aise appara\u00eet ci-dessous} Thursday May 10, 2012: 9am to 5pm National Gallery of Canada, 380 Sussex Drive, Ottawa The Mapping Modernisms:\u00a0Transcultural Exchanges in Twentieth-Century Global Art\u00a0symposium is the first of a series of international meetings that will be held over the [&hellip;]<\/p>\n","protected":false},"author":3,"featured_media":0,"parent":0,"menu_order":18,"comment_status":"open","ping_status":"open","template":"","meta":{"_relevanssi_hide_post":"","_relevanssi_hide_content":"","_relevanssi_pin_for_all":"","_relevanssi_pin_keywords":"","_relevanssi_unpin_keywords":"","_relevanssi_related_keywords":"","_relevanssi_related_include_ids":"","_relevanssi_related_exclude_ids":"","_relevanssi_related_no_append":"","_relevanssi_related_not_related":"","_relevanssi_related_posts":"","_relevanssi_noindex_reason":"","_mi_skip_tracking":false,"_exactmetrics_sitenote_active":false,"_exactmetrics_sitenote_note":"","_exactmetrics_sitenote_category":0,"footnotes":"","_links_to":"","_links_to_target":""},"yoast_head":"<!-- This site is optimized with the Yoast SEO plugin v21.2 - https:\/\/yoast.com\/wordpress\/plugins\/seo\/ -->\n<title>Mapping Modernisms Symposium: Ottawa, 10 May 2012<\/title>\n<meta name=\"description\" content=\"The Mapping Modernisms symposium will explore the global emergence of multiple forms of artistic modernism during the 20th century.\" \/>\n<meta name=\"robots\" content=\"index, follow, max-snippet:-1, max-image-preview:large, max-video-preview:-1\" \/>\n<link rel=\"canonical\" href=\"https:\/\/carleton.ca\/culturalmediations\/mappingmodernisms\/\" \/>\n<meta name=\"twitter:label1\" content=\"Est. reading time\" \/>\n\t<meta name=\"twitter:data1\" content=\"4 minutes\" \/>\n<script type=\"application\/ld+json\" class=\"yoast-schema-graph\">{\"@context\":\"https:\/\/schema.org\",\"@graph\":[{\"@type\":\"WebPage\",\"@id\":\"https:\/\/carleton.ca\/culturalmediations\/mappingmodernisms\/\",\"url\":\"https:\/\/carleton.ca\/culturalmediations\/mappingmodernisms\/\",\"name\":\"Mapping Modernisms Symposium: Ottawa, 10 May 2012\",\"isPartOf\":{\"@id\":\"https:\/\/carleton.ca\/culturalmediations\/#website\"},\"datePublished\":\"2012-03-08T19:26:16+00:00\",\"dateModified\":\"2013-10-09T15:15:19+00:00\",\"description\":\"The Mapping Modernisms symposium will explore the global emergence of multiple forms of artistic modernism during the 20th century.\",\"breadcrumb\":{\"@id\":\"https:\/\/carleton.ca\/culturalmediations\/mappingmodernisms\/#breadcrumb\"},\"inLanguage\":\"en-US\",\"potentialAction\":[{\"@type\":\"ReadAction\",\"target\":[\"https:\/\/carleton.ca\/culturalmediations\/mappingmodernisms\/\"]}]},{\"@type\":\"BreadcrumbList\",\"@id\":\"https:\/\/carleton.ca\/culturalmediations\/mappingmodernisms\/#breadcrumb\",\"itemListElement\":[{\"@type\":\"ListItem\",\"position\":1,\"name\":\"Home\",\"item\":\"https:\/\/carleton.ca\/culturalmediations\/\"},{\"@type\":\"ListItem\",\"position\":2,\"name\":\"Mapping Modernisms Symposium\"}]},{\"@type\":\"WebSite\",\"@id\":\"https:\/\/carleton.ca\/culturalmediations\/#website\",\"url\":\"https:\/\/carleton.ca\/culturalmediations\/\",\"name\":\"Cultural Mediations\",\"description\":\"Carleton University\",\"potentialAction\":[{\"@type\":\"SearchAction\",\"target\":{\"@type\":\"EntryPoint\",\"urlTemplate\":\"https:\/\/carleton.ca\/culturalmediations\/?s={search_term_string}\"},\"query-input\":\"required name=search_term_string\"}],\"inLanguage\":\"en-US\"}]}<\/script>\n<!-- \/ Yoast SEO plugin. -->","yoast_head_json":{"title":"Mapping Modernisms Symposium: Ottawa, 10 May 2012","description":"The Mapping Modernisms symposium will explore the global emergence of multiple forms of artistic modernism during the 20th century.","robots":{"index":"index","follow":"follow","max-snippet":"max-snippet:-1","max-image-preview":"max-image-preview:large","max-video-preview":"max-video-preview:-1"},"canonical":"https:\/\/carleton.ca\/culturalmediations\/mappingmodernisms\/","twitter_misc":{"Est. reading time":"4 minutes"},"schema":{"@context":"https:\/\/schema.org","@graph":[{"@type":"WebPage","@id":"https:\/\/carleton.ca\/culturalmediations\/mappingmodernisms\/","url":"https:\/\/carleton.ca\/culturalmediations\/mappingmodernisms\/","name":"Mapping Modernisms Symposium: Ottawa, 10 May 2012","isPartOf":{"@id":"https:\/\/carleton.ca\/culturalmediations\/#website"},"datePublished":"2012-03-08T19:26:16+00:00","dateModified":"2013-10-09T15:15:19+00:00","description":"The Mapping Modernisms symposium will explore the global emergence of multiple forms of artistic modernism during the 20th century.","breadcrumb":{"@id":"https:\/\/carleton.ca\/culturalmediations\/mappingmodernisms\/#breadcrumb"},"inLanguage":"en-US","potentialAction":[{"@type":"ReadAction","target":["https:\/\/carleton.ca\/culturalmediations\/mappingmodernisms\/"]}]},{"@type":"BreadcrumbList","@id":"https:\/\/carleton.ca\/culturalmediations\/mappingmodernisms\/#breadcrumb","itemListElement":[{"@type":"ListItem","position":1,"name":"Home","item":"https:\/\/carleton.ca\/culturalmediations\/"},{"@type":"ListItem","position":2,"name":"Mapping Modernisms Symposium"}]},{"@type":"WebSite","@id":"https:\/\/carleton.ca\/culturalmediations\/#website","url":"https:\/\/carleton.ca\/culturalmediations\/","name":"Cultural Mediations","description":"Carleton University","potentialAction":[{"@type":"SearchAction","target":{"@type":"EntryPoint","urlTemplate":"https:\/\/carleton.ca\/culturalmediations\/?s={search_term_string}"},"query-input":"required name=search_term_string"}],"inLanguage":"en-US"}]}},"acf":{"banner_image_type":null,"banner_uploaded_image":null,"banner_hosted_image":null,"banner_opacity":null,"banner_button":null,"banner_buttons":null},"_links":{"self":[{"href":"https:\/\/carleton.ca\/culturalmediations\/wp-json\/wp\/v2\/pages\/716"}],"collection":[{"href":"https:\/\/carleton.ca\/culturalmediations\/wp-json\/wp\/v2\/pages"}],"about":[{"href":"https:\/\/carleton.ca\/culturalmediations\/wp-json\/wp\/v2\/types\/page"}],"author":[{"embeddable":true,"href":"https:\/\/carleton.ca\/culturalmediations\/wp-json\/wp\/v2\/users\/3"}],"replies":[{"embeddable":true,"href":"https:\/\/carleton.ca\/culturalmediations\/wp-json\/wp\/v2\/comments?post=716"}],"version-history":[{"count":3,"href":"https:\/\/carleton.ca\/culturalmediations\/wp-json\/wp\/v2\/pages\/716\/revisions"}],"predecessor-version":[{"id":2347,"href":"https:\/\/carleton.ca\/culturalmediations\/wp-json\/wp\/v2\/pages\/716\/revisions\/2347"}],"wp:attachment":[{"href":"https:\/\/carleton.ca\/culturalmediations\/wp-json\/wp\/v2\/media?parent=716"}],"curies":[{"name":"wp","href":"https:\/\/api.w.org\/{rel}","templated":true}]}}