{"id":152,"date":"2023-01-24T15:32:43","date_gmt":"2023-01-24T20:32:43","guid":{"rendered":"https:\/\/carleton.ca\/displacement-ukraine\/displacement-ukraine\/?page_id=152"},"modified":"2025-11-04T15:38:30","modified_gmt":"2025-11-04T20:38:30","slug":"panel-1-forced-displacement-across-borders","status":"publish","type":"page","link":"https:\/\/carleton.ca\/displacement-ukraine\/conference\/day-1\/panel-1-forced-displacement-across-borders\/","title":{"rendered":"Panel 1: Forced Displacement Across Borders"},"content":{"rendered":"\n<section class=\"w-screen px-6 cu-section cu-section--white ml-offset-center md:px-8 lg:px-14\">\n    <div class=\"space-y-6 cu-max-w-child-5xl  md:space-y-10 cu-prose-first-last\">\n\n            <div class=\"cu-textmedia flex flex-col lg:flex-row mx-auto gap-6 md:gap-10 my-6 md:my-12 first:mt-0 max-w-5xl\">\n        <div class=\"justify-start cu-textmedia-content cu-prose-first-last\" style=\"flex: 0 0 100%;\">\n            <header class=\"font-light prose-xl cu-pageheader md:prose-2xl cu-component-updated cu-prose-first-last\">\n                                    <h1 class=\"cu-prose-first-last font-semibold !mt-2 mb-4 md:mb-6 relative after:absolute after:h-px after:bottom-0 after:bg-cu-red after:left-px text-3xl md:text-4xl lg:text-5xl lg:leading-[3.5rem] pb-5 after:w-10 text-cu-black-700 not-prose\">\n                        Panel 1: Forced Displacement Across Borders\n                    <\/h1>\n                \n                                \n                            <\/header>\n\n                    <\/div>\n\n            <\/div>\n\n    <\/div>\n<\/section>\n\n<h3 id=\"panel-1-forced-displacement-across-borders\" class=\"wp-block-heading\"><span style=\"text-decoration: underline;\">Panel 1: Forced Displacement Across Borders<\/span><\/h3>\n\n\n\n<p><iframe loading=\"lazy\" id=\"kmsembed-1_xemgjy0l\" class=\"kmsembed\" title=\"Panel 1 of 20221103_Global Consequences of Displacement from Russia\u2019s Invasion of Ukraine - Day 1\" src=\"https:\/\/mediaspace.carleton.ca\/embed\/secure\/iframe\/entryId\/1_xemgjy0l\/uiConfId\/36153741\/st\/0\" width=\"640\" height=\"360\" frameborder=\"0\" sandbox=\"allow-downloads allow-forms allow-same-origin allow-scripts allow-top-navigation allow-pointer-lock allow-popups allow-modals allow-orientation-lock allow-popups-to-escape-sandbox allow-presentation allow-top-navigation-by-user-activation\" allowfullscreen=\"allowfullscreen\" data-mce-fragment=\"1\"><\/iframe><\/p>\n\n\n\n<h3 id=\"\" class=\"wp-block-heading\"><\/h3>\n\n\n\n<p><strong>Chair: James Milner (Carleton)<\/strong> (0:00-3:05)<\/p>\n\n\n\n<p><strong><a href=\"https:\/\/carleton.ca\/displacement-ukraine\/displacement-ukraine\/people\/faten-kikano\/\">Faten Kikano<\/a> (Architects Sans Fronti\u00e8res-Quebec\/Centre d\u2019\u00e9tude en responsabilit\u00e9 sociale et \u00e9cocitoyennet\u00e9) <\/strong>(3:05-18:38)<\/p>\n\n\n\n<p><em>A Change of Paradigm: When Borders Become Hospitable<\/em><\/p>\n\n\n\n<p><strong><a href=\"https:\/\/carleton.ca\/displacement-ukraine\/displacement-ukraine\/people\/olena-malynovska\/\">Olena Malynovska<\/a> (VIRTUAL) (EU Neighbours<\/strong> <strong>East)&nbsp;<\/strong>(18:39-37:26)<\/p>\n\n\n\n<p><em>Forced Displacement as a Result of the War and the Likelihood of a New Wave of Emigration<\/em><\/p>\n\n\n\n<p><strong><a href=\"https:\/\/carleton.ca\/displacement-ukraine\/displacement-ukraine\/people\/marta-pachocka\/\">Marta Pachocka<\/a> (SGH Warsaw School of Economics; U of Warsaw)&nbsp;<\/strong>(37:27-57:01)<\/p>\n\n\n\n<p><em>Responding to the 2022 Humanitarian Crisis in Ukraine: Poland &#8211; Key Actors, Actions and Challenges<\/em><\/p>\n\n\n\n<p><strong><a href=\"https:\/\/carleton.ca\/displacement-ukraine\/displacement-ukraine\/people\/joanna-fomina\/\">Joanna Fomina<\/a> (Polish Academy of Sciences)&nbsp;<\/strong>(57:02-1:13:52)<\/p>\n\n\n\n<p><em>Poland\u2019s Responses to the Inflow of Ukrainian Refugees Fleeing the War<\/em><\/p>\n\n\n\n<p><strong>Discussant: Martin Geiger (Carleton) <\/strong>(1:13:53-1:31:58)<\/p>\n","protected":false},"excerpt":{"rendered":"<p>Panel 1: Forced Displacement Across Borders Chair: James Milner (Carleton) (0:00-3:05) Faten Kikano (Architects Sans Fronti\u00e8res-Quebec\/Centre d\u2019\u00e9tude en responsabilit\u00e9 sociale et \u00e9cocitoyennet\u00e9) (3:05-18:38) A Change of Paradigm: When Borders Become Hospitable Olena Malynovska (VIRTUAL) (EU Neighbours East)&nbsp;(18:39-37:26) Forced Displacement as a Result of the War and the Likelihood of a New Wave of Emigration Marta [&hellip;]<\/p>\n","protected":false},"author":2,"featured_media":0,"parent":144,"menu_order":1,"comment_status":"closed","ping_status":"closed","template":"","meta":{"_acf_changed":false,"_cu_dining_location_slug":"","footnotes":"","_links_to":"","_links_to_target":""},"cu_page_type":[],"class_list":["post-152","page","type-page","status-publish","hentry"],"acf":{"cu_post_thumbnail":false},"_links":{"self":[{"href":"https:\/\/carleton.ca\/displacement-ukraine\/wp-json\/wp\/v2\/pages\/152","targetHints":{"allow":["GET"]}}],"collection":[{"href":"https:\/\/carleton.ca\/displacement-ukraine\/wp-json\/wp\/v2\/pages"}],"about":[{"href":"https:\/\/carleton.ca\/displacement-ukraine\/wp-json\/wp\/v2\/types\/page"}],"author":[{"embeddable":true,"href":"https:\/\/carleton.ca\/displacement-ukraine\/wp-json\/wp\/v2\/users\/2"}],"replies":[{"embeddable":true,"href":"https:\/\/carleton.ca\/displacement-ukraine\/wp-json\/wp\/v2\/comments?post=152"}],"version-history":[{"count":2,"href":"https:\/\/carleton.ca\/displacement-ukraine\/wp-json\/wp\/v2\/pages\/152\/revisions"}],"predecessor-version":[{"id":300,"href":"https:\/\/carleton.ca\/displacement-ukraine\/wp-json\/wp\/v2\/pages\/152\/revisions\/300"}],"up":[{"embeddable":true,"href":"https:\/\/carleton.ca\/displacement-ukraine\/wp-json\/wp\/v2\/pages\/144"}],"wp:attachment":[{"href":"https:\/\/carleton.ca\/displacement-ukraine\/wp-json\/wp\/v2\/media?parent=152"}],"wp:term":[{"taxonomy":"cu_page_type","embeddable":true,"href":"https:\/\/carleton.ca\/displacement-ukraine\/wp-json\/wp\/v2\/cu_page_type?post=152"}],"curies":[{"name":"wp","href":"https:\/\/api.w.org\/{rel}","templated":true}]}}