{"id":432,"date":"2025-04-24T13:06:05","date_gmt":"2025-04-24T17:06:05","guid":{"rendered":"https:\/\/carleton.ca\/displacement-ukraine\/displacement-ukraine\/?page_id=432"},"modified":"2025-11-06T14:37:38","modified_gmt":"2025-11-06T19:37:38","slug":"indigeneity-and-transnationalism-the-forced-displacement-of-the-crimean-tatars-and-the-challenges-of-transnational-approach","status":"publish","type":"page","link":"https:\/\/carleton.ca\/displacement-ukraine\/indigeneity-and-transnationalism-the-forced-displacement-of-the-crimean-tatars-and-the-challenges-of-transnational-approach\/","title":{"rendered":"Indigeneity and Transnationalism: The Forced Displacement of the Crimean Tatars and the Challenges of Transnational Approach"},"content":{"rendered":"\n<section class=\"w-screen px-6 cu-section cu-section--white ml-offset-center md:px-8 lg:px-14\">\n    <div class=\"space-y-6 cu-max-w-child-5xl  md:space-y-10 cu-prose-first-last\">\n\n            <div class=\"cu-textmedia flex flex-col lg:flex-row mx-auto gap-6 md:gap-10 my-6 md:my-12 first:mt-0 max-w-5xl\">\n        <div class=\"justify-start cu-textmedia-content cu-prose-first-last\" style=\"flex: 0 0 100%;\">\n            <header class=\"font-light prose-xl cu-pageheader md:prose-2xl cu-component-updated cu-prose-first-last\">\n                                    <h1 class=\"cu-prose-first-last font-semibold !mt-2 mb-4 md:mb-6 relative after:absolute after:h-px after:bottom-0 after:bg-cu-red after:left-px text-3xl md:text-4xl lg:text-5xl lg:leading-[3.5rem] pb-5 after:w-10 text-cu-black-700 not-prose\">\n                        Indigeneity and Transnationalism: The Forced Displacement of the Crimean Tatars and the Challenges of Transnational Approach\n                    <\/h1>\n                \n                                \n                            <\/header>\n\n                    <\/div>\n\n            <\/div>\n\n    <\/div>\n<\/section>\n\n\n\n<figure class=\"wp-block-image size-full\"><img loading=\"lazy\" decoding=\"async\" width=\"1728\" height=\"2304\" src=\"https:\/\/carleton.ca\/displacement-ukraine\/wp-content\/uploads\/sites\/188\/2025\/11\/Indigeneity-and-Transnationalism-Event-Poster.png\" alt=\"\" class=\"wp-image-456\" srcset=\"https:\/\/carleton.ca\/displacement-ukraine\/wp-content\/uploads\/sites\/188\/2025\/11\/Indigeneity-and-Transnationalism-Event-Poster.png 1728w, https:\/\/carleton.ca\/displacement-ukraine\/wp-content\/uploads\/sites\/188\/2025\/11\/Indigeneity-and-Transnationalism-Event-Poster-512x683.png 512w, https:\/\/carleton.ca\/displacement-ukraine\/wp-content\/uploads\/sites\/188\/2025\/11\/Indigeneity-and-Transnationalism-Event-Poster-1024x1365.png 1024w, https:\/\/carleton.ca\/displacement-ukraine\/wp-content\/uploads\/sites\/188\/2025\/11\/Indigeneity-and-Transnationalism-Event-Poster-320x427.png 320w, https:\/\/carleton.ca\/displacement-ukraine\/wp-content\/uploads\/sites\/188\/2025\/11\/Indigeneity-and-Transnationalism-Event-Poster-768x1024.png 768w, https:\/\/carleton.ca\/displacement-ukraine\/wp-content\/uploads\/sites\/188\/2025\/11\/Indigeneity-and-Transnationalism-Event-Poster-1152x1536.png 1152w, https:\/\/carleton.ca\/displacement-ukraine\/wp-content\/uploads\/sites\/188\/2025\/11\/Indigeneity-and-Transnationalism-Event-Poster-1536x2048.png 1536w\" sizes=\"auto, (max-width: 1728px) 100vw, 1728px\" \/><\/figure>\n\n\n\n<p><strong>Date: Monday, May 5th, 2025<\/strong><\/p>\n\n\n\n<p><strong>Time: <span class=\"OYPEnA font-feature-liga-off font-feature-clig-off font-feature-calt-off text-decoration-none text-strikethrough-none\">EDT 9:30 &#8211; 15:00, CEST 15:30 \u2013 21:00, EEST 16:30-22:00<\/span><br>\n<\/strong><\/p>\n\n\n\n<p><strong>Location: ONLINE<\/strong><\/p>\n\n\n\n<p><strong>Registration is required. Please register using the form <a href=\"https:\/\/carleton.ca\/displacement-ukraine\/displacement-ukraine\/wp-content\/uploads\/Indigeneity-and-Transnationalism-Panelists.pdf\">here<\/a>.<\/strong><\/p>\n\n\n\n<p><strong>Event Description:<\/strong><\/p>\n\n\n\n<p><span data-olk-copy-source=\"MessageBody\">Crimean Tatars, the indigenous people of Crimea, have been repeatedly colonized by Russia, with the latest episode of colonization unleashed since 2014. Since the earliest days of Russian colonialism, migration and transnationalism have been important tools of resistance and struggle, as Crimean Tatars have used their de-territorialization as a resource and tool to strengthen their attachment to their homeland and collective memory. As a result of these repeated colonizations throughout history, Crimean Tatars have had to leave their homeland and form diaspora communities in Turkey, Europe, and North America.&nbsp; This workshop will seek to understand the intersections between indigeneity, forced migration, and transnational activism.&nbsp; In particular, we will explore the impact of displacement in shaping both the self-understandings, subjectivities, and positionalities of Crimean Tatars and examine sites where transnationalism has facilitated the processes of ethnocultural justice, identity construction, institutional formation, and global activism. The workshop will bring together scholars and practitioners from Ukraine, Turkey, Canada, Germany, the United States, Austria, and Poland.<\/span><\/p>\n\n\n\n<p>The full list of panelists, as well as the presentation abstracts can be found <a href=\"https:\/\/carleton.ca\/displacement-ukraine\/wp-content\/uploads\/Indigeneity-and-Transnationalism-Panelists.pdf\">here<\/a>.<\/p>\n\n\n\n<p>&nbsp;<\/p>\n\n\n\n<p><strong>Event agenda<\/strong><\/p>\n\n\n\n<p><strong> Monday, May 5, 2025<\/strong><\/p>\n\n\n\n<p><strong> 9:30 AM \u2013 3:00 PM (EDT)<\/strong><\/p>\n\n\n\n<p><strong> 3:30 PM \u2013 9:00 PM (CEST)<\/strong><\/p>\n\n\n\n<p><strong> 4:30 PM \u2013 10:00 PM (EEST)<\/strong><\/p>\n\n\n\n<p><strong>9.30-9.40 AM<\/strong>. Meet and Greet &#8211; Filiz Tutku Aydin (Social Sciences University of Ankara), Milana Nikolko (Carleton University)<\/p>\n\n\n\n<p>&nbsp;<\/p>\n\n\n\n<p><strong>9.40.-11.10. AM<\/strong>.<strong> Panel 1. Indigeneity Through Borders: Crimean Tatar Displacement, Memory, and Transnational Belonging<\/strong><\/p>\n\n\n\n<p><em>Moderator Paul Goode (Carleton University)<\/em><\/p>\n\n\n\n<p><strong>Mariia Shynkarenko.<\/strong> The Indigenous Self and Its Limits: Crimean Tatars and the Politics of Identity.<\/p>\n\n\n\n<p><strong>Elmira Muratova.<\/strong> Endangered Indigenous Identity: The Crimean Tatars in the Context of Displacement and Occupation.<\/p>\n\n\n\n<p><strong>Didem Buhari &amp; Hasan I\u015f\u0131kl\u0131.<\/strong> <span data-olk-copy-source=\"MessageBody\">Reclaiming the homeland, reconstructing memory places: Resilience strategies of the Crimean Tatar indigenous community<\/span>.<\/p>\n\n\n\n<p><strong>Alina Dochu.<\/strong> Language rights of indigenous Crimean Tatars in places of exile after the annexation of Crimea and the Russian war on Ukraine.<\/p>\n\n\n\n<p><strong>Martin-Oleksandr Kisly.<\/strong> From Russian Empire to Russian Occupation: Crimean Tatars and the Colonial Politics of Displacement.<\/p>\n\n\n\n<p>&nbsp;<\/p>\n\n\n\n<p><strong>11.20 AM-12.50 PM<\/strong>.&nbsp; <strong>Panel 2. Transnational Connections Across Space and Time: Theorizing Identity, Colonialism and Justice in a Transnational Framework<\/strong><\/p>\n\n\n\n<p><em>Moderator: Jeff Sahadeo (Carleton University)<\/em><\/p>\n\n\n\n<p><strong>Greta Uehling.<\/strong> Transnationality and Indigeneity across Space and Time: Embodying and Navigating National and Colonial Legacies.<\/p>\n\n\n\n<p><strong>Vic Satzewich.<\/strong> Reflections on the meaning and significance of transnationalism: 20 years later.<\/p>\n\n\n\n<p><strong>Sebnem Koser Akcapar.<\/strong> Factors in decision-making processes of refugees: Comparing Crimean Tatars and AhiskaTurks from Ukraine.<\/p>\n\n\n\n<p><strong>Nara Narimanova.<\/strong> Forced Displacement of the Crimean Tatars, Crimean Tatar Toponymy and Colonization.<\/p>\n\n\n\n<p><strong>Filiz Tutku Aydin.<\/strong> Transnationalizing Ethnocultural Justice Claims of Indigenous Crimean Tatars.<\/p>\n\n\n\n<p>&nbsp;<\/p>\n\n\n\n<p><strong>1-2 PM<\/strong>. <strong>Keynote Paul Robert Magocsi. Ukraine is Winning the Great Southern War.&nbsp;&nbsp;<\/strong><\/p>\n\n\n\n<p>&nbsp;<\/p>\n\n\n\n<p><strong>2-3 PM<\/strong>. <strong>Roundtable discussion: Displacement, Belonging, and Voice: Perspectives on Crimean Tatar Transnationalism<\/strong><\/p>\n\n\n\n<p><em>Moderator: Natalia Khanenko- Friesen (University of Alberta)<\/em><\/p>\n\n\n\n<p><strong>Gayana Yuksel.<\/strong> Forced displacement of Crimean Tatars after Russia&#8217;s full-scale invasion:&nbsp; study of migration dynamics.<\/p>\n\n\n\n<p><strong>Ayla Bakkali.<\/strong> Thinking Through Transnationalism\/Mobility from a Crimean Tatar Feminist Perspective.<\/p>\n\n\n\n<p><strong>Anife Kurtseitova.<\/strong> Voices Without Borders: Crimean Tatar Cultural Resistance and Public Diplomacy.<\/p>\n\n\n\n<p><strong>Nedim Useinov.<\/strong> Between Exile and Return: Experiences of Crimean Tatar Displacement in Poland.<\/p>\n","protected":false},"excerpt":{"rendered":"<p>Date: Monday, May 5th, 2025 Time: EDT 9:30 &#8211; 15:00, CEST 15:30 \u2013 21:00, EEST 16:30-22:00 Location: ONLINE Registration is required. Please register using the form here. Event Description: Crimean Tatars, the indigenous people of Crimea, have been repeatedly colonized by Russia, with the latest episode of colonization unleashed since 2014. Since the earliest days [&hellip;]<\/p>\n","protected":false},"author":2,"featured_media":0,"parent":0,"menu_order":0,"comment_status":"closed","ping_status":"closed","template":"","meta":{"_acf_changed":false,"_cu_dining_location_slug":"","footnotes":"","_links_to":"","_links_to_target":""},"cu_page_type":[],"class_list":["post-432","page","type-page","status-publish","hentry"],"acf":{"cu_post_thumbnail":""},"_links":{"self":[{"href":"https:\/\/carleton.ca\/displacement-ukraine\/wp-json\/wp\/v2\/pages\/432","targetHints":{"allow":["GET"]}}],"collection":[{"href":"https:\/\/carleton.ca\/displacement-ukraine\/wp-json\/wp\/v2\/pages"}],"about":[{"href":"https:\/\/carleton.ca\/displacement-ukraine\/wp-json\/wp\/v2\/types\/page"}],"author":[{"embeddable":true,"href":"https:\/\/carleton.ca\/displacement-ukraine\/wp-json\/wp\/v2\/users\/2"}],"replies":[{"embeddable":true,"href":"https:\/\/carleton.ca\/displacement-ukraine\/wp-json\/wp\/v2\/comments?post=432"}],"version-history":[{"count":4,"href":"https:\/\/carleton.ca\/displacement-ukraine\/wp-json\/wp\/v2\/pages\/432\/revisions"}],"predecessor-version":[{"id":527,"href":"https:\/\/carleton.ca\/displacement-ukraine\/wp-json\/wp\/v2\/pages\/432\/revisions\/527"}],"wp:attachment":[{"href":"https:\/\/carleton.ca\/displacement-ukraine\/wp-json\/wp\/v2\/media?parent=432"}],"wp:term":[{"taxonomy":"cu_page_type","embeddable":true,"href":"https:\/\/carleton.ca\/displacement-ukraine\/wp-json\/wp\/v2\/cu_page_type?post=432"}],"curies":[{"name":"wp","href":"https:\/\/api.w.org\/{rel}","templated":true}]}}