{"id":132,"date":"2017-05-03T14:38:04","date_gmt":"2017-05-03T18:38:04","guid":{"rendered":"https:\/\/carleton.ca\/donsmith\/?page_id=132"},"modified":"2026-03-18T04:10:58","modified_gmt":"2026-03-18T08:10:58","slug":"books-on-quebec-and-acadian-french-and-literature","status":"publish","type":"page","link":"https:\/\/carleton.ca\/donsmith\/books-on-quebec-and-acadian-french-and-literature\/","title":{"rendered":"Books on Qu\u00e9bec and Acadian French Literarure"},"content":{"rendered":"\n<section class=\"w-screen px-6 cu-section cu-section--white ml-offset-center md:px-8 lg:px-14\">\n    <div class=\"space-y-6 cu-max-w-child-5xl  md:space-y-10 cu-prose-first-last\">\n\n            <div class=\"cu-textmedia flex flex-col lg:flex-row mx-auto gap-6 md:gap-10 my-6 md:my-12 first:mt-0 max-w-5xl\">\n        <div class=\"justify-start cu-textmedia-content cu-prose-first-last\" style=\"flex: 0 0 100%;\">\n            <header class=\"font-light prose-xl cu-pageheader md:prose-2xl cu-component-updated cu-prose-first-last\">\n                                    <h1 class=\"cu-prose-first-last font-semibold !mt-2 mb-4 md:mb-6 relative after:absolute after:h-px after:bottom-0 after:bg-cu-red after:left-px text-3xl md:text-4xl lg:text-5xl lg:leading-[3.5rem] pb-5 after:w-10 text-cu-black-700 not-prose\">\n                        Books on Qu\u00e9bec and Acadian French Literarure\n                    <\/h1>\n                \n                                \n                            <\/header>\n\n                    <\/div>\n\n            <\/div>\n\n    <\/div>\n<\/section>\n\n\n\n<p>Qu\u00e9bec, Acadian and French-Canadian writers are of interest to all those who love reading great novels, stories, poetry and theatre. I have had the privilege to interview many authors from French-speaking North America: <em>L&#8217;\u00c9crivain devant son oeuvre (Voices of Deliverance)<\/em> will introduce you to fourteen fascinating authors. I have also published studies on G\u00e9rard Bessette, Jacques Godbout, Gilbert La Rocque and Gilles Vigneault. Qu\u00e9bec and Acadian French are also among my areas of interest. When I first started teaching Qu\u00e9bec and Acadian literature at Carleton University (Ottawa), it quickly became apparent to me that my students were not adequately acquainted with the French language as it is spoken and written in North America. In Canada, a &#8220;bleuet&#8221; is not a flower as it is in France, it is a blueberry, &#8220;poudrerie&#8221; is not a gunpowder factory but blowing snow, and the list goes on and on.\u00a0<span class=\"\">So Professor Sinclair Robinson, a specialist of French Linguistics, and myself starting collecting\u00a0<\/span>words and expressions. When the count reached 5,000, the time had come to publish the <em>DICTIONARY OF CANADIAN FRENCH<\/em>. It is available in bookstores in Canada (Stoddart, Toronto), the United States and Great Britain (National Textbook Company). <em>BEYOND TWO SOLITUDES<\/em> deals with the relationship between Qu\u00e9bec, English Canada and the First Nations.<\/p>\n\n\n\n<p>Click on the books below to see the back cover and critical acclaim:<\/p>\n\n\n\n<section class=\"w-screen px-6 cu-section cu-section--white ml-offset-center md:px-8 lg:px-14\">\n    <div class=\"space-y-6 cu-max-w-child-5xl  md:space-y-10 cu-prose-first-last\">\n\n        \n    <div class=\"grid gap-6 mx-auto my-6 cu-column md:gap-10 md:grid-cols-2 md:my-10 first:mt-0\">\n        \n<div class=\"cu-column-content\">\n    \n\n<figure class=\"wp-block-image is-resized\"><a href=\"\/donsmith\/an-authoritative-guide-to-the-french-language-of-canada\/\"><img loading=\"lazy\" decoding=\"async\" width=\"240\" height=\"353\" src=\"https:\/\/carleton.ca\/donsmith\/wp-content\/uploads\/sites\/203\/w-240x353.jpg\" alt=\"\" class=\"wp-image-199\" style=\"width:220px\" srcset=\"https:\/\/carleton.ca\/donsmith\/wp-content\/uploads\/sites\/203\/w-240x353.jpg 240w, https:\/\/carleton.ca\/donsmith\/wp-content\/uploads\/sites\/203\/w-160x236.jpg 160w, https:\/\/carleton.ca\/donsmith\/wp-content\/uploads\/sites\/203\/w-400x589.jpg 400w, https:\/\/carleton.ca\/donsmith\/wp-content\/uploads\/sites\/203\/w-360x530.jpg 360w, https:\/\/carleton.ca\/donsmith\/wp-content\/uploads\/sites\/203\/w.jpg 440w\" sizes=\"auto, (max-width: 240px) 100vw, 240px\" \/><\/a><\/figure>\n\n\n\n<figure class=\"wp-block-image is-resized\"><a href=\"https:\/\/carleton.ca\/donsmith\/lecrivain-devant-son-oeuvre\/\"><img loading=\"lazy\" decoding=\"async\" width=\"240\" height=\"364\" src=\"https:\/\/carleton.ca\/donsmith\/wp-content\/uploads\/sites\/203\/le-240x364.jpg\" alt=\"\" class=\"wp-image-197\" style=\"width:220px\" srcset=\"https:\/\/carleton.ca\/donsmith\/wp-content\/uploads\/sites\/203\/le-240x364.jpg 240w, https:\/\/carleton.ca\/donsmith\/wp-content\/uploads\/sites\/203\/le-160x243.jpg 160w, https:\/\/carleton.ca\/donsmith\/wp-content\/uploads\/sites\/203\/le-400x607.jpg 400w, https:\/\/carleton.ca\/donsmith\/wp-content\/uploads\/sites\/203\/le-360x546.jpg 360w, https:\/\/carleton.ca\/donsmith\/wp-content\/uploads\/sites\/203\/le.jpg 414w\" sizes=\"auto, (max-width: 240px) 100vw, 240px\" \/><\/a><\/figure>\n\n\n\n<figure class=\"wp-block-image is-resized\"><a href=\"https:\/\/carleton.ca\/donsmith\/gilles-vigneault-conteur-et-poete\/\"><img loading=\"lazy\" decoding=\"async\" width=\"240\" height=\"358\" src=\"https:\/\/carleton.ca\/donsmith\/wp-content\/uploads\/sites\/203\/gv-240x358.jpg\" alt=\"\" class=\"wp-image-195\" style=\"width:220px\" srcset=\"https:\/\/carleton.ca\/donsmith\/wp-content\/uploads\/sites\/203\/gv-240x358.jpg 240w, https:\/\/carleton.ca\/donsmith\/wp-content\/uploads\/sites\/203\/gv-160x239.jpg 160w, https:\/\/carleton.ca\/donsmith\/wp-content\/uploads\/sites\/203\/gv-400x597.jpg 400w, https:\/\/carleton.ca\/donsmith\/wp-content\/uploads\/sites\/203\/gv-360x537.jpg 360w, https:\/\/carleton.ca\/donsmith\/wp-content\/uploads\/sites\/203\/gv.jpg 421w\" sizes=\"auto, (max-width: 240px) 100vw, 240px\" \/><\/a><\/figure>\n\n\n\n<figure class=\"wp-block-image is-resized\"><a href=\"https:\/\/carleton.ca\/donsmith\/gilbert-la-rocque-lecriture-du-reve\/\"><img loading=\"lazy\" decoding=\"async\" width=\"240\" height=\"356\" src=\"https:\/\/carleton.ca\/donsmith\/wp-content\/uploads\/sites\/203\/glr-240x356.jpg\" alt=\"\" class=\"wp-image-193\" style=\"width:220px\" srcset=\"https:\/\/carleton.ca\/donsmith\/wp-content\/uploads\/sites\/203\/glr-240x356.jpg 240w, https:\/\/carleton.ca\/donsmith\/wp-content\/uploads\/sites\/203\/glr-160x237.jpg 160w, https:\/\/carleton.ca\/donsmith\/wp-content\/uploads\/sites\/203\/glr-400x593.jpg 400w, https:\/\/carleton.ca\/donsmith\/wp-content\/uploads\/sites\/203\/glr-360x534.jpg 360w, https:\/\/carleton.ca\/donsmith\/wp-content\/uploads\/sites\/203\/glr.jpg 421w\" sizes=\"auto, (max-width: 240px) 100vw, 240px\" \/><\/a><\/figure>\n\n\n\n<figure class=\"wp-block-image is-resized\"><a href=\"https:\/\/carleton.ca\/donsmith\/dune-nation-a-lautre-des-deux-solitudes-a-la-cohabitation\/\"><img loading=\"lazy\" decoding=\"async\" width=\"240\" height=\"361\" src=\"https:\/\/carleton.ca\/donsmith\/wp-content\/uploads\/sites\/203\/una-240x361.jpg\" alt=\"\" class=\"wp-image-191\" style=\"width:220px\" srcset=\"https:\/\/carleton.ca\/donsmith\/wp-content\/uploads\/sites\/203\/una-240x361.jpg 240w, https:\/\/carleton.ca\/donsmith\/wp-content\/uploads\/sites\/203\/una-160x240.jpg 160w, https:\/\/carleton.ca\/donsmith\/wp-content\/uploads\/sites\/203\/una-400x601.jpg 400w, https:\/\/carleton.ca\/donsmith\/wp-content\/uploads\/sites\/203\/una-360x541.jpg 360w, https:\/\/carleton.ca\/donsmith\/wp-content\/uploads\/sites\/203\/una.jpg 418w\" sizes=\"auto, (max-width: 240px) 100vw, 240px\" \/><\/a><\/figure>\n\n\n<\/div>\n\n\n<div class=\"cu-column-content\">\n    \n\n<figure class=\"wp-block-image is-resized\"><a href=\"https:\/\/carleton.ca\/donsmith\/dictionary-of-canadian-french-dictionnaire-du-francais-canadien-3\/\"><img loading=\"lazy\" decoding=\"async\" width=\"240\" height=\"353\" src=\"https:\/\/carleton.ca\/donsmith\/wp-content\/uploads\/sites\/203\/g-240x353.jpg\" alt=\"\" class=\"wp-image-198\" style=\"width:220px\" srcset=\"https:\/\/carleton.ca\/donsmith\/wp-content\/uploads\/sites\/203\/g-240x353.jpg 240w, https:\/\/carleton.ca\/donsmith\/wp-content\/uploads\/sites\/203\/g-160x236.jpg 160w, https:\/\/carleton.ca\/donsmith\/wp-content\/uploads\/sites\/203\/g-400x589.jpg 400w, https:\/\/carleton.ca\/donsmith\/wp-content\/uploads\/sites\/203\/g-360x530.jpg 360w, https:\/\/carleton.ca\/donsmith\/wp-content\/uploads\/sites\/203\/g.jpg 423w\" sizes=\"auto, (max-width: 240px) 100vw, 240px\" \/><\/a><\/figure>\n\n\n\n<figure class=\"wp-block-image is-resized\"><a href=\"https:\/\/carleton.ca\/donsmith\/voices-of-deliverance\/\"><img loading=\"lazy\" decoding=\"async\" width=\"240\" height=\"367\" src=\"https:\/\/carleton.ca\/donsmith\/wp-content\/uploads\/sites\/203\/v-240x367.jpg\" alt=\"\" class=\"wp-image-196\" style=\"width:220px\" srcset=\"https:\/\/carleton.ca\/donsmith\/wp-content\/uploads\/sites\/203\/v-240x367.jpg 240w, https:\/\/carleton.ca\/donsmith\/wp-content\/uploads\/sites\/203\/v-160x245.jpg 160w, https:\/\/carleton.ca\/donsmith\/wp-content\/uploads\/sites\/203\/v-360x551.jpg 360w, https:\/\/carleton.ca\/donsmith\/wp-content\/uploads\/sites\/203\/v.jpg 385w\" sizes=\"auto, (max-width: 240px) 100vw, 240px\" \/><\/a><\/figure>\n\n\n\n<figure class=\"wp-block-image is-resized\"><a href=\"\/donsmith\/jacques-godbout-du-roman-au-cinema-voyage-dans-limaginaire-quebecois\/\"><img loading=\"lazy\" decoding=\"async\" width=\"240\" height=\"360\" src=\"https:\/\/carleton.ca\/donsmith\/wp-content\/uploads\/sites\/203\/jg-240x360.jpg\" alt=\"\" class=\"wp-image-194\" style=\"width:220px\" srcset=\"https:\/\/carleton.ca\/donsmith\/wp-content\/uploads\/sites\/203\/jg-240x360.jpg 240w, https:\/\/carleton.ca\/donsmith\/wp-content\/uploads\/sites\/203\/jg-160x240.jpg 160w, https:\/\/carleton.ca\/donsmith\/wp-content\/uploads\/sites\/203\/jg.jpg 285w\" sizes=\"auto, (max-width: 240px) 100vw, 240px\" \/><\/a><\/figure>\n\n\n\n<figure class=\"wp-block-image is-resized\"><a href=\"https:\/\/carleton.ca\/donsmith\/correspondance\/\"><img loading=\"lazy\" decoding=\"async\" width=\"240\" height=\"346\" src=\"https:\/\/carleton.ca\/donsmith\/wp-content\/uploads\/sites\/203\/gb-240x346.jpg\" alt=\"\" class=\"wp-image-192\" style=\"width:220px\" srcset=\"https:\/\/carleton.ca\/donsmith\/wp-content\/uploads\/sites\/203\/gb-240x346.jpg 240w, https:\/\/carleton.ca\/donsmith\/wp-content\/uploads\/sites\/203\/gb-160x231.jpg 160w, https:\/\/carleton.ca\/donsmith\/wp-content\/uploads\/sites\/203\/gb-360x519.jpg 360w, https:\/\/carleton.ca\/donsmith\/wp-content\/uploads\/sites\/203\/gb.jpg 393w\" sizes=\"auto, (max-width: 240px) 100vw, 240px\" \/><\/a><\/figure>\n\n\n\n<figure class=\"wp-block-image is-resized\"><a href=\"https:\/\/carleton.ca\/donsmith\/beyond-two-solitudes\/\"><img loading=\"lazy\" decoding=\"async\" width=\"240\" height=\"334\" src=\"https:\/\/carleton.ca\/donsmith\/wp-content\/uploads\/sites\/203\/bey-240x334.jpg\" alt=\"\" class=\"wp-image-190\" style=\"width:244px;height:auto\" srcset=\"https:\/\/carleton.ca\/donsmith\/wp-content\/uploads\/sites\/203\/bey-240x334.jpg 240w, https:\/\/carleton.ca\/donsmith\/wp-content\/uploads\/sites\/203\/bey-160x223.jpg 160w, https:\/\/carleton.ca\/donsmith\/wp-content\/uploads\/sites\/203\/bey-400x557.jpg 400w, https:\/\/carleton.ca\/donsmith\/wp-content\/uploads\/sites\/203\/bey-360x501.jpg 360w, https:\/\/carleton.ca\/donsmith\/wp-content\/uploads\/sites\/203\/bey.jpg 425w\" sizes=\"auto, (max-width: 240px) 100vw, 240px\" \/><\/a><\/figure>\n\n\n<\/div>\n\n\n    <\/div>\n\n\n    <\/div>\n<\/section>\n\n\n\n<p>&nbsp;&nbsp; &nbsp;&nbsp;&nbsp;&nbsp;&nbsp;&nbsp;<\/p>\n\n\n\n<p><\/p>\n","protected":false},"excerpt":{"rendered":"<p>Qu\u00e9bec, Acadian and French-Canadian writers are of interest to all those who love reading great novels, stories, poetry and theatre. I have had the privilege to interview many authors from French-speaking North America: L&#8217;\u00c9crivain devant son oeuvre (Voices of Deliverance) will introduce you to fourteen fascinating authors. I have also published studies on G\u00e9rard Bessette, [&hellip;]<\/p>\n","protected":false},"author":2,"featured_media":0,"parent":0,"menu_order":0,"comment_status":"closed","ping_status":"closed","template":"","meta":{"_acf_changed":false,"_cu_dining_location_slug":"","footnotes":"","_links_to":"","_links_to_target":""},"cu_page_type":[],"class_list":["post-132","page","type-page","status-publish","hentry"],"acf":{"cu_post_thumbnail":""},"_links":{"self":[{"href":"https:\/\/carleton.ca\/donsmith\/wp-json\/wp\/v2\/pages\/132","targetHints":{"allow":["GET"]}}],"collection":[{"href":"https:\/\/carleton.ca\/donsmith\/wp-json\/wp\/v2\/pages"}],"about":[{"href":"https:\/\/carleton.ca\/donsmith\/wp-json\/wp\/v2\/types\/page"}],"author":[{"embeddable":true,"href":"https:\/\/carleton.ca\/donsmith\/wp-json\/wp\/v2\/users\/2"}],"replies":[{"embeddable":true,"href":"https:\/\/carleton.ca\/donsmith\/wp-json\/wp\/v2\/comments?post=132"}],"version-history":[{"count":5,"href":"https:\/\/carleton.ca\/donsmith\/wp-json\/wp\/v2\/pages\/132\/revisions"}],"predecessor-version":[{"id":661,"href":"https:\/\/carleton.ca\/donsmith\/wp-json\/wp\/v2\/pages\/132\/revisions\/661"}],"wp:attachment":[{"href":"https:\/\/carleton.ca\/donsmith\/wp-json\/wp\/v2\/media?parent=132"}],"wp:term":[{"taxonomy":"cu_page_type","embeddable":true,"href":"https:\/\/carleton.ca\/donsmith\/wp-json\/wp\/v2\/cu_page_type?post=132"}],"curies":[{"name":"wp","href":"https:\/\/api.w.org\/{rel}","templated":true}]}}