{"id":142,"date":"2017-05-03T14:44:40","date_gmt":"2017-05-03T18:44:40","guid":{"rendered":"https:\/\/carleton.ca\/donsmith\/?page_id=142"},"modified":"2026-03-18T05:07:15","modified_gmt":"2026-03-18T09:07:15","slug":"dictionary-of-canadian-french-dictionnaire-du-francais-canadien-3","status":"publish","type":"page","link":"https:\/\/carleton.ca\/donsmith\/dictionary-of-canadian-french-dictionnaire-du-francais-canadien-3\/","title":{"rendered":"Dictionary of Canadian French \/ Dictionnaire du fran\u00e7ais canadien Smith, critical reactions"},"content":{"rendered":"\n<section class=\"w-screen px-6 cu-section cu-section--white ml-offset-center md:px-8 lg:px-14\">\n    <div class=\"space-y-6 cu-max-w-child-5xl  md:space-y-10 cu-prose-first-last\">\n\n            <div class=\"cu-textmedia flex flex-col lg:flex-row mx-auto gap-6 md:gap-10 my-6 md:my-12 first:mt-0 max-w-5xl\">\n        <div class=\"justify-start cu-textmedia-content cu-prose-first-last\" style=\"flex: 0 0 100%;\">\n            <header class=\"font-light prose-xl cu-pageheader md:prose-2xl cu-component-updated cu-prose-first-last\">\n                                    <h1 class=\"cu-prose-first-last font-semibold !mt-2 mb-4 md:mb-6 relative after:absolute after:h-px after:bottom-0 after:bg-cu-red after:left-px text-3xl md:text-4xl lg:text-5xl lg:leading-[3.5rem] pb-5 after:w-10 text-cu-black-700 not-prose\">\n                        Dictionary of Canadian French \/ Dictionnaire du fran\u00e7ais canadien\n                    <\/h1>\n                \n                                \n                            <\/header>\n\n                    <\/div>\n\n            <\/div>\n\n    <\/div>\n<\/section>\n\n\n\n<p>&nbsp;<\/p>\n\n\n\n<p><strong class=\"myprefix-text-bold\">&#8220;A well documented and fresh approach to<br> the learning of Canadian French.&#8221; (The Ottawa Citizen)<\/strong><\/p>\n\n\n\n<p><strong class=\"myprefix-text-bold\">&#8220;Un dictionnaire indispensable pour toute<br> personne d\u00e9sireuse de se familiariser avec<br> le fran\u00e7ais du Qu\u00e9bec. Je le recommande aux<br> Fran\u00e7ais et aux \u00e9trangers de passage chez nous.&#8221;<br> (Gaston Miron, \u00e9crivain, \u00e9diteur)<\/strong><\/p>\n\n\n\n<p>Here is the perfect aid for understanding the exciting, vibrant language that is Canadian French. Compiled by a linguist and a professor of Quebec literature, with the help of specialists from Quebec, Acadia and France, this easy-to-consult, enjoyable-to-read glossary covers words and expressions from slang to standard speech, in categories as diverse as Cuisine, Sports and Weather. Canadian French grammar and pronunciation are explained as well. Whether you&#8217;re an anglophone shopping in Montreal, a French Canadian interested in knowing more about your own language, an American travelling in Quebec or Louisiana, or a visitor from France doing business in Quebec, the DICTIONARY OF CANADIAN FRENCH is just the tool you need to find the right word or phrase.<\/p>\n\n\n\n<p>Voici enfin le dictionnaire id\u00e9al pour une client\u00e8le vari\u00e9e : Qu\u00e9b\u00e9cois int\u00e9ress\u00e9s aux particularit\u00e9s de leur langue et aux \u00e9quivalences en fran\u00e7ais de France ; anglophones qui veulent apprendre les diff\u00e9rents fran\u00e7ais d&#8217;Am\u00e9rique ; Fran\u00e7ais ou \u00e9trangers attir\u00e9s par la richesse du qu\u00e9b\u00e9cois et de l&#8217;acadien. Une source de renseignements fiable et utile pr\u00e9par\u00e9e par un linguiste et par un professeur de litt\u00e9rature qu\u00e9b\u00e9coise, avec la collaboration de sp\u00e9cialistes qu\u00e9b\u00e9cois, acadiens et fran\u00e7ais.<\/p>\n\n\n\n<p>Stoddard Publishing Co.<br>\n34 Lesmill Road<br>\nToronto, Ont.<br>\nCanada<br>\nM3B 2T6<\/p>\n\n\n\n<p><a href=\"https:\/\/carleton.ca\/donsmith\/dictionary-of-canadian-french-dictionnaire-du-francais-canadien-3\/dictionary-of-canadian-french-dictionnaire-du-francais-canadien\/\">Click here:<\/a> For critical reaction to the Dictionary and excerpts from the book. <\/p>\n\n\n\n<p><a href=\"https:\/\/carleton.ca\/donsmith\/dictionary-of-canadian-french-dictionnaire-du-francais-canadien-3\/dictionary-of-canadian-french-dictionnaire-du-francais-canadien\/\">Cliquer ici <\/a>pour l&#8217;accueil critique et la pr\u00e9sentation d&#8217;extraits du dictionnaire.<\/p>\n\n\n\n<p><a href=\"https:\/\/carleton.ca\/donsmith\/dictionary-of-canadian-french-dictionnaire-du-francais-canadien-3\/dictionary-of-canadian-french-dictionnaire-du-francais-canadien-2\/\">Click here:<\/a> To see excerpts from the Dictionary. <\/p>\n\n\n\n<p><a href=\"https:\/\/carleton.ca\/donsmith\/dictionary-of-canadian-french-dictionnaire-du-francais-canadien-3\/dictionary-of-canadian-french-dictionnaire-du-francais-canadien-2\/\">Cliquer ici <\/a>pour voir la pr\u00e9sentation d&#8217;extraits du dictionnaire.<\/p>\n","protected":false},"excerpt":{"rendered":"<p>&nbsp; &#8220;A well documented and fresh approach to the learning of Canadian French.&#8221; (The Ottawa Citizen) &#8220;Un dictionnaire indispensable pour toute personne d\u00e9sireuse de se familiariser avec le fran\u00e7ais du Qu\u00e9bec. Je le recommande aux Fran\u00e7ais et aux \u00e9trangers de passage chez nous.&#8221; (Gaston Miron, \u00e9crivain, \u00e9diteur) Here is the perfect aid for understanding the [&hellip;]<\/p>\n","protected":false},"author":2,"featured_media":0,"parent":0,"menu_order":0,"comment_status":"closed","ping_status":"closed","template":"","meta":{"_acf_changed":false,"_cu_dining_location_slug":"","footnotes":"","_links_to":"","_links_to_target":""},"cu_page_type":[],"class_list":["post-142","page","type-page","status-publish","hentry"],"acf":{"cu_post_thumbnail":""},"_links":{"self":[{"href":"https:\/\/carleton.ca\/donsmith\/wp-json\/wp\/v2\/pages\/142","targetHints":{"allow":["GET"]}}],"collection":[{"href":"https:\/\/carleton.ca\/donsmith\/wp-json\/wp\/v2\/pages"}],"about":[{"href":"https:\/\/carleton.ca\/donsmith\/wp-json\/wp\/v2\/types\/page"}],"author":[{"embeddable":true,"href":"https:\/\/carleton.ca\/donsmith\/wp-json\/wp\/v2\/users\/2"}],"replies":[{"embeddable":true,"href":"https:\/\/carleton.ca\/donsmith\/wp-json\/wp\/v2\/comments?post=142"}],"version-history":[{"count":5,"href":"https:\/\/carleton.ca\/donsmith\/wp-json\/wp\/v2\/pages\/142\/revisions"}],"predecessor-version":[{"id":682,"href":"https:\/\/carleton.ca\/donsmith\/wp-json\/wp\/v2\/pages\/142\/revisions\/682"}],"wp:attachment":[{"href":"https:\/\/carleton.ca\/donsmith\/wp-json\/wp\/v2\/media?parent=142"}],"wp:term":[{"taxonomy":"cu_page_type","embeddable":true,"href":"https:\/\/carleton.ca\/donsmith\/wp-json\/wp\/v2\/cu_page_type?post=142"}],"curies":[{"name":"wp","href":"https:\/\/api.w.org\/{rel}","templated":true}]}}