{"id":144,"date":"2017-05-03T14:45:33","date_gmt":"2017-05-03T18:45:33","guid":{"rendered":"https:\/\/carleton.ca\/donsmith\/?page_id=144"},"modified":"2026-03-18T05:17:25","modified_gmt":"2026-03-18T09:17:25","slug":"lecrivain-devant-son-oeuvre","status":"publish","type":"page","link":"https:\/\/carleton.ca\/donsmith\/lecrivain-devant-son-oeuvre\/","title":{"rendered":"L&#8217;\u00c9CRIVAIN DEVANT SON OEUVRE, ENTREVUES AUTEURS QU\u00c9B\u00c9COIS ET ACADIENS, DONALD SMITH"},"content":{"rendered":"\n<section class=\"w-screen px-6 cu-section cu-section--white ml-offset-center md:px-8 lg:px-14\">\n    <div class=\"space-y-6 cu-max-w-child-5xl  md:space-y-10 cu-prose-first-last\">\n\n            <div class=\"cu-textmedia flex flex-col lg:flex-row mx-auto gap-6 md:gap-10 my-6 md:my-12 first:mt-0 max-w-5xl\">\n        <div class=\"justify-start cu-textmedia-content cu-prose-first-last\" style=\"flex: 0 0 100%;\">\n            <header class=\"font-light prose-xl cu-pageheader md:prose-2xl cu-component-updated cu-prose-first-last\">\n                                    <h1 class=\"cu-prose-first-last font-semibold !mt-2 mb-4 md:mb-6 relative after:absolute after:h-px after:bottom-0 after:bg-cu-red after:left-px text-3xl md:text-4xl lg:text-5xl lg:leading-[3.5rem] pb-5 after:w-10 text-cu-black-700 not-prose\">\n                        L&#8217;\u00c9CRIVAIN DEVANT SON OEUVRE\n                    <\/h1>\n                \n                                \n                            <\/header>\n\n                    <\/div>\n\n            <\/div>\n\n    <\/div>\n<\/section>\n\n<p>Entrevues avec F\u00e9lix-Antoine Savard, Anne H\u00e9bert, Yves Th\u00e9riault, Jacques Ferron, G\u00e9rard Bessette, Marie-Claire Blais, Jacques Godbout, Gatien Lapointe, Michel Tremblay, Antonine Maillet, Adrien Th\u00e9rio, Gilbert La Rocque, Jean Barbeau et Pierre Morency.<br>\nDans L&#8217;\u00c9CRIVAIN DEVANT SON OEUVRE, quatorze \u00e9crivains r\u00e9pondent \u00e0 des questions sur l&#8217;ensemble de leur oeuvre, sur le pays, sur l&#8217;acte d&#8217;\u00e9crire. Gr\u00e0ce \u00e0 ses contacts avec les \u00e9crivains, Donald Smith avoue avoir retrouv\u00e9 ses premi\u00e8res joies de lecteur \u00e9merveill\u00e9 : &#8221; C&#8217;\u00e9tait une sorte de retour \u00e0 l&#8217;enfance, \u00e0 une vision fantaisiste du monde, &#8221; confie-t-il. &#8221; Un bon roman n&#8217;est pas un objet mort, du papier froid et b\u00eatement lisse. Y est impr\u00e9gn\u00e9e la vie d&#8217;un individu qui s&#8217;\u00e9vertue \u00e0 communiquer aux autres ses r\u00e9alit\u00e9s, ses r\u00eaves et son monde int\u00e9rieur. &#8220;<br>\nEnrichi de commentaires, d&#8217;anecdotes et de t\u00e9moignages pertinents, L&#8217;\u00c9CRIVAIN DEVANT SON OEUVRE nous fait voyager dans l&#8217;univers fascinant de l&#8217;imaginaire tel qu&#8217;il est v\u00e9cu par des \u00e9crivains importants, jeunes et moins jeunes, du Qu\u00e9bec et d&#8217;Acadie.<\/p>\n\n\n\n<p>Les \u00c9ditions Qu\u00e9bec\/Am\u00e9rique<br>\n329, rue de la Commune Ouest, 3e \u00e9tage<br>\nMontr\u00e9al, P.Q.<br>\nCanada<br>\nH2Y 2E1<br>\nT.: (514) 499-3000, Fax: 3010. Web: http:\/\/www.quebec-amerique.com\/<\/p>\n\n\n\n<p>ISBN 2-89037-139-5<\/p>\n\n\n\n<p><a href=\"https:\/\/carleton.ca\/donsmith\/lecrivain-devant-son-oeuvre\/lecrivain-devant-son-oeuvre-2\/\">Click here<\/a> for critical reaction. \/ Cliquer ici pour l&#8217;accueil critique.<\/p>\n","protected":false},"excerpt":{"rendered":"<p>Entrevues avec F\u00e9lix-Antoine Savard, Anne H\u00e9bert, Yves Th\u00e9riault, Jacques Ferron, G\u00e9rard Bessette, Marie-Claire Blais, Jacques Godbout, Gatien Lapointe, Michel Tremblay, Antonine Maillet, Adrien Th\u00e9rio, Gilbert La Rocque, Jean Barbeau et Pierre Morency. Dans L&#8217;\u00c9CRIVAIN DEVANT SON OEUVRE, quatorze \u00e9crivains r\u00e9pondent \u00e0 des questions sur l&#8217;ensemble de leur oeuvre, sur le pays, sur l&#8217;acte d&#8217;\u00e9crire. Gr\u00e0ce [&hellip;]<\/p>\n","protected":false},"author":2,"featured_media":0,"parent":0,"menu_order":0,"comment_status":"closed","ping_status":"closed","template":"","meta":{"_acf_changed":false,"_cu_dining_location_slug":"","footnotes":"","_links_to":"","_links_to_target":""},"cu_page_type":[],"class_list":["post-144","page","type-page","status-publish","hentry"],"acf":{"cu_post_thumbnail":""},"_links":{"self":[{"href":"https:\/\/carleton.ca\/donsmith\/wp-json\/wp\/v2\/pages\/144","targetHints":{"allow":["GET"]}}],"collection":[{"href":"https:\/\/carleton.ca\/donsmith\/wp-json\/wp\/v2\/pages"}],"about":[{"href":"https:\/\/carleton.ca\/donsmith\/wp-json\/wp\/v2\/types\/page"}],"author":[{"embeddable":true,"href":"https:\/\/carleton.ca\/donsmith\/wp-json\/wp\/v2\/users\/2"}],"replies":[{"embeddable":true,"href":"https:\/\/carleton.ca\/donsmith\/wp-json\/wp\/v2\/comments?post=144"}],"version-history":[{"count":4,"href":"https:\/\/carleton.ca\/donsmith\/wp-json\/wp\/v2\/pages\/144\/revisions"}],"predecessor-version":[{"id":694,"href":"https:\/\/carleton.ca\/donsmith\/wp-json\/wp\/v2\/pages\/144\/revisions\/694"}],"wp:attachment":[{"href":"https:\/\/carleton.ca\/donsmith\/wp-json\/wp\/v2\/media?parent=144"}],"wp:term":[{"taxonomy":"cu_page_type","embeddable":true,"href":"https:\/\/carleton.ca\/donsmith\/wp-json\/wp\/v2\/cu_page_type?post=144"}],"curies":[{"name":"wp","href":"https:\/\/api.w.org\/{rel}","templated":true}]}}