{"id":147,"date":"2017-05-03T14:45:59","date_gmt":"2017-05-03T18:45:59","guid":{"rendered":"https:\/\/carleton.ca\/donsmith\/?page_id=147"},"modified":"2026-01-30T10:02:00","modified_gmt":"2026-01-30T15:02:00","slug":"lecrivain-devant-son-oeuvre-2","status":"publish","type":"page","link":"https:\/\/carleton.ca\/donsmith\/lecrivain-devant-son-oeuvre\/lecrivain-devant-son-oeuvre-2\/","title":{"rendered":"Critical Reaction: L&#8217;\u00c9crivain devant son oeuvre"},"content":{"rendered":"\n<section class=\"w-screen px-6 cu-section cu-section--white ml-offset-center md:px-8 lg:px-14\">\n    <div class=\"space-y-6 cu-max-w-child-5xl  md:space-y-10 cu-prose-first-last\">\n\n            <div class=\"cu-textmedia flex flex-col lg:flex-row mx-auto gap-6 md:gap-10 my-6 md:my-12 first:mt-0 max-w-5xl\">\n        <div class=\"justify-start cu-textmedia-content cu-prose-first-last\" style=\"flex: 0 0 100%;\">\n            <header class=\"font-light prose-xl cu-pageheader md:prose-2xl cu-component-updated cu-prose-first-last\">\n                                    <h1 class=\"cu-prose-first-last font-semibold !mt-2 mb-4 md:mb-6 relative after:absolute after:h-px after:bottom-0 after:bg-cu-red after:left-px text-3xl md:text-4xl lg:text-5xl lg:leading-[3.5rem] pb-5 after:w-10 text-cu-black-700 not-prose\">\n                        Critical Reaction: L&#8217;\u00c9crivain devant son oeuvre\n                    <\/h1>\n                \n                                \n                            <\/header>\n\n                    <\/div>\n\n            <\/div>\n\n    <\/div>\n<\/section>\n\n\n\n<p><\/p>\n\n\n\n<ul class=\"wp-block-list\">\n<li>&#8221; Un livre \u00e9clairant, p\u00e9n\u00e9trant, qui se lit comme un roman. &#8220;<br><strong class=\"myprefix-text-bold\">(Aur\u00e9lien Boivin, <em class=\"myprefix-text-italic\">Qu\u00e9bec fran\u00e7ais<\/em>, Montr\u00e9al)<\/strong><br><\/li>\n\n\n\n<li>&#8221; Donald Smith a vraiment fait oeuvre d&#8217;amour pour la litt\u00e9rature. Un livre vraiment tr\u00e8s int\u00e9ressant. &#8220;<br><strong class=\"myprefix-text-bold\">(Normand Cazelais, &#8221; Bon Dimanche &#8220;, TVA)<\/strong><br><\/li>\n\n\n\n<li>&#8221; Si vous ne savez pas quoi lire en &#8216;qu\u00e9b\u00e9cois&#8217;, procurez-vous le livre de D. Smith. &#8220;<br><strong class=\"myprefix-text-bold\">(Marc Chabot, <em class=\"myprefix-text-italic\">Nuit blanche<\/em>, Qu\u00e9bec)<\/strong><br><\/li>\n\n\n\n<li>&#8221; Notre entretien, vraiment tr\u00e8s personnel, ne me d\u00e9pla\u00eet pas du tout. &#8220;<br><strong class=\"myprefix-text-bold\">(Jacques Ferron, lettre personnelle)<\/strong><br><\/li>\n\n\n\n<li>&#8221; Cet ouvrage brille par l&#8217;excellence de sa pr\u00e9sentation. Dans un style alerte et vivant, Smith sait s&#8217;adapter aux auteurs les plus divers. &#8220;<br><strong class=\"myprefix-text-bold\">(Paul Gay, <em class=\"myprefix-text-italic\">Le Droit<\/em>, Ottawa)<\/strong><br><\/li>\n\n\n\n<li>&#8221; Il faut lire ce livre pour la pertinence des questions que Smith a pos\u00e9es et pour la mani\u00e8re dont il a su nous introduire aux auteurs qu&#8217;il a choisis. &#8220;<br><strong class=\"myprefix-text-bold\">(Louis Lasnier, <em class=\"myprefix-text-italic\">Nos livres<\/em>, Montr\u00e9al)<\/strong><br><\/li>\n\n\n\n<li>&#8221; Un livre de grande fraternit\u00e9 face \u00e0 notre litt\u00e9rature et \u00e0 nos \u00e9crivains. Un important document touchant notre litt\u00e9rature&#8230; Des r\u00e9ponses d&#8217;autant plus vives que les questions piquaient les \u00e9crivains. &#8220;<br><strong class=\"myprefix-text-bold\">(Wilfrid Lemoine, la radio de Radio Canada)<\/strong><br><\/li>\n\n\n\n<li>&#8221; F\u00e9licitations \u00e0 Donald Smith et \u00e0 Qu\u00e9bec\/Am\u00e9rique pour L&#8217;\u00c9CRIVAIN DEVANT SON OEUVRE que j&#8217;ai lu avec int\u00e9r\u00eat et plaisir. &#8220;<br><strong class=\"myprefix-text-bold\">(Antonine Maillet, lettre personnelle)<\/strong><br><\/li>\n\n\n\n<li>&#8221; A guided tour to a writer&#8217;s workshop. A delight and essential reading for anyone interested in Qu\u00e9bec. &#8220;<br><strong class=\"myprefix-text-bold\">(Alberto Manguel, <em class=\"myprefix-text-italic\">Books in Canada<\/em>, Toronto)<\/strong><br><\/li>\n\n\n\n<li>&#8221; Un livre passionnant. J&#8217;ai d\u00e9vor\u00e9 en particulier Ferron et Th\u00e9riault. Vous m&#8217;avez fait d\u00e9couvrir Gilbert La Rocque et donn\u00e9 envie de le lire. &#8220;<br><strong class=\"myprefix-text-bold\">(Jovette Marchessault, lettre personnelle)<\/strong><br><\/li>\n\n\n\n<li>&#8221; Donald Smith fait voyager le lecteur dans l&#8217;univers fascinant de l&#8217;imaginaire. &#8220;<br><strong class=\"myprefix-text-bold\">(Jean-Guy Martin, <em class=\"myprefix-text-italic\">Le Journal de Montr\u00e9al)<\/em><\/strong><br><\/li>\n\n\n\n<li>&#8221; J&#8217;admire beaucoup votre travail et votre mani\u00e8re de le mener. &#8220;<br><strong class=\"myprefix-text-bold\">(Gabrielle Roy, lettre personnelle)<\/strong><br><\/li>\n\n\n\n<li>&#8221; Un livre qui nous fait passer dans le monde extraordinaire de l&#8217;imaginaire. &#8220;<br><strong class=\"myprefix-text-bold\">(Claude Saucier, &#8221; T\u00e9l\u00e9service &#8220;, la t\u00e9l\u00e9vision de Radio-Qu\u00e9becThe Toronto Star)<\/strong><br><\/li>\n\n\n\n<li>\u201cSmith\u2019s writing is lively stuff. The sort of thing that raves footprints in the mind.\u201d<br>(<strong class=\"myprefix-text-bold\">The Toronto Star<\/strong>)<br><\/li>\n\n\n\n<li>&#8220;Donald Smith has compiled an extraordinary series of interviews with Quebec and Acadian writers. Smith\u2019s questions and the writers\u2019 answers, smoothly and unobtrusively translated from the French by Larry Shouldice, deal with matters of language, politics, religion, social issues and, most important, the actual creative process as seen and felt by each author. <i>Voices of Deliverance <\/i>is a fascinating glimpse into the lives and thoughts of the cream of Quebec and Acadian writers. Donald Smith\u2019s vast knowledge of his subjects and their works and his obvious intellectual curiosity enable him to produce a captivating and complete work. This is an essential documentary about some of the many great writers in French Canada.&#8221;<br><span class=\"Apple-converted-space\"><br><\/span>(Julie Rekai Rickerd, Canadian Book Review Annual, 1986).<span class=\"Apple-converted-space\">\u00a0<\/span><\/li>\n<\/ul>\n","protected":false},"excerpt":{"rendered":"","protected":false},"author":2,"featured_media":0,"parent":144,"menu_order":0,"comment_status":"closed","ping_status":"closed","template":"","meta":{"_acf_changed":false,"_cu_dining_location_slug":"","footnotes":"","_links_to":"","_links_to_target":""},"cu_page_type":[],"class_list":["post-147","page","type-page","status-publish","hentry"],"acf":{"cu_post_thumbnail":""},"_links":{"self":[{"href":"https:\/\/carleton.ca\/donsmith\/wp-json\/wp\/v2\/pages\/147","targetHints":{"allow":["GET"]}}],"collection":[{"href":"https:\/\/carleton.ca\/donsmith\/wp-json\/wp\/v2\/pages"}],"about":[{"href":"https:\/\/carleton.ca\/donsmith\/wp-json\/wp\/v2\/types\/page"}],"author":[{"embeddable":true,"href":"https:\/\/carleton.ca\/donsmith\/wp-json\/wp\/v2\/users\/2"}],"replies":[{"embeddable":true,"href":"https:\/\/carleton.ca\/donsmith\/wp-json\/wp\/v2\/comments?post=147"}],"version-history":[{"count":5,"href":"https:\/\/carleton.ca\/donsmith\/wp-json\/wp\/v2\/pages\/147\/revisions"}],"predecessor-version":[{"id":526,"href":"https:\/\/carleton.ca\/donsmith\/wp-json\/wp\/v2\/pages\/147\/revisions\/526"}],"up":[{"embeddable":true,"href":"https:\/\/carleton.ca\/donsmith\/wp-json\/wp\/v2\/pages\/144"}],"wp:attachment":[{"href":"https:\/\/carleton.ca\/donsmith\/wp-json\/wp\/v2\/media?parent=147"}],"wp:term":[{"taxonomy":"cu_page_type","embeddable":true,"href":"https:\/\/carleton.ca\/donsmith\/wp-json\/wp\/v2\/cu_page_type?post=147"}],"curies":[{"name":"wp","href":"https:\/\/api.w.org\/{rel}","templated":true}]}}