{"id":162,"date":"2017-05-03T15:00:26","date_gmt":"2017-05-03T19:00:26","guid":{"rendered":"https:\/\/carleton.ca\/donsmith\/?page_id=162"},"modified":"2026-03-18T05:15:00","modified_gmt":"2026-03-18T09:15:00","slug":"gilles-vigneault-conteur-et-poete","status":"publish","type":"page","link":"https:\/\/carleton.ca\/donsmith\/gilles-vigneault-conteur-et-poete\/","title":{"rendered":"GILLES VIGNEAULT : CONTEUR ET PO\u00c8TE, DONALD SMITH"},"content":{"rendered":"\n<section class=\"w-screen px-6 cu-section cu-section--white ml-offset-center md:px-8 lg:px-14\">\n    <div class=\"space-y-6 cu-max-w-child-5xl  md:space-y-10 cu-prose-first-last\">\n\n            <div class=\"cu-textmedia flex flex-col lg:flex-row mx-auto gap-6 md:gap-10 my-6 md:my-12 first:mt-0 max-w-5xl\">\n        <div class=\"justify-start cu-textmedia-content cu-prose-first-last\" style=\"flex: 0 0 100%;\">\n            <header class=\"font-light prose-xl cu-pageheader md:prose-2xl cu-component-updated cu-prose-first-last\">\n                                    <h1 class=\"cu-prose-first-last font-semibold !mt-2 mb-4 md:mb-6 relative after:absolute after:h-px after:bottom-0 after:bg-cu-red after:left-px text-3xl md:text-4xl lg:text-5xl lg:leading-[3.5rem] pb-5 after:w-10 text-cu-black-700 not-prose\">\n                        GILLES VIGNEAULT : CONTEUR ET PO\u00c8TE\n                    <\/h1>\n                \n                                \n                            <\/header>\n\n                    <\/div>\n\n            <\/div>\n\n    <\/div>\n<\/section>\n\n\n\n<figure class=\"wp-block-image is-resized\"><img loading=\"lazy\" decoding=\"async\" width=\"240\" height=\"165\" src=\"https:\/\/carleton.ca\/donsmith\/wp-content\/uploads\/sites\/203\/don12-240x165.gif\" alt=\"\" class=\"wp-image-163\" style=\"width:400px\" srcset=\"https:\/\/carleton.ca\/donsmith\/wp-content\/uploads\/sites\/203\/don12-240x165.gif 240w, https:\/\/carleton.ca\/donsmith\/wp-content\/uploads\/sites\/203\/don12-160x110.gif 160w, https:\/\/carleton.ca\/donsmith\/wp-content\/uploads\/sites\/203\/don12-400x276.gif 400w, https:\/\/carleton.ca\/donsmith\/wp-content\/uploads\/sites\/203\/don12-360x248.gif 360w\" sizes=\"auto, (max-width: 240px) 100vw, 240px\" \/><\/figure>\n\n\n\n<p><\/p>\n\n\n\n<p>Gilles Vigneault est non seulement le chansonnier le plus c\u00e9l\u00e8bre du Qu\u00e9bec, mais aussi un po\u00e8te et un conteur exceptionnels. Puis\u00e9e \u00e0 m\u00eame les richesses de la po\u00e9sie fran\u00e7aise du Moyen \u00c2ge et de la Renaissance, l&#8217;oeuvre du troubadour de Natashquan est parcourue d&#8217;images saisissantes et de rythmes harmonieux. Dans un style vivant et color\u00e9, Donald Smith commente les symboles, les th\u00e8mes, les influences et la vie du po\u00e8te. Sur le ton de la confidence et de la franchise, Gilles Vigneault r\u00e9pond \u00e9loquemment \u00e0 des questions sur l&#8217;ensemble de son oeuvre, sur la place de la litt\u00e9rature dans le monde d&#8217;aujourd,hui, sur l&#8217;avenir du Qu\u00e9bec, sur la n\u00e9cessit\u00e9 du merveilleux. DONALD SMITH ET GILLES VIGNEAULT: PLUS QU&#8217;UNE COLLABORATION&#8230; UN \u00c9CHANGE VIBRANT ET R\u00c9V\u00c9LATEUR.<\/p>\n\n\n\n<p>Les \u00c9ditions Qu\u00e9bec\/Am\u00e9rique<br>\n329, rue de la Commune Ouest, 3e \u00e9tage<br>\nMontr\u00e9al, P.Q.<br>\nCanada<br>\nH2Y 2E1<br>\nT.: (514) 499-3000, Fax: 3010. Web: http:\/\/www.quebec-amerique.com\/<\/p>\n\n\n\n<p>ISBN 2-89037-212-x<\/p>\n\n\n\n<p><a href=\"https:\/\/carleton.ca\/donsmith\/gilles-vigneault-conteur-et-poete\/gilles-vigneault-conteur-et-poete\/\">Click here<\/a> for critical reaction. Cliquer ici pour l&#8217;accueil critique.<\/p>\n","protected":false},"excerpt":{"rendered":"<p>Gilles Vigneault est non seulement le chansonnier le plus c\u00e9l\u00e8bre du Qu\u00e9bec, mais aussi un po\u00e8te et un conteur exceptionnels. Puis\u00e9e \u00e0 m\u00eame les richesses de la po\u00e9sie fran\u00e7aise du Moyen \u00c2ge et de la Renaissance, l&#8217;oeuvre du troubadour de Natashquan est parcourue d&#8217;images saisissantes et de rythmes harmonieux. Dans un style vivant et color\u00e9, [&hellip;]<\/p>\n","protected":false},"author":2,"featured_media":0,"parent":0,"menu_order":0,"comment_status":"closed","ping_status":"closed","template":"","meta":{"_acf_changed":false,"_cu_dining_location_slug":"","footnotes":"","_links_to":"","_links_to_target":""},"cu_page_type":[],"class_list":["post-162","page","type-page","status-publish","hentry"],"acf":{"cu_post_thumbnail":""},"_links":{"self":[{"href":"https:\/\/carleton.ca\/donsmith\/wp-json\/wp\/v2\/pages\/162","targetHints":{"allow":["GET"]}}],"collection":[{"href":"https:\/\/carleton.ca\/donsmith\/wp-json\/wp\/v2\/pages"}],"about":[{"href":"https:\/\/carleton.ca\/donsmith\/wp-json\/wp\/v2\/types\/page"}],"author":[{"embeddable":true,"href":"https:\/\/carleton.ca\/donsmith\/wp-json\/wp\/v2\/users\/2"}],"replies":[{"embeddable":true,"href":"https:\/\/carleton.ca\/donsmith\/wp-json\/wp\/v2\/comments?post=162"}],"version-history":[{"count":5,"href":"https:\/\/carleton.ca\/donsmith\/wp-json\/wp\/v2\/pages\/162\/revisions"}],"predecessor-version":[{"id":691,"href":"https:\/\/carleton.ca\/donsmith\/wp-json\/wp\/v2\/pages\/162\/revisions\/691"}],"wp:attachment":[{"href":"https:\/\/carleton.ca\/donsmith\/wp-json\/wp\/v2\/media?parent=162"}],"wp:term":[{"taxonomy":"cu_page_type","embeddable":true,"href":"https:\/\/carleton.ca\/donsmith\/wp-json\/wp\/v2\/cu_page_type?post=162"}],"curies":[{"name":"wp","href":"https:\/\/api.w.org\/{rel}","templated":true}]}}