{"id":171,"date":"2017-05-03T15:05:10","date_gmt":"2017-05-03T19:05:10","guid":{"rendered":"https:\/\/carleton.ca\/donsmith\/?page_id=171"},"modified":"2026-03-18T05:51:34","modified_gmt":"2026-03-18T09:51:34","slug":"jacques-godbout-du-roman-au-cinema","status":"publish","type":"page","link":"https:\/\/carleton.ca\/donsmith\/jacques-godbout-du-roman-au-cinema-voyage-dans-limaginaire-quebecois\/jacques-godbout-du-roman-au-cinema\/","title":{"rendered":"JACQUES GODBOUT, ROMANCIER, CIN\u00c9ASTE, DONALD SMITH"},"content":{"rendered":"\n<section class=\"w-screen px-6 cu-section cu-section--white ml-offset-center md:px-8 lg:px-14\">\n    <div class=\"space-y-6 cu-max-w-child-5xl  md:space-y-10 cu-prose-first-last\">\n\n            <div class=\"cu-textmedia flex flex-col lg:flex-row mx-auto gap-6 md:gap-10 my-6 md:my-12 first:mt-0 max-w-5xl\">\n        <div class=\"justify-start cu-textmedia-content cu-prose-first-last\" style=\"flex: 0 0 100%;\">\n            <header class=\"font-light prose-xl cu-pageheader md:prose-2xl cu-component-updated cu-prose-first-last\">\n                                    <h1 class=\"cu-prose-first-last font-semibold !mt-2 mb-4 md:mb-6 relative after:absolute after:h-px after:bottom-0 after:bg-cu-red after:left-px text-3xl md:text-4xl lg:text-5xl lg:leading-[3.5rem] pb-5 after:w-10 text-cu-black-700 not-prose\">\n                        JACQUES GODBOUT : DU ROMAN AU CIN\u00c9MA\n                    <\/h1>\n                \n                                \n                            <\/header>\n\n                    <\/div>\n\n            <\/div>\n\n    <\/div>\n<\/section>\n\n\n\n<ul class=\"wp-block-list\">\n<li>&#8221; Un ouvrage fascinant sur un grand documentariste, po\u00e8te et romancier qu\u00e9b\u00e9cois. Donald Smith nous offre un beau doubl\u00e9, deux ouvrages en en seul. \u00c0 l&#8217;instar de Godbout qui aime appuyer ses documents sur la m\u00e9moire visuelle, qui int\u00e8gre toujours dans ses films des documents d&#8217;archives, il y a dans la vid\u00e9o des extraits de films avec, en plus, Louise Forestier qui chante en ouverture et \u00e0 la fin &#8221; Vivre en ce pays, c&#8217;est comme vivre en Californie &#8220;. Dans la vid\u00e9o, Donald Smith m\u00e8ne une entrevue de fond avec l&#8217;homme de lettres et d&#8217;images. Beaucoup de mati\u00e8re \u00e0 r\u00e9flexion. Un must. &#8221; Francine Grimaldi, &#8221; CBF Bonjour &#8220;, la radio de Radio-Canada<\/li>\n\n\n\n<li>&#8221; Donald Smith a eu une bonne id\u00e9e : jumeler \u00e0 un essai sur le parcours de Jacques Godbout, \u00e9crivain-cin\u00e9aste &#8216;au langage bim\u00e9dia&#8217;, une vid\u00e9ocassette entrem\u00ealant une entrevue et des extraits de films. Le premier document expliquant l&#8217;autre, et vice-versa. L&#8217;avantage de ce type d&#8217;ouvrage, c&#8217;est qu&#8217;il d\u00e9couvre les lignes de force, les obsessions d&#8217;un cr\u00e9ateur&#8230; Une initiation aux regards prismatiques que Godbout a pos\u00e9s au long des ans sur son peuple bic\u00e9phale. &#8221; Odile Tremblay, le journal Le Devoir (Montr\u00e9al)<\/li>\n\n\n\n<li>&#8221; Il est l&#8217;une des figures les plus importantes de sa g\u00e9n\u00e9ration au Qu\u00e9bec. Explorant deux univers, l&#8217;\u00e9crit et l&#8217;image, Jacques Godbout a men\u00e9 deux carri\u00e8res de front. Admirateur et critique, Donald Smith lui consacre un essai et une vid\u00e9ocassette. Pas \u00e9tonnant qu&#8217;il soit passionn\u00e9 par un \u00e9crivain comme Godbout, puisque le p\u00e8re de Galarneau a explor\u00e9, cherch\u00e9 l&#8217;Am\u00e9rique dans presque toute son oeuvre. Les fans de litt\u00e9rature qu\u00e9b\u00e9coise trouveront leur compte dans ce bouquin car Smith sait son sujet par coeur. Ceux qui connaissent bien les livres et films de Godbout pourront retirer le maximum de cet essai. &#8221; Pascale Navarro, le magazine Voir (Montr\u00e9al)<\/li>\n\n\n\n<li>&#8221; L&#8217;analyse de Donald Smith nous montre les vertus de &#8220;la sant\u00e9 par l&#8217;art&#8221;. C&#8217;est par la force de l&#8217;art et du signe que les Qu\u00e9b\u00e9cois auront leur victoire sur le g\u00e9ant am\u00e9ricain. JACQUES GODBOUT : DU ROMAN AU CIN\u00c9MA, un ouvrage tr\u00e8s bien document\u00e9, analyse la dualit\u00e9 linguistique du Qu\u00e9bec, son probl\u00e8me d&#8217;identit\u00e9 et son am\u00e9ricanicit\u00e9. On suit l&#8217;\u00e9volution de Jacques Godbout et du Qu\u00e9bec vue de l&#8217;ext\u00e9rieur et de l&#8217;int\u00e9rieur, d&#8217;Afrique, d&#8217;\u00c9thiopie, de Californie, de l&#8217;Ouest canadien, de Port-au-Prince. Godbout regarde son pays mais aussi la plan\u00e8te enti\u00e8re. Donald Smith a cit\u00e9 une phrase tr\u00e8s importante de Jacques Godbout : &#8220;Un Canadien fran\u00e7ais ne s&#8217;\u00e9panouit pas, il survit.&#8221; Le Qu\u00e9b\u00e9cois est bic\u00e9phale, il est divis\u00e9 dans sa langue, dans sa culture, dans son propre pays. &#8221; Janine Messadi\u00e9, &#8221; Visions d&#8217;Am\u00e9rique &#8220;, TV5<\/li>\n\n\n\n<li>&#8221; Avec une cam\u00e9ra ou un stylo, Godbout r\u00e9ussit \u00e0 faire passer son message, qui porte, la plupart du temps, sur l&#8217;identit\u00e9 qu\u00e9b\u00e9coise. JACQUES GODBOUT : DU ROMAN AU CIN\u00c9MA de Donald Smith, sorte d&#8217;autopsie douce de l&#8217;oeuvre du romancier-cin\u00e9aste, permet de rep\u00e9rer les influences qui ont fait de l&#8217;auteur des T\u00caTES \u00c0 PAPINEAU un homme portant deux chapeaux. &#8221; Micheline Lachance, le magazine L&#8217;Actualit\u00e9<\/li>\n\n\n\n<li>&#8221; Donald Smith s&#8217;est tr\u00e8s s\u00e9rieusement int\u00e9ress\u00e9 \u00e0 l&#8217;oeuvre de Jacques Godbout. Ce double produit t\u00e9moigne d&#8217;une v\u00e9ritable passion. &#8221; Christiane Charette, la t\u00e9l\u00e9vision de Radio-Canada<\/li>\n\n\n\n<li>&#8221; Un essai doubl\u00e9 d&#8217;une vid\u00e9ocassette : une premi\u00e8re dans le monde de l&#8217;\u00e9dition au Qu\u00e9bec. Un ouvrage important qui met vraiment en perspective l&#8217;oeuvre globale, qui permet d&#8217;y voir clair. Dans la vid\u00e9o, des extraits de films qui r\u00e9v\u00e8lent les diff\u00e9rents volets de l&#8217;oeuvre (l&#8217;Afrique, la tentation am\u00e9ricaine &#8211; th\u00e8me incontournable chez Godbout &#8211; le r\u00eave californien&#8230;). Un excellent r\u00e9sum\u00e9 de tout ce que Godbout a fait jusqu&#8217;\u00e0 maintenant&#8221;. Mario Girard, &#8221; CBOF Bonjour &#8220;, la radio de Radio-Canada<\/li>\n\n\n\n<li>&#8221; Un regard nouveau sur l&#8217;imaginaire et la cr\u00e9ativit\u00e9, sur la place du Qu\u00e9bec dans le monde d&#8217;aujourd\u2019hui. &#8221; Gilles Crevier, Le Journal de Montr\u00e9al<\/li>\n\n\n\n<li>&#8221; Un coffret livre-vid\u00e9ocassette sur Jacques Godbout, personnage-phare dans le paysage de la litt\u00e9rature et du cin\u00e9ma d&#8217;ici. Donald Smith a d\u00e9cortiqu\u00e9 films et romans dans cet essai passionnant. Un must.&#8221; Marc Andr\u00e9 Joanisse, le journal Le Droit (Ottawa)<\/li>\n\n\n\n<li>&#8221; Extensively documented, perceptive and accessible&#8230; an enthusiastic study. In terms of packaging, this study is one of the most original produced in Qu\u00e9bec. &#8221; R\u00e9mi Charest, le journal The Gazette (Montr\u00e9al)<\/li>\n\n\n\n<li>&#8221; J&#8217;ai toujours aim\u00e9 l&#8217;intelligence de Jacques Godbout et reconnu son immense talent et son travail d&#8217;auteur. L&#8217;essai de Donald Smith trace un portrait-bilan tr\u00e8s int\u00e9ressant de l&#8217;oeuvre &#8216;multim\u00e9dia&#8217; de Godbout, auquel la vid\u00e9ocassette apporte le compl\u00e9ment essentiel. Ne vous en privez pas. &#8221; Jean-Fran\u00e7ois Cr\u00e9peau, la revue Le Canada fran\u00e7ais (Montr\u00e9al)<\/li>\n\n\n\n<li>&#8220;Un livre qui t\u00e9moigne du d\u00e9mant\u00e8lement du mythe des deux solitudes, qui d\u00e9mystifie le Qu\u00e9b\u00e9cois bic\u00e9phale (oui-non), qui cerne la notion de la francophonie, qui nous fait appr\u00e9cier des paysages et des individus po\u00e9tis\u00e9s par le regard d\u2019un cin\u00e9aste unique. &#8221; Paul-Fran\u00e7ois Sylvestre, le magazine Liaison (Ottawa)<\/li>\n\n\n\n<li>&#8221; Cet essai pr\u00e9sente clairement les liens unissant les images du cin\u00e9aste aux mots du romancier et montre en quoi l&#8217;univers cr\u00e9\u00e9 est \u00e0 la fois complexe et coh\u00e9rent et ce, en s&#8217;appuyant sur des pays, des styles de vie et des individus vari\u00e9s mais pourtant ressemblants. Les rapports des uns avec les autres ouvrent sur des r\u00e9flexions fondamentales et des remises en question plongeant in\u00e9vitablement l&#8217;\u00eatre humain au fond de lui. Donald Smith a su laisser parler son sujet et n&#8217;a pas cherch\u00e9 \u00e0 poser ou \u00e0 imposer son point de vue, outre certaines remarques propres au genre de l&#8217;essai. \u00catre fid\u00e8le \u00e0 l&#8217;auteur est le plus bel hommage que pouvait faire Donald Smith \u00e0 Jacques Godbout. &#8221; Marie-Pierre Coulombe, le journal Impact Campus (Montr\u00e9al)<\/li>\n\n\n\n<li>&#8221; La feuille de route de Jacques Godbout est impressionnante. Son regard embrasse l&#8217;horizon, mais le Qu\u00e9bec demeure son port d&#8217;attache. Smith diss\u00e8que avec application l&#8217;oeuvre de l&#8217;\u00e9crivain-r\u00e9alisateur. Films et romans sont pris comme &#8216;textes&#8217;, comme &#8216;discours&#8217;. L&#8217;approche th\u00e9matique permet un vaste tour d&#8217;horizon des r\u00e9flexions de Godbout sur le Qu\u00e9bec d&#8217;hier et d&#8217;aujourd&#8217;hui.&#8221; Andr\u00e9 Lavoie, Cin\u00e9bulles (Montr\u00e9al)<\/li>\n\n\n\n<li>&#8221; Jacques Godbout a beaucoup voyag\u00e9 et il a notamment v\u00e9cu et travaill\u00e9 en Afrique. Le regard qu&#8217;il en a rapport\u00e9 sur notre civilisation impr\u00e8gne une oeuvre singuli\u00e8re. L&#8217;essai de Donald Smith met explicitement en rapport la production romanesque et filmique de Godbout. L&#8217;int\u00e9r\u00eat de cet essai-synth\u00e8se r\u00e9side \u00e9videmment dans les rapprochements d&#8217;oeuvres d&#8217;un cr\u00e9ateur original et d&#8217;un commentateur important de notre soci\u00e9t\u00e9. Smith rel\u00e8ve l&#8217;usage constant de la m\u00e9taphore \u00e0 des fins de contestation.&#8221; Max Roy, Lettres qu\u00e9b\u00e9coises (Montr\u00e9al)<\/li>\n<\/ul>\n\n\n\n<p><strong class=\"myprefix-text-bold\">Entretien d&#8217;une heure de Donald Smith avec le romancier-cin\u00e9aste ainsi que des extraits de plusieurs films du r\u00e9alisateur<\/strong>:<\/p>\n\n\n\n<div class=\"wp-block-buttons is-layout-flex wp-block-buttons-is-layout-flex\">\n<div class=\"wp-block-button\"><a class=\"wp-block-button__link wp-element-button\" href=\"https:\/\/youtu.be\/MU1DTzcsLeY\">Cliquez ici pour regarder cet entretien<\/a><\/div>\n<\/div>\n\n\n\n<p><\/p>\n","protected":false},"excerpt":{"rendered":"<p>Entretien d&#8217;une heure de Donald Smith avec le romancier-cin\u00e9aste ainsi que des extraits de plusieurs films du r\u00e9alisateur:<\/p>\n","protected":false},"author":2,"featured_media":0,"parent":168,"menu_order":0,"comment_status":"closed","ping_status":"closed","template":"","meta":{"_acf_changed":false,"_cu_dining_location_slug":"","footnotes":"","_links_to":"","_links_to_target":""},"cu_page_type":[],"class_list":["post-171","page","type-page","status-publish","hentry"],"acf":{"cu_post_thumbnail":""},"_links":{"self":[{"href":"https:\/\/carleton.ca\/donsmith\/wp-json\/wp\/v2\/pages\/171","targetHints":{"allow":["GET"]}}],"collection":[{"href":"https:\/\/carleton.ca\/donsmith\/wp-json\/wp\/v2\/pages"}],"about":[{"href":"https:\/\/carleton.ca\/donsmith\/wp-json\/wp\/v2\/types\/page"}],"author":[{"embeddable":true,"href":"https:\/\/carleton.ca\/donsmith\/wp-json\/wp\/v2\/users\/2"}],"replies":[{"embeddable":true,"href":"https:\/\/carleton.ca\/donsmith\/wp-json\/wp\/v2\/comments?post=171"}],"version-history":[{"count":5,"href":"https:\/\/carleton.ca\/donsmith\/wp-json\/wp\/v2\/pages\/171\/revisions"}],"predecessor-version":[{"id":706,"href":"https:\/\/carleton.ca\/donsmith\/wp-json\/wp\/v2\/pages\/171\/revisions\/706"}],"up":[{"embeddable":true,"href":"https:\/\/carleton.ca\/donsmith\/wp-json\/wp\/v2\/pages\/168"}],"wp:attachment":[{"href":"https:\/\/carleton.ca\/donsmith\/wp-json\/wp\/v2\/media?parent=171"}],"wp:term":[{"taxonomy":"cu_page_type","embeddable":true,"href":"https:\/\/carleton.ca\/donsmith\/wp-json\/wp\/v2\/cu_page_type?post=171"}],"curies":[{"name":"wp","href":"https:\/\/api.w.org\/{rel}","templated":true}]}}