{"id":174,"date":"2017-05-03T15:08:02","date_gmt":"2017-05-03T19:08:02","guid":{"rendered":"https:\/\/carleton.ca\/donsmith\/?page_id=174"},"modified":"2026-02-18T09:27:15","modified_gmt":"2026-02-18T14:27:15","slug":"gilbert-la-rocque-lecriture-du-reve","status":"publish","type":"page","link":"https:\/\/carleton.ca\/donsmith\/gilbert-la-rocque-lecriture-du-reve\/","title":{"rendered":"GILBERT LA ROCQUE : L&#8217;\u00c9CRITURE DU R\u00caVE"},"content":{"rendered":"\n<section class=\"w-screen px-6 cu-section cu-section--white ml-offset-center md:px-8 lg:px-14\">\n    <div class=\"space-y-6 cu-max-w-child-5xl  md:space-y-10 cu-prose-first-last\">\n\n            <div class=\"cu-textmedia flex flex-col lg:flex-row mx-auto gap-6 md:gap-10 my-6 md:my-12 first:mt-0 max-w-5xl\">\n        <div class=\"justify-start cu-textmedia-content cu-prose-first-last\" style=\"flex: 0 0 100%;\">\n            <header class=\"font-light prose-xl cu-pageheader md:prose-2xl cu-component-updated cu-prose-first-last\">\n                                    <h1 class=\"cu-prose-first-last font-semibold !mt-2 mb-4 md:mb-6 relative after:absolute after:h-px after:bottom-0 after:bg-cu-red after:left-px text-3xl md:text-4xl lg:text-5xl lg:leading-[3.5rem] pb-5 after:w-10 text-cu-black-700 not-prose\">\n                        GILBERT LA ROCQUE : L&#8217;\u00c9CRITURE DU R\u00caVE\n                    <\/h1>\n                \n                                \n                            <\/header>\n\n                    <\/div>\n\n            <\/div>\n\n    <\/div>\n<\/section>\n\n\n\n<p>Avec la collaboration de Gilles Dorion, R\u00e9jean Robidoux et Andr\u00e9 Vanasse<\/p>\n\n\n\n<p>Appel\u00e9 souvent le Faulkner du Qu\u00e9bec, Gilbert La Rocque fut un directeur litt\u00e9raire influent et certainement un des \u00e9crivains qu\u00e9b\u00e9cois les plus talentueux de sa g\u00e9n\u00e9ration. Dans ses romans, La Rocque d\u00e9montre \u00e9loquemment l&#8217;importance universelle des souvenirs, des gestes, des personnages et des \u00e9v\u00e9nements cruciaux ressuscit\u00e9s involontairement par la m\u00e9moire profonde.<\/p>\n\n\n\n<p>Extraits :<\/p>\n\n\n\n<p>&#8221; L&#8217;auteur d\u00e9colle constamment de la r\u00e9alit\u00e9 banale. Virant au fantastique, les romans de La Rocque se d\u00e9voilent dans le miroir des r\u00eaves. &#8221; (Donald Smith)<\/p>\n\n\n\n<p>&#8221; Ce qui fait la force de La Rocque, la marque de son grand talent, pr\u00e9cis\u00e9ment parce qu&#8217;elle n&#8217;appartient qu&#8217;\u00e0 de tr\u00e9s rares \u00e9crivains, c&#8217;est cette &#8220;signature&#8221; reconnaissable entre mille parce que modelant un phras\u00e9 si particulier, si typ\u00e9, si agr\u00e9able pour ceux qui le connaissent et qui l&#8217;appr\u00e9cient, qu&#8217;il cr\u00e9e, comme \u00e7&#8217;avait \u00e9t\u00e9 le cas nagu\u00e8re pour Marcel \u00e0 la lecture de certaines phrases de Bergotte dans LA RECHERCHE, une jouissance de la reconnaissance. &#8221; (Andr\u00e9 Vanasse, l&#8217;Universit\u00e9 du Qu\u00e9bec \u00e0 Montr\u00e9al)<\/p>\n\n\n\n<p>&#8221; Le don de La Rocque de coller \u00e0 la conscience de ses personnages est capital et il peut en v\u00e9rit\u00e9 aller tr\u00e8s loin. La Rocque parvient \u00e0 se mettre, si j&#8217;ose dire, dans la peau d&#8217;une femme et \u00e0 repr\u00e9senter toutes les c\u00e9nesth\u00e9sies typiquement f\u00e9minines. (R\u00e9jean Robidoux, Universit\u00e9 d&#8217;Ottawa)<\/p>\n\n\n\n<p>&#8221; Un style tout \u00e0 fait personnel, difficilement transposable ou imitable par d&#8217;autres \u00e9crivains. Une rh\u00e9torique efficace. &#8221; (Gilles Dorion, Universit\u00e9 Laval)<\/p>\n\n\n\n<p>Les \u00c9ditions Qu\u00e9bec\/Am\u00e9rique<br>\n329, rue de la Commune Ouest, 3e \u00e9tage<br>\nMontr\u00e9al, P.Q.<br>\nCanada<br>\nH2Y 2E1<br>\nT.: (514) 499-3000, Fax: 3010. Web: http:\/\/www.quebec-amerique.com\/<\/p>\n\n\n\n<p>ISBN 2-89037-275-8<\/p>\n\n\n\n<p><a href=\"https:\/\/carleton.ca\/donsmith\/gilbert-la-rocque-lecriture-du-reve\/gilbert-la-rocque-lecriture-du-reve\/\">Click here<\/a> for critical reaction. <a href=\"https:\/\/carleton.ca\/donsmith\/gilbert-la-rocque-lecriture-du-reve\/gilbert-la-rocque-lecriture-du-reve\/\">Cliquer ici<\/a> pour l&#8217;accueil critique.<\/p>\n","protected":false},"excerpt":{"rendered":"<p>Avec la collaboration de Gilles Dorion, R\u00e9jean Robidoux et Andr\u00e9 Vanasse Appel\u00e9 souvent le Faulkner du Qu\u00e9bec, Gilbert La Rocque fut un directeur litt\u00e9raire influent et certainement un des \u00e9crivains qu\u00e9b\u00e9cois les plus talentueux de sa g\u00e9n\u00e9ration. Dans ses romans, La Rocque d\u00e9montre \u00e9loquemment l&#8217;importance universelle des souvenirs, des gestes, des personnages et des \u00e9v\u00e9nements [&hellip;]<\/p>\n","protected":false},"author":2,"featured_media":0,"parent":0,"menu_order":0,"comment_status":"closed","ping_status":"closed","template":"","meta":{"_acf_changed":false,"_cu_dining_location_slug":"","footnotes":"","_links_to":"","_links_to_target":""},"cu_page_type":[],"class_list":["post-174","page","type-page","status-publish","hentry"],"acf":{"cu_post_thumbnail":""},"_links":{"self":[{"href":"https:\/\/carleton.ca\/donsmith\/wp-json\/wp\/v2\/pages\/174","targetHints":{"allow":["GET"]}}],"collection":[{"href":"https:\/\/carleton.ca\/donsmith\/wp-json\/wp\/v2\/pages"}],"about":[{"href":"https:\/\/carleton.ca\/donsmith\/wp-json\/wp\/v2\/types\/page"}],"author":[{"embeddable":true,"href":"https:\/\/carleton.ca\/donsmith\/wp-json\/wp\/v2\/users\/2"}],"replies":[{"embeddable":true,"href":"https:\/\/carleton.ca\/donsmith\/wp-json\/wp\/v2\/comments?post=174"}],"version-history":[{"count":4,"href":"https:\/\/carleton.ca\/donsmith\/wp-json\/wp\/v2\/pages\/174\/revisions"}],"predecessor-version":[{"id":575,"href":"https:\/\/carleton.ca\/donsmith\/wp-json\/wp\/v2\/pages\/174\/revisions\/575"}],"wp:attachment":[{"href":"https:\/\/carleton.ca\/donsmith\/wp-json\/wp\/v2\/media?parent=174"}],"wp:term":[{"taxonomy":"cu_page_type","embeddable":true,"href":"https:\/\/carleton.ca\/donsmith\/wp-json\/wp\/v2\/cu_page_type?post=174"}],"curies":[{"name":"wp","href":"https:\/\/api.w.org\/{rel}","templated":true}]}}