{"id":179,"date":"2017-05-03T15:11:28","date_gmt":"2017-05-03T19:11:28","guid":{"rendered":"https:\/\/carleton.ca\/donsmith\/?page_id=179"},"modified":"2026-03-18T05:06:35","modified_gmt":"2026-03-18T09:06:35","slug":"correspondance","status":"publish","type":"page","link":"https:\/\/carleton.ca\/donsmith\/correspondance\/","title":{"rendered":"CORRESPONDANCE GERARD BESSETTE GILBERT LAROCQUE"},"content":{"rendered":"\n<section class=\"w-screen px-6 cu-section cu-section--white ml-offset-center md:px-8 lg:px-14\">\n    <div class=\"space-y-6 cu-max-w-child-5xl  md:space-y-10 cu-prose-first-last\">\n\n            <div class=\"cu-textmedia flex flex-col lg:flex-row mx-auto gap-6 md:gap-10 my-6 md:my-12 first:mt-0 max-w-5xl\">\n        <div class=\"justify-start cu-textmedia-content cu-prose-first-last\" style=\"flex: 0 0 100%;\">\n            <header class=\"font-light prose-xl cu-pageheader md:prose-2xl cu-component-updated cu-prose-first-last\">\n                                    <h1 class=\"cu-prose-first-last font-semibold !mt-2 mb-4 md:mb-6 relative after:absolute after:h-px after:bottom-0 after:bg-cu-red after:left-px text-3xl md:text-4xl lg:text-5xl lg:leading-[3.5rem] pb-5 after:w-10 text-cu-black-700 not-prose\">\n                        CORRESPONDANCE\n                    <\/h1>\n                \n                                \n                            <\/header>\n\n                    <\/div>\n\n            <\/div>\n\n    <\/div>\n<\/section>\n\n<p>La correspondance entre G\u00e9rard Bessette et Gilbert La Rocque n&#8217;a rien d&#8217;un simple \u00e9change de lettres entre un auteur et son \u00e9diteur. Ici, deux de nos romanciers les plus talentueux nous entretiennent des m\u00e9canismes internes qui r\u00e9gissent l&#8217;acte d&#8217;\u00e9crire. Les rapports ambigus, \u00e0 la fois traumatisants et th\u00e9rapeutiques, entre le romancier et ses personnages, entre le &#8221; je &#8221; et le &#8221; il &#8220;, sont d\u00e9voil\u00e9s au grand jour. La correspondance nous offre un regard p\u00e9n\u00e9trant sur l&#8217;influence familiale dans l&#8217;oeuvre des \u00e9crivains, preuve \u00e9clatante que Freud, si complex\u00e9 f\u00fbt-il, \u00e9tait sans doute sur une bonne piste.<\/p>\n\n\n\n<p>Chez Bessette et La Rocque, les mots sont v\u00e9cus comme chair, traitement de texte se muant all\u00e8grement en traitement de sexe. Pour eux, l&#8217;\u00e9criture exhibe sans pudeur les instincts &#8220;anthropo\u00efdes&#8221; qui nous guident toutes et tous. Ces deux camarades d&#8217;\u00e9criture &#8221; ensemencent &#8221; pour laisser des traces sur la page blanche et leur prog\u00e9niture se nomme Image, M\u00e9taphore, Repartie, Rythme. Un \u00e9rotisme litt\u00e9raire instructif et hilarant. Un vrai bijou pour les chercheurs.<\/p>\n\n\n\n<p>Gilbert La Rocque et G\u00e9rard Bessette font la d\u00e9monstration que celui ou celle qui sait manier les mots peut tout faire dans sa t\u00eate : d\u00e9lirer, fantasmer, jouir, se venger, aimer.<\/p>\n\n\n\n<p>Cette correspondance fournit aussi de savoureuse anecdotes sur la petite histoire du monde litt\u00e9raire qu\u00e9b\u00e9cois.<\/p>\n\n\n\n<p>Les \u00c9ditions Qu\u00e9bec\/Am\u00e9rique<br>\n329, rue de la Commune Ouest, 3e \u00e9tage<br>\nMontr\u00e9al, P.Q.<br>\nCanada<br>\nH2Y 2E1<br>\nT.: (514) 499-3000, Fax: 3010. Web: http:\/\/www.quebec-amerique.com\/<\/p>\n\n\n\n<p>ISBN 2-89037-753-9<\/p>\n\n\n\n<p><a href=\"https:\/\/carleton.ca\/donsmith\/correspondance\/gerard-bessette-et-gilbert-la-rocque-correspondance\/\">Click here<\/a> for critical reaction. Cliquer ici pour l&#8217;accueil critique.<\/p>\n","protected":false},"excerpt":{"rendered":"<p>La correspondance entre G\u00e9rard Bessette et Gilbert La Rocque n&#8217;a rien d&#8217;un simple \u00e9change de lettres entre un auteur et son \u00e9diteur. Ici, deux de nos romanciers les plus talentueux nous entretiennent des m\u00e9canismes internes qui r\u00e9gissent l&#8217;acte d&#8217;\u00e9crire. Les rapports ambigus, \u00e0 la fois traumatisants et th\u00e9rapeutiques, entre le romancier et ses personnages, entre [&hellip;]<\/p>\n","protected":false},"author":2,"featured_media":0,"parent":0,"menu_order":0,"comment_status":"closed","ping_status":"closed","template":"","meta":{"_acf_changed":false,"_cu_dining_location_slug":"","footnotes":"","_links_to":"","_links_to_target":""},"cu_page_type":[],"class_list":["post-179","page","type-page","status-publish","hentry"],"acf":{"cu_post_thumbnail":""},"_links":{"self":[{"href":"https:\/\/carleton.ca\/donsmith\/wp-json\/wp\/v2\/pages\/179","targetHints":{"allow":["GET"]}}],"collection":[{"href":"https:\/\/carleton.ca\/donsmith\/wp-json\/wp\/v2\/pages"}],"about":[{"href":"https:\/\/carleton.ca\/donsmith\/wp-json\/wp\/v2\/types\/page"}],"author":[{"embeddable":true,"href":"https:\/\/carleton.ca\/donsmith\/wp-json\/wp\/v2\/users\/2"}],"replies":[{"embeddable":true,"href":"https:\/\/carleton.ca\/donsmith\/wp-json\/wp\/v2\/comments?post=179"}],"version-history":[{"count":4,"href":"https:\/\/carleton.ca\/donsmith\/wp-json\/wp\/v2\/pages\/179\/revisions"}],"predecessor-version":[{"id":681,"href":"https:\/\/carleton.ca\/donsmith\/wp-json\/wp\/v2\/pages\/179\/revisions\/681"}],"wp:attachment":[{"href":"https:\/\/carleton.ca\/donsmith\/wp-json\/wp\/v2\/media?parent=179"}],"wp:term":[{"taxonomy":"cu_page_type","embeddable":true,"href":"https:\/\/carleton.ca\/donsmith\/wp-json\/wp\/v2\/cu_page_type?post=179"}],"curies":[{"name":"wp","href":"https:\/\/api.w.org\/{rel}","templated":true}]}}