{"id":181,"date":"2017-05-03T15:11:51","date_gmt":"2017-05-03T19:11:51","guid":{"rendered":"https:\/\/carleton.ca\/donsmith\/?page_id=181"},"modified":"2026-01-23T12:27:01","modified_gmt":"2026-01-23T17:27:01","slug":"gerard-bessette-et-gilbert-la-rocque-correspondance","status":"publish","type":"page","link":"https:\/\/carleton.ca\/donsmith\/correspondance\/gerard-bessette-et-gilbert-la-rocque-correspondance\/","title":{"rendered":"Critical Reaction: G\u00e9rard Bessette et Gilbert La Rocque :  correspondance"},"content":{"rendered":"\n<section class=\"w-screen px-6 cu-section cu-section--white ml-offset-center md:px-8 lg:px-14\">\n    <div class=\"space-y-6 cu-max-w-child-5xl  md:space-y-10 cu-prose-first-last\">\n\n            <div class=\"cu-textmedia flex flex-col lg:flex-row mx-auto gap-6 md:gap-10 my-6 md:my-12 first:mt-0 max-w-5xl\">\n        <div class=\"justify-start cu-textmedia-content cu-prose-first-last\" style=\"flex: 0 0 100%;\">\n            <header class=\"font-light prose-xl cu-pageheader md:prose-2xl cu-component-updated cu-prose-first-last\">\n                                    <h1 class=\"cu-prose-first-last font-semibold !mt-2 mb-4 md:mb-6 relative after:absolute after:h-px after:bottom-0 after:bg-cu-red after:left-px text-3xl md:text-4xl lg:text-5xl lg:leading-[3.5rem] pb-5 after:w-10 text-cu-black-700 not-prose\">\n                        Critical Reaction: G\u00e9rard Bessette et Gilbert La Rocque :  correspondance\n                    <\/h1>\n                \n                                \n                            <\/header>\n\n                    <\/div>\n\n            <\/div>\n\n    <\/div>\n<\/section>\n\n<ul class=\"wp-block-list\">\n<li>&#8221; On est ici en pleine litt\u00e9rature, et on n&#8217;en sort pas&#8230; Correspondance br\u00e8ve, et pourtant exub\u00e9rante, drolatique, r\u00e9solument bouffonne. &#8220;<br><br>(R\u00e9jean Robidoux, Lettres qu\u00e9b\u00e9coises).<\/li>\n\n\n\n<li>&#8221; [Assorti] de tout un appareil justificatif, cette correspondance [rendra] service, m\u00eame aux historiens&#8230; un dialogue fantasmatique, presque une psychocritique \u00e0 deux, o\u00f9 un \u00e9rotisme masculin (assez traditionnel, macho) joue et jouit&#8230; &#8220;<br><br>(Jacques Allard, <em>Le Devoir<\/em>)<\/li>\n<\/ul>\n","protected":false},"excerpt":{"rendered":"","protected":false},"author":2,"featured_media":0,"parent":179,"menu_order":0,"comment_status":"closed","ping_status":"closed","template":"","meta":{"_acf_changed":false,"_cu_dining_location_slug":"","footnotes":"","_links_to":"","_links_to_target":""},"cu_page_type":[],"class_list":["post-181","page","type-page","status-publish","hentry"],"acf":{"cu_post_thumbnail":false},"_links":{"self":[{"href":"https:\/\/carleton.ca\/donsmith\/wp-json\/wp\/v2\/pages\/181","targetHints":{"allow":["GET"]}}],"collection":[{"href":"https:\/\/carleton.ca\/donsmith\/wp-json\/wp\/v2\/pages"}],"about":[{"href":"https:\/\/carleton.ca\/donsmith\/wp-json\/wp\/v2\/types\/page"}],"author":[{"embeddable":true,"href":"https:\/\/carleton.ca\/donsmith\/wp-json\/wp\/v2\/users\/2"}],"replies":[{"embeddable":true,"href":"https:\/\/carleton.ca\/donsmith\/wp-json\/wp\/v2\/comments?post=181"}],"version-history":[{"count":3,"href":"https:\/\/carleton.ca\/donsmith\/wp-json\/wp\/v2\/pages\/181\/revisions"}],"predecessor-version":[{"id":361,"href":"https:\/\/carleton.ca\/donsmith\/wp-json\/wp\/v2\/pages\/181\/revisions\/361"}],"up":[{"embeddable":true,"href":"https:\/\/carleton.ca\/donsmith\/wp-json\/wp\/v2\/pages\/179"}],"wp:attachment":[{"href":"https:\/\/carleton.ca\/donsmith\/wp-json\/wp\/v2\/media?parent=181"}],"wp:term":[{"taxonomy":"cu_page_type","embeddable":true,"href":"https:\/\/carleton.ca\/donsmith\/wp-json\/wp\/v2\/cu_page_type?post=181"}],"curies":[{"name":"wp","href":"https:\/\/api.w.org\/{rel}","templated":true}]}}