{"id":187,"date":"2017-05-03T15:22:53","date_gmt":"2017-05-03T19:22:53","guid":{"rendered":"https:\/\/carleton.ca\/donsmith\/?page_id=187"},"modified":"2026-03-18T05:13:51","modified_gmt":"2026-03-18T09:13:51","slug":"dune-nation-a-lautre-des-deux-solitudes-a-la-cohabitation","status":"publish","type":"page","link":"https:\/\/carleton.ca\/donsmith\/beyond-two-solitudes\/dune-nation-a-lautre-des-deux-solitudes-a-la-cohabitation\/","title":{"rendered":"Critical Reaction: D&#8217;Une nation \u00e0 l&#8217;autre : des deux solitudes \u00e0 la cohabitation Donald Smith"},"content":{"rendered":"\n<section class=\"w-screen px-6 cu-section cu-section--white ml-offset-center md:px-8 lg:px-14\">\n    <div class=\"space-y-6 cu-max-w-child-5xl  md:space-y-10 cu-prose-first-last\">\n\n            <div class=\"cu-textmedia flex flex-col lg:flex-row mx-auto gap-6 md:gap-10 my-6 md:my-12 first:mt-0 max-w-5xl\">\n        <div class=\"justify-start cu-textmedia-content cu-prose-first-last\" style=\"flex: 0 0 100%;\">\n            <header class=\"font-light prose-xl cu-pageheader md:prose-2xl cu-component-updated cu-prose-first-last\">\n                                    <h1 class=\"cu-prose-first-last font-semibold !mt-2 mb-4 md:mb-6 relative after:absolute after:h-px after:bottom-0 after:bg-cu-red after:left-px text-3xl md:text-4xl lg:text-5xl lg:leading-[3.5rem] pb-5 after:w-10 text-cu-black-700 not-prose\">\n                        Critical Reaction: D&#8217;Une nation \u00e0 l&#8217;autre : des deux solitudes \u00e0 la cohabitation\n                    <\/h1>\n                \n                                \n                            <\/header>\n\n                    <\/div>\n\n            <\/div>\n\n    <\/div>\n<\/section>\n\n\n\n<ul class=\"wp-block-list\">\n<li>\u00ab Le parcours fascinant d&#8217;un Canadien anglais qui tombe amoureux de la litt\u00e9rature qu\u00e9b\u00e9coise et qui a c\u00f4toy\u00e9 nos plus grands \u00e9crivains. Donald Smith ex\u00e8cre les journalistes anglophones qui veulent faire de la culture qu\u00e9b\u00e9coise le berceau de tous les racismes, mais il s&#8217;emporte aussi contre les Qu\u00e9b\u00e9cois qui pr\u00e9tendent que la culture canadienne-anglaise n&#8217;existe pas. \u00bb Danielle Bombardier, \u00ab Plaisir de lire \u00bb, T\u00e9l\u00e9qu\u00e9bec<\/li>\n\n\n\n<li>\u00ab Donald Smith conna\u00eet et aime le Qu\u00e9bec et raconte tr\u00e8s bien son int\u00e9gration tout en faisant la d\u00e9monstration que la culture canadienne-anglaise est forte. \u00bb Denise Bombardier, \u00ab Au-del\u00e0 des apparences\u00bb, Radio-Canada<\/li>\n\n\n\n<li>\u00ab Un essai simple et volontaire. Volontairement simple et simplement volontaire. La litt\u00e9rature et la conscience linguistique sont aussi des fa\u00e7ons privil\u00e9gi\u00e9es de s&#8217;affranchir des fronti\u00e8res trop bien gard\u00e9es de l&#8217;identit\u00e9. \u00bb Robert Saletti, <em>Le Devoir<\/em><\/li>\n\n\n\n<li>\u00ab Un livre sur la viabilit\u00e9 et l&#8217;ouverture de la culture et de la soci\u00e9t\u00e9 qu\u00e9b\u00e9coises. \u00bb Jean Fug\u00e8re, \u00ab De bouche \u00e0 oreille \u00bb, Radio-Canada.<\/li>\n\n\n\n<li>\u00ab Un livre \u00e9clat\u00e9, un plaidoyer vibrant pour un pays renouvel\u00e9. Le cri du coeur d&#8217;un Canadien anglais pour le Qu\u00e9bec. Un livre qui jette des ponts entre le Canada anglais et le Qu\u00e9bec. \u00bb Michel Labrecque, \u00ab Dimanche Magazine \u00bb, Radio-Canada<\/li>\n\n\n\n<li>\u00ab Un ton enjou\u00e9, vivant. La valeur documentaire de l&#8217;histoire de Donald Smith est passionnante. Smith se porte \u00e0 la d\u00e9fense de la culture qu\u00e9b\u00e9coise, et, sur le terrain qu&#8217;il conna\u00eet bien, rectifie les faits. \u00bb Pascale Navarro, <em>Voir<\/em><\/li>\n\n\n\n<li>\u00ab Original. Int\u00e9ressant. Fort instructif. Ce livre vise \u00e0 contrer l&#8217;intol\u00e9rance. Le parcours de Donald Smith symbolise l&#8217;ouverture, l&#8217;int\u00e9gration sereine au Qu\u00e9bec. Smith se paie une traite face aux t\u00e9nors de l&#8217;intol\u00e9rance.\u00bb Pierre-Paul Moreau, \u00ab CBOF Bonjour \u00bb, Radio-Canada.<\/li>\n\n\n\n<li>\u00ab Les Diane Francis de ce monde se font scalper par Donald Smith. Un essai tr\u00e8s personnel o\u00f9 l&#8217;auteur rive leur clou \u00e0 Richler et compagnie et \u00e0 tous ceux qui &#8220;d\u00e9monisent&#8221; le Qu\u00e9bec. Ce livre se lit bien, est amusant et plein de convictions. Que les d\u00e9tracteurs du Qu\u00e9bec ravalent leurs accusations : Donald Smith d\u00e9montre que les Qu\u00e9b\u00e9cois ne sont pas intol\u00e9rants.\u00bb Marie-H\u00e9l\u00e8ne Poirier, \u00ab Tourn\u00e9e d&#8217;Am\u00e9rique \u00bb, Radio-Canada<\/li>\n\n\n\n<li>\u00ab D&#8217;UNE NATION \u00c0 L&#8217;AUTRE, premier essai pol\u00e9mique de Donald Smith, critique litt\u00e9raire r\u00e9put\u00e9, suscite un vif int\u00e9ret au Qu\u00e9bec. L&#8217;auteur analyse avec perspicacit\u00e9 le foss\u00e9 qui se creuse entre les Qu\u00e9b\u00e9cois francophones et les anglophones du Qu\u00e9bec et du Canada. Le d\u00e9sir de conna\u00eetre l&#8217;Autre, chez Smith, Corcoran, Huston, Hodgson et Workman, de parler sa langue, de participer \u00e0 sa culture, d\u00e9pend d&#8217;un rapport affectif (amour, admiration, estime). Smith nous montre comment cette loi pourrait \u00e9ventuellement s&#8217;appliquer non seulement aux individus mais aussi aux collectivit\u00e9s. \u00bb <em>Lettres qu\u00e9b\u00e9coises<\/em><\/li>\n<\/ul>\n","protected":false},"excerpt":{"rendered":"","protected":false},"author":2,"featured_media":0,"parent":184,"menu_order":0,"comment_status":"closed","ping_status":"closed","template":"","meta":{"_acf_changed":false,"_cu_dining_location_slug":"","footnotes":"","_links_to":"","_links_to_target":""},"cu_page_type":[],"class_list":["post-187","page","type-page","status-publish","hentry"],"acf":{"cu_post_thumbnail":""},"_links":{"self":[{"href":"https:\/\/carleton.ca\/donsmith\/wp-json\/wp\/v2\/pages\/187","targetHints":{"allow":["GET"]}}],"collection":[{"href":"https:\/\/carleton.ca\/donsmith\/wp-json\/wp\/v2\/pages"}],"about":[{"href":"https:\/\/carleton.ca\/donsmith\/wp-json\/wp\/v2\/types\/page"}],"author":[{"embeddable":true,"href":"https:\/\/carleton.ca\/donsmith\/wp-json\/wp\/v2\/users\/2"}],"replies":[{"embeddable":true,"href":"https:\/\/carleton.ca\/donsmith\/wp-json\/wp\/v2\/comments?post=187"}],"version-history":[{"count":5,"href":"https:\/\/carleton.ca\/donsmith\/wp-json\/wp\/v2\/pages\/187\/revisions"}],"predecessor-version":[{"id":689,"href":"https:\/\/carleton.ca\/donsmith\/wp-json\/wp\/v2\/pages\/187\/revisions\/689"}],"up":[{"embeddable":true,"href":"https:\/\/carleton.ca\/donsmith\/wp-json\/wp\/v2\/pages\/184"}],"wp:attachment":[{"href":"https:\/\/carleton.ca\/donsmith\/wp-json\/wp\/v2\/media?parent=187"}],"wp:term":[{"taxonomy":"cu_page_type","embeddable":true,"href":"https:\/\/carleton.ca\/donsmith\/wp-json\/wp\/v2\/cu_page_type?post=187"}],"curies":[{"name":"wp","href":"https:\/\/api.w.org\/{rel}","templated":true}]}}