{"id":206,"date":"2017-05-03T15:45:27","date_gmt":"2017-05-03T19:45:27","guid":{"rendered":"https:\/\/carleton.ca\/donsmith\/?page_id=206"},"modified":"2026-03-18T05:22:53","modified_gmt":"2026-03-18T09:22:53","slug":"editions-quebecamerique-collection-litterature-damerique-traduction-le-rendez-vous-des-classiques","status":"publish","type":"page","link":"https:\/\/carleton.ca\/donsmith\/les-editions-quebecamerique\/editions-quebecamerique-collection-litterature-damerique-traduction-le-rendez-vous-des-classiques\/","title":{"rendered":"\u00c9DITIONS QU\u00c9BEC\/AM\u00c9RIQUE  &#8220;LITT\u00c9RATURE D&#8217;AM\u00c9RIQUE: TRADUCTION&#8221;  Donald Smith"},"content":{"rendered":"\n<section class=\"w-screen px-6 cu-section cu-section--white ml-offset-center md:px-8 lg:px-14\">\n    <div class=\"space-y-6 cu-max-w-child-5xl  md:space-y-10 cu-prose-first-last\">\n\n            <div class=\"cu-textmedia flex flex-col lg:flex-row mx-auto gap-6 md:gap-10 my-6 md:my-12 first:mt-0 max-w-5xl\">\n        <div class=\"justify-start cu-textmedia-content cu-prose-first-last\" style=\"flex: 0 0 100%;\">\n            <header class=\"font-light prose-xl cu-pageheader md:prose-2xl cu-component-updated cu-prose-first-last\">\n                                    <h1 class=\"cu-prose-first-last font-semibold !mt-2 mb-4 md:mb-6 relative after:absolute after:h-px after:bottom-0 after:bg-cu-red after:left-px text-3xl md:text-4xl lg:text-5xl lg:leading-[3.5rem] pb-5 after:w-10 text-cu-black-700 not-prose\">\n                        \u00c9ditions Qu\u00e9bec\/Am\u00e9rique Collection \n                    <\/h1>\n                \n                                \n                            <\/header>\n\n                    <\/div>\n\n            <\/div>\n\n    <\/div>\n<\/section>\n\n\n\n<h2 id=\"titres-deja-parus\" class=\"wp-block-heading has-text-align-left\">Titres D\u00e9ja Parus <\/h2>\n\n\n\n<section class=\"w-screen px-6 cu-section cu-section--white ml-offset-center md:px-8 lg:px-14\">\n    <div class=\"space-y-6 cu-max-w-child-5xl  md:space-y-10 cu-prose-first-last\">\n\n        \n    <div class=\"grid gap-6 mx-auto my-6 cu-column md:gap-10 md:grid-cols-2 md:my-10 first:mt-0\">\n        \n<div class=\"cu-column-content\">\n    \n\n<figure class=\"wp-block-image is-resized\"><img loading=\"lazy\" decoding=\"async\" width=\"125\" height=\"186\" src=\"https:\/\/carleton.ca\/donsmith\/wp-content\/uploads\/sites\/203\/obasan.gif\" alt=\"\" class=\"wp-image-207\" style=\"object-fit:cover;width:153px;height:220px\"\/><\/figure>\n\n\n\n<figure class=\"wp-block-image is-resized\"><img loading=\"lazy\" decoding=\"async\" width=\"125\" height=\"188\" src=\"https:\/\/carleton.ca\/donsmith\/wp-content\/uploads\/sites\/203\/jack.gif\" alt=\"\" class=\"wp-image-209\" style=\"width:auto;height:220px\"\/><\/figure>\n\n\n\n<figure class=\"wp-block-image is-resized\"><img loading=\"lazy\" decoding=\"async\" width=\"160\" height=\"228\" src=\"https:\/\/carleton.ca\/donsmith\/wp-content\/uploads\/sites\/203\/Anne-160x228.jpg\" alt=\"\" class=\"wp-image-415\" style=\"width:auto;height:220px\"\/><\/figure>\n\n\n<\/div>\n\n\n<div class=\"cu-column-content\">\n    \n\n<figure class=\"wp-block-image is-resized\"><img loading=\"lazy\" decoding=\"async\" width=\"125\" height=\"183\" src=\"https:\/\/carleton.ca\/donsmith\/wp-content\/uploads\/sites\/203\/wo.gif\" alt=\"\" class=\"wp-image-208\" style=\"object-fit:cover;width:155px;height:220px\"\/><\/figure>\n\n\n\n<figure class=\"wp-block-image is-resized\"><img loading=\"lazy\" decoding=\"async\" width=\"135\" height=\"195\" src=\"https:\/\/carleton.ca\/donsmith\/wp-content\/uploads\/sites\/203\/rob.gif\" alt=\"\" class=\"wp-image-210\" style=\"width:auto;height:220px\"\/><\/figure>\n\n\n\n<figure class=\"wp-block-image is-resized\"><img loading=\"lazy\" decoding=\"async\" width=\"160\" height=\"235\" src=\"https:\/\/carleton.ca\/donsmith\/wp-content\/uploads\/sites\/203\/Pic-160x235.gif\" alt=\"\" class=\"wp-image-417\" style=\"width:auto;height:220px\" srcset=\"https:\/\/carleton.ca\/donsmith\/wp-content\/uploads\/sites\/203\/Pic-160x235.gif 160w, https:\/\/carleton.ca\/donsmith\/wp-content\/uploads\/sites\/203\/Pic-240x352.gif 240w, https:\/\/carleton.ca\/donsmith\/wp-content\/uploads\/sites\/203\/Pic-768x1126.gif 768w, https:\/\/carleton.ca\/donsmith\/wp-content\/uploads\/sites\/203\/Pic-400x586.gif 400w, https:\/\/carleton.ca\/donsmith\/wp-content\/uploads\/sites\/203\/Pic-360x528.gif 360w\" sizes=\"auto, (max-width: 160px) 100vw, 160px\" \/><\/figure>\n\n\n<\/div>\n\n\n    <\/div>\n\n\n    <\/div>\n<\/section>\n\n\n\n<p>&nbsp;<\/p>\n\n\n\n<figure class=\"wp-block-table\"><table class=\"has-fixed-layout\"><thead><tr><th>Author<\/th><th>Titre<\/th><\/tr><\/thead><tbody><tr><th>Allende, Isabel<\/th><th>La Maison aux esprits<\/th><\/tr><tr><th>Barfoot, Joan<\/th><th>Danse \u00e0 contre-jour<\/th><\/tr><tr><th>Bennett, Jo Anne Williams<\/th><th>Le L\u00e9opard noir<\/th><\/tr><tr><th>Callaghan, Morley<\/th><th>Un vieux renard en cavale<\/th><\/tr><tr><th>Davies, Robertson<\/th><th>Un heureux canular<\/th><\/tr><tr><th>Kelly M. T.<\/th><th>Un r\u00eave comme le mien<\/th><\/tr><tr><th>Kerouac, Jack<\/th><th>Tristessa<\/th><\/tr><tr><th><\/th><th>Maggie Cassidy<\/th><\/tr><tr><th><\/th><th>Avant la route<\/th><\/tr><tr><th><\/th><th>Pic<\/th><\/tr><tr><th>Kogawa, Joy<\/th><th>Obason<\/th><\/tr><tr><th>Kroetsch, Robert<\/th><th>L&#8217;\u00c9talon<\/th><\/tr><tr><th>Leacock, Stephen<\/th><th>Un \u00e9t\u00e9 \u00e0 Mariposa<\/th><\/tr><tr><th>Mitchell, W. O.<\/th><th>Le vieil homme, la femme et l&#8217;enfant<\/th><\/tr><tr><th>Monro, Alice<\/th><th>La Danse des ombres<\/th><\/tr><tr><th>Montgomery, Lucy Maud<\/th><th><\/th><\/tr><tr><th>ANNE : la s\u00e9rie<\/th><th><\/th><\/tr><tr><th><\/th><th>1. Anne&#8230; La maison aux pignons verts<\/th><\/tr><tr><th><\/th><th>2. Anne d&#8217;Avonlea<\/th><\/tr><tr><th><\/th><th>3. Anne quitte son \u00eele<\/th><\/tr><tr><th><\/th><th>4. Anne au domaine des peupliers<\/th><\/tr><tr><th><\/th><th>5. Anne dans sa maison de r\u00eave<\/th><\/tr><tr><th><\/th><th>6. Anne d&#8217;Ingleside<\/th><\/tr><tr><th><\/th><th>7. La vall\u00e9e arc-en-ciel<\/th><\/tr><tr><th><\/th><th>8. Rilla d&#8217;Ingleside<\/th><\/tr><tr><th><\/th><th>9. Chroniques d&#8217;Avonlea (1)<\/th><\/tr><tr><th><\/th><th>10. Chroniques d&#8217;Avonlea (2)<\/th><\/tr><tr><th>ANNE : la suite<\/th><\/tr><tr><th><\/th><th>11. Le monde merveilleux de Marigold<\/th><\/tr><tr><th><\/th><th>12. Kilmeny du vieux verger<\/th><\/tr><tr><th><\/th><th>13. La Conteuse<\/th><\/tr><tr><th><\/th><th>14. La Route enchant\u00e9e<\/th><\/tr><tr><th><\/th><th>15. L&#8217;H\u00e9ritage de tante Becky<\/th><\/tr><tr><th>ANNE : les nouvelles<\/th><\/tr><tr><th><\/th><th>1. Sur le rivage<\/th><\/tr><tr><th><\/th><th>2. Histoires d&#8217;orphelins<\/th><\/tr><tr><th><\/th><th>3. Au- del\u00e0 des t\u00e9n\u00e8bres<\/th><\/tr><tr><th><\/th><th>4. Longtemps apr\u00e8s<\/th><\/tr><tr><th>Moser, Marie<\/th><th>Courtepointe<\/th><\/tr><tr><th>Oates, Joyce-Carol<\/th><th>Amours profanes<\/th><\/tr><tr><th><\/th><th>Une \u00e9ducation sentimentale<\/th><\/tr><tr><th>Vanderhaeghe, Guy<\/th><th>Une histoire de mon temps<\/th><\/tr><\/tbody><\/table><\/figure>\n\n\n\n<p class=\"has-text-align-left\"><\/p>\n","protected":false},"excerpt":{"rendered":"<p>Titres D\u00e9ja Parus &nbsp; Author Titre Allende, Isabel La Maison aux esprits Barfoot, Joan Danse \u00e0 contre-jour Bennett, Jo Anne Williams Le L\u00e9opard noir Callaghan, Morley Un vieux renard en cavale Davies, Robertson Un heureux canular Kelly M. T. Un r\u00eave comme le mien Kerouac, Jack Tristessa Maggie Cassidy Avant la route Pic Kogawa, Joy [&hellip;]<\/p>\n","protected":false},"author":2,"featured_media":0,"parent":204,"menu_order":0,"comment_status":"closed","ping_status":"closed","template":"","meta":{"_acf_changed":false,"_cu_dining_location_slug":"","footnotes":"","_links_to":"","_links_to_target":""},"cu_page_type":[],"class_list":["post-206","page","type-page","status-publish","hentry"],"acf":{"cu_post_thumbnail":""},"_links":{"self":[{"href":"https:\/\/carleton.ca\/donsmith\/wp-json\/wp\/v2\/pages\/206","targetHints":{"allow":["GET"]}}],"collection":[{"href":"https:\/\/carleton.ca\/donsmith\/wp-json\/wp\/v2\/pages"}],"about":[{"href":"https:\/\/carleton.ca\/donsmith\/wp-json\/wp\/v2\/types\/page"}],"author":[{"embeddable":true,"href":"https:\/\/carleton.ca\/donsmith\/wp-json\/wp\/v2\/users\/2"}],"replies":[{"embeddable":true,"href":"https:\/\/carleton.ca\/donsmith\/wp-json\/wp\/v2\/comments?post=206"}],"version-history":[{"count":5,"href":"https:\/\/carleton.ca\/donsmith\/wp-json\/wp\/v2\/pages\/206\/revisions"}],"predecessor-version":[{"id":698,"href":"https:\/\/carleton.ca\/donsmith\/wp-json\/wp\/v2\/pages\/206\/revisions\/698"}],"up":[{"embeddable":true,"href":"https:\/\/carleton.ca\/donsmith\/wp-json\/wp\/v2\/pages\/204"}],"wp:attachment":[{"href":"https:\/\/carleton.ca\/donsmith\/wp-json\/wp\/v2\/media?parent=206"}],"wp:term":[{"taxonomy":"cu_page_type","embeddable":true,"href":"https:\/\/carleton.ca\/donsmith\/wp-json\/wp\/v2\/cu_page_type?post=206"}],"curies":[{"name":"wp","href":"https:\/\/api.w.org\/{rel}","templated":true}]}}