{"id":306,"date":"2018-01-11T07:50:47","date_gmt":"2018-01-11T12:50:47","guid":{"rendered":"https:\/\/carleton.ca\/donsmith\/?page_id=306"},"modified":"2026-03-14T07:52:58","modified_gmt":"2026-03-14T11:52:58","slug":"cat4","status":"publish","type":"page","link":"https:\/\/carleton.ca\/donsmith\/cat4\/","title":{"rendered":"Catalunya\/Qu\u00e9bec"},"content":{"rendered":"\n<section class=\"w-screen px-6 cu-section cu-section--white ml-offset-center md:px-8 lg:px-14\">\n    <div class=\"space-y-6 cu-max-w-child-5xl  md:space-y-10 cu-prose-first-last\">\n\n            <div class=\"cu-textmedia flex flex-col lg:flex-row mx-auto gap-6 md:gap-10 my-6 md:my-12 first:mt-0 max-w-5xl\">\n        <div class=\"justify-start cu-textmedia-content cu-prose-first-last\" style=\"flex: 0 0 100%;\">\n            <header class=\"font-light prose-xl cu-pageheader md:prose-2xl cu-component-updated cu-prose-first-last\">\n                                    <h1 class=\"cu-prose-first-last font-semibold !mt-2 mb-4 md:mb-6 relative after:absolute after:h-px after:bottom-0 after:bg-cu-red after:left-px text-3xl md:text-4xl lg:text-5xl lg:leading-[3.5rem] pb-5 after:w-10 text-cu-black-700 not-prose\">\n                        Catalunya\/Qu\u00e9bec\n                    <\/h1>\n                \n                                \n                            <\/header>\n\n                    <\/div>\n\n            <\/div>\n\n    <\/div>\n<\/section>\n\n\n\n<p>Donald Smith \u00e9s catedr\u00e0tic em\u00e8rit de literatura quebequesa (Universitat Carleton, Ottawa), editor (\u00c9ditions Qu\u00e9bec Am\u00e9rique International, Montreal) i autor de disset llibres.<\/p>\n\n\n\n<p>Com a editor va publicar la traducci\u00f3 al franc\u00e8s d&#8217;obres de diversos escriptors canadencs angl\u00f2fons com la creadora de la famosa s\u00e8rie juvenil&nbsp;Anna de les teules verdes, Lucy Maud Montgomery,&nbsp;aix\u00ed com de l&#8217;americ\u00e0-bret\u00f3-quebequ\u00e8s Jack Kerouac.<\/p>\n\n\n\n<p>Com a escriptor va publicar, entre altres,\u00a0<em>D&#8217;une nation \u00e0 l&#8217;autre, des deux solitudes \u00e0 la cohabition;\u00a0Gilles Vigneault, conteur et po\u00e8te;\u00a0Jacques Godbout: du roman au cin\u00e9ma;\u00a0L&#8217;\u00c9crivain devant son oeuvre\u00a0i\u00a0Dictionnaire du fran\u00e7ais qu\u00e9b\u00e9cois, acadien et louisianais<\/em>.<\/p>\n\n\n\n<p>Donald Smith escriu articles en catal\u00e0 sobre la situaci\u00f3 de la llengua al Principat i a la Catalunya del Nord i sobre les similituds i les difer\u00e8ncies entre el Quebec i Catalunya.<\/p>\n\n\n\n<h2 id=\"articles-i-entrevistes\" class=\"wp-block-heading\">ARTICLES I ENTREVISTES :<\/h2>\n\n\n\n<h3 id=\"articles\" class=\"wp-block-heading\">Articles<\/h3>\n\n\n\n<p><a href=\"https:\/\/carleton.ca\/donsmith\/un-canadenc-a-catalunya-per-donald-smith\/\"><strong>&#8220;Un canadenc a Catalunya&#8221;<\/strong><\/a><\/p>\n\n\n\n<p><a href=\"https:\/\/carleton.ca\/donsmith\/urgencia-accio-concertada-pel-catala\/\"><strong>&#8220;Urg\u00e8ncia, acci\u00f3 concertada pel catal\u00e0. Carta europea de les lleng\u00fces regionals&#8221;<\/strong><\/a><\/p>\n\n\n\n<p><a href=\"https:\/\/carleton.ca\/donsmith\/la-perdua-de-barcelona\/\"><strong>&#8220;La p\u00e8rdua de Barcelona&#8221;<\/strong><\/a><\/p>\n\n\n\n<p><a href=\"https:\/\/carleton.ca\/donsmith\/cat4\/un-canadenc-a-catalunya\/\"><strong>&#8220;Esquerrans dretans: malaltia pol\u00edtica&#8221;<\/strong><\/a><\/p>\n\n\n\n<p><a href=\"https:\/\/carleton.ca\/donsmith\/cat4\/tv3-embrolla-el-catala\/\"><strong>&#8220;TV3 embrolla el catal\u00e0&#8221;<\/strong><\/a><\/p>\n\n\n\n<p><a href=\"https:\/\/carleton.ca\/donsmith\/cat4\/fem-feina-fem-llengua\/\"><strong>&#8220;Fem feina, fem llengua, el catal\u00e0, llengua de l&#8217;euro-districte&#8221;<\/strong><\/a><\/p>\n\n\n\n<p><a href=\"https:\/\/carleton.ca\/donsmith\/cat4\/limaginari-i-el-compromis-social-en-lobra-de-joan-pau-gine\/\"><strong>&#8220;Joan Pau Gin\u00e9, cantautor nord-catal\u00e0&#8221;<\/strong><\/a><\/p>\n\n\n\n<p><a href=\"https:\/\/carleton.ca\/donsmith\/colla-didiotes\/\" type=\"page\" id=\"604\">\u201cNo esteu farts de morir, colla d\u2019idiotes\u201d<\/a><\/p>\n\n\n\n<h3 id=\"entrevistes\" class=\"wp-block-heading\">Entrevistes<\/h3>\n\n\n\n<p><a href=\"https:\/\/carleton.ca\/donsmith\/cat4\/un-canadenc-molt-catala-sant-joan-festa-dels-paisos-catalans-i-del-quebec\/\"><strong>&#8220;Un canadenc molt catal\u00e0. Sant Joan, festa dels pa\u00efsos catalans i del Quebec&#8221;<\/strong><\/a><\/p>\n\n\n\n<p><a href=\"https:\/\/carleton.ca\/donsmith\/la-nostra-llengua-es-seva-el-canadenc-multiidentitari\/\">&#8220;La nostra llengua es seva :&nbsp;<strong>El canadenc multiidentitari&#8221;, Joan-Llu\u00eds&nbsp;Llu\u00eds<\/strong><\/a><\/p>\n\n\n\n<p>&nbsp;<\/p>\n\n\n\n<p><a href=\"https:\/\/carleton.ca\/donsmith\/cat4\/la-nostra-llengua-es-seva-el-canadenc-multiidentitari-joan-lluis-lluis\/\">Article revelador i ir\u00f2nicament incisiu del novel\u00b7lista i periodista Joan-Llu\u00eds Llu\u00eds: \u201cSi Catalunya fos el Quebec i Espanya el Canad\u00e0\u201d<\/a><\/p>\n\n\n\n<p>&nbsp;<\/p>\n","protected":false},"excerpt":{"rendered":"<p>Donald Smith \u00e9s catedr\u00e0tic em\u00e8rit de literatura quebequesa (Universitat Carleton, Ottawa), editor (\u00c9ditions Qu\u00e9bec Am\u00e9rique International, Montreal) i autor de disset llibres. Com a editor va publicar la traducci\u00f3 al franc\u00e8s d&#8217;obres de diversos escriptors canadencs angl\u00f2fons com la creadora de la famosa s\u00e8rie juvenil&nbsp;Anna de les teules verdes, Lucy Maud Montgomery,&nbsp;aix\u00ed com de l&#8217;americ\u00e0-bret\u00f3-quebequ\u00e8s [&hellip;]<\/p>\n","protected":false},"author":2,"featured_media":0,"parent":0,"menu_order":0,"comment_status":"closed","ping_status":"closed","template":"","meta":{"_acf_changed":false,"_cu_dining_location_slug":"","footnotes":"","_links_to":"","_links_to_target":""},"cu_page_type":[],"class_list":["post-306","page","type-page","status-publish","hentry"],"acf":{"cu_post_thumbnail":""},"_links":{"self":[{"href":"https:\/\/carleton.ca\/donsmith\/wp-json\/wp\/v2\/pages\/306","targetHints":{"allow":["GET"]}}],"collection":[{"href":"https:\/\/carleton.ca\/donsmith\/wp-json\/wp\/v2\/pages"}],"about":[{"href":"https:\/\/carleton.ca\/donsmith\/wp-json\/wp\/v2\/types\/page"}],"author":[{"embeddable":true,"href":"https:\/\/carleton.ca\/donsmith\/wp-json\/wp\/v2\/users\/2"}],"replies":[{"embeddable":true,"href":"https:\/\/carleton.ca\/donsmith\/wp-json\/wp\/v2\/comments?post=306"}],"version-history":[{"count":5,"href":"https:\/\/carleton.ca\/donsmith\/wp-json\/wp\/v2\/pages\/306\/revisions"}],"predecessor-version":[{"id":631,"href":"https:\/\/carleton.ca\/donsmith\/wp-json\/wp\/v2\/pages\/306\/revisions\/631"}],"wp:attachment":[{"href":"https:\/\/carleton.ca\/donsmith\/wp-json\/wp\/v2\/media?parent=306"}],"wp:term":[{"taxonomy":"cu_page_type","embeddable":true,"href":"https:\/\/carleton.ca\/donsmith\/wp-json\/wp\/v2\/cu_page_type?post=306"}],"curies":[{"name":"wp","href":"https:\/\/api.w.org\/{rel}","templated":true}]}}