{"id":313,"date":"2018-01-11T08:04:48","date_gmt":"2018-01-11T13:04:48","guid":{"rendered":"https:\/\/carleton.ca\/donsmith\/?page_id=313"},"modified":"2026-03-18T05:02:39","modified_gmt":"2026-03-18T09:02:39","slug":"urgencia-accio-concertada-pel-catala","status":"publish","type":"page","link":"https:\/\/carleton.ca\/donsmith\/cat4\/urgencia-accio-concertada-pel-catala\/","title":{"rendered":"Urg\u00e8ncia, acci\u00f3 concertada pel catal\u00e0 a Europa, Donald Smith"},"content":{"rendered":"\n<section class=\"w-screen px-6 cu-section cu-section--white ml-offset-center md:px-8 lg:px-14\">\n    <div class=\"space-y-6 cu-max-w-child-5xl  md:space-y-10 cu-prose-first-last\">\n\n            <div class=\"cu-textmedia flex flex-col lg:flex-row mx-auto gap-6 md:gap-10 my-6 md:my-12 first:mt-0 max-w-5xl\">\n        <div class=\"justify-start cu-textmedia-content cu-prose-first-last\" style=\"flex: 0 0 100%;\">\n            <header class=\"font-light prose-xl cu-pageheader md:prose-2xl cu-component-updated cu-prose-first-last\">\n                                    <h1 class=\"cu-prose-first-last font-semibold !mt-2 mb-4 md:mb-6 relative after:absolute after:h-px after:bottom-0 after:bg-cu-red after:left-px text-3xl md:text-4xl lg:text-5xl lg:leading-[3.5rem] pb-5 after:w-10 text-cu-black-700 not-prose\">\n                        Urg\u00e8ncia, acci\u00f3 concertada pel catal\u00e0\n                    <\/h1>\n                \n                                \n                            <\/header>\n\n                    <\/div>\n\n            <\/div>\n\n    <\/div>\n<\/section>\n\n<figure class=\"wp-block-image alignleft\"><img loading=\"lazy\" decoding=\"async\" width=\"99\" height=\"103\" src=\"https:\/\/carleton.ca\/donsmith\/wp-content\/uploads\/sites\/203\/don_small.jpeg\" alt=\"\" class=\"wp-image-309\"\/><\/figure>\n\n\n\n<p>Acabo&nbsp;de&nbsp;llegir&nbsp;la Carta&nbsp;europea&nbsp;de les&nbsp;lleng\u00fces&nbsp;regionals, un document&nbsp;molt&nbsp;flexible que&nbsp;d\u00f3na&nbsp;a&nbsp;cada&nbsp;estat&nbsp;moltes&nbsp;possibilitats,&nbsp;molts&nbsp;matisos&nbsp;d&#8217;aplicaci\u00f3&nbsp;dels&nbsp;articles de la Carta :&nbsp;aplicaci\u00f3&nbsp;total respecte a l&#8217;ensenyament,&nbsp;als&nbsp;mitjans&nbsp;de&nbsp;comunicaci\u00f3, a l&#8217;\u00fas&nbsp;legal&nbsp;de les&nbsp;lleng\u00fces, o&nbsp;aplicaci\u00f3&nbsp;parcial&nbsp;limitada&nbsp;per\u00f2&nbsp;suficient&nbsp;per&nbsp;assegurar&nbsp;la&nbsp;superviv\u00e8ncia&nbsp;de les&nbsp;lleng\u00fces&nbsp;concernides.&nbsp;Era&nbsp;sorpr\u00e8s&nbsp;de&nbsp;veure&nbsp;tanta&nbsp;flexibilitat,&nbsp;per\u00f2&nbsp;admeto&nbsp;que&nbsp;\u00e9s&nbsp;una&nbsp;bona&nbsp;cosa&nbsp;perqu\u00e8&nbsp;permet a&nbsp;cadapa\u00eds&nbsp;d&#8217;acceptar&nbsp;i d&#8217;aplicar&nbsp;a la&nbsp;seva&nbsp;manera&nbsp;aquesta&nbsp;carta de&nbsp;diversitat&nbsp;ling\u00fc\u00edstica&nbsp;europea. No hi ha excuses per a&nbsp;Fran\u00e7a.<\/p>\n\n\n\n<p>Us&nbsp;suggereixo&nbsp;de&nbsp;llegir&nbsp;la Carta.&nbsp;Fran\u00e7a&nbsp;ha de&nbsp;firmar-la,&nbsp;Fran\u00e7a&nbsp;pot&nbsp;firmar-la,&nbsp;Fran\u00e7a&nbsp;la&nbsp;firmar\u00e0&nbsp;! Per&nbsp;qu\u00e8&nbsp;estic&nbsp;tan&nbsp;optimista?&nbsp;Perqu\u00e8&nbsp;despr\u00e9s&nbsp;d&#8217;haver&nbsp;llegit&nbsp;la Carta,&nbsp;veig&nbsp;que la&nbsp;flexibilitat&nbsp;\u00e9s&nbsp;gran&nbsp;i que&nbsp;tota&nbsp;persona&nbsp;raonable&nbsp;&#8211; la&nbsp;majoria&nbsp;delsfrancesos&nbsp;cal&nbsp;creure-hi! &#8211;&nbsp;podr\u00e0&nbsp;arribar&nbsp;a un consens. Hi va de la&nbsp;imatge&nbsp;internacional&nbsp;de&nbsp;Fran\u00e7a,&nbsp;ens&nbsp;cal&nbsp;insistir&nbsp;sobre&nbsp;aix\u00f2.<\/p>\n\n\n\n<p>Des&nbsp;del&nbsp;3 de&nbsp;maig&nbsp;del&nbsp;2008,&nbsp;existeix&nbsp;l&#8217;eina&nbsp;perfecta&nbsp;per&nbsp;conv\u00e8ncer: l&#8217;informe de l&#8217;ONU (Conseil&nbsp;dels&nbsp;drets&nbsp;humans)&nbsp;intitulat&nbsp;en&nbsp;franc\u00e8s&nbsp;&#8220;Promotion et Protection de tous les droits de l&#8217;homme civils, politiques, \u00e9conomiques, sociaux et culturels, y compris le droit au d\u00e9veloppement : Mission en France&#8221;.<\/p>\n\n\n\n<p>Insisteixo&nbsp;: l&#8217;ONU&nbsp;indica&nbsp;clarament&nbsp;en&nbsp;aquest&nbsp;informe que el&nbsp;maltractament, a&nbsp;Fran\u00e7a, de les&nbsp;minories&nbsp;ling\u00fc\u00edstiques&nbsp;\u00e9s&nbsp;un&nbsp;atemptat&nbsp;moral en contra els&nbsp;drets&nbsp;de la persona. L&#8217;informe&nbsp;constitueix&nbsp;un document&nbsp;inesperat, la&nbsp;prova&nbsp;la&nbsp;m\u00e9sconcloent&nbsp;que&nbsp;Fran\u00e7a&nbsp;no respecta els&nbsp;drets&nbsp;m\u00ednims&nbsp;de les&nbsp;seves&nbsp;minories&nbsp;ling\u00fc\u00edstiques.<\/p>\n\n\n\n<p>I no&nbsp;\u00e9s&nbsp;tot,&nbsp;tenim&nbsp;m\u00e9s&nbsp;munici\u00f3. L&#8217;any&nbsp;1992, l&#8217;assemblea&nbsp;general&nbsp;de l&#8217;ONU va&nbsp;publicar&nbsp;la &#8220;Declaraci\u00f3&nbsp;dels&nbsp;drets&nbsp;de les&nbsp;persones&#8221;&nbsp;anomenada&nbsp;tamb\u00e9&nbsp;&#8220;Declaraci\u00f3&nbsp;sobre les&nbsp;minories&#8221;.&nbsp;Aquesta&nbsp;declaraci\u00f3&nbsp;subratlla&nbsp;: &#8220;Les Etats devraient prendre des mesures appropri\u00e9es pour que, dans la mesure du possible, les personnes appartenant \u00e0 des minorit\u00e9s aient la possibilit\u00e9 d&#8217;apprendre leur langue maternelle ou de recevoir une instruction dans leur langue maternelle.&#8221;<\/p>\n\n\n\n<p>I ara,&nbsp;qu\u00e8&nbsp;fer ?&nbsp;Sabem&nbsp;que l&#8217;Assemblea&nbsp;Nacional&nbsp;potser&nbsp;votar\u00e0&nbsp;d&#8217;aqu\u00ed&nbsp;alguns&nbsp;mesos&nbsp;aquesta&nbsp;esmena&nbsp;a l&#8217;article 1 de la&nbsp;constituci\u00f3&nbsp;:&#8221;Les langues r\u00e9gionales appartiennent au patrimoine de la Nation.&#8221;&nbsp;Sabem&nbsp;d&#8217;altra&nbsp;banda que l&#8217;article dos&nbsp;indica&nbsp;que &#8220;La langue de la R\u00e9publique est le fran\u00e7ais&#8221;.<\/p>\n\n\n\n<p>Nosaltres&nbsp;catalans d&#8217;origen&nbsp;o d&#8217;adopci\u00f3,&nbsp;nosaltres&nbsp;francesos&nbsp;de&nbsp;tots&nbsp;or\u00edgens,&nbsp;utilitzem<\/p>\n\n\n\n<ol class=\"wp-block-list\">\n<li>La\u00a0Declaraci\u00f3\u00a0de l&#8217;ONU sobre les\u00a0minories\u00a0de 2002:<\/li>\n\n\n\n<li>La Carta\u00a0europea\u00a0de les\u00a0lleng\u00fces\u00a0regionals\u00a0o\u00a0minorit\u00e0ries\u00a0de 2002<\/li>\n\n\n\n<li>I\u00a0abans\u00a0tot, l&#8217;informe de l&#8217;ONU\u00a0del\u00a02008 sobre els\u00a0drets\u00a0de la persona\u00a0a\u00a0Fran\u00e7a<\/li>\n\n\n\n<li>L&#8217;esmena\u00a0proposada\u00a0de la\u00a0constituci\u00f3\u00a0(lleng\u00fces\u00a0regionals\u00a0com\u00a0patrimoni).<\/li>\n\n\n\n<li>Les\u00a0iniciatives\u00a0recents\u00a0d&#8217;alguns\u00a0elegits\u00a0per\u00a0parlar\u00a0i\u00a0defensar\u00a0el\u00a0catal\u00e0\u00a0(Daniel Mach, Jean Paul\u00a0Alduy, i\u00a0altres\u00a0de\u00a0regions\u00a0de l&#8217;estat)<\/li>\n\n\n\n<li>I per fi, no cal\u00a0oblidar\u00a0la\u00a0Declaraci\u00f3\u00a0universal\u00a0de l&#8217;UNESCO sobre la\u00a0diversitat\u00a0cultural (1991) que\u00a0estableix\u00a0legalment\u00a0els\u00a0lligams\u00a0entra\u00a0drets\u00a0humans\u00a0i\u00a0drets\u00a0ling\u00fc\u00edstics<\/li>\n<\/ol>\n\n\n\n<p>&#8230;&nbsp;tot&nbsp;aix\u00f2&nbsp;doncs&nbsp;per&nbsp;conv\u00e8ncer&nbsp;els&nbsp;nostres&nbsp;elegits&nbsp;que cal que&nbsp;Fran\u00e7a&nbsp;firmi&nbsp;la Carta sobre les&nbsp;lleng\u00fces&nbsp;regionals&nbsp;d&#8217;Europa. I que&nbsp;siguem&nbsp;clars: si l&#8217;esmena&nbsp;\u00e9s&nbsp;adoptada,&nbsp;jo&nbsp;crec&nbsp;que&nbsp;Fran\u00e7a&nbsp;pot&nbsp;firmar&nbsp;la carta&nbsp;sense&nbsp;canviar&nbsp;l&#8217;article 2, o si cal&nbsp;canviar-lo,&nbsp;nom\u00e9s&nbsp;cal&nbsp;escriure&nbsp;: &#8220;La langue de la R\u00e9publique est le fran\u00e7ais, dans le respect des langues r\u00e9gionales&#8221;.&nbsp;Fran\u00e7a&nbsp;escollir\u00e0&nbsp;els articles de la Carta que vol&nbsp;instituir, la&nbsp;garantia&nbsp;m\u00ednima&nbsp;dins&nbsp;la Carta&nbsp;seria&nbsp;suficient&nbsp;perqu\u00e8&nbsp;podr\u00edemdemanar&nbsp;ajuda&nbsp;a Europa&nbsp;una&nbsp;vegada&nbsp;la carta&nbsp;firmada&nbsp;per&nbsp;Fran\u00e7a.<\/p>\n\n\n\n<p>L&#8217;informe de 2008 de l&#8217;ONU&nbsp;indica&nbsp;que el&nbsp;govern&nbsp;va&nbsp;contestar&nbsp;a l&#8217;autora&nbsp;que les&nbsp;lleng\u00fces&nbsp;regionals&nbsp;s\u00f3n&nbsp;sovint&nbsp;&#8220;opcions&nbsp;d&#8217;ensenyament&#8221; i que&nbsp;existeixen&nbsp;&#8220;museus&nbsp;de&nbsp;cultura&nbsp;regional&#8221;.&nbsp;Aquestes&nbsp;respostes&nbsp;no&nbsp;tenen&nbsp;sentit. Les&nbsp;lleng\u00fcesregionals&nbsp;no han de&nbsp;ser&nbsp;vestigis&nbsp;de&nbsp;museu.<\/p>\n\n\n\n<p>Reaccionem,&nbsp;siguem&nbsp;clars,&nbsp;units,&nbsp;solidaris. El temps ha&nbsp;arribat&nbsp;de&nbsp;firmar&nbsp;la Carta ; en fi&nbsp;tenim&nbsp;documents&nbsp;internacionals&nbsp;irrefutables&nbsp;per&nbsp;estar&nbsp;escoltats. No cal&nbsp;passar&nbsp;en&nbsp;silenci&nbsp;l&#8217;Informe de l&#8217;ONU d&#8217;aquest&nbsp;any&nbsp;que&nbsp;demana&nbsp;a&nbsp;Fran\u00e7a&nbsp;de&nbsp;firmar. Ara, o mai !<\/p>\n\n\n\n<p>El Punt, Tribuna, 14 al 20 de juny del 2008<\/p>\n\n\n\n<p><em>&nbsp;<\/em><\/p>\n","protected":false},"excerpt":{"rendered":"<p>Acabo&nbsp;de&nbsp;llegir&nbsp;la Carta&nbsp;europea&nbsp;de les&nbsp;lleng\u00fces&nbsp;regionals, un document&nbsp;molt&nbsp;flexible que&nbsp;d\u00f3na&nbsp;a&nbsp;cada&nbsp;estat&nbsp;moltes&nbsp;possibilitats,&nbsp;molts&nbsp;matisos&nbsp;d&#8217;aplicaci\u00f3&nbsp;dels&nbsp;articles de la Carta :&nbsp;aplicaci\u00f3&nbsp;total respecte a l&#8217;ensenyament,&nbsp;als&nbsp;mitjans&nbsp;de&nbsp;comunicaci\u00f3, a l&#8217;\u00fas&nbsp;legal&nbsp;de les&nbsp;lleng\u00fces, o&nbsp;aplicaci\u00f3&nbsp;parcial&nbsp;limitada&nbsp;per\u00f2&nbsp;suficient&nbsp;per&nbsp;assegurar&nbsp;la&nbsp;superviv\u00e8ncia&nbsp;de les&nbsp;lleng\u00fces&nbsp;concernides.&nbsp;Era&nbsp;sorpr\u00e8s&nbsp;de&nbsp;veure&nbsp;tanta&nbsp;flexibilitat,&nbsp;per\u00f2&nbsp;admeto&nbsp;que&nbsp;\u00e9s&nbsp;una&nbsp;bona&nbsp;cosa&nbsp;perqu\u00e8&nbsp;permet a&nbsp;cadapa\u00eds&nbsp;d&#8217;acceptar&nbsp;i d&#8217;aplicar&nbsp;a la&nbsp;seva&nbsp;manera&nbsp;aquesta&nbsp;carta de&nbsp;diversitat&nbsp;ling\u00fc\u00edstica&nbsp;europea. No hi ha excuses per a&nbsp;Fran\u00e7a. Us&nbsp;suggereixo&nbsp;de&nbsp;llegir&nbsp;la Carta.&nbsp;Fran\u00e7a&nbsp;ha de&nbsp;firmar-la,&nbsp;Fran\u00e7a&nbsp;pot&nbsp;firmar-la,&nbsp;Fran\u00e7a&nbsp;la&nbsp;firmar\u00e0&nbsp;! Per&nbsp;qu\u00e8&nbsp;estic&nbsp;tan&nbsp;optimista?&nbsp;Perqu\u00e8&nbsp;despr\u00e9s&nbsp;d&#8217;haver&nbsp;llegit&nbsp;la Carta,&nbsp;veig&nbsp;que la&nbsp;flexibilitat&nbsp;\u00e9s&nbsp;gran&nbsp;i que&nbsp;tota&nbsp;persona&nbsp;raonable&nbsp;&#8211; la&nbsp;majoria&nbsp;delsfrancesos&nbsp;cal&nbsp;creure-hi! &#8211;&nbsp;podr\u00e0&nbsp;arribar&nbsp;a un consens. Hi va de la&nbsp;imatge&nbsp;internacional&nbsp;de&nbsp;Fran\u00e7a,&nbsp;ens&nbsp;cal&nbsp;insistir&nbsp;sobre&nbsp;aix\u00f2. Des&nbsp;del&nbsp;3 de&nbsp;maig&nbsp;del&nbsp;2008,&nbsp;existeix&nbsp;l&#8217;eina&nbsp;perfecta&nbsp;per&nbsp;conv\u00e8ncer: l&#8217;informe de l&#8217;ONU (Conseil&nbsp;dels&nbsp;drets&nbsp;humans)&nbsp;intitulat&nbsp;en&nbsp;franc\u00e8s&nbsp;&#8220;Promotion et Protection de tous les droits [&hellip;]<\/p>\n","protected":false},"author":2,"featured_media":0,"parent":306,"menu_order":0,"comment_status":"closed","ping_status":"closed","template":"","meta":{"_acf_changed":false,"_cu_dining_location_slug":"","footnotes":"","_links_to":"","_links_to_target":""},"cu_page_type":[],"class_list":["post-313","page","type-page","status-publish","hentry"],"acf":{"cu_post_thumbnail":""},"_links":{"self":[{"href":"https:\/\/carleton.ca\/donsmith\/wp-json\/wp\/v2\/pages\/313","targetHints":{"allow":["GET"]}}],"collection":[{"href":"https:\/\/carleton.ca\/donsmith\/wp-json\/wp\/v2\/pages"}],"about":[{"href":"https:\/\/carleton.ca\/donsmith\/wp-json\/wp\/v2\/types\/page"}],"author":[{"embeddable":true,"href":"https:\/\/carleton.ca\/donsmith\/wp-json\/wp\/v2\/users\/2"}],"replies":[{"embeddable":true,"href":"https:\/\/carleton.ca\/donsmith\/wp-json\/wp\/v2\/comments?post=313"}],"version-history":[{"count":4,"href":"https:\/\/carleton.ca\/donsmith\/wp-json\/wp\/v2\/pages\/313\/revisions"}],"predecessor-version":[{"id":678,"href":"https:\/\/carleton.ca\/donsmith\/wp-json\/wp\/v2\/pages\/313\/revisions\/678"}],"up":[{"embeddable":true,"href":"https:\/\/carleton.ca\/donsmith\/wp-json\/wp\/v2\/pages\/306"}],"wp:attachment":[{"href":"https:\/\/carleton.ca\/donsmith\/wp-json\/wp\/v2\/media?parent=313"}],"wp:term":[{"taxonomy":"cu_page_type","embeddable":true,"href":"https:\/\/carleton.ca\/donsmith\/wp-json\/wp\/v2\/cu_page_type?post=313"}],"curies":[{"name":"wp","href":"https:\/\/api.w.org\/{rel}","templated":true}]}}