{"id":330,"date":"2018-01-11T09:25:53","date_gmt":"2018-01-11T14:25:53","guid":{"rendered":"https:\/\/carleton.ca\/donsmith\/?page_id=330"},"modified":"2026-03-18T05:01:04","modified_gmt":"2026-03-18T09:01:04","slug":"tv3-embrolla-el-catala","status":"publish","type":"page","link":"https:\/\/carleton.ca\/donsmith\/cat4\/tv3-embrolla-el-catala\/","title":{"rendered":"TV3 i la pres\u00e8ncia del catal\u00e0"},"content":{"rendered":"\n<section class=\"w-screen px-6 cu-section cu-section--white ml-offset-center md:px-8 lg:px-14\">\n    <div class=\"space-y-6 cu-max-w-child-5xl  md:space-y-10 cu-prose-first-last\">\n\n            <div class=\"cu-textmedia flex flex-col lg:flex-row mx-auto gap-6 md:gap-10 my-6 md:my-12 first:mt-0 max-w-5xl\">\n        <div class=\"justify-start cu-textmedia-content cu-prose-first-last\" style=\"flex: 0 0 100%;\">\n            <header class=\"font-light prose-xl cu-pageheader md:prose-2xl cu-component-updated cu-prose-first-last\">\n                                    <h1 class=\"cu-prose-first-last font-semibold !mt-2 mb-4 md:mb-6 relative after:absolute after:h-px after:bottom-0 after:bg-cu-red after:left-px text-3xl md:text-4xl lg:text-5xl lg:leading-[3.5rem] pb-5 after:w-10 text-cu-black-700 not-prose\">\n                        TV3 embrolla el catal\u00e0\n                    <\/h1>\n                \n                                \n                            <\/header>\n\n                    <\/div>\n\n            <\/div>\n\n    <\/div>\n<\/section>\n\n\n\n<p>DONALD SMITH,&nbsp; \u00abUn canadenc a Catalunya\u00bb<\/p>\n\n\n\n<figure class=\"wp-block-image alignleft size-medium wp-image-332\"><img loading=\"lazy\" decoding=\"async\" width=\"240\" height=\"214\" src=\"https:\/\/carleton.ca\/donsmith\/wp-content\/uploads\/sites\/203\/cat1-240x214.jpeg\" alt=\"\" class=\"wp-image-332\" srcset=\"https:\/\/carleton.ca\/donsmith\/wp-content\/uploads\/sites\/203\/cat1-240x214.jpeg 240w, https:\/\/carleton.ca\/donsmith\/wp-content\/uploads\/sites\/203\/cat1-160x143.jpeg 160w, https:\/\/carleton.ca\/donsmith\/wp-content\/uploads\/sites\/203\/cat1.jpeg 310w\" sizes=\"auto, (max-width: 240px) 100vw, 240px\" \/><figcaption class=\"wp-element-caption\">&#8220;Pol\u00f2nia&#8221;, programa de s\u00e0tira pol\u00edtica de TV3. Gags.<\/figcaption><\/figure>\n\n\n\n<p>\u00abA la fleca, al caf\u00e8 de l&#8217;amic Joan, amb qui coneixes i amb qui no coneixes, a tot arreu i amb tothom, la primera paraula en catal\u00e0. Encomana el catal\u00e0!\u00bb<\/p>\n\n\n\n<p>Molt b\u00e9, aquesta publicitat de la Generalitat. El catal\u00e0 s&#8217;encomana! A veure&#8230; Si el catal\u00e0 ha de sobreviure, ha de ser la primera llengua d&#8217;\u00fas p\u00fablic.<\/p>\n\n\n\n<p>El castell\u00e0 i el catal\u00e0 s\u00f3n idiomes oficials segons l&#8217;Estatut de la Generalitat, per\u00f2 el biling\u00fcisme a Catalunya no es fa amb dos idiomes d&#8217;igual pot\u00e8ncia. \u00c9s per aix\u00f2 que, si a dintre dels indrets p\u00fablics el catal\u00e0 no esdev\u00e9 la primera llengua utilitzada pel personal, el catal\u00e0 \u00e9s destinat a debilitar-se. Mai el castell\u00e0 no ser\u00e0 amena\u00e7at; el catal\u00e0 ho ser\u00e0 per sempre, com tota llengua majorit\u00e0ria sobre el seu territori per\u00f2 minorit\u00e0ria dins el conjunt del pa\u00eds.<br>\nEn aquest punt de vista, el Quebec i Catalunya s\u00f3n similars. El Quebec va entendre des dels anys seixanta que calia donar la prioritat al franc\u00e8s de cara a l&#8217;angl\u00e8s: retolaci\u00f3, publicitat, aparadors, educaci\u00f3, immigraci\u00f3, jocs de la francofonia&#8230; el franc\u00e8s havia de tenir una pla\u00e7a predominant i legalment controlada.<\/p>\n\n\n\n<p>L&#8217;antic primer ministre del Quebec Ren\u00e9 L\u00e9vesque, que podem comparar a Jordi Pujol respecte a la seva influ\u00e8ncia dins la formaci\u00f3 del pa\u00eds, deia sovint: \u00abL&#8217;aparador de Mont-real ha de ser tan franc\u00e8s com el de Toronto \u00e9s angl\u00e8s.\u00bb<\/p>\n\n\n\n<p>I a Catalunya, evidentment, el catal\u00e0 ha d&#8217;ocupar el primer lloc per tot el que toca a l&#8217;\u00fas p\u00fablic de la llengua. Primer lloc vol dir catal\u00e0 en primer lloc, el castell\u00e0 despr\u00e9s, o lletres m\u00e9s grans en catal\u00e0 que en castell\u00e0 (com exigeix la llei 101 al Quebec respecte el franc\u00e8s amb relaci\u00f3 a l&#8217;angl\u00e8s).<\/p>\n\n\n\n<p>Petit par\u00e8ntesi: s\u00f3c canadenc angl\u00e8s d&#8217;origen, vaig descobrir el Quebec, vaig aprendre el franc\u00e8s i vaig decidir de viure al Quebec. S\u00f3c, doncs, quebequ\u00e8s i canadenc, i jo s\u00e9 que l&#8217;angl\u00e8s no \u00e9s amena\u00e7at al Canad\u00e0 ni al Quebec, doncs, donar la prioritat al franc\u00e8s per a la retolaci\u00f3 em sembla normal&#8230; Una mica de reflexi\u00f3 i una mica de generositat, i ja est\u00e0: fomentar una llengua, sense perjudicar l&#8217;altra.<\/p>\n\n\n\n<p>Els mitjans de comunicaci\u00f3 juguen tamb\u00e9 un rol essencial com una de les \u00abcares del pa\u00eds\u00bb. Al Quebec, la r\u00e0dio i la televisi\u00f3 estatals s\u00f3n nom\u00e9s de llengua francesa (existeix tamb\u00e9 la CBC canadenca, r\u00e0dio i televisi\u00f3 de llengua anglesa). Per a les r\u00e0dios i teles privades i publiques, al voltant de 60% del seu contingut (can\u00e7ons, per exemple) ha de ser canadenc o quebequ\u00e8s. Aquestes regles van permetre a la can\u00e7\u00f3 canadenca i quebequesa d&#8217;envolar-se arreu del m\u00f3n. Aqu\u00ed, doncs, una altra idea per a les r\u00e0dios catalanes.<\/p>\n\n\n\n<p>Fa quatre anys que visc a la Catalunya del Nord. Era per a mi normal i natural d&#8217;aprendre el catal\u00e0, per\u00f2, ben segur, tinc la tend\u00e8ncia a mirar les diferents realitats catalanes amb ulls i filtres canadencs. Jo s\u00e9 el rol indispensable que TV3 juga per a la consolidaci\u00f3 de la identitat catalana. Em sap greu doncs de criticar aquesta cadena, per\u00f2 he de fer-ho.<br>\nA l&#8217;inici, volia intitular aquesta cr\u00f2nica \u00abTV3 mata el catal\u00e0\u00bb; em vaig contenir, per\u00f2 ara dir\u00e9 el que penso sobre la cara dubtosa de TV3. No parlo castell\u00e0, per\u00f2 \u00e9s veritat que, gr\u00e0cies al catal\u00e0, puc entendre bastant b\u00e9 el castell\u00e0. El catal\u00e0 \u00e9s una clau que obre la porta a l&#8217;itali\u00e0, al castell\u00e0, fins i tot al portugu\u00e8s. Quan parlar\u00e9 millor el catal\u00e0, aprendr\u00e9 el castell\u00e0, per\u00f2 no abans, una cosa a la vegada, i m&#8217;hauria sentit culpable d&#8217;haver apr\u00e8s el castell\u00e0 abans del catal\u00e0&#8230; Visc a Catalunya Nord, el Principat \u00e9s tamb\u00e9 casa meva, no podia insultar el meus compatriotes refusant d&#8217;aprendre la seva llengua&#8230;<\/p>\n\n\n\n<p>Imagineu, doncs, una persona com jo que mira TV3. Publicitats en castell\u00e0; entrevistes en castell\u00e0; sovint, l&#8217;entrevistador parla tamb\u00e9 el castell\u00e0 amb els seus convidats. Arriba que, en alguns moments, no s\u00e9 si miro una televisi\u00f3 catalana o espanyola. M&#8217;hauria equivocat de cadena: TVE 1 i no TV3?<\/p>\n\n\n\n<p>Estic molt motivat i comprom\u00e8s i no \u00e9s TV3 que arribar\u00e0 a descoratjar-me.<\/p>\n\n\n\n<p>Positivem! Em permeto de fer alguns suggeriments. Abans, cal mencionar que el xoc pel que fa TV3 era considerable per a mi perqu\u00e8 la televisi\u00f3 quebequesa \u00e9s clarament de llengua francesa, i el que passa a TV3 dins un context quebequ\u00e8s seria il\u00b7legal.<\/p>\n\n\n\n<p>No ens desesperem! La soluci\u00f3 \u00e9s f\u00e0cil, es tracta d&#8217;actuar:<\/p>\n\n\n\n<p>\u2013 Entrevistes a les not\u00edcies, als reportatges. Principi de base: intentar de trobar un representant de l&#8217;entitat entrevistada que parli catal\u00e0. Si la intervenci\u00f3 \u00e9s en castell\u00e0 i no \u00e9s en directe, utilitzar subt\u00edtols, aix\u00f2 pot semblar curi\u00f3s perqu\u00e8 els catalans entenen el castell\u00e0, per\u00f2 TV3 ha de projectar una cara veritablement i integralment catalana, ha de fer-ho, doncs. I \u00e9s el que passa a la televisi\u00f3 quebequesa, malgrat que els quebequesos entenen l&#8217;angl\u00e8s tant com els catalans entenen el castell\u00e0.<\/p>\n\n\n\n<p>\u2013 Emissions d&#8217;humor i de varietats: prioritat al catal\u00e0, excepcionalment un contingut castell\u00e0 \u00e9s possible, per\u00f2 per fomentar el talent catal\u00e0, prioritat a la creaci\u00f3 catalana.<\/p>\n\n\n\n<p>A TV3, cal absolutament intentar de trobar, amb insist\u00e8ncia, de cercar seriosament gent castellanoparlant que acceptarien de parlar catal\u00e0. L&#8217;efecte sobre la societat en general podria ser molt gran. Parlar\u00e9 d&#8217;aquest problema dins una altra cr\u00f2nica.<\/p>\n\n\n\n<p>Per concloure, em recordo d&#8217;aquell sopar fa uns anys amb amics de Perpiny\u00e0. Hi havia el c\u00f2nsol espanyol de Perpiny\u00e0, i quan jo li vaig dir alguns mots en catal\u00e0, i que estava comen\u00e7ant a aprendre&#8217;l, em va dir que el catal\u00e0 no serveix de res perqu\u00e8 el castell\u00e0 \u00e9s una llengua universal i que tots els catalans parlen castell\u00e0.<br>\nTV3, sisplau, no doneu ra\u00f3 a aquesta remarca deplorable i perillosa.<br>\n___________________<br>\n<em>Donald Smith \u00e9s escriptor i catedr\u00e0tic quebequ\u00e8s, autor entre altres obres<\/em><br>\n<em>d&#8217;un diccionari del franc\u00e8s quebequ\u00e8s, d&#8217;un llibre sobre el cantant i<\/em><br>\n<em>poeta Gilles Vigneault, i d&#8217;un assaig sobre la noci\u00f3 de naci\u00f3 i la<\/em><br>\n<em>cohabitaci\u00f3 entre pobles dintre un mateix pa\u00eds. Ara viu a Cotlliure i en aquest text expressa els seus sentiments sobre la televisi\u00f3 catalana.<\/em><\/p>\n\n\n\n<p><a href=\"http:\/\/www.elpunt.cat\/noticia\/article\/2-societat\/5-societat\/89459-tv3-embrolla-el-catala.html\">El Punt, 9 octubre 2009<\/a><\/p>\n\n\n\n<p><\/p>\n","protected":false},"excerpt":{"rendered":"<p>DONALD SMITH,&nbsp; \u00abUn canadenc a Catalunya\u00bb \u00abA la fleca, al caf\u00e8 de l&#8217;amic Joan, amb qui coneixes i amb qui no coneixes, a tot arreu i amb tothom, la primera paraula en catal\u00e0. Encomana el catal\u00e0!\u00bb Molt b\u00e9, aquesta publicitat de la Generalitat. El catal\u00e0 s&#8217;encomana! A veure&#8230; Si el catal\u00e0 ha de sobreviure, ha [&hellip;]<\/p>\n","protected":false},"author":2,"featured_media":0,"parent":306,"menu_order":0,"comment_status":"closed","ping_status":"closed","template":"","meta":{"_acf_changed":false,"_cu_dining_location_slug":"","footnotes":"","_links_to":"","_links_to_target":""},"cu_page_type":[],"class_list":["post-330","page","type-page","status-publish","hentry"],"acf":{"cu_post_thumbnail":""},"_links":{"self":[{"href":"https:\/\/carleton.ca\/donsmith\/wp-json\/wp\/v2\/pages\/330","targetHints":{"allow":["GET"]}}],"collection":[{"href":"https:\/\/carleton.ca\/donsmith\/wp-json\/wp\/v2\/pages"}],"about":[{"href":"https:\/\/carleton.ca\/donsmith\/wp-json\/wp\/v2\/types\/page"}],"author":[{"embeddable":true,"href":"https:\/\/carleton.ca\/donsmith\/wp-json\/wp\/v2\/users\/2"}],"replies":[{"embeddable":true,"href":"https:\/\/carleton.ca\/donsmith\/wp-json\/wp\/v2\/comments?post=330"}],"version-history":[{"count":4,"href":"https:\/\/carleton.ca\/donsmith\/wp-json\/wp\/v2\/pages\/330\/revisions"}],"predecessor-version":[{"id":675,"href":"https:\/\/carleton.ca\/donsmith\/wp-json\/wp\/v2\/pages\/330\/revisions\/675"}],"up":[{"embeddable":true,"href":"https:\/\/carleton.ca\/donsmith\/wp-json\/wp\/v2\/pages\/306"}],"wp:attachment":[{"href":"https:\/\/carleton.ca\/donsmith\/wp-json\/wp\/v2\/media?parent=330"}],"wp:term":[{"taxonomy":"cu_page_type","embeddable":true,"href":"https:\/\/carleton.ca\/donsmith\/wp-json\/wp\/v2\/cu_page_type?post=330"}],"curies":[{"name":"wp","href":"https:\/\/api.w.org\/{rel}","templated":true}]}}