{"id":469,"date":"2026-01-23T12:28:17","date_gmt":"2026-01-23T17:28:17","guid":{"rendered":"https:\/\/carleton.ca\/donsmith\/cutheme-homepage\/"},"modified":"2026-03-18T05:11:48","modified_gmt":"2026-03-18T09:11:48","slug":"cutheme-homepage","status":"publish","type":"page","link":"https:\/\/carleton.ca\/donsmith\/","title":{"rendered":"Donald Smith &#8211; professor emeritus, Qu\u00e9bec studies and literature ,professeur \u00e9m\u00e9rite, catedr\u00e0tic em\u00e8rit"},"content":{"rendered":"\n<section class=\"w-screen px-6 cu-section cu-section--white ml-offset-center md:px-8 lg:px-14\">\n    <div class=\"space-y-6 cu-max-w-child-max  md:space-y-10 cu-prose-first-last\">\n\n        \n                    \n                    \n            \n    <div class=\"cu-wideimage relative flex items-center justify-center mx-auto px-8 overflow-hidden md:px-16 rounded-xl not-prose  my-6 md:my-12 first:mt-0 bg-opacity-50 bg-cover bg-cu-black-50 py-24 md:py-28 lg:py-36 xl:py-48\" style=\"background-image: url(https:\/\/carleton.ca\/donsmith\/wp-content\/uploads\/sites\/203\/2026\/01\/banner-donsmith-1024x448.jpg); background-position: 50% 50%;\">\n\n                    <div class=\"absolute top-0 w-full h-screen\" style=\"background-color:rgba(0,0,0,0.600);\"><\/div>\n        \n        <div class=\"relative z-[2] max-w-4xl w-full flex flex-col items-center gap-2 cu-wideimage-image cu-zero-first-last\">\n            <header class=\"mx-auto mb-6 text-center text-white cu-pageheader cu-component-updated cu-pageheader--center md:mb-12\">\n\n                                    <h1 class=\"cu-prose-first-last font-semibold mb-2 text-3xl md:text-4xl lg:text-5xl lg:leading-[3.5rem] cu-pageheader--center text-center mx-auto after:left-px\">\n                        Donald Smith &#8211; professor emeritus, Qu\u00e9bec studies and literature\n                    <\/h1>\n                \n                            <\/header>\n        <\/div>\n\n            <\/div>\n\n    \n\n    <\/div>\n<\/section>\n\n\n\n<p><strong class=\"myprefix-text-bold\">Web page&nbsp;of Donald Smith, professor emeritus, Qu\u00e9bec&nbsp;studies and&nbsp;literature<br><\/strong>(Books on Qu\u00e9bec and Acadian literature and society, on English-Canadian and French-Canadian relations, Dictionary of Canadian French)<\/p>\n\n\n\n<p><strong class=\"myprefix-text-bold\">Page internet de Donald Smith, professeur \u00e9m\u00e9rite, litt\u00e9rature et \u00e9tudes qu\u00e9b\u00e9coises<br><\/strong>(Litt\u00e9rature et soci\u00e9t\u00e9 qu\u00e9b\u00e9coises : entrevues, analyses. Le fran\u00e7ais des Am\u00e9riques\u2026)<\/p>\n\n\n\n<p><a href=\"https:\/\/carleton.ca\/donsmith\/english-version\/\">English Version<\/a><\/p>\n\n\n\n<p><a href=\"https:\/\/carleton.ca\/donsmith\/version-francaise\/\">Version fran\u00e7aise<\/a><\/p>\n\n\n\n<p><a href=\"https:\/\/carleton.ca\/donsmith\/cat4\/\">Versi\u00f3 catalana<\/a><\/p>\n\n\n\n<p><strong>Articles in Catalan on Qu\u00e9bec and Catalonia\/Articles en catalan sur le Qu\u00e9bec et la Catalogne<\/strong><br>Donald Smith, catedr\u00e0tic em\u00e8rit, literatura i estudis quebequesos&nbsp;<br class=\"\"><a href=\"https:\/\/carleton.ca\/donsmith\/cat4\/\">Feu clic aqu\u00ed per llegir articles i entrevistes sobre Catalunya i el Quebec<\/a><\/p>\n\n\n\n<p>Donald Smith on Wikipedia:<br><a href=\"https:\/\/en.wikipedia.org\/wiki\/Donald_Smith_(academic)\">In English<\/a> | <a href=\"https:\/\/fr.wikipedia.org\/wiki\/Donald_Smith\">In French<\/a> | <a href=\"https:\/\/ca.wikipedia.org\/wiki\/Donald_Smith\">In Catalan<\/a><\/p>\n\n\n\n<p><\/p>\n","protected":false},"excerpt":{"rendered":"<p>Web page&nbsp;of Donald Smith, professor emeritus, Qu\u00e9bec&nbsp;studies and&nbsp;literature(Books on Qu\u00e9bec and Acadian literature and society, on English-Canadian and French-Canadian relations, Dictionary of Canadian French) Page internet de Donald Smith, professeur \u00e9m\u00e9rite, litt\u00e9rature et \u00e9tudes qu\u00e9b\u00e9coises(Litt\u00e9rature et soci\u00e9t\u00e9 qu\u00e9b\u00e9coises : entrevues, analyses. Le fran\u00e7ais des Am\u00e9riques\u2026) English Version Version fran\u00e7aise Versi\u00f3 catalana Articles in Catalan on [&hellip;]<\/p>\n","protected":false},"author":45,"featured_media":0,"parent":0,"menu_order":0,"comment_status":"closed","ping_status":"closed","template":"","meta":{"_acf_changed":false,"_cu_dining_location_slug":"","footnotes":"","_links_to":"","_links_to_target":""},"cu_page_type":[],"class_list":["post-469","page","type-page","status-publish","hentry"],"acf":{"cu_post_thumbnail":""},"_links":{"self":[{"href":"https:\/\/carleton.ca\/donsmith\/wp-json\/wp\/v2\/pages\/469","targetHints":{"allow":["GET"]}}],"collection":[{"href":"https:\/\/carleton.ca\/donsmith\/wp-json\/wp\/v2\/pages"}],"about":[{"href":"https:\/\/carleton.ca\/donsmith\/wp-json\/wp\/v2\/types\/page"}],"author":[{"embeddable":true,"href":"https:\/\/carleton.ca\/donsmith\/wp-json\/wp\/v2\/users\/45"}],"replies":[{"embeddable":true,"href":"https:\/\/carleton.ca\/donsmith\/wp-json\/wp\/v2\/comments?post=469"}],"version-history":[{"count":4,"href":"https:\/\/carleton.ca\/donsmith\/wp-json\/wp\/v2\/pages\/469\/revisions"}],"predecessor-version":[{"id":686,"href":"https:\/\/carleton.ca\/donsmith\/wp-json\/wp\/v2\/pages\/469\/revisions\/686"}],"wp:attachment":[{"href":"https:\/\/carleton.ca\/donsmith\/wp-json\/wp\/v2\/media?parent=469"}],"wp:term":[{"taxonomy":"cu_page_type","embeddable":true,"href":"https:\/\/carleton.ca\/donsmith\/wp-json\/wp\/v2\/cu_page_type?post=469"}],"curies":[{"name":"wp","href":"https:\/\/api.w.org\/{rel}","templated":true}]}}