{"id":50360,"date":"2025-06-16T13:55:53","date_gmt":"2025-06-16T17:55:53","guid":{"rendered":"https:\/\/carleton.ca\/economics\/?page_id=50360"},"modified":"2026-03-16T13:36:26","modified_gmt":"2026-03-16T17:36:26","slug":"seminars-2","status":"publish","type":"page","link":"https:\/\/carleton.ca\/economics\/seminars-2\/","title":{"rendered":"Seminars"},"content":{"rendered":"\n<section class=\"w-screen px-6 cu-section cu-section--white ml-offset-center md:px-8 lg:px-14\">\n    <div class=\"space-y-6 cu-max-w-child-5xl  md:space-y-10 cu-prose-first-last\">\n\n            <div class=\"cu-textmedia flex flex-col lg:flex-row mx-auto gap-6 md:gap-10 my-6 md:my-12 first:mt-0 max-w-5xl\">\n        <div class=\"justify-start cu-textmedia-content cu-prose-first-last\" style=\"flex: 0 0 100%;\">\n            <header class=\"font-light prose-xl cu-pageheader md:prose-2xl cu-component-updated cu-prose-first-last\">\n                                    <h1 class=\"cu-prose-first-last font-semibold !mt-2 mb-4 md:mb-6 relative after:absolute after:h-px after:bottom-0 after:bg-cu-red after:left-px text-3xl md:text-4xl lg:text-5xl lg:leading-[3.5rem] pb-5 after:w-10 text-cu-black-700 not-prose\">\n                        Seminars\n                    <\/h1>\n                \n                                \n                                    \n\n<p>During the academic year of 2024-2025, some seminars will be held in person and some online. If you have any questions regarding online access to seminars, please contact the seminar coordinator, <a href=\"https:\/\/carleton.ca\/economics\/cu-people\/galizia-dana\/\">Dana Galizia.<\/a><\/p>\n\n\n                            <\/header>\n\n                    <\/div>\n\n            <\/div>\n\n    <\/div>\n<\/section>\n\n\n<div class=\"flex p-4 rounded-md cu-alert cu-alert--info not-prose\">\n\n            <svg xmlns=\"http:\/\/www.w3.org\/2000\/svg\" fill=\"none\" viewbox=\"0 0 24 24\" stroke-width=\"1.5\" stroke=\"currentColor\" aria-hidden=\"true\" data-slot=\"icon\" class=\"w-8 h-8\">\n            <path stroke-linecap=\"round\" stroke-linejoin=\"round\" d=\"m11.25 11.25.041-.02a.75.75 0 0 1 1.063.852l-.708 2.836a.75.75 0 0 0 1.063.853l.041-.021M21 12a9 9 0 1 1-18 0 9 9 0 0 1 18 0Zm-9-3.75h.008v.008H12V8.25Z\"><\/path>\n        <\/svg>\n    \n    <div class=\"w-full ml-3\">\n        <p class=\"text-base md:text-lg mt-0.5 font-semibold\">\n            Seminar Location and Time\n        <\/p>\n                    <p class=\"text-sm md:text-base text-cu-black-900\">\n                All in-person seminars will be held in the Dr. Kanta Marwah Seminar Room (D-880 Loeb) in the Department of Economics.  Seminars are (typically) held from 2:30 to 3:30pm on Friday afternoons. \n            <\/p>\n            <\/div>\n<\/div>\n\n\n\n<h3 id=\"fall-2025-schedule\" class=\"wp-block-heading\">Fall 2025 Schedule<\/h3>\n\n\n\n<figure class=\"wp-block-table\"><table class=\"has-fixed-layout\"><thead><tr><th class=\"has-text-align-left\" data-align=\"left\">Date<\/th><th class=\"has-text-align-left\" data-align=\"left\">Speaker and Host <\/th><th class=\"has-text-align-left\" data-align=\"left\">Seminar Title <\/th><\/tr><\/thead><tbody><tr><td class=\"has-text-align-left\" data-align=\"left\">September 05, 2025<br>2:30-4:00pm<\/td><td class=\"has-text-align-left\" data-align=\"left\"><a href=\"https:\/\/carleton.ca\/economics\/cu-people\/sunny-karim\/\">Sunny Karim<\/a>, Carleton University<br><br>Host:&nbsp;<a href=\"https:\/\/carleton.ca\/economics\/cu-people\/lee-minjoon\/\">Minjoon Lee<\/a><\/td><td class=\"has-text-align-left\" data-align=\"left\">Good Controls Gone Bad: Difference-in-differences with covariates<\/td><\/tr><tr><td class=\"has-text-align-left\" data-align=\"left\">October 03, 2025<br>3:00-4:00pm<\/td><td class=\"has-text-align-left\" data-align=\"left\"><a href=\"https:\/\/www.economics.utoronto.ca\/index.php\/index\/person\/person\/faculty\/2341\">Michi Igami<\/a>, University of Toronto<br>Host: <a href=\"https:\/\/carleton.ca\/economics\/cu-people\/vivian-hoffmann\/\">Thomas Russell<\/a> \/<a href=\"https:\/\/carleton.ca\/economics\/cu-people\/metaxoglou-konstantinos\/\">Kostas Metaxoglou<\/a><\/td><td class=\"has-text-align-left\" data-align=\"left\"><br><a href=\"https:\/\/papers.ssrn.com\/sol3\/papers.cfm?abstract_id=5006180\">Welfare Gains from Product and Process Innovations: The Case of LCD Panels, 2001-2011<\/a><br><\/td><\/tr><tr><td class=\"has-text-align-left\" data-align=\"left\">November 07, 2025<br>2:30-4:00pm<\/td><td class=\"has-text-align-left\" data-align=\"left\"><a href=\"https:\/\/www.federalreserve.gov\/econres\/hie-joo-ahn.htm\">Hie Joo Ahn<\/a>, Federal Reserve Board<br>Host: <a href=\"https:\/\/carleton.ca\/economics\/cu-people\/galizia-dana\/\">Dana Galizia<\/a><\/td><td class=\"has-text-align-left\" data-align=\"left\"><a href=\"https:\/\/www.chicagofed.org\/publications\/working-papers\/2023\/2023-18\">The Dual U.S. Labor Market Uncovered<\/a><\/td><\/tr><tr><td class=\"has-text-align-left\" data-align=\"left\">November 21, 2025<br>2:30-4:00pm<\/td><td class=\"has-text-align-left\" data-align=\"left\"><a href=\"https:\/\/www.economics.utoronto.ca\/index.php\/index\/person\/person\/faculty\/2385\">Christoph Semken<\/a>, University of Toronto<br>Host: <a href=\"https:\/\/carleton.ca\/economics\/cu-people\/vivian-hoffmann\/\">Vivian Hoffmann<\/a><\/td><td class=\"has-text-align-left\" data-align=\"left\"><a href=\"https:\/\/www.csemken.eu\/pdfs\/Semken_JMP.pdf\">The Marginal Impact of Emission Reductions: Estimates, Beliefs and Behavior<\/a><br><\/td><\/tr><tr><td class=\"has-text-align-left\" data-align=\"left\">November 28, 2025<br>2:30-4:00pm<\/td><td class=\"has-text-align-left\" data-align=\"left\"><a href=\"https:\/\/www.torontomu.ca\/economics\/people\/faculty\/stephen-tino\/\">Stephen Tino<\/a>, Toronto Metropolitan University<br>Host: <a href=\"https:\/\/carleton.ca\/economics\/cu-people\/worswick-christopher\/\">Chris Worswick<\/a><br><\/td><td class=\"has-text-align-left\" data-align=\"left\"><br>The Labor Market Returns to Permanent Residency<\/td><\/tr><tr><td class=\"has-text-align-left\" data-align=\"left\"><\/td><td class=\"has-text-align-left\" data-align=\"left\"><br><br><\/td><td class=\"has-text-align-left\" data-align=\"left\"><em class=\"myprefix-text-italic\"><br><\/em><\/td><\/tr><tr><td class=\"has-text-align-left\" data-align=\"left\"><\/td><td class=\"has-text-align-left\" data-align=\"left\"><\/td><td class=\"has-text-align-left\" data-align=\"left\"><br><br><\/td><\/tr><tr><td class=\"has-text-align-left\" data-align=\"left\"><\/td><td class=\"has-text-align-left\" data-align=\"left\"><\/td><td class=\"has-text-align-left\" data-align=\"left\"><\/td><\/tr><\/tbody><\/table><\/figure>\n\n\n\n<h3 id=\"winter-2026-schedule\" class=\"wp-block-heading\">Winter 2026 Schedule<\/h3>\n\n\n\n<figure class=\"wp-block-table\"><table class=\"has-fixed-layout\"><thead><tr><th class=\"has-text-align-left\" data-align=\"left\">Date<\/th><th class=\"has-text-align-left\" data-align=\"left\">Speaker and Host<\/th><th class=\"has-text-align-left\" data-align=\"left\">Title<\/th><\/tr><\/thead><tbody><tr><td class=\"has-text-align-left\" data-align=\"left\">February 06, 2026<br>2:30-4:00pm<\/td><td class=\"has-text-align-left\" data-align=\"left\"><a href=\"https:\/\/www.economics.utoronto.ca\/index.php\/index\/person\/person\/faculty\/2190\">Mark Rempel<\/a>, University of Toronto<br>Host: <a href=\"https:\/\/carleton.ca\/economics\/cu-people\/gross-till-o\/\">Till Gross<\/a><\/td><td class=\"has-text-align-left\" data-align=\"left\"><a href=\"https:\/\/markrempel.org\/sites\/default\/files\/draft_Rempel_PatentWars_latest.pdf\">Innovation and Firm Dynamics with Patent Wars.<\/a><\/td><\/tr><tr><td class=\"has-text-align-left\" data-align=\"left\">February 27, 2026<br>2:30-4:00pm<\/td><td class=\"has-text-align-left\" data-align=\"left\"><a href=\"https:\/\/profiles.ucalgary.ca\/leonard-goff\">Len Goff<\/a>, University of Calgary<br>Host: <a href=\"https:\/\/carleton.ca\/economics\/cu-people\/webb-matthew-d\/\">Matt Webb<\/a><\/td><td class=\"has-text-align-left\" data-align=\"left\"><a href=\"https:\/\/www.leonardgoff.com\/resources\/CCGN_Causal_Bunching.pdf\">Identification of Causal Effects with a Bunching Design.<\/a><\/td><\/tr><tr><td class=\"has-text-align-left\" data-align=\"left\">March 06, 2026<br>2:30-4:00pm<\/td><td class=\"has-text-align-left\" data-align=\"left\"><a href=\"https:\/\/facsocsci.mcmaster.ca\/people\/ruffle-bradley\">Bradley Ruffle<\/a>, McMaster University<br>Host: <a href=\"https:\/\/carleton.ca\/economics\/cu-people\/vadovic-radovan\/\">Radovan Vadovi\u010d<\/a><\/td><td class=\"has-text-align-left\" data-align=\"left\"><a href=\"https:\/\/carleton.ca\/economics\/wp-content\/uploads\/sites\/112\/2026\/02\/CheatingOnABudget_Paper.pdf\">Cheating on a Budget.<\/a><\/td><\/tr><tr><td class=\"has-text-align-left\" data-align=\"left\">March 13, 2026<br>2:30-4:00pm<\/td><td class=\"has-text-align-left\" data-align=\"left\"><a href=\"https:\/\/www.bankofcanada.ca\/profile\/martin-harding\/\">Martin Harding<\/a>, Bank of Canada<br>Host: <a href=\"https:\/\/carleton.ca\/economics\/cu-people\/khan-hashmat-u\/\">Hashmat Khan<\/a><\/td><td class=\"has-text-align-left\" data-align=\"left\"><a href=\"https:\/\/carleton.ca\/economics\/wp-content\/uploads\/sites\/112\/2026\/02\/HardingLindeLopezSalidoTrabandt-2.pdf\" type=\"link\" id=\"https:\/\/carleton.ca\/economics\/wp-content\/uploads\/sites\/112\/2026\/02\/HardingLindeLopezSalidoTrabandt-2.pdf\">Optimal Monetary Policy With Large Shocks<\/a>.<br><\/td><\/tr><tr><td class=\"has-text-align-left\" data-align=\"left\">April 10, 2026<br>2:30-4:00pm<\/td><td class=\"has-text-align-left\" data-align=\"left\"><a href=\"https:\/\/professeurs.uqam.ca\/professeur\/leroux.marie-louise\/\">Marie-Louise Leroux<\/a>, Universit\u00e9 du Qu\u00e9bec \u00e0 Montr\u00e9al<br>Host: <a href=\"https:\/\/carleton.ca\/economics\/cu-people\/lee-minjoon\/\">Minjoon Lee<\/a><\/td><td class=\"has-text-align-left\" data-align=\"left\">Income Gradients in Health-State Dependence.<\/td><\/tr><\/tbody><\/table><\/figure>\n\n\n\n<h3 id=\"summer-2026-schedule\" class=\"wp-block-heading\">Summer 2026 Schedule<\/h3>\n\n\n\n<figure class=\"wp-block-table\"><table class=\"has-fixed-layout\"><thead><tr><th class=\"has-text-align-left\" data-align=\"left\">Date<\/th><th class=\"has-text-align-left\" data-align=\"left\">Speaker and Host<\/th><th class=\"has-text-align-left\" data-align=\"left\">Title<\/th><\/tr><\/thead><tbody><tr><td class=\"has-text-align-left\" data-align=\"left\"><\/td><td class=\"has-text-align-left\" data-align=\"left\"><\/td><td class=\"has-text-align-left\" data-align=\"left\"><\/td><\/tr><\/tbody><\/table><\/figure>\n\n\n\n<p><\/p>\n","protected":false},"excerpt":{"rendered":"<p>Fall 2025 Schedule Date Speaker and Host Seminar Title September 05, 20252:30-4:00pm Sunny Karim, Carleton University Host:&nbsp;Minjoon Lee Good Controls Gone Bad: Difference-in-differences with covariates October 03, 20253:00-4:00pm Michi Igami, University of TorontoHost: Thomas Russell \/Kostas Metaxoglou Welfare Gains from Product and Process Innovations: The Case of LCD Panels, 2001-2011 November 07, 20252:30-4:00pm Hie Joo [&hellip;]<\/p>\n","protected":false},"author":313,"featured_media":0,"parent":0,"menu_order":0,"comment_status":"closed","ping_status":"closed","template":"","meta":{"_acf_changed":false,"_cu_dining_location_slug":"","footnotes":"","_links_to":"","_links_to_target":""},"cu_page_type":[],"class_list":["post-50360","page","type-page","status-publish","hentry"],"acf":{"cu_post_thumbnail":""},"_links":{"self":[{"href":"https:\/\/carleton.ca\/economics\/wp-json\/wp\/v2\/pages\/50360","targetHints":{"allow":["GET"]}}],"collection":[{"href":"https:\/\/carleton.ca\/economics\/wp-json\/wp\/v2\/pages"}],"about":[{"href":"https:\/\/carleton.ca\/economics\/wp-json\/wp\/v2\/types\/page"}],"author":[{"embeddable":true,"href":"https:\/\/carleton.ca\/economics\/wp-json\/wp\/v2\/users\/313"}],"replies":[{"embeddable":true,"href":"https:\/\/carleton.ca\/economics\/wp-json\/wp\/v2\/comments?post=50360"}],"version-history":[{"count":5,"href":"https:\/\/carleton.ca\/economics\/wp-json\/wp\/v2\/pages\/50360\/revisions"}],"predecessor-version":[{"id":53195,"href":"https:\/\/carleton.ca\/economics\/wp-json\/wp\/v2\/pages\/50360\/revisions\/53195"}],"wp:attachment":[{"href":"https:\/\/carleton.ca\/economics\/wp-json\/wp\/v2\/media?parent=50360"}],"wp:term":[{"taxonomy":"cu_page_type","embeddable":true,"href":"https:\/\/carleton.ca\/economics\/wp-json\/wp\/v2\/cu_page_type?post=50360"}],"curies":[{"name":"wp","href":"https:\/\/api.w.org\/{rel}","templated":true}]}}