{"id":37,"date":"2024-12-17T19:13:43","date_gmt":"2024-12-18T00:13:43","guid":{"rendered":"https:\/\/carleton.ca\/eetn\/?page_id=37"},"modified":"2025-04-15T00:55:16","modified_gmt":"2025-04-15T04:55:16","slug":"a-propos-du-reseau","status":"publish","type":"page","link":"https:\/\/carleton.ca\/eetn\/a-propos-du-reseau\/","title":{"rendered":"\u00c0 propos du r\u00e9seau"},"content":{"rendered":"\n<section class=\"w-screen px-6 cu-section cu-section--white ml-offset-center md:px-8 lg:px-14\">\n    <div class=\"space-y-6 cu-max-w-child-max  md:space-y-10 cu-prose-first-last\">\n\n        \n                    \n                    \n            \n    <div class=\"cu-wideimage relative flex items-center justify-center mx-auto px-8 overflow-hidden md:px-16 rounded-xl not-prose  my-6 md:my-12 first:mt-0 bg-opacity-50 bg-cover bg-cu-black-50 py-24 md:py-28 lg:py-36 xl:py-48\" style=\"background-image: url(https:\/\/carleton.ca\/eetn\/wp-content\/uploads\/sites\/44\/2024\/12\/About-Us-Banner-1.png); background-position: 50% 50%;\">\n\n                    <div class=\"absolute top-0 w-full h-screen\" style=\"background-color:rgba(0,0,0,0.600);\"><\/div>\n        \n        <div class=\"relative z-[2] max-w-4xl w-full flex flex-col items-center gap-2 cu-wideimage-image cu-zero-first-last\">\n            <header class=\"mx-auto mb-6 text-center text-white cu-pageheader cu-component-updated cu-pageheader--center md:mb-12\">\n\n                                    <h1 class=\"cu-prose-first-last font-semibold mb-2 text-3xl md:text-4xl lg:text-5xl lg:leading-[3.5rem] cu-pageheader--center text-center mx-auto after:left-px\">\n                        \u00c0 propos du r\u00e9seau\n                    <\/h1>\n                \n                            <\/header>\n        <\/div>\n\n            <\/div>\n\n    \n\n    <\/div>\n<\/section>\n\n\n\n<div class=\"wp-block-buttons is-layout-flex wp-block-buttons-is-layout-flex\">\n<div class=\"wp-block-button\"><a class=\"wp-block-button__link wp-element-button\" href=\"https:\/\/carleton.ca\/eetn\/about-the-network\/\">EN<\/a><\/div>\n<\/div>\n\n\n\n<h2 id=\"securite-europeenne\" class=\"wp-block-heading\"><strong>S\u00e9curit\u00e9 europ\u00e9enne<\/strong><\/h2>\n\n\n\n<h4 id=\"le-role-de-lotan-dans-la-securite-europeenne\" class=\"wp-block-heading\"><strong>Le r\u00f4le de l\u2019OTAN dans la s\u00e9curit\u00e9 europ\u00e9enne&nbsp;:<\/strong><\/h4>\n\n\n\n<figure class=\"wp-block-image alignright size-large is-resized\"><img loading=\"lazy\" decoding=\"async\" width=\"1024\" height=\"1024\" src=\"https:\/\/carleton.ca\/eetn\/wp-content\/uploads\/sites\/44\/2025\/02\/image-1024x1024.png\" alt=\"\" class=\"wp-image-548\" style=\"width:415px;height:auto\" srcset=\"https:\/\/carleton.ca\/eetn\/wp-content\/uploads\/sites\/44\/2025\/02\/image-1024x1024.png 1024w, https:\/\/carleton.ca\/eetn\/wp-content\/uploads\/sites\/44\/2025\/02\/image-512x512.png 512w, https:\/\/carleton.ca\/eetn\/wp-content\/uploads\/sites\/44\/2025\/02\/image-320x320.png 320w, https:\/\/carleton.ca\/eetn\/wp-content\/uploads\/sites\/44\/2025\/02\/image-768x768.png 768w, https:\/\/carleton.ca\/eetn\/wp-content\/uploads\/sites\/44\/2025\/02\/image-600x600.png 600w, https:\/\/carleton.ca\/eetn\/wp-content\/uploads\/sites\/44\/2025\/02\/image-200x200.png 200w, https:\/\/carleton.ca\/eetn\/wp-content\/uploads\/sites\/44\/2025\/02\/image-300x300.png 300w, https:\/\/carleton.ca\/eetn\/wp-content\/uploads\/sites\/44\/2025\/02\/image-400x400.png 400w, https:\/\/carleton.ca\/eetn\/wp-content\/uploads\/sites\/44\/2025\/02\/image.png 1200w\" sizes=\"auto, (max-width: 1024px) 100vw, 1024px\" \/><figcaption class=\"wp-element-caption\">Membre de l&#8217;OTAN 2025 (Cr\u00e9dits: <a href=\"https:\/\/learnertrip.com\/culture\/nato-countries\/#map\">Learner Trip<\/a>)<\/figcaption><\/figure>\n\n\n\n<p>L\u2019organisation du Trait\u00e9 de l\u2019Atlantique Nord (OTAN) a reconnu que la Russie constitue la menace la plus importante \u00e0 la paix et \u00e0 la s\u00e9curit\u00e9, appelant Le REET \u00e0 se concentrer sur la recherche et les \u00e9v\u00e9nements relatifs \u00e0 l\u2019\u00e9volution de l\u2019OTAN dans ce contexte s\u00e9curitaire en mutation. La guerre men\u00e9e par la Russie en Ukraine red\u00e9finit le r\u00f4le de l\u2019OTAN en Europe. L\u2019Alliance renforce ses capacit\u00e9s de dissuasion et de d\u00e9fense et accro\u00eet sa pr\u00e9sence militaire en Europe de l\u2019Est. Les sc\u00e9narios d\u2019apr\u00e8s-guerre concernant l\u2019Ukraine, l\u2019Union europ\u00e9enne (UE) et l\u2019OTAN seront au c\u0153ur des recherches de Le REET. Celles-ci incluront \u00e9galement le r\u00f4le du Canada en tant que puissance moyenne, les perceptions de l\u2019adh\u00e9sion \u00e0 l\u2019OTAN et les points de vue des \u00c9tats baltes sur la Russie, compar\u00e9s \u00e0 ceux de l\u2019Ukraine et de la G\u00e9orgie.<\/p>\n\n\n\n<h4 id=\"la-politique-de-defense-de-lue\" class=\"wp-block-heading\"><strong>La politique de d\u00e9fense de l\u2019UE&nbsp;:&nbsp;<\/strong><\/h4>\n\n\n\n<p>L\u2019UE a pris diverses mesures pour accro\u00eetre sa capacit\u00e9 \u00e0 agir de mani\u00e8re ind\u00e9pendante, notamment en d\u00e9veloppant sa politique de s\u00e9curit\u00e9 et de d\u00e9fense commune (PSDC). Depuis le d\u00e9but de la guerre men\u00e9e par la Russie en Ukraine, la plupart des pays de l\u2019UE ont augment\u00e9 leurs d\u00e9penses militaires. De plus, l\u2019UE a renforc\u00e9 sa coop\u00e9ration avec des \u00c9tats tiers, dont le Canada.&nbsp;LE REET se concentrera sur la fa\u00e7on dont les r\u00f4les du Canada et l\u2019OTAN changeront avec une politique de d\u00e9fense de l\u2019UE ind\u00e9pendante.&nbsp;<\/p>\n\n\n\n<figure class=\"wp-block-image alignleft size-full is-resized\"><img loading=\"lazy\" decoding=\"async\" width=\"1000\" height=\"743\" src=\"https:\/\/carleton.ca\/eetn\/wp-content\/uploads\/sites\/44\/2025\/02\/statistic_id1395834_eu-military-defense_-defense-expenditure-2005-2022-by-member-states.png\" alt=\"\" class=\"wp-image-541\" style=\"width:653px;height:auto\" srcset=\"https:\/\/carleton.ca\/eetn\/wp-content\/uploads\/sites\/44\/2025\/02\/statistic_id1395834_eu-military-defense_-defense-expenditure-2005-2022-by-member-states.png 1000w, https:\/\/carleton.ca\/eetn\/wp-content\/uploads\/sites\/44\/2025\/02\/statistic_id1395834_eu-military-defense_-defense-expenditure-2005-2022-by-member-states-512x380.png 512w, https:\/\/carleton.ca\/eetn\/wp-content\/uploads\/sites\/44\/2025\/02\/statistic_id1395834_eu-military-defense_-defense-expenditure-2005-2022-by-member-states-320x238.png 320w, https:\/\/carleton.ca\/eetn\/wp-content\/uploads\/sites\/44\/2025\/02\/statistic_id1395834_eu-military-defense_-defense-expenditure-2005-2022-by-member-states-768x571.png 768w\" sizes=\"auto, (max-width: 1000px) 100vw, 1000px\" \/><\/figure>\n\n\n\n<h4 id=\"la-securite-digitale\" class=\"wp-block-heading\"><strong>La s\u00e9curit\u00e9 digitale :&nbsp;<\/strong><\/h4>\n\n\n\n<p>La Russie exploite l\u2019environnement des m\u00e9dias et de l\u2019information dans les \u00c9tats baltes et en Europe de l\u2019Est afin d\u2019affaiblir le soutien \u00e0 l\u2019OTAN et \u00e0 l\u2019Ukraine, de saper les institutions d\u00e9mocratiques et de poursuivre ses int\u00e9r\u00eats en mati\u00e8re de puissance douce dans la r\u00e9gion. La recherche portera notamment sur les implications de la d\u00e9sinformation en mati\u00e8re de s\u00e9curit\u00e9, y compris la mani\u00e8re dont la Russie et la Chine emploient l\u2019intelligence artificielle afin de rivaliser pour l\u2019influence r\u00e9gionale. En outre, nous explorerons comment l\u2019utilisation de l\u2019intelligence artificielle utilis\u00e9e dans des actes nationaux et transnationaux a un impact sur l\u2019engagement canadien et celui de l\u2019OTAN.<\/p>\n\n\n\n<figure class=\"wp-block-image size-full is-resized\"><img loading=\"lazy\" decoding=\"async\" width=\"468\" height=\"311\" src=\"https:\/\/carleton.ca\/eetn\/wp-content\/uploads\/sites\/44\/2025\/04\/Picture1.jpg\" alt=\"\" class=\"wp-image-1172\" style=\"width:1024px;height:auto\" srcset=\"https:\/\/carleton.ca\/eetn\/wp-content\/uploads\/sites\/44\/2025\/04\/Picture1.jpg 468w, https:\/\/carleton.ca\/eetn\/wp-content\/uploads\/sites\/44\/2025\/04\/Picture1-320x213.jpg 320w, https:\/\/carleton.ca\/eetn\/wp-content\/uploads\/sites\/44\/2025\/04\/Picture1-300x200.jpg 300w\" sizes=\"auto, (max-width: 468px) 100vw, 468px\" \/><\/figure>\n\n\n\n<h2 id=\"larchitecture-de-securite-eurasienne\" class=\"wp-block-heading\"><strong>L\u2019architecture de s\u00e9curit\u00e9 eurasienne<\/strong><\/h2>\n\n\n\n<h4 id=\"les-roles-regionaux-de-lotan-dans-le-caucase-sud\" class=\"wp-block-heading\"><strong>Les r\u00f4les r\u00e9gionaux de l\u2019OTAN dans le Caucase Sud&nbsp;<\/strong>: <\/h4>\n\n\n\n<p>L\u2019instabilit\u00e9 dans les \u00c9tats du Caucase du Sud, tels que la G\u00e9orgie et l\u2019Arm\u00e9nie, due \u00e0 l\u2019intervention&nbsp;russe, pourrait avoir des cons\u00e9quences majeures sur la s\u00e9curit\u00e9 mondiale. Situ\u00e9e \u00e0 des points d\u2019entr\u00e9e g\u00e9ostrat\u00e9giques de la Russie et&nbsp;de la Chine, l\u2019OTAN a r\u00e9cemment augment\u00e9 ses activit\u00e9s dans la r\u00e9gion pour contrebalancer l\u2019influence russe. La recherche se concentrera sur une \u00e9valuation des conditions politiques r\u00e9gionales, des implications possibles en mati\u00e8re de d\u00e9fense et des opportunit\u00e9s de coop\u00e9ration en s\u00e9curit\u00e9 entre&nbsp;le Canada&nbsp;et les acteurs r\u00e9gionaux.<\/p>\n\n\n\n<h4 id=\"migration-changement-climatique-destabilisation-et-terrorisme\" class=\"wp-block-heading\"><strong>Migration, changement climatique, d\u00e9stabilisation et terrorisme&nbsp;:&nbsp;<\/strong><\/h4>\n\n\n\n<p>L\u2019\u00e9migration des jeunes de l\u2019Asie centrale et d\u2019autres parties du Caucase eurasien vers d\u2019autres parties du monde a des impacts importants sur les pays&nbsp;d\u2019origine&nbsp;des migrants. En m\u00eame temps, des centaines de milliers de Russes occupent ces pays afin d\u2019\u00e9viter l\u2019environnement de guerre en Russie. La recherche portera sur l\u2019impact des migrants&nbsp;de guerre russes sur les populations r\u00e9gionales et sur l\u2019instrumentalisation des migrants par la Russie, provenant du&nbsp;Y\u00e9men, de&nbsp;la&nbsp;Syrie et d\u2019autres pays. Elle portera \u00e9galement sur les relations globales entre la migration, l\u2019extr\u00e9misme et le terrorisme.<\/p>\n\n\n\n<h4 id=\"la-securite-de-linformation-desinformation-et-lintelligence-artificielle\" class=\"wp-block-heading\"><strong>La s\u00e9curit\u00e9 de l\u2019information, d\u00e9sinformation et l\u2019intelligence artificielle&nbsp;:&nbsp;<\/strong><\/h4>\n\n\n\n<p>La Russie exploite les m\u00e9dias et l\u2019environnement informationnel dans le Caucase du Sud et l\u2019Asie centrale, ainsi que dans l\u2019Europe de l\u2019Est et les pays baltes.&nbsp;De larges&nbsp;populations&nbsp;russophones&nbsp;provenant d\u2019Asie centrale&nbsp;facilitent&nbsp;l\u2019influence&nbsp;russe, tandis que la nostalgie de l\u2019Union sovi\u00e9tique dans le Caucase du Sud favorise la d\u00e9sinformation \u00e0 grande \u00e9chelle. La Russie utilise l\u2019intelligence artificielle pour cr\u00e9er et diffuser la d\u00e9sinformation dans le&nbsp;Sud global,&nbsp;s\u00e9curisant les peuples minoritaires et punissant les dissidents. LE REET examinera&nbsp;les moyens et l\u2019efficacit\u00e9&nbsp;de l\u2019influence russe dans les m\u00e9dias des pays voisins. La recherche portera \u00e9galement sur les r\u00e9percussions de la concurrence&nbsp;russo-chinoise&nbsp;en mati\u00e8re d\u2019intelligence artificielle sur la propagation de l\u2019autocratie&nbsp;en Eurasie.<\/p>\n\n\n\n<figure class=\"wp-block-image alignright size-medium is-resized\"><img loading=\"lazy\" decoding=\"async\" width=\"512\" height=\"341\" src=\"https:\/\/carleton.ca\/eetn\/wp-content\/uploads\/sites\/44\/2025\/04\/Picture1-512x341.png\" alt=\"\" class=\"wp-image-1174\" style=\"width:577px;height:auto\" srcset=\"https:\/\/carleton.ca\/eetn\/wp-content\/uploads\/sites\/44\/2025\/04\/Picture1-512x341.png 512w, https:\/\/carleton.ca\/eetn\/wp-content\/uploads\/sites\/44\/2025\/04\/Picture1-320x213.png 320w, https:\/\/carleton.ca\/eetn\/wp-content\/uploads\/sites\/44\/2025\/04\/Picture1-768x512.png 768w, https:\/\/carleton.ca\/eetn\/wp-content\/uploads\/sites\/44\/2025\/04\/Picture1-600x400.png 600w, https:\/\/carleton.ca\/eetn\/wp-content\/uploads\/sites\/44\/2025\/04\/Picture1-300x200.png 300w, https:\/\/carleton.ca\/eetn\/wp-content\/uploads\/sites\/44\/2025\/04\/Picture1.png 906w\" sizes=\"auto, (max-width: 512px) 100vw, 512px\" \/><\/figure>\n\n\n\n<h2 id=\"securite-de-larctique\" class=\"wp-block-heading\"><strong>S\u00e9curit\u00e9 de l\u2019Arctique<\/strong><\/h2>\n\n\n\n<h4 id=\"canada-et-europe-du-nord\" class=\"wp-block-heading\"><strong>Canada et Europe du Nord&nbsp;:&nbsp;<\/strong><\/h4>\n\n\n\n<p>L\u2019invasion russe de l\u2019Ukraine et l\u2019entr\u00e9e subs\u00e9quente de la Finlande et de la Su\u00e8de dans l\u2019OTAN ont fondamentalement chang\u00e9 les politiques et la&nbsp;s\u00e9curit\u00e9&nbsp;dans l\u2019Europe du Nord. Les&nbsp;\u00c9tats&nbsp;baltes et&nbsp;arctiques&nbsp;sont d\u00e9sormais des contributeurs cl\u00e9s \u00e0 la s\u00e9curit\u00e9 europ\u00e9enne. La recherche examinera comment le recentrage de la&nbsp;s\u00e9curit\u00e9&nbsp;dans l\u2019Arctique impactera la collaboration&nbsp;canadienne&nbsp;avec les partenaires de l\u2019Alliance dans la surveillance et le suivi r\u00e9gionaux. Ceci inclura les mani\u00e8res dont le changement climatique modifie les consid\u00e9rations&nbsp;\u00e9conomiques&nbsp;et militaires.<\/p>\n\n\n\n<h4 id=\"la-chine-et-le-sud-global\" class=\"wp-block-heading\"><strong>La Chine et le Sud global&nbsp;:&nbsp;<\/strong><\/h4>\n\n\n\n<p>Les sanctions occidentales impos\u00e9es en 2014 ont men\u00e9 la Russie \u00e0 cultiver la Chine en tant que partenaire strat\u00e9gique.&nbsp;La Chine&nbsp;est d\u00e9sormais le plus grand acteur \u00e9tranger pour l\u2019Arctique russe, avec des pr\u00e9tentions plus larges. L\u2019invasion \u00e0 grande \u00e9chelle de l\u2019Ukraine en 2022 a pouss\u00e9&nbsp;la Chine&nbsp;\u00e0 r\u00e9viser son \u00e9valuation du risque de partenariat avec la Russie \u00e0 la lumi\u00e8re de l\u2019exposition&nbsp;potentielle&nbsp;aux sanctions occidentales, alors m\u00eame que la collaboration&nbsp;russo-chinoise s\u2019approfondit&nbsp;dans d\u2019autres secteurs. Le REET examinera l\u2019\u00e9volution des partenariats internationaux de la Russie dans l\u2019Arctique, qui cherche \u00e0 ouvrir l\u2019Arctique \u00e0 l\u2019Inde et \u00e0 d\u2019autres&nbsp;\u00c9tats&nbsp;dans le Sud global afin d\u2019exploiter ces&nbsp;liens&nbsp;contre les puissances&nbsp;occidentales, et potentiellement&nbsp;la Chine, dans l\u2019Arctique.<\/p>\n\n\n\n<h4 id=\"le-changement-climatique-et-les-acteurs-tiers\" class=\"wp-block-heading\"><strong>Le changement climatique et les acteurs tiers&nbsp;:<\/strong><\/h4>\n\n\n\n<p>Comme l\u2019indique la politique de la d\u00e9fense du Canada,&nbsp;\u00ab <em class=\"myprefix-text-italic\">Notre Nord, fort et libre<\/em>, \u00bb&nbsp;le changement climatique rend l\u2019Arctique plus accessible \u00e0 une vari\u00e9t\u00e9&nbsp;d\u2019acteurs&nbsp;non arctiques qui cherchent \u00e0 exploiter des ressources nouvellement accessibles, ainsi que des opportunit\u00e9s de commerce et&nbsp;de&nbsp;d\u00e9veloppement. L\u2019augmentation&nbsp;de l\u2019isolement globale&nbsp;de la Russie, y compris dans le&nbsp;Conseil&nbsp;de l\u2019Arctique,&nbsp;contribue&nbsp;indirectement \u00e0 la croissance d\u2019acteurs tiers tandis qu\u2019elle tente d\u2019attirer&nbsp;de&nbsp;nouveaux acteurs dans la r\u00e9gion. LE REET&nbsp;concentrera ses recherches sur la mani\u00e8re dont les enjeux croissants dans l\u2019Arctique impacteront la&nbsp;s\u00e9curit\u00e9&nbsp;des&nbsp;\u00c9tats arctiques, incluant les moyens de&nbsp;subsistance&nbsp;des communaut\u00e9s autochtones dans le Nord. En outre, Le REET se&nbsp;concentrera&nbsp;sur la&nbsp;fa\u00e7on&nbsp;dont le Canada et ses alli\u00e9s de l\u2019OTAN peuvent mener des efforts pour identifier et d\u00e9fendre contres des menaces&nbsp;potentielles&nbsp;\u00e9mergentes&nbsp;dans l\u2019environnement&nbsp;arctique&nbsp;en fluctuation.&nbsp;<strong>&nbsp;<\/strong><\/p>\n\n\n\n<h2 id=\"atteindre-nos-objectifs\" class=\"wp-block-heading\">Atteindre nos objectifs<\/h2>\n\n\n\n<p>L&#8217;approche de recherche envisag\u00e9es par le REET s&#8217;inscrit dans la vision de la politique de la d\u00e9fense du Canada, \u00ab <em class=\"myprefix-text-italic\">Protection, S\u00e8curit\u00e9, Engagement<\/em> \u00bb&nbsp;&#8211; c&#8217;est-\u00e0-dire une d\u00e9fense forte au pays, une s\u00e9curit\u00e9 partag\u00e9e en Am\u00e9rique du Nord, et un engagement actif \u00e0 l&#8217;international &#8211; ainsi que dans la mise \u00e0 jour r\u00e8cemment publi\u00e9e, \u00ab <em class=\"myprefix-text-italic\">Notre Nord, fort et libre <\/em>\u00bb. En mettant l&#8217;accent sur les implications r\u00e9gionales et mondiales du conflit russo-ukrainien pour la s\u00e9curit\u00e9 de l&#8217;Europe, de l&#8217;Eurasie et l&#8217;Arctique, le REET souscrit \u00e0 l&#8217;id\u00e9e que les int\u00e9r\u00eats strat\u00e9giques du Canada sont \u00e9troitement li\u00e9s \u00e0 la stabilit\u00e9 mondiale, la primaut\u00e9 de l&#8217;ordre international fond\u00e9 sur les r\u00e8gles, ainsi qu&#8217;au principe de la d\u00e9fense collective.<\/p>\n\n\n\n<figure class=\"wp-block-image alignleft size-large is-resized\"><img loading=\"lazy\" decoding=\"async\" width=\"1024\" height=\"1024\" src=\"https:\/\/carleton.ca\/eetn\/wp-content\/uploads\/sites\/44\/2025\/04\/EETN-logo-Transparent-Logo-1024x1024.png\" alt=\"\" class=\"wp-image-967\" style=\"width:356px;height:auto\" srcset=\"https:\/\/carleton.ca\/eetn\/wp-content\/uploads\/sites\/44\/2025\/04\/EETN-logo-Transparent-Logo-1024x1024.png 1024w, https:\/\/carleton.ca\/eetn\/wp-content\/uploads\/sites\/44\/2025\/04\/EETN-logo-Transparent-Logo-512x512.png 512w, https:\/\/carleton.ca\/eetn\/wp-content\/uploads\/sites\/44\/2025\/04\/EETN-logo-Transparent-Logo-320x320.png 320w, https:\/\/carleton.ca\/eetn\/wp-content\/uploads\/sites\/44\/2025\/04\/EETN-logo-Transparent-Logo-768x768.png 768w, https:\/\/carleton.ca\/eetn\/wp-content\/uploads\/sites\/44\/2025\/04\/EETN-logo-Transparent-Logo-1536x1536.png 1536w, https:\/\/carleton.ca\/eetn\/wp-content\/uploads\/sites\/44\/2025\/04\/EETN-logo-Transparent-Logo-600x600.png 600w, https:\/\/carleton.ca\/eetn\/wp-content\/uploads\/sites\/44\/2025\/04\/EETN-logo-Transparent-Logo-200x200.png 200w, https:\/\/carleton.ca\/eetn\/wp-content\/uploads\/sites\/44\/2025\/04\/EETN-logo-Transparent-Logo.png 1758w\" sizes=\"auto, (max-width: 1024px) 100vw, 1024px\" \/><\/figure>\n\n\n\n<h4 id=\"protection\" class=\"wp-block-heading\">Protection<\/h4>\n\n\n\n<p>LE REET soutiendra l&#8217;objectif \u00ab la protection du Canada \u00bb en impliquant&nbsp;<a href=\"https:\/\/carleton.ca\/eetn\/contact\/\">le public canadien<\/a>&nbsp;&#8211; groupes&nbsp;diasporiques&nbsp;d\u00e9j\u00e0 profond\u00e9ment engag\u00e9s dans les questions&nbsp;r\u00e9gionales&nbsp;jusqu\u2019aux citoyens&nbsp;ordinaires &#8211; afin qu\u2019ils puissent acqu\u00e9rir une meilleure compr\u00e9hension des complexit\u00e9s r\u00e9gionales et des domaines dans lesquels le Canada ou les&nbsp;Canadiens&nbsp;peuvent contribuer \u00e0 la paix, \u00e0 la stabilit\u00e9, \u00e0 la libert\u00e9 et \u00e0 la prosp\u00e9rit\u00e9.<\/p>\n\n\n\n<h4 id=\"securite\" class=\"wp-block-heading\">S\u00e9curit\u00e9<\/h4>\n\n\n\n<p>Le concept de \u00ab&nbsp;s\u00e9curit\u00e9 en Am\u00e9rique du Nord&nbsp;\u00bb est actuellement mis \u00e0 l\u2019\u00e9preuve par l\u2019\u00e9volution de la situation en Europe de l\u2019Est. Le Canada et ses alli\u00e9s de l\u2019OTAN s\u2019inqui\u00e8tent de plus en plus des efforts de la Russie pour s\u00e9curiser l\u2019Arctique \u2013 un processus qui s\u2019est intensifi\u00e9 depuis le d\u00e9clenchement de la guerre totale en Ukraine. L\u2019adh\u00e9sion r\u00e9cente de la Finlande et de la Su\u00e8de \u00e0 l\u2019OTAN modifie l\u2019\u00e9quilibre strat\u00e9gique dans la r\u00e9gion, offrant de nouvelles opportunit\u00e9s d\u2019engagement pour des acteurs \u00e9mergents dans la s\u00e9curit\u00e9 arctique. La recherche analysera les effets de ce recentrage s\u00e9curitaire sur la coop\u00e9ration canadienne avec les partenaires de l\u2019Alliance en mati\u00e8re de surveillance et de suivi r\u00e9gionaux. Elle tiendra \u00e9galement compte de l\u2019influence croissante du changement climatique sur les dimensions \u00e9conomiques et militaires de la r\u00e9gion.<\/p>\n\n\n\n<h4 id=\"engagement\" class=\"wp-block-heading\">Engagement<\/h4>\n\n\n\n<p>Afin d\u2019atteindre le but du Canada&nbsp;de promouvoir&nbsp;\u00ab l\u2019engagement dans le monde, \u00bb&nbsp;le REET d\u00e9veloppera des relations avec des&nbsp;<a href=\"https:\/\/carleton.ca\/eetn\/network-members\/\">partenaires r\u00e9gionaux<\/a>&nbsp;pour produire des recherches avec une contribution locale approfondie et reliera les r\u00e9sultats aux d\u00e9cideurs et analystes canadiens au sein du MDN\/CAF par le biais de plateformes collaboratives. En mettant l&#8217;accent sur le r\u00f4le que peut jouer le Canada dans la d\u00e9fense europ\u00e9enne, y compris sa collaboration avec d&#8217;autres membres de l&#8217;OTAN, le r\u00e9seau aidera les d\u00e9cideurs politiques du Canada \u00e0 prendre des d\u00e9cisions \u00e9clair\u00e9es lorsqu&#8217;ils sont confront\u00e9s \u00e0 des probl\u00e8mes de s\u00e9curit\u00e9 mondiale.<\/p>\n","protected":false},"excerpt":{"rendered":"<p>S\u00e9curit\u00e9 europ\u00e9enne Le r\u00f4le de l\u2019OTAN dans la s\u00e9curit\u00e9 europ\u00e9enne&nbsp;: L\u2019organisation du Trait\u00e9 de l\u2019Atlantique Nord (OTAN) a reconnu que la Russie constitue la menace la plus importante \u00e0 la paix et \u00e0 la s\u00e9curit\u00e9, appelant Le REET \u00e0 se concentrer sur la recherche et les \u00e9v\u00e9nements relatifs \u00e0 l\u2019\u00e9volution de l\u2019OTAN dans ce contexte [&hellip;]<\/p>\n","protected":false},"author":127,"featured_media":231,"parent":0,"menu_order":0,"comment_status":"closed","ping_status":"closed","template":"","meta":{"_acf_changed":false,"_cu_dining_location_slug":"","footnotes":"","_links_to":"","_links_to_target":""},"cu_page_type":[14],"class_list":["post-37","page","type-page","status-publish","has-post-thumbnail","hentry","cu_page_type-general"],"acf":{"cu_post_thumbnail":""},"_links":{"self":[{"href":"https:\/\/carleton.ca\/eetn\/wp-json\/wp\/v2\/pages\/37","targetHints":{"allow":["GET"]}}],"collection":[{"href":"https:\/\/carleton.ca\/eetn\/wp-json\/wp\/v2\/pages"}],"about":[{"href":"https:\/\/carleton.ca\/eetn\/wp-json\/wp\/v2\/types\/page"}],"author":[{"embeddable":true,"href":"https:\/\/carleton.ca\/eetn\/wp-json\/wp\/v2\/users\/127"}],"replies":[{"embeddable":true,"href":"https:\/\/carleton.ca\/eetn\/wp-json\/wp\/v2\/comments?post=37"}],"version-history":[{"count":4,"href":"https:\/\/carleton.ca\/eetn\/wp-json\/wp\/v2\/pages\/37\/revisions"}],"predecessor-version":[{"id":1207,"href":"https:\/\/carleton.ca\/eetn\/wp-json\/wp\/v2\/pages\/37\/revisions\/1207"}],"wp:featuredmedia":[{"embeddable":true,"href":"https:\/\/carleton.ca\/eetn\/wp-json\/wp\/v2\/media\/231"}],"wp:attachment":[{"href":"https:\/\/carleton.ca\/eetn\/wp-json\/wp\/v2\/media?parent=37"}],"wp:term":[{"taxonomy":"cu_page_type","embeddable":true,"href":"https:\/\/carleton.ca\/eetn\/wp-json\/wp\/v2\/cu_page_type?post=37"}],"curies":[{"name":"wp","href":"https:\/\/api.w.org\/{rel}","templated":true}]}}