{"id":264,"date":"2016-09-12T09:32:24","date_gmt":"2016-09-12T13:32:24","guid":{"rendered":"http:\/\/carleton.ca\/eotf\/?page_id=264"},"modified":"2016-10-07T14:46:40","modified_gmt":"2016-10-07T18:46:40","slug":"college-la-cite","status":"publish","type":"page","link":"https:\/\/carleton.ca\/eotf\/college-la-cite\/","title":{"rendered":"Coll\u00e8ge La Cit\u00e9"},"content":{"rendered":"<h4 align=\"center\">Le coll\u00e8ge d&#8217;arts appliqu\u00e9s et de technologie.<\/h4>\n<div align=\"center\"><font size=\"3\">801 Aviation Pkwy<\/font><\/div>\n<div align=\"center\"><font size=\"3\">Ottawa, ON K1K 4R3<\/font><\/div>\n<div align=\"center\"><font size=\"3\">(613) 742-2483<\/font><\/div>\n<div align=\"center\"><font size=\"3\"><a href=\"http:\/\/www.collegelacite.ca\" target=\"_blank\">http:\/\/www.collegelacite.ca<\/a><\/font><\/div>\n<\/p>\n<p>La Cit\u00e9 coll\u00e9giale is the largest French-language college in Ontario. Created in 1989, in Ottawa it offers more than 90 programs to some 5000 full-time students from Ontario, other parts of Canada and foreign countries.<\/p>\n<div id=\"attachment_297\" class=\"wp-caption aligncenter\" style=\"width: 725px\"><img decoding=\"async\" loading=\"lazy\" src=\"http:\/\/carleton.ca\/eotf\/wp-content\/uploads\/cite_scene_725w.jpg\" alt=\"La Cit\u00e9 coll\u00e9giale in Ottawa, Ontario\" width=\"725\" height=\"200\" class=\"size-full wp-image-297\" srcset=\"https:\/\/carleton.ca\/eotf\/wp-content\/uploads\/cite_scene_725w.jpg 725w, https:\/\/carleton.ca\/eotf\/wp-content\/uploads\/cite_scene_725w-160x44.jpg 160w, https:\/\/carleton.ca\/eotf\/wp-content\/uploads\/cite_scene_725w-240x66.jpg 240w, https:\/\/carleton.ca\/eotf\/wp-content\/uploads\/cite_scene_725w-400x110.jpg 400w, https:\/\/carleton.ca\/eotf\/wp-content\/uploads\/cite_scene_725w-360x99.jpg 360w\" sizes=\"(max-width: 725px) 100vw, 725px\" \/><p class=\"wp-caption-text\">La Cit\u00e9 coll\u00e9giale in Ottawa, Ontario<\/p><\/div>\n<hr>\n<\/p>\n<p><strong><u>Les stages coop\u00e9ratifs<\/u><\/strong><\/p>\n<p>Les stages coop\u00e9ratifs sont des stages de travail r\u00e9mun\u00e9r\u00e9s qui se rattachent directement au domaine d\u2019\u00e9tude de l\u2019\u00e9tudiant. La majorit\u00e9 des stages coop\u00e9ratifs sont d\u2019une dur\u00e9e de 15 semaines et se font entre les sessions d\u2019\u00e9tudes, ce qui permet \u00e0 l\u2019\u00e9tudiant de mettre en application, dans un milieu de travail, les notions th\u00e9oriques apprises en classe. Ce partenariat r\u00e9unissant le Coll\u00e8ge, l\u2019\u00e9tudiant et l\u2019employeur implique aussi un engagement \u00e9ducatif de la part de l\u2019employeur.<\/p>\n<p><a href=\"http:\/\/crc.collegelacite.ca\/service-de-placement-emploi-stage-cooperatif\/?utm_campaign=rev5159&#038;utm_medium=menu&#038;utm_source=internal\" target=\"_blank\">Cliquez ici<\/a> pour obtenir plus d\u2019information.<\/p>\n<hr>\n<\/p>\n<p>D\u00e9couvrez les avantages de suivre un cours de perfectionnement professionnel.<\/p>\n<p>Des modes livraison et horaires flexibles.<\/p>\n<p>Des concepts et des techniques applicables \u00e0 l\u2019emploi.<\/p>\n<p>Des ressources accessibles en tout temps.<\/p>\n<p>Nos cours et programmes de perfectionnement professionnel menant \u00e0 une attestation, un certificat, un dipl\u00f4me ou un postdipl\u00f4me sont con\u00e7us pour optimiser votre temps et vous permettre d\u2019\u00eatre efficace dans vos \u00e9tudes. Vous d\u00e9velopperez et am\u00e9liorez vos comp\u00e9tences, en apprenant des concepts et techniques directement applicables au march\u00e9 du travail, ce qui maximise votre employabilit\u00e9 et votre potentiel de gains.<\/p>\n<p><strong><u>Nos programmes<\/u><\/strong><\/p>\n<p>Plus de 30 programmes dans divers domaines d&#8217;activit\u00e9.<\/p>\n<p><a href=\"http:\/\/www.collegelacite.ca\/formationcontinue.htm\" target=\"_blank\">Cliquez ici<\/a> pour obtenir plus d\u2019information.<\/p>\n<table width=\"100%\" border=\"0\" cellspacing=\"1\" cellpadding=\"1\">\n<tr>\n<td><strong>Administration<\/strong><\/td>\n<\/tr>\n<tr>\n<td>Adjoint administratif<\/td>\n<\/tr>\n<tr>\n<td>Administration des affaires \u2013 gestion<\/td>\n<\/tr>\n<tr>\n<td>Commis de bureau<\/td>\n<\/tr>\n<tr>\n<td>Commis de bureau &#8211; milieu de sant\u00e9<\/td>\n<\/tr>\n<tr>\n<td>Comptabilit\u00e9<\/td>\n<\/tr>\n<tr>\n<td>Entreprenariat virtuel<\/td>\n<\/tr>\n<tr>\n<td>Gestion d&#8217;\u00e9v\u00e9nements<\/td>\n<\/tr>\n<tr>\n<td>Gestion d&#8217;immeuble &#8211; certification BOMI<\/td>\n<\/tr>\n<tr>\n<td>Gestion de projets<\/td>\n<\/tr>\n<tr>\n<td>Gestion des ressources humaines<\/td>\n<\/tr>\n<tr>\n<td>Supervision<\/td>\n<\/tr>\n<tr>\n<td>Vente et repr\u00e9sentation<\/td>\n<\/tr>\n<tr>\n<td><strong>Formation linguistique<\/strong><\/td>\n<\/tr>\n<tr>\n<td>Perfectionnement en langue fran\u00e7aise<\/td>\n<\/tr>\n<tr>\n<td>Services paralangagiers<\/td>\n<\/tr>\n<tr>\n<td><strong>H\u00f4tellerie<\/strong><\/td>\n<\/tr>\n<tr>\n<td>Sommelier<\/td>\n<\/tr>\n<tr>\n<td><strong>Informatique<\/strong><\/td>\n<\/tr>\n<tr>\n<td>Programmation Web<\/td>\n<\/tr>\n<tr>\n<td><strong>M\u00e9dias<\/strong><\/td>\n<\/tr>\n<tr>\n<td>Communication marketing d&#8217;une entreprise<\/td>\n<\/tr>\n<tr>\n<td>M\u00e9dias sociaux<\/td>\n<\/tr>\n<tr>\n<td>Relations publiques<\/td>\n<\/tr>\n<tr>\n<td><strong>Sciences de la sant\u00e9<\/strong><\/td>\n<\/tr>\n<tr>\n<td>Aide en alimentation<\/td>\n<\/tr>\n<tr>\n<td>Commis de bureau &#8211; milieu de sant\u00e9<\/td>\n<\/tr>\n<tr>\n<td>Gestion des services de sant\u00e9 et services communautaires<\/td>\n<\/tr>\n<tr>\n<td>Pr\u00e9pos\u00e9 aux services de soutien personnel<\/td>\n<\/tr>\n<tr>\n<td>Soins sp\u00e9cialis\u00e9s<\/td>\n<\/tr>\n<tr>\n<td>St\u00e9rilisation d&#8217;instruments m\u00e9dicaux<\/p>\n<tr>\n<td><strong>Sciences humaines<\/strong><\/td>\n<\/tr>\n<tr>\n<td>Autisme et sciences du comportement<\/td>\n<\/tr>\n<tr>\n<td>\u00c9ducation en services \u00e0 l&#8217;enfance<\/td>\n<\/tr>\n<tr>\n<td>Pratiques contemporaines en \u00e9ducation des adultes<\/td>\n<\/tr>\n<tr>\n<td>Pr\u00e9pos\u00e9 aux services de soutien personnel<\/td>\n<\/tr>\n<tr>\n<td>Sant\u00e9 mentale et toxicomanie<\/td>\n<\/tr>\n<\/table>\n<p><strong>Nos cours:<\/strong><\/p>\n<p>Plus de 200 cours de d\u00e9veloppement professionnel dans divers domaines d&#8217;activit\u00e9<\/p>\n<p><a href=\"http:\/\/www.collegelacite.ca\/formationcontinue\/cours.htm\" target=\"_blank\">Cliquez ici<\/a> pour obtenir plus d\u2019information.<\/p>\n","protected":false},"excerpt":{"rendered":"<p>Le coll\u00e8ge d&#8217;arts appliqu\u00e9s et de technologie. 801 Aviation Pkwy Ottawa, ON K1K 4R3 (613) 742-2483 http:\/\/www.collegelacite.ca La Cit\u00e9 coll\u00e9giale is the largest French-language college in Ontario. Created in 1989, in Ottawa it offers more than 90 programs to some 5000 full-time students from Ontario, other parts of Canada and foreign countries. Les stages coop\u00e9ratifs [&hellip;]<\/p>\n","protected":false},"author":4,"featured_media":0,"parent":0,"menu_order":0,"comment_status":"closed","ping_status":"closed","template":"","meta":{"_relevanssi_hide_post":"","_relevanssi_hide_content":"","_relevanssi_pin_for_all":"","_relevanssi_pin_keywords":"","_relevanssi_unpin_keywords":"","_relevanssi_related_keywords":"","_relevanssi_related_include_ids":"","_relevanssi_related_exclude_ids":"","_relevanssi_related_no_append":"","_relevanssi_related_not_related":"","_relevanssi_related_posts":"","_relevanssi_noindex_reason":"","_mi_skip_tracking":false,"_exactmetrics_sitenote_active":false,"_exactmetrics_sitenote_note":"","_exactmetrics_sitenote_category":0,"footnotes":"","_links_to":"","_links_to_target":""},"yoast_head":"<!-- This site is optimized with the Yoast SEO plugin v21.2 - https:\/\/yoast.com\/wordpress\/plugins\/seo\/ -->\n<title>Coll\u00e8ge La Cit\u00e9 - Eastern Ontario Task Force<\/title>\n<meta name=\"description\" content=\"Le coll\u00e8ge d&#039;arts appliqu\u00e9s et de technologie. 801 Aviation Pkwy Ottawa, ON K1K 4R3 (613) 742-2483 http:\/\/www.collegelacite.ca La Cit\u00e9 coll\u00e9giale is the\" \/>\n<meta name=\"robots\" content=\"index, follow, max-snippet:-1, max-image-preview:large, max-video-preview:-1\" \/>\n<link rel=\"canonical\" href=\"https:\/\/carleton.ca\/eotf\/college-la-cite\/\" \/>\n<meta name=\"twitter:label1\" content=\"Est. reading time\" \/>\n\t<meta name=\"twitter:data1\" content=\"2 minutes\" \/>\n<script type=\"application\/ld+json\" class=\"yoast-schema-graph\">{\"@context\":\"https:\/\/schema.org\",\"@graph\":[{\"@type\":\"WebPage\",\"@id\":\"https:\/\/carleton.ca\/eotf\/college-la-cite\/\",\"url\":\"https:\/\/carleton.ca\/eotf\/college-la-cite\/\",\"name\":\"Coll\u00e8ge La Cit\u00e9 - Eastern Ontario Task Force\",\"isPartOf\":{\"@id\":\"https:\/\/carleton.ca\/eotf\/#website\"},\"datePublished\":\"2016-09-12T13:32:24+00:00\",\"dateModified\":\"2016-10-07T18:46:40+00:00\",\"description\":\"Le coll\u00e8ge d'arts appliqu\u00e9s et de technologie. 801 Aviation Pkwy Ottawa, ON K1K 4R3 (613) 742-2483 http:\/\/www.collegelacite.ca La Cit\u00e9 coll\u00e9giale is the\",\"breadcrumb\":{\"@id\":\"https:\/\/carleton.ca\/eotf\/college-la-cite\/#breadcrumb\"},\"inLanguage\":\"en-US\",\"potentialAction\":[{\"@type\":\"ReadAction\",\"target\":[\"https:\/\/carleton.ca\/eotf\/college-la-cite\/\"]}]},{\"@type\":\"BreadcrumbList\",\"@id\":\"https:\/\/carleton.ca\/eotf\/college-la-cite\/#breadcrumb\",\"itemListElement\":[{\"@type\":\"ListItem\",\"position\":1,\"name\":\"Home\",\"item\":\"https:\/\/carleton.ca\/eotf\/\"},{\"@type\":\"ListItem\",\"position\":2,\"name\":\"Coll\u00e8ge La Cit\u00e9\"}]},{\"@type\":\"WebSite\",\"@id\":\"https:\/\/carleton.ca\/eotf\/#website\",\"url\":\"https:\/\/carleton.ca\/eotf\/\",\"name\":\"Eastern Ontario Task Force\",\"description\":\"Carleton University\",\"potentialAction\":[{\"@type\":\"SearchAction\",\"target\":{\"@type\":\"EntryPoint\",\"urlTemplate\":\"https:\/\/carleton.ca\/eotf\/?s={search_term_string}\"},\"query-input\":\"required name=search_term_string\"}],\"inLanguage\":\"en-US\"}]}<\/script>\n<!-- \/ Yoast SEO plugin. -->","yoast_head_json":{"title":"Coll\u00e8ge La Cit\u00e9 - Eastern Ontario Task Force","description":"Le coll\u00e8ge d'arts appliqu\u00e9s et de technologie. 801 Aviation Pkwy Ottawa, ON K1K 4R3 (613) 742-2483 http:\/\/www.collegelacite.ca La Cit\u00e9 coll\u00e9giale is the","robots":{"index":"index","follow":"follow","max-snippet":"max-snippet:-1","max-image-preview":"max-image-preview:large","max-video-preview":"max-video-preview:-1"},"canonical":"https:\/\/carleton.ca\/eotf\/college-la-cite\/","twitter_misc":{"Est. reading time":"2 minutes"},"schema":{"@context":"https:\/\/schema.org","@graph":[{"@type":"WebPage","@id":"https:\/\/carleton.ca\/eotf\/college-la-cite\/","url":"https:\/\/carleton.ca\/eotf\/college-la-cite\/","name":"Coll\u00e8ge La Cit\u00e9 - Eastern Ontario Task Force","isPartOf":{"@id":"https:\/\/carleton.ca\/eotf\/#website"},"datePublished":"2016-09-12T13:32:24+00:00","dateModified":"2016-10-07T18:46:40+00:00","description":"Le coll\u00e8ge d'arts appliqu\u00e9s et de technologie. 801 Aviation Pkwy Ottawa, ON K1K 4R3 (613) 742-2483 http:\/\/www.collegelacite.ca La Cit\u00e9 coll\u00e9giale is the","breadcrumb":{"@id":"https:\/\/carleton.ca\/eotf\/college-la-cite\/#breadcrumb"},"inLanguage":"en-US","potentialAction":[{"@type":"ReadAction","target":["https:\/\/carleton.ca\/eotf\/college-la-cite\/"]}]},{"@type":"BreadcrumbList","@id":"https:\/\/carleton.ca\/eotf\/college-la-cite\/#breadcrumb","itemListElement":[{"@type":"ListItem","position":1,"name":"Home","item":"https:\/\/carleton.ca\/eotf\/"},{"@type":"ListItem","position":2,"name":"Coll\u00e8ge La Cit\u00e9"}]},{"@type":"WebSite","@id":"https:\/\/carleton.ca\/eotf\/#website","url":"https:\/\/carleton.ca\/eotf\/","name":"Eastern Ontario Task Force","description":"Carleton University","potentialAction":[{"@type":"SearchAction","target":{"@type":"EntryPoint","urlTemplate":"https:\/\/carleton.ca\/eotf\/?s={search_term_string}"},"query-input":"required name=search_term_string"}],"inLanguage":"en-US"}]}},"acf":{"banner_image_type":"upload","banner_uploaded_image":{"ID":270,"id":270,"title":"cite_banner_1600w_2","filename":"cite_banner_1600w_2.jpg","filesize":119839,"url":"https:\/\/carleton.ca\/eotf\/wp-content\/uploads\/cite_banner_1600w_2.jpg","link":"https:\/\/carleton.ca\/eotf\/college-la-cite\/cite_banner_1600w_2\/","alt":"","author":"4","description":"","caption":"La Cit\u00e9 coll\u00e9giale in Ottawa, Ontario","name":"cite_banner_1600w_2","status":"inherit","uploaded_to":264,"date":"2016-09-12 12:46:40","modified":"2016-09-12 19:19:06","menu_order":0,"mime_type":"image\/jpeg","type":"image","subtype":"jpeg","icon":"https:\/\/carleton.ca\/eotf\/wp\/wp-includes\/images\/media\/default.png","width":1600,"height":700,"sizes":{"thumbnail":"https:\/\/carleton.ca\/eotf\/wp-content\/uploads\/cite_banner_1600w_2-160x70.jpg","thumbnail-width":160,"thumbnail-height":70,"medium":"https:\/\/carleton.ca\/eotf\/wp-content\/uploads\/cite_banner_1600w_2-240x105.jpg","medium-width":240,"medium-height":105,"medium_large":"https:\/\/carleton.ca\/eotf\/wp-content\/uploads\/cite_banner_1600w_2-768x336.jpg","medium_large-width":768,"medium_large-height":336,"large":"https:\/\/carleton.ca\/eotf\/wp-content\/uploads\/cite_banner_1600w_2-400x175.jpg","large-width":400,"large-height":175,"gallery-thumb":"https:\/\/carleton.ca\/eotf\/wp-content\/uploads\/cite_banner_1600w_2.jpg","gallery-thumb-width":300,"gallery-thumb-height":131,"1536x1536":"https:\/\/carleton.ca\/eotf\/wp-content\/uploads\/cite_banner_1600w_2.jpg","1536x1536-width":1536,"1536x1536-height":672,"2048x2048":"https:\/\/carleton.ca\/eotf\/wp-content\/uploads\/cite_banner_1600w_2.jpg","2048x2048-width":1600,"2048x2048-height":700,"banner":"https:\/\/carleton.ca\/eotf\/wp-content\/uploads\/cite_banner_1600w_2.jpg","banner-width":1600,"banner-height":700,"people":"https:\/\/carleton.ca\/eotf\/wp-content\/uploads\/cite_banner_1600w_2-200x200.jpg","people-width":200,"people-height":200,"post-thumb":"https:\/\/carleton.ca\/eotf\/wp-content\/uploads\/cite_banner_1600w_2-300x230.jpg","post-thumb-width":300,"post-thumb-height":230,"rotator-image":"https:\/\/carleton.ca\/eotf\/wp-content\/uploads\/cite_banner_1600w_2.jpg","rotator-image-width":800,"rotator-image-height":350,"video-thumb":"https:\/\/carleton.ca\/eotf\/wp-content\/uploads\/cite_banner_1600w_2-360x158.jpg","video-thumb-width":360,"video-thumb-height":158}},"banner_opacity":"darker"},"_links":{"self":[{"href":"https:\/\/carleton.ca\/eotf\/wp-json\/wp\/v2\/pages\/264"}],"collection":[{"href":"https:\/\/carleton.ca\/eotf\/wp-json\/wp\/v2\/pages"}],"about":[{"href":"https:\/\/carleton.ca\/eotf\/wp-json\/wp\/v2\/types\/page"}],"author":[{"embeddable":true,"href":"https:\/\/carleton.ca\/eotf\/wp-json\/wp\/v2\/users\/4"}],"replies":[{"embeddable":true,"href":"https:\/\/carleton.ca\/eotf\/wp-json\/wp\/v2\/comments?post=264"}],"version-history":[{"count":10,"href":"https:\/\/carleton.ca\/eotf\/wp-json\/wp\/v2\/pages\/264\/revisions"}],"predecessor-version":[{"id":315,"href":"https:\/\/carleton.ca\/eotf\/wp-json\/wp\/v2\/pages\/264\/revisions\/315"}],"wp:attachment":[{"href":"https:\/\/carleton.ca\/eotf\/wp-json\/wp\/v2\/media?parent=264"}],"curies":[{"name":"wp","href":"https:\/\/api.w.org\/{rel}","templated":true}]}}