{"id":6077,"date":"2025-12-10T13:30:05","date_gmt":"2025-12-10T18:30:05","guid":{"rendered":"https:\/\/carleton.ca\/equity\/?page_id=6077"},"modified":"2026-03-16T09:29:28","modified_gmt":"2026-03-16T13:29:28","slug":"2026-scarborough-charter-forum","status":"publish","type":"page","link":"https:\/\/carleton.ca\/equity\/2026-scarborough-charter-forum\/","title":{"rendered":"2026 Scarborough Charter Inter-Institutional Forum Interinstitutionnel de la Charte de Scarborough"},"content":{"rendered":"\n<section class=\"w-screen px-6 cu-section cu-section--white ml-offset-center md:px-8 lg:px-14\">\n    <div class=\"space-y-6 cu-max-w-child-max  md:space-y-10 cu-prose-first-last\">\n\n        \n                    \n                    \n            \n    <div class=\"cu-wideimage relative flex items-center justify-center mx-auto px-8 overflow-hidden md:px-16 rounded-xl not-prose  my-6 md:my-12 first:mt-0 bg-opacity-50 bg-cover bg-cu-black-50 py-24 md:py-28 lg:py-36 xl:py-48\" style=\"background-image: url(https:\/\/carleton.ca\/equity\/wp-content\/uploads\/sites\/152\/2025\/12\/Scarborough_Charter_Colour-768x240.png); background-position: 50% 50%;\">\n\n                    <div class=\"absolute top-0 w-full h-screen\" style=\"background-color:rgba(0,0,0,0.600);\"><\/div>\n        \n        <div class=\"relative z-[2] max-w-4xl w-full flex flex-col items-center gap-2 cu-wideimage-image cu-zero-first-last\">\n            <header class=\"mx-auto mb-6 text-center text-white cu-pageheader cu-component-updated cu-pageheader--center md:mb-12\">\n\n                                    <h1 class=\"cu-prose-first-last font-semibold mb-2 text-3xl md:text-4xl lg:text-5xl lg:leading-[3.5rem] cu-pageheader--center text-center mx-auto after:left-px\">\n                        2026 Inter-Institutional Forum of the Scarborough Charter on Anti-Black Racism and Black Inclusion in Canadian Higher Education \/\/ Forum Interinstitutionnel de la Charte de Scarborough sur le racisme anti-Noir.e.s et l\u2019inclusion des Noir.e.s dans l\u2019enseignement sup\u00e9rieur canadien.\n                    <\/h1>\n                \n                                    \n\n<p>May 14-15, 2026\/14-15 mai 2026<\/p>\n\n\n                            <\/header>\n        <\/div>\n\n            <\/div>\n\n    \n\n    <\/div>\n<\/section>\n\n\n\n<figure class=\"wp-block-image aligncenter size-large\"><img loading=\"lazy\" decoding=\"async\" width=\"1024\" height=\"270\" src=\"https:\/\/carleton.ca\/equity\/wp-content\/uploads\/sites\/152\/2025\/12\/Forum-logo-horizontal--1024x270.jpg\" alt=\"Carleton, Scarborough Charter and U of Ottawa logos. \" class=\"wp-image-6143\" srcset=\"https:\/\/carleton.ca\/equity\/wp-content\/uploads\/sites\/152\/2025\/12\/Forum-logo-horizontal--1024x270.jpg 1024w, https:\/\/carleton.ca\/equity\/wp-content\/uploads\/sites\/152\/2025\/12\/Forum-logo-horizontal--512x135.jpg 512w, https:\/\/carleton.ca\/equity\/wp-content\/uploads\/sites\/152\/2025\/12\/Forum-logo-horizontal--320x84.jpg 320w, https:\/\/carleton.ca\/equity\/wp-content\/uploads\/sites\/152\/2025\/12\/Forum-logo-horizontal--768x202.jpg 768w, https:\/\/carleton.ca\/equity\/wp-content\/uploads\/sites\/152\/2025\/12\/Forum-logo-horizontal-.jpg 1534w\" sizes=\"auto, (max-width: 1024px) 100vw, 1024px\" \/><\/figure>\n\n\n\n<section class=\"w-screen px-6 cu-section cu-section--white ml-offset-center md:px-8 lg:px-14\">\n    <div class=\"space-y-6 cu-max-w-child-5xl  md:space-y-10 cu-prose-first-last\">\n\n        \n    <div class=\"grid gap-6 mx-auto my-6 cu-column md:gap-10 md:grid-cols-2 md:my-10 first:mt-0\">\n        \n<div class=\"cu-column-content\">\n    \n\n<h2 id=\"advancing-black-excellence-and-opportunities-in-challenging-times\" class=\"wp-block-heading\">Advancing Black Excellence and Opportunities in Challenging Times<\/h2>\n\n\n\n<p class=\"has-text-align-left\">Join Carleton University and the University of Ottawa, in partnership with the Scarborough Charter Secretariat, for the third <strong class=\"myprefix-text-bold\">Inter-Institutional Forum of the Scarborough Charter on Anti-Black Racism and Black Inclusion in Canadian Higher Education<\/strong>.<\/p>\n\n\n\n<p class=\"has-text-align-left\"><strong class=\"myprefix-text-bold\">Date:<\/strong> May 14-15, 2026<br><strong class=\"myprefix-text-bold\">Locations:<\/strong> <\/p>\n\n\n\n<p class=\"has-text-align-left\"><strong class=\"myprefix-text-bold\">Carleton University<\/strong><br>Teraanga Commons Conference Rooms<br>1125 Colonel By Drive, Ottawa, ON, K1S 5B6<\/p>\n\n\n\n<p class=\"has-text-align-left\"><strong class=\"myprefix-text-bold\">University of Ottawa<\/strong><br>Huguette Labelle Hall<br>Tabaret Hall<br>75 Laurier Avenue East, Ottawa, ON K1N 6H7<\/p>\n\n\n\n<p class=\"has-text-align-left\"><strong class=\"myprefix-text-bold\">Contact:<\/strong> <a href=\"ScarboroughCharter2026@carleton.ca\">ScarboroughCharter2026@carleton.ca<\/a><\/p>\n\n\n\n<p><strong class=\"myprefix-text-bold\">Theme: <em class=\"myprefix-text-italic\">Advancing Black Excellence and Opportunities in Challenging Times <\/em><\/strong><\/p>\n\n\n\n<p class=\"has-text-align-left\">Held every two years, this biennial forum brings together members, partners and communities from across the country for discussions, idea-sharing and collective reflection on progress and challenges. In 2026, the gathering will convene signatory institutions, scholars and community leaders in Ottawa to advance the Scarborough Charter\u2019s commitments to sustained action, accountability and institutional transformation.<\/p>\n\n\n\n<p>The Forum will explore how inclusive excellence strengthens Black access, participation and leadership in higher education. <\/p>\n\n\n\n<p>Conversations will focus on two key areas:<\/p>\n\n\n\n<ol class=\"wp-block-list\">\n<li>Economic (Finance and Investment)<\/li>\n\n\n\n<li>Political <\/li>\n<\/ol>\n\n\n\n<p>To examine how these forces shape opportunity and support Black flourishing within postsecondary spaces and beyond.<\/p>\n\n\n\n<p><em class=\"myprefix-text-italic\">Attendance is currently reserved for signatory institutions. If you are not a member but wish to attend or discuss joining the Scarborough Charter, please contact&nbsp;<a href=\"mailto:admin@scarboroughcharter.ca\" target=\"_blank\" rel=\"noreferrer noopener\"><strong>admin@scarboroughcharter.ca<\/strong><\/a>&nbsp;to determine your eligibility.<\/em><\/p>\n\n\n\n<div class=\"wp-block-buttons is-layout-flex wp-block-buttons-is-layout-flex\">\n<div class=\"wp-block-button\"><a class=\"wp-block-button__link wp-element-button\" href=\"https:\/\/carleton.ca\/equity\/2026-scarborough-charter-forum-program\/\">EXPLORE THE PROGRAM <\/a><\/div>\n<\/div>\n\n\n<\/div>\n\n\n<div class=\"cu-column-content\">\n    \n\n<h2 id=\"promouvoir-lexcellence-et-les-opportunites-pour-les-noir-e-s-en-ces-temps-difficiles\" class=\"wp-block-heading\">Promouvoir l\u2019excellence et les opportunit\u00e9s pour les Noir.e.s en ces temps difficiles<\/h2>\n\n\n\n<p>Rejoignez l\u2019Universit\u00e9 Carleton et l\u2019Universit\u00e9 d\u2019Ottawa, en partenariat avec le Secr\u00e9tariat de la Charte de Scarborough, pour le troisi\u00e8me <strong class=\"myprefix-text-bold\">Forum interinstitutionnel de la Charte de Scarborough sur le racisme anti-Noir.e.s et l\u2019inclusion des Noir.e.s dans l\u2019enseignement sup\u00e9rieur canadien<\/strong>.<\/p>\n\n\n\n<p><strong>Dates<\/strong>: 14-15 mai 2026<br><strong>Lieu<\/strong><strong class=\"myprefix-text-bold\">x<\/strong>: <\/p>\n\n\n\n<p><strong class=\"myprefix-text-bold\">Universit\u00e9 Carleton <\/strong><br>Teraanga Commons Conference Rooms<br>1125 Colonel By Drive, Ottawa, ON, K1S 5B6<\/p>\n\n\n\n<p><strong class=\"myprefix-text-bold\">Universit\u00e9 d&#8217;Ottawa<\/strong><br>Huguette Labelle Hall<br>Tabaret Hall<br>75 Laurier Avenue East, Ottawa, ON K1N 6H7<\/p>\n\n\n\n<p><strong>Contact<\/strong>: <a href=\"ScarboroughCharter2026@carleton.ca\">ScarboroughCharter2026@carleton.ca<\/a><\/p>\n\n\n\n<p><strong>Th\u00e8me<\/strong>: <strong class=\"myprefix-text-bold\"><em class=\"myprefix-text-italic\"><strong><em>Promouvoir l\u2019excellence et les opportunit\u00e9s pour les Noir.e.s en ces temps difficiles<\/em><\/strong><\/em><\/strong><\/p>\n\n\n\n<p>Organis\u00e9 tous les deux ans, ce forum biennal rassemble des membres, des partenaires et des communaut\u00e9s de tout le pays pour discuter, partager des id\u00e9es et r\u00e9fl\u00e9chir collectivement aux progr\u00e8s et aux d\u00e9fis. En 2026, le rassemblement r\u00e9unira \u00e0 Ottawa les institutions signataires, des universitaires et des leaders communautaires afin de faire progresser les engagements de la Charte de Scarborough en mati\u00e8re d\u2019action durable, de responsabilit\u00e9 et de transformation institutionnelle.<\/p>\n\n\n\n<p><\/p>\n\n\n\n<p>Les discussions porteront sur deux domaines cl\u00e9s :<\/p>\n\n\n\n<ol class=\"wp-block-list\">\n<li>\u00c9conomique (finance et investissement)<\/li>\n\n\n\n<li>Politique<\/li>\n<\/ol>\n\n\n\n<p>Afin d&#8217;examiner comment ces forces fa\u00e7onnent les opportunit\u00e9s et favorisent l&#8217;\u00e9panouissement des Noirs.e.s dans les espaces postsecondaires ed au-del\u00e0.<\/p>\n\n\n\n<p><em class=\"myprefix-text-italic\">La participation est actuellement r\u00e9serv\u00e9e aux institutions signataires. Si vous n\u2019\u00eates pas membre, mais souhaitez participer ou discuter de votre adh\u00e9sion \u00e0 la Charte de Scarborough, veuillez contacter&nbsp;<a href=\"mailto:admin@scarboroughcharter.ca\">admin@scarboroughcharter.ca<\/a>&nbsp;afin de d\u00e9terminer votre \u00e9ligibilit\u00e9.<\/em><\/p>\n\n\n\n<div class=\"wp-block-buttons is-layout-flex wp-block-buttons-is-layout-flex\">\n<div class=\"wp-block-button\"><a class=\"wp-block-button__link wp-element-button\" href=\"https:\/\/carleton.ca\/equity\/ordre-du-jour-provisoire-du-forum\/\">D\u00c9COUVREZ LE PROGRAMME<\/a><\/div>\n<\/div>\n\n\n<\/div>\n\n\n    <\/div>\n\n\n    <\/div>\n<\/section>\n\n\n\n<figure class=\"wp-block-image aligncenter size-medium\"><img loading=\"lazy\" decoding=\"async\" width=\"512\" height=\"767\" src=\"https:\/\/carleton.ca\/equity\/wp-content\/uploads\/sites\/152\/2025\/12\/blackgradimage-512x767.jpg\" alt=\"Painted image of Black graduates.\" class=\"wp-image-6149\" style=\"aspect-ratio:1;object-fit:cover\" srcset=\"https:\/\/carleton.ca\/equity\/wp-content\/uploads\/sites\/152\/2025\/12\/blackgradimage-512x767.jpg 512w, https:\/\/carleton.ca\/equity\/wp-content\/uploads\/sites\/152\/2025\/12\/blackgradimage-320x480.jpg 320w, https:\/\/carleton.ca\/equity\/wp-content\/uploads\/sites\/152\/2025\/12\/blackgradimage-768x1151.jpg 768w, https:\/\/carleton.ca\/equity\/wp-content\/uploads\/sites\/152\/2025\/12\/blackgradimage.jpg 800w\" sizes=\"auto, (max-width: 512px) 100vw, 512px\" \/><figcaption class=\"wp-element-caption\">For the past three years, Black Graduation at the University of Ottawa has featured a collective painting with each graduate adding their own stroke, color and placement to create this powerful work of art together. \/ Depuis trois ans, la c\u00e9r\u00e9monie de remise des dipl\u00f4mes aux \u00e9tudiants noirs de l&#8217;Universit\u00e9 d&#8217;Ottawa est marqu\u00e9e par la r\u00e9alisation d&#8217;une peinture collective \u00e0 laquelle chaque dipl\u00f4m\u00e9 ajoute sa touche personnelle, sa couleur et son emplacement, afin de cr\u00e9er ensemble cette \u0153uvre d&#8217;art puissante.<\/figcaption><\/figure>\n\n\n\n<section class=\"w-screen px-6 cu-section cu-section--white ml-offset-center md:px-8 lg:px-14\">\n    <div class=\"space-y-6 cu-max-w-child-5xl  md:space-y-10 cu-prose-first-last\">\n\n        \n    <div class=\"grid gap-6 mx-auto my-6 cu-column md:gap-10 md:grid-cols-2 md:my-10 first:mt-0\">\n        \n<div class=\"cu-column-content\">\n    \n\n<p>The Scarborough Charter on Anti-Black Racism and Black Inclusion in Canadian Higher Education began as a national dialogue by a community of Canadian colleges and universities (the Inter-Institutional Forum). The Charter\u2019s foundation was laid at the University of Toronto Scarborough, and the national framework was formally adopted in 2021.<\/p>\n\n\n\n<p><a href=\"https:\/\/scarboroughcharter.ca\" type=\"link\" id=\"https:\/\/scarboroughcharter.ca\">The Scarborough <\/a><a href=\"https:\/\/scarboroughcharter.ca\" type=\"link\" id=\"https:\/\/scarboroughcharter.ca\" target=\"_blank\" rel=\"noreferrer noopener\">Charter<\/a> is more than an agreement among member institutions. It is a unifying and concrete undertaking to redress systems and structures of inequity, discrimination, marginalization, and exclusion in the Canadian higher education sector that disproportionately affect Black people in the academy and their communities. Beginning with 40 signatories in 2021, the Scarborough Charter membership has grown to over 60 institutions across Canada.<\/p>\n\n\n<\/div>\n\n\n<div class=\"cu-column-content\">\n    \n\n<p>La Charte de Scarborough contre le racisme anti-Noir et pour l\u2019inclusion des Noirs dans l\u2019enseignement sup\u00e9rieur au Canada est n\u00e9e d\u2019un dialogue national entre les membres d\u2019une coalition canadienne de coll\u00e8ges et d\u2019universit\u00e9s (le Forum inter-institutionnel). Les bases ont \u00e9t\u00e9 jet\u00e9es \u00e0 l\u2019Universit\u00e9 de Toronto&nbsp;Scarborough, et le cadre national a \u00e9t\u00e9 officiellement adopt\u00e9 en 2021.<\/p>\n\n\n\n<p><a href=\"https:\/\/scarboroughcharter.ca\" target=\"_blank\" rel=\"noreferrer noopener\">La Charte de Scarborough<\/a> est plus qu\u2019une entente entre les \u00e9tablissements membres. Il s\u2019agit d\u2019un engagement concret et f\u00e9d\u00e9rateur visant \u00e0 corriger les syst\u00e8mes et les structures qui entra\u00eenent des in\u00e9galit\u00e9s, de la discrimination, de la marginalisation et de l\u2019exclusion dans le milieu de l\u2019enseignement sup\u00e9rieur au Canada, subis de mani\u00e8re disproportionn\u00e9e par les personnes noires du milieu universitaire et par leurs communaut\u00e9s. Ayant d\u00e9but\u00e9 avec 40\u00a0signataires en 2021, la Charte de Scarborough compte d\u00e9sormais plus de 60\u00a0\u00e9tablissements membres \u00e0 travers le Canada.<\/p>\n\n\n<\/div>\n\n\n    <\/div>\n\n\n    <\/div>\n<\/section>\n\n\n\n<h2 id=\"memories-from-the-2024-forum-souvenirs-du-forum-2024\" class=\"wp-block-heading\">Memories from the 2024 Forum\/Souvenirs du Forum 2024<\/h2>\n\n\n\n<figure class=\"wp-block-gallery has-nested-images columns-5 is-cropped wp-block-gallery-1 is-layout-flex wp-block-gallery-is-layout-flex\">\n<figure class=\"wp-block-image size-large\"><img loading=\"lazy\" decoding=\"async\" width=\"796\" height=\"747\" data-id=\"6096\" src=\"https:\/\/carleton.ca\/equity\/wp-content\/uploads\/sites\/152\/2025\/12\/IMG_0400.jpg\" alt=\"2024 Forum\" class=\"wp-image-6096\" srcset=\"https:\/\/carleton.ca\/equity\/wp-content\/uploads\/sites\/152\/2025\/12\/IMG_0400.jpg 796w, https:\/\/carleton.ca\/equity\/wp-content\/uploads\/sites\/152\/2025\/12\/IMG_0400-512x480.jpg 512w, https:\/\/carleton.ca\/equity\/wp-content\/uploads\/sites\/152\/2025\/12\/IMG_0400-320x300.jpg 320w, https:\/\/carleton.ca\/equity\/wp-content\/uploads\/sites\/152\/2025\/12\/IMG_0400-768x721.jpg 768w\" sizes=\"auto, (max-width: 796px) 100vw, 796px\" \/><\/figure>\n\n\n\n<figure class=\"wp-block-image size-large\"><img loading=\"lazy\" decoding=\"async\" width=\"800\" height=\"533\" data-id=\"6097\" src=\"https:\/\/carleton.ca\/equity\/wp-content\/uploads\/sites\/152\/2025\/12\/IMG_0528.jpg\" alt=\"2024 Forum\" class=\"wp-image-6097\" srcset=\"https:\/\/carleton.ca\/equity\/wp-content\/uploads\/sites\/152\/2025\/12\/IMG_0528.jpg 800w, https:\/\/carleton.ca\/equity\/wp-content\/uploads\/sites\/152\/2025\/12\/IMG_0528-512x341.jpg 512w, https:\/\/carleton.ca\/equity\/wp-content\/uploads\/sites\/152\/2025\/12\/IMG_0528-320x213.jpg 320w, https:\/\/carleton.ca\/equity\/wp-content\/uploads\/sites\/152\/2025\/12\/IMG_0528-768x512.jpg 768w, https:\/\/carleton.ca\/equity\/wp-content\/uploads\/sites\/152\/2025\/12\/IMG_0528-600x400.jpg 600w, https:\/\/carleton.ca\/equity\/wp-content\/uploads\/sites\/152\/2025\/12\/IMG_0528-300x200.jpg 300w\" sizes=\"auto, (max-width: 800px) 100vw, 800px\" \/><\/figure>\n\n\n\n<figure class=\"wp-block-image size-large\"><img loading=\"lazy\" decoding=\"async\" width=\"800\" height=\"533\" data-id=\"6102\" src=\"https:\/\/carleton.ca\/equity\/wp-content\/uploads\/sites\/152\/2025\/12\/IMG_0595.jpg\" alt=\"2024 Forum\" class=\"wp-image-6102\" srcset=\"https:\/\/carleton.ca\/equity\/wp-content\/uploads\/sites\/152\/2025\/12\/IMG_0595.jpg 800w, https:\/\/carleton.ca\/equity\/wp-content\/uploads\/sites\/152\/2025\/12\/IMG_0595-512x341.jpg 512w, https:\/\/carleton.ca\/equity\/wp-content\/uploads\/sites\/152\/2025\/12\/IMG_0595-320x213.jpg 320w, https:\/\/carleton.ca\/equity\/wp-content\/uploads\/sites\/152\/2025\/12\/IMG_0595-768x512.jpg 768w, https:\/\/carleton.ca\/equity\/wp-content\/uploads\/sites\/152\/2025\/12\/IMG_0595-600x400.jpg 600w, https:\/\/carleton.ca\/equity\/wp-content\/uploads\/sites\/152\/2025\/12\/IMG_0595-300x200.jpg 300w\" sizes=\"auto, (max-width: 800px) 100vw, 800px\" \/><\/figure>\n\n\n\n<figure class=\"wp-block-image size-medium\"><img loading=\"lazy\" decoding=\"async\" width=\"512\" height=\"608\" data-id=\"6098\" src=\"https:\/\/carleton.ca\/equity\/wp-content\/uploads\/sites\/152\/2025\/12\/IMG_0537-512x608.jpg\" alt=\"2024 Forum\n\" class=\"wp-image-6098\" srcset=\"https:\/\/carleton.ca\/equity\/wp-content\/uploads\/sites\/152\/2025\/12\/IMG_0537-512x608.jpg 512w, https:\/\/carleton.ca\/equity\/wp-content\/uploads\/sites\/152\/2025\/12\/IMG_0537-320x380.jpg 320w, https:\/\/carleton.ca\/equity\/wp-content\/uploads\/sites\/152\/2025\/12\/IMG_0537-768x912.jpg 768w, https:\/\/carleton.ca\/equity\/wp-content\/uploads\/sites\/152\/2025\/12\/IMG_0537.jpg 791w\" sizes=\"auto, (max-width: 512px) 100vw, 512px\" \/><\/figure>\n\n\n\n<figure class=\"wp-block-image size-large\"><img loading=\"lazy\" decoding=\"async\" width=\"800\" height=\"533\" data-id=\"6104\" src=\"https:\/\/carleton.ca\/equity\/wp-content\/uploads\/sites\/152\/2025\/12\/Untitled.jpg\" alt=\"2024 Forum\" class=\"wp-image-6104\" srcset=\"https:\/\/carleton.ca\/equity\/wp-content\/uploads\/sites\/152\/2025\/12\/Untitled.jpg 800w, https:\/\/carleton.ca\/equity\/wp-content\/uploads\/sites\/152\/2025\/12\/Untitled-512x341.jpg 512w, https:\/\/carleton.ca\/equity\/wp-content\/uploads\/sites\/152\/2025\/12\/Untitled-320x213.jpg 320w, https:\/\/carleton.ca\/equity\/wp-content\/uploads\/sites\/152\/2025\/12\/Untitled-768x512.jpg 768w, https:\/\/carleton.ca\/equity\/wp-content\/uploads\/sites\/152\/2025\/12\/Untitled-600x400.jpg 600w, https:\/\/carleton.ca\/equity\/wp-content\/uploads\/sites\/152\/2025\/12\/Untitled-300x200.jpg 300w\" sizes=\"auto, (max-width: 800px) 100vw, 800px\" \/><\/figure>\n\n\n\n<figure class=\"wp-block-image size-large\"><img loading=\"lazy\" decoding=\"async\" width=\"800\" height=\"533\" data-id=\"6099\" src=\"https:\/\/carleton.ca\/equity\/wp-content\/uploads\/sites\/152\/2025\/12\/IMG_0543.jpg\" alt=\"2024 Forum\" class=\"wp-image-6099\" srcset=\"https:\/\/carleton.ca\/equity\/wp-content\/uploads\/sites\/152\/2025\/12\/IMG_0543.jpg 800w, https:\/\/carleton.ca\/equity\/wp-content\/uploads\/sites\/152\/2025\/12\/IMG_0543-512x341.jpg 512w, https:\/\/carleton.ca\/equity\/wp-content\/uploads\/sites\/152\/2025\/12\/IMG_0543-320x213.jpg 320w, https:\/\/carleton.ca\/equity\/wp-content\/uploads\/sites\/152\/2025\/12\/IMG_0543-768x512.jpg 768w, https:\/\/carleton.ca\/equity\/wp-content\/uploads\/sites\/152\/2025\/12\/IMG_0543-600x400.jpg 600w, https:\/\/carleton.ca\/equity\/wp-content\/uploads\/sites\/152\/2025\/12\/IMG_0543-300x200.jpg 300w\" sizes=\"auto, (max-width: 800px) 100vw, 800px\" \/><\/figure>\n\n\n\n<figure class=\"wp-block-image size-large\"><img loading=\"lazy\" decoding=\"async\" width=\"800\" height=\"533\" data-id=\"6103\" src=\"https:\/\/carleton.ca\/equity\/wp-content\/uploads\/sites\/152\/2025\/12\/IMG_0685.jpg\" alt=\"2024 Forum\" class=\"wp-image-6103\" srcset=\"https:\/\/carleton.ca\/equity\/wp-content\/uploads\/sites\/152\/2025\/12\/IMG_0685.jpg 800w, https:\/\/carleton.ca\/equity\/wp-content\/uploads\/sites\/152\/2025\/12\/IMG_0685-512x341.jpg 512w, https:\/\/carleton.ca\/equity\/wp-content\/uploads\/sites\/152\/2025\/12\/IMG_0685-320x213.jpg 320w, https:\/\/carleton.ca\/equity\/wp-content\/uploads\/sites\/152\/2025\/12\/IMG_0685-768x512.jpg 768w, https:\/\/carleton.ca\/equity\/wp-content\/uploads\/sites\/152\/2025\/12\/IMG_0685-600x400.jpg 600w, https:\/\/carleton.ca\/equity\/wp-content\/uploads\/sites\/152\/2025\/12\/IMG_0685-300x200.jpg 300w\" sizes=\"auto, (max-width: 800px) 100vw, 800px\" \/><\/figure>\n\n\n\n<figure class=\"wp-block-image size-large\"><img loading=\"lazy\" decoding=\"async\" width=\"800\" height=\"533\" data-id=\"6100\" src=\"https:\/\/carleton.ca\/equity\/wp-content\/uploads\/sites\/152\/2025\/12\/IMG_0558.jpg\" alt=\"2024 Forum\" class=\"wp-image-6100\" srcset=\"https:\/\/carleton.ca\/equity\/wp-content\/uploads\/sites\/152\/2025\/12\/IMG_0558.jpg 800w, https:\/\/carleton.ca\/equity\/wp-content\/uploads\/sites\/152\/2025\/12\/IMG_0558-512x341.jpg 512w, https:\/\/carleton.ca\/equity\/wp-content\/uploads\/sites\/152\/2025\/12\/IMG_0558-320x213.jpg 320w, https:\/\/carleton.ca\/equity\/wp-content\/uploads\/sites\/152\/2025\/12\/IMG_0558-768x512.jpg 768w, https:\/\/carleton.ca\/equity\/wp-content\/uploads\/sites\/152\/2025\/12\/IMG_0558-600x400.jpg 600w, https:\/\/carleton.ca\/equity\/wp-content\/uploads\/sites\/152\/2025\/12\/IMG_0558-300x200.jpg 300w\" sizes=\"auto, (max-width: 800px) 100vw, 800px\" \/><\/figure>\n\n\n\n<figure class=\"wp-block-image size-large\"><img loading=\"lazy\" decoding=\"async\" width=\"800\" height=\"533\" data-id=\"6101\" src=\"https:\/\/carleton.ca\/equity\/wp-content\/uploads\/sites\/152\/2025\/12\/IMG_0574.jpg\" alt=\"2024 Forum\" class=\"wp-image-6101\" srcset=\"https:\/\/carleton.ca\/equity\/wp-content\/uploads\/sites\/152\/2025\/12\/IMG_0574.jpg 800w, https:\/\/carleton.ca\/equity\/wp-content\/uploads\/sites\/152\/2025\/12\/IMG_0574-512x341.jpg 512w, https:\/\/carleton.ca\/equity\/wp-content\/uploads\/sites\/152\/2025\/12\/IMG_0574-320x213.jpg 320w, https:\/\/carleton.ca\/equity\/wp-content\/uploads\/sites\/152\/2025\/12\/IMG_0574-768x512.jpg 768w, https:\/\/carleton.ca\/equity\/wp-content\/uploads\/sites\/152\/2025\/12\/IMG_0574-600x400.jpg 600w, https:\/\/carleton.ca\/equity\/wp-content\/uploads\/sites\/152\/2025\/12\/IMG_0574-300x200.jpg 300w\" sizes=\"auto, (max-width: 800px) 100vw, 800px\" \/><\/figure>\n<\/figure>\n","protected":false},"excerpt":{"rendered":"<p>Memories from the 2024 Forum\/Souvenirs du Forum 2024<\/p>\n","protected":false},"author":73,"featured_media":6440,"parent":0,"menu_order":0,"comment_status":"closed","ping_status":"closed","template":"","meta":{"_acf_changed":false,"_cu_dining_location_slug":"","footnotes":"","_links_to":"","_links_to_target":""},"cu_page_type":[],"class_list":["post-6077","page","type-page","status-publish","has-post-thumbnail","hentry"],"acf":{"cu_post_thumbnail":""},"_links":{"self":[{"href":"https:\/\/carleton.ca\/equity\/wp-json\/wp\/v2\/pages\/6077","targetHints":{"allow":["GET"]}}],"collection":[{"href":"https:\/\/carleton.ca\/equity\/wp-json\/wp\/v2\/pages"}],"about":[{"href":"https:\/\/carleton.ca\/equity\/wp-json\/wp\/v2\/types\/page"}],"author":[{"embeddable":true,"href":"https:\/\/carleton.ca\/equity\/wp-json\/wp\/v2\/users\/73"}],"replies":[{"embeddable":true,"href":"https:\/\/carleton.ca\/equity\/wp-json\/wp\/v2\/comments?post=6077"}],"version-history":[{"count":4,"href":"https:\/\/carleton.ca\/equity\/wp-json\/wp\/v2\/pages\/6077\/revisions"}],"predecessor-version":[{"id":6766,"href":"https:\/\/carleton.ca\/equity\/wp-json\/wp\/v2\/pages\/6077\/revisions\/6766"}],"wp:featuredmedia":[{"embeddable":true,"href":"https:\/\/carleton.ca\/equity\/wp-json\/wp\/v2\/media\/6440"}],"wp:attachment":[{"href":"https:\/\/carleton.ca\/equity\/wp-json\/wp\/v2\/media?parent=6077"}],"wp:term":[{"taxonomy":"cu_page_type","embeddable":true,"href":"https:\/\/carleton.ca\/equity\/wp-json\/wp\/v2\/cu_page_type?post=6077"}],"curies":[{"name":"wp","href":"https:\/\/api.w.org\/{rel}","templated":true}]}}