{"id":6488,"date":"2026-02-06T12:39:26","date_gmt":"2026-02-06T17:39:26","guid":{"rendered":"https:\/\/carleton.ca\/equity\/?page_id=6488"},"modified":"2026-03-25T13:31:55","modified_gmt":"2026-03-25T17:31:55","slug":"ordre-du-jour-provisoire-du-forum","status":"publish","type":"page","link":"https:\/\/carleton.ca\/equity\/ordre-du-jour-provisoire-du-forum\/","title":{"rendered":"D\u00c9COUVREZ LE PROGRAMME"},"content":{"rendered":"\n<section class=\"w-screen px-6 cu-section cu-section--white ml-offset-center md:px-8 lg:px-14\">\n    <div class=\"space-y-6 cu-max-w-child-max  md:space-y-10 cu-prose-first-last\">\n\n        \n                    \n                    \n            \n    <div class=\"cu-wideimage relative flex items-center justify-center mx-auto px-8 overflow-hidden md:px-16 rounded-xl not-prose  my-6 md:my-12 first:mt-0 bg-opacity-50 bg-cover bg-cu-black-50 py-24 md:py-28 lg:py-36 xl:py-48\" style=\"background-image: url(https:\/\/carleton.ca\/equity\/wp-content\/uploads\/sites\/152\/2026\/01\/Black-Inclusion-branding-image--1024x336.jpg); background-position: 50% 50%;\">\n\n                    <div class=\"absolute top-0 w-full h-screen\" style=\"background-color:rgba(0,0,0,0.600);\"><\/div>\n        \n        <div class=\"relative z-[2] max-w-4xl w-full flex flex-col items-center gap-2 cu-wideimage-image cu-zero-first-last\">\n            <header class=\"mx-auto mb-6 text-center text-white cu-pageheader cu-component-updated cu-pageheader--center md:mb-12\">\n\n                                    <h1 class=\"cu-prose-first-last font-semibold mb-2 text-3xl md:text-4xl lg:text-5xl lg:leading-[3.5rem] cu-pageheader--center text-center mx-auto after:left-px\">\n                        D\u00c9COUVREZ LE PROGRAMME \n                    <\/h1>\n                \n                                    \n\n<div class=\"wp-block-buttons is-content-justification-center is-layout-flex wp-container-core-buttons-is-layout-16018d1d wp-block-buttons-is-layout-flex\">\n<div class=\"wp-block-button\"><a class=\"wp-block-button__link wp-element-button\" href=\"https:\/\/carleton.ca\/equity\/rencontrez-les-conferenciers\/\">Rencontrez les conf\u00e9renciers<\/a><\/div>\n\n\n\n<div class=\"wp-block-button\"><a class=\"wp-block-button__link wp-element-button\" href=\"https:\/\/carleton.ca\/equity\/wp-content\/uploads\/sites\/152\/2026\/03\/EDEI-260304-001_GUIDE-SC-IIF-2026-Forum-_FRA.pdf\">Guide de bienvenue \u00e0 Ottawa<\/a><\/div>\n<\/div>\n\n\n                            <\/header>\n        <\/div>\n\n            <\/div>\n\n    \n\n    <\/div>\n<\/section>\n\n\n\n<h2 id=\"jour-1-14-mai\" class=\"wp-block-heading\">JOUR&nbsp;1&nbsp;\u2013&nbsp;14&nbsp;MAI<\/h2>\n\n\n\n<figure class=\"wp-block-table\"><table><thead><tr><th class=\"has-text-align-left\" data-align=\"left\">UNIVERSIT\u00c9 CARLETON<br>Animateur du forum &#8211; Adrian Harewood<\/th><th class=\"has-text-align-left\" data-align=\"left\"><\/th><\/tr><\/thead><tbody><tr><td class=\"has-text-align-left\" data-align=\"left\"><strong class=\"myprefix-text-bold\">Inscription<\/strong><\/td><td class=\"has-text-align-left\" data-align=\"left\">8&nbsp;h<\/td><\/tr><tr><td class=\"has-text-align-left\" data-align=\"left\">R\u00e9union d&#8217;affaires<\/td><td class=\"has-text-align-left\" data-align=\"left\">9&nbsp;h \u2013 10&nbsp;h&nbsp;30<\/td><\/tr><tr><td class=\"has-text-align-left\" data-align=\"left\"><strong class=\"myprefix-text-bold\">C\u00e9r\u00e9monie d\u2019ouverture<\/strong> (prestation d\u2019un groupe de percussions d\u2019Afrique de l\u2019Ouest)<br><strong>&nbsp;<\/strong><br><strong class=\"myprefix-text-bold\">Allocution<\/strong>: Wisdom&nbsp;Tettey, Recteur et Vice-Chancelier de l\u2019Universit\u00e9 Carleton<\/td><td class=\"has-text-align-left\" data-align=\"left\">10&nbsp;h&nbsp;30<\/td><\/tr><tr><td class=\"has-text-align-left\" data-align=\"left\"><strong class=\"myprefix-text-bold\">\u00ab&nbsp;Investir dans les communaut\u00e9s noires&nbsp;\u00bb<\/strong><br><strong class=\"myprefix-text-bold\">Conf\u00e9rencier principal<\/strong>&nbsp;: Liban&nbsp;Abokor<br><strong>&nbsp;<\/strong><br>Fondateur et directeur g\u00e9n\u00e9ral de Reimagine LABS. Coauteur du rapport \u00ab&nbsp;Unfunded: Black Communities Overlooked by Canadian Philanthropy&nbsp;\u00bb. Cofondateur de la Fondation pour les communaut\u00e9s noires, qui a recueilli plus de 200&nbsp;millions de dollars pour un fonds de dotation au profit d\u2019organismes sans but lucratif dirig\u00e9s par des personnes noires. Chercheur \u00e0 l\u2019\u00c9cole de politiques et d\u2019administration publiques de l\u2019Universit\u00e9 Carleton.<br><\/td><td class=\"has-text-align-left\" data-align=\"left\">11&nbsp;h \u2013 12&nbsp;h<\/td><\/tr><tr><td class=\"has-text-align-left\" data-align=\"left\"><strong class=\"myprefix-text-bold\">D\u00ceNER<\/strong><\/td><td class=\"has-text-align-left\" data-align=\"left\"><\/td><\/tr><tr><td class=\"has-text-align-left\" data-align=\"left\"><strong class=\"myprefix-text-bold\">Table ronde&nbsp;: \u00ab&nbsp;L\u2019inclusion intentionnelle des personnes noires&nbsp;: premi\u00e8re partie&nbsp;\u00bb<\/strong><br>Repr\u00e9sentation, production de connaissances, justice spatiale et appartenance<br><strong>&nbsp;<\/strong><br><strong class=\"myprefix-text-bold\">Pan\u00e9listes<\/strong><br>1. <strong class=\"myprefix-text-bold\">Nana aba Duncan<\/strong>&nbsp;:Professeure agr\u00e9g\u00e9e et titulaire de la chaire Carty en journalisme, diversit\u00e9 et inclusion, Universit\u00e9 Carleton<br><br>2. <strong class=\"myprefix-text-bold\">Menna Agha<\/strong>&nbsp;:Professeure agr\u00e9g\u00e9e en design et justice spatiale et directrice fondatrice du laboratoire d\u2019action de l\u2019\u00c9cole d\u2019architecture, Universit\u00e9 Carleton<br><br>3. <strong class=\"myprefix-text-bold\">Samuel Ojo Oloruntoba<\/strong>&nbsp;:Professeur adjoint et chercheur principal pour un projet de recherche intercontinental sur le savoir autochtone et l\u2019autonomisation des jeunes en Afrique, Universit\u00e9 Carleton<br><\/td><td class=\"has-text-align-left\" data-align=\"left\">13&nbsp;h \u2013 14&nbsp;h&nbsp;15<\/td><\/tr><tr><td class=\"has-text-align-left\" data-align=\"left\"><strong class=\"myprefix-text-bold\">PAUSE-CAF\u00c9<\/strong><\/td><td class=\"has-text-align-left\" data-align=\"left\"><\/td><\/tr><tr><td class=\"has-text-align-left\" data-align=\"left\"><strong class=\"myprefix-text-bold\">Panel des presidents, jour 1 : Diriger avec authenticit\u00e9 pour maintenir la responsabilit\u00e9 envers la Charte de Scarborough en p\u00e9riode difficile<\/strong><br><br>Les pr\u00e9sidents et les hauts dirigeants du monde universitaire partageront leurs points de vue sur la mani\u00e8re dont un leadership audacieux et authentique favorise la responsabilit\u00e9 collective en p\u00e9riode difficile, en particulier pour r\u00e9aliser la vision et les objectifs \u00e0 long terme de la Charte de Scarborough et pour cr\u00e9er et maintenir un milieu universitaire et des communaut\u00e9s inclusifs.<br><br><strong class=\"myprefix-text-bold\">Pan\u00e9listes<\/strong><br><strong class=\"myprefix-text-bold\">Gervan Fearon<\/strong>, Pr\u00e9sident, \u00c9cole polytechnique George Brown<br><br><strong class=\"myprefix-text-bold\">J.J. McMurtry<\/strong>, Pr\u00e9sident et vice-chancelier, Universit\u00e9 de Windsor<br><br><strong class=\"myprefix-text-bold\">Jane Ngobia<\/strong>, Vice-pr\u00e9sidente, Ressources humaines et culture, Universit\u00e9 de l&#8217;\u00cele-du-Prince-\u00c9douard<br><\/td><td class=\"has-text-align-left\" data-align=\"left\">14&nbsp;h&nbsp;45 \u2013 16&nbsp;h&nbsp;<\/td><\/tr><tr><td class=\"has-text-align-left\" data-align=\"left\"><strong class=\"myprefix-text-bold\">Mot de la fin&nbsp;: No\u00ebl&nbsp;Badiou<\/strong>, Vice-recteur associ\u00e9 et conseiller universitaire, \u00c9quit\u00e9 et communaut\u00e9s inclusives, Universit\u00e9 Carleton<br><\/td><td class=\"has-text-align-left\" data-align=\"left\">16&nbsp;h&nbsp;\u2013 16&nbsp;h 15<\/td><\/tr><tr><td class=\"has-text-align-left\" data-align=\"left\"><strong class=\"myprefix-text-bold\">FIN DE LA PREMI\u00c8RE JOURN\u00c9E<\/strong><\/td><td class=\"has-text-align-left\" data-align=\"left\"><\/td><\/tr><\/tbody><\/table><\/figure>\n\n\n\n<p><\/p>\n\n\n\n<div class=\"wp-block-buttons is-content-justification-center is-layout-flex wp-container-core-buttons-is-layout-16018d1d wp-block-buttons-is-layout-flex\">\n<div class=\"wp-block-button\"><a class=\"wp-block-button__link wp-element-button\" href=\"https:\/\/carleton.ca\/equity\/rencontrez-les-conferenciers\/\">Rencontrez les conf\u00e9renciers<\/a><\/div>\n\n\n\n<div class=\"wp-block-button\"><a class=\"wp-block-button__link wp-element-button\" href=\"https:\/\/carleton.ca\/equity\/wp-content\/uploads\/sites\/152\/2026\/03\/EDEI-260304-001_GUIDE-SC-IIF-2026-Forum-_FRA.pdf\">Guide de bienvenue \u00e0 Ottawa<\/a><\/div>\n<\/div>\n\n\n\n<h2 id=\"jour-2-15-mai\" class=\"wp-block-heading\">JOUR&nbsp;2&nbsp;\u2013&nbsp;15&nbsp;MAI<\/h2>\n\n\n\n<figure class=\"wp-block-table\"><table><thead><tr><th class=\"has-text-align-left\" data-align=\"left\">UNIVERSIT\u00c9 D\u2019OTTAWA<\/th><th class=\"has-text-align-left\" data-align=\"left\"><\/th><\/tr><\/thead><tbody><tr><td class=\"has-text-align-left\" data-align=\"left\"><strong class=\"myprefix-text-bold\">Inscription<\/strong><\/td><td class=\"has-text-align-left\" data-align=\"left\">8&nbsp;h<\/td><\/tr><tr><td class=\"has-text-align-left\" data-align=\"left\"><strong class=\"myprefix-text-bold\">Mot d\u2019ouverture<\/strong> : <strong>Marie-Eve Sylvestre<\/strong>, <strong class=\"myprefix-text-bold\">Rectrice et Vice- Chanceli\u00e8re de l&#8217;Universit\u00e9 d&#8217;Ottawa<\/strong><\/td><td class=\"has-text-align-left\" data-align=\"left\">9&nbsp;h <\/td><\/tr><tr><td class=\"has-text-align-left\" data-align=\"left\"><strong class=\"myprefix-text-bold\">Table ronde de la rectrice<\/strong> : <strong class=\"myprefix-text-bold\">\u00ab&nbsp;La Francophonie et la Charte&nbsp;\u00bb<\/strong>&nbsp;<br><em class=\"myprefix-text-italic\">*Remarque : cette session se d\u00e9roulera en fran\u00e7ais.<\/em><\/td><td class=\"has-text-align-left\" data-align=\"left\">9 h 15 &#8211; 10 h 30<\/td><\/tr><tr><td class=\"has-text-align-left\" data-align=\"left\"><strong class=\"myprefix-text-bold\">PAUSE-CAF\u00c9<\/strong><\/td><td class=\"has-text-align-left\" data-align=\"left\"><\/td><\/tr><tr><td class=\"has-text-align-left\" data-align=\"left\"><strong class=\"myprefix-text-bold\">\u00ab&nbsp;Des donn\u00e9es aux retomb\u00e9es&nbsp;: atteindre l\u2019excellence noire par l\u2019action fond\u00e9e sur les faits&nbsp;\u00bb<\/strong><br><strong class=\"myprefix-text-bold\">Conf\u00e9renci\u00e8re principale&nbsp;: <\/strong>Malinda&nbsp;Smith, vice-rectrice adjointe \u00e0 la recherche (EDI) et professeure de science politique \u00e0 l\u2019Universit\u00e9 de Calgary<br><strong>&nbsp;<\/strong><br>Cette conf\u00e9rence d\u00e9montrera que les donn\u00e9es d\u00e9sagr\u00e9g\u00e9es et les principes de la justice des donn\u00e9es peuvent aider les \u00e9tablissements d\u2019enseignement sup\u00e9rieur \u00e0 identifier les obstacles, \u00e0 prendre des mesures ax\u00e9es sur des donn\u00e9es probantes et \u00e0 obtenir des r\u00e9sultats mesurables pour promouvoir l\u2019inclusion, la r\u00e9ussite et l\u2019excellence des personnes noires en vertu de la Charte de Scarborough.<\/td><td class=\"has-text-align-left\" data-align=\"left\">10&nbsp;h&nbsp;45 \u2013 12&nbsp;h<\/td><\/tr><tr><td class=\"has-text-align-left\" data-align=\"left\"><strong class=\"myprefix-text-bold\">D\u00ceNER<\/strong><\/td><td class=\"has-text-align-left\" data-align=\"left\"><\/td><\/tr><tr><td class=\"has-text-align-left\" data-align=\"left\"><strong class=\"myprefix-text-bold\">Table ronde&nbsp;: \u00ab&nbsp;L\u2019inclusion intentionnelle des personnes noires&nbsp;: deuxi\u00e8me partie&nbsp;\u00bb<\/strong><br><em>Les femmes noires, les enfants noirs, la sant\u00e9 et le mieux-\u00eatre<\/em><br><br><strong class=\"myprefix-text-bold\">Pan\u00e9listes<\/strong><br>1. <strong class=\"myprefix-text-bold\">Jude&nbsp;Mary&nbsp;C\u00e9nat&nbsp;:<\/strong>Professeur, \u00c9cole de psychologie, Universit\u00e9 d\u2019Ottawa<br><br>2.<strong class=\"myprefix-text-bold\">Josephine&nbsp;Etowa&nbsp;:<\/strong>Professeure, \u00c9cole des sciences infirmi\u00e8res, Facult\u00e9 des sciences de la sant\u00e9, Universit\u00e9 d\u2019Ottawa<br><br>3.<strong class=\"myprefix-text-bold\">Ewurabena&nbsp;Simpson&nbsp;:<\/strong> H\u00e9matologue et oncologue p\u00e9diatrique, Centre hospitalier pour enfants de l\u2019est de l\u2019Ontario, et professeure adjointe, D\u00e9partement de p\u00e9diatrie, Facult\u00e9 de m\u00e9decine, Universit\u00e9 d\u2019Ottawa<br><strong>&nbsp;<\/strong><\/td><td class=\"has-text-align-left\" data-align=\"left\">13&nbsp;h \u2013 14&nbsp;h&nbsp;30<\/td><\/tr><tr><td class=\"has-text-align-left\" data-align=\"left\"><strong>PAUSE-CAF\u00c9<\/strong><\/td><td class=\"has-text-align-left\" data-align=\"left\"><\/td><\/tr><tr><td class=\"has-text-align-left\" data-align=\"left\"><strong class=\"myprefix-text-bold\"><strong>Allocution de cl\u00f4ture<\/strong><\/strong> : Rawlson&nbsp;King, conseiller municipal d&#8217;Ottawa<\/td><td class=\"has-text-align-left\" data-align=\"left\">14&nbsp;h&nbsp;45&nbsp;\u2013 15&nbsp;h&nbsp;15<\/td><\/tr><tr><td class=\"has-text-align-left\" data-align=\"left\"><strong class=\"myprefix-text-bold\">Mot de la fin&nbsp;par le recteur Wisdom Tettey et la rectrice Marie-Eve Sylvestre<\/strong><\/td><td class=\"has-text-align-left\" data-align=\"left\">15&nbsp;h&nbsp;15&nbsp;\u2013 15&nbsp;h&nbsp;30<\/td><\/tr><tr><td class=\"has-text-align-left\" data-align=\"left\"><strong class=\"myprefix-text-bold\">Prix du leadership Scarborough Charter&nbsp;<\/strong><strong class=\"myprefix-text-bold\">&amp;<\/strong> <strong class=\"myprefix-text-bold\">\u00c9change et r\u00e9seautage \u2013 Cl\u00f4ture du Forum<\/strong><\/td><td class=\"has-text-align-left\" data-align=\"left\">15&nbsp;h&nbsp;30<\/td><\/tr><tr><td class=\"has-text-align-left\" data-align=\"left\"><strong class=\"myprefix-text-bold\">CONCLUSION DU FORUM<\/strong><\/td><td class=\"has-text-align-left\" data-align=\"left\"><\/td><\/tr><\/tbody><\/table><\/figure>\n\n\n\n<div class=\"wp-block-buttons is-content-justification-center is-layout-flex wp-container-core-buttons-is-layout-16018d1d wp-block-buttons-is-layout-flex\">\n<div class=\"wp-block-button\"><a class=\"wp-block-button__link wp-element-button\" href=\"https:\/\/carleton.ca\/equity\/rencontrez-les-conferenciers\/\">Rencontrez les conf\u00e9renciers<\/a><\/div>\n\n\n\n<div class=\"wp-block-button\"><a class=\"wp-block-button__link wp-element-button\" href=\"https:\/\/carleton.ca\/equity\/wp-content\/uploads\/sites\/152\/2026\/03\/EDEI-260304-001_GUIDE-SC-IIF-2026-Forum-_FRA.pdf\">Guide de bienvenue \u00e0 Ottawa.\u201d<\/a><\/div>\n<\/div>\n\n\n\n<p><\/p>\n","protected":false},"excerpt":{"rendered":"<p>JOUR&nbsp;1&nbsp;\u2013&nbsp;14&nbsp;MAI UNIVERSIT\u00c9 CARLETONAnimateur du forum &#8211; Adrian Harewood Inscription 8&nbsp;h R\u00e9union d&#8217;affaires 9&nbsp;h \u2013 10&nbsp;h&nbsp;30 C\u00e9r\u00e9monie d\u2019ouverture (prestation d\u2019un groupe de percussions d\u2019Afrique de l\u2019Ouest)&nbsp;Allocution: Wisdom&nbsp;Tettey, Recteur et Vice-Chancelier de l\u2019Universit\u00e9 Carleton 10&nbsp;h&nbsp;30 \u00ab&nbsp;Investir dans les communaut\u00e9s noires&nbsp;\u00bbConf\u00e9rencier principal&nbsp;: Liban&nbsp;Abokor&nbsp;Fondateur et directeur g\u00e9n\u00e9ral de Reimagine LABS. Coauteur du rapport \u00ab&nbsp;Unfunded: Black Communities Overlooked by Canadian [&hellip;]<\/p>\n","protected":false},"author":73,"featured_media":6440,"parent":0,"menu_order":0,"comment_status":"closed","ping_status":"closed","template":"","meta":{"_acf_changed":false,"_cu_dining_location_slug":"","footnotes":"","_links_to":"","_links_to_target":""},"cu_page_type":[],"class_list":["post-6488","page","type-page","status-publish","has-post-thumbnail","hentry"],"acf":{"cu_post_thumbnail":""},"_links":{"self":[{"href":"https:\/\/carleton.ca\/equity\/wp-json\/wp\/v2\/pages\/6488","targetHints":{"allow":["GET"]}}],"collection":[{"href":"https:\/\/carleton.ca\/equity\/wp-json\/wp\/v2\/pages"}],"about":[{"href":"https:\/\/carleton.ca\/equity\/wp-json\/wp\/v2\/types\/page"}],"author":[{"embeddable":true,"href":"https:\/\/carleton.ca\/equity\/wp-json\/wp\/v2\/users\/73"}],"replies":[{"embeddable":true,"href":"https:\/\/carleton.ca\/equity\/wp-json\/wp\/v2\/comments?post=6488"}],"version-history":[{"count":5,"href":"https:\/\/carleton.ca\/equity\/wp-json\/wp\/v2\/pages\/6488\/revisions"}],"predecessor-version":[{"id":6844,"href":"https:\/\/carleton.ca\/equity\/wp-json\/wp\/v2\/pages\/6488\/revisions\/6844"}],"wp:featuredmedia":[{"embeddable":true,"href":"https:\/\/carleton.ca\/equity\/wp-json\/wp\/v2\/media\/6440"}],"wp:attachment":[{"href":"https:\/\/carleton.ca\/equity\/wp-json\/wp\/v2\/media?parent=6488"}],"wp:term":[{"taxonomy":"cu_page_type","embeddable":true,"href":"https:\/\/carleton.ca\/equity\/wp-json\/wp\/v2\/cu_page_type?post=6488"}],"curies":[{"name":"wp","href":"https:\/\/api.w.org\/{rel}","templated":true}]}}