{"id":8,"date":"2014-05-21T18:07:28","date_gmt":"2014-05-21T18:07:28","guid":{"rendered":"http:\/\/ccs-cmsdev1.carleton.ca\/electro\/?page_id=8"},"modified":"2014-05-21T18:07:28","modified_gmt":"2014-05-21T18:07:28","slug":"news","status":"publish","type":"page","link":"https:\/\/carleton.ca\/erochko\/news\/","title":{"rendered":"News"},"content":{"rendered":"<section class=\"content-wrapper content-wrapper--shortcode\"><div class=\"u-post-reload\"><div class=\"news news--archive u-width-limited\"><a class=\"news__link  news__link--archive\" href=\"https:\/\/carleton.ca\/erochko\/2016\/erochko-wins-2016-teaching-achievement-award\/\"><p class=\"news__date news__date--archive\">Thursday, April 7, 2016<\/p><h3 class=\"news__heading u-hide-in-toc news__heading--archive\" rel=\"bookmark\">Erochko Wins 2016 Teaching Achievement Award<\/h3><p class=\"news__excerpt news__excerpt--archive\">Every year Carleton University recognizes the excellence of its faculty, instructors and librarians with Achievement Awards. Jeff Erochko, Assistant Professor won one of five 2016 Teaching Achievement awards. \u00a0The project is entitled: Use of Augmented Reality to Teach Undergraduate Mechanics Prof. Erochko teaches structural engineering and has... <span class=\"news__more-link\">More<\/span><\/p><\/a><\/div><div class=\"news news--archive u-width-limited\"><a class=\"news__link  news__link--archive\" href=\"https:\/\/carleton.ca\/erochko\/2016\/gohlich-awarded-catherine-lalonde-memorial-scholarship\/\"><p class=\"news__date news__date--archive\">Wednesday, February 3, 2016<\/p><h3 class=\"news__heading u-hide-in-toc news__heading--archive\" rel=\"bookmark\">Gohlich Awarded Catherine Lalonde Memorial Scholarship<\/h3><p class=\"news__excerpt news__excerpt--archive\">Ryan Gohlich, a 3rd year Masters of Applied Science student in Civil Engineering was one of two recipients of the 2015 Catherine Lalonde Memorial Scholarship awarded by the Canadian Wood Council (CWC) in November 2015. Gohlich has been conducting research to develop a hybrid timber-steel moment-resisting frame for use in seismic resistant heavy... <span class=\"news__more-link\">More<\/span><\/p><\/a><\/div><div class=\"news news--archive u-width-limited\"><a class=\"news__link  news__link--archive\" href=\"https:\/\/carleton.ca\/erochko\/2015\/prof-erochko-elected-as-a-director-of-the-canadian-association-for-earthquake-engineering\/\"><p class=\"news__date news__date--archive\">Tuesday, August 18, 2015<\/p><h3 class=\"news__heading u-hide-in-toc news__heading--archive\" rel=\"bookmark\">Prof. Erochko Elected as a Director of the Canadian Association for Earthquake Engineering<\/h3><p class=\"news__excerpt news__excerpt--archive\">At the recent Canadian Conference on Earthquake Engineering in Victoria BC, Prof. Erochko has been elected to be a director of the Canadian Association for Earthquake Engineering (CAEE). The CAEE is led by president Prof. Carlos Ventura (UBC). Prof. Erochko serves the CAEE as chair of the Policy and Procedures Committee and also as... <span class=\"news__more-link\">More<\/span><\/p><\/a><\/div><div class=\"news news--archive u-width-limited\"><a class=\"news__link  news__link--archive\" href=\"https:\/\/carleton.ca\/erochko\/2015\/excellence-in-teaching-award\/\"><p class=\"news__date news__date--archive\">Thursday, June 4, 2015<\/p><h3 class=\"news__heading u-hide-in-toc news__heading--archive\" rel=\"bookmark\">Excellence in Teaching Award<\/h3><p class=\"news__excerpt news__excerpt--archive\">Prof. Erochko has been awarded the New Faculty Excellence in Teaching Award for 2015 by Carleton... <span class=\"news__more-link\">More<\/span><\/p><\/a><\/div><div class=\"news news--archive u-width-limited\"><a class=\"news__link  news__link--archive\" href=\"https:\/\/carleton.ca\/erochko\/2015\/best-professor-award-by-undergraduates\/\"><p class=\"news__date news__date--archive\">Saturday, May 30, 2015<\/p><h3 class=\"news__heading u-hide-in-toc news__heading--archive\" rel=\"bookmark\">&#8220;Best Professor&#8221; Award from Undergraduates<\/h3><p class=\"news__excerpt news__excerpt--archive\">Prof. Erochko has been given the award &quot;Best Professor&quot; by the Carleton Student Engineering Society (CSES) at their annual... <span class=\"news__more-link\">More<\/span><\/p><\/a><\/div><div class=\"news news--archive u-width-limited\"><a class=\"news__link  news__link--archive\" href=\"https:\/\/carleton.ca\/erochko\/2015\/prof-lau-prof-erochko-and-colleagues-awarded-7-7-million-equipment-grant\/\"><p class=\"news__date news__date--archive\">Saturday, May 30, 2015<\/p><h3 class=\"news__heading u-hide-in-toc news__heading--archive\" rel=\"bookmark\">Prof. Lau, Prof. Erochko and Colleagues Awarded $7.7 Million Equipment Grant<\/h3><p class=\"news__excerpt news__excerpt--archive\">Prof. David Lau (PI) with Prof. Jeff Erochko (Co-PI), Prof. Murat Saatcioglu (Co-PI University of Ottawa) and seven other co-applicants were awarded a $7.7 Million combined Canada Foundation for Innovation (CFI) and Ontario Research Fund (ORF) grant for equipment to study multi-hazard effects on infrastructure. The new facility is a joint venture... <span class=\"news__more-link\">More<\/span><\/p><\/a><\/div><div class=\"news news--archive u-width-limited\"><a class=\"news__link  news__link--archive\" href=\"https:\/\/carleton.ca\/erochko\/2015\/prof-erochko-is-co-applicant-on-successful-nserc-create-grant\/\"><p class=\"news__date news__date--archive\">Wednesday, April 15, 2015<\/p><h3 class=\"news__heading u-hide-in-toc news__heading--archive\" rel=\"bookmark\">Prof. Erochko is Co-Applicant on Successful NSERC CREATE grant<\/h3><p class=\"news__excerpt news__excerpt--archive\">A multi-disciplinary group of researchers from Carleton University, Universit\u00e9 du Qu\u00e9bec \u00e0 Montr\u00e9al, and Univerit\u00e9 deMontr\u00e9al, led by Prof. Mario Santana at Carleton, have been recently awarded a $1.65 Million NSERC CREATE grant titled \u201cEngineering Students Supporting Heritage and Sustainability.\u201d The grant supports the training of... <span class=\"news__more-link\">More<\/span><\/p><\/a><\/div><div class=\"news news--archive u-width-limited\"><a class=\"news__link  news__link--archive\" href=\"https:\/\/carleton.ca\/erochko\/2015\/new-website-launch\/\"><p class=\"news__date news__date--archive\">Thursday, January 1, 2015<\/p><h3 class=\"news__heading u-hide-in-toc news__heading--archive\" rel=\"bookmark\">New Website Launch<\/h3><p class=\"news__excerpt news__excerpt--archive\">The website is currently under construction and the content will be updated within the next month. You can come to this page for news updates about research projects, tests, publications and... <span class=\"news__more-link\">More<\/span><\/p><\/a><\/div><\/div><div class=\"button button--news button--more\"><a class=\"load-more button__red button__red--outline\"\n\t\t\t\tdata-numposts=\"35\"\n\t\t\t\tdata-offset=\"35\"\n\t\t\t\tdata-selector=\"blog\" data-catid=\"1\"\n\t\t\t\tdata-nonce=\"0ec4dfc96d\"\n\t\t\t\tdata-thumbnail=\"false\">Load More &rarr;<\/a><\/div><\/section>\n","protected":false},"excerpt":{"rendered":"","protected":false},"author":1,"featured_media":0,"parent":0,"menu_order":0,"comment_status":"open","ping_status":"closed","template":"pg-full.php","meta":{"_relevanssi_hide_post":"","_relevanssi_hide_content":"","_relevanssi_pin_for_all":"","_relevanssi_pin_keywords":"","_relevanssi_unpin_keywords":"","_relevanssi_related_keywords":"","_relevanssi_related_include_ids":"","_relevanssi_related_exclude_ids":"","_relevanssi_related_no_append":"","_relevanssi_related_not_related":"","_relevanssi_related_posts":"","_relevanssi_noindex_reason":"","_mi_skip_tracking":false,"_exactmetrics_sitenote_active":false,"_exactmetrics_sitenote_note":"","_exactmetrics_sitenote_category":0,"footnotes":"","_links_to":"","_links_to_target":""},"yoast_head":"<!-- This site is optimized with the Yoast SEO plugin v21.2 - https:\/\/yoast.com\/wordpress\/plugins\/seo\/ -->\n<title>News - Erochko Research Group<\/title>\n<meta name=\"robots\" content=\"index, follow, max-snippet:-1, max-image-preview:large, max-video-preview:-1\" \/>\n<link rel=\"canonical\" href=\"https:\/\/carleton.ca\/erochko\/news\/\" \/>\n<script type=\"application\/ld+json\" class=\"yoast-schema-graph\">{\"@context\":\"https:\/\/schema.org\",\"@graph\":[{\"@type\":\"WebPage\",\"@id\":\"https:\/\/carleton.ca\/erochko\/news\/\",\"url\":\"https:\/\/carleton.ca\/erochko\/news\/\",\"name\":\"News - Erochko Research Group\",\"isPartOf\":{\"@id\":\"https:\/\/carleton.ca\/erochko\/#website\"},\"datePublished\":\"2014-05-21T18:07:28+00:00\",\"dateModified\":\"2014-05-21T18:07:28+00:00\",\"breadcrumb\":{\"@id\":\"https:\/\/carleton.ca\/erochko\/news\/#breadcrumb\"},\"inLanguage\":\"en-US\",\"potentialAction\":[{\"@type\":\"ReadAction\",\"target\":[\"https:\/\/carleton.ca\/erochko\/news\/\"]}]},{\"@type\":\"BreadcrumbList\",\"@id\":\"https:\/\/carleton.ca\/erochko\/news\/#breadcrumb\",\"itemListElement\":[{\"@type\":\"ListItem\",\"position\":1,\"name\":\"Home\",\"item\":\"https:\/\/carleton.ca\/erochko\/\"},{\"@type\":\"ListItem\",\"position\":2,\"name\":\"News\"}]},{\"@type\":\"WebSite\",\"@id\":\"https:\/\/carleton.ca\/erochko\/#website\",\"url\":\"https:\/\/carleton.ca\/erochko\/\",\"name\":\"Erochko Research Group\",\"description\":\"Carleton University\",\"potentialAction\":[{\"@type\":\"SearchAction\",\"target\":{\"@type\":\"EntryPoint\",\"urlTemplate\":\"https:\/\/carleton.ca\/erochko\/?s={search_term_string}\"},\"query-input\":\"required name=search_term_string\"}],\"inLanguage\":\"en-US\"}]}<\/script>\n<!-- \/ Yoast SEO plugin. -->","yoast_head_json":{"title":"News - Erochko Research Group","robots":{"index":"index","follow":"follow","max-snippet":"max-snippet:-1","max-image-preview":"max-image-preview:large","max-video-preview":"max-video-preview:-1"},"canonical":"https:\/\/carleton.ca\/erochko\/news\/","schema":{"@context":"https:\/\/schema.org","@graph":[{"@type":"WebPage","@id":"https:\/\/carleton.ca\/erochko\/news\/","url":"https:\/\/carleton.ca\/erochko\/news\/","name":"News - Erochko Research Group","isPartOf":{"@id":"https:\/\/carleton.ca\/erochko\/#website"},"datePublished":"2014-05-21T18:07:28+00:00","dateModified":"2014-05-21T18:07:28+00:00","breadcrumb":{"@id":"https:\/\/carleton.ca\/erochko\/news\/#breadcrumb"},"inLanguage":"en-US","potentialAction":[{"@type":"ReadAction","target":["https:\/\/carleton.ca\/erochko\/news\/"]}]},{"@type":"BreadcrumbList","@id":"https:\/\/carleton.ca\/erochko\/news\/#breadcrumb","itemListElement":[{"@type":"ListItem","position":1,"name":"Home","item":"https:\/\/carleton.ca\/erochko\/"},{"@type":"ListItem","position":2,"name":"News"}]},{"@type":"WebSite","@id":"https:\/\/carleton.ca\/erochko\/#website","url":"https:\/\/carleton.ca\/erochko\/","name":"Erochko Research Group","description":"Carleton University","potentialAction":[{"@type":"SearchAction","target":{"@type":"EntryPoint","urlTemplate":"https:\/\/carleton.ca\/erochko\/?s={search_term_string}"},"query-input":"required name=search_term_string"}],"inLanguage":"en-US"}]}},"acf":{"banner_image_type":null,"banner_uploaded_image":null,"banner_hosted_image":null,"banner_opacity":null,"banner_button":null,"banner_buttons":null},"_links":{"self":[{"href":"https:\/\/carleton.ca\/erochko\/wp-json\/wp\/v2\/pages\/8"}],"collection":[{"href":"https:\/\/carleton.ca\/erochko\/wp-json\/wp\/v2\/pages"}],"about":[{"href":"https:\/\/carleton.ca\/erochko\/wp-json\/wp\/v2\/types\/page"}],"author":[{"embeddable":true,"href":"https:\/\/carleton.ca\/erochko\/wp-json\/wp\/v2\/users\/1"}],"replies":[{"embeddable":true,"href":"https:\/\/carleton.ca\/erochko\/wp-json\/wp\/v2\/comments?post=8"}],"version-history":[{"count":1,"href":"https:\/\/carleton.ca\/erochko\/wp-json\/wp\/v2\/pages\/8\/revisions"}],"predecessor-version":[{"id":9,"href":"https:\/\/carleton.ca\/erochko\/wp-json\/wp\/v2\/pages\/8\/revisions\/9"}],"wp:attachment":[{"href":"https:\/\/carleton.ca\/erochko\/wp-json\/wp\/v2\/media?parent=8"}],"curies":[{"name":"wp","href":"https:\/\/api.w.org\/{rel}","templated":true}]}}