{"id":144,"date":"2022-02-08T11:35:58","date_gmt":"2022-02-08T16:35:58","guid":{"rendered":"https:\/\/carleton.ca\/esim22\/?page_id=144"},"modified":"2022-02-08T11:36:56","modified_gmt":"2022-02-08T16:36:56","slug":"orateurs-principaux","status":"publish","type":"page","link":"https:\/\/carleton.ca\/esim22\/accueil\/orateurs-principaux\/","title":{"rendered":"Orateurs principaux"},"content":{"rendered":"<table style=\"border-collapse: collapse; width: 100%; height: 650px;\">\n<tbody>\n<tr style=\"height: 242px;\">\n<td style=\"width: 54.1869%; height: 242px;\"><strong>Jeffrey Siegel<\/strong> est professeur au D\u00e9partement de g\u00e9nie civil et min\u00e9ral de l&#8217;Universit\u00e9 de Toronto et titulaire de la chaire Bahen\/Tanenbaum en g\u00e9nie civil. Il occupe des postes conjoints \u00e0 l&#8217;\u00c9cole de sant\u00e9 publique Dalla Lana et au D\u00e9partement des sciences physiques et environnementales. Il est internationalement reconnu pour son travail sur la qualit\u00e9 de l&#8217;air int\u00e9rieur et est membre de ASHRAE et membre de l&#8217;Academy of Fellows of the International Society for Indoor Air and Climate (ISIAQ). Ses int\u00e9r\u00eats de recherche comprennent la filtration et l&#8217;\u00e9puration de l&#8217;air, la ventilation et la qualit\u00e9 de l&#8217;air int\u00e9rieur, ainsi que l&#8217;impact des syst\u00e8mes de b\u00e2timent sur la microbiologie et la chimie int\u00e9rieures.<\/td>\n<td style=\"width: 45.8131%; height: 242px;\"><img decoding=\"async\" loading=\"lazy\" class=\"alignnone wp-image-127\" src=\"https:\/\/carleton.ca\/esim22\/wp-content\/uploads\/Siegel-2017-Web-1.5MB-1-portrait-scaled-e1644337820806-240x262.jpg\" alt=\"Credit Daria Perevezentsev\" width=\"167\" height=\"182\" srcset=\"https:\/\/carleton.ca\/esim22\/wp-content\/uploads\/Siegel-2017-Web-1.5MB-1-portrait-scaled-e1644337820806-240x262.jpg 240w, https:\/\/carleton.ca\/esim22\/wp-content\/uploads\/Siegel-2017-Web-1.5MB-1-portrait-scaled-e1644337820806-400x437.jpg 400w, https:\/\/carleton.ca\/esim22\/wp-content\/uploads\/Siegel-2017-Web-1.5MB-1-portrait-scaled-e1644337820806-160x175.jpg 160w, https:\/\/carleton.ca\/esim22\/wp-content\/uploads\/Siegel-2017-Web-1.5MB-1-portrait-scaled-e1644337820806-768x839.jpg 768w, https:\/\/carleton.ca\/esim22\/wp-content\/uploads\/Siegel-2017-Web-1.5MB-1-portrait-scaled-e1644337820806-1406x1536.jpg 1406w, https:\/\/carleton.ca\/esim22\/wp-content\/uploads\/Siegel-2017-Web-1.5MB-1-portrait-scaled-e1644337820806-360x393.jpg 360w, https:\/\/carleton.ca\/esim22\/wp-content\/uploads\/Siegel-2017-Web-1.5MB-1-portrait-scaled-e1644337820806.jpg 1792w\" sizes=\"(max-width: 167px) 100vw, 167px\" \/><\/td>\n<\/tr>\n<tr style=\"height: 408px;\">\n<td style=\"width: 54.1869%; height: 408px;\"><strong>Afaf Azzouz<\/strong> est cadre sup\u00e9rieur au sein de la pratique D\u00e9veloppement durable et changement climatique de Deloitte. Elle est ing\u00e9nieure professionnelle, professionnelle de la mod\u00e9lisation \u00e9nerg\u00e9tique des b\u00e2timents et titulaire d&#8217;une ma\u00eetrise en ing\u00e9nierie durable. Avant Deloitte, Afaf a dirig\u00e9 les \u00e9quipes de performance des b\u00e2timents \u00e0 Qu\u00e9bec et \u00e0 Ottawa chez Stantec. Gr\u00e2ce \u00e0 un leadership d\u00e9montr\u00e9, \u00e0 l&#8217;engagement des clients et au mentorat, Afaf est une experte en mati\u00e8re d&#8217;\u00e9valuation des risques climatiques, d&#8217;ESG, de nette z\u00e9ro, des \u00e9missions de carbone li\u00e9es au cycle de vie, et d&#8217;\u00e9valuation des co\u00fbts du cycle de vie. Afaf a \u00e9galement fourni des services de consultation pour tous les types de b\u00e2timents \u00e0 travers le Canada. Elle a \u00e9galement r\u00e9cemment remport\u00e9 trois prix reconnaissant ses efforts, notamment les prix AEE Young Energy Engineer et CBDC Emerging Green Leader Awards.<\/td>\n<td style=\"width: 45.8131%; height: 408px;\"><img decoding=\"async\" loading=\"lazy\" class=\"alignnone wp-image-133\" src=\"https:\/\/carleton.ca\/esim22\/wp-content\/uploads\/Afaf.jpg\" alt=\"\" width=\"166\" height=\"179\" srcset=\"https:\/\/carleton.ca\/esim22\/wp-content\/uploads\/Afaf.jpg 231w, https:\/\/carleton.ca\/esim22\/wp-content\/uploads\/Afaf-160x172.jpg 160w\" sizes=\"(max-width: 166px) 100vw, 166px\" \/><\/td>\n<\/tr>\n<\/tbody>\n<\/table>\n","protected":false},"excerpt":{"rendered":"<p>Jeffrey Siegel est professeur au D\u00e9partement de g\u00e9nie civil et min\u00e9ral de l&#8217;Universit\u00e9 de Toronto et titulaire de la chaire Bahen\/Tanenbaum en g\u00e9nie civil. Il occupe des postes conjoints \u00e0 l&#8217;\u00c9cole de sant\u00e9 publique Dalla Lana et au D\u00e9partement des sciences physiques et environnementales. Il est internationalement reconnu pour son travail sur la qualit\u00e9 de [&hellip;]<\/p>\n","protected":false},"author":6,"featured_media":0,"parent":61,"menu_order":0,"comment_status":"closed","ping_status":"closed","template":"","meta":{"_relevanssi_hide_post":"","_relevanssi_hide_content":"","_relevanssi_pin_for_all":"","_relevanssi_pin_keywords":"","_relevanssi_unpin_keywords":"","_relevanssi_related_keywords":"","_relevanssi_related_include_ids":"","_relevanssi_related_exclude_ids":"","_relevanssi_related_no_append":"","_relevanssi_related_not_related":"","_relevanssi_related_posts":"","_relevanssi_noindex_reason":"","_mi_skip_tracking":false,"_exactmetrics_sitenote_active":false,"_exactmetrics_sitenote_note":"","_exactmetrics_sitenote_category":0,"_monsterinsights_sitenote_active":false,"_monsterinsights_sitenote_note":"","_monsterinsights_sitenote_category":0,"footnotes":"","_links_to":"","_links_to_target":""},"yoast_head":"<!-- This site is optimized with the Yoast SEO plugin v21.2 - https:\/\/yoast.com\/wordpress\/plugins\/seo\/ -->\n<title>Orateurs principaux - eSim 2022<\/title>\n<meta name=\"description\" content=\"Jeffrey Siegel est professeur au D\u00e9partement de g\u00e9nie civil et min\u00e9ral de l&#039;Universit\u00e9 de Toronto et titulaire de la chaire Bahen\/Tanenbaum en g\u00e9nie\" \/>\n<meta name=\"robots\" content=\"index, follow, max-snippet:-1, max-image-preview:large, max-video-preview:-1\" \/>\n<link rel=\"canonical\" href=\"https:\/\/carleton.ca\/esim22\/accueil\/orateurs-principaux\/\" \/>\n<meta name=\"twitter:label1\" content=\"Est. reading time\" \/>\n\t<meta name=\"twitter:data1\" content=\"1 minute\" \/>\n<script type=\"application\/ld+json\" class=\"yoast-schema-graph\">{\"@context\":\"https:\/\/schema.org\",\"@graph\":[{\"@type\":\"WebPage\",\"@id\":\"https:\/\/carleton.ca\/esim22\/accueil\/orateurs-principaux\/\",\"url\":\"https:\/\/carleton.ca\/esim22\/accueil\/orateurs-principaux\/\",\"name\":\"Orateurs principaux - eSim 2022\",\"isPartOf\":{\"@id\":\"https:\/\/carleton.ca\/esim22\/#website\"},\"datePublished\":\"2022-02-08T16:35:58+00:00\",\"dateModified\":\"2022-02-08T16:36:56+00:00\",\"description\":\"Jeffrey Siegel est professeur au D\u00e9partement de g\u00e9nie civil et min\u00e9ral de l'Universit\u00e9 de Toronto et titulaire de la chaire Bahen\/Tanenbaum en g\u00e9nie\",\"breadcrumb\":{\"@id\":\"https:\/\/carleton.ca\/esim22\/accueil\/orateurs-principaux\/#breadcrumb\"},\"inLanguage\":\"en-US\",\"potentialAction\":[{\"@type\":\"ReadAction\",\"target\":[\"https:\/\/carleton.ca\/esim22\/accueil\/orateurs-principaux\/\"]}]},{\"@type\":\"BreadcrumbList\",\"@id\":\"https:\/\/carleton.ca\/esim22\/accueil\/orateurs-principaux\/#breadcrumb\",\"itemListElement\":[{\"@type\":\"ListItem\",\"position\":1,\"name\":\"Home\",\"item\":\"https:\/\/carleton.ca\/esim22\/\"},{\"@type\":\"ListItem\",\"position\":2,\"name\":\"Accueil\",\"item\":\"https:\/\/carleton.ca\/esim22\/accueil\/\"},{\"@type\":\"ListItem\",\"position\":3,\"name\":\"Orateurs principaux\"}]},{\"@type\":\"WebSite\",\"@id\":\"https:\/\/carleton.ca\/esim22\/#website\",\"url\":\"https:\/\/carleton.ca\/esim22\/\",\"name\":\"eSim 2022\",\"description\":\"Carleton University\",\"potentialAction\":[{\"@type\":\"SearchAction\",\"target\":{\"@type\":\"EntryPoint\",\"urlTemplate\":\"https:\/\/carleton.ca\/esim22\/?s={search_term_string}\"},\"query-input\":\"required name=search_term_string\"}],\"inLanguage\":\"en-US\"}]}<\/script>\n<!-- \/ Yoast SEO plugin. -->","yoast_head_json":{"title":"Orateurs principaux - eSim 2022","description":"Jeffrey Siegel est professeur au D\u00e9partement de g\u00e9nie civil et min\u00e9ral de l'Universit\u00e9 de Toronto et titulaire de la chaire Bahen\/Tanenbaum en g\u00e9nie","robots":{"index":"index","follow":"follow","max-snippet":"max-snippet:-1","max-image-preview":"max-image-preview:large","max-video-preview":"max-video-preview:-1"},"canonical":"https:\/\/carleton.ca\/esim22\/accueil\/orateurs-principaux\/","twitter_misc":{"Est. reading time":"1 minute"},"schema":{"@context":"https:\/\/schema.org","@graph":[{"@type":"WebPage","@id":"https:\/\/carleton.ca\/esim22\/accueil\/orateurs-principaux\/","url":"https:\/\/carleton.ca\/esim22\/accueil\/orateurs-principaux\/","name":"Orateurs principaux - eSim 2022","isPartOf":{"@id":"https:\/\/carleton.ca\/esim22\/#website"},"datePublished":"2022-02-08T16:35:58+00:00","dateModified":"2022-02-08T16:36:56+00:00","description":"Jeffrey Siegel est professeur au D\u00e9partement de g\u00e9nie civil et min\u00e9ral de l'Universit\u00e9 de Toronto et titulaire de la chaire Bahen\/Tanenbaum en g\u00e9nie","breadcrumb":{"@id":"https:\/\/carleton.ca\/esim22\/accueil\/orateurs-principaux\/#breadcrumb"},"inLanguage":"en-US","potentialAction":[{"@type":"ReadAction","target":["https:\/\/carleton.ca\/esim22\/accueil\/orateurs-principaux\/"]}]},{"@type":"BreadcrumbList","@id":"https:\/\/carleton.ca\/esim22\/accueil\/orateurs-principaux\/#breadcrumb","itemListElement":[{"@type":"ListItem","position":1,"name":"Home","item":"https:\/\/carleton.ca\/esim22\/"},{"@type":"ListItem","position":2,"name":"Accueil","item":"https:\/\/carleton.ca\/esim22\/accueil\/"},{"@type":"ListItem","position":3,"name":"Orateurs principaux"}]},{"@type":"WebSite","@id":"https:\/\/carleton.ca\/esim22\/#website","url":"https:\/\/carleton.ca\/esim22\/","name":"eSim 2022","description":"Carleton University","potentialAction":[{"@type":"SearchAction","target":{"@type":"EntryPoint","urlTemplate":"https:\/\/carleton.ca\/esim22\/?s={search_term_string}"},"query-input":"required name=search_term_string"}],"inLanguage":"en-US"}]}},"acf":{"banner_image_type":"none","banner_button":"no"},"_links":{"self":[{"href":"https:\/\/carleton.ca\/esim22\/wp-json\/wp\/v2\/pages\/144"}],"collection":[{"href":"https:\/\/carleton.ca\/esim22\/wp-json\/wp\/v2\/pages"}],"about":[{"href":"https:\/\/carleton.ca\/esim22\/wp-json\/wp\/v2\/types\/page"}],"author":[{"embeddable":true,"href":"https:\/\/carleton.ca\/esim22\/wp-json\/wp\/v2\/users\/6"}],"replies":[{"embeddable":true,"href":"https:\/\/carleton.ca\/esim22\/wp-json\/wp\/v2\/comments?post=144"}],"version-history":[{"count":3,"href":"https:\/\/carleton.ca\/esim22\/wp-json\/wp\/v2\/pages\/144\/revisions"}],"predecessor-version":[{"id":149,"href":"https:\/\/carleton.ca\/esim22\/wp-json\/wp\/v2\/pages\/144\/revisions\/149"}],"up":[{"embeddable":true,"href":"https:\/\/carleton.ca\/esim22\/wp-json\/wp\/v2\/pages\/61"}],"wp:attachment":[{"href":"https:\/\/carleton.ca\/esim22\/wp-json\/wp\/v2\/media?parent=144"}],"curies":[{"name":"wp","href":"https:\/\/api.w.org\/{rel}","templated":true}]}}