{"id":214,"date":"2022-03-14T16:48:09","date_gmt":"2022-03-14T20:48:09","guid":{"rendered":"https:\/\/carleton.ca\/esim22\/?page_id=214"},"modified":"2022-05-16T14:53:01","modified_gmt":"2022-05-16T18:53:01","slug":"sponsors-and-supporting-organizations-2","status":"publish","type":"page","link":"https:\/\/carleton.ca\/esim22\/accueil\/sponsors-and-supporting-organizations-2\/","title":{"rendered":"Sponsors et organisations de soutien"},"content":{"rendered":"<p>Les organisateurs d&#8217;eSim souhaitent remercier les organisations suivantes pour leur soutien. Ce soutien permet de nombreuses initiatives importantes dirig\u00e9es par IBPSA Canada, telles que les bourses de voyage pour \u00e9tudiants pour eSim et les conf\u00e9rences \u00ab Building Simulation \u00bb d&#8217;IBPSA, et joue un r\u00f4le important dans l&#8217;organisation de l&#8217;\u00e9v\u00e9nement phare d&#8217;IBPSA Canada, eSim. Nous accueillons de nouveaux commanditaires ! Pour vos questions sur le parrainage, veuillez contacter le responsable du parrainage, le professeur Liam O&#8217;Brien (<a class=\"c-link\" href=\"&#109;&#x61;&#x69;&#108;&#x74;&#x6f;&#58;&#x4c;&#x69;&#97;&#x6d;&#x2e;&#79;&#x42;&#x72;&#105;&#x65;&#x6e;&#64;&#x63;&#x61;&#114;&#x6c;&#x65;&#116;&#x6f;&#x6e;&#46;&#x63;&#x61;\" target=\"_blank\" rel=\"noopener noreferrer\" data-stringify-link=\"&#x6d;&#x61;&#x69;&#108;&#116;&#111;:L&#x69;&#x61;&#x6d;&#x2e;&#79;&#66;ri&#x65;&#x6e;&#x40;&#x63;&#97;&#114;le&#x74;&#x6f;&#x6e;&#x2e;&#99;&#97;\" data-sk=\"tooltip_parent\" aria-haspopup=\"menu\" aria-expanded=\"false\">L&#105;&#97;&#x6d;&#x2e;OB&#114;&#105;&#x65;&#x6e;&#64;c&#97;&#114;&#x6c;&#x65;to&#110;&#x2e;&#x63;&#x61;<\/a>).<\/p>\n<h3>Organisations de soutien<\/h3>\n<p><img decoding=\"async\" loading=\"lazy\" class=\"aligncenter wp-image-164 size-large\" src=\"https:\/\/carleton.ca\/esim22\/wp-content\/uploads\/IBPSA-canada-logo-redux-2019-11-low-res-web-no-transparency-400x130.png\" alt=\"\" width=\"400\" height=\"130\" srcset=\"https:\/\/carleton.ca\/esim22\/wp-content\/uploads\/IBPSA-canada-logo-redux-2019-11-low-res-web-no-transparency-400x130.png 400w, https:\/\/carleton.ca\/esim22\/wp-content\/uploads\/IBPSA-canada-logo-redux-2019-11-low-res-web-no-transparency-240x78.png 240w, https:\/\/carleton.ca\/esim22\/wp-content\/uploads\/IBPSA-canada-logo-redux-2019-11-low-res-web-no-transparency-160x52.png 160w, https:\/\/carleton.ca\/esim22\/wp-content\/uploads\/IBPSA-canada-logo-redux-2019-11-low-res-web-no-transparency-768x249.png 768w, https:\/\/carleton.ca\/esim22\/wp-content\/uploads\/IBPSA-canada-logo-redux-2019-11-low-res-web-no-transparency-360x117.png 360w, https:\/\/carleton.ca\/esim22\/wp-content\/uploads\/IBPSA-canada-logo-redux-2019-11-low-res-web-no-transparency.png 1018w\" sizes=\"(max-width: 400px) 100vw, 400px\" \/><\/p>\n<p><img decoding=\"async\" loading=\"lazy\" class=\"aligncenter wp-image-160 size-large\" src=\"https:\/\/carleton.ca\/esim22\/wp-content\/uploads\/GC_Wordmark-st_EF-400x131.png\" alt=\"\" width=\"400\" height=\"131\" srcset=\"https:\/\/carleton.ca\/esim22\/wp-content\/uploads\/GC_Wordmark-st_EF-400x131.png 400w, https:\/\/carleton.ca\/esim22\/wp-content\/uploads\/GC_Wordmark-st_EF-240x78.png 240w, https:\/\/carleton.ca\/esim22\/wp-content\/uploads\/GC_Wordmark-st_EF-160x52.png 160w, https:\/\/carleton.ca\/esim22\/wp-content\/uploads\/GC_Wordmark-st_EF-768x251.png 768w, https:\/\/carleton.ca\/esim22\/wp-content\/uploads\/GC_Wordmark-st_EF-360x117.png 360w, https:\/\/carleton.ca\/esim22\/wp-content\/uploads\/GC_Wordmark-st_EF.png 999w\" sizes=\"(max-width: 400px) 100vw, 400px\" \/><\/p>\n<p style=\"text-align: center;\">Natural Resources Canada &amp; National Research Council Canada<\/p>\n<h3>Sponsors<\/h3>\n<p><img decoding=\"async\" loading=\"lazy\" class=\"aligncenter wp-image-162 size-large\" src=\"https:\/\/carleton.ca\/esim22\/wp-content\/uploads\/B_Logo_FED-H-CMYKFullColour_180821-scaled-e1647094582898-400x111.jpg\" alt=\"\" width=\"400\" height=\"111\" srcset=\"https:\/\/carleton.ca\/esim22\/wp-content\/uploads\/B_Logo_FED-H-CMYKFullColour_180821-scaled-e1647094582898-400x111.jpg 400w, https:\/\/carleton.ca\/esim22\/wp-content\/uploads\/B_Logo_FED-H-CMYKFullColour_180821-scaled-e1647094582898-240x66.jpg 240w, https:\/\/carleton.ca\/esim22\/wp-content\/uploads\/B_Logo_FED-H-CMYKFullColour_180821-scaled-e1647094582898-160x44.jpg 160w, https:\/\/carleton.ca\/esim22\/wp-content\/uploads\/B_Logo_FED-H-CMYKFullColour_180821-scaled-e1647094582898-768x213.jpg 768w, https:\/\/carleton.ca\/esim22\/wp-content\/uploads\/B_Logo_FED-H-CMYKFullColour_180821-scaled-e1647094582898-1536x425.jpg 1536w, https:\/\/carleton.ca\/esim22\/wp-content\/uploads\/B_Logo_FED-H-CMYKFullColour_180821-scaled-e1647094582898-360x100.jpg 360w, https:\/\/carleton.ca\/esim22\/wp-content\/uploads\/B_Logo_FED-H-CMYKFullColour_180821-scaled-e1647094582898.jpg 1824w\" sizes=\"(max-width: 400px) 100vw, 400px\" \/><\/p>\n<p><img decoding=\"async\" loading=\"lazy\" class=\" wp-image-229 aligncenter\" src=\"https:\/\/carleton.ca\/esim22\/wp-content\/uploads\/Hydro_Quebec_web_coul-240x76.png\" alt=\"\" width=\"335\" height=\"106\" srcset=\"https:\/\/carleton.ca\/esim22\/wp-content\/uploads\/Hydro_Quebec_web_coul-240x76.png 240w, https:\/\/carleton.ca\/esim22\/wp-content\/uploads\/Hydro_Quebec_web_coul-400x127.png 400w, https:\/\/carleton.ca\/esim22\/wp-content\/uploads\/Hydro_Quebec_web_coul-160x51.png 160w, https:\/\/carleton.ca\/esim22\/wp-content\/uploads\/Hydro_Quebec_web_coul-768x245.png 768w, https:\/\/carleton.ca\/esim22\/wp-content\/uploads\/Hydro_Quebec_web_coul-360x115.png 360w, https:\/\/carleton.ca\/esim22\/wp-content\/uploads\/Hydro_Quebec_web_coul.png 1302w\" sizes=\"(max-width: 335px) 100vw, 335px\" \/><\/p>\n<p><img decoding=\"async\" loading=\"lazy\" class=\"alignnone size-full wp-image-257 aligncenter\" src=\"https:\/\/carleton.ca\/esim22\/wp-content\/uploads\/bcit_cmyk.jpeg\" alt=\"\" width=\"167\" height=\"153\" srcset=\"https:\/\/carleton.ca\/esim22\/wp-content\/uploads\/bcit_cmyk.jpeg 167w, https:\/\/carleton.ca\/esim22\/wp-content\/uploads\/bcit_cmyk-160x147.jpeg 160w\" sizes=\"(max-width: 167px) 100vw, 167px\" \/><\/p>\n<p style=\"text-align: center;\"><img decoding=\"async\" loading=\"lazy\" class=\"aligncenter wp-image-163 size-large\" src=\"https:\/\/carleton.ca\/esim22\/wp-content\/uploads\/Stantec_Black-400x106.png\" alt=\"\" width=\"400\" height=\"106\" srcset=\"https:\/\/carleton.ca\/esim22\/wp-content\/uploads\/Stantec_Black-400x106.png 400w, https:\/\/carleton.ca\/esim22\/wp-content\/uploads\/Stantec_Black-240x64.png 240w, https:\/\/carleton.ca\/esim22\/wp-content\/uploads\/Stantec_Black-160x43.png 160w, https:\/\/carleton.ca\/esim22\/wp-content\/uploads\/Stantec_Black-768x204.png 768w, https:\/\/carleton.ca\/esim22\/wp-content\/uploads\/Stantec_Black-1536x408.png 1536w, https:\/\/carleton.ca\/esim22\/wp-content\/uploads\/Stantec_Black-360x96.png 360w, https:\/\/carleton.ca\/esim22\/wp-content\/uploads\/Stantec_Black.png 1558w\" sizes=\"(max-width: 400px) 100vw, 400px\" \/>\u00a0 \u00a0<img decoding=\"async\" loading=\"lazy\" class=\"aligncenter wp-image-173 size-full\" src=\"https:\/\/carleton.ca\/esim22\/wp-content\/uploads\/DeltaLogo.png\" alt=\"\" width=\"269\" height=\"162\" srcset=\"https:\/\/carleton.ca\/esim22\/wp-content\/uploads\/DeltaLogo.png 269w, https:\/\/carleton.ca\/esim22\/wp-content\/uploads\/DeltaLogo-240x145.png 240w, https:\/\/carleton.ca\/esim22\/wp-content\/uploads\/DeltaLogo-160x96.png 160w\" sizes=\"(max-width: 269px) 100vw, 269px\" \/><\/p>\n<p><img decoding=\"async\" loading=\"lazy\" class=\"alignnone wp-image-258 aligncenter\" src=\"https:\/\/carleton.ca\/esim22\/wp-content\/uploads\/social-media-union-gas-logo-240x125.png\" alt=\"\" width=\"284\" height=\"148\" srcset=\"https:\/\/carleton.ca\/esim22\/wp-content\/uploads\/social-media-union-gas-logo-240x125.png 240w, https:\/\/carleton.ca\/esim22\/wp-content\/uploads\/social-media-union-gas-logo-400x209.png 400w, https:\/\/carleton.ca\/esim22\/wp-content\/uploads\/social-media-union-gas-logo-160x84.png 160w, https:\/\/carleton.ca\/esim22\/wp-content\/uploads\/social-media-union-gas-logo-768x401.png 768w, https:\/\/carleton.ca\/esim22\/wp-content\/uploads\/social-media-union-gas-logo-360x188.png 360w, https:\/\/carleton.ca\/esim22\/wp-content\/uploads\/social-media-union-gas-logo.png 1200w\" sizes=\"(max-width: 284px) 100vw, 284px\" \/><\/p>\n<p><img decoding=\"async\" loading=\"lazy\" class=\"wp-image-259 aligncenter\" src=\"https:\/\/carleton.ca\/esim22\/wp-content\/uploads\/IES-Logo-Atlantic-Blue-HiRes-240x240.jpg\" alt=\"\" width=\"177\" height=\"177\" srcset=\"https:\/\/carleton.ca\/esim22\/wp-content\/uploads\/IES-Logo-Atlantic-Blue-HiRes-240x240.jpg 240w, https:\/\/carleton.ca\/esim22\/wp-content\/uploads\/IES-Logo-Atlantic-Blue-HiRes-160x160.jpg 160w, https:\/\/carleton.ca\/esim22\/wp-content\/uploads\/IES-Logo-Atlantic-Blue-HiRes-200x200.jpg 200w, https:\/\/carleton.ca\/esim22\/wp-content\/uploads\/IES-Logo-Atlantic-Blue-HiRes.jpg 354w\" sizes=\"(max-width: 177px) 100vw, 177px\" \/><\/p>\n","protected":false},"excerpt":{"rendered":"<p>Les organisateurs d&#8217;eSim souhaitent remercier les organisations suivantes pour leur soutien. Ce soutien permet de nombreuses initiatives importantes dirig\u00e9es par IBPSA Canada, telles que les bourses de voyage pour \u00e9tudiants pour eSim et les conf\u00e9rences \u00ab Building Simulation \u00bb d&#8217;IBPSA, et joue un r\u00f4le important dans l&#8217;organisation de l&#8217;\u00e9v\u00e9nement phare d&#8217;IBPSA Canada, eSim. Nous accueillons [&hellip;]<\/p>\n","protected":false},"author":6,"featured_media":0,"parent":61,"menu_order":0,"comment_status":"closed","ping_status":"closed","template":"","meta":{"_relevanssi_hide_post":"","_relevanssi_hide_content":"","_relevanssi_pin_for_all":"","_relevanssi_pin_keywords":"","_relevanssi_unpin_keywords":"","_relevanssi_related_keywords":"","_relevanssi_related_include_ids":"","_relevanssi_related_exclude_ids":"","_relevanssi_related_no_append":"","_relevanssi_related_not_related":"","_relevanssi_related_posts":"","_relevanssi_noindex_reason":"","_mi_skip_tracking":false,"_exactmetrics_sitenote_active":false,"_exactmetrics_sitenote_note":"","_exactmetrics_sitenote_category":0,"_monsterinsights_sitenote_active":false,"_monsterinsights_sitenote_note":"","_monsterinsights_sitenote_category":0,"footnotes":"","_links_to":"","_links_to_target":""},"yoast_head":"<!-- This site is optimized with the Yoast SEO plugin v21.2 - https:\/\/yoast.com\/wordpress\/plugins\/seo\/ -->\n<title>Sponsors et organisations de soutien - eSim 2022<\/title>\n<meta name=\"description\" content=\"Les organisateurs d&#039;eSim souhaitent remercier les organisations suivantes pour leur soutien. Ce soutien permet de nombreuses initiatives importantes\" \/>\n<meta name=\"robots\" content=\"index, follow, max-snippet:-1, max-image-preview:large, max-video-preview:-1\" \/>\n<link rel=\"canonical\" href=\"https:\/\/carleton.ca\/esim22\/accueil\/sponsors-and-supporting-organizations-2\/\" \/>\n<script type=\"application\/ld+json\" class=\"yoast-schema-graph\">{\"@context\":\"https:\/\/schema.org\",\"@graph\":[{\"@type\":\"WebPage\",\"@id\":\"https:\/\/carleton.ca\/esim22\/accueil\/sponsors-and-supporting-organizations-2\/\",\"url\":\"https:\/\/carleton.ca\/esim22\/accueil\/sponsors-and-supporting-organizations-2\/\",\"name\":\"Sponsors et organisations de soutien - eSim 2022\",\"isPartOf\":{\"@id\":\"https:\/\/carleton.ca\/esim22\/#website\"},\"datePublished\":\"2022-03-14T20:48:09+00:00\",\"dateModified\":\"2022-05-16T18:53:01+00:00\",\"description\":\"Les organisateurs d'eSim souhaitent remercier les organisations suivantes pour leur soutien. Ce soutien permet de nombreuses initiatives importantes\",\"breadcrumb\":{\"@id\":\"https:\/\/carleton.ca\/esim22\/accueil\/sponsors-and-supporting-organizations-2\/#breadcrumb\"},\"inLanguage\":\"en-US\",\"potentialAction\":[{\"@type\":\"ReadAction\",\"target\":[\"https:\/\/carleton.ca\/esim22\/accueil\/sponsors-and-supporting-organizations-2\/\"]}]},{\"@type\":\"BreadcrumbList\",\"@id\":\"https:\/\/carleton.ca\/esim22\/accueil\/sponsors-and-supporting-organizations-2\/#breadcrumb\",\"itemListElement\":[{\"@type\":\"ListItem\",\"position\":1,\"name\":\"Home\",\"item\":\"https:\/\/carleton.ca\/esim22\/\"},{\"@type\":\"ListItem\",\"position\":2,\"name\":\"Accueil\",\"item\":\"https:\/\/carleton.ca\/esim22\/accueil\/\"},{\"@type\":\"ListItem\",\"position\":3,\"name\":\"Sponsors et organisations de soutien\"}]},{\"@type\":\"WebSite\",\"@id\":\"https:\/\/carleton.ca\/esim22\/#website\",\"url\":\"https:\/\/carleton.ca\/esim22\/\",\"name\":\"eSim 2022\",\"description\":\"Carleton University\",\"potentialAction\":[{\"@type\":\"SearchAction\",\"target\":{\"@type\":\"EntryPoint\",\"urlTemplate\":\"https:\/\/carleton.ca\/esim22\/?s={search_term_string}\"},\"query-input\":\"required name=search_term_string\"}],\"inLanguage\":\"en-US\"}]}<\/script>\n<!-- \/ Yoast SEO plugin. -->","yoast_head_json":{"title":"Sponsors et organisations de soutien - eSim 2022","description":"Les organisateurs d'eSim souhaitent remercier les organisations suivantes pour leur soutien. Ce soutien permet de nombreuses initiatives importantes","robots":{"index":"index","follow":"follow","max-snippet":"max-snippet:-1","max-image-preview":"max-image-preview:large","max-video-preview":"max-video-preview:-1"},"canonical":"https:\/\/carleton.ca\/esim22\/accueil\/sponsors-and-supporting-organizations-2\/","schema":{"@context":"https:\/\/schema.org","@graph":[{"@type":"WebPage","@id":"https:\/\/carleton.ca\/esim22\/accueil\/sponsors-and-supporting-organizations-2\/","url":"https:\/\/carleton.ca\/esim22\/accueil\/sponsors-and-supporting-organizations-2\/","name":"Sponsors et organisations de soutien - eSim 2022","isPartOf":{"@id":"https:\/\/carleton.ca\/esim22\/#website"},"datePublished":"2022-03-14T20:48:09+00:00","dateModified":"2022-05-16T18:53:01+00:00","description":"Les organisateurs d'eSim souhaitent remercier les organisations suivantes pour leur soutien. Ce soutien permet de nombreuses initiatives importantes","breadcrumb":{"@id":"https:\/\/carleton.ca\/esim22\/accueil\/sponsors-and-supporting-organizations-2\/#breadcrumb"},"inLanguage":"en-US","potentialAction":[{"@type":"ReadAction","target":["https:\/\/carleton.ca\/esim22\/accueil\/sponsors-and-supporting-organizations-2\/"]}]},{"@type":"BreadcrumbList","@id":"https:\/\/carleton.ca\/esim22\/accueil\/sponsors-and-supporting-organizations-2\/#breadcrumb","itemListElement":[{"@type":"ListItem","position":1,"name":"Home","item":"https:\/\/carleton.ca\/esim22\/"},{"@type":"ListItem","position":2,"name":"Accueil","item":"https:\/\/carleton.ca\/esim22\/accueil\/"},{"@type":"ListItem","position":3,"name":"Sponsors et organisations de soutien"}]},{"@type":"WebSite","@id":"https:\/\/carleton.ca\/esim22\/#website","url":"https:\/\/carleton.ca\/esim22\/","name":"eSim 2022","description":"Carleton University","potentialAction":[{"@type":"SearchAction","target":{"@type":"EntryPoint","urlTemplate":"https:\/\/carleton.ca\/esim22\/?s={search_term_string}"},"query-input":"required name=search_term_string"}],"inLanguage":"en-US"}]}},"acf":{"banner_image_type":"none","banner_button":"no"},"_links":{"self":[{"href":"https:\/\/carleton.ca\/esim22\/wp-json\/wp\/v2\/pages\/214"}],"collection":[{"href":"https:\/\/carleton.ca\/esim22\/wp-json\/wp\/v2\/pages"}],"about":[{"href":"https:\/\/carleton.ca\/esim22\/wp-json\/wp\/v2\/types\/page"}],"author":[{"embeddable":true,"href":"https:\/\/carleton.ca\/esim22\/wp-json\/wp\/v2\/users\/6"}],"replies":[{"embeddable":true,"href":"https:\/\/carleton.ca\/esim22\/wp-json\/wp\/v2\/comments?post=214"}],"version-history":[{"count":3,"href":"https:\/\/carleton.ca\/esim22\/wp-json\/wp\/v2\/pages\/214\/revisions"}],"predecessor-version":[{"id":261,"href":"https:\/\/carleton.ca\/esim22\/wp-json\/wp\/v2\/pages\/214\/revisions\/261"}],"up":[{"embeddable":true,"href":"https:\/\/carleton.ca\/esim22\/wp-json\/wp\/v2\/pages\/61"}],"wp:attachment":[{"href":"https:\/\/carleton.ca\/esim22\/wp-json\/wp\/v2\/media?parent=214"}],"curies":[{"name":"wp","href":"https:\/\/api.w.org\/{rel}","templated":true}]}}